{"id":213347,"date":"2026-04-10T23:36:56","date_gmt":"2026-04-11T05:36:56","guid":{"rendered":"https:\/\/compuviper.mx\/tienda\/producto\/manhattan-353274-cable-hdmi-1-4-m-m-7-5methernet\/"},"modified":"2026-04-10T23:36:56","modified_gmt":"2026-04-11T05:36:56","slug":"manhattan-353274-cable-hdmi-1-4-m-m-7-5methernet","status":"publish","type":"product","link":"https:\/\/compuviper.mx\/tienda\/producto\/manhattan-353274-cable-hdmi-1-4-m-m-7-5methernet\/","title":{"rendered":"Manhattan 353274 Cable Hdmi,,, 1.4 M-m  7.5m+ethernet"},"content":{"rendered":"<table class=\"descripcion\">\n<tr>\n<td>Ul 20276<\/td>\n<\/tr>\n<tr>\n<td>Iso 9002<\/td>\n<\/tr>\n<tr>\n<td>General<\/td>\n<\/tr>\n<tr>\n<td>Ancho de banda: 10,2 gbps<\/td>\n<\/tr>\n<tr>\n<td>340 mhz<\/td>\n<\/tr>\n<tr>\n<td>Apoyo hec<\/td>\n<\/tr>\n<tr>\n<td>Cumple o excede los est\u00e1ndares hdmi existentes<\/td>\n<\/tr>\n<tr>\n<td>Longitud: 7.5 m (25 pies)<\/td>\n<\/tr>\n<tr>\n<td>Contactos<\/td>\n<\/tr>\n<tr>\n<td>2 hdmi 19 pines macho<\/td>\n<\/tr>\n<tr>\n<td>Contactos niquelados<\/td>\n<\/tr>\n<tr>\n<td>Bota de pvc moldeado<\/td>\n<\/tr>\n<tr>\n<td>Doble blindado<\/td>\n<\/tr>\n<tr>\n<td>Cable 30-awg<\/td>\n<\/tr>\n<tr>\n<td>El\u00e9ctrico<\/td>\n<\/tr>\n<tr>\n<td>Grado actual: 0.5 a dc<\/td>\n<\/tr>\n<tr>\n<td>Tensi\u00f3n de soporte: 300 vdc<\/td>\n<\/tr>\n<tr>\n<td>Resistencia de aislamiento: 50 m and #937;<\/td>\n<\/tr>\n<tr>\n<td>Resistencia conductora: 2  and #937;<\/td>\n<\/tr>\n<tr>\n<td>Carcasa termica de plastico<\/td>\n<\/tr>\n<tr>\n<td>Contenidos del paquete<\/td>\n<\/tr>\n<tr>\n<td>Cable hdmi de alta velocidad con canal ethernet<\/td>\n<\/tr>\n<\/table>\n","protected":false},"excerpt":{"rendered":"<p>Los cables de alta velocidad ofrecen un rendimiento de alta definici\u00f3n. Hdmi se ha convertido en la conexi\u00f3n digital est\u00e1ndar, entregando la se\u00f1al de audio y video de la m\u00e1s alta calidad a trav\u00e9s de un solo cable. Los cables hdmi de alta velocidad de manhattan est\u00e1n dise\u00f1ados y construidos cuidadosamente para satisfacer las necesidades cambiantes del mercado de alta definici\u00f3n. Los cables hdmi de alta velocidad de manhattan ofrecen una resoluci\u00f3n de 1080p, un canal de retorno de audio y un ancho de banda de 10.2 gbps a 340 mhz. Estos cables de alta calidad proporcionan video de alta definici\u00f3n y audio multicanal, digital con caracter\u00edsticas de rendimiento mejoradas, mayor precisi\u00f3n y funciones ampliadas, incluida la conectividad a internet para dispositivos de entretenimiento en el hogar mediante una \u00fanica conexi\u00f3n hdmi.<\/p>\n","protected":false},"featured_media":213348,"comment_status":"open","ping_status":"open","template":"","meta":[],"product_cat":[1550,1549],"product_tag":[1487],"acf":[],"yoast_head":"<!-- This site is optimized with the Yoast SEO plugin v21.7 - https:\/\/yoast.com\/wordpress\/plugins\/seo\/ -->\n<title>[ Manhattan ] &#129351; 353274 Cable Hdmi,,, 1.4 M-m 7.5m+ethernet<\/title>\n<meta name=\"description\" content=\"Compra 353274 Cable Hdmi,,, 1.4 M-m 7.5m+ethernet + Env\u00edo a domicilio + Pago seguro + Garant\u00eda\" \/>\n<meta name=\"robots\" content=\"index, follow, max-snippet:-1, max-image-preview:large, max-video-preview:-1\" \/>\n<link rel=\"canonical\" href=\"https:\/\/compuviper.mx\/tienda\/producto\/manhattan-353274-cable-hdmi-1-4-m-m-7-5methernet\/\" \/>\n<meta property=\"og:locale\" content=\"es_MX\" \/>\n<meta property=\"og:type\" content=\"article\" \/>\n<meta property=\"og:title\" content=\"[ Manhattan ] &#129351; 353274 Cable Hdmi,,, 1.4 M-m 7.5m+ethernet\" \/>\n<meta property=\"og:description\" content=\"Compra 353274 Cable Hdmi,,, 1.4 M-m 7.5m+ethernet + Env\u00edo a domicilio + Pago seguro + Garant\u00eda\" \/>\n<meta property=\"og:url\" content=\"https:\/\/compuviper.mx\/tienda\/producto\/manhattan-353274-cable-hdmi-1-4-m-m-7-5methernet\/\" \/>\n<meta property=\"og:site_name\" content=\"Compuviper\" \/>\n<meta property=\"article:publisher\" content=\"https:\/\/www.facebook.com\/compuviper\" \/>\n<meta property=\"og:image\" content=\"https:\/\/compuviper.mx\/tienda\/wp-content\/uploads\/2023\/12\/Cable-hdmimanhattan353274-1.4-m-m-7.5methernet.jpg\" \/>\n\t<meta property=\"og:image:width\" content=\"200\" \/>\n\t<meta property=\"og:image:height\" content=\"200\" \/>\n\t<meta property=\"og:image:type\" content=\"image\/jpeg\" \/>\n<meta name=\"twitter:card\" content=\"summary_large_image\" \/>\n<meta name=\"twitter:label1\" content=\"Precio\" \/>\n\t<meta name=\"twitter:data1\" content=\"&#36;146 con IVA\" \/>\n\t<meta name=\"twitter:label2\" content=\"Availability\" \/>\n\t<meta name=\"twitter:data2\" content=\"In stock\" \/>\n<script type=\"application\/ld+json\" class=\"yoast-schema-graph\">{\"@context\":\"https:\/\/schema.org\",\"@graph\":[{\"@type\":\"WebPage\",\"@id\":\"https:\/\/compuviper.mx\/tienda\/producto\/manhattan-353274-cable-hdmi-1-4-m-m-7-5methernet\/\",\"url\":\"https:\/\/compuviper.mx\/tienda\/producto\/manhattan-353274-cable-hdmi-1-4-m-m-7-5methernet\/\",\"name\":\"[ Manhattan ] &#129351; 353274 Cable Hdmi,,, 1.4 M-m 7.5m+ethernet\",\"isPartOf\":{\"@id\":\"https:\/\/compuviper.mx\/tienda\/#website\"},\"datePublished\":\"2026-04-11T05:36:56+00:00\",\"dateModified\":\"2026-04-11T05:36:56+00:00\",\"description\":\"Compra 353274 Cable Hdmi,,, 1.4 M-m 7.5m+ethernet + Env\u00edo a domicilio + Pago seguro + Garant\u00eda\",\"breadcrumb\":{\"@id\":\"https:\/\/compuviper.mx\/tienda\/producto\/manhattan-353274-cable-hdmi-1-4-m-m-7-5methernet\/#breadcrumb\"},\"inLanguage\":\"es-MX\",\"potentialAction\":[{\"@type\":\"ReadAction\",\"target\":[\"https:\/\/compuviper.mx\/tienda\/producto\/manhattan-353274-cable-hdmi-1-4-m-m-7-5methernet\/\"]}]},{\"@type\":\"BreadcrumbList\",\"@id\":\"https:\/\/compuviper.mx\/tienda\/producto\/manhattan-353274-cable-hdmi-1-4-m-m-7-5methernet\/#breadcrumb\",\"itemListElement\":[{\"@type\":\"ListItem\",\"position\":1,\"name\":\"Inicio\",\"item\":\"https:\/\/compuviper.mx\/tienda\/\"},{\"@type\":\"ListItem\",\"position\":2,\"name\":\"Productos\",\"item\":\"https:\/\/compuviper.mx\/tienda\/productos\/\"},{\"@type\":\"ListItem\",\"position\":3,\"name\":\"Cables\",\"item\":\"https:\/\/compuviper.mx\/tienda\/categoria-producto\/cables\/\"},{\"@type\":\"ListItem\",\"position\":4,\"name\":\"Cable De Video\",\"item\":\"https:\/\/compuviper.mx\/tienda\/categoria-producto\/cables\/cable-de-video\/\"},{\"@type\":\"ListItem\",\"position\":5,\"name\":\"Manhattan 353274 Cable Hdmi,,, 1.4 M-m 7.5m+ethernet\"}]},{\"@type\":\"WebSite\",\"@id\":\"https:\/\/compuviper.mx\/tienda\/#website\",\"url\":\"https:\/\/compuviper.mx\/tienda\/\",\"name\":\"Compuviper\",\"description\":\"Proveedor de Computadoras, Laptops, Servidores, Monitores, Puntos de Venta, Teclados,   Impresoras, T\u00f3ner, C\u00e1maras de Seguridad y m\u00e1s en tu tienda en l\u00ednea\",\"publisher\":{\"@id\":\"https:\/\/compuviper.mx\/tienda\/#organization\"},\"potentialAction\":[{\"@type\":\"SearchAction\",\"target\":{\"@type\":\"EntryPoint\",\"urlTemplate\":\"https:\/\/compuviper.mx\/tienda\/?s={search_term_string}\"},\"query-input\":\"required name=search_term_string\"}],\"inLanguage\":\"es-MX\"},{\"@type\":\"Organization\",\"@id\":\"https:\/\/compuviper.mx\/tienda\/#organization\",\"name\":\"Compuviper\",\"url\":\"https:\/\/compuviper.mx\/tienda\/\",\"logo\":{\"@type\":\"ImageObject\",\"inLanguage\":\"es-MX\",\"@id\":\"https:\/\/compuviper.mx\/tienda\/#\/schema\/logo\/image\/\",\"url\":\"https:\/\/compuviper.mx\/tienda\/wp-content\/uploads\/2021\/08\/Logo-Compuviper-10.png\",\"contentUrl\":\"https:\/\/compuviper.mx\/tienda\/wp-content\/uploads\/2021\/08\/Logo-Compuviper-10.png\",\"width\":1000,\"height\":500,\"caption\":\"Compuviper\"},\"image\":{\"@id\":\"https:\/\/compuviper.mx\/tienda\/#\/schema\/logo\/image\/\"},\"sameAs\":[\"https:\/\/www.facebook.com\/compuviper\",\"https:\/\/www.youtube.com\/channel\/UCf73dERp9Y3cfOq7q8BhLjA?view_as=subscriber\"]}]}<\/script>\n<meta property=\"product:brand\" content=\"MANHATTAN\" \/>\n<meta property=\"product:price:amount\" content=\"146\" \/>\n<meta property=\"product:price:currency\" content=\"MXN\" \/>\n<meta property=\"og:availability\" content=\"instock\" \/>\n<meta property=\"product:availability\" content=\"instock\" \/>\n<meta property=\"product:retailer_item_id\" content=\"353274\" \/>\n<meta property=\"product:condition\" content=\"new\" \/>\n<!-- \/ Yoast SEO plugin. -->","yoast_head_json":{"title":"[ Manhattan ] &#129351; 353274 Cable Hdmi,,, 1.4 M-m 7.5m+ethernet","description":"Compra 353274 Cable Hdmi,,, 1.4 M-m 7.5m+ethernet + Env\u00edo a domicilio + Pago seguro + Garant\u00eda","robots":{"index":"index","follow":"follow","max-snippet":"max-snippet:-1","max-image-preview":"max-image-preview:large","max-video-preview":"max-video-preview:-1"},"canonical":"https:\/\/compuviper.mx\/tienda\/producto\/manhattan-353274-cable-hdmi-1-4-m-m-7-5methernet\/","og_locale":"es_MX","og_type":"article","og_title":"[ Manhattan ] &#129351; 353274 Cable Hdmi,,, 1.4 M-m 7.5m+ethernet","og_description":"Compra 353274 Cable Hdmi,,, 1.4 M-m 7.5m+ethernet + Env\u00edo a domicilio + Pago seguro + Garant\u00eda","og_url":"https:\/\/compuviper.mx\/tienda\/producto\/manhattan-353274-cable-hdmi-1-4-m-m-7-5methernet\/","og_site_name":"Compuviper","article_publisher":"https:\/\/www.facebook.com\/compuviper","og_image":[{"width":200,"height":200,"url":"https:\/\/compuviper.mx\/tienda\/wp-content\/uploads\/2023\/12\/Cable-hdmimanhattan353274-1.4-m-m-7.5methernet.jpg","type":"image\/jpeg"}],"twitter_card":"summary_large_image","twitter_misc":{"Precio":"&#36;146 con IVA","Availability":"In stock"},"schema":{"@context":"https:\/\/schema.org","@graph":[{"@type":"WebPage","@id":"https:\/\/compuviper.mx\/tienda\/producto\/manhattan-353274-cable-hdmi-1-4-m-m-7-5methernet\/","url":"https:\/\/compuviper.mx\/tienda\/producto\/manhattan-353274-cable-hdmi-1-4-m-m-7-5methernet\/","name":"[ Manhattan ] &#129351; 353274 Cable Hdmi,,, 1.4 M-m 7.5m+ethernet","isPartOf":{"@id":"https:\/\/compuviper.mx\/tienda\/#website"},"datePublished":"2026-04-11T05:36:56+00:00","dateModified":"2026-04-11T05:36:56+00:00","description":"Compra 353274 Cable Hdmi,,, 1.4 M-m 7.5m+ethernet + Env\u00edo a domicilio + Pago seguro + Garant\u00eda","breadcrumb":{"@id":"https:\/\/compuviper.mx\/tienda\/producto\/manhattan-353274-cable-hdmi-1-4-m-m-7-5methernet\/#breadcrumb"},"inLanguage":"es-MX","potentialAction":[{"@type":"ReadAction","target":["https:\/\/compuviper.mx\/tienda\/producto\/manhattan-353274-cable-hdmi-1-4-m-m-7-5methernet\/"]}]},{"@type":"BreadcrumbList","@id":"https:\/\/compuviper.mx\/tienda\/producto\/manhattan-353274-cable-hdmi-1-4-m-m-7-5methernet\/#breadcrumb","itemListElement":[{"@type":"ListItem","position":1,"name":"Inicio","item":"https:\/\/compuviper.mx\/tienda\/"},{"@type":"ListItem","position":2,"name":"Productos","item":"https:\/\/compuviper.mx\/tienda\/productos\/"},{"@type":"ListItem","position":3,"name":"Cables","item":"https:\/\/compuviper.mx\/tienda\/categoria-producto\/cables\/"},{"@type":"ListItem","position":4,"name":"Cable De Video","item":"https:\/\/compuviper.mx\/tienda\/categoria-producto\/cables\/cable-de-video\/"},{"@type":"ListItem","position":5,"name":"Manhattan 353274 Cable Hdmi,,, 1.4 M-m 7.5m+ethernet"}]},{"@type":"WebSite","@id":"https:\/\/compuviper.mx\/tienda\/#website","url":"https:\/\/compuviper.mx\/tienda\/","name":"Compuviper","description":"Proveedor de Computadoras, Laptops, Servidores, Monitores, Puntos de Venta, Teclados,   Impresoras, T\u00f3ner, C\u00e1maras de Seguridad y m\u00e1s en tu tienda en l\u00ednea","publisher":{"@id":"https:\/\/compuviper.mx\/tienda\/#organization"},"potentialAction":[{"@type":"SearchAction","target":{"@type":"EntryPoint","urlTemplate":"https:\/\/compuviper.mx\/tienda\/?s={search_term_string}"},"query-input":"required name=search_term_string"}],"inLanguage":"es-MX"},{"@type":"Organization","@id":"https:\/\/compuviper.mx\/tienda\/#organization","name":"Compuviper","url":"https:\/\/compuviper.mx\/tienda\/","logo":{"@type":"ImageObject","inLanguage":"es-MX","@id":"https:\/\/compuviper.mx\/tienda\/#\/schema\/logo\/image\/","url":"https:\/\/compuviper.mx\/tienda\/wp-content\/uploads\/2021\/08\/Logo-Compuviper-10.png","contentUrl":"https:\/\/compuviper.mx\/tienda\/wp-content\/uploads\/2021\/08\/Logo-Compuviper-10.png","width":1000,"height":500,"caption":"Compuviper"},"image":{"@id":"https:\/\/compuviper.mx\/tienda\/#\/schema\/logo\/image\/"},"sameAs":["https:\/\/www.facebook.com\/compuviper","https:\/\/www.youtube.com\/channel\/UCf73dERp9Y3cfOq7q8BhLjA?view_as=subscriber"]}]},"product_brand":"MANHATTAN","product_price_amount":"146","product_price_currency":"MXN","og_availability":"instock","product_availability":"instock","product_retailer_item_id":"353274","product_condition":"new"},"_links":{"self":[{"href":"https:\/\/compuviper.mx\/tienda\/wp-json\/wp\/v2\/product\/213347"}],"collection":[{"href":"https:\/\/compuviper.mx\/tienda\/wp-json\/wp\/v2\/product"}],"about":[{"href":"https:\/\/compuviper.mx\/tienda\/wp-json\/wp\/v2\/types\/product"}],"replies":[{"embeddable":true,"href":"https:\/\/compuviper.mx\/tienda\/wp-json\/wp\/v2\/comments?post=213347"}],"wp:featuredmedia":[{"embeddable":true,"href":"https:\/\/compuviper.mx\/tienda\/wp-json\/wp\/v2\/media\/213348"}],"wp:attachment":[{"href":"https:\/\/compuviper.mx\/tienda\/wp-json\/wp\/v2\/media?parent=213347"}],"wp:term":[{"taxonomy":"product_cat","embeddable":true,"href":"https:\/\/compuviper.mx\/tienda\/wp-json\/wp\/v2\/product_cat?post=213347"},{"taxonomy":"product_tag","embeddable":true,"href":"https:\/\/compuviper.mx\/tienda\/wp-json\/wp\/v2\/product_tag?post=213347"}],"curies":[{"name":"wp","href":"https:\/\/api.w.org\/{rel}","templated":true}]}}