{"id":213305,"date":"2026-04-17T23:39:52","date_gmt":"2026-04-18T05:39:52","guid":{"rendered":"https:\/\/compuviper.mx\/tienda\/producto\/dahua-outp5ecca305g-cable-utp-saxxon-gris-categoria-5e-cca-bobina-305-mts-4-pares-cert-iso9001-ul-444-rohs-ansi-tia-eia-568b\/"},"modified":"2026-04-17T23:39:52","modified_gmt":"2026-04-18T05:39:52","slug":"dahua-outp5ecca305g-cable-utp-saxxon-gris-categoria-5e-cca-bobina-305-mts-4-pares-cert-iso9001-ul-444-rohs-ansi-tia-eia-568b","status":"publish","type":"product","link":"https:\/\/compuviper.mx\/tienda\/producto\/dahua-outp5ecca305g-cable-utp-saxxon-gris-categoria-5e-cca-bobina-305-mts-4-pares-cert-iso9001-ul-444-rohs-ansi-tia-eia-568b\/","title":{"rendered":"Dahua Outp5ecca305g Cable Utp Saxxon Gris Categoria 5e\/ Cca\/ Bobina 305 Mts\/ 4 Pares \/ Cert Iso9001\/ Ul 444 \/ Rohs \/ Ansi\/tia\/eia-568b"},"content":{"rendered":"<table class=\"descripcion\">\n<tr>\n<td>Cable para alta velocidad de datos.<\/td>\n<\/tr>\n<tr>\n<td>-calibres awg24.<\/td>\n<\/tr>\n<tr>\n<td>-4 pares.<\/td>\n<\/tr>\n<tr>\n<td>-categor\u00eda 5e.<\/td>\n<\/tr>\n<\/table>\n","protected":false},"excerpt":{"rendered":"<p>Le ofrecemos la mejor calidad en cable para sus proyectos de conectividad. \u00e9ste cable adem\u00e1s de ser \u00fatil para redes ethernet, tambi\u00e9n es ideal para la instalaci\u00f3n de c\u00e1maras de cctv pues permite la trasmisi\u00f3n de video de hasta cuatro c\u00e1maras cctv usando un par de hilos por cada una.<\/p>\n","protected":false},"featured_media":213306,"comment_status":"open","ping_status":"open","template":"","meta":[],"product_cat":[1550,1549],"product_tag":[1555],"acf":[],"yoast_head":"<!-- This site is optimized with the Yoast SEO plugin v21.7 - https:\/\/yoast.com\/wordpress\/plugins\/seo\/ -->\n<title>[ Dahua ] &#129351; Outp5ecca305g Cable Utp Saxxon Gris Categoria 5e\/ Cca\/ Bobina 305 Mts\/ 4 Pares \/ Cert Iso9001\/ Ul 444 \/ Rohs \/ Ansi\/tia\/eia-568b<\/title>\n<meta name=\"description\" content=\"Compra Outp5ecca305g Cable Utp Saxxon Gris Categoria 5e\/ Cca\/ Bobina 305 Mts\/ 4 Pares \/ Cert Iso9001\/ Ul 444 \/ Rohs \/ Ansi\/tia\/eia-568b + Env\u00edo a domicilio + Pago seguro + Garant\u00eda\" \/>\n<meta name=\"robots\" content=\"index, follow, max-snippet:-1, max-image-preview:large, max-video-preview:-1\" \/>\n<link rel=\"canonical\" href=\"https:\/\/compuviper.mx\/tienda\/producto\/dahua-outp5ecca305g-cable-utp-saxxon-gris-categoria-5e-cca-bobina-305-mts-4-pares-cert-iso9001-ul-444-rohs-ansi-tia-eia-568b\/\" \/>\n<meta property=\"og:locale\" content=\"es_MX\" \/>\n<meta property=\"og:type\" content=\"article\" \/>\n<meta property=\"og:title\" content=\"[ Dahua ] &#129351; Outp5ecca305g Cable Utp Saxxon Gris Categoria 5e\/ Cca\/ Bobina 305 Mts\/ 4 Pares \/ Cert Iso9001\/ Ul 444 \/ Rohs \/ Ansi\/tia\/eia-568b\" \/>\n<meta property=\"og:description\" content=\"Compra Outp5ecca305g Cable Utp Saxxon Gris Categoria 5e\/ Cca\/ Bobina 305 Mts\/ 4 Pares \/ Cert Iso9001\/ Ul 444 \/ Rohs \/ Ansi\/tia\/eia-568b + Env\u00edo a domicilio + Pago seguro + Garant\u00eda\" \/>\n<meta property=\"og:url\" content=\"https:\/\/compuviper.mx\/tienda\/producto\/dahua-outp5ecca305g-cable-utp-saxxon-gris-categoria-5e-cca-bobina-305-mts-4-pares-cert-iso9001-ul-444-rohs-ansi-tia-eia-568b\/\" \/>\n<meta property=\"og:site_name\" content=\"Compuviper\" \/>\n<meta property=\"article:publisher\" content=\"https:\/\/www.facebook.com\/compuviper\" \/>\n<meta property=\"og:image\" content=\"https:\/\/compuviper.mx\/tienda\/wp-content\/uploads\/2023\/12\/Cable-utp-saxxon-gris-categoria-5e-cca-bobina-305-mts-4-pares-cert-iso9001-ul-444-rohs-ansitiaeia-568b.jpg\" \/>\n\t<meta property=\"og:image:width\" content=\"200\" \/>\n\t<meta property=\"og:image:height\" content=\"200\" \/>\n\t<meta property=\"og:image:type\" content=\"image\/jpeg\" \/>\n<meta name=\"twitter:card\" content=\"summary_large_image\" \/>\n<meta name=\"twitter:label1\" content=\"Precio\" \/>\n\t<meta name=\"twitter:data1\" content=\"&#36;626 con IVA\" \/>\n\t<meta name=\"twitter:label2\" content=\"Availability\" \/>\n\t<meta name=\"twitter:data2\" content=\"Out of stock\" \/>\n<script type=\"application\/ld+json\" class=\"yoast-schema-graph\">{\"@context\":\"https:\/\/schema.org\",\"@graph\":[{\"@type\":\"WebPage\",\"@id\":\"https:\/\/compuviper.mx\/tienda\/producto\/dahua-outp5ecca305g-cable-utp-saxxon-gris-categoria-5e-cca-bobina-305-mts-4-pares-cert-iso9001-ul-444-rohs-ansi-tia-eia-568b\/\",\"url\":\"https:\/\/compuviper.mx\/tienda\/producto\/dahua-outp5ecca305g-cable-utp-saxxon-gris-categoria-5e-cca-bobina-305-mts-4-pares-cert-iso9001-ul-444-rohs-ansi-tia-eia-568b\/\",\"name\":\"[ Dahua ] &#129351; Outp5ecca305g Cable Utp Saxxon Gris Categoria 5e\/ Cca\/ Bobina 305 Mts\/ 4 Pares \/ Cert Iso9001\/ Ul 444 \/ Rohs \/ Ansi\/tia\/eia-568b\",\"isPartOf\":{\"@id\":\"https:\/\/compuviper.mx\/tienda\/#website\"},\"datePublished\":\"2026-04-18T05:39:52+00:00\",\"dateModified\":\"2026-04-18T05:39:52+00:00\",\"description\":\"Compra Outp5ecca305g Cable Utp Saxxon Gris Categoria 5e\/ Cca\/ Bobina 305 Mts\/ 4 Pares \/ Cert Iso9001\/ Ul 444 \/ Rohs \/ Ansi\/tia\/eia-568b + Env\u00edo a domicilio + Pago seguro + Garant\u00eda\",\"breadcrumb\":{\"@id\":\"https:\/\/compuviper.mx\/tienda\/producto\/dahua-outp5ecca305g-cable-utp-saxxon-gris-categoria-5e-cca-bobina-305-mts-4-pares-cert-iso9001-ul-444-rohs-ansi-tia-eia-568b\/#breadcrumb\"},\"inLanguage\":\"es-MX\",\"potentialAction\":[{\"@type\":\"ReadAction\",\"target\":[\"https:\/\/compuviper.mx\/tienda\/producto\/dahua-outp5ecca305g-cable-utp-saxxon-gris-categoria-5e-cca-bobina-305-mts-4-pares-cert-iso9001-ul-444-rohs-ansi-tia-eia-568b\/\"]}]},{\"@type\":\"BreadcrumbList\",\"@id\":\"https:\/\/compuviper.mx\/tienda\/producto\/dahua-outp5ecca305g-cable-utp-saxxon-gris-categoria-5e-cca-bobina-305-mts-4-pares-cert-iso9001-ul-444-rohs-ansi-tia-eia-568b\/#breadcrumb\",\"itemListElement\":[{\"@type\":\"ListItem\",\"position\":1,\"name\":\"Inicio\",\"item\":\"https:\/\/compuviper.mx\/tienda\/\"},{\"@type\":\"ListItem\",\"position\":2,\"name\":\"Productos\",\"item\":\"https:\/\/compuviper.mx\/tienda\/productos\/\"},{\"@type\":\"ListItem\",\"position\":3,\"name\":\"Cables\",\"item\":\"https:\/\/compuviper.mx\/tienda\/categoria-producto\/cables\/\"},{\"@type\":\"ListItem\",\"position\":4,\"name\":\"Cable De Video\",\"item\":\"https:\/\/compuviper.mx\/tienda\/categoria-producto\/cables\/cable-de-video\/\"},{\"@type\":\"ListItem\",\"position\":5,\"name\":\"Dahua Outp5ecca305g Cable Utp Saxxon Gris Categoria 5e\/ Cca\/ Bobina 305 Mts\/ 4 Pares \/ Cert Iso9001\/ Ul 444 \/ Rohs \/ Ansi\/tia\/eia-568b\"}]},{\"@type\":\"WebSite\",\"@id\":\"https:\/\/compuviper.mx\/tienda\/#website\",\"url\":\"https:\/\/compuviper.mx\/tienda\/\",\"name\":\"Compuviper\",\"description\":\"Proveedor de Computadoras, Laptops, Servidores, Monitores, Puntos de Venta, Teclados,   Impresoras, T\u00f3ner, C\u00e1maras de Seguridad y m\u00e1s en tu tienda en l\u00ednea\",\"publisher\":{\"@id\":\"https:\/\/compuviper.mx\/tienda\/#organization\"},\"potentialAction\":[{\"@type\":\"SearchAction\",\"target\":{\"@type\":\"EntryPoint\",\"urlTemplate\":\"https:\/\/compuviper.mx\/tienda\/?s={search_term_string}\"},\"query-input\":\"required name=search_term_string\"}],\"inLanguage\":\"es-MX\"},{\"@type\":\"Organization\",\"@id\":\"https:\/\/compuviper.mx\/tienda\/#organization\",\"name\":\"Compuviper\",\"url\":\"https:\/\/compuviper.mx\/tienda\/\",\"logo\":{\"@type\":\"ImageObject\",\"inLanguage\":\"es-MX\",\"@id\":\"https:\/\/compuviper.mx\/tienda\/#\/schema\/logo\/image\/\",\"url\":\"https:\/\/compuviper.mx\/tienda\/wp-content\/uploads\/2021\/08\/Logo-Compuviper-10.png\",\"contentUrl\":\"https:\/\/compuviper.mx\/tienda\/wp-content\/uploads\/2021\/08\/Logo-Compuviper-10.png\",\"width\":1000,\"height\":500,\"caption\":\"Compuviper\"},\"image\":{\"@id\":\"https:\/\/compuviper.mx\/tienda\/#\/schema\/logo\/image\/\"},\"sameAs\":[\"https:\/\/www.facebook.com\/compuviper\",\"https:\/\/www.youtube.com\/channel\/UCf73dERp9Y3cfOq7q8BhLjA?view_as=subscriber\"]}]}<\/script>\n<meta property=\"product:brand\" content=\"DAHUA\" \/>\n<meta property=\"product:price:amount\" content=\"626\" \/>\n<meta property=\"product:price:currency\" content=\"MXN\" \/>\n<meta property=\"og:availability\" content=\"out of stock\" \/>\n<meta property=\"product:availability\" content=\"out of stock\" \/>\n<meta property=\"product:retailer_item_id\" content=\"OUTP5ECCA305G\" \/>\n<meta property=\"product:condition\" content=\"new\" \/>\n<!-- \/ Yoast SEO plugin. -->","yoast_head_json":{"title":"[ Dahua ] &#129351; Outp5ecca305g Cable Utp Saxxon Gris Categoria 5e\/ Cca\/ Bobina 305 Mts\/ 4 Pares \/ Cert Iso9001\/ Ul 444 \/ Rohs \/ Ansi\/tia\/eia-568b","description":"Compra Outp5ecca305g Cable Utp Saxxon Gris Categoria 5e\/ Cca\/ Bobina 305 Mts\/ 4 Pares \/ Cert Iso9001\/ Ul 444 \/ Rohs \/ Ansi\/tia\/eia-568b + Env\u00edo a domicilio + Pago seguro + Garant\u00eda","robots":{"index":"index","follow":"follow","max-snippet":"max-snippet:-1","max-image-preview":"max-image-preview:large","max-video-preview":"max-video-preview:-1"},"canonical":"https:\/\/compuviper.mx\/tienda\/producto\/dahua-outp5ecca305g-cable-utp-saxxon-gris-categoria-5e-cca-bobina-305-mts-4-pares-cert-iso9001-ul-444-rohs-ansi-tia-eia-568b\/","og_locale":"es_MX","og_type":"article","og_title":"[ Dahua ] &#129351; Outp5ecca305g Cable Utp Saxxon Gris Categoria 5e\/ Cca\/ Bobina 305 Mts\/ 4 Pares \/ Cert Iso9001\/ Ul 444 \/ Rohs \/ Ansi\/tia\/eia-568b","og_description":"Compra Outp5ecca305g Cable Utp Saxxon Gris Categoria 5e\/ Cca\/ Bobina 305 Mts\/ 4 Pares \/ Cert Iso9001\/ Ul 444 \/ Rohs \/ Ansi\/tia\/eia-568b + Env\u00edo a domicilio + Pago seguro + Garant\u00eda","og_url":"https:\/\/compuviper.mx\/tienda\/producto\/dahua-outp5ecca305g-cable-utp-saxxon-gris-categoria-5e-cca-bobina-305-mts-4-pares-cert-iso9001-ul-444-rohs-ansi-tia-eia-568b\/","og_site_name":"Compuviper","article_publisher":"https:\/\/www.facebook.com\/compuviper","og_image":[{"width":200,"height":200,"url":"https:\/\/compuviper.mx\/tienda\/wp-content\/uploads\/2023\/12\/Cable-utp-saxxon-gris-categoria-5e-cca-bobina-305-mts-4-pares-cert-iso9001-ul-444-rohs-ansitiaeia-568b.jpg","type":"image\/jpeg"}],"twitter_card":"summary_large_image","twitter_misc":{"Precio":"&#36;626 con IVA","Availability":"Out of stock"},"schema":{"@context":"https:\/\/schema.org","@graph":[{"@type":"WebPage","@id":"https:\/\/compuviper.mx\/tienda\/producto\/dahua-outp5ecca305g-cable-utp-saxxon-gris-categoria-5e-cca-bobina-305-mts-4-pares-cert-iso9001-ul-444-rohs-ansi-tia-eia-568b\/","url":"https:\/\/compuviper.mx\/tienda\/producto\/dahua-outp5ecca305g-cable-utp-saxxon-gris-categoria-5e-cca-bobina-305-mts-4-pares-cert-iso9001-ul-444-rohs-ansi-tia-eia-568b\/","name":"[ Dahua ] &#129351; Outp5ecca305g Cable Utp Saxxon Gris Categoria 5e\/ Cca\/ Bobina 305 Mts\/ 4 Pares \/ Cert Iso9001\/ Ul 444 \/ Rohs \/ Ansi\/tia\/eia-568b","isPartOf":{"@id":"https:\/\/compuviper.mx\/tienda\/#website"},"datePublished":"2026-04-18T05:39:52+00:00","dateModified":"2026-04-18T05:39:52+00:00","description":"Compra Outp5ecca305g Cable Utp Saxxon Gris Categoria 5e\/ Cca\/ Bobina 305 Mts\/ 4 Pares \/ Cert Iso9001\/ Ul 444 \/ Rohs \/ Ansi\/tia\/eia-568b + Env\u00edo a domicilio + Pago seguro + Garant\u00eda","breadcrumb":{"@id":"https:\/\/compuviper.mx\/tienda\/producto\/dahua-outp5ecca305g-cable-utp-saxxon-gris-categoria-5e-cca-bobina-305-mts-4-pares-cert-iso9001-ul-444-rohs-ansi-tia-eia-568b\/#breadcrumb"},"inLanguage":"es-MX","potentialAction":[{"@type":"ReadAction","target":["https:\/\/compuviper.mx\/tienda\/producto\/dahua-outp5ecca305g-cable-utp-saxxon-gris-categoria-5e-cca-bobina-305-mts-4-pares-cert-iso9001-ul-444-rohs-ansi-tia-eia-568b\/"]}]},{"@type":"BreadcrumbList","@id":"https:\/\/compuviper.mx\/tienda\/producto\/dahua-outp5ecca305g-cable-utp-saxxon-gris-categoria-5e-cca-bobina-305-mts-4-pares-cert-iso9001-ul-444-rohs-ansi-tia-eia-568b\/#breadcrumb","itemListElement":[{"@type":"ListItem","position":1,"name":"Inicio","item":"https:\/\/compuviper.mx\/tienda\/"},{"@type":"ListItem","position":2,"name":"Productos","item":"https:\/\/compuviper.mx\/tienda\/productos\/"},{"@type":"ListItem","position":3,"name":"Cables","item":"https:\/\/compuviper.mx\/tienda\/categoria-producto\/cables\/"},{"@type":"ListItem","position":4,"name":"Cable De Video","item":"https:\/\/compuviper.mx\/tienda\/categoria-producto\/cables\/cable-de-video\/"},{"@type":"ListItem","position":5,"name":"Dahua Outp5ecca305g Cable Utp Saxxon Gris Categoria 5e\/ Cca\/ Bobina 305 Mts\/ 4 Pares \/ Cert Iso9001\/ Ul 444 \/ Rohs \/ Ansi\/tia\/eia-568b"}]},{"@type":"WebSite","@id":"https:\/\/compuviper.mx\/tienda\/#website","url":"https:\/\/compuviper.mx\/tienda\/","name":"Compuviper","description":"Proveedor de Computadoras, Laptops, Servidores, Monitores, Puntos de Venta, Teclados,   Impresoras, T\u00f3ner, C\u00e1maras de Seguridad y m\u00e1s en tu tienda en l\u00ednea","publisher":{"@id":"https:\/\/compuviper.mx\/tienda\/#organization"},"potentialAction":[{"@type":"SearchAction","target":{"@type":"EntryPoint","urlTemplate":"https:\/\/compuviper.mx\/tienda\/?s={search_term_string}"},"query-input":"required name=search_term_string"}],"inLanguage":"es-MX"},{"@type":"Organization","@id":"https:\/\/compuviper.mx\/tienda\/#organization","name":"Compuviper","url":"https:\/\/compuviper.mx\/tienda\/","logo":{"@type":"ImageObject","inLanguage":"es-MX","@id":"https:\/\/compuviper.mx\/tienda\/#\/schema\/logo\/image\/","url":"https:\/\/compuviper.mx\/tienda\/wp-content\/uploads\/2021\/08\/Logo-Compuviper-10.png","contentUrl":"https:\/\/compuviper.mx\/tienda\/wp-content\/uploads\/2021\/08\/Logo-Compuviper-10.png","width":1000,"height":500,"caption":"Compuviper"},"image":{"@id":"https:\/\/compuviper.mx\/tienda\/#\/schema\/logo\/image\/"},"sameAs":["https:\/\/www.facebook.com\/compuviper","https:\/\/www.youtube.com\/channel\/UCf73dERp9Y3cfOq7q8BhLjA?view_as=subscriber"]}]},"product_brand":"DAHUA","product_price_amount":"626","product_price_currency":"MXN","og_availability":"out of stock","product_availability":"out of stock","product_retailer_item_id":"OUTP5ECCA305G","product_condition":"new"},"_links":{"self":[{"href":"https:\/\/compuviper.mx\/tienda\/wp-json\/wp\/v2\/product\/213305"}],"collection":[{"href":"https:\/\/compuviper.mx\/tienda\/wp-json\/wp\/v2\/product"}],"about":[{"href":"https:\/\/compuviper.mx\/tienda\/wp-json\/wp\/v2\/types\/product"}],"replies":[{"embeddable":true,"href":"https:\/\/compuviper.mx\/tienda\/wp-json\/wp\/v2\/comments?post=213305"}],"wp:featuredmedia":[{"embeddable":true,"href":"https:\/\/compuviper.mx\/tienda\/wp-json\/wp\/v2\/media\/213306"}],"wp:attachment":[{"href":"https:\/\/compuviper.mx\/tienda\/wp-json\/wp\/v2\/media?parent=213305"}],"wp:term":[{"taxonomy":"product_cat","embeddable":true,"href":"https:\/\/compuviper.mx\/tienda\/wp-json\/wp\/v2\/product_cat?post=213305"},{"taxonomy":"product_tag","embeddable":true,"href":"https:\/\/compuviper.mx\/tienda\/wp-json\/wp\/v2\/product_tag?post=213305"}],"curies":[{"name":"wp","href":"https:\/\/api.w.org\/{rel}","templated":true}]}}