{"id":213273,"date":"2026-04-07T23:39:17","date_gmt":"2026-04-08T05:39:17","guid":{"rendered":"https:\/\/compuviper.mx\/tienda\/producto\/ghia-gcb-016-cable-de-red-rj45-5-mts-15-pies-patch-cord-cat-5e-utp-gris-100cobre\/"},"modified":"2026-04-07T23:39:17","modified_gmt":"2026-04-08T05:39:17","slug":"ghia-gcb-016-cable-de-red-utp-cat5e-100cobre-gris-rj45-5m-15-pies-patch-cord","status":"publish","type":"product","link":"https:\/\/compuviper.mx\/tienda\/producto\/ghia-gcb-016-cable-de-red-utp-cat5e-100cobre-gris-rj45-5m-15-pies-patch-cord\/","title":{"rendered":"Ghia Gcb-016 Cable De Red Utp Cat5e  100cobre Gris Rj45 5m 15 Pies Patch Cord"},"content":{"rendered":"<table class=\"descripcion\">\n<tr>\n<td>5m\u0095 utp  \/\/<\/td>\n<\/tr>\n<tr>\n<td>\u0095listado ul   \/\/<\/td>\n<\/tr>\n<tr>\n<td>\u0095certificado a 350 mhz   \/\/<\/td>\n<\/tr>\n<tr>\n<td>\u00954 pares 0.5mm 100 cobre  \/\/<\/td>\n<\/tr>\n<tr>\n<td>\u0095conectores rj-45  \/\/<\/td>\n<\/tr>\n<\/table>\n","protected":false},"excerpt":{"rendered":"<p>Cable de red marca ghia 5 mts 15 pies cat 5e utp gris<\/p>\n","protected":false},"featured_media":213274,"comment_status":"open","ping_status":"open","template":"","meta":[],"product_cat":[1602,1549],"product_tag":[1548],"acf":[],"yoast_head":"<!-- This site is optimized with the Yoast SEO plugin v21.7 - https:\/\/yoast.com\/wordpress\/plugins\/seo\/ -->\n<title>[ Ghia ] &#129351; Gcb-016 Cable De Red Utp Cat5e 100cobre Gris Rj45 5m 15 Pies Patch Cord<\/title>\n<meta name=\"description\" content=\"Compra Gcb-016 Cable De Red Utp Cat5e 100cobre Gris Rj45 5m 15 Pies Patch Cord + Env\u00edo a domicilio + Pago seguro + Garant\u00eda\" \/>\n<meta name=\"robots\" content=\"index, follow, max-snippet:-1, max-image-preview:large, max-video-preview:-1\" \/>\n<link rel=\"canonical\" href=\"https:\/\/compuviper.mx\/tienda\/producto\/ghia-gcb-016-cable-de-red-utp-cat5e-100cobre-gris-rj45-5m-15-pies-patch-cord\/\" \/>\n<meta property=\"og:locale\" content=\"es_MX\" \/>\n<meta property=\"og:type\" content=\"article\" \/>\n<meta property=\"og:title\" content=\"[ Ghia ] &#129351; Gcb-016 Cable De Red Utp Cat5e 100cobre Gris Rj45 5m 15 Pies Patch Cord\" \/>\n<meta property=\"og:description\" content=\"Compra Gcb-016 Cable De Red Utp Cat5e 100cobre Gris Rj45 5m 15 Pies Patch Cord + Env\u00edo a domicilio + Pago seguro + Garant\u00eda\" \/>\n<meta property=\"og:url\" content=\"https:\/\/compuviper.mx\/tienda\/producto\/ghia-gcb-016-cable-de-red-utp-cat5e-100cobre-gris-rj45-5m-15-pies-patch-cord\/\" \/>\n<meta property=\"og:site_name\" content=\"Compuviper\" \/>\n<meta property=\"article:publisher\" content=\"https:\/\/www.facebook.com\/compuviper\" \/>\n<meta property=\"og:image\" content=\"https:\/\/compuviper.mx\/tienda\/wp-content\/uploads\/2023\/12\/Cable-de-red-rj45-ghia-5-mts-15-pies-patch-cord-cat-5e-utp-gris-100cobre.jpg\" \/>\n\t<meta property=\"og:image:width\" content=\"200\" \/>\n\t<meta property=\"og:image:height\" content=\"200\" \/>\n\t<meta property=\"og:image:type\" content=\"image\/jpeg\" \/>\n<meta name=\"twitter:card\" content=\"summary_large_image\" \/>\n<meta name=\"twitter:label1\" content=\"Precio\" \/>\n\t<meta name=\"twitter:data1\" content=\"&#36;39 con IVA\" \/>\n\t<meta name=\"twitter:label2\" content=\"Availability\" \/>\n\t<meta name=\"twitter:data2\" content=\"In stock\" \/>\n<script type=\"application\/ld+json\" class=\"yoast-schema-graph\">{\"@context\":\"https:\/\/schema.org\",\"@graph\":[{\"@type\":\"WebPage\",\"@id\":\"https:\/\/compuviper.mx\/tienda\/producto\/ghia-gcb-016-cable-de-red-utp-cat5e-100cobre-gris-rj45-5m-15-pies-patch-cord\/\",\"url\":\"https:\/\/compuviper.mx\/tienda\/producto\/ghia-gcb-016-cable-de-red-utp-cat5e-100cobre-gris-rj45-5m-15-pies-patch-cord\/\",\"name\":\"[ Ghia ] &#129351; Gcb-016 Cable De Red Utp Cat5e 100cobre Gris Rj45 5m 15 Pies Patch Cord\",\"isPartOf\":{\"@id\":\"https:\/\/compuviper.mx\/tienda\/#website\"},\"datePublished\":\"2026-04-08T05:39:17+00:00\",\"dateModified\":\"2026-04-08T05:39:17+00:00\",\"description\":\"Compra Gcb-016 Cable De Red Utp Cat5e 100cobre Gris Rj45 5m 15 Pies Patch Cord + Env\u00edo a domicilio + Pago seguro + Garant\u00eda\",\"breadcrumb\":{\"@id\":\"https:\/\/compuviper.mx\/tienda\/producto\/ghia-gcb-016-cable-de-red-utp-cat5e-100cobre-gris-rj45-5m-15-pies-patch-cord\/#breadcrumb\"},\"inLanguage\":\"es-MX\",\"potentialAction\":[{\"@type\":\"ReadAction\",\"target\":[\"https:\/\/compuviper.mx\/tienda\/producto\/ghia-gcb-016-cable-de-red-utp-cat5e-100cobre-gris-rj45-5m-15-pies-patch-cord\/\"]}]},{\"@type\":\"BreadcrumbList\",\"@id\":\"https:\/\/compuviper.mx\/tienda\/producto\/ghia-gcb-016-cable-de-red-utp-cat5e-100cobre-gris-rj45-5m-15-pies-patch-cord\/#breadcrumb\",\"itemListElement\":[{\"@type\":\"ListItem\",\"position\":1,\"name\":\"Inicio\",\"item\":\"https:\/\/compuviper.mx\/tienda\/\"},{\"@type\":\"ListItem\",\"position\":2,\"name\":\"Productos\",\"item\":\"https:\/\/compuviper.mx\/tienda\/productos\/\"},{\"@type\":\"ListItem\",\"position\":3,\"name\":\"Cables\",\"item\":\"https:\/\/compuviper.mx\/tienda\/categoria-producto\/cables\/\"},{\"@type\":\"ListItem\",\"position\":4,\"name\":\"Cable De Red\",\"item\":\"https:\/\/compuviper.mx\/tienda\/categoria-producto\/cables\/cable-de-red\/\"},{\"@type\":\"ListItem\",\"position\":5,\"name\":\"Ghia Gcb-016 Cable De Red Utp Cat5e 100cobre Gris Rj45 5m 15 Pies Patch Cord\"}]},{\"@type\":\"WebSite\",\"@id\":\"https:\/\/compuviper.mx\/tienda\/#website\",\"url\":\"https:\/\/compuviper.mx\/tienda\/\",\"name\":\"Compuviper\",\"description\":\"Proveedor de Computadoras, Laptops, Servidores, Monitores, Puntos de Venta, Teclados,   Impresoras, T\u00f3ner, C\u00e1maras de Seguridad y m\u00e1s en tu tienda en l\u00ednea\",\"publisher\":{\"@id\":\"https:\/\/compuviper.mx\/tienda\/#organization\"},\"potentialAction\":[{\"@type\":\"SearchAction\",\"target\":{\"@type\":\"EntryPoint\",\"urlTemplate\":\"https:\/\/compuviper.mx\/tienda\/?s={search_term_string}\"},\"query-input\":\"required name=search_term_string\"}],\"inLanguage\":\"es-MX\"},{\"@type\":\"Organization\",\"@id\":\"https:\/\/compuviper.mx\/tienda\/#organization\",\"name\":\"Compuviper\",\"url\":\"https:\/\/compuviper.mx\/tienda\/\",\"logo\":{\"@type\":\"ImageObject\",\"inLanguage\":\"es-MX\",\"@id\":\"https:\/\/compuviper.mx\/tienda\/#\/schema\/logo\/image\/\",\"url\":\"https:\/\/compuviper.mx\/tienda\/wp-content\/uploads\/2021\/08\/Logo-Compuviper-10.png\",\"contentUrl\":\"https:\/\/compuviper.mx\/tienda\/wp-content\/uploads\/2021\/08\/Logo-Compuviper-10.png\",\"width\":1000,\"height\":500,\"caption\":\"Compuviper\"},\"image\":{\"@id\":\"https:\/\/compuviper.mx\/tienda\/#\/schema\/logo\/image\/\"},\"sameAs\":[\"https:\/\/www.facebook.com\/compuviper\",\"https:\/\/www.youtube.com\/channel\/UCf73dERp9Y3cfOq7q8BhLjA?view_as=subscriber\"]}]}<\/script>\n<meta property=\"product:brand\" content=\"GHIA\" \/>\n<meta property=\"product:price:amount\" content=\"39\" \/>\n<meta property=\"product:price:currency\" content=\"MXN\" \/>\n<meta property=\"og:availability\" content=\"instock\" \/>\n<meta property=\"product:availability\" content=\"instock\" \/>\n<meta property=\"product:retailer_item_id\" content=\"GCB-016\" \/>\n<meta property=\"product:condition\" content=\"new\" \/>\n<!-- \/ Yoast SEO plugin. -->","yoast_head_json":{"title":"[ Ghia ] &#129351; Gcb-016 Cable De Red Utp Cat5e 100cobre Gris Rj45 5m 15 Pies Patch Cord","description":"Compra Gcb-016 Cable De Red Utp Cat5e 100cobre Gris Rj45 5m 15 Pies Patch Cord + Env\u00edo a domicilio + Pago seguro + Garant\u00eda","robots":{"index":"index","follow":"follow","max-snippet":"max-snippet:-1","max-image-preview":"max-image-preview:large","max-video-preview":"max-video-preview:-1"},"canonical":"https:\/\/compuviper.mx\/tienda\/producto\/ghia-gcb-016-cable-de-red-utp-cat5e-100cobre-gris-rj45-5m-15-pies-patch-cord\/","og_locale":"es_MX","og_type":"article","og_title":"[ Ghia ] &#129351; Gcb-016 Cable De Red Utp Cat5e 100cobre Gris Rj45 5m 15 Pies Patch Cord","og_description":"Compra Gcb-016 Cable De Red Utp Cat5e 100cobre Gris Rj45 5m 15 Pies Patch Cord + Env\u00edo a domicilio + Pago seguro + Garant\u00eda","og_url":"https:\/\/compuviper.mx\/tienda\/producto\/ghia-gcb-016-cable-de-red-utp-cat5e-100cobre-gris-rj45-5m-15-pies-patch-cord\/","og_site_name":"Compuviper","article_publisher":"https:\/\/www.facebook.com\/compuviper","og_image":[{"width":200,"height":200,"url":"https:\/\/compuviper.mx\/tienda\/wp-content\/uploads\/2023\/12\/Cable-de-red-rj45-ghia-5-mts-15-pies-patch-cord-cat-5e-utp-gris-100cobre.jpg","type":"image\/jpeg"}],"twitter_card":"summary_large_image","twitter_misc":{"Precio":"&#36;39 con IVA","Availability":"In stock"},"schema":{"@context":"https:\/\/schema.org","@graph":[{"@type":"WebPage","@id":"https:\/\/compuviper.mx\/tienda\/producto\/ghia-gcb-016-cable-de-red-utp-cat5e-100cobre-gris-rj45-5m-15-pies-patch-cord\/","url":"https:\/\/compuviper.mx\/tienda\/producto\/ghia-gcb-016-cable-de-red-utp-cat5e-100cobre-gris-rj45-5m-15-pies-patch-cord\/","name":"[ Ghia ] &#129351; Gcb-016 Cable De Red Utp Cat5e 100cobre Gris Rj45 5m 15 Pies Patch Cord","isPartOf":{"@id":"https:\/\/compuviper.mx\/tienda\/#website"},"datePublished":"2026-04-08T05:39:17+00:00","dateModified":"2026-04-08T05:39:17+00:00","description":"Compra Gcb-016 Cable De Red Utp Cat5e 100cobre Gris Rj45 5m 15 Pies Patch Cord + Env\u00edo a domicilio + Pago seguro + Garant\u00eda","breadcrumb":{"@id":"https:\/\/compuviper.mx\/tienda\/producto\/ghia-gcb-016-cable-de-red-utp-cat5e-100cobre-gris-rj45-5m-15-pies-patch-cord\/#breadcrumb"},"inLanguage":"es-MX","potentialAction":[{"@type":"ReadAction","target":["https:\/\/compuviper.mx\/tienda\/producto\/ghia-gcb-016-cable-de-red-utp-cat5e-100cobre-gris-rj45-5m-15-pies-patch-cord\/"]}]},{"@type":"BreadcrumbList","@id":"https:\/\/compuviper.mx\/tienda\/producto\/ghia-gcb-016-cable-de-red-utp-cat5e-100cobre-gris-rj45-5m-15-pies-patch-cord\/#breadcrumb","itemListElement":[{"@type":"ListItem","position":1,"name":"Inicio","item":"https:\/\/compuviper.mx\/tienda\/"},{"@type":"ListItem","position":2,"name":"Productos","item":"https:\/\/compuviper.mx\/tienda\/productos\/"},{"@type":"ListItem","position":3,"name":"Cables","item":"https:\/\/compuviper.mx\/tienda\/categoria-producto\/cables\/"},{"@type":"ListItem","position":4,"name":"Cable De Red","item":"https:\/\/compuviper.mx\/tienda\/categoria-producto\/cables\/cable-de-red\/"},{"@type":"ListItem","position":5,"name":"Ghia Gcb-016 Cable De Red Utp Cat5e 100cobre Gris Rj45 5m 15 Pies Patch Cord"}]},{"@type":"WebSite","@id":"https:\/\/compuviper.mx\/tienda\/#website","url":"https:\/\/compuviper.mx\/tienda\/","name":"Compuviper","description":"Proveedor de Computadoras, Laptops, Servidores, Monitores, Puntos de Venta, Teclados,   Impresoras, T\u00f3ner, C\u00e1maras de Seguridad y m\u00e1s en tu tienda en l\u00ednea","publisher":{"@id":"https:\/\/compuviper.mx\/tienda\/#organization"},"potentialAction":[{"@type":"SearchAction","target":{"@type":"EntryPoint","urlTemplate":"https:\/\/compuviper.mx\/tienda\/?s={search_term_string}"},"query-input":"required name=search_term_string"}],"inLanguage":"es-MX"},{"@type":"Organization","@id":"https:\/\/compuviper.mx\/tienda\/#organization","name":"Compuviper","url":"https:\/\/compuviper.mx\/tienda\/","logo":{"@type":"ImageObject","inLanguage":"es-MX","@id":"https:\/\/compuviper.mx\/tienda\/#\/schema\/logo\/image\/","url":"https:\/\/compuviper.mx\/tienda\/wp-content\/uploads\/2021\/08\/Logo-Compuviper-10.png","contentUrl":"https:\/\/compuviper.mx\/tienda\/wp-content\/uploads\/2021\/08\/Logo-Compuviper-10.png","width":1000,"height":500,"caption":"Compuviper"},"image":{"@id":"https:\/\/compuviper.mx\/tienda\/#\/schema\/logo\/image\/"},"sameAs":["https:\/\/www.facebook.com\/compuviper","https:\/\/www.youtube.com\/channel\/UCf73dERp9Y3cfOq7q8BhLjA?view_as=subscriber"]}]},"product_brand":"GHIA","product_price_amount":"39","product_price_currency":"MXN","og_availability":"instock","product_availability":"instock","product_retailer_item_id":"GCB-016","product_condition":"new"},"_links":{"self":[{"href":"https:\/\/compuviper.mx\/tienda\/wp-json\/wp\/v2\/product\/213273"}],"collection":[{"href":"https:\/\/compuviper.mx\/tienda\/wp-json\/wp\/v2\/product"}],"about":[{"href":"https:\/\/compuviper.mx\/tienda\/wp-json\/wp\/v2\/types\/product"}],"replies":[{"embeddable":true,"href":"https:\/\/compuviper.mx\/tienda\/wp-json\/wp\/v2\/comments?post=213273"}],"wp:featuredmedia":[{"embeddable":true,"href":"https:\/\/compuviper.mx\/tienda\/wp-json\/wp\/v2\/media\/213274"}],"wp:attachment":[{"href":"https:\/\/compuviper.mx\/tienda\/wp-json\/wp\/v2\/media?parent=213273"}],"wp:term":[{"taxonomy":"product_cat","embeddable":true,"href":"https:\/\/compuviper.mx\/tienda\/wp-json\/wp\/v2\/product_cat?post=213273"},{"taxonomy":"product_tag","embeddable":true,"href":"https:\/\/compuviper.mx\/tienda\/wp-json\/wp\/v2\/product_tag?post=213273"}],"curies":[{"name":"wp","href":"https:\/\/api.w.org\/{rel}","templated":true}]}}