{"id":213235,"date":"2026-04-17T23:39:47","date_gmt":"2026-04-18T05:39:47","guid":{"rendered":"https:\/\/compuviper.mx\/tienda\/producto\/manhattan-353922-cable-hdmi-2-0-intramuro-m-m-1-0m\/"},"modified":"2026-04-17T23:39:48","modified_gmt":"2026-04-18T05:39:48","slug":"manhattan-353922-cable-hdmi-2-0-intramuro-m-m-1-0m","status":"publish","type":"product","link":"https:\/\/compuviper.mx\/tienda\/producto\/manhattan-353922-cable-hdmi-2-0-intramuro-m-m-1-0m\/","title":{"rendered":"Manhattan 353922 Cable Hdmi,,, 2.0 Intramuro M-m  1.0m"},"content":{"rendered":"<table class=\"descripcion\">\n<tr>\n<td>*est\u00e1ndares y certificaciones:<\/td>\n<\/tr>\n<tr>\n<td>Cl3<\/td>\n<\/tr>\n<tr>\n<td>Cm<\/td>\n<\/tr>\n<tr>\n<td>Ul 20276<\/td>\n<\/tr>\n<tr>\n<td>Iso 9002<\/td>\n<\/tr>\n<tr>\n<td>*general<\/td>\n<\/tr>\n<tr>\n<td>Ancho de banda: 18 gbps a 600 mhz<\/td>\n<\/tr>\n<tr>\n<td>Soporta hec<\/td>\n<\/tr>\n<tr>\n<td>Cumple o excede con los est\u00e1ndares actuales de hdmi<\/td>\n<\/tr>\n<tr>\n<td>Longitud: 1 m (3 ft.)<\/td>\n<\/tr>\n<tr>\n<td>*conectores:<\/td>\n<\/tr>\n<tr>\n<td>2 hdmi de 19 pines, macho<\/td>\n<\/tr>\n<tr>\n<td>Conectores con ba\u00f1o de oro<\/td>\n<\/tr>\n<tr>\n<td>Moldeados en pvc<\/td>\n<\/tr>\n<tr>\n<td>Cable de 32 awg<\/td>\n<\/tr>\n<tr>\n<td>*cable:<\/td>\n<\/tr>\n<tr>\n<td>Calibre 30 awg<\/td>\n<\/tr>\n<tr>\n<td>Doble blindaje<\/td>\n<\/tr>\n<tr>\n<td>Tasa nominal de corriente: 0.5 a dc<\/td>\n<\/tr>\n<tr>\n<td>Resistencia de voltaje: 300 v dc<\/td>\n<\/tr>\n<tr>\n<td>Resistencia de aislamiento: 10 mohms<\/td>\n<\/tr>\n<tr>\n<td>Resistencia en los conductores: 5 ohm<\/td>\n<\/tr>\n<tr>\n<td>Forro de pl\u00e1stico t\u00e9rmico<\/td>\n<\/tr>\n<tr>\n<td>*contenido del paquete:<\/td>\n<\/tr>\n<tr>\n<td>Cable hdmi de alta velocidad con ethernet, cl3 para pared<\/td>\n<\/tr>\n<\/table>\n","protected":false},"excerpt":{"rendered":"<p>*soporta canal hdmi ethernet, canal de retorno de sonido, video 3d, transmisi\u00f3n 4k@60hz y un color profundo. *calificado como cl3, para instalaciones de hdmi en pared que protege contra potenciales riesgos de incendio. *la resoluci\u00f3n uhd 4k soporta una resoluci\u00f3n de video de 4 veces 1080p; resoluci\u00f3n de hasta 1080p en 3d y con color profundo. *la tecnolog\u00eda arc permite que el sonido de tu tv se transmita a trav\u00e9s de tu sistema de sonido; sin necesidad de cables de sonido adicionales. *ethernet de alta velocidad, tasas de transferencia de red bidireccional de hasta 100 mbps. *hasta 18 gbps con un ancho de banda de 600 mhz. *cables modernos listos para proyectos hdmi en casa u oficina. *cumple con las especificaciones de hdmi de alta velocidad. *doble blindaje para reducir la interferencia electromagn\u00e9tica y otras fuentes de interferencia. *compatible con cualquier dispositivo hdmi, como blu-ray, consolas de videojuegos, est\u00e9reos, pcs y m\u00e1s. Cables de alta velocidad que brindan un rendimiento de alta definici\u00f3n con medidas de seguridad para muros. La tecnolog\u00eda hdmi se ha convertido en la conexi\u00f3n digital est\u00e1ndar, brindando la m\u00e1s alta calidad en audio y v\u00eddeo a trav\u00e9s de un solo cable. Los cables manhattan hdmi cl3 de alta velocidad est\u00e1n calificados para instalaciones dentro de muros e incluyen un dise\u00f1o resistente a la abrasi\u00f3n, con una cubierta de pvc resistente pero flexible y contactos chapados en oro. Creados para satisfacer las necesidades del mercado de alta definici\u00f3n y est\u00e1ndares de protecci\u00f3n contra incendios, este cable brinda la m\u00e1s alta resoluci\u00f3n posible a 4k x 2k, un canal de regreso de sonido y un ancho de banda de 18 gbps a 600 mhz. Estos cables de alta calidad brindan un v\u00eddeo de alta definici\u00f3n y un sonido digital multicanal con elevadas caracter\u00edsticas de rendimiento y una precisi\u00f3n incre\u00edble. Con sus especificaciones comprobadas y una calificaci\u00f3n para instalaci\u00f3n en muros, el cable manhattan hdmi cl3 de alta velocidad se adelantar\u00e1 a tus proyectos de audio\/v\u00eddeo en los a\u00f1os por venir.<\/p>\n","protected":false},"featured_media":213236,"comment_status":"open","ping_status":"open","template":"","meta":[],"product_cat":[1549,1550],"product_tag":[1487],"acf":[],"yoast_head":"<!-- This site is optimized with the Yoast SEO plugin v21.7 - https:\/\/yoast.com\/wordpress\/plugins\/seo\/ -->\n<title>[ Manhattan ] &#129351; 353922 Cable Hdmi,,, 2.0 Intramuro M-m 1.0m<\/title>\n<meta name=\"description\" content=\"Compra 353922 Cable Hdmi,,, 2.0 Intramuro M-m 1.0m + Env\u00edo a domicilio + Pago seguro + Garant\u00eda\" \/>\n<meta name=\"robots\" content=\"index, follow, max-snippet:-1, max-image-preview:large, max-video-preview:-1\" \/>\n<link rel=\"canonical\" href=\"https:\/\/compuviper.mx\/tienda\/producto\/manhattan-353922-cable-hdmi-2-0-intramuro-m-m-1-0m\/\" \/>\n<meta property=\"og:locale\" content=\"es_MX\" \/>\n<meta property=\"og:type\" content=\"article\" \/>\n<meta property=\"og:title\" content=\"[ Manhattan ] &#129351; 353922 Cable Hdmi,,, 2.0 Intramuro M-m 1.0m\" \/>\n<meta property=\"og:description\" content=\"Compra 353922 Cable Hdmi,,, 2.0 Intramuro M-m 1.0m + Env\u00edo a domicilio + Pago seguro + Garant\u00eda\" \/>\n<meta property=\"og:url\" content=\"https:\/\/compuviper.mx\/tienda\/producto\/manhattan-353922-cable-hdmi-2-0-intramuro-m-m-1-0m\/\" \/>\n<meta property=\"og:site_name\" content=\"Compuviper\" \/>\n<meta property=\"article:publisher\" content=\"https:\/\/www.facebook.com\/compuviper\" \/>\n<meta property=\"article:modified_time\" content=\"2026-04-18T05:39:48+00:00\" \/>\n<meta property=\"og:image\" content=\"https:\/\/compuviper.mx\/tienda\/wp-content\/uploads\/2023\/12\/Cable-hdmimanhattan353922-2.0-intramuro-m-m-1.0m.jpg\" \/>\n\t<meta property=\"og:image:width\" content=\"200\" \/>\n\t<meta property=\"og:image:height\" content=\"200\" \/>\n\t<meta property=\"og:image:type\" content=\"image\/jpeg\" \/>\n<meta name=\"twitter:card\" content=\"summary_large_image\" \/>\n<meta name=\"twitter:label1\" content=\"Precio\" \/>\n\t<meta name=\"twitter:data1\" content=\"&#36;90 con IVA\" \/>\n\t<meta name=\"twitter:label2\" content=\"Availability\" \/>\n\t<meta name=\"twitter:data2\" content=\"Out of stock\" \/>\n<script type=\"application\/ld+json\" class=\"yoast-schema-graph\">{\"@context\":\"https:\/\/schema.org\",\"@graph\":[{\"@type\":\"WebPage\",\"@id\":\"https:\/\/compuviper.mx\/tienda\/producto\/manhattan-353922-cable-hdmi-2-0-intramuro-m-m-1-0m\/\",\"url\":\"https:\/\/compuviper.mx\/tienda\/producto\/manhattan-353922-cable-hdmi-2-0-intramuro-m-m-1-0m\/\",\"name\":\"[ Manhattan ] &#129351; 353922 Cable Hdmi,,, 2.0 Intramuro M-m 1.0m\",\"isPartOf\":{\"@id\":\"https:\/\/compuviper.mx\/tienda\/#website\"},\"datePublished\":\"2026-04-18T05:39:47+00:00\",\"dateModified\":\"2026-04-18T05:39:48+00:00\",\"description\":\"Compra 353922 Cable Hdmi,,, 2.0 Intramuro M-m 1.0m + Env\u00edo a domicilio + Pago seguro + Garant\u00eda\",\"breadcrumb\":{\"@id\":\"https:\/\/compuviper.mx\/tienda\/producto\/manhattan-353922-cable-hdmi-2-0-intramuro-m-m-1-0m\/#breadcrumb\"},\"inLanguage\":\"es-MX\",\"potentialAction\":[{\"@type\":\"ReadAction\",\"target\":[\"https:\/\/compuviper.mx\/tienda\/producto\/manhattan-353922-cable-hdmi-2-0-intramuro-m-m-1-0m\/\"]}]},{\"@type\":\"BreadcrumbList\",\"@id\":\"https:\/\/compuviper.mx\/tienda\/producto\/manhattan-353922-cable-hdmi-2-0-intramuro-m-m-1-0m\/#breadcrumb\",\"itemListElement\":[{\"@type\":\"ListItem\",\"position\":1,\"name\":\"Inicio\",\"item\":\"https:\/\/compuviper.mx\/tienda\/\"},{\"@type\":\"ListItem\",\"position\":2,\"name\":\"Productos\",\"item\":\"https:\/\/compuviper.mx\/tienda\/productos\/\"},{\"@type\":\"ListItem\",\"position\":3,\"name\":\"Cables\",\"item\":\"https:\/\/compuviper.mx\/tienda\/categoria-producto\/cables\/\"},{\"@type\":\"ListItem\",\"position\":4,\"name\":\"Cable De Video\",\"item\":\"https:\/\/compuviper.mx\/tienda\/categoria-producto\/cables\/cable-de-video\/\"},{\"@type\":\"ListItem\",\"position\":5,\"name\":\"Manhattan 353922 Cable Hdmi,,, 2.0 Intramuro M-m 1.0m\"}]},{\"@type\":\"WebSite\",\"@id\":\"https:\/\/compuviper.mx\/tienda\/#website\",\"url\":\"https:\/\/compuviper.mx\/tienda\/\",\"name\":\"Compuviper\",\"description\":\"Proveedor de Computadoras, Laptops, Servidores, Monitores, Puntos de Venta, Teclados,   Impresoras, T\u00f3ner, C\u00e1maras de Seguridad y m\u00e1s en tu tienda en l\u00ednea\",\"publisher\":{\"@id\":\"https:\/\/compuviper.mx\/tienda\/#organization\"},\"potentialAction\":[{\"@type\":\"SearchAction\",\"target\":{\"@type\":\"EntryPoint\",\"urlTemplate\":\"https:\/\/compuviper.mx\/tienda\/?s={search_term_string}\"},\"query-input\":\"required name=search_term_string\"}],\"inLanguage\":\"es-MX\"},{\"@type\":\"Organization\",\"@id\":\"https:\/\/compuviper.mx\/tienda\/#organization\",\"name\":\"Compuviper\",\"url\":\"https:\/\/compuviper.mx\/tienda\/\",\"logo\":{\"@type\":\"ImageObject\",\"inLanguage\":\"es-MX\",\"@id\":\"https:\/\/compuviper.mx\/tienda\/#\/schema\/logo\/image\/\",\"url\":\"https:\/\/compuviper.mx\/tienda\/wp-content\/uploads\/2021\/08\/Logo-Compuviper-10.png\",\"contentUrl\":\"https:\/\/compuviper.mx\/tienda\/wp-content\/uploads\/2021\/08\/Logo-Compuviper-10.png\",\"width\":1000,\"height\":500,\"caption\":\"Compuviper\"},\"image\":{\"@id\":\"https:\/\/compuviper.mx\/tienda\/#\/schema\/logo\/image\/\"},\"sameAs\":[\"https:\/\/www.facebook.com\/compuviper\",\"https:\/\/www.youtube.com\/channel\/UCf73dERp9Y3cfOq7q8BhLjA?view_as=subscriber\"]}]}<\/script>\n<meta property=\"product:brand\" content=\"MANHATTAN\" \/>\n<meta property=\"product:price:amount\" content=\"90\" \/>\n<meta property=\"product:price:currency\" content=\"MXN\" \/>\n<meta property=\"og:availability\" content=\"out of stock\" \/>\n<meta property=\"product:availability\" content=\"out of stock\" \/>\n<meta property=\"product:retailer_item_id\" content=\"353922\" \/>\n<meta property=\"product:condition\" content=\"new\" \/>\n<!-- \/ Yoast SEO plugin. -->","yoast_head_json":{"title":"[ Manhattan ] &#129351; 353922 Cable Hdmi,,, 2.0 Intramuro M-m 1.0m","description":"Compra 353922 Cable Hdmi,,, 2.0 Intramuro M-m 1.0m + Env\u00edo a domicilio + Pago seguro + Garant\u00eda","robots":{"index":"index","follow":"follow","max-snippet":"max-snippet:-1","max-image-preview":"max-image-preview:large","max-video-preview":"max-video-preview:-1"},"canonical":"https:\/\/compuviper.mx\/tienda\/producto\/manhattan-353922-cable-hdmi-2-0-intramuro-m-m-1-0m\/","og_locale":"es_MX","og_type":"article","og_title":"[ Manhattan ] &#129351; 353922 Cable Hdmi,,, 2.0 Intramuro M-m 1.0m","og_description":"Compra 353922 Cable Hdmi,,, 2.0 Intramuro M-m 1.0m + Env\u00edo a domicilio + Pago seguro + Garant\u00eda","og_url":"https:\/\/compuviper.mx\/tienda\/producto\/manhattan-353922-cable-hdmi-2-0-intramuro-m-m-1-0m\/","og_site_name":"Compuviper","article_publisher":"https:\/\/www.facebook.com\/compuviper","article_modified_time":"2026-04-18T05:39:48+00:00","og_image":[{"width":200,"height":200,"url":"https:\/\/compuviper.mx\/tienda\/wp-content\/uploads\/2023\/12\/Cable-hdmimanhattan353922-2.0-intramuro-m-m-1.0m.jpg","type":"image\/jpeg"}],"twitter_card":"summary_large_image","twitter_misc":{"Precio":"&#36;90 con IVA","Availability":"Out of stock"},"schema":{"@context":"https:\/\/schema.org","@graph":[{"@type":"WebPage","@id":"https:\/\/compuviper.mx\/tienda\/producto\/manhattan-353922-cable-hdmi-2-0-intramuro-m-m-1-0m\/","url":"https:\/\/compuviper.mx\/tienda\/producto\/manhattan-353922-cable-hdmi-2-0-intramuro-m-m-1-0m\/","name":"[ Manhattan ] &#129351; 353922 Cable Hdmi,,, 2.0 Intramuro M-m 1.0m","isPartOf":{"@id":"https:\/\/compuviper.mx\/tienda\/#website"},"datePublished":"2026-04-18T05:39:47+00:00","dateModified":"2026-04-18T05:39:48+00:00","description":"Compra 353922 Cable Hdmi,,, 2.0 Intramuro M-m 1.0m + Env\u00edo a domicilio + Pago seguro + Garant\u00eda","breadcrumb":{"@id":"https:\/\/compuviper.mx\/tienda\/producto\/manhattan-353922-cable-hdmi-2-0-intramuro-m-m-1-0m\/#breadcrumb"},"inLanguage":"es-MX","potentialAction":[{"@type":"ReadAction","target":["https:\/\/compuviper.mx\/tienda\/producto\/manhattan-353922-cable-hdmi-2-0-intramuro-m-m-1-0m\/"]}]},{"@type":"BreadcrumbList","@id":"https:\/\/compuviper.mx\/tienda\/producto\/manhattan-353922-cable-hdmi-2-0-intramuro-m-m-1-0m\/#breadcrumb","itemListElement":[{"@type":"ListItem","position":1,"name":"Inicio","item":"https:\/\/compuviper.mx\/tienda\/"},{"@type":"ListItem","position":2,"name":"Productos","item":"https:\/\/compuviper.mx\/tienda\/productos\/"},{"@type":"ListItem","position":3,"name":"Cables","item":"https:\/\/compuviper.mx\/tienda\/categoria-producto\/cables\/"},{"@type":"ListItem","position":4,"name":"Cable De Video","item":"https:\/\/compuviper.mx\/tienda\/categoria-producto\/cables\/cable-de-video\/"},{"@type":"ListItem","position":5,"name":"Manhattan 353922 Cable Hdmi,,, 2.0 Intramuro M-m 1.0m"}]},{"@type":"WebSite","@id":"https:\/\/compuviper.mx\/tienda\/#website","url":"https:\/\/compuviper.mx\/tienda\/","name":"Compuviper","description":"Proveedor de Computadoras, Laptops, Servidores, Monitores, Puntos de Venta, Teclados,   Impresoras, T\u00f3ner, C\u00e1maras de Seguridad y m\u00e1s en tu tienda en l\u00ednea","publisher":{"@id":"https:\/\/compuviper.mx\/tienda\/#organization"},"potentialAction":[{"@type":"SearchAction","target":{"@type":"EntryPoint","urlTemplate":"https:\/\/compuviper.mx\/tienda\/?s={search_term_string}"},"query-input":"required name=search_term_string"}],"inLanguage":"es-MX"},{"@type":"Organization","@id":"https:\/\/compuviper.mx\/tienda\/#organization","name":"Compuviper","url":"https:\/\/compuviper.mx\/tienda\/","logo":{"@type":"ImageObject","inLanguage":"es-MX","@id":"https:\/\/compuviper.mx\/tienda\/#\/schema\/logo\/image\/","url":"https:\/\/compuviper.mx\/tienda\/wp-content\/uploads\/2021\/08\/Logo-Compuviper-10.png","contentUrl":"https:\/\/compuviper.mx\/tienda\/wp-content\/uploads\/2021\/08\/Logo-Compuviper-10.png","width":1000,"height":500,"caption":"Compuviper"},"image":{"@id":"https:\/\/compuviper.mx\/tienda\/#\/schema\/logo\/image\/"},"sameAs":["https:\/\/www.facebook.com\/compuviper","https:\/\/www.youtube.com\/channel\/UCf73dERp9Y3cfOq7q8BhLjA?view_as=subscriber"]}]},"product_brand":"MANHATTAN","product_price_amount":"90","product_price_currency":"MXN","og_availability":"out of stock","product_availability":"out of stock","product_retailer_item_id":"353922","product_condition":"new"},"_links":{"self":[{"href":"https:\/\/compuviper.mx\/tienda\/wp-json\/wp\/v2\/product\/213235"}],"collection":[{"href":"https:\/\/compuviper.mx\/tienda\/wp-json\/wp\/v2\/product"}],"about":[{"href":"https:\/\/compuviper.mx\/tienda\/wp-json\/wp\/v2\/types\/product"}],"replies":[{"embeddable":true,"href":"https:\/\/compuviper.mx\/tienda\/wp-json\/wp\/v2\/comments?post=213235"}],"wp:featuredmedia":[{"embeddable":true,"href":"https:\/\/compuviper.mx\/tienda\/wp-json\/wp\/v2\/media\/213236"}],"wp:attachment":[{"href":"https:\/\/compuviper.mx\/tienda\/wp-json\/wp\/v2\/media?parent=213235"}],"wp:term":[{"taxonomy":"product_cat","embeddable":true,"href":"https:\/\/compuviper.mx\/tienda\/wp-json\/wp\/v2\/product_cat?post=213235"},{"taxonomy":"product_tag","embeddable":true,"href":"https:\/\/compuviper.mx\/tienda\/wp-json\/wp\/v2\/product_tag?post=213235"}],"curies":[{"name":"wp","href":"https:\/\/api.w.org\/{rel}","templated":true}]}}