{"id":213219,"date":"2026-04-13T23:35:52","date_gmt":"2026-04-14T05:35:52","guid":{"rendered":"https:\/\/compuviper.mx\/tienda\/producto\/intellinet-334136-bobina-cat-6-utp-305m-solida-gris100-cobre\/"},"modified":"2026-04-13T23:35:53","modified_gmt":"2026-04-14T05:35:53","slug":"intellinet-334136-bobina-cat-6-utp-305m-solida-gris100-cobre","status":"publish","type":"product","link":"https:\/\/compuviper.mx\/tienda\/producto\/intellinet-334136-bobina-cat-6-utp-305m-solida-gris100-cobre\/","title":{"rendered":"Intellinet 334136 Bobina,,, Cat 6 Utp 305m Solida Gris,100 Cobre"},"content":{"rendered":"<table class=\"descripcion\">\n<tr>\n<td>General<\/td>\n<\/tr>\n<tr>\n<td>Cable utp cat6 (4 pares trenzados sin blindar) con separador de pares, certificado para transmisi\u00f3n de datos (10\/100\/1000 mbps)<\/td>\n<\/tr>\n<tr>\n<td>Conductor s\u00f3lido de calibre 23 (awg )<\/td>\n<\/tr>\n<tr>\n<td>Material aislante (forro) de pvc<\/td>\n<\/tr>\n<tr>\n<td>Cubierta exterior del cable cm para designaciones en muro; permitido en aplicaciones residenciales de la familia 1-2, o en aplicaciones riser con canaleta\/a prueba de fuego; no permitida en plenum.<\/td>\n<\/tr>\n<tr>\n<td>Probado a 250 mhz. cumple con el est\u00e1ndar de ansi\/tia\/eia 568-c.2<\/td>\n<\/tr>\n<tr>\n<td>Velocidad nominal de propagaci\u00f3n: nvp%: 69%<\/td>\n<\/tr>\n<tr>\n<td>Cumple o excede con las especificaciones de cat6 para el enlace permanente (90 m) y enlace de canal (100 m)*<\/td>\n<\/tr>\n<tr>\n<td>Ansi\/tia\/eia 568-c.2<\/td>\n<\/tr>\n<tr>\n<td>Iso 11801 ed. 2<\/td>\n<\/tr>\n<tr>\n<td>Ideal para transporte de datos, audio y v\u00eddeo<\/td>\n<\/tr>\n<tr>\n<td>Retardador de flama: cm<\/td>\n<\/tr>\n<tr>\n<td>Aprobada por ul<\/td>\n<\/tr>\n<tr>\n<td>Cumple con directiva rohs correspondiente<\/td>\n<\/tr>\n<tr>\n<td>Color gris<\/td>\n<\/tr>\n<tr>\n<td>Especificaciones t\u00e9cnicas<\/td>\n<\/tr>\n<tr>\n<td>Pruebas de canal cat6 tia, probada a 250 mhz:<\/td>\n<\/tr>\n<tr>\n<td>P\u00e9rdidas en el retorno (db) = 17.32<\/td>\n<\/tr>\n<tr>\n<td>Atenuaci\u00f3n (db\/100) = 33.04<\/td>\n<\/tr>\n<tr>\n<td>Near-end crosstalk (db) = 38.3<\/td>\n<\/tr>\n<tr>\n<td>Power sum-next (db) = 36.3<\/td>\n<\/tr>\n<tr>\n<td>Equal level-fext (db) = 19.8<\/td>\n<\/tr>\n<tr>\n<td>Power sum-elfext (db) = 16.8<\/td>\n<\/tr>\n<\/table>\n","protected":false},"excerpt":{"rendered":"<p>Para las aplicaciones de hoy la bobina de cable cat6 intellinet network solutions permite una mejor relaci\u00f3n se\u00f1al a ruido con p\u00e9rdidas m\u00ednimas &#8211; lo que se traduce en redes m\u00e1s veloces y confiables para las aplicaciones de hoy. El cable cat6 cumple con los est\u00e1ndares eia\/tia y se encuentra clasificado como retardante de flama. Clasificaci\u00f3n de retardante de flama: cm en muros; permitido en aplicaciones residenciales riser de la familia 1-2 , o en montajes con canaleta o escalerilla a prueba de fuego probado bajo est\u00e1ndares: cumple o excede los est\u00e1ndares actuales de cat6 bit\u00e1cora de uso en la caja garant\u00eda de por vida los estrictos est\u00e1ndares de fabricaci\u00f3n aseguran la m\u00e1xima calidad en todos los productos intellinet network solutions.<\/p>\n","protected":false},"featured_media":213220,"comment_status":"open","ping_status":"open","template":"","meta":[],"product_cat":[1549,1602],"product_tag":[1489],"acf":[],"yoast_head":"<!-- This site is optimized with the Yoast SEO plugin v21.7 - https:\/\/yoast.com\/wordpress\/plugins\/seo\/ -->\n<title>[ Intellinet ] &#129351; 334136 Bobina,,, Cat 6 Utp 305m Solida Gris,100 Cobre<\/title>\n<meta name=\"description\" content=\"Compra 334136 Bobina,,, Cat 6 Utp 305m Solida Gris,100 Cobre + Env\u00edo a domicilio + Pago seguro + Garant\u00eda\" \/>\n<meta name=\"robots\" content=\"index, follow, max-snippet:-1, max-image-preview:large, max-video-preview:-1\" \/>\n<link rel=\"canonical\" href=\"https:\/\/compuviper.mx\/tienda\/producto\/intellinet-334136-bobina-cat-6-utp-305m-solida-gris100-cobre\/\" \/>\n<meta property=\"og:locale\" content=\"es_MX\" \/>\n<meta property=\"og:type\" content=\"article\" \/>\n<meta property=\"og:title\" content=\"[ Intellinet ] &#129351; 334136 Bobina,,, Cat 6 Utp 305m Solida Gris,100 Cobre\" \/>\n<meta property=\"og:description\" content=\"Compra 334136 Bobina,,, Cat 6 Utp 305m Solida Gris,100 Cobre + Env\u00edo a domicilio + Pago seguro + Garant\u00eda\" \/>\n<meta property=\"og:url\" content=\"https:\/\/compuviper.mx\/tienda\/producto\/intellinet-334136-bobina-cat-6-utp-305m-solida-gris100-cobre\/\" \/>\n<meta property=\"og:site_name\" content=\"Compuviper\" \/>\n<meta property=\"article:publisher\" content=\"https:\/\/www.facebook.com\/compuviper\" \/>\n<meta property=\"article:modified_time\" content=\"2026-04-14T05:35:53+00:00\" \/>\n<meta property=\"og:image\" content=\"https:\/\/compuviper.mx\/tienda\/wp-content\/uploads\/2023\/12\/Bobinaintellinet334136-cat-6-utp-305m-solida-gris100-cobre.jpg\" \/>\n\t<meta property=\"og:image:width\" content=\"200\" \/>\n\t<meta property=\"og:image:height\" content=\"200\" \/>\n\t<meta property=\"og:image:type\" content=\"image\/jpeg\" \/>\n<meta name=\"twitter:card\" content=\"summary_large_image\" \/>\n<meta name=\"twitter:label1\" content=\"Precio\" \/>\n\t<meta name=\"twitter:data1\" content=\"&#36;3,081 con IVA\" \/>\n\t<meta name=\"twitter:label2\" content=\"Availability\" \/>\n\t<meta name=\"twitter:data2\" content=\"In stock\" \/>\n<script type=\"application\/ld+json\" class=\"yoast-schema-graph\">{\"@context\":\"https:\/\/schema.org\",\"@graph\":[{\"@type\":\"WebPage\",\"@id\":\"https:\/\/compuviper.mx\/tienda\/producto\/intellinet-334136-bobina-cat-6-utp-305m-solida-gris100-cobre\/\",\"url\":\"https:\/\/compuviper.mx\/tienda\/producto\/intellinet-334136-bobina-cat-6-utp-305m-solida-gris100-cobre\/\",\"name\":\"[ Intellinet ] &#129351; 334136 Bobina,,, Cat 6 Utp 305m Solida Gris,100 Cobre\",\"isPartOf\":{\"@id\":\"https:\/\/compuviper.mx\/tienda\/#website\"},\"datePublished\":\"2026-04-14T05:35:52+00:00\",\"dateModified\":\"2026-04-14T05:35:53+00:00\",\"description\":\"Compra 334136 Bobina,,, Cat 6 Utp 305m Solida Gris,100 Cobre + Env\u00edo a domicilio + Pago seguro + Garant\u00eda\",\"breadcrumb\":{\"@id\":\"https:\/\/compuviper.mx\/tienda\/producto\/intellinet-334136-bobina-cat-6-utp-305m-solida-gris100-cobre\/#breadcrumb\"},\"inLanguage\":\"es-MX\",\"potentialAction\":[{\"@type\":\"ReadAction\",\"target\":[\"https:\/\/compuviper.mx\/tienda\/producto\/intellinet-334136-bobina-cat-6-utp-305m-solida-gris100-cobre\/\"]}]},{\"@type\":\"BreadcrumbList\",\"@id\":\"https:\/\/compuviper.mx\/tienda\/producto\/intellinet-334136-bobina-cat-6-utp-305m-solida-gris100-cobre\/#breadcrumb\",\"itemListElement\":[{\"@type\":\"ListItem\",\"position\":1,\"name\":\"Inicio\",\"item\":\"https:\/\/compuviper.mx\/tienda\/\"},{\"@type\":\"ListItem\",\"position\":2,\"name\":\"Productos\",\"item\":\"https:\/\/compuviper.mx\/tienda\/productos\/\"},{\"@type\":\"ListItem\",\"position\":3,\"name\":\"Cables\",\"item\":\"https:\/\/compuviper.mx\/tienda\/categoria-producto\/cables\/\"},{\"@type\":\"ListItem\",\"position\":4,\"name\":\"Cable De Red\",\"item\":\"https:\/\/compuviper.mx\/tienda\/categoria-producto\/cables\/cable-de-red\/\"},{\"@type\":\"ListItem\",\"position\":5,\"name\":\"Intellinet 334136 Bobina,,, Cat 6 Utp 305m Solida Gris,100 Cobre\"}]},{\"@type\":\"WebSite\",\"@id\":\"https:\/\/compuviper.mx\/tienda\/#website\",\"url\":\"https:\/\/compuviper.mx\/tienda\/\",\"name\":\"Compuviper\",\"description\":\"Proveedor de Computadoras, Laptops, Servidores, Monitores, Puntos de Venta, Teclados,   Impresoras, T\u00f3ner, C\u00e1maras de Seguridad y m\u00e1s en tu tienda en l\u00ednea\",\"publisher\":{\"@id\":\"https:\/\/compuviper.mx\/tienda\/#organization\"},\"potentialAction\":[{\"@type\":\"SearchAction\",\"target\":{\"@type\":\"EntryPoint\",\"urlTemplate\":\"https:\/\/compuviper.mx\/tienda\/?s={search_term_string}\"},\"query-input\":\"required name=search_term_string\"}],\"inLanguage\":\"es-MX\"},{\"@type\":\"Organization\",\"@id\":\"https:\/\/compuviper.mx\/tienda\/#organization\",\"name\":\"Compuviper\",\"url\":\"https:\/\/compuviper.mx\/tienda\/\",\"logo\":{\"@type\":\"ImageObject\",\"inLanguage\":\"es-MX\",\"@id\":\"https:\/\/compuviper.mx\/tienda\/#\/schema\/logo\/image\/\",\"url\":\"https:\/\/compuviper.mx\/tienda\/wp-content\/uploads\/2021\/08\/Logo-Compuviper-10.png\",\"contentUrl\":\"https:\/\/compuviper.mx\/tienda\/wp-content\/uploads\/2021\/08\/Logo-Compuviper-10.png\",\"width\":1000,\"height\":500,\"caption\":\"Compuviper\"},\"image\":{\"@id\":\"https:\/\/compuviper.mx\/tienda\/#\/schema\/logo\/image\/\"},\"sameAs\":[\"https:\/\/www.facebook.com\/compuviper\",\"https:\/\/www.youtube.com\/channel\/UCf73dERp9Y3cfOq7q8BhLjA?view_as=subscriber\"]}]}<\/script>\n<meta property=\"product:brand\" content=\"INTELLINET\" \/>\n<meta property=\"product:price:amount\" content=\"3081\" \/>\n<meta property=\"product:price:currency\" content=\"MXN\" \/>\n<meta property=\"og:availability\" content=\"instock\" \/>\n<meta property=\"product:availability\" content=\"instock\" \/>\n<meta property=\"product:retailer_item_id\" content=\"334136\" \/>\n<meta property=\"product:condition\" content=\"new\" \/>\n<!-- \/ Yoast SEO plugin. -->","yoast_head_json":{"title":"[ Intellinet ] &#129351; 334136 Bobina,,, Cat 6 Utp 305m Solida Gris,100 Cobre","description":"Compra 334136 Bobina,,, Cat 6 Utp 305m Solida Gris,100 Cobre + Env\u00edo a domicilio + Pago seguro + Garant\u00eda","robots":{"index":"index","follow":"follow","max-snippet":"max-snippet:-1","max-image-preview":"max-image-preview:large","max-video-preview":"max-video-preview:-1"},"canonical":"https:\/\/compuviper.mx\/tienda\/producto\/intellinet-334136-bobina-cat-6-utp-305m-solida-gris100-cobre\/","og_locale":"es_MX","og_type":"article","og_title":"[ Intellinet ] &#129351; 334136 Bobina,,, Cat 6 Utp 305m Solida Gris,100 Cobre","og_description":"Compra 334136 Bobina,,, Cat 6 Utp 305m Solida Gris,100 Cobre + Env\u00edo a domicilio + Pago seguro + Garant\u00eda","og_url":"https:\/\/compuviper.mx\/tienda\/producto\/intellinet-334136-bobina-cat-6-utp-305m-solida-gris100-cobre\/","og_site_name":"Compuviper","article_publisher":"https:\/\/www.facebook.com\/compuviper","article_modified_time":"2026-04-14T05:35:53+00:00","og_image":[{"width":200,"height":200,"url":"https:\/\/compuviper.mx\/tienda\/wp-content\/uploads\/2023\/12\/Bobinaintellinet334136-cat-6-utp-305m-solida-gris100-cobre.jpg","type":"image\/jpeg"}],"twitter_card":"summary_large_image","twitter_misc":{"Precio":"&#36;3,081 con IVA","Availability":"In stock"},"schema":{"@context":"https:\/\/schema.org","@graph":[{"@type":"WebPage","@id":"https:\/\/compuviper.mx\/tienda\/producto\/intellinet-334136-bobina-cat-6-utp-305m-solida-gris100-cobre\/","url":"https:\/\/compuviper.mx\/tienda\/producto\/intellinet-334136-bobina-cat-6-utp-305m-solida-gris100-cobre\/","name":"[ Intellinet ] &#129351; 334136 Bobina,,, Cat 6 Utp 305m Solida Gris,100 Cobre","isPartOf":{"@id":"https:\/\/compuviper.mx\/tienda\/#website"},"datePublished":"2026-04-14T05:35:52+00:00","dateModified":"2026-04-14T05:35:53+00:00","description":"Compra 334136 Bobina,,, Cat 6 Utp 305m Solida Gris,100 Cobre + Env\u00edo a domicilio + Pago seguro + Garant\u00eda","breadcrumb":{"@id":"https:\/\/compuviper.mx\/tienda\/producto\/intellinet-334136-bobina-cat-6-utp-305m-solida-gris100-cobre\/#breadcrumb"},"inLanguage":"es-MX","potentialAction":[{"@type":"ReadAction","target":["https:\/\/compuviper.mx\/tienda\/producto\/intellinet-334136-bobina-cat-6-utp-305m-solida-gris100-cobre\/"]}]},{"@type":"BreadcrumbList","@id":"https:\/\/compuviper.mx\/tienda\/producto\/intellinet-334136-bobina-cat-6-utp-305m-solida-gris100-cobre\/#breadcrumb","itemListElement":[{"@type":"ListItem","position":1,"name":"Inicio","item":"https:\/\/compuviper.mx\/tienda\/"},{"@type":"ListItem","position":2,"name":"Productos","item":"https:\/\/compuviper.mx\/tienda\/productos\/"},{"@type":"ListItem","position":3,"name":"Cables","item":"https:\/\/compuviper.mx\/tienda\/categoria-producto\/cables\/"},{"@type":"ListItem","position":4,"name":"Cable De Red","item":"https:\/\/compuviper.mx\/tienda\/categoria-producto\/cables\/cable-de-red\/"},{"@type":"ListItem","position":5,"name":"Intellinet 334136 Bobina,,, Cat 6 Utp 305m Solida Gris,100 Cobre"}]},{"@type":"WebSite","@id":"https:\/\/compuviper.mx\/tienda\/#website","url":"https:\/\/compuviper.mx\/tienda\/","name":"Compuviper","description":"Proveedor de Computadoras, Laptops, Servidores, Monitores, Puntos de Venta, Teclados,   Impresoras, T\u00f3ner, C\u00e1maras de Seguridad y m\u00e1s en tu tienda en l\u00ednea","publisher":{"@id":"https:\/\/compuviper.mx\/tienda\/#organization"},"potentialAction":[{"@type":"SearchAction","target":{"@type":"EntryPoint","urlTemplate":"https:\/\/compuviper.mx\/tienda\/?s={search_term_string}"},"query-input":"required name=search_term_string"}],"inLanguage":"es-MX"},{"@type":"Organization","@id":"https:\/\/compuviper.mx\/tienda\/#organization","name":"Compuviper","url":"https:\/\/compuviper.mx\/tienda\/","logo":{"@type":"ImageObject","inLanguage":"es-MX","@id":"https:\/\/compuviper.mx\/tienda\/#\/schema\/logo\/image\/","url":"https:\/\/compuviper.mx\/tienda\/wp-content\/uploads\/2021\/08\/Logo-Compuviper-10.png","contentUrl":"https:\/\/compuviper.mx\/tienda\/wp-content\/uploads\/2021\/08\/Logo-Compuviper-10.png","width":1000,"height":500,"caption":"Compuviper"},"image":{"@id":"https:\/\/compuviper.mx\/tienda\/#\/schema\/logo\/image\/"},"sameAs":["https:\/\/www.facebook.com\/compuviper","https:\/\/www.youtube.com\/channel\/UCf73dERp9Y3cfOq7q8BhLjA?view_as=subscriber"]}]},"product_brand":"INTELLINET","product_price_amount":"3081","product_price_currency":"MXN","og_availability":"instock","product_availability":"instock","product_retailer_item_id":"334136","product_condition":"new"},"_links":{"self":[{"href":"https:\/\/compuviper.mx\/tienda\/wp-json\/wp\/v2\/product\/213219"}],"collection":[{"href":"https:\/\/compuviper.mx\/tienda\/wp-json\/wp\/v2\/product"}],"about":[{"href":"https:\/\/compuviper.mx\/tienda\/wp-json\/wp\/v2\/types\/product"}],"replies":[{"embeddable":true,"href":"https:\/\/compuviper.mx\/tienda\/wp-json\/wp\/v2\/comments?post=213219"}],"wp:featuredmedia":[{"embeddable":true,"href":"https:\/\/compuviper.mx\/tienda\/wp-json\/wp\/v2\/media\/213220"}],"wp:attachment":[{"href":"https:\/\/compuviper.mx\/tienda\/wp-json\/wp\/v2\/media?parent=213219"}],"wp:term":[{"taxonomy":"product_cat","embeddable":true,"href":"https:\/\/compuviper.mx\/tienda\/wp-json\/wp\/v2\/product_cat?post=213219"},{"taxonomy":"product_tag","embeddable":true,"href":"https:\/\/compuviper.mx\/tienda\/wp-json\/wp\/v2\/product_tag?post=213219"}],"curies":[{"name":"wp","href":"https:\/\/api.w.org\/{rel}","templated":true}]}}