{"id":213211,"date":"2026-04-14T23:38:54","date_gmt":"2026-04-15T05:38:54","guid":{"rendered":"https:\/\/compuviper.mx\/tienda\/producto\/manhattan-150958-cable-usb-v2-0-ext-activa-20-0m-negro\/"},"modified":"2026-04-14T23:38:54","modified_gmt":"2026-04-15T05:38:54","slug":"manhattan-150958-cable-usb-v2-0-ext-activa-20-0m-negro","status":"publish","type":"product","link":"https:\/\/compuviper.mx\/tienda\/producto\/manhattan-150958-cable-usb-v2-0-ext-activa-20-0m-negro\/","title":{"rendered":"Manhattan 150958 Cable Usb,,, V2.0 Ext. Activa 20.0m Negro"},"content":{"rendered":"<table class=\"descripcion\">\n<tr>\n<td>*est\u00e1ndares y certificaciones:<\/td>\n<\/tr>\n<tr>\n<td>Ce<\/td>\n<\/tr>\n<tr>\n<td>Fcc<\/td>\n<\/tr>\n<tr>\n<td>Usb 2.0<\/td>\n<\/tr>\n<tr>\n<td>*puertos:<\/td>\n<\/tr>\n<tr>\n<td>A macho est\u00e1ndar<\/td>\n<\/tr>\n<tr>\n<td>A hembra est\u00e1ndar<\/td>\n<\/tr>\n<tr>\n<td>*general<\/td>\n<\/tr>\n<tr>\n<td>Tasa de transferencia: 480 mbps<\/td>\n<\/tr>\n<tr>\n<td>Alimentados por bus<\/td>\n<\/tr>\n<tr>\n<td>Longitud m\u00e1xima: 40 m<\/td>\n<\/tr>\n<tr>\n<td>Todos los sistemas operativos que soporten usb<\/td>\n<\/tr>\n<tr>\n<td>*dise\u00f1o<\/td>\n<\/tr>\n<tr>\n<td>Longitud: 20 m<\/td>\n<\/tr>\n<tr>\n<td>Peso: 587 g<\/td>\n<\/tr>\n<\/table>\n","protected":false},"excerpt":{"rendered":"<p>*extiende y refuerza la se\u00f1al hacia cualquier dispositivo usb \u0096 soporta tasa de transferencia de datos de hasta 480 mbps. *repetidor incluido que ayuda a mantener los niveles \u00f3ptimos de se\u00f1al usb de alta velocidad; valores el\u00e9ctricos y de sincron\u00eda especificados. *sobrepasa las limitaciones de distancia de un usb en 20 m \u0096 ideal para la conexi\u00f3n de gabinetes y otros perif\u00e9ricos. *posibilidad de encadenar hasta dos extensiones para ofrecer una distancia m\u00e1xima de 40 m. *plug and play; compatible con windows y mac \u0096 alimentado por bus, no requiere alimentaci\u00f3n externa. Supere f\u00e1cilmente las limitaciones en distancia para conectar dispositivos usb. Use el cable de extensi\u00f3n activa usb de alta velocidad manhattan para conectar una computadora y un dispositivo usb casi en donde sea en la habitaci\u00f3n. Encadenable en dos extensiones para proporcionar una conexi\u00f3n de 40 m de longitud. El cable de extensi\u00f3n activa usb de alta velocidad manhattan con repetidor incluido es completamente compatible con las especificaciones usb 1.1 y 2.0 de alta velocidad para que los dispositivos operen a su m\u00e1ximo desempe\u00f1o. Capacidad plug and play compatible con windows y macintosh y no requiere de alimentaci\u00f3n externa o de controladores, proporciona una gran flexibilidad en aplicaciones de reemplazo de perif\u00e9ricos y de organizaci\u00f3n de los espacios en la oficina.<\/p>\n","protected":false},"featured_media":213212,"comment_status":"open","ping_status":"open","template":"","meta":[],"product_cat":[1549,1550],"product_tag":[1487],"acf":[],"yoast_head":"<!-- This site is optimized with the Yoast SEO plugin v21.7 - https:\/\/yoast.com\/wordpress\/plugins\/seo\/ -->\n<title>[ Manhattan ] &#129351; 150958 Cable Usb,,, V2.0 Ext. Activa 20.0m Negro<\/title>\n<meta name=\"description\" content=\"Compra 150958 Cable Usb,,, V2.0 Ext. Activa 20.0m Negro + Env\u00edo a domicilio + Pago seguro + Garant\u00eda\" \/>\n<meta name=\"robots\" content=\"index, follow, max-snippet:-1, max-image-preview:large, max-video-preview:-1\" \/>\n<link rel=\"canonical\" href=\"https:\/\/compuviper.mx\/tienda\/producto\/manhattan-150958-cable-usb-v2-0-ext-activa-20-0m-negro\/\" \/>\n<meta property=\"og:locale\" content=\"es_MX\" \/>\n<meta property=\"og:type\" content=\"article\" \/>\n<meta property=\"og:title\" content=\"[ Manhattan ] &#129351; 150958 Cable Usb,,, V2.0 Ext. Activa 20.0m Negro\" \/>\n<meta property=\"og:description\" content=\"Compra 150958 Cable Usb,,, V2.0 Ext. Activa 20.0m Negro + Env\u00edo a domicilio + Pago seguro + Garant\u00eda\" \/>\n<meta property=\"og:url\" content=\"https:\/\/compuviper.mx\/tienda\/producto\/manhattan-150958-cable-usb-v2-0-ext-activa-20-0m-negro\/\" \/>\n<meta property=\"og:site_name\" content=\"Compuviper\" \/>\n<meta property=\"article:publisher\" content=\"https:\/\/www.facebook.com\/compuviper\" \/>\n<meta property=\"og:image\" content=\"https:\/\/compuviper.mx\/tienda\/wp-content\/uploads\/2023\/12\/Cable-usbmanhattan150958-v2.0-ext.-activa-20.0m-negro.jpg\" \/>\n\t<meta property=\"og:image:width\" content=\"200\" \/>\n\t<meta property=\"og:image:height\" content=\"200\" \/>\n\t<meta property=\"og:image:type\" content=\"image\/jpeg\" \/>\n<meta name=\"twitter:card\" content=\"summary_large_image\" \/>\n<meta name=\"twitter:label1\" content=\"Precio\" \/>\n\t<meta name=\"twitter:data1\" content=\"&#36;663 con IVA\" \/>\n\t<meta name=\"twitter:label2\" content=\"Availability\" \/>\n\t<meta name=\"twitter:data2\" content=\"In stock\" \/>\n<script type=\"application\/ld+json\" class=\"yoast-schema-graph\">{\"@context\":\"https:\/\/schema.org\",\"@graph\":[{\"@type\":\"WebPage\",\"@id\":\"https:\/\/compuviper.mx\/tienda\/producto\/manhattan-150958-cable-usb-v2-0-ext-activa-20-0m-negro\/\",\"url\":\"https:\/\/compuviper.mx\/tienda\/producto\/manhattan-150958-cable-usb-v2-0-ext-activa-20-0m-negro\/\",\"name\":\"[ Manhattan ] &#129351; 150958 Cable Usb,,, V2.0 Ext. Activa 20.0m Negro\",\"isPartOf\":{\"@id\":\"https:\/\/compuviper.mx\/tienda\/#website\"},\"datePublished\":\"2026-04-15T05:38:54+00:00\",\"dateModified\":\"2026-04-15T05:38:54+00:00\",\"description\":\"Compra 150958 Cable Usb,,, V2.0 Ext. Activa 20.0m Negro + Env\u00edo a domicilio + Pago seguro + Garant\u00eda\",\"breadcrumb\":{\"@id\":\"https:\/\/compuviper.mx\/tienda\/producto\/manhattan-150958-cable-usb-v2-0-ext-activa-20-0m-negro\/#breadcrumb\"},\"inLanguage\":\"es-MX\",\"potentialAction\":[{\"@type\":\"ReadAction\",\"target\":[\"https:\/\/compuviper.mx\/tienda\/producto\/manhattan-150958-cable-usb-v2-0-ext-activa-20-0m-negro\/\"]}]},{\"@type\":\"BreadcrumbList\",\"@id\":\"https:\/\/compuviper.mx\/tienda\/producto\/manhattan-150958-cable-usb-v2-0-ext-activa-20-0m-negro\/#breadcrumb\",\"itemListElement\":[{\"@type\":\"ListItem\",\"position\":1,\"name\":\"Inicio\",\"item\":\"https:\/\/compuviper.mx\/tienda\/\"},{\"@type\":\"ListItem\",\"position\":2,\"name\":\"Productos\",\"item\":\"https:\/\/compuviper.mx\/tienda\/productos\/\"},{\"@type\":\"ListItem\",\"position\":3,\"name\":\"Cables\",\"item\":\"https:\/\/compuviper.mx\/tienda\/categoria-producto\/cables\/\"},{\"@type\":\"ListItem\",\"position\":4,\"name\":\"Cable De Video\",\"item\":\"https:\/\/compuviper.mx\/tienda\/categoria-producto\/cables\/cable-de-video\/\"},{\"@type\":\"ListItem\",\"position\":5,\"name\":\"Manhattan 150958 Cable Usb,,, V2.0 Ext. Activa 20.0m Negro\"}]},{\"@type\":\"WebSite\",\"@id\":\"https:\/\/compuviper.mx\/tienda\/#website\",\"url\":\"https:\/\/compuviper.mx\/tienda\/\",\"name\":\"Compuviper\",\"description\":\"Proveedor de Computadoras, Laptops, Servidores, Monitores, Puntos de Venta, Teclados,   Impresoras, T\u00f3ner, C\u00e1maras de Seguridad y m\u00e1s en tu tienda en l\u00ednea\",\"publisher\":{\"@id\":\"https:\/\/compuviper.mx\/tienda\/#organization\"},\"potentialAction\":[{\"@type\":\"SearchAction\",\"target\":{\"@type\":\"EntryPoint\",\"urlTemplate\":\"https:\/\/compuviper.mx\/tienda\/?s={search_term_string}\"},\"query-input\":\"required name=search_term_string\"}],\"inLanguage\":\"es-MX\"},{\"@type\":\"Organization\",\"@id\":\"https:\/\/compuviper.mx\/tienda\/#organization\",\"name\":\"Compuviper\",\"url\":\"https:\/\/compuviper.mx\/tienda\/\",\"logo\":{\"@type\":\"ImageObject\",\"inLanguage\":\"es-MX\",\"@id\":\"https:\/\/compuviper.mx\/tienda\/#\/schema\/logo\/image\/\",\"url\":\"https:\/\/compuviper.mx\/tienda\/wp-content\/uploads\/2021\/08\/Logo-Compuviper-10.png\",\"contentUrl\":\"https:\/\/compuviper.mx\/tienda\/wp-content\/uploads\/2021\/08\/Logo-Compuviper-10.png\",\"width\":1000,\"height\":500,\"caption\":\"Compuviper\"},\"image\":{\"@id\":\"https:\/\/compuviper.mx\/tienda\/#\/schema\/logo\/image\/\"},\"sameAs\":[\"https:\/\/www.facebook.com\/compuviper\",\"https:\/\/www.youtube.com\/channel\/UCf73dERp9Y3cfOq7q8BhLjA?view_as=subscriber\"]}]}<\/script>\n<meta property=\"product:brand\" content=\"MANHATTAN\" \/>\n<meta property=\"product:price:amount\" content=\"663\" \/>\n<meta property=\"product:price:currency\" content=\"MXN\" \/>\n<meta property=\"og:availability\" content=\"instock\" \/>\n<meta property=\"product:availability\" content=\"instock\" \/>\n<meta property=\"product:retailer_item_id\" content=\"150958\" \/>\n<meta property=\"product:condition\" content=\"new\" \/>\n<!-- \/ Yoast SEO plugin. -->","yoast_head_json":{"title":"[ Manhattan ] &#129351; 150958 Cable Usb,,, V2.0 Ext. Activa 20.0m Negro","description":"Compra 150958 Cable Usb,,, V2.0 Ext. Activa 20.0m Negro + Env\u00edo a domicilio + Pago seguro + Garant\u00eda","robots":{"index":"index","follow":"follow","max-snippet":"max-snippet:-1","max-image-preview":"max-image-preview:large","max-video-preview":"max-video-preview:-1"},"canonical":"https:\/\/compuviper.mx\/tienda\/producto\/manhattan-150958-cable-usb-v2-0-ext-activa-20-0m-negro\/","og_locale":"es_MX","og_type":"article","og_title":"[ Manhattan ] &#129351; 150958 Cable Usb,,, V2.0 Ext. Activa 20.0m Negro","og_description":"Compra 150958 Cable Usb,,, V2.0 Ext. Activa 20.0m Negro + Env\u00edo a domicilio + Pago seguro + Garant\u00eda","og_url":"https:\/\/compuviper.mx\/tienda\/producto\/manhattan-150958-cable-usb-v2-0-ext-activa-20-0m-negro\/","og_site_name":"Compuviper","article_publisher":"https:\/\/www.facebook.com\/compuviper","og_image":[{"width":200,"height":200,"url":"https:\/\/compuviper.mx\/tienda\/wp-content\/uploads\/2023\/12\/Cable-usbmanhattan150958-v2.0-ext.-activa-20.0m-negro.jpg","type":"image\/jpeg"}],"twitter_card":"summary_large_image","twitter_misc":{"Precio":"&#36;663 con IVA","Availability":"In stock"},"schema":{"@context":"https:\/\/schema.org","@graph":[{"@type":"WebPage","@id":"https:\/\/compuviper.mx\/tienda\/producto\/manhattan-150958-cable-usb-v2-0-ext-activa-20-0m-negro\/","url":"https:\/\/compuviper.mx\/tienda\/producto\/manhattan-150958-cable-usb-v2-0-ext-activa-20-0m-negro\/","name":"[ Manhattan ] &#129351; 150958 Cable Usb,,, V2.0 Ext. Activa 20.0m Negro","isPartOf":{"@id":"https:\/\/compuviper.mx\/tienda\/#website"},"datePublished":"2026-04-15T05:38:54+00:00","dateModified":"2026-04-15T05:38:54+00:00","description":"Compra 150958 Cable Usb,,, V2.0 Ext. Activa 20.0m Negro + Env\u00edo a domicilio + Pago seguro + Garant\u00eda","breadcrumb":{"@id":"https:\/\/compuviper.mx\/tienda\/producto\/manhattan-150958-cable-usb-v2-0-ext-activa-20-0m-negro\/#breadcrumb"},"inLanguage":"es-MX","potentialAction":[{"@type":"ReadAction","target":["https:\/\/compuviper.mx\/tienda\/producto\/manhattan-150958-cable-usb-v2-0-ext-activa-20-0m-negro\/"]}]},{"@type":"BreadcrumbList","@id":"https:\/\/compuviper.mx\/tienda\/producto\/manhattan-150958-cable-usb-v2-0-ext-activa-20-0m-negro\/#breadcrumb","itemListElement":[{"@type":"ListItem","position":1,"name":"Inicio","item":"https:\/\/compuviper.mx\/tienda\/"},{"@type":"ListItem","position":2,"name":"Productos","item":"https:\/\/compuviper.mx\/tienda\/productos\/"},{"@type":"ListItem","position":3,"name":"Cables","item":"https:\/\/compuviper.mx\/tienda\/categoria-producto\/cables\/"},{"@type":"ListItem","position":4,"name":"Cable De Video","item":"https:\/\/compuviper.mx\/tienda\/categoria-producto\/cables\/cable-de-video\/"},{"@type":"ListItem","position":5,"name":"Manhattan 150958 Cable Usb,,, V2.0 Ext. Activa 20.0m Negro"}]},{"@type":"WebSite","@id":"https:\/\/compuviper.mx\/tienda\/#website","url":"https:\/\/compuviper.mx\/tienda\/","name":"Compuviper","description":"Proveedor de Computadoras, Laptops, Servidores, Monitores, Puntos de Venta, Teclados,   Impresoras, T\u00f3ner, C\u00e1maras de Seguridad y m\u00e1s en tu tienda en l\u00ednea","publisher":{"@id":"https:\/\/compuviper.mx\/tienda\/#organization"},"potentialAction":[{"@type":"SearchAction","target":{"@type":"EntryPoint","urlTemplate":"https:\/\/compuviper.mx\/tienda\/?s={search_term_string}"},"query-input":"required name=search_term_string"}],"inLanguage":"es-MX"},{"@type":"Organization","@id":"https:\/\/compuviper.mx\/tienda\/#organization","name":"Compuviper","url":"https:\/\/compuviper.mx\/tienda\/","logo":{"@type":"ImageObject","inLanguage":"es-MX","@id":"https:\/\/compuviper.mx\/tienda\/#\/schema\/logo\/image\/","url":"https:\/\/compuviper.mx\/tienda\/wp-content\/uploads\/2021\/08\/Logo-Compuviper-10.png","contentUrl":"https:\/\/compuviper.mx\/tienda\/wp-content\/uploads\/2021\/08\/Logo-Compuviper-10.png","width":1000,"height":500,"caption":"Compuviper"},"image":{"@id":"https:\/\/compuviper.mx\/tienda\/#\/schema\/logo\/image\/"},"sameAs":["https:\/\/www.facebook.com\/compuviper","https:\/\/www.youtube.com\/channel\/UCf73dERp9Y3cfOq7q8BhLjA?view_as=subscriber"]}]},"product_brand":"MANHATTAN","product_price_amount":"663","product_price_currency":"MXN","og_availability":"instock","product_availability":"instock","product_retailer_item_id":"150958","product_condition":"new"},"_links":{"self":[{"href":"https:\/\/compuviper.mx\/tienda\/wp-json\/wp\/v2\/product\/213211"}],"collection":[{"href":"https:\/\/compuviper.mx\/tienda\/wp-json\/wp\/v2\/product"}],"about":[{"href":"https:\/\/compuviper.mx\/tienda\/wp-json\/wp\/v2\/types\/product"}],"replies":[{"embeddable":true,"href":"https:\/\/compuviper.mx\/tienda\/wp-json\/wp\/v2\/comments?post=213211"}],"wp:featuredmedia":[{"embeddable":true,"href":"https:\/\/compuviper.mx\/tienda\/wp-json\/wp\/v2\/media\/213212"}],"wp:attachment":[{"href":"https:\/\/compuviper.mx\/tienda\/wp-json\/wp\/v2\/media?parent=213211"}],"wp:term":[{"taxonomy":"product_cat","embeddable":true,"href":"https:\/\/compuviper.mx\/tienda\/wp-json\/wp\/v2\/product_cat?post=213211"},{"taxonomy":"product_tag","embeddable":true,"href":"https:\/\/compuviper.mx\/tienda\/wp-json\/wp\/v2\/product_tag?post=213211"}],"curies":[{"name":"wp","href":"https:\/\/api.w.org\/{rel}","templated":true}]}}