{"id":213185,"date":"2026-04-13T23:35:43","date_gmt":"2026-04-14T05:35:43","guid":{"rendered":"https:\/\/compuviper.mx\/tienda\/producto\/3nstar-cd250-cajon-de-dinero-negro-compartimientos-4-billetes-8-monedas\/"},"modified":"2026-04-13T23:35:43","modified_gmt":"2026-04-14T05:35:43","slug":"3nstar-cd250-cajon-de-dinero-negro-compartimientos-4-billetes-8-monedas","status":"publish","type":"product","link":"https:\/\/compuviper.mx\/tienda\/producto\/3nstar-cd250-cajon-de-dinero-negro-compartimientos-4-billetes-8-monedas\/","title":{"rendered":"3nstar Cd250 Cajon De Dinero  , Negro, Compartimientos 4 Billetes &#8211; 8 Monedas"},"content":{"rendered":"<table class=\"descripcion\">\n<tr>\n<td>Fisicas<\/td>\n<\/tr>\n<tr>\n<td>Dimensiones: 330mm x 343mm x 90mm<\/td>\n<\/tr>\n<tr>\n<td>Peso:4.35kg<\/td>\n<\/tr>\n<tr>\n<td>Color:negro.<\/td>\n<\/tr>\n<tr>\n<td>Bandeja: pl\u00e1stico abs<\/td>\n<\/tr>\n<tr>\n<td>Distribuci\u00f3n de la bandeja:4 para billetes \/ 8 para monedas (removible)<\/td>\n<\/tr>\n<tr>\n<td>Materiales de construcci\u00f3n: acero y secc<\/td>\n<\/tr>\n<tr>\n<td>Acabado: pintura texturizada.<\/td>\n<\/tr>\n<tr>\n<td>Rolineras: poliuretano<\/td>\n<\/tr>\n<tr>\n<td>Cerraduras: de tres posiciones \/ 4 funciones: activaci\u00f3n electr\u00f3nica,<\/td>\n<\/tr>\n<tr>\n<td>Asegurado abierto\/cerrado, apertura manual.<\/td>\n<\/tr>\n<tr>\n<td>El\u00e9ctricas:<\/td>\n<\/tr>\n<tr>\n<td>Interface: rj11<\/td>\n<\/tr>\n<tr>\n<td>Mtbf(mantenimiento antes de falla): 1.000.000 aperturas\/cierres<\/td>\n<\/tr>\n<tr>\n<td>Micro switch:para estado de la gaveta<\/td>\n<\/tr>\n<tr>\n<td>Accesorios: activador usb \/ activador serial \/ bases para instalaci\u00f3n<\/td>\n<\/tr>\n<tr>\n<td>Garant\u00eda 1 a\u00f1o<\/td>\n<\/tr>\n<\/table>\n","protected":false},"excerpt":{"rendered":"<p>La gaveta cd250 de 3nstar es la opci\u00f3n ideal para los. Negocios que requieran una soluci\u00f3n compacta y al mismo. Tiempo resistente; con solo 330mm x 343mm x 90mm la. Gaveta cd250 es suficientemente compacta inclusive para. Ser usada en estaciones de pago m\u00f3viles como kioscos o. Puestos de comida. La gaveta posee una interface para. Conectarse con la mayor\u00eda de las impresoras de recibos. Disponibles en el mercado, haciendo su instalaci\u00f3n. Sumamente simple y r\u00e1pida<\/p>\n","protected":false},"featured_media":213186,"comment_status":"open","ping_status":"open","template":"","meta":[],"product_cat":[1598,1599],"product_tag":[1570],"acf":[],"yoast_head":"<!-- This site is optimized with the Yoast SEO plugin v21.7 - https:\/\/yoast.com\/wordpress\/plugins\/seo\/ -->\n<title>[ 3nstar ] &#129351; Cd250 Cajon De Dinero , Negro, Compartimientos 4 Billetes - 8 Monedas<\/title>\n<meta name=\"description\" content=\"Compra Cd250 Cajon De Dinero , Negro, Compartimientos 4 Billetes - 8 Monedas + Env\u00edo a domicilio + Pago seguro + Garant\u00eda\" \/>\n<meta name=\"robots\" content=\"index, follow, max-snippet:-1, max-image-preview:large, max-video-preview:-1\" \/>\n<link rel=\"canonical\" href=\"https:\/\/compuviper.mx\/tienda\/producto\/3nstar-cd250-cajon-de-dinero-negro-compartimientos-4-billetes-8-monedas\/\" \/>\n<meta property=\"og:locale\" content=\"es_MX\" \/>\n<meta property=\"og:type\" content=\"article\" \/>\n<meta property=\"og:title\" content=\"[ 3nstar ] &#129351; Cd250 Cajon De Dinero , Negro, Compartimientos 4 Billetes - 8 Monedas\" \/>\n<meta property=\"og:description\" content=\"Compra Cd250 Cajon De Dinero , Negro, Compartimientos 4 Billetes - 8 Monedas + Env\u00edo a domicilio + Pago seguro + Garant\u00eda\" \/>\n<meta property=\"og:url\" content=\"https:\/\/compuviper.mx\/tienda\/producto\/3nstar-cd250-cajon-de-dinero-negro-compartimientos-4-billetes-8-monedas\/\" \/>\n<meta property=\"og:site_name\" content=\"Compuviper\" \/>\n<meta property=\"article:publisher\" content=\"https:\/\/www.facebook.com\/compuviper\" \/>\n<meta property=\"og:image\" content=\"https:\/\/compuviper.mx\/tienda\/wp-content\/uploads\/2023\/12\/Cajon-de-dinero-3nstar-cd250-negro-compartimientos-4-billetes-8-monedas.jpg\" \/>\n\t<meta property=\"og:image:width\" content=\"200\" \/>\n\t<meta property=\"og:image:height\" content=\"200\" \/>\n\t<meta property=\"og:image:type\" content=\"image\/jpeg\" \/>\n<meta name=\"twitter:card\" content=\"summary_large_image\" \/>\n<meta name=\"twitter:label1\" content=\"Precio\" \/>\n\t<meta name=\"twitter:data1\" content=\"&#36;689 con IVA\" \/>\n\t<meta name=\"twitter:label2\" content=\"Availability\" \/>\n\t<meta name=\"twitter:data2\" content=\"In stock\" \/>\n<script type=\"application\/ld+json\" class=\"yoast-schema-graph\">{\"@context\":\"https:\/\/schema.org\",\"@graph\":[{\"@type\":\"WebPage\",\"@id\":\"https:\/\/compuviper.mx\/tienda\/producto\/3nstar-cd250-cajon-de-dinero-negro-compartimientos-4-billetes-8-monedas\/\",\"url\":\"https:\/\/compuviper.mx\/tienda\/producto\/3nstar-cd250-cajon-de-dinero-negro-compartimientos-4-billetes-8-monedas\/\",\"name\":\"[ 3nstar ] &#129351; Cd250 Cajon De Dinero , Negro, Compartimientos 4 Billetes - 8 Monedas\",\"isPartOf\":{\"@id\":\"https:\/\/compuviper.mx\/tienda\/#website\"},\"datePublished\":\"2026-04-14T05:35:43+00:00\",\"dateModified\":\"2026-04-14T05:35:43+00:00\",\"description\":\"Compra Cd250 Cajon De Dinero , Negro, Compartimientos 4 Billetes - 8 Monedas + Env\u00edo a domicilio + Pago seguro + Garant\u00eda\",\"breadcrumb\":{\"@id\":\"https:\/\/compuviper.mx\/tienda\/producto\/3nstar-cd250-cajon-de-dinero-negro-compartimientos-4-billetes-8-monedas\/#breadcrumb\"},\"inLanguage\":\"es-MX\",\"potentialAction\":[{\"@type\":\"ReadAction\",\"target\":[\"https:\/\/compuviper.mx\/tienda\/producto\/3nstar-cd250-cajon-de-dinero-negro-compartimientos-4-billetes-8-monedas\/\"]}]},{\"@type\":\"BreadcrumbList\",\"@id\":\"https:\/\/compuviper.mx\/tienda\/producto\/3nstar-cd250-cajon-de-dinero-negro-compartimientos-4-billetes-8-monedas\/#breadcrumb\",\"itemListElement\":[{\"@type\":\"ListItem\",\"position\":1,\"name\":\"Inicio\",\"item\":\"https:\/\/compuviper.mx\/tienda\/\"},{\"@type\":\"ListItem\",\"position\":2,\"name\":\"Productos\",\"item\":\"https:\/\/compuviper.mx\/tienda\/productos\/\"},{\"@type\":\"ListItem\",\"position\":3,\"name\":\"Cajon De Dinero\",\"item\":\"https:\/\/compuviper.mx\/tienda\/categoria-producto\/cajon-de-dinero\/\"},{\"@type\":\"ListItem\",\"position\":4,\"name\":\"Sin Categor\u00eda\",\"item\":\"https:\/\/compuviper.mx\/tienda\/categoria-producto\/cajon-de-dinero\/sin-categoria-cajon-de-dinero\/\"},{\"@type\":\"ListItem\",\"position\":5,\"name\":\"3nstar Cd250 Cajon De Dinero , Negro, Compartimientos 4 Billetes &#8211; 8 Monedas\"}]},{\"@type\":\"WebSite\",\"@id\":\"https:\/\/compuviper.mx\/tienda\/#website\",\"url\":\"https:\/\/compuviper.mx\/tienda\/\",\"name\":\"Compuviper\",\"description\":\"Proveedor de Computadoras, Laptops, Servidores, Monitores, Puntos de Venta, Teclados,   Impresoras, T\u00f3ner, C\u00e1maras de Seguridad y m\u00e1s en tu tienda en l\u00ednea\",\"publisher\":{\"@id\":\"https:\/\/compuviper.mx\/tienda\/#organization\"},\"potentialAction\":[{\"@type\":\"SearchAction\",\"target\":{\"@type\":\"EntryPoint\",\"urlTemplate\":\"https:\/\/compuviper.mx\/tienda\/?s={search_term_string}\"},\"query-input\":\"required name=search_term_string\"}],\"inLanguage\":\"es-MX\"},{\"@type\":\"Organization\",\"@id\":\"https:\/\/compuviper.mx\/tienda\/#organization\",\"name\":\"Compuviper\",\"url\":\"https:\/\/compuviper.mx\/tienda\/\",\"logo\":{\"@type\":\"ImageObject\",\"inLanguage\":\"es-MX\",\"@id\":\"https:\/\/compuviper.mx\/tienda\/#\/schema\/logo\/image\/\",\"url\":\"https:\/\/compuviper.mx\/tienda\/wp-content\/uploads\/2021\/08\/Logo-Compuviper-10.png\",\"contentUrl\":\"https:\/\/compuviper.mx\/tienda\/wp-content\/uploads\/2021\/08\/Logo-Compuviper-10.png\",\"width\":1000,\"height\":500,\"caption\":\"Compuviper\"},\"image\":{\"@id\":\"https:\/\/compuviper.mx\/tienda\/#\/schema\/logo\/image\/\"},\"sameAs\":[\"https:\/\/www.facebook.com\/compuviper\",\"https:\/\/www.youtube.com\/channel\/UCf73dERp9Y3cfOq7q8BhLjA?view_as=subscriber\"]}]}<\/script>\n<meta property=\"product:brand\" content=\"3NSTAR\" \/>\n<meta property=\"product:price:amount\" content=\"689\" \/>\n<meta property=\"product:price:currency\" content=\"MXN\" \/>\n<meta property=\"og:availability\" content=\"instock\" \/>\n<meta property=\"product:availability\" content=\"instock\" \/>\n<meta property=\"product:retailer_item_id\" content=\"CD250\" \/>\n<meta property=\"product:condition\" content=\"new\" \/>\n<!-- \/ Yoast SEO plugin. -->","yoast_head_json":{"title":"[ 3nstar ] &#129351; Cd250 Cajon De Dinero , Negro, Compartimientos 4 Billetes - 8 Monedas","description":"Compra Cd250 Cajon De Dinero , Negro, Compartimientos 4 Billetes - 8 Monedas + Env\u00edo a domicilio + Pago seguro + Garant\u00eda","robots":{"index":"index","follow":"follow","max-snippet":"max-snippet:-1","max-image-preview":"max-image-preview:large","max-video-preview":"max-video-preview:-1"},"canonical":"https:\/\/compuviper.mx\/tienda\/producto\/3nstar-cd250-cajon-de-dinero-negro-compartimientos-4-billetes-8-monedas\/","og_locale":"es_MX","og_type":"article","og_title":"[ 3nstar ] &#129351; Cd250 Cajon De Dinero , Negro, Compartimientos 4 Billetes - 8 Monedas","og_description":"Compra Cd250 Cajon De Dinero , Negro, Compartimientos 4 Billetes - 8 Monedas + Env\u00edo a domicilio + Pago seguro + Garant\u00eda","og_url":"https:\/\/compuviper.mx\/tienda\/producto\/3nstar-cd250-cajon-de-dinero-negro-compartimientos-4-billetes-8-monedas\/","og_site_name":"Compuviper","article_publisher":"https:\/\/www.facebook.com\/compuviper","og_image":[{"width":200,"height":200,"url":"https:\/\/compuviper.mx\/tienda\/wp-content\/uploads\/2023\/12\/Cajon-de-dinero-3nstar-cd250-negro-compartimientos-4-billetes-8-monedas.jpg","type":"image\/jpeg"}],"twitter_card":"summary_large_image","twitter_misc":{"Precio":"&#36;689 con IVA","Availability":"In stock"},"schema":{"@context":"https:\/\/schema.org","@graph":[{"@type":"WebPage","@id":"https:\/\/compuviper.mx\/tienda\/producto\/3nstar-cd250-cajon-de-dinero-negro-compartimientos-4-billetes-8-monedas\/","url":"https:\/\/compuviper.mx\/tienda\/producto\/3nstar-cd250-cajon-de-dinero-negro-compartimientos-4-billetes-8-monedas\/","name":"[ 3nstar ] &#129351; Cd250 Cajon De Dinero , Negro, Compartimientos 4 Billetes - 8 Monedas","isPartOf":{"@id":"https:\/\/compuviper.mx\/tienda\/#website"},"datePublished":"2026-04-14T05:35:43+00:00","dateModified":"2026-04-14T05:35:43+00:00","description":"Compra Cd250 Cajon De Dinero , Negro, Compartimientos 4 Billetes - 8 Monedas + Env\u00edo a domicilio + Pago seguro + Garant\u00eda","breadcrumb":{"@id":"https:\/\/compuviper.mx\/tienda\/producto\/3nstar-cd250-cajon-de-dinero-negro-compartimientos-4-billetes-8-monedas\/#breadcrumb"},"inLanguage":"es-MX","potentialAction":[{"@type":"ReadAction","target":["https:\/\/compuviper.mx\/tienda\/producto\/3nstar-cd250-cajon-de-dinero-negro-compartimientos-4-billetes-8-monedas\/"]}]},{"@type":"BreadcrumbList","@id":"https:\/\/compuviper.mx\/tienda\/producto\/3nstar-cd250-cajon-de-dinero-negro-compartimientos-4-billetes-8-monedas\/#breadcrumb","itemListElement":[{"@type":"ListItem","position":1,"name":"Inicio","item":"https:\/\/compuviper.mx\/tienda\/"},{"@type":"ListItem","position":2,"name":"Productos","item":"https:\/\/compuviper.mx\/tienda\/productos\/"},{"@type":"ListItem","position":3,"name":"Cajon De Dinero","item":"https:\/\/compuviper.mx\/tienda\/categoria-producto\/cajon-de-dinero\/"},{"@type":"ListItem","position":4,"name":"Sin Categor\u00eda","item":"https:\/\/compuviper.mx\/tienda\/categoria-producto\/cajon-de-dinero\/sin-categoria-cajon-de-dinero\/"},{"@type":"ListItem","position":5,"name":"3nstar Cd250 Cajon De Dinero , Negro, Compartimientos 4 Billetes &#8211; 8 Monedas"}]},{"@type":"WebSite","@id":"https:\/\/compuviper.mx\/tienda\/#website","url":"https:\/\/compuviper.mx\/tienda\/","name":"Compuviper","description":"Proveedor de Computadoras, Laptops, Servidores, Monitores, Puntos de Venta, Teclados,   Impresoras, T\u00f3ner, C\u00e1maras de Seguridad y m\u00e1s en tu tienda en l\u00ednea","publisher":{"@id":"https:\/\/compuviper.mx\/tienda\/#organization"},"potentialAction":[{"@type":"SearchAction","target":{"@type":"EntryPoint","urlTemplate":"https:\/\/compuviper.mx\/tienda\/?s={search_term_string}"},"query-input":"required name=search_term_string"}],"inLanguage":"es-MX"},{"@type":"Organization","@id":"https:\/\/compuviper.mx\/tienda\/#organization","name":"Compuviper","url":"https:\/\/compuviper.mx\/tienda\/","logo":{"@type":"ImageObject","inLanguage":"es-MX","@id":"https:\/\/compuviper.mx\/tienda\/#\/schema\/logo\/image\/","url":"https:\/\/compuviper.mx\/tienda\/wp-content\/uploads\/2021\/08\/Logo-Compuviper-10.png","contentUrl":"https:\/\/compuviper.mx\/tienda\/wp-content\/uploads\/2021\/08\/Logo-Compuviper-10.png","width":1000,"height":500,"caption":"Compuviper"},"image":{"@id":"https:\/\/compuviper.mx\/tienda\/#\/schema\/logo\/image\/"},"sameAs":["https:\/\/www.facebook.com\/compuviper","https:\/\/www.youtube.com\/channel\/UCf73dERp9Y3cfOq7q8BhLjA?view_as=subscriber"]}]},"product_brand":"3NSTAR","product_price_amount":"689","product_price_currency":"MXN","og_availability":"instock","product_availability":"instock","product_retailer_item_id":"CD250","product_condition":"new"},"_links":{"self":[{"href":"https:\/\/compuviper.mx\/tienda\/wp-json\/wp\/v2\/product\/213185"}],"collection":[{"href":"https:\/\/compuviper.mx\/tienda\/wp-json\/wp\/v2\/product"}],"about":[{"href":"https:\/\/compuviper.mx\/tienda\/wp-json\/wp\/v2\/types\/product"}],"replies":[{"embeddable":true,"href":"https:\/\/compuviper.mx\/tienda\/wp-json\/wp\/v2\/comments?post=213185"}],"wp:featuredmedia":[{"embeddable":true,"href":"https:\/\/compuviper.mx\/tienda\/wp-json\/wp\/v2\/media\/213186"}],"wp:attachment":[{"href":"https:\/\/compuviper.mx\/tienda\/wp-json\/wp\/v2\/media?parent=213185"}],"wp:term":[{"taxonomy":"product_cat","embeddable":true,"href":"https:\/\/compuviper.mx\/tienda\/wp-json\/wp\/v2\/product_cat?post=213185"},{"taxonomy":"product_tag","embeddable":true,"href":"https:\/\/compuviper.mx\/tienda\/wp-json\/wp\/v2\/product_tag?post=213185"}],"curies":[{"name":"wp","href":"https:\/\/api.w.org\/{rel}","templated":true}]}}