{"id":213183,"date":"2026-04-06T23:35:55","date_gmt":"2026-04-07T05:35:55","guid":{"rendered":"https:\/\/compuviper.mx\/tienda\/producto\/ec-line-ec-cd-200m-cajon-de-dinero-heavy-duty-metalico-negro-compartimentos-5-billetes-7-monedas\/"},"modified":"2026-04-06T23:35:55","modified_gmt":"2026-04-07T05:35:55","slug":"ec-line-ec-cd-200m-cajon-de-dinero-heavy-duty-metalico-negro-compartimentos-5-billetes-8-monedas-ajustable-rj11","status":"publish","type":"product","link":"https:\/\/compuviper.mx\/tienda\/producto\/ec-line-ec-cd-200m-cajon-de-dinero-heavy-duty-metalico-negro-compartimentos-5-billetes-8-monedas-ajustable-rj11\/","title":{"rendered":"Ec Line Ec-cd-200m Cajon De Dinero  Heavy Duty Metalico , Negro, Compartimentos 5 Billetes &#8211; 8 Monedas Ajustable, Rj11"},"content":{"rendered":"<table class=\"descripcion\">\n<tr>\n<td>Especificaciones<\/td>\n<\/tr>\n<tr>\n<td>Dimensiones pulgada 16.7 (a) x 17.3 (l) x 3.9 (a)<\/td>\n<\/tr>\n<tr>\n<td>Estructura cajon metalico con exactitud mecanica para trabajo pesado.<\/td>\n<\/tr>\n<tr>\n<td>Cubierta construccion de acero alta duracion en todas sus partes.<\/td>\n<\/tr>\n<tr>\n<td>Panel delantero frente de acero inoxidable.<\/td>\n<\/tr>\n<tr>\n<td>Charola de dinero 5 billetes \/ 7 a 8 monedas ajustable.<\/td>\n<\/tr>\n<tr>\n<td>Bandeja de billetes sujetadores de billetes metalico.<\/td>\n<\/tr>\n<tr>\n<td>Bandeja de monedas 7 divisores.<\/td>\n<\/tr>\n<tr>\n<td>Ranura frontal acceso frontal para documentos.<\/td>\n<\/tr>\n<tr>\n<td>Cerradura     llave con 3 posiciones.<\/td>\n<\/tr>\n<tr>\n<td>Micro- interruptor abierto por senal al solenoide<\/td>\n<\/tr>\n<tr>\n<td>Interface                        24v para rj11, para impresora de recibos.<\/td>\n<\/tr>\n<tr>\n<td>Compatibilidad apertura con todas las marcas de impresoras de recibos<\/td>\n<\/tr>\n<tr>\n<td>Conectividad                  rj11<\/td>\n<\/tr>\n<tr>\n<td>Color                        negro gris o blanco.<\/td>\n<\/tr>\n<tr>\n<td>Peso neto                        7.9 kg.<\/td>\n<\/tr>\n<tr>\n<td>Durabilidad                      4 millones de operaciones<\/td>\n<\/tr>\n<\/table>\n","protected":false},"excerpt":{"rendered":"<p>Cajon de dinero ec-cd-200m disenado para puntos de venta donde el trabajo pesado es lo primordial.Su diseno lo hace ser el cajon mas fuerte y funcional en el que el tipo de ambiente requiere de resistencia y durabilidad. El cajon de dinero cuenta con: 7 a 8 separadores de moneda 5 separadores de billete. Llave de 3 posiciones. Ranura de documentos. Conexion rj11. Sujetadores de billetes metalicos. Compatible con: ec line, star micronics, okidata, epson, samsung.<\/p>\n","protected":false},"featured_media":213184,"comment_status":"open","ping_status":"open","template":"","meta":[],"product_cat":[1598,1599],"product_tag":[1600],"acf":[],"yoast_head":"<!-- This site is optimized with the Yoast SEO plugin v21.7 - https:\/\/yoast.com\/wordpress\/plugins\/seo\/ -->\n<title>[ Ec Line ] &#129351; Ec-cd-200m Cajon De Dinero Heavy Duty Metalico , Negro, Compartimentos 5 Billetes - 8 Monedas Ajustable, Rj11<\/title>\n<meta name=\"description\" content=\"Compra Ec-cd-200m Cajon De Dinero Heavy Duty Metalico , Negro, Compartimentos 5 Billetes - 8 Monedas Ajustable, Rj11 + Env\u00edo a domicilio + Pago seguro + Garant\u00eda\" \/>\n<meta name=\"robots\" content=\"index, follow, max-snippet:-1, max-image-preview:large, max-video-preview:-1\" \/>\n<link rel=\"canonical\" href=\"https:\/\/compuviper.mx\/tienda\/producto\/ec-line-ec-cd-200m-cajon-de-dinero-heavy-duty-metalico-negro-compartimentos-5-billetes-8-monedas-ajustable-rj11\/\" \/>\n<meta property=\"og:locale\" content=\"es_MX\" \/>\n<meta property=\"og:type\" content=\"article\" \/>\n<meta property=\"og:title\" content=\"[ Ec Line ] &#129351; Ec-cd-200m Cajon De Dinero Heavy Duty Metalico , Negro, Compartimentos 5 Billetes - 8 Monedas Ajustable, Rj11\" \/>\n<meta property=\"og:description\" content=\"Compra Ec-cd-200m Cajon De Dinero Heavy Duty Metalico , Negro, Compartimentos 5 Billetes - 8 Monedas Ajustable, Rj11 + Env\u00edo a domicilio + Pago seguro + Garant\u00eda\" \/>\n<meta property=\"og:url\" content=\"https:\/\/compuviper.mx\/tienda\/producto\/ec-line-ec-cd-200m-cajon-de-dinero-heavy-duty-metalico-negro-compartimentos-5-billetes-8-monedas-ajustable-rj11\/\" \/>\n<meta property=\"og:site_name\" content=\"Compuviper\" \/>\n<meta property=\"article:publisher\" content=\"https:\/\/www.facebook.com\/compuviper\" \/>\n<meta property=\"og:image\" content=\"https:\/\/compuviper.mx\/tienda\/wp-content\/uploads\/2023\/12\/Cajon-de-dinero-ec-line-heavy-duty-metalico-ec-cd-200m-negro-compartimentos-5-billetes-7-monedas.jpg\" \/>\n\t<meta property=\"og:image:width\" content=\"200\" \/>\n\t<meta property=\"og:image:height\" content=\"200\" \/>\n\t<meta property=\"og:image:type\" content=\"image\/jpeg\" \/>\n<meta name=\"twitter:card\" content=\"summary_large_image\" \/>\n<meta name=\"twitter:label1\" content=\"Precio\" \/>\n\t<meta name=\"twitter:data1\" content=\"&#36;1,270 con IVA\" \/>\n\t<meta name=\"twitter:label2\" content=\"Availability\" \/>\n\t<meta name=\"twitter:data2\" content=\"In stock\" \/>\n<script type=\"application\/ld+json\" class=\"yoast-schema-graph\">{\"@context\":\"https:\/\/schema.org\",\"@graph\":[{\"@type\":\"WebPage\",\"@id\":\"https:\/\/compuviper.mx\/tienda\/producto\/ec-line-ec-cd-200m-cajon-de-dinero-heavy-duty-metalico-negro-compartimentos-5-billetes-8-monedas-ajustable-rj11\/\",\"url\":\"https:\/\/compuviper.mx\/tienda\/producto\/ec-line-ec-cd-200m-cajon-de-dinero-heavy-duty-metalico-negro-compartimentos-5-billetes-8-monedas-ajustable-rj11\/\",\"name\":\"[ Ec Line ] &#129351; Ec-cd-200m Cajon De Dinero Heavy Duty Metalico , Negro, Compartimentos 5 Billetes - 8 Monedas Ajustable, Rj11\",\"isPartOf\":{\"@id\":\"https:\/\/compuviper.mx\/tienda\/#website\"},\"datePublished\":\"2026-04-07T05:35:55+00:00\",\"dateModified\":\"2026-04-07T05:35:55+00:00\",\"description\":\"Compra Ec-cd-200m Cajon De Dinero Heavy Duty Metalico , Negro, Compartimentos 5 Billetes - 8 Monedas Ajustable, Rj11 + Env\u00edo a domicilio + Pago seguro + Garant\u00eda\",\"breadcrumb\":{\"@id\":\"https:\/\/compuviper.mx\/tienda\/producto\/ec-line-ec-cd-200m-cajon-de-dinero-heavy-duty-metalico-negro-compartimentos-5-billetes-8-monedas-ajustable-rj11\/#breadcrumb\"},\"inLanguage\":\"es-MX\",\"potentialAction\":[{\"@type\":\"ReadAction\",\"target\":[\"https:\/\/compuviper.mx\/tienda\/producto\/ec-line-ec-cd-200m-cajon-de-dinero-heavy-duty-metalico-negro-compartimentos-5-billetes-8-monedas-ajustable-rj11\/\"]}]},{\"@type\":\"BreadcrumbList\",\"@id\":\"https:\/\/compuviper.mx\/tienda\/producto\/ec-line-ec-cd-200m-cajon-de-dinero-heavy-duty-metalico-negro-compartimentos-5-billetes-8-monedas-ajustable-rj11\/#breadcrumb\",\"itemListElement\":[{\"@type\":\"ListItem\",\"position\":1,\"name\":\"Inicio\",\"item\":\"https:\/\/compuviper.mx\/tienda\/\"},{\"@type\":\"ListItem\",\"position\":2,\"name\":\"Productos\",\"item\":\"https:\/\/compuviper.mx\/tienda\/productos\/\"},{\"@type\":\"ListItem\",\"position\":3,\"name\":\"Cajon De Dinero\",\"item\":\"https:\/\/compuviper.mx\/tienda\/categoria-producto\/cajon-de-dinero\/\"},{\"@type\":\"ListItem\",\"position\":4,\"name\":\"Sin Categor\u00eda\",\"item\":\"https:\/\/compuviper.mx\/tienda\/categoria-producto\/cajon-de-dinero\/sin-categoria-cajon-de-dinero\/\"},{\"@type\":\"ListItem\",\"position\":5,\"name\":\"Ec Line Ec-cd-200m Cajon De Dinero Heavy Duty Metalico , Negro, Compartimentos 5 Billetes &#8211; 8 Monedas Ajustable, Rj11\"}]},{\"@type\":\"WebSite\",\"@id\":\"https:\/\/compuviper.mx\/tienda\/#website\",\"url\":\"https:\/\/compuviper.mx\/tienda\/\",\"name\":\"Compuviper\",\"description\":\"Proveedor de Computadoras, Laptops, Servidores, Monitores, Puntos de Venta, Teclados,   Impresoras, T\u00f3ner, C\u00e1maras de Seguridad y m\u00e1s en tu tienda en l\u00ednea\",\"publisher\":{\"@id\":\"https:\/\/compuviper.mx\/tienda\/#organization\"},\"potentialAction\":[{\"@type\":\"SearchAction\",\"target\":{\"@type\":\"EntryPoint\",\"urlTemplate\":\"https:\/\/compuviper.mx\/tienda\/?s={search_term_string}\"},\"query-input\":\"required name=search_term_string\"}],\"inLanguage\":\"es-MX\"},{\"@type\":\"Organization\",\"@id\":\"https:\/\/compuviper.mx\/tienda\/#organization\",\"name\":\"Compuviper\",\"url\":\"https:\/\/compuviper.mx\/tienda\/\",\"logo\":{\"@type\":\"ImageObject\",\"inLanguage\":\"es-MX\",\"@id\":\"https:\/\/compuviper.mx\/tienda\/#\/schema\/logo\/image\/\",\"url\":\"https:\/\/compuviper.mx\/tienda\/wp-content\/uploads\/2021\/08\/Logo-Compuviper-10.png\",\"contentUrl\":\"https:\/\/compuviper.mx\/tienda\/wp-content\/uploads\/2021\/08\/Logo-Compuviper-10.png\",\"width\":1000,\"height\":500,\"caption\":\"Compuviper\"},\"image\":{\"@id\":\"https:\/\/compuviper.mx\/tienda\/#\/schema\/logo\/image\/\"},\"sameAs\":[\"https:\/\/www.facebook.com\/compuviper\",\"https:\/\/www.youtube.com\/channel\/UCf73dERp9Y3cfOq7q8BhLjA?view_as=subscriber\"]}]}<\/script>\n<meta property=\"product:brand\" content=\"EC LINE\" \/>\n<meta property=\"product:price:amount\" content=\"1270\" \/>\n<meta property=\"product:price:currency\" content=\"MXN\" \/>\n<meta property=\"og:availability\" content=\"instock\" \/>\n<meta property=\"product:availability\" content=\"instock\" \/>\n<meta property=\"product:retailer_item_id\" content=\"EC-CD-200M\" \/>\n<meta property=\"product:condition\" content=\"new\" \/>\n<!-- \/ Yoast SEO plugin. -->","yoast_head_json":{"title":"[ Ec Line ] &#129351; Ec-cd-200m Cajon De Dinero Heavy Duty Metalico , Negro, Compartimentos 5 Billetes - 8 Monedas Ajustable, Rj11","description":"Compra Ec-cd-200m Cajon De Dinero Heavy Duty Metalico , Negro, Compartimentos 5 Billetes - 8 Monedas Ajustable, Rj11 + Env\u00edo a domicilio + Pago seguro + Garant\u00eda","robots":{"index":"index","follow":"follow","max-snippet":"max-snippet:-1","max-image-preview":"max-image-preview:large","max-video-preview":"max-video-preview:-1"},"canonical":"https:\/\/compuviper.mx\/tienda\/producto\/ec-line-ec-cd-200m-cajon-de-dinero-heavy-duty-metalico-negro-compartimentos-5-billetes-8-monedas-ajustable-rj11\/","og_locale":"es_MX","og_type":"article","og_title":"[ Ec Line ] &#129351; Ec-cd-200m Cajon De Dinero Heavy Duty Metalico , Negro, Compartimentos 5 Billetes - 8 Monedas Ajustable, Rj11","og_description":"Compra Ec-cd-200m Cajon De Dinero Heavy Duty Metalico , Negro, Compartimentos 5 Billetes - 8 Monedas Ajustable, Rj11 + Env\u00edo a domicilio + Pago seguro + Garant\u00eda","og_url":"https:\/\/compuviper.mx\/tienda\/producto\/ec-line-ec-cd-200m-cajon-de-dinero-heavy-duty-metalico-negro-compartimentos-5-billetes-8-monedas-ajustable-rj11\/","og_site_name":"Compuviper","article_publisher":"https:\/\/www.facebook.com\/compuviper","og_image":[{"width":200,"height":200,"url":"https:\/\/compuviper.mx\/tienda\/wp-content\/uploads\/2023\/12\/Cajon-de-dinero-ec-line-heavy-duty-metalico-ec-cd-200m-negro-compartimentos-5-billetes-7-monedas.jpg","type":"image\/jpeg"}],"twitter_card":"summary_large_image","twitter_misc":{"Precio":"&#36;1,270 con IVA","Availability":"In stock"},"schema":{"@context":"https:\/\/schema.org","@graph":[{"@type":"WebPage","@id":"https:\/\/compuviper.mx\/tienda\/producto\/ec-line-ec-cd-200m-cajon-de-dinero-heavy-duty-metalico-negro-compartimentos-5-billetes-8-monedas-ajustable-rj11\/","url":"https:\/\/compuviper.mx\/tienda\/producto\/ec-line-ec-cd-200m-cajon-de-dinero-heavy-duty-metalico-negro-compartimentos-5-billetes-8-monedas-ajustable-rj11\/","name":"[ Ec Line ] &#129351; Ec-cd-200m Cajon De Dinero Heavy Duty Metalico , Negro, Compartimentos 5 Billetes - 8 Monedas Ajustable, Rj11","isPartOf":{"@id":"https:\/\/compuviper.mx\/tienda\/#website"},"datePublished":"2026-04-07T05:35:55+00:00","dateModified":"2026-04-07T05:35:55+00:00","description":"Compra Ec-cd-200m Cajon De Dinero Heavy Duty Metalico , Negro, Compartimentos 5 Billetes - 8 Monedas Ajustable, Rj11 + Env\u00edo a domicilio + Pago seguro + Garant\u00eda","breadcrumb":{"@id":"https:\/\/compuviper.mx\/tienda\/producto\/ec-line-ec-cd-200m-cajon-de-dinero-heavy-duty-metalico-negro-compartimentos-5-billetes-8-monedas-ajustable-rj11\/#breadcrumb"},"inLanguage":"es-MX","potentialAction":[{"@type":"ReadAction","target":["https:\/\/compuviper.mx\/tienda\/producto\/ec-line-ec-cd-200m-cajon-de-dinero-heavy-duty-metalico-negro-compartimentos-5-billetes-8-monedas-ajustable-rj11\/"]}]},{"@type":"BreadcrumbList","@id":"https:\/\/compuviper.mx\/tienda\/producto\/ec-line-ec-cd-200m-cajon-de-dinero-heavy-duty-metalico-negro-compartimentos-5-billetes-8-monedas-ajustable-rj11\/#breadcrumb","itemListElement":[{"@type":"ListItem","position":1,"name":"Inicio","item":"https:\/\/compuviper.mx\/tienda\/"},{"@type":"ListItem","position":2,"name":"Productos","item":"https:\/\/compuviper.mx\/tienda\/productos\/"},{"@type":"ListItem","position":3,"name":"Cajon De Dinero","item":"https:\/\/compuviper.mx\/tienda\/categoria-producto\/cajon-de-dinero\/"},{"@type":"ListItem","position":4,"name":"Sin Categor\u00eda","item":"https:\/\/compuviper.mx\/tienda\/categoria-producto\/cajon-de-dinero\/sin-categoria-cajon-de-dinero\/"},{"@type":"ListItem","position":5,"name":"Ec Line Ec-cd-200m Cajon De Dinero Heavy Duty Metalico , Negro, Compartimentos 5 Billetes &#8211; 8 Monedas Ajustable, Rj11"}]},{"@type":"WebSite","@id":"https:\/\/compuviper.mx\/tienda\/#website","url":"https:\/\/compuviper.mx\/tienda\/","name":"Compuviper","description":"Proveedor de Computadoras, Laptops, Servidores, Monitores, Puntos de Venta, Teclados,   Impresoras, T\u00f3ner, C\u00e1maras de Seguridad y m\u00e1s en tu tienda en l\u00ednea","publisher":{"@id":"https:\/\/compuviper.mx\/tienda\/#organization"},"potentialAction":[{"@type":"SearchAction","target":{"@type":"EntryPoint","urlTemplate":"https:\/\/compuviper.mx\/tienda\/?s={search_term_string}"},"query-input":"required name=search_term_string"}],"inLanguage":"es-MX"},{"@type":"Organization","@id":"https:\/\/compuviper.mx\/tienda\/#organization","name":"Compuviper","url":"https:\/\/compuviper.mx\/tienda\/","logo":{"@type":"ImageObject","inLanguage":"es-MX","@id":"https:\/\/compuviper.mx\/tienda\/#\/schema\/logo\/image\/","url":"https:\/\/compuviper.mx\/tienda\/wp-content\/uploads\/2021\/08\/Logo-Compuviper-10.png","contentUrl":"https:\/\/compuviper.mx\/tienda\/wp-content\/uploads\/2021\/08\/Logo-Compuviper-10.png","width":1000,"height":500,"caption":"Compuviper"},"image":{"@id":"https:\/\/compuviper.mx\/tienda\/#\/schema\/logo\/image\/"},"sameAs":["https:\/\/www.facebook.com\/compuviper","https:\/\/www.youtube.com\/channel\/UCf73dERp9Y3cfOq7q8BhLjA?view_as=subscriber"]}]},"product_brand":"EC LINE","product_price_amount":"1270","product_price_currency":"MXN","og_availability":"instock","product_availability":"instock","product_retailer_item_id":"EC-CD-200M","product_condition":"new"},"_links":{"self":[{"href":"https:\/\/compuviper.mx\/tienda\/wp-json\/wp\/v2\/product\/213183"}],"collection":[{"href":"https:\/\/compuviper.mx\/tienda\/wp-json\/wp\/v2\/product"}],"about":[{"href":"https:\/\/compuviper.mx\/tienda\/wp-json\/wp\/v2\/types\/product"}],"replies":[{"embeddable":true,"href":"https:\/\/compuviper.mx\/tienda\/wp-json\/wp\/v2\/comments?post=213183"}],"wp:featuredmedia":[{"embeddable":true,"href":"https:\/\/compuviper.mx\/tienda\/wp-json\/wp\/v2\/media\/213184"}],"wp:attachment":[{"href":"https:\/\/compuviper.mx\/tienda\/wp-json\/wp\/v2\/media?parent=213183"}],"wp:term":[{"taxonomy":"product_cat","embeddable":true,"href":"https:\/\/compuviper.mx\/tienda\/wp-json\/wp\/v2\/product_cat?post=213183"},{"taxonomy":"product_tag","embeddable":true,"href":"https:\/\/compuviper.mx\/tienda\/wp-json\/wp\/v2\/product_tag?post=213183"}],"curies":[{"name":"wp","href":"https:\/\/api.w.org\/{rel}","templated":true}]}}