{"id":213177,"date":"2026-04-20T23:38:28","date_gmt":"2026-04-21T05:38:28","guid":{"rendered":"https:\/\/compuviper.mx\/tienda\/producto\/3nstar-bc1005-contador-de-billetes-dual-display-detector-de-billetes-falsos-hasta-1000-billetes-por-minuto\/"},"modified":"2026-04-20T23:38:28","modified_gmt":"2026-04-21T05:38:28","slug":"3nstar-bc1005-contador-de-billetes-dual-display-detector-de-billetes-falsos-hasta-1000-billetes-por-minuto","status":"publish","type":"product","link":"https:\/\/compuviper.mx\/tienda\/producto\/3nstar-bc1005-contador-de-billetes-dual-display-detector-de-billetes-falsos-hasta-1000-billetes-por-minuto\/","title":{"rendered":"3nstar Bc1005 Contador De Billetes  , Dual Display, Detector De Billetes Falsos, Hasta 1000 Billetes Por Minuto"},"content":{"rendered":"<table class=\"descripcion\">\n<tr>\n<td>Fisicas<\/td>\n<\/tr>\n<tr>\n<td>Dimensiones: 320mm x 270mm x 200mm<\/td>\n<\/tr>\n<tr>\n<td>Peso: 6 kg.<\/td>\n<\/tr>\n<tr>\n<td>Peso bruto: 7.5 kg.<\/td>\n<\/tr>\n<tr>\n<td>Dimensiones del empaque: 380mm x 325mm x 221mm<\/td>\n<\/tr>\n<tr>\n<td>Color: blanco<\/td>\n<\/tr>\n<tr>\n<td>Caracteristicas<\/td>\n<\/tr>\n<tr>\n<td>Deteccion: detecta billetes falsos, a traves de los sistemas ultravioletas y magnetico mientras cuenta, detecta billetes rotos o adheridos<\/td>\n<\/tr>\n<tr>\n<td>Funciones: se activa, se detiene y reinicia el contador automaticamente, soporta conteo por lotes.<\/td>\n<\/tr>\n<tr>\n<td>Velocidad de conteo: 1000\/min.<\/td>\n<\/tr>\n<tr>\n<td>Capacidad de tolva: 300 piezas<\/td>\n<\/tr>\n<tr>\n<td>Capacidad de apilador: 200 piezas<\/td>\n<\/tr>\n<tr>\n<td>Pantalla lcd: 3 pantallas lcd (2 integradas y 1 externa)<\/td>\n<\/tr>\n<tr>\n<td>Caracteristicas del billete<\/td>\n<\/tr>\n<tr>\n<td>Ancho maximo: 50 a 110mm<\/td>\n<\/tr>\n<tr>\n<td>Largo maximo: 90 a 190mm<\/td>\n<\/tr>\n<tr>\n<td>Maximo grosor: 0.075 a 0.15mm<\/td>\n<\/tr>\n<tr>\n<td>Entrada de corrinete<\/td>\n<\/tr>\n<tr>\n<td>Bc1005: 110v, 60hz.<\/td>\n<\/tr>\n<tr>\n<td>Consumo: 70w<\/td>\n<\/tr>\n<tr>\n<td>Ambientales<\/td>\n<\/tr>\n<tr>\n<td>Temperatura de operaci\u00f3n: 0\u00b0 a 40\u00b0 c<\/td>\n<\/tr>\n<tr>\n<td>Humedad de opercion: 20% a 90%<\/td>\n<\/tr>\n<tr>\n<td>Temperatura de almacenamiento: 0\u00b0 a 60\u00b0c<\/td>\n<\/tr>\n<tr>\n<td>Humedad de almacenamiento: 20% a 90%<\/td>\n<\/tr>\n<tr>\n<td>Garantia de 1 anio<\/td>\n<\/tr>\n<\/table>\n","protected":false},"excerpt":{"rendered":"<p>El contador de billetes 3nstar ofrece dos importantes beneficios: elimina los errores humanos que se producen durante el proceso manual y reduce significativamente el tiempo de conteo. En solo una fracci\u00f3n del tiempo, el contador de billetes 3nstar no solo cuenta su dinero, sino que adicionalmente verifica la autenticidad del mismo usando la sofisticada tecnolog\u00eda multi-puntos. Es la manera m\u00e1s r\u00e1pida y confiable para contar papel moneda, al final de un largo d\u00eda de trabajo.<\/p>\n","protected":false},"featured_media":213178,"comment_status":"open","ping_status":"open","template":"","meta":[],"product_cat":[1596,1597],"product_tag":[1570],"acf":[],"yoast_head":"<!-- This site is optimized with the Yoast SEO plugin v21.7 - https:\/\/yoast.com\/wordpress\/plugins\/seo\/ -->\n<title>[ 3nstar ] &#129351; Bc1005 Contador De Billetes , Dual Display, Detector De Billetes Falsos, Hasta 1000 Billetes Por Minuto<\/title>\n<meta name=\"description\" content=\"Compra Bc1005 Contador De Billetes , Dual Display, Detector De Billetes Falsos, Hasta 1000 Billetes Por Minuto + Env\u00edo a domicilio + Pago seguro + Garant\u00eda\" \/>\n<meta name=\"robots\" content=\"index, follow, max-snippet:-1, max-image-preview:large, max-video-preview:-1\" \/>\n<link rel=\"canonical\" href=\"https:\/\/compuviper.mx\/tienda\/producto\/3nstar-bc1005-contador-de-billetes-dual-display-detector-de-billetes-falsos-hasta-1000-billetes-por-minuto\/\" \/>\n<meta property=\"og:locale\" content=\"es_MX\" \/>\n<meta property=\"og:type\" content=\"article\" \/>\n<meta property=\"og:title\" content=\"[ 3nstar ] &#129351; Bc1005 Contador De Billetes , Dual Display, Detector De Billetes Falsos, Hasta 1000 Billetes Por Minuto\" \/>\n<meta property=\"og:description\" content=\"Compra Bc1005 Contador De Billetes , Dual Display, Detector De Billetes Falsos, Hasta 1000 Billetes Por Minuto + Env\u00edo a domicilio + Pago seguro + Garant\u00eda\" \/>\n<meta property=\"og:url\" content=\"https:\/\/compuviper.mx\/tienda\/producto\/3nstar-bc1005-contador-de-billetes-dual-display-detector-de-billetes-falsos-hasta-1000-billetes-por-minuto\/\" \/>\n<meta property=\"og:site_name\" content=\"Compuviper\" \/>\n<meta property=\"article:publisher\" content=\"https:\/\/www.facebook.com\/compuviper\" \/>\n<meta property=\"og:image\" content=\"https:\/\/compuviper.mx\/tienda\/wp-content\/uploads\/2023\/12\/Contador-de-billetes-3nstar-bc1005-dual-display-detector-de-billetes-falsos-hasta-1000-billetes-por-minuto.jpg\" \/>\n\t<meta property=\"og:image:width\" content=\"200\" \/>\n\t<meta property=\"og:image:height\" content=\"200\" \/>\n\t<meta property=\"og:image:type\" content=\"image\/jpeg\" \/>\n<meta name=\"twitter:card\" content=\"summary_large_image\" \/>\n<meta name=\"twitter:label1\" content=\"Precio\" \/>\n\t<meta name=\"twitter:data1\" content=\"&#36;2,178 con IVA\" \/>\n\t<meta name=\"twitter:label2\" content=\"Availability\" \/>\n\t<meta name=\"twitter:data2\" content=\"In stock\" \/>\n<script type=\"application\/ld+json\" class=\"yoast-schema-graph\">{\"@context\":\"https:\/\/schema.org\",\"@graph\":[{\"@type\":\"WebPage\",\"@id\":\"https:\/\/compuviper.mx\/tienda\/producto\/3nstar-bc1005-contador-de-billetes-dual-display-detector-de-billetes-falsos-hasta-1000-billetes-por-minuto\/\",\"url\":\"https:\/\/compuviper.mx\/tienda\/producto\/3nstar-bc1005-contador-de-billetes-dual-display-detector-de-billetes-falsos-hasta-1000-billetes-por-minuto\/\",\"name\":\"[ 3nstar ] &#129351; Bc1005 Contador De Billetes , Dual Display, Detector De Billetes Falsos, Hasta 1000 Billetes Por Minuto\",\"isPartOf\":{\"@id\":\"https:\/\/compuviper.mx\/tienda\/#website\"},\"datePublished\":\"2026-04-21T05:38:28+00:00\",\"dateModified\":\"2026-04-21T05:38:28+00:00\",\"description\":\"Compra Bc1005 Contador De Billetes , Dual Display, Detector De Billetes Falsos, Hasta 1000 Billetes Por Minuto + Env\u00edo a domicilio + Pago seguro + Garant\u00eda\",\"breadcrumb\":{\"@id\":\"https:\/\/compuviper.mx\/tienda\/producto\/3nstar-bc1005-contador-de-billetes-dual-display-detector-de-billetes-falsos-hasta-1000-billetes-por-minuto\/#breadcrumb\"},\"inLanguage\":\"es-MX\",\"potentialAction\":[{\"@type\":\"ReadAction\",\"target\":[\"https:\/\/compuviper.mx\/tienda\/producto\/3nstar-bc1005-contador-de-billetes-dual-display-detector-de-billetes-falsos-hasta-1000-billetes-por-minuto\/\"]}]},{\"@type\":\"BreadcrumbList\",\"@id\":\"https:\/\/compuviper.mx\/tienda\/producto\/3nstar-bc1005-contador-de-billetes-dual-display-detector-de-billetes-falsos-hasta-1000-billetes-por-minuto\/#breadcrumb\",\"itemListElement\":[{\"@type\":\"ListItem\",\"position\":1,\"name\":\"Inicio\",\"item\":\"https:\/\/compuviper.mx\/tienda\/\"},{\"@type\":\"ListItem\",\"position\":2,\"name\":\"Productos\",\"item\":\"https:\/\/compuviper.mx\/tienda\/productos\/\"},{\"@type\":\"ListItem\",\"position\":3,\"name\":\"Contador De Billetes\",\"item\":\"https:\/\/compuviper.mx\/tienda\/categoria-producto\/contador-de-billetes\/\"},{\"@type\":\"ListItem\",\"position\":4,\"name\":\"Sin Categor\u00eda\",\"item\":\"https:\/\/compuviper.mx\/tienda\/categoria-producto\/contador-de-billetes\/sin-categoria-contador-de-billetes\/\"},{\"@type\":\"ListItem\",\"position\":5,\"name\":\"3nstar Bc1005 Contador De Billetes , Dual Display, Detector De Billetes Falsos, Hasta 1000 Billetes Por Minuto\"}]},{\"@type\":\"WebSite\",\"@id\":\"https:\/\/compuviper.mx\/tienda\/#website\",\"url\":\"https:\/\/compuviper.mx\/tienda\/\",\"name\":\"Compuviper\",\"description\":\"Proveedor de Computadoras, Laptops, Servidores, Monitores, Puntos de Venta, Teclados,   Impresoras, T\u00f3ner, C\u00e1maras de Seguridad y m\u00e1s en tu tienda en l\u00ednea\",\"publisher\":{\"@id\":\"https:\/\/compuviper.mx\/tienda\/#organization\"},\"potentialAction\":[{\"@type\":\"SearchAction\",\"target\":{\"@type\":\"EntryPoint\",\"urlTemplate\":\"https:\/\/compuviper.mx\/tienda\/?s={search_term_string}\"},\"query-input\":\"required name=search_term_string\"}],\"inLanguage\":\"es-MX\"},{\"@type\":\"Organization\",\"@id\":\"https:\/\/compuviper.mx\/tienda\/#organization\",\"name\":\"Compuviper\",\"url\":\"https:\/\/compuviper.mx\/tienda\/\",\"logo\":{\"@type\":\"ImageObject\",\"inLanguage\":\"es-MX\",\"@id\":\"https:\/\/compuviper.mx\/tienda\/#\/schema\/logo\/image\/\",\"url\":\"https:\/\/compuviper.mx\/tienda\/wp-content\/uploads\/2021\/08\/Logo-Compuviper-10.png\",\"contentUrl\":\"https:\/\/compuviper.mx\/tienda\/wp-content\/uploads\/2021\/08\/Logo-Compuviper-10.png\",\"width\":1000,\"height\":500,\"caption\":\"Compuviper\"},\"image\":{\"@id\":\"https:\/\/compuviper.mx\/tienda\/#\/schema\/logo\/image\/\"},\"sameAs\":[\"https:\/\/www.facebook.com\/compuviper\",\"https:\/\/www.youtube.com\/channel\/UCf73dERp9Y3cfOq7q8BhLjA?view_as=subscriber\"]}]}<\/script>\n<meta property=\"product:brand\" content=\"3NSTAR\" \/>\n<meta property=\"product:price:amount\" content=\"2178\" \/>\n<meta property=\"product:price:currency\" content=\"MXN\" \/>\n<meta property=\"og:availability\" content=\"instock\" \/>\n<meta property=\"product:availability\" content=\"instock\" \/>\n<meta property=\"product:retailer_item_id\" content=\"BC1005\" \/>\n<meta property=\"product:condition\" content=\"new\" \/>\n<!-- \/ Yoast SEO plugin. -->","yoast_head_json":{"title":"[ 3nstar ] &#129351; Bc1005 Contador De Billetes , Dual Display, Detector De Billetes Falsos, Hasta 1000 Billetes Por Minuto","description":"Compra Bc1005 Contador De Billetes , Dual Display, Detector De Billetes Falsos, Hasta 1000 Billetes Por Minuto + Env\u00edo a domicilio + Pago seguro + Garant\u00eda","robots":{"index":"index","follow":"follow","max-snippet":"max-snippet:-1","max-image-preview":"max-image-preview:large","max-video-preview":"max-video-preview:-1"},"canonical":"https:\/\/compuviper.mx\/tienda\/producto\/3nstar-bc1005-contador-de-billetes-dual-display-detector-de-billetes-falsos-hasta-1000-billetes-por-minuto\/","og_locale":"es_MX","og_type":"article","og_title":"[ 3nstar ] &#129351; Bc1005 Contador De Billetes , Dual Display, Detector De Billetes Falsos, Hasta 1000 Billetes Por Minuto","og_description":"Compra Bc1005 Contador De Billetes , Dual Display, Detector De Billetes Falsos, Hasta 1000 Billetes Por Minuto + Env\u00edo a domicilio + Pago seguro + Garant\u00eda","og_url":"https:\/\/compuviper.mx\/tienda\/producto\/3nstar-bc1005-contador-de-billetes-dual-display-detector-de-billetes-falsos-hasta-1000-billetes-por-minuto\/","og_site_name":"Compuviper","article_publisher":"https:\/\/www.facebook.com\/compuviper","og_image":[{"width":200,"height":200,"url":"https:\/\/compuviper.mx\/tienda\/wp-content\/uploads\/2023\/12\/Contador-de-billetes-3nstar-bc1005-dual-display-detector-de-billetes-falsos-hasta-1000-billetes-por-minuto.jpg","type":"image\/jpeg"}],"twitter_card":"summary_large_image","twitter_misc":{"Precio":"&#36;2,178 con IVA","Availability":"In stock"},"schema":{"@context":"https:\/\/schema.org","@graph":[{"@type":"WebPage","@id":"https:\/\/compuviper.mx\/tienda\/producto\/3nstar-bc1005-contador-de-billetes-dual-display-detector-de-billetes-falsos-hasta-1000-billetes-por-minuto\/","url":"https:\/\/compuviper.mx\/tienda\/producto\/3nstar-bc1005-contador-de-billetes-dual-display-detector-de-billetes-falsos-hasta-1000-billetes-por-minuto\/","name":"[ 3nstar ] &#129351; Bc1005 Contador De Billetes , Dual Display, Detector De Billetes Falsos, Hasta 1000 Billetes Por Minuto","isPartOf":{"@id":"https:\/\/compuviper.mx\/tienda\/#website"},"datePublished":"2026-04-21T05:38:28+00:00","dateModified":"2026-04-21T05:38:28+00:00","description":"Compra Bc1005 Contador De Billetes , Dual Display, Detector De Billetes Falsos, Hasta 1000 Billetes Por Minuto + Env\u00edo a domicilio + Pago seguro + Garant\u00eda","breadcrumb":{"@id":"https:\/\/compuviper.mx\/tienda\/producto\/3nstar-bc1005-contador-de-billetes-dual-display-detector-de-billetes-falsos-hasta-1000-billetes-por-minuto\/#breadcrumb"},"inLanguage":"es-MX","potentialAction":[{"@type":"ReadAction","target":["https:\/\/compuviper.mx\/tienda\/producto\/3nstar-bc1005-contador-de-billetes-dual-display-detector-de-billetes-falsos-hasta-1000-billetes-por-minuto\/"]}]},{"@type":"BreadcrumbList","@id":"https:\/\/compuviper.mx\/tienda\/producto\/3nstar-bc1005-contador-de-billetes-dual-display-detector-de-billetes-falsos-hasta-1000-billetes-por-minuto\/#breadcrumb","itemListElement":[{"@type":"ListItem","position":1,"name":"Inicio","item":"https:\/\/compuviper.mx\/tienda\/"},{"@type":"ListItem","position":2,"name":"Productos","item":"https:\/\/compuviper.mx\/tienda\/productos\/"},{"@type":"ListItem","position":3,"name":"Contador De Billetes","item":"https:\/\/compuviper.mx\/tienda\/categoria-producto\/contador-de-billetes\/"},{"@type":"ListItem","position":4,"name":"Sin Categor\u00eda","item":"https:\/\/compuviper.mx\/tienda\/categoria-producto\/contador-de-billetes\/sin-categoria-contador-de-billetes\/"},{"@type":"ListItem","position":5,"name":"3nstar Bc1005 Contador De Billetes , Dual Display, Detector De Billetes Falsos, Hasta 1000 Billetes Por Minuto"}]},{"@type":"WebSite","@id":"https:\/\/compuviper.mx\/tienda\/#website","url":"https:\/\/compuviper.mx\/tienda\/","name":"Compuviper","description":"Proveedor de Computadoras, Laptops, Servidores, Monitores, Puntos de Venta, Teclados,   Impresoras, T\u00f3ner, C\u00e1maras de Seguridad y m\u00e1s en tu tienda en l\u00ednea","publisher":{"@id":"https:\/\/compuviper.mx\/tienda\/#organization"},"potentialAction":[{"@type":"SearchAction","target":{"@type":"EntryPoint","urlTemplate":"https:\/\/compuviper.mx\/tienda\/?s={search_term_string}"},"query-input":"required name=search_term_string"}],"inLanguage":"es-MX"},{"@type":"Organization","@id":"https:\/\/compuviper.mx\/tienda\/#organization","name":"Compuviper","url":"https:\/\/compuviper.mx\/tienda\/","logo":{"@type":"ImageObject","inLanguage":"es-MX","@id":"https:\/\/compuviper.mx\/tienda\/#\/schema\/logo\/image\/","url":"https:\/\/compuviper.mx\/tienda\/wp-content\/uploads\/2021\/08\/Logo-Compuviper-10.png","contentUrl":"https:\/\/compuviper.mx\/tienda\/wp-content\/uploads\/2021\/08\/Logo-Compuviper-10.png","width":1000,"height":500,"caption":"Compuviper"},"image":{"@id":"https:\/\/compuviper.mx\/tienda\/#\/schema\/logo\/image\/"},"sameAs":["https:\/\/www.facebook.com\/compuviper","https:\/\/www.youtube.com\/channel\/UCf73dERp9Y3cfOq7q8BhLjA?view_as=subscriber"]}]},"product_brand":"3NSTAR","product_price_amount":"2178","product_price_currency":"MXN","og_availability":"instock","product_availability":"instock","product_retailer_item_id":"BC1005","product_condition":"new"},"_links":{"self":[{"href":"https:\/\/compuviper.mx\/tienda\/wp-json\/wp\/v2\/product\/213177"}],"collection":[{"href":"https:\/\/compuviper.mx\/tienda\/wp-json\/wp\/v2\/product"}],"about":[{"href":"https:\/\/compuviper.mx\/tienda\/wp-json\/wp\/v2\/types\/product"}],"replies":[{"embeddable":true,"href":"https:\/\/compuviper.mx\/tienda\/wp-json\/wp\/v2\/comments?post=213177"}],"wp:featuredmedia":[{"embeddable":true,"href":"https:\/\/compuviper.mx\/tienda\/wp-json\/wp\/v2\/media\/213178"}],"wp:attachment":[{"href":"https:\/\/compuviper.mx\/tienda\/wp-json\/wp\/v2\/media?parent=213177"}],"wp:term":[{"taxonomy":"product_cat","embeddable":true,"href":"https:\/\/compuviper.mx\/tienda\/wp-json\/wp\/v2\/product_cat?post=213177"},{"taxonomy":"product_tag","embeddable":true,"href":"https:\/\/compuviper.mx\/tienda\/wp-json\/wp\/v2\/product_tag?post=213177"}],"curies":[{"name":"wp","href":"https:\/\/api.w.org\/{rel}","templated":true}]}}