{"id":213157,"date":"2026-04-10T23:36:18","date_gmt":"2026-04-11T05:36:18","guid":{"rendered":"https:\/\/compuviper.mx\/tienda\/producto\/hewlett-packard-enterprise-p10115-b21-adaptador-broadcom-bcm57414-ethernet-10-25-gb-2-puertos-sfp28-ocp3-para-hpe\/"},"modified":"2026-04-10T23:36:19","modified_gmt":"2026-04-11T05:36:19","slug":"hewlett-packard-enterprise-p10115-b21-adaptador-broadcom-bcm57414-ethernet-10-25-gb-2-puertos-sfp28-ocp3-para-hpe","status":"publish","type":"product","link":"https:\/\/compuviper.mx\/tienda\/producto\/hewlett-packard-enterprise-p10115-b21-adaptador-broadcom-bcm57414-ethernet-10-25-gb-2-puertos-sfp28-ocp3-para-hpe\/","title":{"rendered":"Hewlett Packard Enterprise P10115-b21 Adaptador Broadcom Bcm57414 Ethernet 10\/25 Gb 2 Puertos Sfp28 Ocp3 Para Hpe"},"content":{"rendered":"<table class=\"descripcion\">\n<tr>\n<td>Velocidad de datos<\/td>\n<\/tr>\n<tr>\n<td>10\/25 gb<\/td>\n<\/tr>\n<tr>\n<td>Tipo de bus<\/td>\n<\/tr>\n<tr>\n<td>Pcie gen3x8<\/td>\n<\/tr>\n<tr>\n<td>Factor de forma<\/td>\n<\/tr>\n<tr>\n<td>Ocp3.0<\/td>\n<\/tr>\n<tr>\n<td>C\u00f3digo unspsc<\/td>\n<\/tr>\n<tr>\n<td>43201404<\/td>\n<\/tr>\n<tr>\n<td>N\u00famero de puertos<\/td>\n<\/tr>\n<tr>\n<td>2<\/td>\n<\/tr>\n<\/table>\n","protected":false},"excerpt":{"rendered":"<p>Los adaptadores de ethernet hpe gen10 plus son soluciones ethernet escalables de 1, 10, 10\/25, 100 y 200 gb y compatibles con los servidores hpe gen10 plus para servicios de nube h\u00edbrida, datos m\u00f3viles y aplicaciones de streaming de v\u00eddeo. El servidor es la base de cualquier centro de datos, pero no funciona solo. Cuando un elemento de la cadena se ralentiza, tambi\u00e9n lo hace el resto. Mant\u00e9n tu red y tus datos fluyendo mediante un ecosistema integrado de adaptadores de red, transceptores, cables, conmutadores y servidores hpe.<\/p>\n","protected":false},"featured_media":213158,"comment_status":"open","ping_status":"open","template":"","meta":[],"product_cat":[1485,1501],"product_tag":[1568],"acf":[],"yoast_head":"<!-- This site is optimized with the Yoast SEO plugin v21.7 - https:\/\/yoast.com\/wordpress\/plugins\/seo\/ -->\n<title>[ Hewlett Packard Enterprise ] &#129351; P10115-b21 Adaptador Broadcom Bcm57414 Ethernet 10\/25 Gb 2 Puertos Sfp28 Ocp3 Para Hpe<\/title>\n<meta name=\"description\" content=\"Compra P10115-b21 Adaptador Broadcom Bcm57414 Ethernet 10\/25 Gb 2 Puertos Sfp28 Ocp3 Para Hpe + Env\u00edo a domicilio + Pago seguro + Garant\u00eda\" \/>\n<meta name=\"robots\" content=\"index, follow, max-snippet:-1, max-image-preview:large, max-video-preview:-1\" \/>\n<link rel=\"canonical\" href=\"https:\/\/compuviper.mx\/tienda\/producto\/hewlett-packard-enterprise-p10115-b21-adaptador-broadcom-bcm57414-ethernet-10-25-gb-2-puertos-sfp28-ocp3-para-hpe\/\" \/>\n<meta property=\"og:locale\" content=\"es_MX\" \/>\n<meta property=\"og:type\" content=\"article\" \/>\n<meta property=\"og:title\" content=\"[ Hewlett Packard Enterprise ] &#129351; P10115-b21 Adaptador Broadcom Bcm57414 Ethernet 10\/25 Gb 2 Puertos Sfp28 Ocp3 Para Hpe\" \/>\n<meta property=\"og:description\" content=\"Compra P10115-b21 Adaptador Broadcom Bcm57414 Ethernet 10\/25 Gb 2 Puertos Sfp28 Ocp3 Para Hpe + Env\u00edo a domicilio + Pago seguro + Garant\u00eda\" \/>\n<meta property=\"og:url\" content=\"https:\/\/compuviper.mx\/tienda\/producto\/hewlett-packard-enterprise-p10115-b21-adaptador-broadcom-bcm57414-ethernet-10-25-gb-2-puertos-sfp28-ocp3-para-hpe\/\" \/>\n<meta property=\"og:site_name\" content=\"Compuviper\" \/>\n<meta property=\"article:publisher\" content=\"https:\/\/www.facebook.com\/compuviper\" \/>\n<meta property=\"article:modified_time\" content=\"2026-04-11T05:36:19+00:00\" \/>\n<meta property=\"og:image\" content=\"https:\/\/compuviper.mx\/tienda\/wp-content\/uploads\/2023\/12\/Adaptador-broadcom-bcm57414-ethernet-1025-gb-2-puertos-sfp28-ocp3-para-hpe.jpg\" \/>\n\t<meta property=\"og:image:width\" content=\"200\" \/>\n\t<meta property=\"og:image:height\" content=\"200\" \/>\n\t<meta property=\"og:image:type\" content=\"image\/jpeg\" \/>\n<meta name=\"twitter:card\" content=\"summary_large_image\" \/>\n<meta name=\"twitter:label1\" content=\"Precio\" \/>\n\t<meta name=\"twitter:data1\" content=\"&#36;11,936 con IVA\" \/>\n\t<meta name=\"twitter:label2\" content=\"Availability\" \/>\n\t<meta name=\"twitter:data2\" content=\"On backorder\" \/>\n<script type=\"application\/ld+json\" class=\"yoast-schema-graph\">{\"@context\":\"https:\/\/schema.org\",\"@graph\":[{\"@type\":\"WebPage\",\"@id\":\"https:\/\/compuviper.mx\/tienda\/producto\/hewlett-packard-enterprise-p10115-b21-adaptador-broadcom-bcm57414-ethernet-10-25-gb-2-puertos-sfp28-ocp3-para-hpe\/\",\"url\":\"https:\/\/compuviper.mx\/tienda\/producto\/hewlett-packard-enterprise-p10115-b21-adaptador-broadcom-bcm57414-ethernet-10-25-gb-2-puertos-sfp28-ocp3-para-hpe\/\",\"name\":\"[ Hewlett Packard Enterprise ] &#129351; P10115-b21 Adaptador Broadcom Bcm57414 Ethernet 10\/25 Gb 2 Puertos Sfp28 Ocp3 Para Hpe\",\"isPartOf\":{\"@id\":\"https:\/\/compuviper.mx\/tienda\/#website\"},\"datePublished\":\"2026-04-11T05:36:18+00:00\",\"dateModified\":\"2026-04-11T05:36:19+00:00\",\"description\":\"Compra P10115-b21 Adaptador Broadcom Bcm57414 Ethernet 10\/25 Gb 2 Puertos Sfp28 Ocp3 Para Hpe + Env\u00edo a domicilio + Pago seguro + Garant\u00eda\",\"breadcrumb\":{\"@id\":\"https:\/\/compuviper.mx\/tienda\/producto\/hewlett-packard-enterprise-p10115-b21-adaptador-broadcom-bcm57414-ethernet-10-25-gb-2-puertos-sfp28-ocp3-para-hpe\/#breadcrumb\"},\"inLanguage\":\"es-MX\",\"potentialAction\":[{\"@type\":\"ReadAction\",\"target\":[\"https:\/\/compuviper.mx\/tienda\/producto\/hewlett-packard-enterprise-p10115-b21-adaptador-broadcom-bcm57414-ethernet-10-25-gb-2-puertos-sfp28-ocp3-para-hpe\/\"]}]},{\"@type\":\"BreadcrumbList\",\"@id\":\"https:\/\/compuviper.mx\/tienda\/producto\/hewlett-packard-enterprise-p10115-b21-adaptador-broadcom-bcm57414-ethernet-10-25-gb-2-puertos-sfp28-ocp3-para-hpe\/#breadcrumb\",\"itemListElement\":[{\"@type\":\"ListItem\",\"position\":1,\"name\":\"Inicio\",\"item\":\"https:\/\/compuviper.mx\/tienda\/\"},{\"@type\":\"ListItem\",\"position\":2,\"name\":\"Productos\",\"item\":\"https:\/\/compuviper.mx\/tienda\/productos\/\"},{\"@type\":\"ListItem\",\"position\":3,\"name\":\"Accesorios\",\"item\":\"https:\/\/compuviper.mx\/tienda\/categoria-producto\/accesorios\/\"},{\"@type\":\"ListItem\",\"position\":4,\"name\":\"Tarjetas De Puertos\",\"item\":\"https:\/\/compuviper.mx\/tienda\/categoria-producto\/accesorios\/tarjetas-de-puertos\/\"},{\"@type\":\"ListItem\",\"position\":5,\"name\":\"Hewlett Packard Enterprise P10115-b21 Adaptador Broadcom Bcm57414 Ethernet 10\/25 Gb 2 Puertos Sfp28 Ocp3 Para Hpe\"}]},{\"@type\":\"WebSite\",\"@id\":\"https:\/\/compuviper.mx\/tienda\/#website\",\"url\":\"https:\/\/compuviper.mx\/tienda\/\",\"name\":\"Compuviper\",\"description\":\"Proveedor de Computadoras, Laptops, Servidores, Monitores, Puntos de Venta, Teclados,   Impresoras, T\u00f3ner, C\u00e1maras de Seguridad y m\u00e1s en tu tienda en l\u00ednea\",\"publisher\":{\"@id\":\"https:\/\/compuviper.mx\/tienda\/#organization\"},\"potentialAction\":[{\"@type\":\"SearchAction\",\"target\":{\"@type\":\"EntryPoint\",\"urlTemplate\":\"https:\/\/compuviper.mx\/tienda\/?s={search_term_string}\"},\"query-input\":\"required name=search_term_string\"}],\"inLanguage\":\"es-MX\"},{\"@type\":\"Organization\",\"@id\":\"https:\/\/compuviper.mx\/tienda\/#organization\",\"name\":\"Compuviper\",\"url\":\"https:\/\/compuviper.mx\/tienda\/\",\"logo\":{\"@type\":\"ImageObject\",\"inLanguage\":\"es-MX\",\"@id\":\"https:\/\/compuviper.mx\/tienda\/#\/schema\/logo\/image\/\",\"url\":\"https:\/\/compuviper.mx\/tienda\/wp-content\/uploads\/2021\/08\/Logo-Compuviper-10.png\",\"contentUrl\":\"https:\/\/compuviper.mx\/tienda\/wp-content\/uploads\/2021\/08\/Logo-Compuviper-10.png\",\"width\":1000,\"height\":500,\"caption\":\"Compuviper\"},\"image\":{\"@id\":\"https:\/\/compuviper.mx\/tienda\/#\/schema\/logo\/image\/\"},\"sameAs\":[\"https:\/\/www.facebook.com\/compuviper\",\"https:\/\/www.youtube.com\/channel\/UCf73dERp9Y3cfOq7q8BhLjA?view_as=subscriber\"]}]}<\/script>\n<meta property=\"product:brand\" content=\"HEWLETT PACKARD ENTERPRISE\" \/>\n<meta property=\"product:price:amount\" content=\"11936\" \/>\n<meta property=\"product:price:currency\" content=\"MXN\" \/>\n<meta property=\"og:availability\" content=\"backorder\" \/>\n<meta property=\"product:availability\" content=\"available for order\" \/>\n<meta property=\"product:retailer_item_id\" content=\"P10115-B21\" \/>\n<meta property=\"product:condition\" content=\"new\" \/>\n<!-- \/ Yoast SEO plugin. -->","yoast_head_json":{"title":"[ Hewlett Packard Enterprise ] &#129351; P10115-b21 Adaptador Broadcom Bcm57414 Ethernet 10\/25 Gb 2 Puertos Sfp28 Ocp3 Para Hpe","description":"Compra P10115-b21 Adaptador Broadcom Bcm57414 Ethernet 10\/25 Gb 2 Puertos Sfp28 Ocp3 Para Hpe + Env\u00edo a domicilio + Pago seguro + Garant\u00eda","robots":{"index":"index","follow":"follow","max-snippet":"max-snippet:-1","max-image-preview":"max-image-preview:large","max-video-preview":"max-video-preview:-1"},"canonical":"https:\/\/compuviper.mx\/tienda\/producto\/hewlett-packard-enterprise-p10115-b21-adaptador-broadcom-bcm57414-ethernet-10-25-gb-2-puertos-sfp28-ocp3-para-hpe\/","og_locale":"es_MX","og_type":"article","og_title":"[ Hewlett Packard Enterprise ] &#129351; P10115-b21 Adaptador Broadcom Bcm57414 Ethernet 10\/25 Gb 2 Puertos Sfp28 Ocp3 Para Hpe","og_description":"Compra P10115-b21 Adaptador Broadcom Bcm57414 Ethernet 10\/25 Gb 2 Puertos Sfp28 Ocp3 Para Hpe + Env\u00edo a domicilio + Pago seguro + Garant\u00eda","og_url":"https:\/\/compuviper.mx\/tienda\/producto\/hewlett-packard-enterprise-p10115-b21-adaptador-broadcom-bcm57414-ethernet-10-25-gb-2-puertos-sfp28-ocp3-para-hpe\/","og_site_name":"Compuviper","article_publisher":"https:\/\/www.facebook.com\/compuviper","article_modified_time":"2026-04-11T05:36:19+00:00","og_image":[{"width":200,"height":200,"url":"https:\/\/compuviper.mx\/tienda\/wp-content\/uploads\/2023\/12\/Adaptador-broadcom-bcm57414-ethernet-1025-gb-2-puertos-sfp28-ocp3-para-hpe.jpg","type":"image\/jpeg"}],"twitter_card":"summary_large_image","twitter_misc":{"Precio":"&#36;11,936 con IVA","Availability":"On backorder"},"schema":{"@context":"https:\/\/schema.org","@graph":[{"@type":"WebPage","@id":"https:\/\/compuviper.mx\/tienda\/producto\/hewlett-packard-enterprise-p10115-b21-adaptador-broadcom-bcm57414-ethernet-10-25-gb-2-puertos-sfp28-ocp3-para-hpe\/","url":"https:\/\/compuviper.mx\/tienda\/producto\/hewlett-packard-enterprise-p10115-b21-adaptador-broadcom-bcm57414-ethernet-10-25-gb-2-puertos-sfp28-ocp3-para-hpe\/","name":"[ Hewlett Packard Enterprise ] &#129351; P10115-b21 Adaptador Broadcom Bcm57414 Ethernet 10\/25 Gb 2 Puertos Sfp28 Ocp3 Para Hpe","isPartOf":{"@id":"https:\/\/compuviper.mx\/tienda\/#website"},"datePublished":"2026-04-11T05:36:18+00:00","dateModified":"2026-04-11T05:36:19+00:00","description":"Compra P10115-b21 Adaptador Broadcom Bcm57414 Ethernet 10\/25 Gb 2 Puertos Sfp28 Ocp3 Para Hpe + Env\u00edo a domicilio + Pago seguro + Garant\u00eda","breadcrumb":{"@id":"https:\/\/compuviper.mx\/tienda\/producto\/hewlett-packard-enterprise-p10115-b21-adaptador-broadcom-bcm57414-ethernet-10-25-gb-2-puertos-sfp28-ocp3-para-hpe\/#breadcrumb"},"inLanguage":"es-MX","potentialAction":[{"@type":"ReadAction","target":["https:\/\/compuviper.mx\/tienda\/producto\/hewlett-packard-enterprise-p10115-b21-adaptador-broadcom-bcm57414-ethernet-10-25-gb-2-puertos-sfp28-ocp3-para-hpe\/"]}]},{"@type":"BreadcrumbList","@id":"https:\/\/compuviper.mx\/tienda\/producto\/hewlett-packard-enterprise-p10115-b21-adaptador-broadcom-bcm57414-ethernet-10-25-gb-2-puertos-sfp28-ocp3-para-hpe\/#breadcrumb","itemListElement":[{"@type":"ListItem","position":1,"name":"Inicio","item":"https:\/\/compuviper.mx\/tienda\/"},{"@type":"ListItem","position":2,"name":"Productos","item":"https:\/\/compuviper.mx\/tienda\/productos\/"},{"@type":"ListItem","position":3,"name":"Accesorios","item":"https:\/\/compuviper.mx\/tienda\/categoria-producto\/accesorios\/"},{"@type":"ListItem","position":4,"name":"Tarjetas De Puertos","item":"https:\/\/compuviper.mx\/tienda\/categoria-producto\/accesorios\/tarjetas-de-puertos\/"},{"@type":"ListItem","position":5,"name":"Hewlett Packard Enterprise P10115-b21 Adaptador Broadcom Bcm57414 Ethernet 10\/25 Gb 2 Puertos Sfp28 Ocp3 Para Hpe"}]},{"@type":"WebSite","@id":"https:\/\/compuviper.mx\/tienda\/#website","url":"https:\/\/compuviper.mx\/tienda\/","name":"Compuviper","description":"Proveedor de Computadoras, Laptops, Servidores, Monitores, Puntos de Venta, Teclados,   Impresoras, T\u00f3ner, C\u00e1maras de Seguridad y m\u00e1s en tu tienda en l\u00ednea","publisher":{"@id":"https:\/\/compuviper.mx\/tienda\/#organization"},"potentialAction":[{"@type":"SearchAction","target":{"@type":"EntryPoint","urlTemplate":"https:\/\/compuviper.mx\/tienda\/?s={search_term_string}"},"query-input":"required name=search_term_string"}],"inLanguage":"es-MX"},{"@type":"Organization","@id":"https:\/\/compuviper.mx\/tienda\/#organization","name":"Compuviper","url":"https:\/\/compuviper.mx\/tienda\/","logo":{"@type":"ImageObject","inLanguage":"es-MX","@id":"https:\/\/compuviper.mx\/tienda\/#\/schema\/logo\/image\/","url":"https:\/\/compuviper.mx\/tienda\/wp-content\/uploads\/2021\/08\/Logo-Compuviper-10.png","contentUrl":"https:\/\/compuviper.mx\/tienda\/wp-content\/uploads\/2021\/08\/Logo-Compuviper-10.png","width":1000,"height":500,"caption":"Compuviper"},"image":{"@id":"https:\/\/compuviper.mx\/tienda\/#\/schema\/logo\/image\/"},"sameAs":["https:\/\/www.facebook.com\/compuviper","https:\/\/www.youtube.com\/channel\/UCf73dERp9Y3cfOq7q8BhLjA?view_as=subscriber"]}]},"product_brand":"HEWLETT PACKARD ENTERPRISE","product_price_amount":"11936","product_price_currency":"MXN","og_availability":"backorder","product_availability":"available for order","product_retailer_item_id":"P10115-B21","product_condition":"new"},"_links":{"self":[{"href":"https:\/\/compuviper.mx\/tienda\/wp-json\/wp\/v2\/product\/213157"}],"collection":[{"href":"https:\/\/compuviper.mx\/tienda\/wp-json\/wp\/v2\/product"}],"about":[{"href":"https:\/\/compuviper.mx\/tienda\/wp-json\/wp\/v2\/types\/product"}],"replies":[{"embeddable":true,"href":"https:\/\/compuviper.mx\/tienda\/wp-json\/wp\/v2\/comments?post=213157"}],"wp:featuredmedia":[{"embeddable":true,"href":"https:\/\/compuviper.mx\/tienda\/wp-json\/wp\/v2\/media\/213158"}],"wp:attachment":[{"href":"https:\/\/compuviper.mx\/tienda\/wp-json\/wp\/v2\/media?parent=213157"}],"wp:term":[{"taxonomy":"product_cat","embeddable":true,"href":"https:\/\/compuviper.mx\/tienda\/wp-json\/wp\/v2\/product_cat?post=213157"},{"taxonomy":"product_tag","embeddable":true,"href":"https:\/\/compuviper.mx\/tienda\/wp-json\/wp\/v2\/product_tag?post=213157"}],"curies":[{"name":"wp","href":"https:\/\/api.w.org\/{rel}","templated":true}]}}