{"id":213133,"date":"2026-04-22T23:35:25","date_gmt":"2026-04-23T05:35:25","guid":{"rendered":"https:\/\/compuviper.mx\/tienda\/producto\/provision-isr-pr-c14-divisor-de-fuente-de-poder-1-entrada-4-salidas\/"},"modified":"2026-04-22T23:35:26","modified_gmt":"2026-04-23T05:35:26","slug":"provision-isr-pr-c14-divisor-de-fuente-de-poder-1-entrada-4-salidas","status":"publish","type":"product","link":"https:\/\/compuviper.mx\/tienda\/producto\/provision-isr-pr-c14-divisor-de-fuente-de-poder-1-entrada-4-salidas\/","title":{"rendered":"Provision Isr Pr-c14 Divisor De Fuente De Poder \/  \/  \/ 1 Entrada \/ 4 Salidas"},"content":{"rendered":"<table class=\"descripcion\">\n<tr>\n<td>&#8211; adaptador para 4 salidas de corriente del pr-av1.<\/td>\n<\/tr>\n<\/table>\n","protected":false},"excerpt":{"rendered":"<p>Una parte fundamental en el \u00e1rea de la seguridad, son los accesorios que se emplean. Para la instalaci\u00f3n de los equipos. De poco sirve adquirir equipos con excelentes. Prestaciones, si los accesorios son de baja calidad. En este aspecto, provision isr. Incluye desde conectores bnc, hasta lentes vari focales, pasando por gabinetes. De montaje exterior y soportes.<\/p>\n","protected":false},"featured_media":213134,"comment_status":"open","ping_status":"open","template":"","meta":[],"product_cat":[1485,1492],"product_tag":[1526],"acf":[],"yoast_head":"<!-- This site is optimized with the Yoast SEO plugin v21.7 - https:\/\/yoast.com\/wordpress\/plugins\/seo\/ -->\n<title>[ Provision Isr ] &#129351; Pr-c14 Divisor De Fuente De Poder \/ \/ \/ 1 Entrada \/ 4 Salidas<\/title>\n<meta name=\"description\" content=\"Compra Pr-c14 Divisor De Fuente De Poder \/ \/ \/ 1 Entrada \/ 4 Salidas + Env\u00edo a domicilio + Pago seguro + Garant\u00eda\" \/>\n<meta name=\"robots\" content=\"index, follow, max-snippet:-1, max-image-preview:large, max-video-preview:-1\" \/>\n<link rel=\"canonical\" href=\"https:\/\/compuviper.mx\/tienda\/producto\/provision-isr-pr-c14-divisor-de-fuente-de-poder-1-entrada-4-salidas\/\" \/>\n<meta property=\"og:locale\" content=\"es_MX\" \/>\n<meta property=\"og:type\" content=\"article\" \/>\n<meta property=\"og:title\" content=\"[ Provision Isr ] &#129351; Pr-c14 Divisor De Fuente De Poder \/ \/ \/ 1 Entrada \/ 4 Salidas\" \/>\n<meta property=\"og:description\" content=\"Compra Pr-c14 Divisor De Fuente De Poder \/ \/ \/ 1 Entrada \/ 4 Salidas + Env\u00edo a domicilio + Pago seguro + Garant\u00eda\" \/>\n<meta property=\"og:url\" content=\"https:\/\/compuviper.mx\/tienda\/producto\/provision-isr-pr-c14-divisor-de-fuente-de-poder-1-entrada-4-salidas\/\" \/>\n<meta property=\"og:site_name\" content=\"Compuviper\" \/>\n<meta property=\"article:publisher\" content=\"https:\/\/www.facebook.com\/compuviper\" \/>\n<meta property=\"article:modified_time\" content=\"2026-04-23T05:35:26+00:00\" \/>\n<meta property=\"og:image\" content=\"https:\/\/compuviper.mx\/tienda\/wp-content\/uploads\/2023\/12\/Divisor-de-fuente-de-poder-provision-isr-pr-c14-1-entrada-4-salidas.jpg\" \/>\n\t<meta property=\"og:image:width\" content=\"200\" \/>\n\t<meta property=\"og:image:height\" content=\"200\" \/>\n\t<meta property=\"og:image:type\" content=\"image\/jpeg\" \/>\n<meta name=\"twitter:card\" content=\"summary_large_image\" \/>\n<meta name=\"twitter:label1\" content=\"Precio\" \/>\n\t<meta name=\"twitter:data1\" content=\"&#36;29 &#36;27 con IVA\" \/>\n\t<meta name=\"twitter:label2\" content=\"Availability\" \/>\n\t<meta name=\"twitter:data2\" content=\"In stock\" \/>\n<script type=\"application\/ld+json\" class=\"yoast-schema-graph\">{\"@context\":\"https:\/\/schema.org\",\"@graph\":[{\"@type\":\"WebPage\",\"@id\":\"https:\/\/compuviper.mx\/tienda\/producto\/provision-isr-pr-c14-divisor-de-fuente-de-poder-1-entrada-4-salidas\/\",\"url\":\"https:\/\/compuviper.mx\/tienda\/producto\/provision-isr-pr-c14-divisor-de-fuente-de-poder-1-entrada-4-salidas\/\",\"name\":\"[ Provision Isr ] &#129351; Pr-c14 Divisor De Fuente De Poder \/ \/ \/ 1 Entrada \/ 4 Salidas\",\"isPartOf\":{\"@id\":\"https:\/\/compuviper.mx\/tienda\/#website\"},\"datePublished\":\"2026-04-23T05:35:25+00:00\",\"dateModified\":\"2026-04-23T05:35:26+00:00\",\"description\":\"Compra Pr-c14 Divisor De Fuente De Poder \/ \/ \/ 1 Entrada \/ 4 Salidas + Env\u00edo a domicilio + Pago seguro + Garant\u00eda\",\"breadcrumb\":{\"@id\":\"https:\/\/compuviper.mx\/tienda\/producto\/provision-isr-pr-c14-divisor-de-fuente-de-poder-1-entrada-4-salidas\/#breadcrumb\"},\"inLanguage\":\"es-MX\",\"potentialAction\":[{\"@type\":\"ReadAction\",\"target\":[\"https:\/\/compuviper.mx\/tienda\/producto\/provision-isr-pr-c14-divisor-de-fuente-de-poder-1-entrada-4-salidas\/\"]}]},{\"@type\":\"BreadcrumbList\",\"@id\":\"https:\/\/compuviper.mx\/tienda\/producto\/provision-isr-pr-c14-divisor-de-fuente-de-poder-1-entrada-4-salidas\/#breadcrumb\",\"itemListElement\":[{\"@type\":\"ListItem\",\"position\":1,\"name\":\"Inicio\",\"item\":\"https:\/\/compuviper.mx\/tienda\/\"},{\"@type\":\"ListItem\",\"position\":2,\"name\":\"Productos\",\"item\":\"https:\/\/compuviper.mx\/tienda\/productos\/\"},{\"@type\":\"ListItem\",\"position\":3,\"name\":\"Accesorios\",\"item\":\"https:\/\/compuviper.mx\/tienda\/categoria-producto\/accesorios\/\"},{\"@type\":\"ListItem\",\"position\":4,\"name\":\"Adaptadores\",\"item\":\"https:\/\/compuviper.mx\/tienda\/categoria-producto\/accesorios\/adaptadores\/\"},{\"@type\":\"ListItem\",\"position\":5,\"name\":\"Provision Isr Pr-c14 Divisor De Fuente De Poder \/ \/ \/ 1 Entrada \/ 4 Salidas\"}]},{\"@type\":\"WebSite\",\"@id\":\"https:\/\/compuviper.mx\/tienda\/#website\",\"url\":\"https:\/\/compuviper.mx\/tienda\/\",\"name\":\"Compuviper\",\"description\":\"Proveedor de Computadoras, Laptops, Servidores, Monitores, Puntos de Venta, Teclados,   Impresoras, T\u00f3ner, C\u00e1maras de Seguridad y m\u00e1s en tu tienda en l\u00ednea\",\"publisher\":{\"@id\":\"https:\/\/compuviper.mx\/tienda\/#organization\"},\"potentialAction\":[{\"@type\":\"SearchAction\",\"target\":{\"@type\":\"EntryPoint\",\"urlTemplate\":\"https:\/\/compuviper.mx\/tienda\/?s={search_term_string}\"},\"query-input\":\"required name=search_term_string\"}],\"inLanguage\":\"es-MX\"},{\"@type\":\"Organization\",\"@id\":\"https:\/\/compuviper.mx\/tienda\/#organization\",\"name\":\"Compuviper\",\"url\":\"https:\/\/compuviper.mx\/tienda\/\",\"logo\":{\"@type\":\"ImageObject\",\"inLanguage\":\"es-MX\",\"@id\":\"https:\/\/compuviper.mx\/tienda\/#\/schema\/logo\/image\/\",\"url\":\"https:\/\/compuviper.mx\/tienda\/wp-content\/uploads\/2021\/08\/Logo-Compuviper-10.png\",\"contentUrl\":\"https:\/\/compuviper.mx\/tienda\/wp-content\/uploads\/2021\/08\/Logo-Compuviper-10.png\",\"width\":1000,\"height\":500,\"caption\":\"Compuviper\"},\"image\":{\"@id\":\"https:\/\/compuviper.mx\/tienda\/#\/schema\/logo\/image\/\"},\"sameAs\":[\"https:\/\/www.facebook.com\/compuviper\",\"https:\/\/www.youtube.com\/channel\/UCf73dERp9Y3cfOq7q8BhLjA?view_as=subscriber\"]}]}<\/script>\n<meta property=\"product:brand\" content=\"PROVISION ISR\" \/>\n<meta property=\"product:price:amount\" content=\"27\" \/>\n<meta property=\"product:price:currency\" content=\"MXN\" \/>\n<meta property=\"og:availability\" content=\"instock\" \/>\n<meta property=\"product:availability\" content=\"instock\" \/>\n<meta property=\"product:retailer_item_id\" content=\"PR-C14\" \/>\n<meta property=\"product:condition\" content=\"new\" \/>\n<!-- \/ Yoast SEO plugin. -->","yoast_head_json":{"title":"[ Provision Isr ] &#129351; Pr-c14 Divisor De Fuente De Poder \/ \/ \/ 1 Entrada \/ 4 Salidas","description":"Compra Pr-c14 Divisor De Fuente De Poder \/ \/ \/ 1 Entrada \/ 4 Salidas + Env\u00edo a domicilio + Pago seguro + Garant\u00eda","robots":{"index":"index","follow":"follow","max-snippet":"max-snippet:-1","max-image-preview":"max-image-preview:large","max-video-preview":"max-video-preview:-1"},"canonical":"https:\/\/compuviper.mx\/tienda\/producto\/provision-isr-pr-c14-divisor-de-fuente-de-poder-1-entrada-4-salidas\/","og_locale":"es_MX","og_type":"article","og_title":"[ Provision Isr ] &#129351; Pr-c14 Divisor De Fuente De Poder \/ \/ \/ 1 Entrada \/ 4 Salidas","og_description":"Compra Pr-c14 Divisor De Fuente De Poder \/ \/ \/ 1 Entrada \/ 4 Salidas + Env\u00edo a domicilio + Pago seguro + Garant\u00eda","og_url":"https:\/\/compuviper.mx\/tienda\/producto\/provision-isr-pr-c14-divisor-de-fuente-de-poder-1-entrada-4-salidas\/","og_site_name":"Compuviper","article_publisher":"https:\/\/www.facebook.com\/compuviper","article_modified_time":"2026-04-23T05:35:26+00:00","og_image":[{"width":200,"height":200,"url":"https:\/\/compuviper.mx\/tienda\/wp-content\/uploads\/2023\/12\/Divisor-de-fuente-de-poder-provision-isr-pr-c14-1-entrada-4-salidas.jpg","type":"image\/jpeg"}],"twitter_card":"summary_large_image","twitter_misc":{"Precio":"&#36;29 &#36;27 con IVA","Availability":"In stock"},"schema":{"@context":"https:\/\/schema.org","@graph":[{"@type":"WebPage","@id":"https:\/\/compuviper.mx\/tienda\/producto\/provision-isr-pr-c14-divisor-de-fuente-de-poder-1-entrada-4-salidas\/","url":"https:\/\/compuviper.mx\/tienda\/producto\/provision-isr-pr-c14-divisor-de-fuente-de-poder-1-entrada-4-salidas\/","name":"[ Provision Isr ] &#129351; Pr-c14 Divisor De Fuente De Poder \/ \/ \/ 1 Entrada \/ 4 Salidas","isPartOf":{"@id":"https:\/\/compuviper.mx\/tienda\/#website"},"datePublished":"2026-04-23T05:35:25+00:00","dateModified":"2026-04-23T05:35:26+00:00","description":"Compra Pr-c14 Divisor De Fuente De Poder \/ \/ \/ 1 Entrada \/ 4 Salidas + Env\u00edo a domicilio + Pago seguro + Garant\u00eda","breadcrumb":{"@id":"https:\/\/compuviper.mx\/tienda\/producto\/provision-isr-pr-c14-divisor-de-fuente-de-poder-1-entrada-4-salidas\/#breadcrumb"},"inLanguage":"es-MX","potentialAction":[{"@type":"ReadAction","target":["https:\/\/compuviper.mx\/tienda\/producto\/provision-isr-pr-c14-divisor-de-fuente-de-poder-1-entrada-4-salidas\/"]}]},{"@type":"BreadcrumbList","@id":"https:\/\/compuviper.mx\/tienda\/producto\/provision-isr-pr-c14-divisor-de-fuente-de-poder-1-entrada-4-salidas\/#breadcrumb","itemListElement":[{"@type":"ListItem","position":1,"name":"Inicio","item":"https:\/\/compuviper.mx\/tienda\/"},{"@type":"ListItem","position":2,"name":"Productos","item":"https:\/\/compuviper.mx\/tienda\/productos\/"},{"@type":"ListItem","position":3,"name":"Accesorios","item":"https:\/\/compuviper.mx\/tienda\/categoria-producto\/accesorios\/"},{"@type":"ListItem","position":4,"name":"Adaptadores","item":"https:\/\/compuviper.mx\/tienda\/categoria-producto\/accesorios\/adaptadores\/"},{"@type":"ListItem","position":5,"name":"Provision Isr Pr-c14 Divisor De Fuente De Poder \/ \/ \/ 1 Entrada \/ 4 Salidas"}]},{"@type":"WebSite","@id":"https:\/\/compuviper.mx\/tienda\/#website","url":"https:\/\/compuviper.mx\/tienda\/","name":"Compuviper","description":"Proveedor de Computadoras, Laptops, Servidores, Monitores, Puntos de Venta, Teclados,   Impresoras, T\u00f3ner, C\u00e1maras de Seguridad y m\u00e1s en tu tienda en l\u00ednea","publisher":{"@id":"https:\/\/compuviper.mx\/tienda\/#organization"},"potentialAction":[{"@type":"SearchAction","target":{"@type":"EntryPoint","urlTemplate":"https:\/\/compuviper.mx\/tienda\/?s={search_term_string}"},"query-input":"required name=search_term_string"}],"inLanguage":"es-MX"},{"@type":"Organization","@id":"https:\/\/compuviper.mx\/tienda\/#organization","name":"Compuviper","url":"https:\/\/compuviper.mx\/tienda\/","logo":{"@type":"ImageObject","inLanguage":"es-MX","@id":"https:\/\/compuviper.mx\/tienda\/#\/schema\/logo\/image\/","url":"https:\/\/compuviper.mx\/tienda\/wp-content\/uploads\/2021\/08\/Logo-Compuviper-10.png","contentUrl":"https:\/\/compuviper.mx\/tienda\/wp-content\/uploads\/2021\/08\/Logo-Compuviper-10.png","width":1000,"height":500,"caption":"Compuviper"},"image":{"@id":"https:\/\/compuviper.mx\/tienda\/#\/schema\/logo\/image\/"},"sameAs":["https:\/\/www.facebook.com\/compuviper","https:\/\/www.youtube.com\/channel\/UCf73dERp9Y3cfOq7q8BhLjA?view_as=subscriber"]}]},"product_brand":"PROVISION ISR","product_price_amount":"27","product_price_currency":"MXN","og_availability":"instock","product_availability":"instock","product_retailer_item_id":"PR-C14","product_condition":"new"},"_links":{"self":[{"href":"https:\/\/compuviper.mx\/tienda\/wp-json\/wp\/v2\/product\/213133"}],"collection":[{"href":"https:\/\/compuviper.mx\/tienda\/wp-json\/wp\/v2\/product"}],"about":[{"href":"https:\/\/compuviper.mx\/tienda\/wp-json\/wp\/v2\/types\/product"}],"replies":[{"embeddable":true,"href":"https:\/\/compuviper.mx\/tienda\/wp-json\/wp\/v2\/comments?post=213133"}],"wp:featuredmedia":[{"embeddable":true,"href":"https:\/\/compuviper.mx\/tienda\/wp-json\/wp\/v2\/media\/213134"}],"wp:attachment":[{"href":"https:\/\/compuviper.mx\/tienda\/wp-json\/wp\/v2\/media?parent=213133"}],"wp:term":[{"taxonomy":"product_cat","embeddable":true,"href":"https:\/\/compuviper.mx\/tienda\/wp-json\/wp\/v2\/product_cat?post=213133"},{"taxonomy":"product_tag","embeddable":true,"href":"https:\/\/compuviper.mx\/tienda\/wp-json\/wp\/v2\/product_tag?post=213133"}],"curies":[{"name":"wp","href":"https:\/\/api.w.org\/{rel}","templated":true}]}}