{"id":213125,"date":"2026-04-01T23:35:29","date_gmt":"2026-04-02T05:35:29","guid":{"rendered":"https:\/\/compuviper.mx\/tienda\/producto\/manhattan-322461-adaptador-displayport-mini-m-a-hdmi-h-1080p\/"},"modified":"2026-04-01T23:35:29","modified_gmt":"2026-04-02T05:35:29","slug":"manhattan-322461-adaptador-displayport-mini-m-a-hdmi-h-1080p","status":"publish","type":"product","link":"https:\/\/compuviper.mx\/tienda\/producto\/manhattan-322461-adaptador-displayport-mini-m-a-hdmi-h-1080p\/","title":{"rendered":"Manhattan 322461 Adaptador,,, Displayport Mini M A Hdmi H 1080p"},"content":{"rendered":"<table class=\"descripcion\">\n<tr>\n<td>Est\u00e1ndares y certificaciones:<\/td>\n<\/tr>\n<tr>\n<td>Ul 20276<\/td>\n<\/tr>\n<tr>\n<td>Displayport v1.1<\/td>\n<\/tr>\n<tr>\n<td>Hdmi 1.3<\/td>\n<\/tr>\n<tr>\n<td>Conectores:<\/td>\n<\/tr>\n<tr>\n<td>1 mini displayport de 20 pines macho<\/td>\n<\/tr>\n<tr>\n<td>1 hdmi de 19 pines, hembra<\/td>\n<\/tr>\n<tr>\n<td>Con ba\u00f1o de n\u00edquel<\/td>\n<\/tr>\n<tr>\n<td>Moldeados en pvc<\/td>\n<\/tr>\n<tr>\n<td>Blindado<\/td>\n<\/tr>\n<tr>\n<td>Cable:<\/td>\n<\/tr>\n<tr>\n<td>Contactos calibre 30 awg<\/td>\n<\/tr>\n<tr>\n<td>Blindaje de mylar y aluminio<\/td>\n<\/tr>\n<tr>\n<td>Voltaje de ruptura: 300 v dc<\/td>\n<\/tr>\n<tr>\n<td>Resistencia de aislamiento: 5 mohms<\/td>\n<\/tr>\n<tr>\n<td>Conductividad: 10 ohms<\/td>\n<\/tr>\n<tr>\n<td>Forro de pl\u00e1stico t\u00e9rmico<\/td>\n<\/tr>\n<tr>\n<td>General<\/td>\n<\/tr>\n<tr>\n<td>Soporta profundidad de color de 8 bits y 10 bits<\/td>\n<\/tr>\n<tr>\n<td>Ancho de banda de 10.8 gbps<\/td>\n<\/tr>\n<tr>\n<td>Soporte de auxiliar de canal, 1 mbps<\/td>\n<\/tr>\n<tr>\n<td>Soporta un carril, una direcci\u00f3n, cuatro l\u00edneas de conexi\u00f3n<\/td>\n<\/tr>\n<tr>\n<td>Pasivo<\/td>\n<\/tr>\n<tr>\n<td>Dimensiones<\/td>\n<\/tr>\n<tr>\n<td>Longitud: 17 cm<\/td>\n<\/tr>\n<tr>\n<td>Contenido del paquete:<\/td>\n<\/tr>\n<tr>\n<td>Adaptador mini displayport a hd<\/td>\n<\/tr>\n<\/table>\n","protected":false},"excerpt":{"rendered":"<p>Conecta una fuente con mini displayport a un cable para monitor hdmi. Soporta una resoluci\u00f3n de 1080p. Entrega una se\u00f1al de alta calidad sencilla a un monitor hdmi, ideal para computadoras mac. Completamente blindado para reducir &#8220;emi&#8221; y otras fuentes de interferencia. Terminales modeadas en pvc y a prueba de tensiones<\/p>\n","protected":false},"featured_media":213126,"comment_status":"open","ping_status":"open","template":"","meta":[],"product_cat":[1485,1492],"product_tag":[1487],"acf":[],"yoast_head":"<!-- This site is optimized with the Yoast SEO plugin v21.7 - https:\/\/yoast.com\/wordpress\/plugins\/seo\/ -->\n<title>[ Manhattan ] &#129351; 322461 Adaptador,,, Displayport Mini M A Hdmi H 1080p<\/title>\n<meta name=\"description\" content=\"Compra 322461 Adaptador,,, Displayport Mini M A Hdmi H 1080p + Env\u00edo a domicilio + Pago seguro + Garant\u00eda\" \/>\n<meta name=\"robots\" content=\"index, follow, max-snippet:-1, max-image-preview:large, max-video-preview:-1\" \/>\n<link rel=\"canonical\" href=\"https:\/\/compuviper.mx\/tienda\/producto\/manhattan-322461-adaptador-displayport-mini-m-a-hdmi-h-1080p\/\" \/>\n<meta property=\"og:locale\" content=\"es_MX\" \/>\n<meta property=\"og:type\" content=\"article\" \/>\n<meta property=\"og:title\" content=\"[ Manhattan ] &#129351; 322461 Adaptador,,, Displayport Mini M A Hdmi H 1080p\" \/>\n<meta property=\"og:description\" content=\"Compra 322461 Adaptador,,, Displayport Mini M A Hdmi H 1080p + Env\u00edo a domicilio + Pago seguro + Garant\u00eda\" \/>\n<meta property=\"og:url\" content=\"https:\/\/compuviper.mx\/tienda\/producto\/manhattan-322461-adaptador-displayport-mini-m-a-hdmi-h-1080p\/\" \/>\n<meta property=\"og:site_name\" content=\"Compuviper\" \/>\n<meta property=\"article:publisher\" content=\"https:\/\/www.facebook.com\/compuviper\" \/>\n<meta property=\"og:image\" content=\"https:\/\/compuviper.mx\/tienda\/wp-content\/uploads\/2023\/12\/Adaptadormanhattan322461-displayport-mini-m-a-hdmi-h-1080p.jpg\" \/>\n\t<meta property=\"og:image:width\" content=\"200\" \/>\n\t<meta property=\"og:image:height\" content=\"200\" \/>\n\t<meta property=\"og:image:type\" content=\"image\/jpeg\" \/>\n<meta name=\"twitter:card\" content=\"summary_large_image\" \/>\n<meta name=\"twitter:label1\" content=\"Precio\" \/>\n\t<meta name=\"twitter:data1\" content=\"&#36;177 con IVA\" \/>\n\t<meta name=\"twitter:label2\" content=\"Availability\" \/>\n\t<meta name=\"twitter:data2\" content=\"In stock\" \/>\n<script type=\"application\/ld+json\" class=\"yoast-schema-graph\">{\"@context\":\"https:\/\/schema.org\",\"@graph\":[{\"@type\":\"WebPage\",\"@id\":\"https:\/\/compuviper.mx\/tienda\/producto\/manhattan-322461-adaptador-displayport-mini-m-a-hdmi-h-1080p\/\",\"url\":\"https:\/\/compuviper.mx\/tienda\/producto\/manhattan-322461-adaptador-displayport-mini-m-a-hdmi-h-1080p\/\",\"name\":\"[ Manhattan ] &#129351; 322461 Adaptador,,, Displayport Mini M A Hdmi H 1080p\",\"isPartOf\":{\"@id\":\"https:\/\/compuviper.mx\/tienda\/#website\"},\"datePublished\":\"2026-04-02T05:35:29+00:00\",\"dateModified\":\"2026-04-02T05:35:29+00:00\",\"description\":\"Compra 322461 Adaptador,,, Displayport Mini M A Hdmi H 1080p + Env\u00edo a domicilio + Pago seguro + Garant\u00eda\",\"breadcrumb\":{\"@id\":\"https:\/\/compuviper.mx\/tienda\/producto\/manhattan-322461-adaptador-displayport-mini-m-a-hdmi-h-1080p\/#breadcrumb\"},\"inLanguage\":\"es-MX\",\"potentialAction\":[{\"@type\":\"ReadAction\",\"target\":[\"https:\/\/compuviper.mx\/tienda\/producto\/manhattan-322461-adaptador-displayport-mini-m-a-hdmi-h-1080p\/\"]}]},{\"@type\":\"BreadcrumbList\",\"@id\":\"https:\/\/compuviper.mx\/tienda\/producto\/manhattan-322461-adaptador-displayport-mini-m-a-hdmi-h-1080p\/#breadcrumb\",\"itemListElement\":[{\"@type\":\"ListItem\",\"position\":1,\"name\":\"Inicio\",\"item\":\"https:\/\/compuviper.mx\/tienda\/\"},{\"@type\":\"ListItem\",\"position\":2,\"name\":\"Productos\",\"item\":\"https:\/\/compuviper.mx\/tienda\/productos\/\"},{\"@type\":\"ListItem\",\"position\":3,\"name\":\"Accesorios\",\"item\":\"https:\/\/compuviper.mx\/tienda\/categoria-producto\/accesorios\/\"},{\"@type\":\"ListItem\",\"position\":4,\"name\":\"Adaptadores\",\"item\":\"https:\/\/compuviper.mx\/tienda\/categoria-producto\/accesorios\/adaptadores\/\"},{\"@type\":\"ListItem\",\"position\":5,\"name\":\"Manhattan 322461 Adaptador,,, Displayport Mini M A Hdmi H 1080p\"}]},{\"@type\":\"WebSite\",\"@id\":\"https:\/\/compuviper.mx\/tienda\/#website\",\"url\":\"https:\/\/compuviper.mx\/tienda\/\",\"name\":\"Compuviper\",\"description\":\"Proveedor de Computadoras, Laptops, Servidores, Monitores, Puntos de Venta, Teclados,   Impresoras, T\u00f3ner, C\u00e1maras de Seguridad y m\u00e1s en tu tienda en l\u00ednea\",\"publisher\":{\"@id\":\"https:\/\/compuviper.mx\/tienda\/#organization\"},\"potentialAction\":[{\"@type\":\"SearchAction\",\"target\":{\"@type\":\"EntryPoint\",\"urlTemplate\":\"https:\/\/compuviper.mx\/tienda\/?s={search_term_string}\"},\"query-input\":\"required name=search_term_string\"}],\"inLanguage\":\"es-MX\"},{\"@type\":\"Organization\",\"@id\":\"https:\/\/compuviper.mx\/tienda\/#organization\",\"name\":\"Compuviper\",\"url\":\"https:\/\/compuviper.mx\/tienda\/\",\"logo\":{\"@type\":\"ImageObject\",\"inLanguage\":\"es-MX\",\"@id\":\"https:\/\/compuviper.mx\/tienda\/#\/schema\/logo\/image\/\",\"url\":\"https:\/\/compuviper.mx\/tienda\/wp-content\/uploads\/2021\/08\/Logo-Compuviper-10.png\",\"contentUrl\":\"https:\/\/compuviper.mx\/tienda\/wp-content\/uploads\/2021\/08\/Logo-Compuviper-10.png\",\"width\":1000,\"height\":500,\"caption\":\"Compuviper\"},\"image\":{\"@id\":\"https:\/\/compuviper.mx\/tienda\/#\/schema\/logo\/image\/\"},\"sameAs\":[\"https:\/\/www.facebook.com\/compuviper\",\"https:\/\/www.youtube.com\/channel\/UCf73dERp9Y3cfOq7q8BhLjA?view_as=subscriber\"]}]}<\/script>\n<meta property=\"product:brand\" content=\"MANHATTAN\" \/>\n<meta property=\"product:price:amount\" content=\"177\" \/>\n<meta property=\"product:price:currency\" content=\"MXN\" \/>\n<meta property=\"og:availability\" content=\"instock\" \/>\n<meta property=\"product:availability\" content=\"instock\" \/>\n<meta property=\"product:retailer_item_id\" content=\"322461\" \/>\n<meta property=\"product:condition\" content=\"new\" \/>\n<!-- \/ Yoast SEO plugin. -->","yoast_head_json":{"title":"[ Manhattan ] &#129351; 322461 Adaptador,,, Displayport Mini M A Hdmi H 1080p","description":"Compra 322461 Adaptador,,, Displayport Mini M A Hdmi H 1080p + Env\u00edo a domicilio + Pago seguro + Garant\u00eda","robots":{"index":"index","follow":"follow","max-snippet":"max-snippet:-1","max-image-preview":"max-image-preview:large","max-video-preview":"max-video-preview:-1"},"canonical":"https:\/\/compuviper.mx\/tienda\/producto\/manhattan-322461-adaptador-displayport-mini-m-a-hdmi-h-1080p\/","og_locale":"es_MX","og_type":"article","og_title":"[ Manhattan ] &#129351; 322461 Adaptador,,, Displayport Mini M A Hdmi H 1080p","og_description":"Compra 322461 Adaptador,,, Displayport Mini M A Hdmi H 1080p + Env\u00edo a domicilio + Pago seguro + Garant\u00eda","og_url":"https:\/\/compuviper.mx\/tienda\/producto\/manhattan-322461-adaptador-displayport-mini-m-a-hdmi-h-1080p\/","og_site_name":"Compuviper","article_publisher":"https:\/\/www.facebook.com\/compuviper","og_image":[{"width":200,"height":200,"url":"https:\/\/compuviper.mx\/tienda\/wp-content\/uploads\/2023\/12\/Adaptadormanhattan322461-displayport-mini-m-a-hdmi-h-1080p.jpg","type":"image\/jpeg"}],"twitter_card":"summary_large_image","twitter_misc":{"Precio":"&#36;177 con IVA","Availability":"In stock"},"schema":{"@context":"https:\/\/schema.org","@graph":[{"@type":"WebPage","@id":"https:\/\/compuviper.mx\/tienda\/producto\/manhattan-322461-adaptador-displayport-mini-m-a-hdmi-h-1080p\/","url":"https:\/\/compuviper.mx\/tienda\/producto\/manhattan-322461-adaptador-displayport-mini-m-a-hdmi-h-1080p\/","name":"[ Manhattan ] &#129351; 322461 Adaptador,,, Displayport Mini M A Hdmi H 1080p","isPartOf":{"@id":"https:\/\/compuviper.mx\/tienda\/#website"},"datePublished":"2026-04-02T05:35:29+00:00","dateModified":"2026-04-02T05:35:29+00:00","description":"Compra 322461 Adaptador,,, Displayport Mini M A Hdmi H 1080p + Env\u00edo a domicilio + Pago seguro + Garant\u00eda","breadcrumb":{"@id":"https:\/\/compuviper.mx\/tienda\/producto\/manhattan-322461-adaptador-displayport-mini-m-a-hdmi-h-1080p\/#breadcrumb"},"inLanguage":"es-MX","potentialAction":[{"@type":"ReadAction","target":["https:\/\/compuviper.mx\/tienda\/producto\/manhattan-322461-adaptador-displayport-mini-m-a-hdmi-h-1080p\/"]}]},{"@type":"BreadcrumbList","@id":"https:\/\/compuviper.mx\/tienda\/producto\/manhattan-322461-adaptador-displayport-mini-m-a-hdmi-h-1080p\/#breadcrumb","itemListElement":[{"@type":"ListItem","position":1,"name":"Inicio","item":"https:\/\/compuviper.mx\/tienda\/"},{"@type":"ListItem","position":2,"name":"Productos","item":"https:\/\/compuviper.mx\/tienda\/productos\/"},{"@type":"ListItem","position":3,"name":"Accesorios","item":"https:\/\/compuviper.mx\/tienda\/categoria-producto\/accesorios\/"},{"@type":"ListItem","position":4,"name":"Adaptadores","item":"https:\/\/compuviper.mx\/tienda\/categoria-producto\/accesorios\/adaptadores\/"},{"@type":"ListItem","position":5,"name":"Manhattan 322461 Adaptador,,, Displayport Mini M A Hdmi H 1080p"}]},{"@type":"WebSite","@id":"https:\/\/compuviper.mx\/tienda\/#website","url":"https:\/\/compuviper.mx\/tienda\/","name":"Compuviper","description":"Proveedor de Computadoras, Laptops, Servidores, Monitores, Puntos de Venta, Teclados,   Impresoras, T\u00f3ner, C\u00e1maras de Seguridad y m\u00e1s en tu tienda en l\u00ednea","publisher":{"@id":"https:\/\/compuviper.mx\/tienda\/#organization"},"potentialAction":[{"@type":"SearchAction","target":{"@type":"EntryPoint","urlTemplate":"https:\/\/compuviper.mx\/tienda\/?s={search_term_string}"},"query-input":"required name=search_term_string"}],"inLanguage":"es-MX"},{"@type":"Organization","@id":"https:\/\/compuviper.mx\/tienda\/#organization","name":"Compuviper","url":"https:\/\/compuviper.mx\/tienda\/","logo":{"@type":"ImageObject","inLanguage":"es-MX","@id":"https:\/\/compuviper.mx\/tienda\/#\/schema\/logo\/image\/","url":"https:\/\/compuviper.mx\/tienda\/wp-content\/uploads\/2021\/08\/Logo-Compuviper-10.png","contentUrl":"https:\/\/compuviper.mx\/tienda\/wp-content\/uploads\/2021\/08\/Logo-Compuviper-10.png","width":1000,"height":500,"caption":"Compuviper"},"image":{"@id":"https:\/\/compuviper.mx\/tienda\/#\/schema\/logo\/image\/"},"sameAs":["https:\/\/www.facebook.com\/compuviper","https:\/\/www.youtube.com\/channel\/UCf73dERp9Y3cfOq7q8BhLjA?view_as=subscriber"]}]},"product_brand":"MANHATTAN","product_price_amount":"177","product_price_currency":"MXN","og_availability":"instock","product_availability":"instock","product_retailer_item_id":"322461","product_condition":"new"},"_links":{"self":[{"href":"https:\/\/compuviper.mx\/tienda\/wp-json\/wp\/v2\/product\/213125"}],"collection":[{"href":"https:\/\/compuviper.mx\/tienda\/wp-json\/wp\/v2\/product"}],"about":[{"href":"https:\/\/compuviper.mx\/tienda\/wp-json\/wp\/v2\/types\/product"}],"replies":[{"embeddable":true,"href":"https:\/\/compuviper.mx\/tienda\/wp-json\/wp\/v2\/comments?post=213125"}],"wp:featuredmedia":[{"embeddable":true,"href":"https:\/\/compuviper.mx\/tienda\/wp-json\/wp\/v2\/media\/213126"}],"wp:attachment":[{"href":"https:\/\/compuviper.mx\/tienda\/wp-json\/wp\/v2\/media?parent=213125"}],"wp:term":[{"taxonomy":"product_cat","embeddable":true,"href":"https:\/\/compuviper.mx\/tienda\/wp-json\/wp\/v2\/product_cat?post=213125"},{"taxonomy":"product_tag","embeddable":true,"href":"https:\/\/compuviper.mx\/tienda\/wp-json\/wp\/v2\/product_tag?post=213125"}],"curies":[{"name":"wp","href":"https:\/\/api.w.org\/{rel}","templated":true}]}}