{"id":213115,"date":"2026-04-01T23:35:27","date_gmt":"2026-04-02T05:35:27","guid":{"rendered":"https:\/\/compuviper.mx\/tienda\/producto\/manhattan-158220-tarjeta-pci-paralela-1-puerto\/"},"modified":"2026-04-01T23:35:27","modified_gmt":"2026-04-02T05:35:27","slug":"manhattan-158220-tarjeta-pci-paralela-1-puerto","status":"publish","type":"product","link":"https:\/\/compuviper.mx\/tienda\/producto\/manhattan-158220-tarjeta-pci-paralela-1-puerto\/","title":{"rendered":"Manhattan 158220 Tarjeta Pci , ,,paralela 1 Puerto"},"content":{"rendered":"<table class=\"descripcion\">\n<tr>\n<td>Est\u00e1ndares y certificaciones<\/td>\n<\/tr>\n<tr>\n<td>Ce<\/td>\n<\/tr>\n<tr>\n<td>Fcc<\/td>\n<\/tr>\n<tr>\n<td>Pci 2.3<\/td>\n<\/tr>\n<tr>\n<td>Rohs<\/td>\n<\/tr>\n<tr>\n<td>Weee<\/td>\n<\/tr>\n<tr>\n<td>General<\/td>\n<\/tr>\n<tr>\n<td>1 conector paralelo db25, hembra<\/td>\n<\/tr>\n<tr>\n<td>Transferencia m\u00e1xima de 1.5 mbps<\/td>\n<\/tr>\n<tr>\n<td>Soporta modos de operaci\u00f3n epp, ecp y spp<\/td>\n<\/tr>\n<tr>\n<td>Chipset moschip 9865<\/td>\n<\/tr>\n<tr>\n<td>Especificaciones del bus<\/td>\n<\/tr>\n<tr>\n<td>Pci 2.3 de 32 bits a 33 mhz<\/td>\n<\/tr>\n<tr>\n<td>Soporta ranura pci de 32\/64 bits<\/td>\n<\/tr>\n<tr>\n<td>Bus alimentado 5\/ 3.3 v<\/td>\n<\/tr>\n<tr>\n<td>Dise\u00f1o<\/td>\n<\/tr>\n<tr>\n<td>Dimensiones: 124 x 122 x 23 mm<\/td>\n<\/tr>\n<tr>\n<td>Peso: 62.3 g<\/td>\n<\/tr>\n<tr>\n<td>Requerimientos del sistema<\/td>\n<\/tr>\n<tr>\n<td>Requiere una ranura de expansi\u00f3n pci<\/td>\n<\/tr>\n<tr>\n<td>Compatible con windows xp\/server 2003\/vista\/7\/8.1\/10 de 32 y 64 bits<\/td>\n<\/tr>\n<tr>\n<td>Contenido del paquete<\/td>\n<\/tr>\n<tr>\n<td>Tarjeta pci con un puerto paralelo externo db25<\/td>\n<\/tr>\n<tr>\n<td>Bracket para perfil est\u00e1ndar y bajo perfil (bracket corto)<\/td>\n<\/tr>\n<tr>\n<td>Cd con manual del usuario y controlador<\/td>\n<\/tr>\n<\/table>\n","protected":false},"excerpt":{"rendered":"<p>Adiciona un puerto paralelo a la computadora de escritorio. Soporta modos de operaci\u00f3n epp, ecp y spp. Soporta totalmente la compartici\u00f3n entre pci e irq. Bus universal alimentado dise\u00f1ado para 5 v y 3.3 v. Bracket est\u00e1ndar y de bajo perfil (bracket corto. Selecciona autom\u00e1ticamente las direcciones irq e io. Tres a\u00f1os de garant\u00eda<\/p>\n","protected":false},"featured_media":213116,"comment_status":"open","ping_status":"open","template":"","meta":[],"product_cat":[1485,1492],"product_tag":[1487],"acf":[],"yoast_head":"<!-- This site is optimized with the Yoast SEO plugin v21.7 - https:\/\/yoast.com\/wordpress\/plugins\/seo\/ -->\n<title>[ Manhattan ] &#129351; 158220 Tarjeta Pci , ,,paralela 1 Puerto<\/title>\n<meta name=\"description\" content=\"Compra 158220 Tarjeta Pci , ,,paralela 1 Puerto + Env\u00edo a domicilio + Pago seguro + Garant\u00eda\" \/>\n<meta name=\"robots\" content=\"index, follow, max-snippet:-1, max-image-preview:large, max-video-preview:-1\" \/>\n<link rel=\"canonical\" href=\"https:\/\/compuviper.mx\/tienda\/producto\/manhattan-158220-tarjeta-pci-paralela-1-puerto\/\" \/>\n<meta property=\"og:locale\" content=\"es_MX\" \/>\n<meta property=\"og:type\" content=\"article\" \/>\n<meta property=\"og:title\" content=\"[ Manhattan ] &#129351; 158220 Tarjeta Pci , ,,paralela 1 Puerto\" \/>\n<meta property=\"og:description\" content=\"Compra 158220 Tarjeta Pci , ,,paralela 1 Puerto + Env\u00edo a domicilio + Pago seguro + Garant\u00eda\" \/>\n<meta property=\"og:url\" content=\"https:\/\/compuviper.mx\/tienda\/producto\/manhattan-158220-tarjeta-pci-paralela-1-puerto\/\" \/>\n<meta property=\"og:site_name\" content=\"Compuviper\" \/>\n<meta property=\"article:publisher\" content=\"https:\/\/www.facebook.com\/compuviper\" \/>\n<meta property=\"og:image\" content=\"https:\/\/compuviper.mx\/tienda\/wp-content\/uploads\/2023\/12\/Tarjeta-pci-manhattan158220paralela-1-puerto.jpg\" \/>\n\t<meta property=\"og:image:width\" content=\"200\" \/>\n\t<meta property=\"og:image:height\" content=\"200\" \/>\n\t<meta property=\"og:image:type\" content=\"image\/jpeg\" \/>\n<meta name=\"twitter:card\" content=\"summary_large_image\" \/>\n<meta name=\"twitter:label1\" content=\"Precio\" \/>\n\t<meta name=\"twitter:data1\" content=\"&#36;315 con IVA\" \/>\n\t<meta name=\"twitter:label2\" content=\"Availability\" \/>\n\t<meta name=\"twitter:data2\" content=\"In stock\" \/>\n<script type=\"application\/ld+json\" class=\"yoast-schema-graph\">{\"@context\":\"https:\/\/schema.org\",\"@graph\":[{\"@type\":\"WebPage\",\"@id\":\"https:\/\/compuviper.mx\/tienda\/producto\/manhattan-158220-tarjeta-pci-paralela-1-puerto\/\",\"url\":\"https:\/\/compuviper.mx\/tienda\/producto\/manhattan-158220-tarjeta-pci-paralela-1-puerto\/\",\"name\":\"[ Manhattan ] &#129351; 158220 Tarjeta Pci , ,,paralela 1 Puerto\",\"isPartOf\":{\"@id\":\"https:\/\/compuviper.mx\/tienda\/#website\"},\"datePublished\":\"2026-04-02T05:35:27+00:00\",\"dateModified\":\"2026-04-02T05:35:27+00:00\",\"description\":\"Compra 158220 Tarjeta Pci , ,,paralela 1 Puerto + Env\u00edo a domicilio + Pago seguro + Garant\u00eda\",\"breadcrumb\":{\"@id\":\"https:\/\/compuviper.mx\/tienda\/producto\/manhattan-158220-tarjeta-pci-paralela-1-puerto\/#breadcrumb\"},\"inLanguage\":\"es-MX\",\"potentialAction\":[{\"@type\":\"ReadAction\",\"target\":[\"https:\/\/compuviper.mx\/tienda\/producto\/manhattan-158220-tarjeta-pci-paralela-1-puerto\/\"]}]},{\"@type\":\"BreadcrumbList\",\"@id\":\"https:\/\/compuviper.mx\/tienda\/producto\/manhattan-158220-tarjeta-pci-paralela-1-puerto\/#breadcrumb\",\"itemListElement\":[{\"@type\":\"ListItem\",\"position\":1,\"name\":\"Inicio\",\"item\":\"https:\/\/compuviper.mx\/tienda\/\"},{\"@type\":\"ListItem\",\"position\":2,\"name\":\"Productos\",\"item\":\"https:\/\/compuviper.mx\/tienda\/productos\/\"},{\"@type\":\"ListItem\",\"position\":3,\"name\":\"Accesorios\",\"item\":\"https:\/\/compuviper.mx\/tienda\/categoria-producto\/accesorios\/\"},{\"@type\":\"ListItem\",\"position\":4,\"name\":\"Adaptadores\",\"item\":\"https:\/\/compuviper.mx\/tienda\/categoria-producto\/accesorios\/adaptadores\/\"},{\"@type\":\"ListItem\",\"position\":5,\"name\":\"Manhattan 158220 Tarjeta Pci , ,,paralela 1 Puerto\"}]},{\"@type\":\"WebSite\",\"@id\":\"https:\/\/compuviper.mx\/tienda\/#website\",\"url\":\"https:\/\/compuviper.mx\/tienda\/\",\"name\":\"Compuviper\",\"description\":\"Proveedor de Computadoras, Laptops, Servidores, Monitores, Puntos de Venta, Teclados,   Impresoras, T\u00f3ner, C\u00e1maras de Seguridad y m\u00e1s en tu tienda en l\u00ednea\",\"publisher\":{\"@id\":\"https:\/\/compuviper.mx\/tienda\/#organization\"},\"potentialAction\":[{\"@type\":\"SearchAction\",\"target\":{\"@type\":\"EntryPoint\",\"urlTemplate\":\"https:\/\/compuviper.mx\/tienda\/?s={search_term_string}\"},\"query-input\":\"required name=search_term_string\"}],\"inLanguage\":\"es-MX\"},{\"@type\":\"Organization\",\"@id\":\"https:\/\/compuviper.mx\/tienda\/#organization\",\"name\":\"Compuviper\",\"url\":\"https:\/\/compuviper.mx\/tienda\/\",\"logo\":{\"@type\":\"ImageObject\",\"inLanguage\":\"es-MX\",\"@id\":\"https:\/\/compuviper.mx\/tienda\/#\/schema\/logo\/image\/\",\"url\":\"https:\/\/compuviper.mx\/tienda\/wp-content\/uploads\/2021\/08\/Logo-Compuviper-10.png\",\"contentUrl\":\"https:\/\/compuviper.mx\/tienda\/wp-content\/uploads\/2021\/08\/Logo-Compuviper-10.png\",\"width\":1000,\"height\":500,\"caption\":\"Compuviper\"},\"image\":{\"@id\":\"https:\/\/compuviper.mx\/tienda\/#\/schema\/logo\/image\/\"},\"sameAs\":[\"https:\/\/www.facebook.com\/compuviper\",\"https:\/\/www.youtube.com\/channel\/UCf73dERp9Y3cfOq7q8BhLjA?view_as=subscriber\"]}]}<\/script>\n<meta property=\"product:brand\" content=\"MANHATTAN\" \/>\n<meta property=\"product:price:amount\" content=\"315\" \/>\n<meta property=\"product:price:currency\" content=\"MXN\" \/>\n<meta property=\"og:availability\" content=\"instock\" \/>\n<meta property=\"product:availability\" content=\"instock\" \/>\n<meta property=\"product:retailer_item_id\" content=\"158220\" \/>\n<meta property=\"product:condition\" content=\"new\" \/>\n<!-- \/ Yoast SEO plugin. -->","yoast_head_json":{"title":"[ Manhattan ] &#129351; 158220 Tarjeta Pci , ,,paralela 1 Puerto","description":"Compra 158220 Tarjeta Pci , ,,paralela 1 Puerto + Env\u00edo a domicilio + Pago seguro + Garant\u00eda","robots":{"index":"index","follow":"follow","max-snippet":"max-snippet:-1","max-image-preview":"max-image-preview:large","max-video-preview":"max-video-preview:-1"},"canonical":"https:\/\/compuviper.mx\/tienda\/producto\/manhattan-158220-tarjeta-pci-paralela-1-puerto\/","og_locale":"es_MX","og_type":"article","og_title":"[ Manhattan ] &#129351; 158220 Tarjeta Pci , ,,paralela 1 Puerto","og_description":"Compra 158220 Tarjeta Pci , ,,paralela 1 Puerto + Env\u00edo a domicilio + Pago seguro + Garant\u00eda","og_url":"https:\/\/compuviper.mx\/tienda\/producto\/manhattan-158220-tarjeta-pci-paralela-1-puerto\/","og_site_name":"Compuviper","article_publisher":"https:\/\/www.facebook.com\/compuviper","og_image":[{"width":200,"height":200,"url":"https:\/\/compuviper.mx\/tienda\/wp-content\/uploads\/2023\/12\/Tarjeta-pci-manhattan158220paralela-1-puerto.jpg","type":"image\/jpeg"}],"twitter_card":"summary_large_image","twitter_misc":{"Precio":"&#36;315 con IVA","Availability":"In stock"},"schema":{"@context":"https:\/\/schema.org","@graph":[{"@type":"WebPage","@id":"https:\/\/compuviper.mx\/tienda\/producto\/manhattan-158220-tarjeta-pci-paralela-1-puerto\/","url":"https:\/\/compuviper.mx\/tienda\/producto\/manhattan-158220-tarjeta-pci-paralela-1-puerto\/","name":"[ Manhattan ] &#129351; 158220 Tarjeta Pci , ,,paralela 1 Puerto","isPartOf":{"@id":"https:\/\/compuviper.mx\/tienda\/#website"},"datePublished":"2026-04-02T05:35:27+00:00","dateModified":"2026-04-02T05:35:27+00:00","description":"Compra 158220 Tarjeta Pci , ,,paralela 1 Puerto + Env\u00edo a domicilio + Pago seguro + Garant\u00eda","breadcrumb":{"@id":"https:\/\/compuviper.mx\/tienda\/producto\/manhattan-158220-tarjeta-pci-paralela-1-puerto\/#breadcrumb"},"inLanguage":"es-MX","potentialAction":[{"@type":"ReadAction","target":["https:\/\/compuviper.mx\/tienda\/producto\/manhattan-158220-tarjeta-pci-paralela-1-puerto\/"]}]},{"@type":"BreadcrumbList","@id":"https:\/\/compuviper.mx\/tienda\/producto\/manhattan-158220-tarjeta-pci-paralela-1-puerto\/#breadcrumb","itemListElement":[{"@type":"ListItem","position":1,"name":"Inicio","item":"https:\/\/compuviper.mx\/tienda\/"},{"@type":"ListItem","position":2,"name":"Productos","item":"https:\/\/compuviper.mx\/tienda\/productos\/"},{"@type":"ListItem","position":3,"name":"Accesorios","item":"https:\/\/compuviper.mx\/tienda\/categoria-producto\/accesorios\/"},{"@type":"ListItem","position":4,"name":"Adaptadores","item":"https:\/\/compuviper.mx\/tienda\/categoria-producto\/accesorios\/adaptadores\/"},{"@type":"ListItem","position":5,"name":"Manhattan 158220 Tarjeta Pci , ,,paralela 1 Puerto"}]},{"@type":"WebSite","@id":"https:\/\/compuviper.mx\/tienda\/#website","url":"https:\/\/compuviper.mx\/tienda\/","name":"Compuviper","description":"Proveedor de Computadoras, Laptops, Servidores, Monitores, Puntos de Venta, Teclados,   Impresoras, T\u00f3ner, C\u00e1maras de Seguridad y m\u00e1s en tu tienda en l\u00ednea","publisher":{"@id":"https:\/\/compuviper.mx\/tienda\/#organization"},"potentialAction":[{"@type":"SearchAction","target":{"@type":"EntryPoint","urlTemplate":"https:\/\/compuviper.mx\/tienda\/?s={search_term_string}"},"query-input":"required name=search_term_string"}],"inLanguage":"es-MX"},{"@type":"Organization","@id":"https:\/\/compuviper.mx\/tienda\/#organization","name":"Compuviper","url":"https:\/\/compuviper.mx\/tienda\/","logo":{"@type":"ImageObject","inLanguage":"es-MX","@id":"https:\/\/compuviper.mx\/tienda\/#\/schema\/logo\/image\/","url":"https:\/\/compuviper.mx\/tienda\/wp-content\/uploads\/2021\/08\/Logo-Compuviper-10.png","contentUrl":"https:\/\/compuviper.mx\/tienda\/wp-content\/uploads\/2021\/08\/Logo-Compuviper-10.png","width":1000,"height":500,"caption":"Compuviper"},"image":{"@id":"https:\/\/compuviper.mx\/tienda\/#\/schema\/logo\/image\/"},"sameAs":["https:\/\/www.facebook.com\/compuviper","https:\/\/www.youtube.com\/channel\/UCf73dERp9Y3cfOq7q8BhLjA?view_as=subscriber"]}]},"product_brand":"MANHATTAN","product_price_amount":"315","product_price_currency":"MXN","og_availability":"instock","product_availability":"instock","product_retailer_item_id":"158220","product_condition":"new"},"_links":{"self":[{"href":"https:\/\/compuviper.mx\/tienda\/wp-json\/wp\/v2\/product\/213115"}],"collection":[{"href":"https:\/\/compuviper.mx\/tienda\/wp-json\/wp\/v2\/product"}],"about":[{"href":"https:\/\/compuviper.mx\/tienda\/wp-json\/wp\/v2\/types\/product"}],"replies":[{"embeddable":true,"href":"https:\/\/compuviper.mx\/tienda\/wp-json\/wp\/v2\/comments?post=213115"}],"wp:featuredmedia":[{"embeddable":true,"href":"https:\/\/compuviper.mx\/tienda\/wp-json\/wp\/v2\/media\/213116"}],"wp:attachment":[{"href":"https:\/\/compuviper.mx\/tienda\/wp-json\/wp\/v2\/media?parent=213115"}],"wp:term":[{"taxonomy":"product_cat","embeddable":true,"href":"https:\/\/compuviper.mx\/tienda\/wp-json\/wp\/v2\/product_cat?post=213115"},{"taxonomy":"product_tag","embeddable":true,"href":"https:\/\/compuviper.mx\/tienda\/wp-json\/wp\/v2\/product_tag?post=213115"}],"curies":[{"name":"wp","href":"https:\/\/api.w.org\/{rel}","templated":true}]}}