{"id":213101,"date":"2026-04-10T23:36:07","date_gmt":"2026-04-11T05:36:07","guid":{"rendered":"https:\/\/compuviper.mx\/tienda\/producto\/startech-com-laptop-stand-silver-base-de-escritorio-para-laptop-soporta-5kg-de-aluminio-color-plata-base-riser-elevador-ergonmico-para-laptop-para-macbook-air-pro-dell-xps-lenovo-mod\/"},"modified":"2026-04-10T23:36:08","modified_gmt":"2026-04-11T05:36:08","slug":"startech-com-laptop-stand-silver-base-de-escritorio-para-laptop-soporta-5kg-de-aluminio-color-plata-base-riser-elevador-ergonmico-para-laptop-para-macbook-air-pro-dell-xps-lenovo-mod","status":"publish","type":"product","link":"https:\/\/compuviper.mx\/tienda\/producto\/startech-com-laptop-stand-silver-base-de-escritorio-para-laptop-soporta-5kg-de-aluminio-color-plata-base-riser-elevador-ergonmico-para-laptop-para-macbook-air-pro-dell-xps-lenovo-mod\/","title":{"rendered":"Startech.com Laptop-stand-silver Base De Escritorio Para Laptop, Soporta 5kg, De Aluminio, Color Plata, Base Riser Elevador Ergonmico Para Laptop, Para Macbook Air\/pro, Dell Xps, Lenovo &#8211;  Mod."},"content":{"rendered":"<table class=\"descripcion\">\n<tr>\n<td>Hardware<\/td>\n<\/tr>\n<tr>\n<td>Montaje en pared: no<\/td>\n<\/tr>\n<tr>\n<td>Rendimiento<\/td>\n<\/tr>\n<tr>\n<td>Especificaciones generales: altura fija de hasta 106 mm en la parte delantera<\/td>\n<\/tr>\n<tr>\n<td>Caractersticas fsicas<\/td>\n<\/tr>\n<tr>\n<td>Color: plata<\/td>\n<\/tr>\n<tr>\n<td>Altura del producto: 5.5 in<\/td>\n<\/tr>\n<tr>\n<td>Longitud del producto: 10.2 in<\/td>\n<\/tr>\n<tr>\n<td>Peso del producto: 1.9 lb<\/td>\n<\/tr>\n<tr>\n<td>Ancho del producto: 10.2 in<\/td>\n<\/tr>\n<tr>\n<td>Material de fabricacin: aluminio<\/td>\n<\/tr>\n<\/table>\n","protected":false},"excerpt":{"rendered":"<p>Eleve su laptop en su escritorio para una visin ms cmoda mientras ahorra espacio en el escritorio y aumenta su comodidad y productividad. El elevador de laptop admite la mayora de las laptops, incluidos los de 13, 15.6 y 17, con un peso mximo de 5kg. Su diseo ligero 970g le permite reorganizar su espacio de trabajo con facilidad. Dimensiones totales de 260x223x144 mm. Soporte estable para laptop. El elegante elevador de laptops presenta un acabado anodizado en plata con piezas de aluminio de 5mm de grosor para garantizar su durabilidad. Los dos brazos de soporte crean una superficie efectiva de 210x260mm y proporcionan un generoso espacio debajo para la refrigeracin pasiva y el flujo de aire, y pueden utilizarse para guardar un teclado, un mouse u otros accesorios y perifricos cuando no se utilizan. Montaje sencillo. El soporte de laptops para escritorios se monta fcilmente con slo 3 componentes que se pueden ensamblar a mano. Las aberturas para la gestin de cables en la parte posterior de los brazos de soporte ayudan a mantener sus cables ordenados y organizados. Los pies de goma antideslizantes protegen su superficie de trabajo de araazos y rozaduras. Inclinado para una visin ideal. El soporte ergonmico para porttiles est ligeramente inclinado hacia abajo a 16 grados, lo que proporciona un ngulo de visin cmodo. El labio elevado en la parte delantera de los brazos de soporte con la ayuda de las almohadillas de goma en la superficie evita que la laptop se deslice. Laptop-stand silver est respaldado durante 5 aos por startech.Com, incluyendo asistencia tcnica multilinge gratuita de por vida.<\/p>\n","protected":false},"featured_media":213102,"comment_status":"open","ping_status":"open","template":"","meta":[],"product_cat":[2269,2265],"product_tag":[1590],"acf":[],"yoast_head":"<!-- This site is optimized with the Yoast SEO plugin v21.7 - https:\/\/yoast.com\/wordpress\/plugins\/seo\/ -->\n<title>[ Startech.com ] &#129351; Laptop-stand-silver Base De Escritorio Para Laptop, Soporta 5kg, De Aluminio, Color Plata, Base Riser Elevador Ergonmico Para Laptop, Para Macbook Air\/pro, Dell Xps, Lenovo - Mod.<\/title>\n<meta name=\"description\" content=\"Compra Laptop-stand-silver Base De Escritorio Para Laptop, Soporta 5kg, De Aluminio, Color Plata, Base Riser Elevador Ergonmico Para Laptop, Para Macbook Air\/pro, Dell Xps, Lenovo - Mod. + Env\u00edo a domicilio + Pago seguro + Garant\u00eda\" \/>\n<meta name=\"robots\" content=\"index, follow, max-snippet:-1, max-image-preview:large, max-video-preview:-1\" \/>\n<link rel=\"canonical\" href=\"https:\/\/compuviper.mx\/tienda\/producto\/startech-com-laptop-stand-silver-base-de-escritorio-para-laptop-soporta-5kg-de-aluminio-color-plata-base-riser-elevador-ergonmico-para-laptop-para-macbook-air-pro-dell-xps-lenovo-mod\/\" \/>\n<meta property=\"og:locale\" content=\"es_MX\" \/>\n<meta property=\"og:type\" content=\"article\" \/>\n<meta property=\"og:title\" content=\"[ Startech.com ] &#129351; Laptop-stand-silver Base De Escritorio Para Laptop, Soporta 5kg, De Aluminio, Color Plata, Base Riser Elevador Ergonmico Para Laptop, Para Macbook Air\/pro, Dell Xps, Lenovo - Mod.\" \/>\n<meta property=\"og:description\" content=\"Compra Laptop-stand-silver Base De Escritorio Para Laptop, Soporta 5kg, De Aluminio, Color Plata, Base Riser Elevador Ergonmico Para Laptop, Para Macbook Air\/pro, Dell Xps, Lenovo - Mod. + Env\u00edo a domicilio + Pago seguro + Garant\u00eda\" \/>\n<meta property=\"og:url\" content=\"https:\/\/compuviper.mx\/tienda\/producto\/startech-com-laptop-stand-silver-base-de-escritorio-para-laptop-soporta-5kg-de-aluminio-color-plata-base-riser-elevador-ergonmico-para-laptop-para-macbook-air-pro-dell-xps-lenovo-mod\/\" \/>\n<meta property=\"og:site_name\" content=\"Compuviper\" \/>\n<meta property=\"article:publisher\" content=\"https:\/\/www.facebook.com\/compuviper\" \/>\n<meta property=\"article:modified_time\" content=\"2026-04-11T05:36:08+00:00\" \/>\n<meta property=\"og:image\" content=\"https:\/\/compuviper.mx\/tienda\/wp-content\/uploads\/2023\/12\/Base-de-escritorio-para-laptop-soporta-5kg-de-aluminio-color-plata-base-riser-elevador-ergonomico-para-laptop-para-macbook-airpro-dell-xps-lenovo-startech.com-mod.-laptop-stand-silver.jpg\" \/>\n\t<meta property=\"og:image:width\" content=\"200\" \/>\n\t<meta property=\"og:image:height\" content=\"200\" \/>\n\t<meta property=\"og:image:type\" content=\"image\/jpeg\" \/>\n<meta name=\"twitter:card\" content=\"summary_large_image\" \/>\n<meta name=\"twitter:label1\" content=\"Precio\" \/>\n\t<meta name=\"twitter:data1\" content=\"&#36;1,071 con IVA\" \/>\n\t<meta name=\"twitter:label2\" content=\"Availability\" \/>\n\t<meta name=\"twitter:data2\" content=\"Out of stock\" \/>\n<script type=\"application\/ld+json\" class=\"yoast-schema-graph\">{\"@context\":\"https:\/\/schema.org\",\"@graph\":[{\"@type\":\"WebPage\",\"@id\":\"https:\/\/compuviper.mx\/tienda\/producto\/startech-com-laptop-stand-silver-base-de-escritorio-para-laptop-soporta-5kg-de-aluminio-color-plata-base-riser-elevador-ergonmico-para-laptop-para-macbook-air-pro-dell-xps-lenovo-mod\/\",\"url\":\"https:\/\/compuviper.mx\/tienda\/producto\/startech-com-laptop-stand-silver-base-de-escritorio-para-laptop-soporta-5kg-de-aluminio-color-plata-base-riser-elevador-ergonmico-para-laptop-para-macbook-air-pro-dell-xps-lenovo-mod\/\",\"name\":\"[ Startech.com ] &#129351; Laptop-stand-silver Base De Escritorio Para Laptop, Soporta 5kg, De Aluminio, Color Plata, Base Riser Elevador Ergonmico Para Laptop, Para Macbook Air\/pro, Dell Xps, Lenovo - Mod.\",\"isPartOf\":{\"@id\":\"https:\/\/compuviper.mx\/tienda\/#website\"},\"datePublished\":\"2026-04-11T05:36:07+00:00\",\"dateModified\":\"2026-04-11T05:36:08+00:00\",\"description\":\"Compra Laptop-stand-silver Base De Escritorio Para Laptop, Soporta 5kg, De Aluminio, Color Plata, Base Riser Elevador Ergonmico Para Laptop, Para Macbook Air\/pro, Dell Xps, Lenovo - Mod. + Env\u00edo a domicilio + Pago seguro + Garant\u00eda\",\"breadcrumb\":{\"@id\":\"https:\/\/compuviper.mx\/tienda\/producto\/startech-com-laptop-stand-silver-base-de-escritorio-para-laptop-soporta-5kg-de-aluminio-color-plata-base-riser-elevador-ergonmico-para-laptop-para-macbook-air-pro-dell-xps-lenovo-mod\/#breadcrumb\"},\"inLanguage\":\"es-MX\",\"potentialAction\":[{\"@type\":\"ReadAction\",\"target\":[\"https:\/\/compuviper.mx\/tienda\/producto\/startech-com-laptop-stand-silver-base-de-escritorio-para-laptop-soporta-5kg-de-aluminio-color-plata-base-riser-elevador-ergonmico-para-laptop-para-macbook-air-pro-dell-xps-lenovo-mod\/\"]}]},{\"@type\":\"BreadcrumbList\",\"@id\":\"https:\/\/compuviper.mx\/tienda\/producto\/startech-com-laptop-stand-silver-base-de-escritorio-para-laptop-soporta-5kg-de-aluminio-color-plata-base-riser-elevador-ergonmico-para-laptop-para-macbook-air-pro-dell-xps-lenovo-mod\/#breadcrumb\",\"itemListElement\":[{\"@type\":\"ListItem\",\"position\":1,\"name\":\"Inicio\",\"item\":\"https:\/\/compuviper.mx\/tienda\/\"},{\"@type\":\"ListItem\",\"position\":2,\"name\":\"Productos\",\"item\":\"https:\/\/compuviper.mx\/tienda\/productos\/\"},{\"@type\":\"ListItem\",\"position\":3,\"name\":\"Soportes Y Bases P\/tv\/ Proyectores\/dvd\/consolas\/bocinas\/pantallas\/monotores\",\"item\":\"https:\/\/compuviper.mx\/tienda\/categoria-producto\/soportes-y-bases-p-tv-proyectores-dvd-consolas-bocinas-pantallas-monotores\/\"},{\"@type\":\"ListItem\",\"position\":4,\"name\":\"Sin Categor\u00eda\",\"item\":\"https:\/\/compuviper.mx\/tienda\/categoria-producto\/soportes-y-bases-p-tv-proyectores-dvd-consolas-bocinas-pantallas-monotores\/sin-categoria-soportes-y-bases-p-tv-proyectores-dvd-consolas-bocinas-pantallas-monotores\/\"},{\"@type\":\"ListItem\",\"position\":5,\"name\":\"Startech.com Laptop-stand-silver Base De Escritorio Para Laptop, Soporta 5kg, De Aluminio, Color Plata, Base Riser Elevador Ergonmico Para Laptop, Para Macbook Air\/pro, Dell Xps, Lenovo &#8211; Mod.\"}]},{\"@type\":\"WebSite\",\"@id\":\"https:\/\/compuviper.mx\/tienda\/#website\",\"url\":\"https:\/\/compuviper.mx\/tienda\/\",\"name\":\"Compuviper\",\"description\":\"Proveedor de Computadoras, Laptops, Servidores, Monitores, Puntos de Venta, Teclados,   Impresoras, T\u00f3ner, C\u00e1maras de Seguridad y m\u00e1s en tu tienda en l\u00ednea\",\"publisher\":{\"@id\":\"https:\/\/compuviper.mx\/tienda\/#organization\"},\"potentialAction\":[{\"@type\":\"SearchAction\",\"target\":{\"@type\":\"EntryPoint\",\"urlTemplate\":\"https:\/\/compuviper.mx\/tienda\/?s={search_term_string}\"},\"query-input\":\"required name=search_term_string\"}],\"inLanguage\":\"es-MX\"},{\"@type\":\"Organization\",\"@id\":\"https:\/\/compuviper.mx\/tienda\/#organization\",\"name\":\"Compuviper\",\"url\":\"https:\/\/compuviper.mx\/tienda\/\",\"logo\":{\"@type\":\"ImageObject\",\"inLanguage\":\"es-MX\",\"@id\":\"https:\/\/compuviper.mx\/tienda\/#\/schema\/logo\/image\/\",\"url\":\"https:\/\/compuviper.mx\/tienda\/wp-content\/uploads\/2021\/08\/Logo-Compuviper-10.png\",\"contentUrl\":\"https:\/\/compuviper.mx\/tienda\/wp-content\/uploads\/2021\/08\/Logo-Compuviper-10.png\",\"width\":1000,\"height\":500,\"caption\":\"Compuviper\"},\"image\":{\"@id\":\"https:\/\/compuviper.mx\/tienda\/#\/schema\/logo\/image\/\"},\"sameAs\":[\"https:\/\/www.facebook.com\/compuviper\",\"https:\/\/www.youtube.com\/channel\/UCf73dERp9Y3cfOq7q8BhLjA?view_as=subscriber\"]}]}<\/script>\n<meta property=\"product:brand\" content=\"STARTECH.COM\" \/>\n<meta property=\"product:price:amount\" content=\"1071\" \/>\n<meta property=\"product:price:currency\" content=\"MXN\" \/>\n<meta property=\"og:availability\" content=\"out of stock\" \/>\n<meta property=\"product:availability\" content=\"out of stock\" \/>\n<meta property=\"product:retailer_item_id\" content=\"LAPTOP-STAND-SILVER\" \/>\n<meta property=\"product:condition\" content=\"new\" \/>\n<!-- \/ Yoast SEO plugin. -->","yoast_head_json":{"title":"[ Startech.com ] &#129351; Laptop-stand-silver Base De Escritorio Para Laptop, Soporta 5kg, De Aluminio, Color Plata, Base Riser Elevador Ergonmico Para Laptop, Para Macbook Air\/pro, Dell Xps, Lenovo - Mod.","description":"Compra Laptop-stand-silver Base De Escritorio Para Laptop, Soporta 5kg, De Aluminio, Color Plata, Base Riser Elevador Ergonmico Para Laptop, Para Macbook Air\/pro, Dell Xps, Lenovo - Mod. + Env\u00edo a domicilio + Pago seguro + Garant\u00eda","robots":{"index":"index","follow":"follow","max-snippet":"max-snippet:-1","max-image-preview":"max-image-preview:large","max-video-preview":"max-video-preview:-1"},"canonical":"https:\/\/compuviper.mx\/tienda\/producto\/startech-com-laptop-stand-silver-base-de-escritorio-para-laptop-soporta-5kg-de-aluminio-color-plata-base-riser-elevador-ergonmico-para-laptop-para-macbook-air-pro-dell-xps-lenovo-mod\/","og_locale":"es_MX","og_type":"article","og_title":"[ Startech.com ] &#129351; Laptop-stand-silver Base De Escritorio Para Laptop, Soporta 5kg, De Aluminio, Color Plata, Base Riser Elevador Ergonmico Para Laptop, Para Macbook Air\/pro, Dell Xps, Lenovo - Mod.","og_description":"Compra Laptop-stand-silver Base De Escritorio Para Laptop, Soporta 5kg, De Aluminio, Color Plata, Base Riser Elevador Ergonmico Para Laptop, Para Macbook Air\/pro, Dell Xps, Lenovo - Mod. + Env\u00edo a domicilio + Pago seguro + Garant\u00eda","og_url":"https:\/\/compuviper.mx\/tienda\/producto\/startech-com-laptop-stand-silver-base-de-escritorio-para-laptop-soporta-5kg-de-aluminio-color-plata-base-riser-elevador-ergonmico-para-laptop-para-macbook-air-pro-dell-xps-lenovo-mod\/","og_site_name":"Compuviper","article_publisher":"https:\/\/www.facebook.com\/compuviper","article_modified_time":"2026-04-11T05:36:08+00:00","og_image":[{"width":200,"height":200,"url":"https:\/\/compuviper.mx\/tienda\/wp-content\/uploads\/2023\/12\/Base-de-escritorio-para-laptop-soporta-5kg-de-aluminio-color-plata-base-riser-elevador-ergonomico-para-laptop-para-macbook-airpro-dell-xps-lenovo-startech.com-mod.-laptop-stand-silver.jpg","type":"image\/jpeg"}],"twitter_card":"summary_large_image","twitter_misc":{"Precio":"&#36;1,071 con IVA","Availability":"Out of stock"},"schema":{"@context":"https:\/\/schema.org","@graph":[{"@type":"WebPage","@id":"https:\/\/compuviper.mx\/tienda\/producto\/startech-com-laptop-stand-silver-base-de-escritorio-para-laptop-soporta-5kg-de-aluminio-color-plata-base-riser-elevador-ergonmico-para-laptop-para-macbook-air-pro-dell-xps-lenovo-mod\/","url":"https:\/\/compuviper.mx\/tienda\/producto\/startech-com-laptop-stand-silver-base-de-escritorio-para-laptop-soporta-5kg-de-aluminio-color-plata-base-riser-elevador-ergonmico-para-laptop-para-macbook-air-pro-dell-xps-lenovo-mod\/","name":"[ Startech.com ] &#129351; Laptop-stand-silver Base De Escritorio Para Laptop, Soporta 5kg, De Aluminio, Color Plata, Base Riser Elevador Ergonmico Para Laptop, Para Macbook Air\/pro, Dell Xps, Lenovo - Mod.","isPartOf":{"@id":"https:\/\/compuviper.mx\/tienda\/#website"},"datePublished":"2026-04-11T05:36:07+00:00","dateModified":"2026-04-11T05:36:08+00:00","description":"Compra Laptop-stand-silver Base De Escritorio Para Laptop, Soporta 5kg, De Aluminio, Color Plata, Base Riser Elevador Ergonmico Para Laptop, Para Macbook Air\/pro, Dell Xps, Lenovo - Mod. + Env\u00edo a domicilio + Pago seguro + Garant\u00eda","breadcrumb":{"@id":"https:\/\/compuviper.mx\/tienda\/producto\/startech-com-laptop-stand-silver-base-de-escritorio-para-laptop-soporta-5kg-de-aluminio-color-plata-base-riser-elevador-ergonmico-para-laptop-para-macbook-air-pro-dell-xps-lenovo-mod\/#breadcrumb"},"inLanguage":"es-MX","potentialAction":[{"@type":"ReadAction","target":["https:\/\/compuviper.mx\/tienda\/producto\/startech-com-laptop-stand-silver-base-de-escritorio-para-laptop-soporta-5kg-de-aluminio-color-plata-base-riser-elevador-ergonmico-para-laptop-para-macbook-air-pro-dell-xps-lenovo-mod\/"]}]},{"@type":"BreadcrumbList","@id":"https:\/\/compuviper.mx\/tienda\/producto\/startech-com-laptop-stand-silver-base-de-escritorio-para-laptop-soporta-5kg-de-aluminio-color-plata-base-riser-elevador-ergonmico-para-laptop-para-macbook-air-pro-dell-xps-lenovo-mod\/#breadcrumb","itemListElement":[{"@type":"ListItem","position":1,"name":"Inicio","item":"https:\/\/compuviper.mx\/tienda\/"},{"@type":"ListItem","position":2,"name":"Productos","item":"https:\/\/compuviper.mx\/tienda\/productos\/"},{"@type":"ListItem","position":3,"name":"Soportes Y Bases P\/tv\/ Proyectores\/dvd\/consolas\/bocinas\/pantallas\/monotores","item":"https:\/\/compuviper.mx\/tienda\/categoria-producto\/soportes-y-bases-p-tv-proyectores-dvd-consolas-bocinas-pantallas-monotores\/"},{"@type":"ListItem","position":4,"name":"Sin Categor\u00eda","item":"https:\/\/compuviper.mx\/tienda\/categoria-producto\/soportes-y-bases-p-tv-proyectores-dvd-consolas-bocinas-pantallas-monotores\/sin-categoria-soportes-y-bases-p-tv-proyectores-dvd-consolas-bocinas-pantallas-monotores\/"},{"@type":"ListItem","position":5,"name":"Startech.com Laptop-stand-silver Base De Escritorio Para Laptop, Soporta 5kg, De Aluminio, Color Plata, Base Riser Elevador Ergonmico Para Laptop, Para Macbook Air\/pro, Dell Xps, Lenovo &#8211; Mod."}]},{"@type":"WebSite","@id":"https:\/\/compuviper.mx\/tienda\/#website","url":"https:\/\/compuviper.mx\/tienda\/","name":"Compuviper","description":"Proveedor de Computadoras, Laptops, Servidores, Monitores, Puntos de Venta, Teclados,   Impresoras, T\u00f3ner, C\u00e1maras de Seguridad y m\u00e1s en tu tienda en l\u00ednea","publisher":{"@id":"https:\/\/compuviper.mx\/tienda\/#organization"},"potentialAction":[{"@type":"SearchAction","target":{"@type":"EntryPoint","urlTemplate":"https:\/\/compuviper.mx\/tienda\/?s={search_term_string}"},"query-input":"required name=search_term_string"}],"inLanguage":"es-MX"},{"@type":"Organization","@id":"https:\/\/compuviper.mx\/tienda\/#organization","name":"Compuviper","url":"https:\/\/compuviper.mx\/tienda\/","logo":{"@type":"ImageObject","inLanguage":"es-MX","@id":"https:\/\/compuviper.mx\/tienda\/#\/schema\/logo\/image\/","url":"https:\/\/compuviper.mx\/tienda\/wp-content\/uploads\/2021\/08\/Logo-Compuviper-10.png","contentUrl":"https:\/\/compuviper.mx\/tienda\/wp-content\/uploads\/2021\/08\/Logo-Compuviper-10.png","width":1000,"height":500,"caption":"Compuviper"},"image":{"@id":"https:\/\/compuviper.mx\/tienda\/#\/schema\/logo\/image\/"},"sameAs":["https:\/\/www.facebook.com\/compuviper","https:\/\/www.youtube.com\/channel\/UCf73dERp9Y3cfOq7q8BhLjA?view_as=subscriber"]}]},"product_brand":"STARTECH.COM","product_price_amount":"1071","product_price_currency":"MXN","og_availability":"out of stock","product_availability":"out of stock","product_retailer_item_id":"LAPTOP-STAND-SILVER","product_condition":"new"},"_links":{"self":[{"href":"https:\/\/compuviper.mx\/tienda\/wp-json\/wp\/v2\/product\/213101"}],"collection":[{"href":"https:\/\/compuviper.mx\/tienda\/wp-json\/wp\/v2\/product"}],"about":[{"href":"https:\/\/compuviper.mx\/tienda\/wp-json\/wp\/v2\/types\/product"}],"replies":[{"embeddable":true,"href":"https:\/\/compuviper.mx\/tienda\/wp-json\/wp\/v2\/comments?post=213101"}],"wp:featuredmedia":[{"embeddable":true,"href":"https:\/\/compuviper.mx\/tienda\/wp-json\/wp\/v2\/media\/213102"}],"wp:attachment":[{"href":"https:\/\/compuviper.mx\/tienda\/wp-json\/wp\/v2\/media?parent=213101"}],"wp:term":[{"taxonomy":"product_cat","embeddable":true,"href":"https:\/\/compuviper.mx\/tienda\/wp-json\/wp\/v2\/product_cat?post=213101"},{"taxonomy":"product_tag","embeddable":true,"href":"https:\/\/compuviper.mx\/tienda\/wp-json\/wp\/v2\/product_tag?post=213101"}],"curies":[{"name":"wp","href":"https:\/\/api.w.org\/{rel}","templated":true}]}}