{"id":213091,"date":"2026-04-01T23:35:25","date_gmt":"2026-04-02T05:35:25","guid":{"rendered":"https:\/\/compuviper.mx\/tienda\/producto\/cyberpower-cr6u61001-gabinete-de-montaje-en-pared-6u-negro-capacidad-de-carga-de-60-kg-garanta-de-5-aos\/"},"modified":"2026-04-01T23:35:25","modified_gmt":"2026-04-02T05:35:25","slug":"cyberpower-cr6u61001-gabinete-de-montaje-en-pared-6u-negro-capacidad-de-carga-de-60-kg-garanta-de-5-aos","status":"publish","type":"product","link":"https:\/\/compuviper.mx\/tienda\/producto\/cyberpower-cr6u61001-gabinete-de-montaje-en-pared-6u-negro-capacidad-de-carga-de-60-kg-garanta-de-5-aos\/","title":{"rendered":"Cyberpower Cr6u61001 Gabinete De Montaje En Pared  () 6u, Negro, Capacidad De Carga De 60 Kg. Garant?a De 5 A?os."},"content":{"rendered":"<table class=\"descripcion\">\n<tr>\n<td>F\u00edsico<\/td>\n<\/tr>\n<tr>\n<td>Altura del estante 6u<\/td>\n<\/tr>\n<tr>\n<td>Color pintura en polvo negra ral 9005<\/td>\n<\/tr>\n<tr>\n<td>Tipo de puerta puerta de metal perforada hexagonal<\/td>\n<\/tr>\n<tr>\n<td>Tipo de orificio de montaje en \u00e1ngulo de rackorificio de montaje cuadrado y #12-24<\/td>\n<\/tr>\n<tr>\n<td>Capacidad de peso: carga estacionaria (lb) 132.3<\/td>\n<\/tr>\n<tr>\n<td>Capacidad de peso: carga estacionaria (kg) 60<\/td>\n<\/tr>\n<tr>\n<td>Profundidad de montaje predeterminada de f\u00e1brica (pulgadas) 17.2<\/td>\n<\/tr>\n<tr>\n<td>Profundidad de montaje predeterminada de f\u00e1brica (mm) 436<\/td>\n<\/tr>\n<tr>\n<td>Dimensiones de la abertura de acceso al cable (pulgadas) 9,8&#215;2,2<\/td>\n<\/tr>\n<tr>\n<td>Dimensiones de la abertura de acceso del cable (mm) 250&#215;56<\/td>\n<\/tr>\n<tr>\n<td>M\u00e1x. profundidad de montaje (pulgadas) 22.2<\/td>\n<\/tr>\n<tr>\n<td>M\u00e1x. profundidad de montaje (mm) 562<\/td>\n<\/tr>\n<tr>\n<td>M\u00edn. profundidad de montaje (pulgadas) 1.9<\/td>\n<\/tr>\n<tr>\n<td>M\u00edn. profundidad de montaje (mm) 47<\/td>\n<\/tr>\n<tr>\n<td>Dimensiones (an. x al. x pr.) 23,6&#215;14,6&#215;23,6<\/td>\n<\/tr>\n<tr>\n<td>Dimensiones (an. x al. x pr. mm) 600x372x600<\/td>\n<\/tr>\n<tr>\n<td>Peso neto (libras) 37.2<\/td>\n<\/tr>\n<tr>\n<td>Peso neto \/ kg) 16.9<\/td>\n<\/tr>\n<tr>\n<td>Dimensiones de env\u00edo: ancho x alto x profundidad (pulgadas) 26,18&#215;17,12&#215;26,18<\/td>\n<\/tr>\n<tr>\n<td>Dimensiones de env\u00edo: ancho x alto x profundidad (mm) 665x435x665<\/td>\n<\/tr>\n<tr>\n<td>Peso de env\u00edo (libras) 41<\/td>\n<\/tr>\n<tr>\n<td>Peso de env\u00edo (kg) 18.6<\/td>\n<\/tr>\n<tr>\n<td>Caracter\u00edsticas especiales<\/td>\n<\/tr>\n<tr>\n<td>Unidades de rack numeradas s\u00ed<\/td>\n<\/tr>\n<tr>\n<td>Ruedas rodantes opcional<\/td>\n<\/tr>\n<tr>\n<td>Puerta extra\u00edble y paneles laterales s\u00ed<\/td>\n<\/tr>\n<tr>\n<td>Puerta frontal reversible s\u00ed<\/td>\n<\/tr>\n<tr>\n<td>Puerta con cerradura y paneles laterales si, llaves iguales<\/td>\n<\/tr>\n<tr>\n<td>Ventilaci\u00f3n puerta perforada y paneles laterales con parte superior e inferior ventiladas<\/td>\n<\/tr>\n<tr>\n<td>Acceso a cables aberturas superior e inferior<\/td>\n<\/tr>\n<tr>\n<td>Punto de puesta a tierra pe s\u00ed<\/td>\n<\/tr>\n<tr>\n<td>Ambiental<\/td>\n<\/tr>\n<tr>\n<td>Clase de protecci\u00f3n ip20<\/td>\n<\/tr>\n<tr>\n<td>Certificaciones<\/td>\n<\/tr>\n<tr>\n<td>La seguridad ce<\/td>\n<\/tr>\n<tr>\n<td>Aprobaciones din41491, din41494, eia\/eca-310-e, iec 60297-3-100, rohs<\/td>\n<\/tr>\n<tr>\n<td>Garant\u00eda<\/td>\n<\/tr>\n<tr>\n<td>La garant\u00eda del producto 5 a\u00f1os limitada.<\/td>\n<\/tr>\n<\/table>\n","protected":false},"excerpt":{"rendered":"<p>El cr6u61001 est\u00e1 dise\u00f1ado para su uso en armarios de red, aulas y otros lugares. Este rack de montaje en pared aloja conmutadores de red y paneles de conexiones de hasta 22 de profundidad. Incluye c\u00f3modas aberturas de acceso para cables en el panel superior, puerta frontal perforada y paneles laterales para un flujo de aire eficiente, \u00e1ngulos de rack ajustables y orificios de montaje cuadrados y roscados. El cr6u61001 se env\u00eda completamente ensamblado para una implementaci\u00f3n r\u00e1pida y se puede personalizar con accesorios compatibles est\u00e1 cubierto por una garant\u00eda limitada de 5 a\u00f1os.<\/p>\n","protected":false},"featured_media":213092,"comment_status":"open","ping_status":"open","template":"","meta":[],"product_cat":[1485,1488],"product_tag":[1692],"acf":[],"yoast_head":"<!-- This site is optimized with the Yoast SEO plugin v21.7 - https:\/\/yoast.com\/wordpress\/plugins\/seo\/ -->\n<title>[ Cyberpower ] &#129351; Cr6u61001 Gabinete De Montaje En Pared () 6u, Negro, Capacidad De Carga De 60 Kg. Garant\u00eda De 5 A\u00f1os.<\/title>\n<meta name=\"description\" content=\"Compra Cr6u61001 Gabinete De Montaje En Pared () 6u, Negro, Capacidad De Carga De 60 Kg. Garant\u00eda De 5 A\u00f1os. + Env\u00edo a domicilio + Pago seguro + Garant\u00eda\" \/>\n<meta name=\"robots\" content=\"index, follow, max-snippet:-1, max-image-preview:large, max-video-preview:-1\" \/>\n<link rel=\"canonical\" href=\"https:\/\/compuviper.mx\/tienda\/producto\/cyberpower-cr6u61001-gabinete-de-montaje-en-pared-6u-negro-capacidad-de-carga-de-60-kg-garanta-de-5-aos\/\" \/>\n<meta property=\"og:locale\" content=\"es_MX\" \/>\n<meta property=\"og:type\" content=\"article\" \/>\n<meta property=\"og:title\" content=\"[ Cyberpower ] &#129351; Cr6u61001 Gabinete De Montaje En Pared () 6u, Negro, Capacidad De Carga De 60 Kg. Garant\u00eda De 5 A\u00f1os.\" \/>\n<meta property=\"og:description\" content=\"Compra Cr6u61001 Gabinete De Montaje En Pared () 6u, Negro, Capacidad De Carga De 60 Kg. Garant\u00eda De 5 A\u00f1os. + Env\u00edo a domicilio + Pago seguro + Garant\u00eda\" \/>\n<meta property=\"og:url\" content=\"https:\/\/compuviper.mx\/tienda\/producto\/cyberpower-cr6u61001-gabinete-de-montaje-en-pared-6u-negro-capacidad-de-carga-de-60-kg-garanta-de-5-aos\/\" \/>\n<meta property=\"og:site_name\" content=\"Compuviper\" \/>\n<meta property=\"article:publisher\" content=\"https:\/\/www.facebook.com\/compuviper\" \/>\n<meta property=\"og:image\" content=\"https:\/\/compuviper.mx\/tienda\/wp-content\/uploads\/2023\/12\/Gabinete-de-montaje-en-pared-cyberpower-cr6u61001-6u-negro-capacidad-de-carga-de-60-kg.-garantia-de-5-anos.jpg\" \/>\n\t<meta property=\"og:image:width\" content=\"200\" \/>\n\t<meta property=\"og:image:height\" content=\"200\" \/>\n\t<meta property=\"og:image:type\" content=\"image\/jpeg\" \/>\n<meta name=\"twitter:card\" content=\"summary_large_image\" \/>\n<meta name=\"twitter:label1\" content=\"Precio\" \/>\n\t<meta name=\"twitter:data1\" content=\"&#36;4,431 con IVA\" \/>\n\t<meta name=\"twitter:label2\" content=\"Availability\" \/>\n\t<meta name=\"twitter:data2\" content=\"On backorder\" \/>\n<script type=\"application\/ld+json\" class=\"yoast-schema-graph\">{\"@context\":\"https:\/\/schema.org\",\"@graph\":[{\"@type\":\"WebPage\",\"@id\":\"https:\/\/compuviper.mx\/tienda\/producto\/cyberpower-cr6u61001-gabinete-de-montaje-en-pared-6u-negro-capacidad-de-carga-de-60-kg-garanta-de-5-aos\/\",\"url\":\"https:\/\/compuviper.mx\/tienda\/producto\/cyberpower-cr6u61001-gabinete-de-montaje-en-pared-6u-negro-capacidad-de-carga-de-60-kg-garanta-de-5-aos\/\",\"name\":\"[ Cyberpower ] &#129351; Cr6u61001 Gabinete De Montaje En Pared () 6u, Negro, Capacidad De Carga De 60 Kg. Garant\u00eda De 5 A\u00f1os.\",\"isPartOf\":{\"@id\":\"https:\/\/compuviper.mx\/tienda\/#website\"},\"datePublished\":\"2026-04-02T05:35:25+00:00\",\"dateModified\":\"2026-04-02T05:35:25+00:00\",\"description\":\"Compra Cr6u61001 Gabinete De Montaje En Pared () 6u, Negro, Capacidad De Carga De 60 Kg. Garant\u00eda De 5 A\u00f1os. + Env\u00edo a domicilio + Pago seguro + Garant\u00eda\",\"breadcrumb\":{\"@id\":\"https:\/\/compuviper.mx\/tienda\/producto\/cyberpower-cr6u61001-gabinete-de-montaje-en-pared-6u-negro-capacidad-de-carga-de-60-kg-garanta-de-5-aos\/#breadcrumb\"},\"inLanguage\":\"es-MX\",\"potentialAction\":[{\"@type\":\"ReadAction\",\"target\":[\"https:\/\/compuviper.mx\/tienda\/producto\/cyberpower-cr6u61001-gabinete-de-montaje-en-pared-6u-negro-capacidad-de-carga-de-60-kg-garanta-de-5-aos\/\"]}]},{\"@type\":\"BreadcrumbList\",\"@id\":\"https:\/\/compuviper.mx\/tienda\/producto\/cyberpower-cr6u61001-gabinete-de-montaje-en-pared-6u-negro-capacidad-de-carga-de-60-kg-garanta-de-5-aos\/#breadcrumb\",\"itemListElement\":[{\"@type\":\"ListItem\",\"position\":1,\"name\":\"Inicio\",\"item\":\"https:\/\/compuviper.mx\/tienda\/\"},{\"@type\":\"ListItem\",\"position\":2,\"name\":\"Productos\",\"item\":\"https:\/\/compuviper.mx\/tienda\/productos\/\"},{\"@type\":\"ListItem\",\"position\":3,\"name\":\"Accesorios\",\"item\":\"https:\/\/compuviper.mx\/tienda\/categoria-producto\/accesorios\/\"},{\"@type\":\"ListItem\",\"position\":4,\"name\":\"Rack\",\"item\":\"https:\/\/compuviper.mx\/tienda\/categoria-producto\/accesorios\/rack\/\"},{\"@type\":\"ListItem\",\"position\":5,\"name\":\"Cyberpower Cr6u61001 Gabinete De Montaje En Pared () 6u, Negro, Capacidad De Carga De 60 Kg. Garant?a De 5 A?os.\"}]},{\"@type\":\"WebSite\",\"@id\":\"https:\/\/compuviper.mx\/tienda\/#website\",\"url\":\"https:\/\/compuviper.mx\/tienda\/\",\"name\":\"Compuviper\",\"description\":\"Proveedor de Computadoras, Laptops, Servidores, Monitores, Puntos de Venta, Teclados,   Impresoras, T\u00f3ner, C\u00e1maras de Seguridad y m\u00e1s en tu tienda en l\u00ednea\",\"publisher\":{\"@id\":\"https:\/\/compuviper.mx\/tienda\/#organization\"},\"potentialAction\":[{\"@type\":\"SearchAction\",\"target\":{\"@type\":\"EntryPoint\",\"urlTemplate\":\"https:\/\/compuviper.mx\/tienda\/?s={search_term_string}\"},\"query-input\":\"required name=search_term_string\"}],\"inLanguage\":\"es-MX\"},{\"@type\":\"Organization\",\"@id\":\"https:\/\/compuviper.mx\/tienda\/#organization\",\"name\":\"Compuviper\",\"url\":\"https:\/\/compuviper.mx\/tienda\/\",\"logo\":{\"@type\":\"ImageObject\",\"inLanguage\":\"es-MX\",\"@id\":\"https:\/\/compuviper.mx\/tienda\/#\/schema\/logo\/image\/\",\"url\":\"https:\/\/compuviper.mx\/tienda\/wp-content\/uploads\/2021\/08\/Logo-Compuviper-10.png\",\"contentUrl\":\"https:\/\/compuviper.mx\/tienda\/wp-content\/uploads\/2021\/08\/Logo-Compuviper-10.png\",\"width\":1000,\"height\":500,\"caption\":\"Compuviper\"},\"image\":{\"@id\":\"https:\/\/compuviper.mx\/tienda\/#\/schema\/logo\/image\/\"},\"sameAs\":[\"https:\/\/www.facebook.com\/compuviper\",\"https:\/\/www.youtube.com\/channel\/UCf73dERp9Y3cfOq7q8BhLjA?view_as=subscriber\"]}]}<\/script>\n<meta property=\"product:brand\" content=\"CYBERPOWER\" \/>\n<meta property=\"product:price:amount\" content=\"4431\" \/>\n<meta property=\"product:price:currency\" content=\"MXN\" \/>\n<meta property=\"og:availability\" content=\"backorder\" \/>\n<meta property=\"product:availability\" content=\"available for order\" \/>\n<meta property=\"product:retailer_item_id\" content=\"CR6U61001\" \/>\n<meta property=\"product:condition\" content=\"new\" \/>\n<!-- \/ Yoast SEO plugin. -->","yoast_head_json":{"title":"[ Cyberpower ] &#129351; Cr6u61001 Gabinete De Montaje En Pared () 6u, Negro, Capacidad De Carga De 60 Kg. Garant\u00eda De 5 A\u00f1os.","description":"Compra Cr6u61001 Gabinete De Montaje En Pared () 6u, Negro, Capacidad De Carga De 60 Kg. Garant\u00eda De 5 A\u00f1os. + Env\u00edo a domicilio + Pago seguro + Garant\u00eda","robots":{"index":"index","follow":"follow","max-snippet":"max-snippet:-1","max-image-preview":"max-image-preview:large","max-video-preview":"max-video-preview:-1"},"canonical":"https:\/\/compuviper.mx\/tienda\/producto\/cyberpower-cr6u61001-gabinete-de-montaje-en-pared-6u-negro-capacidad-de-carga-de-60-kg-garanta-de-5-aos\/","og_locale":"es_MX","og_type":"article","og_title":"[ Cyberpower ] &#129351; Cr6u61001 Gabinete De Montaje En Pared () 6u, Negro, Capacidad De Carga De 60 Kg. Garant\u00eda De 5 A\u00f1os.","og_description":"Compra Cr6u61001 Gabinete De Montaje En Pared () 6u, Negro, Capacidad De Carga De 60 Kg. Garant\u00eda De 5 A\u00f1os. + Env\u00edo a domicilio + Pago seguro + Garant\u00eda","og_url":"https:\/\/compuviper.mx\/tienda\/producto\/cyberpower-cr6u61001-gabinete-de-montaje-en-pared-6u-negro-capacidad-de-carga-de-60-kg-garanta-de-5-aos\/","og_site_name":"Compuviper","article_publisher":"https:\/\/www.facebook.com\/compuviper","og_image":[{"width":200,"height":200,"url":"https:\/\/compuviper.mx\/tienda\/wp-content\/uploads\/2023\/12\/Gabinete-de-montaje-en-pared-cyberpower-cr6u61001-6u-negro-capacidad-de-carga-de-60-kg.-garantia-de-5-anos.jpg","type":"image\/jpeg"}],"twitter_card":"summary_large_image","twitter_misc":{"Precio":"&#36;4,431 con IVA","Availability":"On backorder"},"schema":{"@context":"https:\/\/schema.org","@graph":[{"@type":"WebPage","@id":"https:\/\/compuviper.mx\/tienda\/producto\/cyberpower-cr6u61001-gabinete-de-montaje-en-pared-6u-negro-capacidad-de-carga-de-60-kg-garanta-de-5-aos\/","url":"https:\/\/compuviper.mx\/tienda\/producto\/cyberpower-cr6u61001-gabinete-de-montaje-en-pared-6u-negro-capacidad-de-carga-de-60-kg-garanta-de-5-aos\/","name":"[ Cyberpower ] &#129351; Cr6u61001 Gabinete De Montaje En Pared () 6u, Negro, Capacidad De Carga De 60 Kg. Garant\u00eda De 5 A\u00f1os.","isPartOf":{"@id":"https:\/\/compuviper.mx\/tienda\/#website"},"datePublished":"2026-04-02T05:35:25+00:00","dateModified":"2026-04-02T05:35:25+00:00","description":"Compra Cr6u61001 Gabinete De Montaje En Pared () 6u, Negro, Capacidad De Carga De 60 Kg. Garant\u00eda De 5 A\u00f1os. + Env\u00edo a domicilio + Pago seguro + Garant\u00eda","breadcrumb":{"@id":"https:\/\/compuviper.mx\/tienda\/producto\/cyberpower-cr6u61001-gabinete-de-montaje-en-pared-6u-negro-capacidad-de-carga-de-60-kg-garanta-de-5-aos\/#breadcrumb"},"inLanguage":"es-MX","potentialAction":[{"@type":"ReadAction","target":["https:\/\/compuviper.mx\/tienda\/producto\/cyberpower-cr6u61001-gabinete-de-montaje-en-pared-6u-negro-capacidad-de-carga-de-60-kg-garanta-de-5-aos\/"]}]},{"@type":"BreadcrumbList","@id":"https:\/\/compuviper.mx\/tienda\/producto\/cyberpower-cr6u61001-gabinete-de-montaje-en-pared-6u-negro-capacidad-de-carga-de-60-kg-garanta-de-5-aos\/#breadcrumb","itemListElement":[{"@type":"ListItem","position":1,"name":"Inicio","item":"https:\/\/compuviper.mx\/tienda\/"},{"@type":"ListItem","position":2,"name":"Productos","item":"https:\/\/compuviper.mx\/tienda\/productos\/"},{"@type":"ListItem","position":3,"name":"Accesorios","item":"https:\/\/compuviper.mx\/tienda\/categoria-producto\/accesorios\/"},{"@type":"ListItem","position":4,"name":"Rack","item":"https:\/\/compuviper.mx\/tienda\/categoria-producto\/accesorios\/rack\/"},{"@type":"ListItem","position":5,"name":"Cyberpower Cr6u61001 Gabinete De Montaje En Pared () 6u, Negro, Capacidad De Carga De 60 Kg. Garant?a De 5 A?os."}]},{"@type":"WebSite","@id":"https:\/\/compuviper.mx\/tienda\/#website","url":"https:\/\/compuviper.mx\/tienda\/","name":"Compuviper","description":"Proveedor de Computadoras, Laptops, Servidores, Monitores, Puntos de Venta, Teclados,   Impresoras, T\u00f3ner, C\u00e1maras de Seguridad y m\u00e1s en tu tienda en l\u00ednea","publisher":{"@id":"https:\/\/compuviper.mx\/tienda\/#organization"},"potentialAction":[{"@type":"SearchAction","target":{"@type":"EntryPoint","urlTemplate":"https:\/\/compuviper.mx\/tienda\/?s={search_term_string}"},"query-input":"required name=search_term_string"}],"inLanguage":"es-MX"},{"@type":"Organization","@id":"https:\/\/compuviper.mx\/tienda\/#organization","name":"Compuviper","url":"https:\/\/compuviper.mx\/tienda\/","logo":{"@type":"ImageObject","inLanguage":"es-MX","@id":"https:\/\/compuviper.mx\/tienda\/#\/schema\/logo\/image\/","url":"https:\/\/compuviper.mx\/tienda\/wp-content\/uploads\/2021\/08\/Logo-Compuviper-10.png","contentUrl":"https:\/\/compuviper.mx\/tienda\/wp-content\/uploads\/2021\/08\/Logo-Compuviper-10.png","width":1000,"height":500,"caption":"Compuviper"},"image":{"@id":"https:\/\/compuviper.mx\/tienda\/#\/schema\/logo\/image\/"},"sameAs":["https:\/\/www.facebook.com\/compuviper","https:\/\/www.youtube.com\/channel\/UCf73dERp9Y3cfOq7q8BhLjA?view_as=subscriber"]}]},"product_brand":"CYBERPOWER","product_price_amount":"4431","product_price_currency":"MXN","og_availability":"backorder","product_availability":"available for order","product_retailer_item_id":"CR6U61001","product_condition":"new"},"_links":{"self":[{"href":"https:\/\/compuviper.mx\/tienda\/wp-json\/wp\/v2\/product\/213091"}],"collection":[{"href":"https:\/\/compuviper.mx\/tienda\/wp-json\/wp\/v2\/product"}],"about":[{"href":"https:\/\/compuviper.mx\/tienda\/wp-json\/wp\/v2\/types\/product"}],"replies":[{"embeddable":true,"href":"https:\/\/compuviper.mx\/tienda\/wp-json\/wp\/v2\/comments?post=213091"}],"wp:featuredmedia":[{"embeddable":true,"href":"https:\/\/compuviper.mx\/tienda\/wp-json\/wp\/v2\/media\/213092"}],"wp:attachment":[{"href":"https:\/\/compuviper.mx\/tienda\/wp-json\/wp\/v2\/media?parent=213091"}],"wp:term":[{"taxonomy":"product_cat","embeddable":true,"href":"https:\/\/compuviper.mx\/tienda\/wp-json\/wp\/v2\/product_cat?post=213091"},{"taxonomy":"product_tag","embeddable":true,"href":"https:\/\/compuviper.mx\/tienda\/wp-json\/wp\/v2\/product_tag?post=213091"}],"curies":[{"name":"wp","href":"https:\/\/api.w.org\/{rel}","templated":true}]}}