{"id":213081,"date":"2026-04-01T23:35:23","date_gmt":"2026-04-02T05:35:23","guid":{"rendered":"https:\/\/compuviper.mx\/tienda\/producto\/manhattan-462242-soporte-terminal-punto-de-venta-universal-giratorio-e-inclinable\/"},"modified":"2026-04-01T23:35:24","modified_gmt":"2026-04-02T05:35:24","slug":"manhattan-462242-soporte-terminal-punto-de-venta-universal-giratorio-e-inclinable","status":"publish","type":"product","link":"https:\/\/compuviper.mx\/tienda\/producto\/manhattan-462242-soporte-terminal-punto-de-venta-universal-giratorio-e-inclinable\/","title":{"rendered":"Manhattan 462242 Soporte Terminal,,, Punto De Venta Universal, Giratorio E Inclinable"},"content":{"rendered":"<table class=\"descripcion\">\n<tr>\n<td>Generalidades<\/td>\n<\/tr>\n<tr>\n<td>Inclinaci\u00f3n: +60 a -70\u00b0<\/td>\n<\/tr>\n<tr>\n<td>Giro: 360\u00b0<\/td>\n<\/tr>\n<tr>\n<td>Brazos extensibles:<\/td>\n<\/tr>\n<tr>\n<td>&#8211; ancho ajustable: 69 a 109 mm<\/td>\n<\/tr>\n<tr>\n<td>Dimensiones del poste (largo x ancho x alto): 38 x 38 x 250 mm<\/td>\n<\/tr>\n<tr>\n<td>Dimensiones de la base (largo x ancho x alto): 74 x 74 x 23 mm<\/td>\n<\/tr>\n<tr>\n<td>Peso neto: 670 g<\/td>\n<\/tr>\n<tr>\n<td>Peso bruto: 780 g<\/td>\n<\/tr>\n<tr>\n<td>Materiales: aluminio, acero, aleaci\u00f3n de zinc y pl\u00e1stico<\/td>\n<\/tr>\n<tr>\n<td>Contenido del paquete<\/td>\n<\/tr>\n<tr>\n<td>Soporte universal para terminal punto de venta (para terminal de tarjeta de cr\u00e9dito)<\/td>\n<\/tr>\n<tr>\n<td>Piezas para montaje y herramienta<\/td>\n<\/tr>\n<\/table>\n","protected":false},"excerpt":{"rendered":"<p>Monta de forma segura tu lector de tarjetas de cr\u00e9dito en un mostrador con el soporte universal para terminal punto de venta (pos) de manhattan. Ofrece f\u00e1cil acceso al teclado para introducir el nip y al lector de chip de tarjeta, con una inclinaci\u00f3n de + 60 \u00b0 a -70\u00b0, que se puede bloquear en una posici\u00f3n fija, para ingresar n\u00fameros de manera constante. Adem\u00e1s, permite hacer un giro de 360\u00b0 alrededor del poste. Su fabricaci\u00f3n en aluminio lo hace duradero y de primera calidad. Est\u00e1 dise\u00f1ado para el uso diario tanto de los clientes como de los cajeros. La base se atornilla firmemente a un mostrador y la abrazadera se ajusta para adaptarse a la mayor\u00eda de las terminales punto de venta (lectores de tarjetas de cr\u00e9dito) con anchos de 69 a 109 mm. El acomodo de los cables dentro del poste los mantiene ocultos y organizados para darle un aspecto profesional a la instalaci\u00f3n. Soporte para terminal punto de venta con abrazadera ajustable para adaptarse a todas las marcas de lectores de tarjetas de cr\u00e9dito con ancho entre 69 a 109 mm. Base independiente que se atornilla de forma segura al mostrador. Acceso f\u00e1cil y c\u00f3modo con bloqueo de +60 a -70\u00b0 de inclinaci\u00f3n y giro de 360?. Acomodo interno de cables para mantenerlos ocultos dentro del poste. Fabricaci\u00f3n de aluminio, que lo hace duradero y de primera calidad. Base de goma para evitar resbalones y proteger el dispositivo de rasgu\u00f1os. Instalaci\u00f3n f\u00e1cil y r\u00e1pida, toda la torniller\u00eda incluida<\/p>\n","protected":false},"featured_media":213082,"comment_status":"open","ping_status":"open","template":"","meta":[],"product_cat":[2268,2265],"product_tag":[1487],"acf":[],"yoast_head":"<!-- This site is optimized with the Yoast SEO plugin v21.7 - https:\/\/yoast.com\/wordpress\/plugins\/seo\/ -->\n<title>[ Manhattan ] &#129351; 462242 Soporte Terminal,,, Punto De Venta Universal, Giratorio E Inclinable<\/title>\n<meta name=\"description\" content=\"Compra 462242 Soporte Terminal,,, Punto De Venta Universal, Giratorio E Inclinable + Env\u00edo a domicilio + Pago seguro + Garant\u00eda\" \/>\n<meta name=\"robots\" content=\"index, follow, max-snippet:-1, max-image-preview:large, max-video-preview:-1\" \/>\n<link rel=\"canonical\" href=\"https:\/\/compuviper.mx\/tienda\/producto\/manhattan-462242-soporte-terminal-punto-de-venta-universal-giratorio-e-inclinable\/\" \/>\n<meta property=\"og:locale\" content=\"es_MX\" \/>\n<meta property=\"og:type\" content=\"article\" \/>\n<meta property=\"og:title\" content=\"[ Manhattan ] &#129351; 462242 Soporte Terminal,,, Punto De Venta Universal, Giratorio E Inclinable\" \/>\n<meta property=\"og:description\" content=\"Compra 462242 Soporte Terminal,,, Punto De Venta Universal, Giratorio E Inclinable + Env\u00edo a domicilio + Pago seguro + Garant\u00eda\" \/>\n<meta property=\"og:url\" content=\"https:\/\/compuviper.mx\/tienda\/producto\/manhattan-462242-soporte-terminal-punto-de-venta-universal-giratorio-e-inclinable\/\" \/>\n<meta property=\"og:site_name\" content=\"Compuviper\" \/>\n<meta property=\"article:publisher\" content=\"https:\/\/www.facebook.com\/compuviper\" \/>\n<meta property=\"article:modified_time\" content=\"2026-04-02T05:35:24+00:00\" \/>\n<meta property=\"og:image\" content=\"https:\/\/compuviper.mx\/tienda\/wp-content\/uploads\/2023\/12\/Soporte-terminalmanhattan462242-punto-de-venta-universal-giratorio-e-inclinable.jpg\" \/>\n\t<meta property=\"og:image:width\" content=\"200\" \/>\n\t<meta property=\"og:image:height\" content=\"200\" \/>\n\t<meta property=\"og:image:type\" content=\"image\/jpeg\" \/>\n<meta name=\"twitter:card\" content=\"summary_large_image\" \/>\n<meta name=\"twitter:label1\" content=\"Precio\" \/>\n\t<meta name=\"twitter:data1\" content=\"&#36;754 con IVA\" \/>\n\t<meta name=\"twitter:label2\" content=\"Availability\" \/>\n\t<meta name=\"twitter:data2\" content=\"In stock\" \/>\n<script type=\"application\/ld+json\" class=\"yoast-schema-graph\">{\"@context\":\"https:\/\/schema.org\",\"@graph\":[{\"@type\":\"WebPage\",\"@id\":\"https:\/\/compuviper.mx\/tienda\/producto\/manhattan-462242-soporte-terminal-punto-de-venta-universal-giratorio-e-inclinable\/\",\"url\":\"https:\/\/compuviper.mx\/tienda\/producto\/manhattan-462242-soporte-terminal-punto-de-venta-universal-giratorio-e-inclinable\/\",\"name\":\"[ Manhattan ] &#129351; 462242 Soporte Terminal,,, Punto De Venta Universal, Giratorio E Inclinable\",\"isPartOf\":{\"@id\":\"https:\/\/compuviper.mx\/tienda\/#website\"},\"datePublished\":\"2026-04-02T05:35:23+00:00\",\"dateModified\":\"2026-04-02T05:35:24+00:00\",\"description\":\"Compra 462242 Soporte Terminal,,, Punto De Venta Universal, Giratorio E Inclinable + Env\u00edo a domicilio + Pago seguro + Garant\u00eda\",\"breadcrumb\":{\"@id\":\"https:\/\/compuviper.mx\/tienda\/producto\/manhattan-462242-soporte-terminal-punto-de-venta-universal-giratorio-e-inclinable\/#breadcrumb\"},\"inLanguage\":\"es-MX\",\"potentialAction\":[{\"@type\":\"ReadAction\",\"target\":[\"https:\/\/compuviper.mx\/tienda\/producto\/manhattan-462242-soporte-terminal-punto-de-venta-universal-giratorio-e-inclinable\/\"]}]},{\"@type\":\"BreadcrumbList\",\"@id\":\"https:\/\/compuviper.mx\/tienda\/producto\/manhattan-462242-soporte-terminal-punto-de-venta-universal-giratorio-e-inclinable\/#breadcrumb\",\"itemListElement\":[{\"@type\":\"ListItem\",\"position\":1,\"name\":\"Inicio\",\"item\":\"https:\/\/compuviper.mx\/tienda\/\"},{\"@type\":\"ListItem\",\"position\":2,\"name\":\"Productos\",\"item\":\"https:\/\/compuviper.mx\/tienda\/productos\/\"},{\"@type\":\"ListItem\",\"position\":3,\"name\":\"Soportes Y Bases P\/tv\/ Proyectores\/dvd\/consolas\/bocinas\/pantallas\/monotores\",\"item\":\"https:\/\/compuviper.mx\/tienda\/categoria-producto\/soportes-y-bases-p-tv-proyectores-dvd-consolas-bocinas-pantallas-monotores\/\"},{\"@type\":\"ListItem\",\"position\":4,\"name\":\"Soporte Y Base Para Redes\",\"item\":\"https:\/\/compuviper.mx\/tienda\/categoria-producto\/soportes-y-bases-p-tv-proyectores-dvd-consolas-bocinas-pantallas-monotores\/soporte-y-base-para-redes-soportes-y-bases-p-tv-proyectores-dvd-consolas-bocinas-pantallas-monotores\/\"},{\"@type\":\"ListItem\",\"position\":5,\"name\":\"Manhattan 462242 Soporte Terminal,,, Punto De Venta Universal, Giratorio E Inclinable\"}]},{\"@type\":\"WebSite\",\"@id\":\"https:\/\/compuviper.mx\/tienda\/#website\",\"url\":\"https:\/\/compuviper.mx\/tienda\/\",\"name\":\"Compuviper\",\"description\":\"Proveedor de Computadoras, Laptops, Servidores, Monitores, Puntos de Venta, Teclados,   Impresoras, T\u00f3ner, C\u00e1maras de Seguridad y m\u00e1s en tu tienda en l\u00ednea\",\"publisher\":{\"@id\":\"https:\/\/compuviper.mx\/tienda\/#organization\"},\"potentialAction\":[{\"@type\":\"SearchAction\",\"target\":{\"@type\":\"EntryPoint\",\"urlTemplate\":\"https:\/\/compuviper.mx\/tienda\/?s={search_term_string}\"},\"query-input\":\"required name=search_term_string\"}],\"inLanguage\":\"es-MX\"},{\"@type\":\"Organization\",\"@id\":\"https:\/\/compuviper.mx\/tienda\/#organization\",\"name\":\"Compuviper\",\"url\":\"https:\/\/compuviper.mx\/tienda\/\",\"logo\":{\"@type\":\"ImageObject\",\"inLanguage\":\"es-MX\",\"@id\":\"https:\/\/compuviper.mx\/tienda\/#\/schema\/logo\/image\/\",\"url\":\"https:\/\/compuviper.mx\/tienda\/wp-content\/uploads\/2021\/08\/Logo-Compuviper-10.png\",\"contentUrl\":\"https:\/\/compuviper.mx\/tienda\/wp-content\/uploads\/2021\/08\/Logo-Compuviper-10.png\",\"width\":1000,\"height\":500,\"caption\":\"Compuviper\"},\"image\":{\"@id\":\"https:\/\/compuviper.mx\/tienda\/#\/schema\/logo\/image\/\"},\"sameAs\":[\"https:\/\/www.facebook.com\/compuviper\",\"https:\/\/www.youtube.com\/channel\/UCf73dERp9Y3cfOq7q8BhLjA?view_as=subscriber\"]}]}<\/script>\n<meta property=\"product:brand\" content=\"MANHATTAN\" \/>\n<meta property=\"product:price:amount\" content=\"754\" \/>\n<meta property=\"product:price:currency\" content=\"MXN\" \/>\n<meta property=\"og:availability\" content=\"instock\" \/>\n<meta property=\"product:availability\" content=\"instock\" \/>\n<meta property=\"product:retailer_item_id\" content=\"462242\" \/>\n<meta property=\"product:condition\" content=\"new\" \/>\n<!-- \/ Yoast SEO plugin. -->","yoast_head_json":{"title":"[ Manhattan ] &#129351; 462242 Soporte Terminal,,, Punto De Venta Universal, Giratorio E Inclinable","description":"Compra 462242 Soporte Terminal,,, Punto De Venta Universal, Giratorio E Inclinable + Env\u00edo a domicilio + Pago seguro + Garant\u00eda","robots":{"index":"index","follow":"follow","max-snippet":"max-snippet:-1","max-image-preview":"max-image-preview:large","max-video-preview":"max-video-preview:-1"},"canonical":"https:\/\/compuviper.mx\/tienda\/producto\/manhattan-462242-soporte-terminal-punto-de-venta-universal-giratorio-e-inclinable\/","og_locale":"es_MX","og_type":"article","og_title":"[ Manhattan ] &#129351; 462242 Soporte Terminal,,, Punto De Venta Universal, Giratorio E Inclinable","og_description":"Compra 462242 Soporte Terminal,,, Punto De Venta Universal, Giratorio E Inclinable + Env\u00edo a domicilio + Pago seguro + Garant\u00eda","og_url":"https:\/\/compuviper.mx\/tienda\/producto\/manhattan-462242-soporte-terminal-punto-de-venta-universal-giratorio-e-inclinable\/","og_site_name":"Compuviper","article_publisher":"https:\/\/www.facebook.com\/compuviper","article_modified_time":"2026-04-02T05:35:24+00:00","og_image":[{"width":200,"height":200,"url":"https:\/\/compuviper.mx\/tienda\/wp-content\/uploads\/2023\/12\/Soporte-terminalmanhattan462242-punto-de-venta-universal-giratorio-e-inclinable.jpg","type":"image\/jpeg"}],"twitter_card":"summary_large_image","twitter_misc":{"Precio":"&#36;754 con IVA","Availability":"In stock"},"schema":{"@context":"https:\/\/schema.org","@graph":[{"@type":"WebPage","@id":"https:\/\/compuviper.mx\/tienda\/producto\/manhattan-462242-soporte-terminal-punto-de-venta-universal-giratorio-e-inclinable\/","url":"https:\/\/compuviper.mx\/tienda\/producto\/manhattan-462242-soporte-terminal-punto-de-venta-universal-giratorio-e-inclinable\/","name":"[ Manhattan ] &#129351; 462242 Soporte Terminal,,, Punto De Venta Universal, Giratorio E Inclinable","isPartOf":{"@id":"https:\/\/compuviper.mx\/tienda\/#website"},"datePublished":"2026-04-02T05:35:23+00:00","dateModified":"2026-04-02T05:35:24+00:00","description":"Compra 462242 Soporte Terminal,,, Punto De Venta Universal, Giratorio E Inclinable + Env\u00edo a domicilio + Pago seguro + Garant\u00eda","breadcrumb":{"@id":"https:\/\/compuviper.mx\/tienda\/producto\/manhattan-462242-soporte-terminal-punto-de-venta-universal-giratorio-e-inclinable\/#breadcrumb"},"inLanguage":"es-MX","potentialAction":[{"@type":"ReadAction","target":["https:\/\/compuviper.mx\/tienda\/producto\/manhattan-462242-soporte-terminal-punto-de-venta-universal-giratorio-e-inclinable\/"]}]},{"@type":"BreadcrumbList","@id":"https:\/\/compuviper.mx\/tienda\/producto\/manhattan-462242-soporte-terminal-punto-de-venta-universal-giratorio-e-inclinable\/#breadcrumb","itemListElement":[{"@type":"ListItem","position":1,"name":"Inicio","item":"https:\/\/compuviper.mx\/tienda\/"},{"@type":"ListItem","position":2,"name":"Productos","item":"https:\/\/compuviper.mx\/tienda\/productos\/"},{"@type":"ListItem","position":3,"name":"Soportes Y Bases P\/tv\/ Proyectores\/dvd\/consolas\/bocinas\/pantallas\/monotores","item":"https:\/\/compuviper.mx\/tienda\/categoria-producto\/soportes-y-bases-p-tv-proyectores-dvd-consolas-bocinas-pantallas-monotores\/"},{"@type":"ListItem","position":4,"name":"Soporte Y Base Para Redes","item":"https:\/\/compuviper.mx\/tienda\/categoria-producto\/soportes-y-bases-p-tv-proyectores-dvd-consolas-bocinas-pantallas-monotores\/soporte-y-base-para-redes-soportes-y-bases-p-tv-proyectores-dvd-consolas-bocinas-pantallas-monotores\/"},{"@type":"ListItem","position":5,"name":"Manhattan 462242 Soporte Terminal,,, Punto De Venta Universal, Giratorio E Inclinable"}]},{"@type":"WebSite","@id":"https:\/\/compuviper.mx\/tienda\/#website","url":"https:\/\/compuviper.mx\/tienda\/","name":"Compuviper","description":"Proveedor de Computadoras, Laptops, Servidores, Monitores, Puntos de Venta, Teclados,   Impresoras, T\u00f3ner, C\u00e1maras de Seguridad y m\u00e1s en tu tienda en l\u00ednea","publisher":{"@id":"https:\/\/compuviper.mx\/tienda\/#organization"},"potentialAction":[{"@type":"SearchAction","target":{"@type":"EntryPoint","urlTemplate":"https:\/\/compuviper.mx\/tienda\/?s={search_term_string}"},"query-input":"required name=search_term_string"}],"inLanguage":"es-MX"},{"@type":"Organization","@id":"https:\/\/compuviper.mx\/tienda\/#organization","name":"Compuviper","url":"https:\/\/compuviper.mx\/tienda\/","logo":{"@type":"ImageObject","inLanguage":"es-MX","@id":"https:\/\/compuviper.mx\/tienda\/#\/schema\/logo\/image\/","url":"https:\/\/compuviper.mx\/tienda\/wp-content\/uploads\/2021\/08\/Logo-Compuviper-10.png","contentUrl":"https:\/\/compuviper.mx\/tienda\/wp-content\/uploads\/2021\/08\/Logo-Compuviper-10.png","width":1000,"height":500,"caption":"Compuviper"},"image":{"@id":"https:\/\/compuviper.mx\/tienda\/#\/schema\/logo\/image\/"},"sameAs":["https:\/\/www.facebook.com\/compuviper","https:\/\/www.youtube.com\/channel\/UCf73dERp9Y3cfOq7q8BhLjA?view_as=subscriber"]}]},"product_brand":"MANHATTAN","product_price_amount":"754","product_price_currency":"MXN","og_availability":"instock","product_availability":"instock","product_retailer_item_id":"462242","product_condition":"new"},"_links":{"self":[{"href":"https:\/\/compuviper.mx\/tienda\/wp-json\/wp\/v2\/product\/213081"}],"collection":[{"href":"https:\/\/compuviper.mx\/tienda\/wp-json\/wp\/v2\/product"}],"about":[{"href":"https:\/\/compuviper.mx\/tienda\/wp-json\/wp\/v2\/types\/product"}],"replies":[{"embeddable":true,"href":"https:\/\/compuviper.mx\/tienda\/wp-json\/wp\/v2\/comments?post=213081"}],"wp:featuredmedia":[{"embeddable":true,"href":"https:\/\/compuviper.mx\/tienda\/wp-json\/wp\/v2\/media\/213082"}],"wp:attachment":[{"href":"https:\/\/compuviper.mx\/tienda\/wp-json\/wp\/v2\/media?parent=213081"}],"wp:term":[{"taxonomy":"product_cat","embeddable":true,"href":"https:\/\/compuviper.mx\/tienda\/wp-json\/wp\/v2\/product_cat?post=213081"},{"taxonomy":"product_tag","embeddable":true,"href":"https:\/\/compuviper.mx\/tienda\/wp-json\/wp\/v2\/product_tag?post=213081"}],"curies":[{"name":"wp","href":"https:\/\/api.w.org\/{rel}","templated":true}]}}