{"id":213071,"date":"2026-04-08T23:33:34","date_gmt":"2026-04-09T05:33:34","guid":{"rendered":"https:\/\/compuviper.mx\/tienda\/producto\/manhattan-152785-mux-kvm-desktop-hdmi-usb-81-con-cables-usb\/"},"modified":"2026-04-08T23:33:35","modified_gmt":"2026-04-09T05:33:35","slug":"manhattan-152785-mux-kvm-desktop-hdmi-usb-81-con-cables-usb","status":"publish","type":"product","link":"https:\/\/compuviper.mx\/tienda\/producto\/manhattan-152785-mux-kvm-desktop-hdmi-usb-81-con-cables-usb\/","title":{"rendered":"Manhattan 152785 Mux Kvm ,,, Desktop Hdmi\/usb 8:1 Con Cables Usb"},"content":{"rendered":"<table class=\"descripcion\">\n<tr>\n<td>El switch kvm hdmi de 8 puertos de manhattan ofrece una excelente<\/td>\n<\/tr>\n<tr>\n<td>Funcionalidad para el entorno multimedia de las pyme de hoy en d\u00eda.<\/td>\n<\/tr>\n<tr>\n<td>Proporciona un cambio de se\u00f1al hdmi sin interrupciones entre 8 pc u otros<\/td>\n<\/tr>\n<tr>\n<td>Dispositivos con conexi\u00f3n hdmi. el switch kvm hdmi de 8 puertos de manhattan<\/td>\n<\/tr>\n<tr>\n<td>Se puede usar de forma independiente a trav\u00e9s de los botones del panel frontal<\/td>\n<\/tr>\n<tr>\n<td>O por medio de las teclas de acceso r\u00e1pido del teclado y el mouse.<\/td>\n<\/tr>\n<\/table>\n","protected":false},"excerpt":{"rendered":"<p>Features. Permite la administraci\u00f3n y control de ocho computadoras con. Conexiones hdmi o usb desde un teclado, monitor y rat\u00f3n. Capacidad hot-plug de la pc para el mantenimiento sin tener que. Apagar el switch kvm o las pc. Selecci\u00f3n de canales mediante botones y teclas de acceso r\u00e1pido de. Teclado o rat\u00f3n. Soporta resoluciones de pantalla de hasta 1920 x 1440. Soporta windows, linux, unix y mac os. Conjunto de ocho cables de control usb incluidos. Garant\u00eda de tres a\u00f1os. Especificaciones. Est\u00e1ndares. \u0095 usb 1.1. \u0095 hdmi. \u0095 fcc. \u0095 ce. Certificaciones (fuente de alimentaci\u00f3n. \u0095 ul. \u0095 saa. General. \u0095 conexiones pc: ocho. \u0095 conexiones de consola: una. \u0095 puertos de conexi\u00f3n a consola. -8 puertos usb tipo b (hembra. -8 puertos hdmi (hembra. \u0095 selecci\u00f3n de computadora. &#8211; por botones. &#8211; via teclas de acceso r\u00e1pido (rat\u00f3n o teclado. \u0095 resoluci\u00f3n de v\u00eddeo: m\u00e1x. 1920 x 1440. Leds. \u0095 un led por cana<\/p>\n","protected":false},"featured_media":213072,"comment_status":"open","ping_status":"open","template":"","meta":[],"product_cat":[1485,1518],"product_tag":[1487],"acf":[],"yoast_head":"<!-- This site is optimized with the Yoast SEO plugin v21.7 - https:\/\/yoast.com\/wordpress\/plugins\/seo\/ -->\n<title>[ Manhattan ] &#129351; 152785 Mux Kvm ,,, Desktop Hdmi\/usb 8:1 Con Cables Usb<\/title>\n<meta name=\"description\" content=\"Compra 152785 Mux Kvm ,,, Desktop Hdmi\/usb 8:1 Con Cables Usb + Env\u00edo a domicilio + Pago seguro + Garant\u00eda\" \/>\n<meta name=\"robots\" content=\"index, follow, max-snippet:-1, max-image-preview:large, max-video-preview:-1\" \/>\n<link rel=\"canonical\" href=\"https:\/\/compuviper.mx\/tienda\/producto\/manhattan-152785-mux-kvm-desktop-hdmi-usb-81-con-cables-usb\/\" \/>\n<meta property=\"og:locale\" content=\"es_MX\" \/>\n<meta property=\"og:type\" content=\"article\" \/>\n<meta property=\"og:title\" content=\"[ Manhattan ] &#129351; 152785 Mux Kvm ,,, Desktop Hdmi\/usb 8:1 Con Cables Usb\" \/>\n<meta property=\"og:description\" content=\"Compra 152785 Mux Kvm ,,, Desktop Hdmi\/usb 8:1 Con Cables Usb + Env\u00edo a domicilio + Pago seguro + Garant\u00eda\" \/>\n<meta property=\"og:url\" content=\"https:\/\/compuviper.mx\/tienda\/producto\/manhattan-152785-mux-kvm-desktop-hdmi-usb-81-con-cables-usb\/\" \/>\n<meta property=\"og:site_name\" content=\"Compuviper\" \/>\n<meta property=\"article:publisher\" content=\"https:\/\/www.facebook.com\/compuviper\" \/>\n<meta property=\"article:modified_time\" content=\"2026-04-09T05:33:35+00:00\" \/>\n<meta property=\"og:image\" content=\"https:\/\/compuviper.mx\/tienda\/wp-content\/uploads\/2023\/12\/Mux-kvm-manhattan152785-desktop-hdmiusb-81-con-cables-usb.jpg\" \/>\n\t<meta property=\"og:image:width\" content=\"200\" \/>\n\t<meta property=\"og:image:height\" content=\"200\" \/>\n\t<meta property=\"og:image:type\" content=\"image\/jpeg\" \/>\n<meta name=\"twitter:card\" content=\"summary_large_image\" \/>\n<meta name=\"twitter:label1\" content=\"Precio\" \/>\n\t<meta name=\"twitter:data1\" content=\"&#36;4,628 con IVA\" \/>\n\t<meta name=\"twitter:label2\" content=\"Availability\" \/>\n\t<meta name=\"twitter:data2\" content=\"Out of stock\" \/>\n<script type=\"application\/ld+json\" class=\"yoast-schema-graph\">{\"@context\":\"https:\/\/schema.org\",\"@graph\":[{\"@type\":\"WebPage\",\"@id\":\"https:\/\/compuviper.mx\/tienda\/producto\/manhattan-152785-mux-kvm-desktop-hdmi-usb-81-con-cables-usb\/\",\"url\":\"https:\/\/compuviper.mx\/tienda\/producto\/manhattan-152785-mux-kvm-desktop-hdmi-usb-81-con-cables-usb\/\",\"name\":\"[ Manhattan ] &#129351; 152785 Mux Kvm ,,, Desktop Hdmi\/usb 8:1 Con Cables Usb\",\"isPartOf\":{\"@id\":\"https:\/\/compuviper.mx\/tienda\/#website\"},\"datePublished\":\"2026-04-09T05:33:34+00:00\",\"dateModified\":\"2026-04-09T05:33:35+00:00\",\"description\":\"Compra 152785 Mux Kvm ,,, Desktop Hdmi\/usb 8:1 Con Cables Usb + Env\u00edo a domicilio + Pago seguro + Garant\u00eda\",\"breadcrumb\":{\"@id\":\"https:\/\/compuviper.mx\/tienda\/producto\/manhattan-152785-mux-kvm-desktop-hdmi-usb-81-con-cables-usb\/#breadcrumb\"},\"inLanguage\":\"es-MX\",\"potentialAction\":[{\"@type\":\"ReadAction\",\"target\":[\"https:\/\/compuviper.mx\/tienda\/producto\/manhattan-152785-mux-kvm-desktop-hdmi-usb-81-con-cables-usb\/\"]}]},{\"@type\":\"BreadcrumbList\",\"@id\":\"https:\/\/compuviper.mx\/tienda\/producto\/manhattan-152785-mux-kvm-desktop-hdmi-usb-81-con-cables-usb\/#breadcrumb\",\"itemListElement\":[{\"@type\":\"ListItem\",\"position\":1,\"name\":\"Inicio\",\"item\":\"https:\/\/compuviper.mx\/tienda\/\"},{\"@type\":\"ListItem\",\"position\":2,\"name\":\"Productos\",\"item\":\"https:\/\/compuviper.mx\/tienda\/productos\/\"},{\"@type\":\"ListItem\",\"position\":3,\"name\":\"Accesorios\",\"item\":\"https:\/\/compuviper.mx\/tienda\/categoria-producto\/accesorios\/\"},{\"@type\":\"ListItem\",\"position\":4,\"name\":\"Kvm\",\"item\":\"https:\/\/compuviper.mx\/tienda\/categoria-producto\/accesorios\/kvm\/\"},{\"@type\":\"ListItem\",\"position\":5,\"name\":\"Manhattan 152785 Mux Kvm ,,, Desktop Hdmi\/usb 8:1 Con Cables Usb\"}]},{\"@type\":\"WebSite\",\"@id\":\"https:\/\/compuviper.mx\/tienda\/#website\",\"url\":\"https:\/\/compuviper.mx\/tienda\/\",\"name\":\"Compuviper\",\"description\":\"Proveedor de Computadoras, Laptops, Servidores, Monitores, Puntos de Venta, Teclados,   Impresoras, T\u00f3ner, C\u00e1maras de Seguridad y m\u00e1s en tu tienda en l\u00ednea\",\"publisher\":{\"@id\":\"https:\/\/compuviper.mx\/tienda\/#organization\"},\"potentialAction\":[{\"@type\":\"SearchAction\",\"target\":{\"@type\":\"EntryPoint\",\"urlTemplate\":\"https:\/\/compuviper.mx\/tienda\/?s={search_term_string}\"},\"query-input\":\"required name=search_term_string\"}],\"inLanguage\":\"es-MX\"},{\"@type\":\"Organization\",\"@id\":\"https:\/\/compuviper.mx\/tienda\/#organization\",\"name\":\"Compuviper\",\"url\":\"https:\/\/compuviper.mx\/tienda\/\",\"logo\":{\"@type\":\"ImageObject\",\"inLanguage\":\"es-MX\",\"@id\":\"https:\/\/compuviper.mx\/tienda\/#\/schema\/logo\/image\/\",\"url\":\"https:\/\/compuviper.mx\/tienda\/wp-content\/uploads\/2021\/08\/Logo-Compuviper-10.png\",\"contentUrl\":\"https:\/\/compuviper.mx\/tienda\/wp-content\/uploads\/2021\/08\/Logo-Compuviper-10.png\",\"width\":1000,\"height\":500,\"caption\":\"Compuviper\"},\"image\":{\"@id\":\"https:\/\/compuviper.mx\/tienda\/#\/schema\/logo\/image\/\"},\"sameAs\":[\"https:\/\/www.facebook.com\/compuviper\",\"https:\/\/www.youtube.com\/channel\/UCf73dERp9Y3cfOq7q8BhLjA?view_as=subscriber\"]}]}<\/script>\n<meta property=\"product:brand\" content=\"MANHATTAN\" \/>\n<meta property=\"product:price:amount\" content=\"4628\" \/>\n<meta property=\"product:price:currency\" content=\"MXN\" \/>\n<meta property=\"og:availability\" content=\"out of stock\" \/>\n<meta property=\"product:availability\" content=\"out of stock\" \/>\n<meta property=\"product:retailer_item_id\" content=\"152785\" \/>\n<meta property=\"product:condition\" content=\"new\" \/>\n<!-- \/ Yoast SEO plugin. -->","yoast_head_json":{"title":"[ Manhattan ] &#129351; 152785 Mux Kvm ,,, Desktop Hdmi\/usb 8:1 Con Cables Usb","description":"Compra 152785 Mux Kvm ,,, Desktop Hdmi\/usb 8:1 Con Cables Usb + Env\u00edo a domicilio + Pago seguro + Garant\u00eda","robots":{"index":"index","follow":"follow","max-snippet":"max-snippet:-1","max-image-preview":"max-image-preview:large","max-video-preview":"max-video-preview:-1"},"canonical":"https:\/\/compuviper.mx\/tienda\/producto\/manhattan-152785-mux-kvm-desktop-hdmi-usb-81-con-cables-usb\/","og_locale":"es_MX","og_type":"article","og_title":"[ Manhattan ] &#129351; 152785 Mux Kvm ,,, Desktop Hdmi\/usb 8:1 Con Cables Usb","og_description":"Compra 152785 Mux Kvm ,,, Desktop Hdmi\/usb 8:1 Con Cables Usb + Env\u00edo a domicilio + Pago seguro + Garant\u00eda","og_url":"https:\/\/compuviper.mx\/tienda\/producto\/manhattan-152785-mux-kvm-desktop-hdmi-usb-81-con-cables-usb\/","og_site_name":"Compuviper","article_publisher":"https:\/\/www.facebook.com\/compuviper","article_modified_time":"2026-04-09T05:33:35+00:00","og_image":[{"width":200,"height":200,"url":"https:\/\/compuviper.mx\/tienda\/wp-content\/uploads\/2023\/12\/Mux-kvm-manhattan152785-desktop-hdmiusb-81-con-cables-usb.jpg","type":"image\/jpeg"}],"twitter_card":"summary_large_image","twitter_misc":{"Precio":"&#36;4,628 con IVA","Availability":"Out of stock"},"schema":{"@context":"https:\/\/schema.org","@graph":[{"@type":"WebPage","@id":"https:\/\/compuviper.mx\/tienda\/producto\/manhattan-152785-mux-kvm-desktop-hdmi-usb-81-con-cables-usb\/","url":"https:\/\/compuviper.mx\/tienda\/producto\/manhattan-152785-mux-kvm-desktop-hdmi-usb-81-con-cables-usb\/","name":"[ Manhattan ] &#129351; 152785 Mux Kvm ,,, Desktop Hdmi\/usb 8:1 Con Cables Usb","isPartOf":{"@id":"https:\/\/compuviper.mx\/tienda\/#website"},"datePublished":"2026-04-09T05:33:34+00:00","dateModified":"2026-04-09T05:33:35+00:00","description":"Compra 152785 Mux Kvm ,,, Desktop Hdmi\/usb 8:1 Con Cables Usb + Env\u00edo a domicilio + Pago seguro + Garant\u00eda","breadcrumb":{"@id":"https:\/\/compuviper.mx\/tienda\/producto\/manhattan-152785-mux-kvm-desktop-hdmi-usb-81-con-cables-usb\/#breadcrumb"},"inLanguage":"es-MX","potentialAction":[{"@type":"ReadAction","target":["https:\/\/compuviper.mx\/tienda\/producto\/manhattan-152785-mux-kvm-desktop-hdmi-usb-81-con-cables-usb\/"]}]},{"@type":"BreadcrumbList","@id":"https:\/\/compuviper.mx\/tienda\/producto\/manhattan-152785-mux-kvm-desktop-hdmi-usb-81-con-cables-usb\/#breadcrumb","itemListElement":[{"@type":"ListItem","position":1,"name":"Inicio","item":"https:\/\/compuviper.mx\/tienda\/"},{"@type":"ListItem","position":2,"name":"Productos","item":"https:\/\/compuviper.mx\/tienda\/productos\/"},{"@type":"ListItem","position":3,"name":"Accesorios","item":"https:\/\/compuviper.mx\/tienda\/categoria-producto\/accesorios\/"},{"@type":"ListItem","position":4,"name":"Kvm","item":"https:\/\/compuviper.mx\/tienda\/categoria-producto\/accesorios\/kvm\/"},{"@type":"ListItem","position":5,"name":"Manhattan 152785 Mux Kvm ,,, Desktop Hdmi\/usb 8:1 Con Cables Usb"}]},{"@type":"WebSite","@id":"https:\/\/compuviper.mx\/tienda\/#website","url":"https:\/\/compuviper.mx\/tienda\/","name":"Compuviper","description":"Proveedor de Computadoras, Laptops, Servidores, Monitores, Puntos de Venta, Teclados,   Impresoras, T\u00f3ner, C\u00e1maras de Seguridad y m\u00e1s en tu tienda en l\u00ednea","publisher":{"@id":"https:\/\/compuviper.mx\/tienda\/#organization"},"potentialAction":[{"@type":"SearchAction","target":{"@type":"EntryPoint","urlTemplate":"https:\/\/compuviper.mx\/tienda\/?s={search_term_string}"},"query-input":"required name=search_term_string"}],"inLanguage":"es-MX"},{"@type":"Organization","@id":"https:\/\/compuviper.mx\/tienda\/#organization","name":"Compuviper","url":"https:\/\/compuviper.mx\/tienda\/","logo":{"@type":"ImageObject","inLanguage":"es-MX","@id":"https:\/\/compuviper.mx\/tienda\/#\/schema\/logo\/image\/","url":"https:\/\/compuviper.mx\/tienda\/wp-content\/uploads\/2021\/08\/Logo-Compuviper-10.png","contentUrl":"https:\/\/compuviper.mx\/tienda\/wp-content\/uploads\/2021\/08\/Logo-Compuviper-10.png","width":1000,"height":500,"caption":"Compuviper"},"image":{"@id":"https:\/\/compuviper.mx\/tienda\/#\/schema\/logo\/image\/"},"sameAs":["https:\/\/www.facebook.com\/compuviper","https:\/\/www.youtube.com\/channel\/UCf73dERp9Y3cfOq7q8BhLjA?view_as=subscriber"]}]},"product_brand":"MANHATTAN","product_price_amount":"4628","product_price_currency":"MXN","og_availability":"out of stock","product_availability":"out of stock","product_retailer_item_id":"152785","product_condition":"new"},"_links":{"self":[{"href":"https:\/\/compuviper.mx\/tienda\/wp-json\/wp\/v2\/product\/213071"}],"collection":[{"href":"https:\/\/compuviper.mx\/tienda\/wp-json\/wp\/v2\/product"}],"about":[{"href":"https:\/\/compuviper.mx\/tienda\/wp-json\/wp\/v2\/types\/product"}],"replies":[{"embeddable":true,"href":"https:\/\/compuviper.mx\/tienda\/wp-json\/wp\/v2\/comments?post=213071"}],"wp:featuredmedia":[{"embeddable":true,"href":"https:\/\/compuviper.mx\/tienda\/wp-json\/wp\/v2\/media\/213072"}],"wp:attachment":[{"href":"https:\/\/compuviper.mx\/tienda\/wp-json\/wp\/v2\/media?parent=213071"}],"wp:term":[{"taxonomy":"product_cat","embeddable":true,"href":"https:\/\/compuviper.mx\/tienda\/wp-json\/wp\/v2\/product_cat?post=213071"},{"taxonomy":"product_tag","embeddable":true,"href":"https:\/\/compuviper.mx\/tienda\/wp-json\/wp\/v2\/product_tag?post=213071"}],"curies":[{"name":"wp","href":"https:\/\/api.w.org\/{rel}","templated":true}]}}