{"id":213069,"date":"2026-04-08T23:33:34","date_gmt":"2026-04-09T05:33:34","guid":{"rendered":"https:\/\/compuviper.mx\/tienda\/producto\/manhattan-153539-mux-kvm-hmdi-doble-monitor-41-4k30mhz-usb2-0-usb-2-0\/"},"modified":"2026-04-08T23:33:34","modified_gmt":"2026-04-09T05:33:34","slug":"manhattan-153539-mux-kvm-hmdi-doble-monitor-41-4k30mhz-usb2-0-usb-2-0","status":"publish","type":"product","link":"https:\/\/compuviper.mx\/tienda\/producto\/manhattan-153539-mux-kvm-hmdi-doble-monitor-41-4k30mhz-usb2-0-usb-2-0\/","title":{"rendered":"Manhattan 153539 Mux Kvm,,, Hmdi Doble Monitor 4:1, 4k@30mhz Usb2.0 Usb 2.0"},"content":{"rendered":"<table class=\"descripcion\">\n<tr>\n<td>El switch kvm hdmi de 4 puertos para doble monitor es una soluci\u00f3n compacta<\/td>\n<\/tr>\n<tr>\n<td>Para proporcionar acceso y control sobre cuatro dispositivos equipados con<\/td>\n<\/tr>\n<tr>\n<td>Hdmi\/usb desde un solo teclado y mouse y hasta dos monitores. le ayuda a<\/td>\n<\/tr>\n<tr>\n<td>Ahorrar tiempo en la instalaci\u00f3n gracias a sus cables combinados incluidos -no<\/td>\n<\/tr>\n<tr>\n<td>Es necesario comprar otros adicionales- que se conectan f\u00e1cilmente de forma<\/td>\n<\/tr>\n<tr>\n<td>Directa al sistema.<\/td>\n<\/tr>\n<tr>\n<td>La demanda cada vez mayor de una mayor calidad de v\u00eddeo y la evoluci\u00f3n de la<\/td>\n<\/tr>\n<tr>\n<td>Tecnolog\u00eda hdmi han colocado a las computadoras y pantallas con capacidad 4k<\/td>\n<\/tr>\n<tr>\n<td>En muchas aplicaciones comerciales y de trabajo visualmente ambiciosas. este<\/td>\n<\/tr>\n<tr>\n<td>Switch kvm, que admite una resoluci\u00f3n de hasta 3840 x 2160 (4k) a 30 hz, se<\/td>\n<\/tr>\n<tr>\n<td>Adapta perfectamente a su configuraci\u00f3n equipada con ultra alta definici\u00f3n.<\/td>\n<\/tr>\n<tr>\n<td>Puede conectar un segundo monitor para disfrutar de una visi\u00f3n maximizada.<\/td>\n<\/tr>\n<tr>\n<td>Tambi\u00e9n obtendr\u00e1 una compatibilidad de audio total, con soporte para audio<\/td>\n<\/tr>\n<tr>\n<td>Digital y tomas de audio est\u00e9reo de 3.5 mm separadas para micr\u00f3fonos y<\/td>\n<\/tr>\n<tr>\n<td>Altavoces o auriculares.<\/td>\n<\/tr>\n<\/table>\n","protected":false},"excerpt":{"rendered":"<p>Features. Controla cuatro computadoras equipadas con hdmi y usb-a desde un. Solo teclado y mouse y hasta dos monitores. Soporte de audio est\u00e9reo completo a trav\u00e9s de conexiones de altavoz y. Micr\u00f3fono de 3.5 mm. Conmutaci\u00f3n a trav\u00e9s de los pulsadores del panel frontal o de las teclas. De acceso r\u00e1pido del teclado. Resoluciones de hasta ultra alta definici\u00f3n (uhd) 4k@30hz (3840 ?. 2160) en un monitor o 2k@30hz (2560 x 1440) en dos monitores. Puerto hub usb 2.0 tipo a adicional para conectar unidades de. Almacenamiento, impresoras, esc\u00e1neres y m\u00e1s. Soporte de audio digital a trav\u00e9s de hdmi con dolby true hd y dts hd. Master audio. Ideal para compartir varios equipos multimedia o port\u00e1tiles con un. \u00fanico monitor hdmi. Compatible con windows\u00ae, mac os\u00ae, linux\u00ae, unix\u00ae y novell\u00ae. La tecnolog\u00eda de emulaci\u00f3n true transparent usb (ttu) es compatible. Con la mayor\u00eda de los dise\u00f1os de teclado y rat\u00f3n. Hdcp 1.4 compliant. Instalaci\u00f3n de hardware a nivel de bios; no se necesitan controladores. Ni software de control. Se incluyen cuatro cables de conexi\u00f3n combo hdmi\/usb-b\/audio a usb. A de 1,8 m (6 pies. Formato compacto de sobremesa con carcasa met\u00e1lica resistente. Se alimenta por usb; utilice una fuente de alimentaci\u00f3n opcional de 9 v. \/ 300 ma (no incluida) si su instalaci\u00f3n no ofrece una entrada de energ\u00eda. Suficiente. Tres a\u00f1os de garant\u00eda. Especificaciones. Est\u00e1ndares y certificaciones. \u0095 ce. \u0095 rohs. \u0095 fcc. Conectores. \u0095 puertos de la consola. &#8211; 2 x hdmi hembra de 19 pines. &#8211; 2 x usb-a hembra de 4 pines. &#8211; 1 micr\u00f3fono de audio est\u00e9reo de 3.5 hembra. &#8211; 1 altavoz de audio est\u00e9reo de 3.5 mm. \u0095 puertos de ordenador\/hosting. &#8211; 8 x hdmi hembra de 19 pines. &#8211; 4 x usb-b hembra de 4 pines. &#8211; 4 puertos combinados de micr\u00f3fono\/altavoz de audio est\u00e9reo de 3.5 mm. \u0095 otros. &#8211; 1 usb-a hembra de 9 contactos. &#8211; 1 toma de alimentaci\u00f3n de 9.0 v\/0.3 a. Leds. \u0095 4 x rojo (en l\u00ednea. \u0095 4 x verde (seleccionado. Sistemas operativos soportados. \u0095 windows 2000\/2003\/xp\/vista\/7\/8\/8.1\/10. \u0095 apple mac os 9.0 a 10.6 (snow leopard. \u0095 linux redhat 9.0 o superior\/suse 10 o superior\/debian 3.1\/4.0\/ubuntu. 7.04\/7.10. \u0095 unix aix 4.3 o superior\/freebsd 5.5 o superior\/sun solaris 8 o superior. \u0095 novell netware 6.0 o superior<\/p>\n","protected":false},"featured_media":213070,"comment_status":"open","ping_status":"open","template":"","meta":[],"product_cat":[1485,1518],"product_tag":[1487],"acf":[],"yoast_head":"<!-- This site is optimized with the Yoast SEO plugin v21.7 - https:\/\/yoast.com\/wordpress\/plugins\/seo\/ -->\n<title>[ Manhattan ] &#129351; 153539 Mux Kvm,,, Hmdi Doble Monitor 4:1, 4k@30mhz Usb2.0 Usb 2.0<\/title>\n<meta name=\"description\" content=\"Compra 153539 Mux Kvm,,, Hmdi Doble Monitor 4:1, 4k@30mhz Usb2.0 Usb 2.0 + Env\u00edo a domicilio + Pago seguro + Garant\u00eda\" \/>\n<meta name=\"robots\" content=\"index, follow, max-snippet:-1, max-image-preview:large, max-video-preview:-1\" \/>\n<link rel=\"canonical\" href=\"https:\/\/compuviper.mx\/tienda\/producto\/manhattan-153539-mux-kvm-hmdi-doble-monitor-41-4k30mhz-usb2-0-usb-2-0\/\" \/>\n<meta property=\"og:locale\" content=\"es_MX\" \/>\n<meta property=\"og:type\" content=\"article\" \/>\n<meta property=\"og:title\" content=\"[ Manhattan ] &#129351; 153539 Mux Kvm,,, Hmdi Doble Monitor 4:1, 4k@30mhz Usb2.0 Usb 2.0\" \/>\n<meta property=\"og:description\" content=\"Compra 153539 Mux Kvm,,, Hmdi Doble Monitor 4:1, 4k@30mhz Usb2.0 Usb 2.0 + Env\u00edo a domicilio + Pago seguro + Garant\u00eda\" \/>\n<meta property=\"og:url\" content=\"https:\/\/compuviper.mx\/tienda\/producto\/manhattan-153539-mux-kvm-hmdi-doble-monitor-41-4k30mhz-usb2-0-usb-2-0\/\" \/>\n<meta property=\"og:site_name\" content=\"Compuviper\" \/>\n<meta property=\"article:publisher\" content=\"https:\/\/www.facebook.com\/compuviper\" \/>\n<meta property=\"og:image\" content=\"https:\/\/compuviper.mx\/tienda\/wp-content\/uploads\/2023\/12\/Mux-kvmmanhattan153539-hmdi-doble-monitor-41-4k@30mhz-usb2.0-usb-2.0.jpg\" \/>\n\t<meta property=\"og:image:width\" content=\"200\" \/>\n\t<meta property=\"og:image:height\" content=\"200\" \/>\n\t<meta property=\"og:image:type\" content=\"image\/jpeg\" \/>\n<meta name=\"twitter:card\" content=\"summary_large_image\" \/>\n<meta name=\"twitter:label1\" content=\"Precio\" \/>\n\t<meta name=\"twitter:data1\" content=\"&#36;4,172 con IVA\" \/>\n\t<meta name=\"twitter:label2\" content=\"Availability\" \/>\n\t<meta name=\"twitter:data2\" content=\"In stock\" \/>\n<script type=\"application\/ld+json\" class=\"yoast-schema-graph\">{\"@context\":\"https:\/\/schema.org\",\"@graph\":[{\"@type\":\"WebPage\",\"@id\":\"https:\/\/compuviper.mx\/tienda\/producto\/manhattan-153539-mux-kvm-hmdi-doble-monitor-41-4k30mhz-usb2-0-usb-2-0\/\",\"url\":\"https:\/\/compuviper.mx\/tienda\/producto\/manhattan-153539-mux-kvm-hmdi-doble-monitor-41-4k30mhz-usb2-0-usb-2-0\/\",\"name\":\"[ Manhattan ] &#129351; 153539 Mux Kvm,,, Hmdi Doble Monitor 4:1, 4k@30mhz Usb2.0 Usb 2.0\",\"isPartOf\":{\"@id\":\"https:\/\/compuviper.mx\/tienda\/#website\"},\"datePublished\":\"2026-04-09T05:33:34+00:00\",\"dateModified\":\"2026-04-09T05:33:34+00:00\",\"description\":\"Compra 153539 Mux Kvm,,, Hmdi Doble Monitor 4:1, 4k@30mhz Usb2.0 Usb 2.0 + Env\u00edo a domicilio + Pago seguro + Garant\u00eda\",\"breadcrumb\":{\"@id\":\"https:\/\/compuviper.mx\/tienda\/producto\/manhattan-153539-mux-kvm-hmdi-doble-monitor-41-4k30mhz-usb2-0-usb-2-0\/#breadcrumb\"},\"inLanguage\":\"es-MX\",\"potentialAction\":[{\"@type\":\"ReadAction\",\"target\":[\"https:\/\/compuviper.mx\/tienda\/producto\/manhattan-153539-mux-kvm-hmdi-doble-monitor-41-4k30mhz-usb2-0-usb-2-0\/\"]}]},{\"@type\":\"BreadcrumbList\",\"@id\":\"https:\/\/compuviper.mx\/tienda\/producto\/manhattan-153539-mux-kvm-hmdi-doble-monitor-41-4k30mhz-usb2-0-usb-2-0\/#breadcrumb\",\"itemListElement\":[{\"@type\":\"ListItem\",\"position\":1,\"name\":\"Inicio\",\"item\":\"https:\/\/compuviper.mx\/tienda\/\"},{\"@type\":\"ListItem\",\"position\":2,\"name\":\"Productos\",\"item\":\"https:\/\/compuviper.mx\/tienda\/productos\/\"},{\"@type\":\"ListItem\",\"position\":3,\"name\":\"Accesorios\",\"item\":\"https:\/\/compuviper.mx\/tienda\/categoria-producto\/accesorios\/\"},{\"@type\":\"ListItem\",\"position\":4,\"name\":\"Kvm\",\"item\":\"https:\/\/compuviper.mx\/tienda\/categoria-producto\/accesorios\/kvm\/\"},{\"@type\":\"ListItem\",\"position\":5,\"name\":\"Manhattan 153539 Mux Kvm,,, Hmdi Doble Monitor 4:1, 4k@30mhz Usb2.0 Usb 2.0\"}]},{\"@type\":\"WebSite\",\"@id\":\"https:\/\/compuviper.mx\/tienda\/#website\",\"url\":\"https:\/\/compuviper.mx\/tienda\/\",\"name\":\"Compuviper\",\"description\":\"Proveedor de Computadoras, Laptops, Servidores, Monitores, Puntos de Venta, Teclados,   Impresoras, T\u00f3ner, C\u00e1maras de Seguridad y m\u00e1s en tu tienda en l\u00ednea\",\"publisher\":{\"@id\":\"https:\/\/compuviper.mx\/tienda\/#organization\"},\"potentialAction\":[{\"@type\":\"SearchAction\",\"target\":{\"@type\":\"EntryPoint\",\"urlTemplate\":\"https:\/\/compuviper.mx\/tienda\/?s={search_term_string}\"},\"query-input\":\"required name=search_term_string\"}],\"inLanguage\":\"es-MX\"},{\"@type\":\"Organization\",\"@id\":\"https:\/\/compuviper.mx\/tienda\/#organization\",\"name\":\"Compuviper\",\"url\":\"https:\/\/compuviper.mx\/tienda\/\",\"logo\":{\"@type\":\"ImageObject\",\"inLanguage\":\"es-MX\",\"@id\":\"https:\/\/compuviper.mx\/tienda\/#\/schema\/logo\/image\/\",\"url\":\"https:\/\/compuviper.mx\/tienda\/wp-content\/uploads\/2021\/08\/Logo-Compuviper-10.png\",\"contentUrl\":\"https:\/\/compuviper.mx\/tienda\/wp-content\/uploads\/2021\/08\/Logo-Compuviper-10.png\",\"width\":1000,\"height\":500,\"caption\":\"Compuviper\"},\"image\":{\"@id\":\"https:\/\/compuviper.mx\/tienda\/#\/schema\/logo\/image\/\"},\"sameAs\":[\"https:\/\/www.facebook.com\/compuviper\",\"https:\/\/www.youtube.com\/channel\/UCf73dERp9Y3cfOq7q8BhLjA?view_as=subscriber\"]}]}<\/script>\n<meta property=\"product:brand\" content=\"MANHATTAN\" \/>\n<meta property=\"product:price:amount\" content=\"4172\" \/>\n<meta property=\"product:price:currency\" content=\"MXN\" \/>\n<meta property=\"og:availability\" content=\"instock\" \/>\n<meta property=\"product:availability\" content=\"instock\" \/>\n<meta property=\"product:retailer_item_id\" content=\"153539\" \/>\n<meta property=\"product:condition\" content=\"new\" \/>\n<!-- \/ Yoast SEO plugin. -->","yoast_head_json":{"title":"[ Manhattan ] &#129351; 153539 Mux Kvm,,, Hmdi Doble Monitor 4:1, 4k@30mhz Usb2.0 Usb 2.0","description":"Compra 153539 Mux Kvm,,, Hmdi Doble Monitor 4:1, 4k@30mhz Usb2.0 Usb 2.0 + Env\u00edo a domicilio + Pago seguro + Garant\u00eda","robots":{"index":"index","follow":"follow","max-snippet":"max-snippet:-1","max-image-preview":"max-image-preview:large","max-video-preview":"max-video-preview:-1"},"canonical":"https:\/\/compuviper.mx\/tienda\/producto\/manhattan-153539-mux-kvm-hmdi-doble-monitor-41-4k30mhz-usb2-0-usb-2-0\/","og_locale":"es_MX","og_type":"article","og_title":"[ Manhattan ] &#129351; 153539 Mux Kvm,,, Hmdi Doble Monitor 4:1, 4k@30mhz Usb2.0 Usb 2.0","og_description":"Compra 153539 Mux Kvm,,, Hmdi Doble Monitor 4:1, 4k@30mhz Usb2.0 Usb 2.0 + Env\u00edo a domicilio + Pago seguro + Garant\u00eda","og_url":"https:\/\/compuviper.mx\/tienda\/producto\/manhattan-153539-mux-kvm-hmdi-doble-monitor-41-4k30mhz-usb2-0-usb-2-0\/","og_site_name":"Compuviper","article_publisher":"https:\/\/www.facebook.com\/compuviper","og_image":[{"width":200,"height":200,"url":"https:\/\/compuviper.mx\/tienda\/wp-content\/uploads\/2023\/12\/Mux-kvmmanhattan153539-hmdi-doble-monitor-41-4k@30mhz-usb2.0-usb-2.0.jpg","type":"image\/jpeg"}],"twitter_card":"summary_large_image","twitter_misc":{"Precio":"&#36;4,172 con IVA","Availability":"In stock"},"schema":{"@context":"https:\/\/schema.org","@graph":[{"@type":"WebPage","@id":"https:\/\/compuviper.mx\/tienda\/producto\/manhattan-153539-mux-kvm-hmdi-doble-monitor-41-4k30mhz-usb2-0-usb-2-0\/","url":"https:\/\/compuviper.mx\/tienda\/producto\/manhattan-153539-mux-kvm-hmdi-doble-monitor-41-4k30mhz-usb2-0-usb-2-0\/","name":"[ Manhattan ] &#129351; 153539 Mux Kvm,,, Hmdi Doble Monitor 4:1, 4k@30mhz Usb2.0 Usb 2.0","isPartOf":{"@id":"https:\/\/compuviper.mx\/tienda\/#website"},"datePublished":"2026-04-09T05:33:34+00:00","dateModified":"2026-04-09T05:33:34+00:00","description":"Compra 153539 Mux Kvm,,, Hmdi Doble Monitor 4:1, 4k@30mhz Usb2.0 Usb 2.0 + Env\u00edo a domicilio + Pago seguro + Garant\u00eda","breadcrumb":{"@id":"https:\/\/compuviper.mx\/tienda\/producto\/manhattan-153539-mux-kvm-hmdi-doble-monitor-41-4k30mhz-usb2-0-usb-2-0\/#breadcrumb"},"inLanguage":"es-MX","potentialAction":[{"@type":"ReadAction","target":["https:\/\/compuviper.mx\/tienda\/producto\/manhattan-153539-mux-kvm-hmdi-doble-monitor-41-4k30mhz-usb2-0-usb-2-0\/"]}]},{"@type":"BreadcrumbList","@id":"https:\/\/compuviper.mx\/tienda\/producto\/manhattan-153539-mux-kvm-hmdi-doble-monitor-41-4k30mhz-usb2-0-usb-2-0\/#breadcrumb","itemListElement":[{"@type":"ListItem","position":1,"name":"Inicio","item":"https:\/\/compuviper.mx\/tienda\/"},{"@type":"ListItem","position":2,"name":"Productos","item":"https:\/\/compuviper.mx\/tienda\/productos\/"},{"@type":"ListItem","position":3,"name":"Accesorios","item":"https:\/\/compuviper.mx\/tienda\/categoria-producto\/accesorios\/"},{"@type":"ListItem","position":4,"name":"Kvm","item":"https:\/\/compuviper.mx\/tienda\/categoria-producto\/accesorios\/kvm\/"},{"@type":"ListItem","position":5,"name":"Manhattan 153539 Mux Kvm,,, Hmdi Doble Monitor 4:1, 4k@30mhz Usb2.0 Usb 2.0"}]},{"@type":"WebSite","@id":"https:\/\/compuviper.mx\/tienda\/#website","url":"https:\/\/compuviper.mx\/tienda\/","name":"Compuviper","description":"Proveedor de Computadoras, Laptops, Servidores, Monitores, Puntos de Venta, Teclados,   Impresoras, T\u00f3ner, C\u00e1maras de Seguridad y m\u00e1s en tu tienda en l\u00ednea","publisher":{"@id":"https:\/\/compuviper.mx\/tienda\/#organization"},"potentialAction":[{"@type":"SearchAction","target":{"@type":"EntryPoint","urlTemplate":"https:\/\/compuviper.mx\/tienda\/?s={search_term_string}"},"query-input":"required name=search_term_string"}],"inLanguage":"es-MX"},{"@type":"Organization","@id":"https:\/\/compuviper.mx\/tienda\/#organization","name":"Compuviper","url":"https:\/\/compuviper.mx\/tienda\/","logo":{"@type":"ImageObject","inLanguage":"es-MX","@id":"https:\/\/compuviper.mx\/tienda\/#\/schema\/logo\/image\/","url":"https:\/\/compuviper.mx\/tienda\/wp-content\/uploads\/2021\/08\/Logo-Compuviper-10.png","contentUrl":"https:\/\/compuviper.mx\/tienda\/wp-content\/uploads\/2021\/08\/Logo-Compuviper-10.png","width":1000,"height":500,"caption":"Compuviper"},"image":{"@id":"https:\/\/compuviper.mx\/tienda\/#\/schema\/logo\/image\/"},"sameAs":["https:\/\/www.facebook.com\/compuviper","https:\/\/www.youtube.com\/channel\/UCf73dERp9Y3cfOq7q8BhLjA?view_as=subscriber"]}]},"product_brand":"MANHATTAN","product_price_amount":"4172","product_price_currency":"MXN","og_availability":"instock","product_availability":"instock","product_retailer_item_id":"153539","product_condition":"new"},"_links":{"self":[{"href":"https:\/\/compuviper.mx\/tienda\/wp-json\/wp\/v2\/product\/213069"}],"collection":[{"href":"https:\/\/compuviper.mx\/tienda\/wp-json\/wp\/v2\/product"}],"about":[{"href":"https:\/\/compuviper.mx\/tienda\/wp-json\/wp\/v2\/types\/product"}],"replies":[{"embeddable":true,"href":"https:\/\/compuviper.mx\/tienda\/wp-json\/wp\/v2\/comments?post=213069"}],"wp:featuredmedia":[{"embeddable":true,"href":"https:\/\/compuviper.mx\/tienda\/wp-json\/wp\/v2\/media\/213070"}],"wp:attachment":[{"href":"https:\/\/compuviper.mx\/tienda\/wp-json\/wp\/v2\/media?parent=213069"}],"wp:term":[{"taxonomy":"product_cat","embeddable":true,"href":"https:\/\/compuviper.mx\/tienda\/wp-json\/wp\/v2\/product_cat?post=213069"},{"taxonomy":"product_tag","embeddable":true,"href":"https:\/\/compuviper.mx\/tienda\/wp-json\/wp\/v2\/product_tag?post=213069"}],"curies":[{"name":"wp","href":"https:\/\/api.w.org\/{rel}","templated":true}]}}