{"id":213055,"date":"2026-04-01T23:35:18","date_gmt":"2026-04-02T05:35:18","guid":{"rendered":"https:\/\/compuviper.mx\/tienda\/producto\/startech-com-privacy-screen-19m-filtro-de-privacidad-para-monitor-de-19-pulgadas-pantalla-de-privacidad-para-reducir-luz-azul-de-pantalla-ancha-1610-mate-brillante-ngulo-30-grados-mod\/"},"modified":"2026-04-01T23:35:18","modified_gmt":"2026-04-02T05:35:18","slug":"startech-com-privacy-screen-19m-filtro-de-privacidad-para-monitor-de-19-pulgadas-pantalla-de-privacidad-para-reducir-luz-azul-de-pantalla-ancha-1610-mate-brillante-ngulo-30-grados-mod","status":"publish","type":"product","link":"https:\/\/compuviper.mx\/tienda\/producto\/startech-com-privacy-screen-19m-filtro-de-privacidad-para-monitor-de-19-pulgadas-pantalla-de-privacidad-para-reducir-luz-azul-de-pantalla-ancha-1610-mate-brillante-ngulo-30-grados-mod\/","title":{"rendered":"Startech.com Privacy-screen-19m Filtro De Privacidad Para Monitor De 19 Pulgadas &#8211; Pantalla De Privacidad Para Reducir Luz Azul De Pantalla Ancha 16:10 &#8211; Mate\/brillante &#8211; ?ngulo +\/-30 Grados &#8211;  Mod."},"content":{"rendered":"<table class=\"descripcion\">\n<tr>\n<td>Hardware<\/td>\n<\/tr>\n<tr>\n<td>Opciones de montaje: front of monitor<\/td>\n<\/tr>\n<tr>\n<td>Contenido de la caja<\/td>\n<\/tr>\n<tr>\n<td>Incluido en la caja: pantalla de privacidad<\/td>\n<\/tr>\n<tr>\n<td>Incluido en la caja: pa\u00f1o de limpieza<\/td>\n<\/tr>\n<tr>\n<td>Incluido en la caja: juego de tiras adhesivas<\/td>\n<\/tr>\n<tr>\n<td>Incluido en la caja: juego de l\u00e1minas de filtro deslizantes<\/td>\n<\/tr>\n<tr>\n<td>Incluido en la caja: gu\u00eda r\u00e1pida de inicio<\/td>\n<\/tr>\n<tr>\n<td>Caracter\u00edsticas f\u00edsicas<\/td>\n<\/tr>\n<tr>\n<td>Tipo de gabinete: pl\u00e1stico<\/td>\n<\/tr>\n<tr>\n<td>Peso del producto: 98 g<\/td>\n<\/tr>\n<tr>\n<td>Longitud del producto: 25.5 cm<\/td>\n<\/tr>\n<tr>\n<td>Color: transparente<\/td>\n<\/tr>\n<tr>\n<td>Ancho del producto: 40.8 cm<\/td>\n<\/tr>\n<tr>\n<td>Altura del producto: 2 mm<\/td>\n<\/tr>\n<tr>\n<td>Description cdw 75 &#8211; 1st line: startech.com monitor privacy screen 19 display &#8211; monitor privacy filter<\/td>\n<\/tr>\n<\/table>\n","protected":false},"excerpt":{"rendered":"<p>La pantalla de privacidad del monitor es f\u00e1cil de colocar y quitar. S\u00f3lo tiene que fijar la pantalla de confidencialidad de 19 pulgadas a su pantalla de relaci\u00f3n de aspecto 16:10 utilizando las tiras de sujeci\u00f3n o las pesta\u00f1as de montaje deslizante. Este filtro de pantalla tambi\u00e9n es reversible. El lado mate le proporciona una reducci\u00f3n de los reflejos y el lado brillante de la pantalla de confidencialidad le proporcionar\u00e1 una mayor claridad. Es una forma de mantener protegida su informaci\u00f3n o cualquier otro dato importante. Puede estar tranquilo mientras trabaja en la oficina o en entornos p\u00fablicos porque sabe que su pantalla est\u00e1 protegida con el \u00e1ngulo de visi\u00f3n de privacidad de m\u00e1s de 30 grados. La l\u00e1mina est\u00e1 dise\u00f1ada para filtrar la luz azul (longitud de onda de 390 nm~480) y reducir la fatiga ocular digital. La tecnolog\u00eda antimicrobiana proporciona protecci\u00f3n contra los microbios bacterianos eliminando de forma continua hasta el 99,99% de ciertas bacterias de la superficie.<\/p>\n","protected":false},"featured_media":213056,"comment_status":"open","ping_status":"open","template":"","meta":[],"product_cat":[1485,2026],"product_tag":[1590],"acf":[],"yoast_head":"<!-- This site is optimized with the Yoast SEO plugin v21.7 - https:\/\/yoast.com\/wordpress\/plugins\/seo\/ -->\n<title>[ Startech.com ] &#129351; Privacy-screen-19m Filtro De Privacidad Para Monitor De 19 Pulgadas - Pantalla De Privacidad Para Reducir Luz Azul De Pantalla Ancha 16:10 - Mate\/brillante - \u00e1ngulo +\/-30 Grados - Mod.<\/title>\n<meta name=\"description\" content=\"Compra Privacy-screen-19m Filtro De Privacidad Para Monitor De 19 Pulgadas - Pantalla De Privacidad Para Reducir Luz Azul De Pantalla Ancha 16:10 - Mate\/brillante - \u00e1ngulo +\/-30 Grados - Mod. + Env\u00edo a domicilio + Pago seguro + Garant\u00eda\" \/>\n<meta name=\"robots\" content=\"index, follow, max-snippet:-1, max-image-preview:large, max-video-preview:-1\" \/>\n<link rel=\"canonical\" href=\"https:\/\/compuviper.mx\/tienda\/producto\/startech-com-privacy-screen-19m-filtro-de-privacidad-para-monitor-de-19-pulgadas-pantalla-de-privacidad-para-reducir-luz-azul-de-pantalla-ancha-1610-mate-brillante-ngulo-30-grados-mod\/\" \/>\n<meta property=\"og:locale\" content=\"es_MX\" \/>\n<meta property=\"og:type\" content=\"article\" \/>\n<meta property=\"og:title\" content=\"[ Startech.com ] &#129351; Privacy-screen-19m Filtro De Privacidad Para Monitor De 19 Pulgadas - Pantalla De Privacidad Para Reducir Luz Azul De Pantalla Ancha 16:10 - Mate\/brillante - \u00e1ngulo +\/-30 Grados - Mod.\" \/>\n<meta property=\"og:description\" content=\"Compra Privacy-screen-19m Filtro De Privacidad Para Monitor De 19 Pulgadas - Pantalla De Privacidad Para Reducir Luz Azul De Pantalla Ancha 16:10 - Mate\/brillante - \u00e1ngulo +\/-30 Grados - Mod. + Env\u00edo a domicilio + Pago seguro + Garant\u00eda\" \/>\n<meta property=\"og:url\" content=\"https:\/\/compuviper.mx\/tienda\/producto\/startech-com-privacy-screen-19m-filtro-de-privacidad-para-monitor-de-19-pulgadas-pantalla-de-privacidad-para-reducir-luz-azul-de-pantalla-ancha-1610-mate-brillante-ngulo-30-grados-mod\/\" \/>\n<meta property=\"og:site_name\" content=\"Compuviper\" \/>\n<meta property=\"article:publisher\" content=\"https:\/\/www.facebook.com\/compuviper\" \/>\n<meta property=\"og:image\" content=\"https:\/\/compuviper.mx\/tienda\/wp-content\/uploads\/2023\/12\/Filtro-de-privacidad-para-monitor-de-19-pulgadas-pantalla-de-privacidad-para-reducir-luz-azul-de-pantalla-ancha-1610-matebrillante-angulo-30-grados-startech.com-mod.-privacy-screen-19m.jpg\" \/>\n\t<meta property=\"og:image:width\" content=\"200\" \/>\n\t<meta property=\"og:image:height\" content=\"200\" \/>\n\t<meta property=\"og:image:type\" content=\"image\/jpeg\" \/>\n<meta name=\"twitter:card\" content=\"summary_large_image\" \/>\n<meta name=\"twitter:label1\" content=\"Precio\" \/>\n\t<meta name=\"twitter:data1\" content=\"&#36;1,413 con IVA\" \/>\n\t<meta name=\"twitter:label2\" content=\"Availability\" \/>\n\t<meta name=\"twitter:data2\" content=\"In stock\" \/>\n<script type=\"application\/ld+json\" class=\"yoast-schema-graph\">{\"@context\":\"https:\/\/schema.org\",\"@graph\":[{\"@type\":\"WebPage\",\"@id\":\"https:\/\/compuviper.mx\/tienda\/producto\/startech-com-privacy-screen-19m-filtro-de-privacidad-para-monitor-de-19-pulgadas-pantalla-de-privacidad-para-reducir-luz-azul-de-pantalla-ancha-1610-mate-brillante-ngulo-30-grados-mod\/\",\"url\":\"https:\/\/compuviper.mx\/tienda\/producto\/startech-com-privacy-screen-19m-filtro-de-privacidad-para-monitor-de-19-pulgadas-pantalla-de-privacidad-para-reducir-luz-azul-de-pantalla-ancha-1610-mate-brillante-ngulo-30-grados-mod\/\",\"name\":\"[ Startech.com ] &#129351; Privacy-screen-19m Filtro De Privacidad Para Monitor De 19 Pulgadas - Pantalla De Privacidad Para Reducir Luz Azul De Pantalla Ancha 16:10 - Mate\/brillante - \u00e1ngulo +\/-30 Grados - Mod.\",\"isPartOf\":{\"@id\":\"https:\/\/compuviper.mx\/tienda\/#website\"},\"datePublished\":\"2026-04-02T05:35:18+00:00\",\"dateModified\":\"2026-04-02T05:35:18+00:00\",\"description\":\"Compra Privacy-screen-19m Filtro De Privacidad Para Monitor De 19 Pulgadas - Pantalla De Privacidad Para Reducir Luz Azul De Pantalla Ancha 16:10 - Mate\/brillante - \u00e1ngulo +\/-30 Grados - Mod. + Env\u00edo a domicilio + Pago seguro + Garant\u00eda\",\"breadcrumb\":{\"@id\":\"https:\/\/compuviper.mx\/tienda\/producto\/startech-com-privacy-screen-19m-filtro-de-privacidad-para-monitor-de-19-pulgadas-pantalla-de-privacidad-para-reducir-luz-azul-de-pantalla-ancha-1610-mate-brillante-ngulo-30-grados-mod\/#breadcrumb\"},\"inLanguage\":\"es-MX\",\"potentialAction\":[{\"@type\":\"ReadAction\",\"target\":[\"https:\/\/compuviper.mx\/tienda\/producto\/startech-com-privacy-screen-19m-filtro-de-privacidad-para-monitor-de-19-pulgadas-pantalla-de-privacidad-para-reducir-luz-azul-de-pantalla-ancha-1610-mate-brillante-ngulo-30-grados-mod\/\"]}]},{\"@type\":\"BreadcrumbList\",\"@id\":\"https:\/\/compuviper.mx\/tienda\/producto\/startech-com-privacy-screen-19m-filtro-de-privacidad-para-monitor-de-19-pulgadas-pantalla-de-privacidad-para-reducir-luz-azul-de-pantalla-ancha-1610-mate-brillante-ngulo-30-grados-mod\/#breadcrumb\",\"itemListElement\":[{\"@type\":\"ListItem\",\"position\":1,\"name\":\"Inicio\",\"item\":\"https:\/\/compuviper.mx\/tienda\/\"},{\"@type\":\"ListItem\",\"position\":2,\"name\":\"Productos\",\"item\":\"https:\/\/compuviper.mx\/tienda\/productos\/\"},{\"@type\":\"ListItem\",\"position\":3,\"name\":\"Accesorios\",\"item\":\"https:\/\/compuviper.mx\/tienda\/categoria-producto\/accesorios\/\"},{\"@type\":\"ListItem\",\"position\":4,\"name\":\"Filtros\",\"item\":\"https:\/\/compuviper.mx\/tienda\/categoria-producto\/accesorios\/filtros\/\"},{\"@type\":\"ListItem\",\"position\":5,\"name\":\"Startech.com Privacy-screen-19m Filtro De Privacidad Para Monitor De 19 Pulgadas &#8211; Pantalla De Privacidad Para Reducir Luz Azul De Pantalla Ancha 16:10 &#8211; Mate\/brillante &#8211; ?ngulo +\/-30 Grados &#8211; Mod.\"}]},{\"@type\":\"WebSite\",\"@id\":\"https:\/\/compuviper.mx\/tienda\/#website\",\"url\":\"https:\/\/compuviper.mx\/tienda\/\",\"name\":\"Compuviper\",\"description\":\"Proveedor de Computadoras, Laptops, Servidores, Monitores, Puntos de Venta, Teclados,   Impresoras, T\u00f3ner, C\u00e1maras de Seguridad y m\u00e1s en tu tienda en l\u00ednea\",\"publisher\":{\"@id\":\"https:\/\/compuviper.mx\/tienda\/#organization\"},\"potentialAction\":[{\"@type\":\"SearchAction\",\"target\":{\"@type\":\"EntryPoint\",\"urlTemplate\":\"https:\/\/compuviper.mx\/tienda\/?s={search_term_string}\"},\"query-input\":\"required name=search_term_string\"}],\"inLanguage\":\"es-MX\"},{\"@type\":\"Organization\",\"@id\":\"https:\/\/compuviper.mx\/tienda\/#organization\",\"name\":\"Compuviper\",\"url\":\"https:\/\/compuviper.mx\/tienda\/\",\"logo\":{\"@type\":\"ImageObject\",\"inLanguage\":\"es-MX\",\"@id\":\"https:\/\/compuviper.mx\/tienda\/#\/schema\/logo\/image\/\",\"url\":\"https:\/\/compuviper.mx\/tienda\/wp-content\/uploads\/2021\/08\/Logo-Compuviper-10.png\",\"contentUrl\":\"https:\/\/compuviper.mx\/tienda\/wp-content\/uploads\/2021\/08\/Logo-Compuviper-10.png\",\"width\":1000,\"height\":500,\"caption\":\"Compuviper\"},\"image\":{\"@id\":\"https:\/\/compuviper.mx\/tienda\/#\/schema\/logo\/image\/\"},\"sameAs\":[\"https:\/\/www.facebook.com\/compuviper\",\"https:\/\/www.youtube.com\/channel\/UCf73dERp9Y3cfOq7q8BhLjA?view_as=subscriber\"]}]}<\/script>\n<meta property=\"product:brand\" content=\"STARTECH.COM\" \/>\n<meta property=\"product:price:amount\" content=\"1413\" \/>\n<meta property=\"product:price:currency\" content=\"MXN\" \/>\n<meta property=\"og:availability\" content=\"instock\" \/>\n<meta property=\"product:availability\" content=\"instock\" \/>\n<meta property=\"product:retailer_item_id\" content=\"PRIVACY-SCREEN-19M\" \/>\n<meta property=\"product:condition\" content=\"new\" \/>\n<!-- \/ Yoast SEO plugin. -->","yoast_head_json":{"title":"[ Startech.com ] &#129351; Privacy-screen-19m Filtro De Privacidad Para Monitor De 19 Pulgadas - Pantalla De Privacidad Para Reducir Luz Azul De Pantalla Ancha 16:10 - Mate\/brillante - \u00e1ngulo +\/-30 Grados - Mod.","description":"Compra Privacy-screen-19m Filtro De Privacidad Para Monitor De 19 Pulgadas - Pantalla De Privacidad Para Reducir Luz Azul De Pantalla Ancha 16:10 - Mate\/brillante - \u00e1ngulo +\/-30 Grados - Mod. + Env\u00edo a domicilio + Pago seguro + Garant\u00eda","robots":{"index":"index","follow":"follow","max-snippet":"max-snippet:-1","max-image-preview":"max-image-preview:large","max-video-preview":"max-video-preview:-1"},"canonical":"https:\/\/compuviper.mx\/tienda\/producto\/startech-com-privacy-screen-19m-filtro-de-privacidad-para-monitor-de-19-pulgadas-pantalla-de-privacidad-para-reducir-luz-azul-de-pantalla-ancha-1610-mate-brillante-ngulo-30-grados-mod\/","og_locale":"es_MX","og_type":"article","og_title":"[ Startech.com ] &#129351; Privacy-screen-19m Filtro De Privacidad Para Monitor De 19 Pulgadas - Pantalla De Privacidad Para Reducir Luz Azul De Pantalla Ancha 16:10 - Mate\/brillante - \u00e1ngulo +\/-30 Grados - Mod.","og_description":"Compra Privacy-screen-19m Filtro De Privacidad Para Monitor De 19 Pulgadas - Pantalla De Privacidad Para Reducir Luz Azul De Pantalla Ancha 16:10 - Mate\/brillante - \u00e1ngulo +\/-30 Grados - Mod. + Env\u00edo a domicilio + Pago seguro + Garant\u00eda","og_url":"https:\/\/compuviper.mx\/tienda\/producto\/startech-com-privacy-screen-19m-filtro-de-privacidad-para-monitor-de-19-pulgadas-pantalla-de-privacidad-para-reducir-luz-azul-de-pantalla-ancha-1610-mate-brillante-ngulo-30-grados-mod\/","og_site_name":"Compuviper","article_publisher":"https:\/\/www.facebook.com\/compuviper","og_image":[{"width":200,"height":200,"url":"https:\/\/compuviper.mx\/tienda\/wp-content\/uploads\/2023\/12\/Filtro-de-privacidad-para-monitor-de-19-pulgadas-pantalla-de-privacidad-para-reducir-luz-azul-de-pantalla-ancha-1610-matebrillante-angulo-30-grados-startech.com-mod.-privacy-screen-19m.jpg","type":"image\/jpeg"}],"twitter_card":"summary_large_image","twitter_misc":{"Precio":"&#36;1,413 con IVA","Availability":"In stock"},"schema":{"@context":"https:\/\/schema.org","@graph":[{"@type":"WebPage","@id":"https:\/\/compuviper.mx\/tienda\/producto\/startech-com-privacy-screen-19m-filtro-de-privacidad-para-monitor-de-19-pulgadas-pantalla-de-privacidad-para-reducir-luz-azul-de-pantalla-ancha-1610-mate-brillante-ngulo-30-grados-mod\/","url":"https:\/\/compuviper.mx\/tienda\/producto\/startech-com-privacy-screen-19m-filtro-de-privacidad-para-monitor-de-19-pulgadas-pantalla-de-privacidad-para-reducir-luz-azul-de-pantalla-ancha-1610-mate-brillante-ngulo-30-grados-mod\/","name":"[ Startech.com ] &#129351; Privacy-screen-19m Filtro De Privacidad Para Monitor De 19 Pulgadas - Pantalla De Privacidad Para Reducir Luz Azul De Pantalla Ancha 16:10 - Mate\/brillante - \u00e1ngulo +\/-30 Grados - Mod.","isPartOf":{"@id":"https:\/\/compuviper.mx\/tienda\/#website"},"datePublished":"2026-04-02T05:35:18+00:00","dateModified":"2026-04-02T05:35:18+00:00","description":"Compra Privacy-screen-19m Filtro De Privacidad Para Monitor De 19 Pulgadas - Pantalla De Privacidad Para Reducir Luz Azul De Pantalla Ancha 16:10 - Mate\/brillante - \u00e1ngulo +\/-30 Grados - Mod. + Env\u00edo a domicilio + Pago seguro + Garant\u00eda","breadcrumb":{"@id":"https:\/\/compuviper.mx\/tienda\/producto\/startech-com-privacy-screen-19m-filtro-de-privacidad-para-monitor-de-19-pulgadas-pantalla-de-privacidad-para-reducir-luz-azul-de-pantalla-ancha-1610-mate-brillante-ngulo-30-grados-mod\/#breadcrumb"},"inLanguage":"es-MX","potentialAction":[{"@type":"ReadAction","target":["https:\/\/compuviper.mx\/tienda\/producto\/startech-com-privacy-screen-19m-filtro-de-privacidad-para-monitor-de-19-pulgadas-pantalla-de-privacidad-para-reducir-luz-azul-de-pantalla-ancha-1610-mate-brillante-ngulo-30-grados-mod\/"]}]},{"@type":"BreadcrumbList","@id":"https:\/\/compuviper.mx\/tienda\/producto\/startech-com-privacy-screen-19m-filtro-de-privacidad-para-monitor-de-19-pulgadas-pantalla-de-privacidad-para-reducir-luz-azul-de-pantalla-ancha-1610-mate-brillante-ngulo-30-grados-mod\/#breadcrumb","itemListElement":[{"@type":"ListItem","position":1,"name":"Inicio","item":"https:\/\/compuviper.mx\/tienda\/"},{"@type":"ListItem","position":2,"name":"Productos","item":"https:\/\/compuviper.mx\/tienda\/productos\/"},{"@type":"ListItem","position":3,"name":"Accesorios","item":"https:\/\/compuviper.mx\/tienda\/categoria-producto\/accesorios\/"},{"@type":"ListItem","position":4,"name":"Filtros","item":"https:\/\/compuviper.mx\/tienda\/categoria-producto\/accesorios\/filtros\/"},{"@type":"ListItem","position":5,"name":"Startech.com Privacy-screen-19m Filtro De Privacidad Para Monitor De 19 Pulgadas &#8211; Pantalla De Privacidad Para Reducir Luz Azul De Pantalla Ancha 16:10 &#8211; Mate\/brillante &#8211; ?ngulo +\/-30 Grados &#8211; Mod."}]},{"@type":"WebSite","@id":"https:\/\/compuviper.mx\/tienda\/#website","url":"https:\/\/compuviper.mx\/tienda\/","name":"Compuviper","description":"Proveedor de Computadoras, Laptops, Servidores, Monitores, Puntos de Venta, Teclados,   Impresoras, T\u00f3ner, C\u00e1maras de Seguridad y m\u00e1s en tu tienda en l\u00ednea","publisher":{"@id":"https:\/\/compuviper.mx\/tienda\/#organization"},"potentialAction":[{"@type":"SearchAction","target":{"@type":"EntryPoint","urlTemplate":"https:\/\/compuviper.mx\/tienda\/?s={search_term_string}"},"query-input":"required name=search_term_string"}],"inLanguage":"es-MX"},{"@type":"Organization","@id":"https:\/\/compuviper.mx\/tienda\/#organization","name":"Compuviper","url":"https:\/\/compuviper.mx\/tienda\/","logo":{"@type":"ImageObject","inLanguage":"es-MX","@id":"https:\/\/compuviper.mx\/tienda\/#\/schema\/logo\/image\/","url":"https:\/\/compuviper.mx\/tienda\/wp-content\/uploads\/2021\/08\/Logo-Compuviper-10.png","contentUrl":"https:\/\/compuviper.mx\/tienda\/wp-content\/uploads\/2021\/08\/Logo-Compuviper-10.png","width":1000,"height":500,"caption":"Compuviper"},"image":{"@id":"https:\/\/compuviper.mx\/tienda\/#\/schema\/logo\/image\/"},"sameAs":["https:\/\/www.facebook.com\/compuviper","https:\/\/www.youtube.com\/channel\/UCf73dERp9Y3cfOq7q8BhLjA?view_as=subscriber"]}]},"product_brand":"STARTECH.COM","product_price_amount":"1413","product_price_currency":"MXN","og_availability":"instock","product_availability":"instock","product_retailer_item_id":"PRIVACY-SCREEN-19M","product_condition":"new"},"_links":{"self":[{"href":"https:\/\/compuviper.mx\/tienda\/wp-json\/wp\/v2\/product\/213055"}],"collection":[{"href":"https:\/\/compuviper.mx\/tienda\/wp-json\/wp\/v2\/product"}],"about":[{"href":"https:\/\/compuviper.mx\/tienda\/wp-json\/wp\/v2\/types\/product"}],"replies":[{"embeddable":true,"href":"https:\/\/compuviper.mx\/tienda\/wp-json\/wp\/v2\/comments?post=213055"}],"wp:featuredmedia":[{"embeddable":true,"href":"https:\/\/compuviper.mx\/tienda\/wp-json\/wp\/v2\/media\/213056"}],"wp:attachment":[{"href":"https:\/\/compuviper.mx\/tienda\/wp-json\/wp\/v2\/media?parent=213055"}],"wp:term":[{"taxonomy":"product_cat","embeddable":true,"href":"https:\/\/compuviper.mx\/tienda\/wp-json\/wp\/v2\/product_cat?post=213055"},{"taxonomy":"product_tag","embeddable":true,"href":"https:\/\/compuviper.mx\/tienda\/wp-json\/wp\/v2\/product_tag?post=213055"}],"curies":[{"name":"wp","href":"https:\/\/api.w.org\/{rel}","templated":true}]}}