{"id":213051,"date":"2026-04-01T23:35:16","date_gmt":"2026-04-02T05:35:16","guid":{"rendered":"https:\/\/compuviper.mx\/tienda\/producto\/peerless-av-sf670-soporte-plano-peerless-para-pantalla-plana-39-a-90-pulgadas-capacidad-hasta-113-kg\/"},"modified":"2026-04-01T23:35:16","modified_gmt":"2026-04-02T05:35:16","slug":"peerless-av-sf670-soporte-plano-peerless-para-pantalla-plana-39-a-90-pulgadas-capacidad-hasta-113-kg","status":"publish","type":"product","link":"https:\/\/compuviper.mx\/tienda\/producto\/peerless-av-sf670-soporte-plano-peerless-para-pantalla-plana-39-a-90-pulgadas-capacidad-hasta-113-kg\/","title":{"rendered":"Peerless-av Sf670 Soporte Plano Peerless  Para Pantalla Plana 39 A 90 Pulgadas Capacidad Hasta 113 Kg"},"content":{"rendered":"<table class=\"descripcion\">\n<tr>\n<td>Especificaciones del producto<\/td>\n<\/tr>\n<tr>\n<td>Tama\u00f1o de pantalla   46 a 90<\/td>\n<\/tr>\n<tr>\n<td>Patr\u00f3n de montaje            895 x 450 mm<\/td>\n<\/tr>\n<tr>\n<td>Capacidad de carga    113 kg<\/td>\n<\/tr>\n<tr>\n<td>Color                      negro<\/td>\n<\/tr>\n<tr>\n<td>Caracter\u00edsticas de seguridad hardware de seguridad<\/td>\n<\/tr>\n<tr>\n<td>Distancia desde la pared   44 mm<\/td>\n<\/tr>\n<tr>\n<td>Dimensiones del producto  959 x 495 x 44 mm<\/td>\n<\/tr>\n<tr>\n<td>Peso de env\u00edo             5,94 kg<\/td>\n<\/tr>\n<tr>\n<td>Dimensiones del empaque  406,4 x 63,5 x 1016,0 mm<\/td>\n<\/tr>\n<tr>\n<td>C\u00f3digo upc                    735029242192<\/td>\n<\/tr>\n<\/table>\n","protected":false},"excerpt":{"rendered":"<p>El soporte de pared plano universal smartmount\u00ae de peerless-av ofrece un perfil ultra delgado dise\u00f1ado para sostener pantallas grandes de hasta 250 libras. La instalaci\u00f3n y el mantenimiento son f\u00e1ciles con el s\u00f3lido conjunto de caracter\u00edsticas del sf670. Los rieles adaptadores de bloqueo autom\u00e1tico aseguran autom\u00e1ticamente la pantalla sin el uso de una herramienta. El pie de apoyo incorporado del soporte mantiene la pantalla segura de la pared durante el tendido de cables, mientras que la placa de pared abierta permite mayores opciones de administraci\u00f3n de cables y electricidad. El ajuste horizontal y vertical de la pantalla permite un r\u00e1pido ajuste fino de la pantalla montada.<\/p>\n","protected":false},"featured_media":213052,"comment_status":"open","ping_status":"open","template":"","meta":[],"product_cat":[2321,2265],"product_tag":[1904],"acf":[],"yoast_head":"<!-- This site is optimized with the Yoast SEO plugin v21.7 - https:\/\/yoast.com\/wordpress\/plugins\/seo\/ -->\n<title>[ Peerless-av ] &#129351; Sf670 Soporte Plano Peerless Para Pantalla Plana 39 A 90 Pulgadas Capacidad Hasta 113 Kg<\/title>\n<meta name=\"description\" content=\"Compra Sf670 Soporte Plano Peerless Para Pantalla Plana 39 A 90 Pulgadas Capacidad Hasta 113 Kg + Env\u00edo a domicilio + Pago seguro + Garant\u00eda\" \/>\n<meta name=\"robots\" content=\"index, follow, max-snippet:-1, max-image-preview:large, max-video-preview:-1\" \/>\n<link rel=\"canonical\" href=\"https:\/\/compuviper.mx\/tienda\/producto\/peerless-av-sf670-soporte-plano-peerless-para-pantalla-plana-39-a-90-pulgadas-capacidad-hasta-113-kg\/\" \/>\n<meta property=\"og:locale\" content=\"es_MX\" \/>\n<meta property=\"og:type\" content=\"article\" \/>\n<meta property=\"og:title\" content=\"[ Peerless-av ] &#129351; Sf670 Soporte Plano Peerless Para Pantalla Plana 39 A 90 Pulgadas Capacidad Hasta 113 Kg\" \/>\n<meta property=\"og:description\" content=\"Compra Sf670 Soporte Plano Peerless Para Pantalla Plana 39 A 90 Pulgadas Capacidad Hasta 113 Kg + Env\u00edo a domicilio + Pago seguro + Garant\u00eda\" \/>\n<meta property=\"og:url\" content=\"https:\/\/compuviper.mx\/tienda\/producto\/peerless-av-sf670-soporte-plano-peerless-para-pantalla-plana-39-a-90-pulgadas-capacidad-hasta-113-kg\/\" \/>\n<meta property=\"og:site_name\" content=\"Compuviper\" \/>\n<meta property=\"article:publisher\" content=\"https:\/\/www.facebook.com\/compuviper\" \/>\n<meta property=\"og:image\" content=\"https:\/\/compuviper.mx\/tienda\/wp-content\/uploads\/2023\/12\/Soporte-plano-peerless-sf670-para-pantalla-plana-39-a-90-pulgadas-capacidad-hasta-113-kg.jpg\" \/>\n\t<meta property=\"og:image:width\" content=\"200\" \/>\n\t<meta property=\"og:image:height\" content=\"200\" \/>\n\t<meta property=\"og:image:type\" content=\"image\/jpeg\" \/>\n<meta name=\"twitter:card\" content=\"summary_large_image\" \/>\n<meta name=\"twitter:label1\" content=\"Precio\" \/>\n\t<meta name=\"twitter:data1\" content=\"&#36;4,092 con IVA\" \/>\n\t<meta name=\"twitter:label2\" content=\"Availability\" \/>\n\t<meta name=\"twitter:data2\" content=\"Out of stock\" \/>\n<script type=\"application\/ld+json\" class=\"yoast-schema-graph\">{\"@context\":\"https:\/\/schema.org\",\"@graph\":[{\"@type\":\"WebPage\",\"@id\":\"https:\/\/compuviper.mx\/tienda\/producto\/peerless-av-sf670-soporte-plano-peerless-para-pantalla-plana-39-a-90-pulgadas-capacidad-hasta-113-kg\/\",\"url\":\"https:\/\/compuviper.mx\/tienda\/producto\/peerless-av-sf670-soporte-plano-peerless-para-pantalla-plana-39-a-90-pulgadas-capacidad-hasta-113-kg\/\",\"name\":\"[ Peerless-av ] &#129351; Sf670 Soporte Plano Peerless Para Pantalla Plana 39 A 90 Pulgadas Capacidad Hasta 113 Kg\",\"isPartOf\":{\"@id\":\"https:\/\/compuviper.mx\/tienda\/#website\"},\"datePublished\":\"2026-04-02T05:35:16+00:00\",\"dateModified\":\"2026-04-02T05:35:16+00:00\",\"description\":\"Compra Sf670 Soporte Plano Peerless Para Pantalla Plana 39 A 90 Pulgadas Capacidad Hasta 113 Kg + Env\u00edo a domicilio + Pago seguro + Garant\u00eda\",\"breadcrumb\":{\"@id\":\"https:\/\/compuviper.mx\/tienda\/producto\/peerless-av-sf670-soporte-plano-peerless-para-pantalla-plana-39-a-90-pulgadas-capacidad-hasta-113-kg\/#breadcrumb\"},\"inLanguage\":\"es-MX\",\"potentialAction\":[{\"@type\":\"ReadAction\",\"target\":[\"https:\/\/compuviper.mx\/tienda\/producto\/peerless-av-sf670-soporte-plano-peerless-para-pantalla-plana-39-a-90-pulgadas-capacidad-hasta-113-kg\/\"]}]},{\"@type\":\"BreadcrumbList\",\"@id\":\"https:\/\/compuviper.mx\/tienda\/producto\/peerless-av-sf670-soporte-plano-peerless-para-pantalla-plana-39-a-90-pulgadas-capacidad-hasta-113-kg\/#breadcrumb\",\"itemListElement\":[{\"@type\":\"ListItem\",\"position\":1,\"name\":\"Inicio\",\"item\":\"https:\/\/compuviper.mx\/tienda\/\"},{\"@type\":\"ListItem\",\"position\":2,\"name\":\"Productos\",\"item\":\"https:\/\/compuviper.mx\/tienda\/productos\/\"},{\"@type\":\"ListItem\",\"position\":3,\"name\":\"Soportes Y Bases P\/tv\/ Proyectores\/dvd\/consolas\/bocinas\/pantallas\/monotores\",\"item\":\"https:\/\/compuviper.mx\/tienda\/categoria-producto\/soportes-y-bases-p-tv-proyectores-dvd-consolas-bocinas-pantallas-monotores\/\"},{\"@type\":\"ListItem\",\"position\":4,\"name\":\"Soporte Y Base Para Tv\/pantallas\/monitores\/kiosko\",\"item\":\"https:\/\/compuviper.mx\/tienda\/categoria-producto\/soportes-y-bases-p-tv-proyectores-dvd-consolas-bocinas-pantallas-monotores\/soporte-y-base-para-tv-pantallas-monitores-kiosko\/\"},{\"@type\":\"ListItem\",\"position\":5,\"name\":\"Peerless-av Sf670 Soporte Plano Peerless Para Pantalla Plana 39 A 90 Pulgadas Capacidad Hasta 113 Kg\"}]},{\"@type\":\"WebSite\",\"@id\":\"https:\/\/compuviper.mx\/tienda\/#website\",\"url\":\"https:\/\/compuviper.mx\/tienda\/\",\"name\":\"Compuviper\",\"description\":\"Proveedor de Computadoras, Laptops, Servidores, Monitores, Puntos de Venta, Teclados,   Impresoras, T\u00f3ner, C\u00e1maras de Seguridad y m\u00e1s en tu tienda en l\u00ednea\",\"publisher\":{\"@id\":\"https:\/\/compuviper.mx\/tienda\/#organization\"},\"potentialAction\":[{\"@type\":\"SearchAction\",\"target\":{\"@type\":\"EntryPoint\",\"urlTemplate\":\"https:\/\/compuviper.mx\/tienda\/?s={search_term_string}\"},\"query-input\":\"required name=search_term_string\"}],\"inLanguage\":\"es-MX\"},{\"@type\":\"Organization\",\"@id\":\"https:\/\/compuviper.mx\/tienda\/#organization\",\"name\":\"Compuviper\",\"url\":\"https:\/\/compuviper.mx\/tienda\/\",\"logo\":{\"@type\":\"ImageObject\",\"inLanguage\":\"es-MX\",\"@id\":\"https:\/\/compuviper.mx\/tienda\/#\/schema\/logo\/image\/\",\"url\":\"https:\/\/compuviper.mx\/tienda\/wp-content\/uploads\/2021\/08\/Logo-Compuviper-10.png\",\"contentUrl\":\"https:\/\/compuviper.mx\/tienda\/wp-content\/uploads\/2021\/08\/Logo-Compuviper-10.png\",\"width\":1000,\"height\":500,\"caption\":\"Compuviper\"},\"image\":{\"@id\":\"https:\/\/compuviper.mx\/tienda\/#\/schema\/logo\/image\/\"},\"sameAs\":[\"https:\/\/www.facebook.com\/compuviper\",\"https:\/\/www.youtube.com\/channel\/UCf73dERp9Y3cfOq7q8BhLjA?view_as=subscriber\"]}]}<\/script>\n<meta property=\"product:brand\" content=\"PEERLESS-AV\" \/>\n<meta property=\"product:price:amount\" content=\"4092\" \/>\n<meta property=\"product:price:currency\" content=\"MXN\" \/>\n<meta property=\"og:availability\" content=\"out of stock\" \/>\n<meta property=\"product:availability\" content=\"out of stock\" \/>\n<meta property=\"product:retailer_item_id\" content=\"SF670\" \/>\n<meta property=\"product:condition\" content=\"new\" \/>\n<!-- \/ Yoast SEO plugin. -->","yoast_head_json":{"title":"[ Peerless-av ] &#129351; Sf670 Soporte Plano Peerless Para Pantalla Plana 39 A 90 Pulgadas Capacidad Hasta 113 Kg","description":"Compra Sf670 Soporte Plano Peerless Para Pantalla Plana 39 A 90 Pulgadas Capacidad Hasta 113 Kg + Env\u00edo a domicilio + Pago seguro + Garant\u00eda","robots":{"index":"index","follow":"follow","max-snippet":"max-snippet:-1","max-image-preview":"max-image-preview:large","max-video-preview":"max-video-preview:-1"},"canonical":"https:\/\/compuviper.mx\/tienda\/producto\/peerless-av-sf670-soporte-plano-peerless-para-pantalla-plana-39-a-90-pulgadas-capacidad-hasta-113-kg\/","og_locale":"es_MX","og_type":"article","og_title":"[ Peerless-av ] &#129351; Sf670 Soporte Plano Peerless Para Pantalla Plana 39 A 90 Pulgadas Capacidad Hasta 113 Kg","og_description":"Compra Sf670 Soporte Plano Peerless Para Pantalla Plana 39 A 90 Pulgadas Capacidad Hasta 113 Kg + Env\u00edo a domicilio + Pago seguro + Garant\u00eda","og_url":"https:\/\/compuviper.mx\/tienda\/producto\/peerless-av-sf670-soporte-plano-peerless-para-pantalla-plana-39-a-90-pulgadas-capacidad-hasta-113-kg\/","og_site_name":"Compuviper","article_publisher":"https:\/\/www.facebook.com\/compuviper","og_image":[{"width":200,"height":200,"url":"https:\/\/compuviper.mx\/tienda\/wp-content\/uploads\/2023\/12\/Soporte-plano-peerless-sf670-para-pantalla-plana-39-a-90-pulgadas-capacidad-hasta-113-kg.jpg","type":"image\/jpeg"}],"twitter_card":"summary_large_image","twitter_misc":{"Precio":"&#36;4,092 con IVA","Availability":"Out of stock"},"schema":{"@context":"https:\/\/schema.org","@graph":[{"@type":"WebPage","@id":"https:\/\/compuviper.mx\/tienda\/producto\/peerless-av-sf670-soporte-plano-peerless-para-pantalla-plana-39-a-90-pulgadas-capacidad-hasta-113-kg\/","url":"https:\/\/compuviper.mx\/tienda\/producto\/peerless-av-sf670-soporte-plano-peerless-para-pantalla-plana-39-a-90-pulgadas-capacidad-hasta-113-kg\/","name":"[ Peerless-av ] &#129351; Sf670 Soporte Plano Peerless Para Pantalla Plana 39 A 90 Pulgadas Capacidad Hasta 113 Kg","isPartOf":{"@id":"https:\/\/compuviper.mx\/tienda\/#website"},"datePublished":"2026-04-02T05:35:16+00:00","dateModified":"2026-04-02T05:35:16+00:00","description":"Compra Sf670 Soporte Plano Peerless Para Pantalla Plana 39 A 90 Pulgadas Capacidad Hasta 113 Kg + Env\u00edo a domicilio + Pago seguro + Garant\u00eda","breadcrumb":{"@id":"https:\/\/compuviper.mx\/tienda\/producto\/peerless-av-sf670-soporte-plano-peerless-para-pantalla-plana-39-a-90-pulgadas-capacidad-hasta-113-kg\/#breadcrumb"},"inLanguage":"es-MX","potentialAction":[{"@type":"ReadAction","target":["https:\/\/compuviper.mx\/tienda\/producto\/peerless-av-sf670-soporte-plano-peerless-para-pantalla-plana-39-a-90-pulgadas-capacidad-hasta-113-kg\/"]}]},{"@type":"BreadcrumbList","@id":"https:\/\/compuviper.mx\/tienda\/producto\/peerless-av-sf670-soporte-plano-peerless-para-pantalla-plana-39-a-90-pulgadas-capacidad-hasta-113-kg\/#breadcrumb","itemListElement":[{"@type":"ListItem","position":1,"name":"Inicio","item":"https:\/\/compuviper.mx\/tienda\/"},{"@type":"ListItem","position":2,"name":"Productos","item":"https:\/\/compuviper.mx\/tienda\/productos\/"},{"@type":"ListItem","position":3,"name":"Soportes Y Bases P\/tv\/ Proyectores\/dvd\/consolas\/bocinas\/pantallas\/monotores","item":"https:\/\/compuviper.mx\/tienda\/categoria-producto\/soportes-y-bases-p-tv-proyectores-dvd-consolas-bocinas-pantallas-monotores\/"},{"@type":"ListItem","position":4,"name":"Soporte Y Base Para Tv\/pantallas\/monitores\/kiosko","item":"https:\/\/compuviper.mx\/tienda\/categoria-producto\/soportes-y-bases-p-tv-proyectores-dvd-consolas-bocinas-pantallas-monotores\/soporte-y-base-para-tv-pantallas-monitores-kiosko\/"},{"@type":"ListItem","position":5,"name":"Peerless-av Sf670 Soporte Plano Peerless Para Pantalla Plana 39 A 90 Pulgadas Capacidad Hasta 113 Kg"}]},{"@type":"WebSite","@id":"https:\/\/compuviper.mx\/tienda\/#website","url":"https:\/\/compuviper.mx\/tienda\/","name":"Compuviper","description":"Proveedor de Computadoras, Laptops, Servidores, Monitores, Puntos de Venta, Teclados,   Impresoras, T\u00f3ner, C\u00e1maras de Seguridad y m\u00e1s en tu tienda en l\u00ednea","publisher":{"@id":"https:\/\/compuviper.mx\/tienda\/#organization"},"potentialAction":[{"@type":"SearchAction","target":{"@type":"EntryPoint","urlTemplate":"https:\/\/compuviper.mx\/tienda\/?s={search_term_string}"},"query-input":"required name=search_term_string"}],"inLanguage":"es-MX"},{"@type":"Organization","@id":"https:\/\/compuviper.mx\/tienda\/#organization","name":"Compuviper","url":"https:\/\/compuviper.mx\/tienda\/","logo":{"@type":"ImageObject","inLanguage":"es-MX","@id":"https:\/\/compuviper.mx\/tienda\/#\/schema\/logo\/image\/","url":"https:\/\/compuviper.mx\/tienda\/wp-content\/uploads\/2021\/08\/Logo-Compuviper-10.png","contentUrl":"https:\/\/compuviper.mx\/tienda\/wp-content\/uploads\/2021\/08\/Logo-Compuviper-10.png","width":1000,"height":500,"caption":"Compuviper"},"image":{"@id":"https:\/\/compuviper.mx\/tienda\/#\/schema\/logo\/image\/"},"sameAs":["https:\/\/www.facebook.com\/compuviper","https:\/\/www.youtube.com\/channel\/UCf73dERp9Y3cfOq7q8BhLjA?view_as=subscriber"]}]},"product_brand":"PEERLESS-AV","product_price_amount":"4092","product_price_currency":"MXN","og_availability":"out of stock","product_availability":"out of stock","product_retailer_item_id":"SF670","product_condition":"new"},"_links":{"self":[{"href":"https:\/\/compuviper.mx\/tienda\/wp-json\/wp\/v2\/product\/213051"}],"collection":[{"href":"https:\/\/compuviper.mx\/tienda\/wp-json\/wp\/v2\/product"}],"about":[{"href":"https:\/\/compuviper.mx\/tienda\/wp-json\/wp\/v2\/types\/product"}],"replies":[{"embeddable":true,"href":"https:\/\/compuviper.mx\/tienda\/wp-json\/wp\/v2\/comments?post=213051"}],"wp:featuredmedia":[{"embeddable":true,"href":"https:\/\/compuviper.mx\/tienda\/wp-json\/wp\/v2\/media\/213052"}],"wp:attachment":[{"href":"https:\/\/compuviper.mx\/tienda\/wp-json\/wp\/v2\/media?parent=213051"}],"wp:term":[{"taxonomy":"product_cat","embeddable":true,"href":"https:\/\/compuviper.mx\/tienda\/wp-json\/wp\/v2\/product_cat?post=213051"},{"taxonomy":"product_tag","embeddable":true,"href":"https:\/\/compuviper.mx\/tienda\/wp-json\/wp\/v2\/product_tag?post=213051"}],"curies":[{"name":"wp","href":"https:\/\/api.w.org\/{rel}","templated":true}]}}