{"id":213023,"date":"2026-04-17T23:39:01","date_gmt":"2026-04-18T05:39:01","guid":{"rendered":"https:\/\/compuviper.mx\/tienda\/producto\/logitech-956-000047-desk-pad-studio-series-grey-a-prueba-de-salpicaduras-antideslizante\/"},"modified":"2026-04-17T23:39:02","modified_gmt":"2026-04-18T05:39:02","slug":"logitech-956-000047-desk-pad-studio-series-grey-a-prueba-de-salpicaduras-antideslizante","status":"publish","type":"product","link":"https:\/\/compuviper.mx\/tienda\/producto\/logitech-956-000047-desk-pad-studio-series-grey-a-prueba-de-salpicaduras-antideslizante\/","title":{"rendered":"Logitech 956-000047 Desk Pad  Studio Series Grey A Prueba De Salpicaduras Antideslizante"},"content":{"rendered":"<table class=\"descripcion\">\n<tr>\n<td>Especificaciones y detalles<\/td>\n<\/tr>\n<tr>\n<td>Asistencia<\/td>\n<\/tr>\n<tr>\n<td>Dimensiones<\/td>\n<\/tr>\n<tr>\n<td>Alfombrilla de escritorio<\/td>\n<\/tr>\n<tr>\n<td>Altura: 300 mm<\/td>\n<\/tr>\n<tr>\n<td>Ancho: 700 mm<\/td>\n<\/tr>\n<tr>\n<td>Grosor: 2 mm<\/td>\n<\/tr>\n<tr>\n<td>Peso: 286 g<\/td>\n<\/tr>\n<tr>\n<td>Especificaciones t\u00e9cnicas<\/td>\n<\/tr>\n<tr>\n<td>Materiales<\/td>\n<\/tr>\n<tr>\n<td>100% poli\u00e9ster reciclado<\/td>\n<\/tr>\n<tr>\n<td>Superficie y capa interior 516% del peso total<\/td>\n<\/tr>\n<tr>\n<td>Base antideslizante<\/td>\n<\/tr>\n<tr>\n<td>72% caucho natural 6los productos que contienen l\u00e1tex de caucho natural pueden provocar reacciones al\u00e9rgicas a algunas personas.<\/td>\n<\/tr>\n<tr>\n<td>Bordes que no se deshilachan<\/td>\n<\/tr>\n<tr>\n<td>Nylon + poli\u00e9ster<\/td>\n<\/tr>\n<tr>\n<td>Contenido de la caja<\/td>\n<\/tr>\n<tr>\n<td>Alfombrilla de escritorio<\/td>\n<\/tr>\n<tr>\n<td>Documentaci\u00f3n del usuario<\/td>\n<\/tr>\n<tr>\n<td>Informaci\u00f3n de garant\u00eda<\/td>\n<\/tr>\n<tr>\n<td>Dos a\u00f1os de garant\u00eda de hardware limitada<\/td>\n<\/tr>\n<tr>\n<td>N\u00famero de referencia<\/td>\n<\/tr>\n<tr>\n<td>Dark rose: 956-000048<\/td>\n<\/tr>\n<tr>\n<td>Lavender: 956-000036<\/td>\n<\/tr>\n<tr>\n<td>Mid grey: 956-000047<\/td>\n<\/tr>\n<\/table>\n","protected":false},"excerpt":{"rendered":"<p>Tu espacio de trabajo. Bien definido. Mira c\u00f3mo es el accesorio que mejora tu espacio de trabajo y complementa perfectamente tus herramientas logitech. Consigue esa nota de color que tanto agradece tu entorno, el confort que necesitas y la protecci\u00f3n de tu mesa de trabajo. Optimiza tu espacio. Mejora tu espacio y protege tu escritorio. La alfombrilla de tela suave proporciona estilo y confort. Est\u00e1 disponible en lavender, dark rose o mid gray. Resistente a salpicaduras. La alfombrilla de escritorio logitech posee un recubrimiento a prueba de salpicaduras que resiste posibles percances, permitiendo limpiar f\u00e1cilmente l\u00edquidos derramados.1pruebas realizadas en condiciones limitadas. Limpieza con un pa\u00f1o h\u00famedo despu\u00e9s de un m\u00e1ximo de 2 minutos. Deslizamiento puro. En su sitio. Deslizamiento puro. En su sitio. La superficie de tela suave proporciona una confortable experiencia de uso del mouse, mientras que la base antideslizante de goma 2los productos que contienen l\u00e1tex de caucho natural pueden provocar reacciones al\u00e9rgicas en algunas personas. La mantiene firmemente en su posici\u00f3n sobre el escritorio, pase lo que pase. Explorar alfombrillas de escritorio para gaming. Belleza perdurable. Hecha con materiales seleccionados con esmero que no se arrugan ni se encogen. Y el pespunte plano de los bordes impide que se deshilachen. La base antideslizante tiene caucho natural, 3los productos que contienen l\u00e1tex de caucho natural pueden provocar reacciones al\u00e9rgicas en algunas personas., mientras que el suave y confortable tejido de la superficie y la capa interior 416% del peso total son de poli\u00e9ster reciclado que da una segunda vida a las botellas de pet. Hecha con materiales seleccionados con esmero que no se arrugan ni se encogen. Y el pespunte plano de los bordes impide que se deshilachen. 72% caucho natural. Base antideslizante. Superficie y capa interior (16%del peso total. 100% poli\u00e9ster reciclado. Nylon + poli\u00e9ster. Pespunte para evitar eldeshilachado. Opciones para combinar. Consigue un espacio de trabajo acorde con tu personalidad. La alfombrilla de escritorio logitech es un complemento perfecto del simp\u00e1tico mouse logitech pop y el teclado mec\u00e1nico pop keys con teclas de emojis personalizables. Agrega una c\u00e1mara web y unos auriculares modernos para completar tu entorno de trabajo desde casa. El video y el audio de calidad ayudan much\u00edsimo a impulsar la comunicaci\u00f3n en las reuniones y presentaciones virtuales.<\/p>\n","protected":false},"featured_media":213024,"comment_status":"open","ping_status":"open","template":"","meta":[],"product_cat":[2303,1485],"product_tag":[1500],"acf":[],"yoast_head":"<!-- This site is optimized with the Yoast SEO plugin v21.7 - https:\/\/yoast.com\/wordpress\/plugins\/seo\/ -->\n<title>[ Logitech ] &#129351; 956-000047 Desk Pad Studio Series Grey A Prueba De Salpicaduras Antideslizante<\/title>\n<meta name=\"description\" content=\"Compra 956-000047 Desk Pad Studio Series Grey A Prueba De Salpicaduras Antideslizante + Env\u00edo a domicilio + Pago seguro + Garant\u00eda\" \/>\n<meta name=\"robots\" content=\"index, follow, max-snippet:-1, max-image-preview:large, max-video-preview:-1\" \/>\n<link rel=\"canonical\" href=\"https:\/\/compuviper.mx\/tienda\/producto\/logitech-956-000047-desk-pad-studio-series-grey-a-prueba-de-salpicaduras-antideslizante\/\" \/>\n<meta property=\"og:locale\" content=\"es_MX\" \/>\n<meta property=\"og:type\" content=\"article\" \/>\n<meta property=\"og:title\" content=\"[ Logitech ] &#129351; 956-000047 Desk Pad Studio Series Grey A Prueba De Salpicaduras Antideslizante\" \/>\n<meta property=\"og:description\" content=\"Compra 956-000047 Desk Pad Studio Series Grey A Prueba De Salpicaduras Antideslizante + Env\u00edo a domicilio + Pago seguro + Garant\u00eda\" \/>\n<meta property=\"og:url\" content=\"https:\/\/compuviper.mx\/tienda\/producto\/logitech-956-000047-desk-pad-studio-series-grey-a-prueba-de-salpicaduras-antideslizante\/\" \/>\n<meta property=\"og:site_name\" content=\"Compuviper\" \/>\n<meta property=\"article:publisher\" content=\"https:\/\/www.facebook.com\/compuviper\" \/>\n<meta property=\"article:modified_time\" content=\"2026-04-18T05:39:02+00:00\" \/>\n<meta property=\"og:image\" content=\"https:\/\/compuviper.mx\/tienda\/wp-content\/uploads\/2023\/12\/Desk-pad-logitech-studio-series-grey-a-prueba-de-salpicaduras-antideslizante.jpg\" \/>\n\t<meta property=\"og:image:width\" content=\"200\" \/>\n\t<meta property=\"og:image:height\" content=\"200\" \/>\n\t<meta property=\"og:image:type\" content=\"image\/jpeg\" \/>\n<meta name=\"twitter:card\" content=\"summary_large_image\" \/>\n<meta name=\"twitter:label1\" content=\"Precio\" \/>\n\t<meta name=\"twitter:data1\" content=\"&#36;366 &#36;257 con IVA\" \/>\n\t<meta name=\"twitter:label2\" content=\"Availability\" \/>\n\t<meta name=\"twitter:data2\" content=\"In stock\" \/>\n<script type=\"application\/ld+json\" class=\"yoast-schema-graph\">{\"@context\":\"https:\/\/schema.org\",\"@graph\":[{\"@type\":\"WebPage\",\"@id\":\"https:\/\/compuviper.mx\/tienda\/producto\/logitech-956-000047-desk-pad-studio-series-grey-a-prueba-de-salpicaduras-antideslizante\/\",\"url\":\"https:\/\/compuviper.mx\/tienda\/producto\/logitech-956-000047-desk-pad-studio-series-grey-a-prueba-de-salpicaduras-antideslizante\/\",\"name\":\"[ Logitech ] &#129351; 956-000047 Desk Pad Studio Series Grey A Prueba De Salpicaduras Antideslizante\",\"isPartOf\":{\"@id\":\"https:\/\/compuviper.mx\/tienda\/#website\"},\"datePublished\":\"2026-04-18T05:39:01+00:00\",\"dateModified\":\"2026-04-18T05:39:02+00:00\",\"description\":\"Compra 956-000047 Desk Pad Studio Series Grey A Prueba De Salpicaduras Antideslizante + Env\u00edo a domicilio + Pago seguro + Garant\u00eda\",\"breadcrumb\":{\"@id\":\"https:\/\/compuviper.mx\/tienda\/producto\/logitech-956-000047-desk-pad-studio-series-grey-a-prueba-de-salpicaduras-antideslizante\/#breadcrumb\"},\"inLanguage\":\"es-MX\",\"potentialAction\":[{\"@type\":\"ReadAction\",\"target\":[\"https:\/\/compuviper.mx\/tienda\/producto\/logitech-956-000047-desk-pad-studio-series-grey-a-prueba-de-salpicaduras-antideslizante\/\"]}]},{\"@type\":\"BreadcrumbList\",\"@id\":\"https:\/\/compuviper.mx\/tienda\/producto\/logitech-956-000047-desk-pad-studio-series-grey-a-prueba-de-salpicaduras-antideslizante\/#breadcrumb\",\"itemListElement\":[{\"@type\":\"ListItem\",\"position\":1,\"name\":\"Inicio\",\"item\":\"https:\/\/compuviper.mx\/tienda\/\"},{\"@type\":\"ListItem\",\"position\":2,\"name\":\"Productos\",\"item\":\"https:\/\/compuviper.mx\/tienda\/productos\/\"},{\"@type\":\"ListItem\",\"position\":3,\"name\":\"Accesorios\",\"item\":\"https:\/\/compuviper.mx\/tienda\/categoria-producto\/accesorios\/\"},{\"@type\":\"ListItem\",\"position\":4,\"name\":\"Mouse Pads\",\"item\":\"https:\/\/compuviper.mx\/tienda\/categoria-producto\/accesorios\/mouse-pads\/\"},{\"@type\":\"ListItem\",\"position\":5,\"name\":\"Logitech 956-000047 Desk Pad Studio Series Grey A Prueba De Salpicaduras Antideslizante\"}]},{\"@type\":\"WebSite\",\"@id\":\"https:\/\/compuviper.mx\/tienda\/#website\",\"url\":\"https:\/\/compuviper.mx\/tienda\/\",\"name\":\"Compuviper\",\"description\":\"Proveedor de Computadoras, Laptops, Servidores, Monitores, Puntos de Venta, Teclados,   Impresoras, T\u00f3ner, C\u00e1maras de Seguridad y m\u00e1s en tu tienda en l\u00ednea\",\"publisher\":{\"@id\":\"https:\/\/compuviper.mx\/tienda\/#organization\"},\"potentialAction\":[{\"@type\":\"SearchAction\",\"target\":{\"@type\":\"EntryPoint\",\"urlTemplate\":\"https:\/\/compuviper.mx\/tienda\/?s={search_term_string}\"},\"query-input\":\"required name=search_term_string\"}],\"inLanguage\":\"es-MX\"},{\"@type\":\"Organization\",\"@id\":\"https:\/\/compuviper.mx\/tienda\/#organization\",\"name\":\"Compuviper\",\"url\":\"https:\/\/compuviper.mx\/tienda\/\",\"logo\":{\"@type\":\"ImageObject\",\"inLanguage\":\"es-MX\",\"@id\":\"https:\/\/compuviper.mx\/tienda\/#\/schema\/logo\/image\/\",\"url\":\"https:\/\/compuviper.mx\/tienda\/wp-content\/uploads\/2021\/08\/Logo-Compuviper-10.png\",\"contentUrl\":\"https:\/\/compuviper.mx\/tienda\/wp-content\/uploads\/2021\/08\/Logo-Compuviper-10.png\",\"width\":1000,\"height\":500,\"caption\":\"Compuviper\"},\"image\":{\"@id\":\"https:\/\/compuviper.mx\/tienda\/#\/schema\/logo\/image\/\"},\"sameAs\":[\"https:\/\/www.facebook.com\/compuviper\",\"https:\/\/www.youtube.com\/channel\/UCf73dERp9Y3cfOq7q8BhLjA?view_as=subscriber\"]}]}<\/script>\n<meta property=\"product:brand\" content=\"LOGITECH\" \/>\n<meta property=\"product:price:amount\" content=\"257\" \/>\n<meta property=\"product:price:currency\" content=\"MXN\" \/>\n<meta property=\"og:availability\" content=\"instock\" \/>\n<meta property=\"product:availability\" content=\"instock\" \/>\n<meta property=\"product:retailer_item_id\" content=\"956-000047\" \/>\n<meta property=\"product:condition\" content=\"new\" \/>\n<!-- \/ Yoast SEO plugin. -->","yoast_head_json":{"title":"[ Logitech ] &#129351; 956-000047 Desk Pad Studio Series Grey A Prueba De Salpicaduras Antideslizante","description":"Compra 956-000047 Desk Pad Studio Series Grey A Prueba De Salpicaduras Antideslizante + Env\u00edo a domicilio + Pago seguro + Garant\u00eda","robots":{"index":"index","follow":"follow","max-snippet":"max-snippet:-1","max-image-preview":"max-image-preview:large","max-video-preview":"max-video-preview:-1"},"canonical":"https:\/\/compuviper.mx\/tienda\/producto\/logitech-956-000047-desk-pad-studio-series-grey-a-prueba-de-salpicaduras-antideslizante\/","og_locale":"es_MX","og_type":"article","og_title":"[ Logitech ] &#129351; 956-000047 Desk Pad Studio Series Grey A Prueba De Salpicaduras Antideslizante","og_description":"Compra 956-000047 Desk Pad Studio Series Grey A Prueba De Salpicaduras Antideslizante + Env\u00edo a domicilio + Pago seguro + Garant\u00eda","og_url":"https:\/\/compuviper.mx\/tienda\/producto\/logitech-956-000047-desk-pad-studio-series-grey-a-prueba-de-salpicaduras-antideslizante\/","og_site_name":"Compuviper","article_publisher":"https:\/\/www.facebook.com\/compuviper","article_modified_time":"2026-04-18T05:39:02+00:00","og_image":[{"width":200,"height":200,"url":"https:\/\/compuviper.mx\/tienda\/wp-content\/uploads\/2023\/12\/Desk-pad-logitech-studio-series-grey-a-prueba-de-salpicaduras-antideslizante.jpg","type":"image\/jpeg"}],"twitter_card":"summary_large_image","twitter_misc":{"Precio":"&#36;366 &#36;257 con IVA","Availability":"In stock"},"schema":{"@context":"https:\/\/schema.org","@graph":[{"@type":"WebPage","@id":"https:\/\/compuviper.mx\/tienda\/producto\/logitech-956-000047-desk-pad-studio-series-grey-a-prueba-de-salpicaduras-antideslizante\/","url":"https:\/\/compuviper.mx\/tienda\/producto\/logitech-956-000047-desk-pad-studio-series-grey-a-prueba-de-salpicaduras-antideslizante\/","name":"[ Logitech ] &#129351; 956-000047 Desk Pad Studio Series Grey A Prueba De Salpicaduras Antideslizante","isPartOf":{"@id":"https:\/\/compuviper.mx\/tienda\/#website"},"datePublished":"2026-04-18T05:39:01+00:00","dateModified":"2026-04-18T05:39:02+00:00","description":"Compra 956-000047 Desk Pad Studio Series Grey A Prueba De Salpicaduras Antideslizante + Env\u00edo a domicilio + Pago seguro + Garant\u00eda","breadcrumb":{"@id":"https:\/\/compuviper.mx\/tienda\/producto\/logitech-956-000047-desk-pad-studio-series-grey-a-prueba-de-salpicaduras-antideslizante\/#breadcrumb"},"inLanguage":"es-MX","potentialAction":[{"@type":"ReadAction","target":["https:\/\/compuviper.mx\/tienda\/producto\/logitech-956-000047-desk-pad-studio-series-grey-a-prueba-de-salpicaduras-antideslizante\/"]}]},{"@type":"BreadcrumbList","@id":"https:\/\/compuviper.mx\/tienda\/producto\/logitech-956-000047-desk-pad-studio-series-grey-a-prueba-de-salpicaduras-antideslizante\/#breadcrumb","itemListElement":[{"@type":"ListItem","position":1,"name":"Inicio","item":"https:\/\/compuviper.mx\/tienda\/"},{"@type":"ListItem","position":2,"name":"Productos","item":"https:\/\/compuviper.mx\/tienda\/productos\/"},{"@type":"ListItem","position":3,"name":"Accesorios","item":"https:\/\/compuviper.mx\/tienda\/categoria-producto\/accesorios\/"},{"@type":"ListItem","position":4,"name":"Mouse Pads","item":"https:\/\/compuviper.mx\/tienda\/categoria-producto\/accesorios\/mouse-pads\/"},{"@type":"ListItem","position":5,"name":"Logitech 956-000047 Desk Pad Studio Series Grey A Prueba De Salpicaduras Antideslizante"}]},{"@type":"WebSite","@id":"https:\/\/compuviper.mx\/tienda\/#website","url":"https:\/\/compuviper.mx\/tienda\/","name":"Compuviper","description":"Proveedor de Computadoras, Laptops, Servidores, Monitores, Puntos de Venta, Teclados,   Impresoras, T\u00f3ner, C\u00e1maras de Seguridad y m\u00e1s en tu tienda en l\u00ednea","publisher":{"@id":"https:\/\/compuviper.mx\/tienda\/#organization"},"potentialAction":[{"@type":"SearchAction","target":{"@type":"EntryPoint","urlTemplate":"https:\/\/compuviper.mx\/tienda\/?s={search_term_string}"},"query-input":"required name=search_term_string"}],"inLanguage":"es-MX"},{"@type":"Organization","@id":"https:\/\/compuviper.mx\/tienda\/#organization","name":"Compuviper","url":"https:\/\/compuviper.mx\/tienda\/","logo":{"@type":"ImageObject","inLanguage":"es-MX","@id":"https:\/\/compuviper.mx\/tienda\/#\/schema\/logo\/image\/","url":"https:\/\/compuviper.mx\/tienda\/wp-content\/uploads\/2021\/08\/Logo-Compuviper-10.png","contentUrl":"https:\/\/compuviper.mx\/tienda\/wp-content\/uploads\/2021\/08\/Logo-Compuviper-10.png","width":1000,"height":500,"caption":"Compuviper"},"image":{"@id":"https:\/\/compuviper.mx\/tienda\/#\/schema\/logo\/image\/"},"sameAs":["https:\/\/www.facebook.com\/compuviper","https:\/\/www.youtube.com\/channel\/UCf73dERp9Y3cfOq7q8BhLjA?view_as=subscriber"]}]},"product_brand":"LOGITECH","product_price_amount":"257","product_price_currency":"MXN","og_availability":"instock","product_availability":"instock","product_retailer_item_id":"956-000047","product_condition":"new"},"_links":{"self":[{"href":"https:\/\/compuviper.mx\/tienda\/wp-json\/wp\/v2\/product\/213023"}],"collection":[{"href":"https:\/\/compuviper.mx\/tienda\/wp-json\/wp\/v2\/product"}],"about":[{"href":"https:\/\/compuviper.mx\/tienda\/wp-json\/wp\/v2\/types\/product"}],"replies":[{"embeddable":true,"href":"https:\/\/compuviper.mx\/tienda\/wp-json\/wp\/v2\/comments?post=213023"}],"wp:featuredmedia":[{"embeddable":true,"href":"https:\/\/compuviper.mx\/tienda\/wp-json\/wp\/v2\/media\/213024"}],"wp:attachment":[{"href":"https:\/\/compuviper.mx\/tienda\/wp-json\/wp\/v2\/media?parent=213023"}],"wp:term":[{"taxonomy":"product_cat","embeddable":true,"href":"https:\/\/compuviper.mx\/tienda\/wp-json\/wp\/v2\/product_cat?post=213023"},{"taxonomy":"product_tag","embeddable":true,"href":"https:\/\/compuviper.mx\/tienda\/wp-json\/wp\/v2\/product_tag?post=213023"}],"curies":[{"name":"wp","href":"https:\/\/api.w.org\/{rel}","templated":true}]}}