{"id":213019,"date":"2026-04-08T23:33:24","date_gmt":"2026-04-09T05:33:24","guid":{"rendered":"https:\/\/compuviper.mx\/tienda\/producto\/logitech-956-000035-mouse-pad-studio-series-graphite-a-prueba-de-salpicaduras-antideslizante\/"},"modified":"2026-04-08T23:33:24","modified_gmt":"2026-04-09T05:33:24","slug":"logitech-956-000035-mouse-pad-studio-series-graphite-a-prueba-de-salpicaduras-antideslizante","status":"publish","type":"product","link":"https:\/\/compuviper.mx\/tienda\/producto\/logitech-956-000035-mouse-pad-studio-series-graphite-a-prueba-de-salpicaduras-antideslizante\/","title":{"rendered":"Logitech 956-000035 Mouse Pad  Studio Series Graphite A Prueba De Salpicaduras Antideslizante"},"content":{"rendered":"<table class=\"descripcion\">\n<tr>\n<td>Especificaciones y detalles<\/td>\n<\/tr>\n<tr>\n<td>Dimensiones<\/td>\n<\/tr>\n<tr>\n<td>Alfombrilla de mouse<\/td>\n<\/tr>\n<tr>\n<td>Altura: 200 mm<\/td>\n<\/tr>\n<tr>\n<td>Ancho: 230 mm<\/td>\n<\/tr>\n<tr>\n<td>Grosor: 2 mm<\/td>\n<\/tr>\n<tr>\n<td>Peso: 73 g<\/td>\n<\/tr>\n<tr>\n<td>Especificaciones t\u00e9cnicas<\/td>\n<\/tr>\n<tr>\n<td>Materiales<\/td>\n<\/tr>\n<tr>\n<td>100% poli\u00e9ster reciclado<\/td>\n<\/tr>\n<tr>\n<td>Superficie y capa interior 513% del peso total<\/td>\n<\/tr>\n<tr>\n<td>Base antideslizante<\/td>\n<\/tr>\n<tr>\n<td>72% caucho natural 6los productos que contienen l\u00e1tex de caucho natural pueden provocar reacciones al\u00e9rgicas a algunas personas.<\/td>\n<\/tr>\n<tr>\n<td>Bordes que no se deshilachan<\/td>\n<\/tr>\n<tr>\n<td>Nylon + poli\u00e9ster<\/td>\n<\/tr>\n<tr>\n<td>Contenido de la caja<\/td>\n<\/tr>\n<tr>\n<td>Alfombrilla de mouse<\/td>\n<\/tr>\n<tr>\n<td>Documentaci\u00f3n del usuario<\/td>\n<\/tr>\n<tr>\n<td>Informaci\u00f3n de garant\u00eda<\/td>\n<\/tr>\n<tr>\n<td>Dos a\u00f1os de garant\u00eda de hardware limitada<\/td>\n<\/tr>\n<tr>\n<td>N\u00famero de referencia<\/td>\n<\/tr>\n<tr>\n<td>Grafito: 956-000035<\/td>\n<\/tr>\n<tr>\n<td>Dark rose: 956-000037<\/td>\n<\/tr>\n<tr>\n<td>Gris azulado: 956-000038<\/td>\n<\/tr>\n<\/table>\n","protected":false},"excerpt":{"rendered":"<p>Alfombrilla de mouse logitech &#8211; studio series. Suave alfombrilla de mouse para un deslizamiento f\u00e1cil y confortable. Deslizamiento perfecto. \u00e9sta es la suave alfombrilla de mouse antideslizante que mejora tu espacio de trabajo. Hecha con materiales de alta calidad, la alfombrilla de mouse logitech te ofrece la facilidad de deslizamiento y el confort que necesitas para tu mouse logitech favorito. \u00e9sta es la suave alfombrilla de mouse antideslizante que mejora tu espacio de trabajo. Caracter\u00edsticas principales. Fluidez y silencio. La suave superficie de tejido fino causa menos fricci\u00f3n y facilita el deslizamiento del mouse, tanto en la oficina como en casa. Explorar alfombrillas de mouse para juegos. Resistente a salpicaduras. Resistente a salpicaduras. La alfombrilla de mouse logitech posee un recubrimiento a prueba de salpicaduras que resiste posibles percances, permitiendo limpiar f\u00e1cilmente l\u00edquidos derramados. 1pruebas realizadas en condiciones limitadas. Limpieza con un pa\u00f1o h\u00famedo despu\u00e9s de un m\u00e1ximo de 2 minutos. Materiales elegidos con esmero. La base antideslizante tiene caucho natural, 2los productos que contienen l\u00e1tex de caucho natural pueden provocar reacciones al\u00e9rgicas en algunas personas., mientras que el suave y confortable tejido de la superficie y la capa interior 313% del peso total son de poli\u00e9ster reciclado que da una segunda vida a las botellas de pet. La base antideslizante tiene caucho natural, los productos que contienen l\u00e1tex de caucho natural pueden provocar reacciones al\u00e9rgicas en algunas personas., mientras que el suave y confortable tejido de la superficie y la capa interior 313% del peso total son de poli\u00e9ster reciclado que da una segunda vida a las botellas de pet. Nylon + poli\u00e9ster. Pespunte para evitar el deshilachado. Superficie y capa interior (13% del peso total. 100% poli\u00e9ster reciclado. 72% caucho. Base antideslizante. Deslizamiento puro. En su sitio. Deslizamiento puro. En su sitio. La superficie de tela suave proporciona una confortable experiencia de uso del mouse, mientras que la base antideslizante de goma 4los productos que contienen l\u00e1tex de caucho natural pueden provocar reacciones al\u00e9rgicas en algunas personas. La mantiene firmemente en su posici\u00f3n sobre el escritorio, pase lo que pase. Bordes de pespunte plano que no se deshilachan y hacen la alfombrilla m\u00e1s duradera. Durabilidad. Bordes de pespunte plano que no se deshilachan y hacen la alfombrilla m\u00e1s duradera. Va bien con los dispositivos logitech. Est\u00e1 pensada como complemento de tu mouse logitech y otros accesorios. Adem\u00e1s de mejorar la organizaci\u00f3n de tu espacio, tambi\u00e9n lo hace m\u00e1s atractivo. Est\u00e1 disponible en tonos blue grey, graphite y dark rose.<\/p>\n","protected":false},"featured_media":213020,"comment_status":"open","ping_status":"open","template":"","meta":[],"product_cat":[1485,2303],"product_tag":[1500],"acf":[],"yoast_head":"<!-- This site is optimized with the Yoast SEO plugin v21.7 - https:\/\/yoast.com\/wordpress\/plugins\/seo\/ -->\n<title>[ Logitech ] &#129351; 956-000035 Mouse Pad Studio Series Graphite A Prueba De Salpicaduras Antideslizante<\/title>\n<meta name=\"description\" content=\"Compra 956-000035 Mouse Pad Studio Series Graphite A Prueba De Salpicaduras Antideslizante + Env\u00edo a domicilio + Pago seguro + Garant\u00eda\" \/>\n<meta name=\"robots\" content=\"index, follow, max-snippet:-1, max-image-preview:large, max-video-preview:-1\" \/>\n<link rel=\"canonical\" href=\"https:\/\/compuviper.mx\/tienda\/producto\/logitech-956-000035-mouse-pad-studio-series-graphite-a-prueba-de-salpicaduras-antideslizante\/\" \/>\n<meta property=\"og:locale\" content=\"es_MX\" \/>\n<meta property=\"og:type\" content=\"article\" \/>\n<meta property=\"og:title\" content=\"[ Logitech ] &#129351; 956-000035 Mouse Pad Studio Series Graphite A Prueba De Salpicaduras Antideslizante\" \/>\n<meta property=\"og:description\" content=\"Compra 956-000035 Mouse Pad Studio Series Graphite A Prueba De Salpicaduras Antideslizante + Env\u00edo a domicilio + Pago seguro + Garant\u00eda\" \/>\n<meta property=\"og:url\" content=\"https:\/\/compuviper.mx\/tienda\/producto\/logitech-956-000035-mouse-pad-studio-series-graphite-a-prueba-de-salpicaduras-antideslizante\/\" \/>\n<meta property=\"og:site_name\" content=\"Compuviper\" \/>\n<meta property=\"article:publisher\" content=\"https:\/\/www.facebook.com\/compuviper\" \/>\n<meta property=\"og:image\" content=\"https:\/\/compuviper.mx\/tienda\/wp-content\/uploads\/2023\/12\/Mouse-pad-logitech-studio-series-graphite-a-prueba-de-salpicaduras-antideslizante.jpg\" \/>\n\t<meta property=\"og:image:width\" content=\"200\" \/>\n\t<meta property=\"og:image:height\" content=\"200\" \/>\n\t<meta property=\"og:image:type\" content=\"image\/jpeg\" \/>\n<meta name=\"twitter:card\" content=\"summary_large_image\" \/>\n<meta name=\"twitter:label1\" content=\"Precio\" \/>\n\t<meta name=\"twitter:data1\" content=\"&#36;177 con IVA\" \/>\n\t<meta name=\"twitter:label2\" content=\"Availability\" \/>\n\t<meta name=\"twitter:data2\" content=\"In stock\" \/>\n<script type=\"application\/ld+json\" class=\"yoast-schema-graph\">{\"@context\":\"https:\/\/schema.org\",\"@graph\":[{\"@type\":\"WebPage\",\"@id\":\"https:\/\/compuviper.mx\/tienda\/producto\/logitech-956-000035-mouse-pad-studio-series-graphite-a-prueba-de-salpicaduras-antideslizante\/\",\"url\":\"https:\/\/compuviper.mx\/tienda\/producto\/logitech-956-000035-mouse-pad-studio-series-graphite-a-prueba-de-salpicaduras-antideslizante\/\",\"name\":\"[ Logitech ] &#129351; 956-000035 Mouse Pad Studio Series Graphite A Prueba De Salpicaduras Antideslizante\",\"isPartOf\":{\"@id\":\"https:\/\/compuviper.mx\/tienda\/#website\"},\"datePublished\":\"2026-04-09T05:33:24+00:00\",\"dateModified\":\"2026-04-09T05:33:24+00:00\",\"description\":\"Compra 956-000035 Mouse Pad Studio Series Graphite A Prueba De Salpicaduras Antideslizante + Env\u00edo a domicilio + Pago seguro + Garant\u00eda\",\"breadcrumb\":{\"@id\":\"https:\/\/compuviper.mx\/tienda\/producto\/logitech-956-000035-mouse-pad-studio-series-graphite-a-prueba-de-salpicaduras-antideslizante\/#breadcrumb\"},\"inLanguage\":\"es-MX\",\"potentialAction\":[{\"@type\":\"ReadAction\",\"target\":[\"https:\/\/compuviper.mx\/tienda\/producto\/logitech-956-000035-mouse-pad-studio-series-graphite-a-prueba-de-salpicaduras-antideslizante\/\"]}]},{\"@type\":\"BreadcrumbList\",\"@id\":\"https:\/\/compuviper.mx\/tienda\/producto\/logitech-956-000035-mouse-pad-studio-series-graphite-a-prueba-de-salpicaduras-antideslizante\/#breadcrumb\",\"itemListElement\":[{\"@type\":\"ListItem\",\"position\":1,\"name\":\"Inicio\",\"item\":\"https:\/\/compuviper.mx\/tienda\/\"},{\"@type\":\"ListItem\",\"position\":2,\"name\":\"Productos\",\"item\":\"https:\/\/compuviper.mx\/tienda\/productos\/\"},{\"@type\":\"ListItem\",\"position\":3,\"name\":\"Accesorios\",\"item\":\"https:\/\/compuviper.mx\/tienda\/categoria-producto\/accesorios\/\"},{\"@type\":\"ListItem\",\"position\":4,\"name\":\"Mouse Pads\",\"item\":\"https:\/\/compuviper.mx\/tienda\/categoria-producto\/accesorios\/mouse-pads\/\"},{\"@type\":\"ListItem\",\"position\":5,\"name\":\"Logitech 956-000035 Mouse Pad Studio Series Graphite A Prueba De Salpicaduras Antideslizante\"}]},{\"@type\":\"WebSite\",\"@id\":\"https:\/\/compuviper.mx\/tienda\/#website\",\"url\":\"https:\/\/compuviper.mx\/tienda\/\",\"name\":\"Compuviper\",\"description\":\"Proveedor de Computadoras, Laptops, Servidores, Monitores, Puntos de Venta, Teclados,   Impresoras, T\u00f3ner, C\u00e1maras de Seguridad y m\u00e1s en tu tienda en l\u00ednea\",\"publisher\":{\"@id\":\"https:\/\/compuviper.mx\/tienda\/#organization\"},\"potentialAction\":[{\"@type\":\"SearchAction\",\"target\":{\"@type\":\"EntryPoint\",\"urlTemplate\":\"https:\/\/compuviper.mx\/tienda\/?s={search_term_string}\"},\"query-input\":\"required name=search_term_string\"}],\"inLanguage\":\"es-MX\"},{\"@type\":\"Organization\",\"@id\":\"https:\/\/compuviper.mx\/tienda\/#organization\",\"name\":\"Compuviper\",\"url\":\"https:\/\/compuviper.mx\/tienda\/\",\"logo\":{\"@type\":\"ImageObject\",\"inLanguage\":\"es-MX\",\"@id\":\"https:\/\/compuviper.mx\/tienda\/#\/schema\/logo\/image\/\",\"url\":\"https:\/\/compuviper.mx\/tienda\/wp-content\/uploads\/2021\/08\/Logo-Compuviper-10.png\",\"contentUrl\":\"https:\/\/compuviper.mx\/tienda\/wp-content\/uploads\/2021\/08\/Logo-Compuviper-10.png\",\"width\":1000,\"height\":500,\"caption\":\"Compuviper\"},\"image\":{\"@id\":\"https:\/\/compuviper.mx\/tienda\/#\/schema\/logo\/image\/\"},\"sameAs\":[\"https:\/\/www.facebook.com\/compuviper\",\"https:\/\/www.youtube.com\/channel\/UCf73dERp9Y3cfOq7q8BhLjA?view_as=subscriber\"]}]}<\/script>\n<meta property=\"product:brand\" content=\"LOGITECH\" \/>\n<meta property=\"product:price:amount\" content=\"177\" \/>\n<meta property=\"product:price:currency\" content=\"MXN\" \/>\n<meta property=\"og:availability\" content=\"instock\" \/>\n<meta property=\"product:availability\" content=\"instock\" \/>\n<meta property=\"product:retailer_item_id\" content=\"956-000035\" \/>\n<meta property=\"product:condition\" content=\"new\" \/>\n<!-- \/ Yoast SEO plugin. -->","yoast_head_json":{"title":"[ Logitech ] &#129351; 956-000035 Mouse Pad Studio Series Graphite A Prueba De Salpicaduras Antideslizante","description":"Compra 956-000035 Mouse Pad Studio Series Graphite A Prueba De Salpicaduras Antideslizante + Env\u00edo a domicilio + Pago seguro + Garant\u00eda","robots":{"index":"index","follow":"follow","max-snippet":"max-snippet:-1","max-image-preview":"max-image-preview:large","max-video-preview":"max-video-preview:-1"},"canonical":"https:\/\/compuviper.mx\/tienda\/producto\/logitech-956-000035-mouse-pad-studio-series-graphite-a-prueba-de-salpicaduras-antideslizante\/","og_locale":"es_MX","og_type":"article","og_title":"[ Logitech ] &#129351; 956-000035 Mouse Pad Studio Series Graphite A Prueba De Salpicaduras Antideslizante","og_description":"Compra 956-000035 Mouse Pad Studio Series Graphite A Prueba De Salpicaduras Antideslizante + Env\u00edo a domicilio + Pago seguro + Garant\u00eda","og_url":"https:\/\/compuviper.mx\/tienda\/producto\/logitech-956-000035-mouse-pad-studio-series-graphite-a-prueba-de-salpicaduras-antideslizante\/","og_site_name":"Compuviper","article_publisher":"https:\/\/www.facebook.com\/compuviper","og_image":[{"width":200,"height":200,"url":"https:\/\/compuviper.mx\/tienda\/wp-content\/uploads\/2023\/12\/Mouse-pad-logitech-studio-series-graphite-a-prueba-de-salpicaduras-antideslizante.jpg","type":"image\/jpeg"}],"twitter_card":"summary_large_image","twitter_misc":{"Precio":"&#36;177 con IVA","Availability":"In stock"},"schema":{"@context":"https:\/\/schema.org","@graph":[{"@type":"WebPage","@id":"https:\/\/compuviper.mx\/tienda\/producto\/logitech-956-000035-mouse-pad-studio-series-graphite-a-prueba-de-salpicaduras-antideslizante\/","url":"https:\/\/compuviper.mx\/tienda\/producto\/logitech-956-000035-mouse-pad-studio-series-graphite-a-prueba-de-salpicaduras-antideslizante\/","name":"[ Logitech ] &#129351; 956-000035 Mouse Pad Studio Series Graphite A Prueba De Salpicaduras Antideslizante","isPartOf":{"@id":"https:\/\/compuviper.mx\/tienda\/#website"},"datePublished":"2026-04-09T05:33:24+00:00","dateModified":"2026-04-09T05:33:24+00:00","description":"Compra 956-000035 Mouse Pad Studio Series Graphite A Prueba De Salpicaduras Antideslizante + Env\u00edo a domicilio + Pago seguro + Garant\u00eda","breadcrumb":{"@id":"https:\/\/compuviper.mx\/tienda\/producto\/logitech-956-000035-mouse-pad-studio-series-graphite-a-prueba-de-salpicaduras-antideslizante\/#breadcrumb"},"inLanguage":"es-MX","potentialAction":[{"@type":"ReadAction","target":["https:\/\/compuviper.mx\/tienda\/producto\/logitech-956-000035-mouse-pad-studio-series-graphite-a-prueba-de-salpicaduras-antideslizante\/"]}]},{"@type":"BreadcrumbList","@id":"https:\/\/compuviper.mx\/tienda\/producto\/logitech-956-000035-mouse-pad-studio-series-graphite-a-prueba-de-salpicaduras-antideslizante\/#breadcrumb","itemListElement":[{"@type":"ListItem","position":1,"name":"Inicio","item":"https:\/\/compuviper.mx\/tienda\/"},{"@type":"ListItem","position":2,"name":"Productos","item":"https:\/\/compuviper.mx\/tienda\/productos\/"},{"@type":"ListItem","position":3,"name":"Accesorios","item":"https:\/\/compuviper.mx\/tienda\/categoria-producto\/accesorios\/"},{"@type":"ListItem","position":4,"name":"Mouse Pads","item":"https:\/\/compuviper.mx\/tienda\/categoria-producto\/accesorios\/mouse-pads\/"},{"@type":"ListItem","position":5,"name":"Logitech 956-000035 Mouse Pad Studio Series Graphite A Prueba De Salpicaduras Antideslizante"}]},{"@type":"WebSite","@id":"https:\/\/compuviper.mx\/tienda\/#website","url":"https:\/\/compuviper.mx\/tienda\/","name":"Compuviper","description":"Proveedor de Computadoras, Laptops, Servidores, Monitores, Puntos de Venta, Teclados,   Impresoras, T\u00f3ner, C\u00e1maras de Seguridad y m\u00e1s en tu tienda en l\u00ednea","publisher":{"@id":"https:\/\/compuviper.mx\/tienda\/#organization"},"potentialAction":[{"@type":"SearchAction","target":{"@type":"EntryPoint","urlTemplate":"https:\/\/compuviper.mx\/tienda\/?s={search_term_string}"},"query-input":"required name=search_term_string"}],"inLanguage":"es-MX"},{"@type":"Organization","@id":"https:\/\/compuviper.mx\/tienda\/#organization","name":"Compuviper","url":"https:\/\/compuviper.mx\/tienda\/","logo":{"@type":"ImageObject","inLanguage":"es-MX","@id":"https:\/\/compuviper.mx\/tienda\/#\/schema\/logo\/image\/","url":"https:\/\/compuviper.mx\/tienda\/wp-content\/uploads\/2021\/08\/Logo-Compuviper-10.png","contentUrl":"https:\/\/compuviper.mx\/tienda\/wp-content\/uploads\/2021\/08\/Logo-Compuviper-10.png","width":1000,"height":500,"caption":"Compuviper"},"image":{"@id":"https:\/\/compuviper.mx\/tienda\/#\/schema\/logo\/image\/"},"sameAs":["https:\/\/www.facebook.com\/compuviper","https:\/\/www.youtube.com\/channel\/UCf73dERp9Y3cfOq7q8BhLjA?view_as=subscriber"]}]},"product_brand":"LOGITECH","product_price_amount":"177","product_price_currency":"MXN","og_availability":"instock","product_availability":"instock","product_retailer_item_id":"956-000035","product_condition":"new"},"_links":{"self":[{"href":"https:\/\/compuviper.mx\/tienda\/wp-json\/wp\/v2\/product\/213019"}],"collection":[{"href":"https:\/\/compuviper.mx\/tienda\/wp-json\/wp\/v2\/product"}],"about":[{"href":"https:\/\/compuviper.mx\/tienda\/wp-json\/wp\/v2\/types\/product"}],"replies":[{"embeddable":true,"href":"https:\/\/compuviper.mx\/tienda\/wp-json\/wp\/v2\/comments?post=213019"}],"wp:featuredmedia":[{"embeddable":true,"href":"https:\/\/compuviper.mx\/tienda\/wp-json\/wp\/v2\/media\/213020"}],"wp:attachment":[{"href":"https:\/\/compuviper.mx\/tienda\/wp-json\/wp\/v2\/media?parent=213019"}],"wp:term":[{"taxonomy":"product_cat","embeddable":true,"href":"https:\/\/compuviper.mx\/tienda\/wp-json\/wp\/v2\/product_cat?post=213019"},{"taxonomy":"product_tag","embeddable":true,"href":"https:\/\/compuviper.mx\/tienda\/wp-json\/wp\/v2\/product_tag?post=213019"}],"curies":[{"name":"wp","href":"https:\/\/api.w.org\/{rel}","templated":true}]}}