{"id":213001,"date":"2026-04-06T23:35:17","date_gmt":"2026-04-07T05:35:17","guid":{"rendered":"https:\/\/compuviper.mx\/tienda\/producto\/acteck-ac-932950-docking-station-hub-port-x-dh690-usb-c-14-puertos-5x-usb-a-2x-usb-c-hdmi-vga-rj45-3-5-mm-sd-micro-sd-negro\/"},"modified":"2026-04-06T23:35:17","modified_gmt":"2026-04-07T05:35:17","slug":"acteck-ac-932950-docking-station-hub-port-x-dh690-usb-c-14-puertos-5x-usb-a-2x-usb-c-hdmi-vga-rj45-3-5-mm-sd-micro-sd-negro","status":"publish","type":"product","link":"https:\/\/compuviper.mx\/tienda\/producto\/acteck-ac-932950-docking-station-hub-port-x-dh690-usb-c-14-puertos-5x-usb-a-2x-usb-c-hdmi-vga-rj45-3-5-mm-sd-micro-sd-negro\/","title":{"rendered":"Acteck Ac-932950 Docking Station Hub  Port X Dh690 \/ Usb C \/ 14 Puertos \/ 5x Usb A &#8211; 2x Usb C &#8211; Hdmi &#8211; Vga &#8211; Rj45 &#8211; 3.5 Mm &#8211; Sd &#8211; Micro Sd \/ Negro \/"},"content":{"rendered":"<table class=\"descripcion\">\n<tr>\n<td>Docking<\/td>\n<\/tr>\n<tr>\n<td>Producto: docking station 14 en 1<\/td>\n<\/tr>\n<tr>\n<td>Modelo: ac-932950<\/td>\n<\/tr>\n<tr>\n<td>Codigo ean-13: 7506215932950<\/td>\n<\/tr>\n<tr>\n<td>Compatibilidad: windows \/ macos \/ linux mayor\u00eda de dispositivos con usb-c<\/td>\n<\/tr>\n<tr>\n<td>Cable principal:<\/td>\n<\/tr>\n<tr>\n<td>Conector: usb -c<\/td>\n<\/tr>\n<tr>\n<td>Version: usb 3.1 gen1<\/td>\n<\/tr>\n<tr>\n<td>Longitud de cabel: 280mm<\/td>\n<\/tr>\n<tr>\n<td>Usb a (2.0): 2<\/td>\n<\/tr>\n<tr>\n<td>Usb a (3.1 gen1 [5 gbps] aka 3.0): 3<\/td>\n<\/tr>\n<tr>\n<td>Usb a (3.1 gen2 [10 gbps]): n\/a<\/td>\n<\/tr>\n<tr>\n<td>Usb c (3.1 gen2 [10 gbps]) (datos): 2<\/td>\n<\/tr>\n<tr>\n<td>Usb c (power delivery): 1<\/td>\n<\/tr>\n<tr>\n<td>Hdmi:<\/td>\n<\/tr>\n<tr>\n<td>Fantidad: 1<\/td>\n<\/tr>\n<tr>\n<td>Version: hdmi: 1.4<\/td>\n<\/tr>\n<tr>\n<td>Ancho de banda: 10.2 gbps<\/td>\n<\/tr>\n<tr>\n<td>Resolucion: 3840 x 2160 &#8211; 30hz<\/td>\n<\/tr>\n<tr>\n<td>Vga:<\/td>\n<\/tr>\n<tr>\n<td>Cantidad: 1<\/td>\n<\/tr>\n<tr>\n<td>Resolucion: 1920 x 1080 &#8211; 60hz<\/td>\n<\/tr>\n<tr>\n<td>Etherneth rj45:<\/td>\n<\/tr>\n<tr>\n<td>Salida de audio:<\/td>\n<\/tr>\n<tr>\n<td>Cantidad: 1<\/td>\n<\/tr>\n<tr>\n<td>Ancho de banda: 1000mb<\/td>\n<\/tr>\n<tr>\n<td>Jack 3.5mm<\/td>\n<\/tr>\n<tr>\n<td>Salida de audio: n\/a<\/td>\n<\/tr>\n<tr>\n<td>Entrada de audio n\/a<\/td>\n<\/tr>\n<tr>\n<td>Dual de audio: 1<\/td>\n<\/tr>\n<tr>\n<td>Lector de tarjetas de memoria: sd, microsd<\/td>\n<\/tr>\n<tr>\n<td>Material: metal y plastico<\/td>\n<\/tr>\n<tr>\n<td>Color: plata + negro<\/td>\n<\/tr>\n<tr>\n<td>Dimensiones (l * w * h): 11.1 * 4.2 * 1.5 cm<\/td>\n<\/tr>\n<tr>\n<td>Peso: 331 g<\/td>\n<\/tr>\n<tr>\n<td>Informacion de empaque<\/td>\n<\/tr>\n<tr>\n<td>M idas empaque (l * w * h): 10 cm * 2.3 cm * 33.8 cm<\/td>\n<\/tr>\n<tr>\n<td>Peso empaque: 500g<\/td>\n<\/tr>\n<tr>\n<td>Pieza por master: 30<\/td>\n<\/tr>\n<tr>\n<td>Medidas master (l * w * h): 35.2 * 21.7 * 37.6 cm<\/td>\n<\/tr>\n<\/table>\n","protected":false},"excerpt":{"rendered":"<p>Port x dh690, usb-c docking station 14 en 1. Dise\u00f1o delgado y elegante.   And #9654; estructura de aluminio.  And #9654; m\u00e1xima disipaci\u00f3n de calor.  And #9654; anti- and #64257;ngerprin<\/p>\n","protected":false},"featured_media":213002,"comment_status":"open","ping_status":"open","template":"","meta":[],"product_cat":[1485,1506],"product_tag":[1582],"acf":[],"yoast_head":"<!-- This site is optimized with the Yoast SEO plugin v21.7 - https:\/\/yoast.com\/wordpress\/plugins\/seo\/ -->\n<title>[ Acteck ] &#129351; Ac-932950 Docking Station Hub Port X Dh690 \/ Usb C \/ 14 Puertos \/ 5x Usb A - 2x Usb C - Hdmi - Vga - Rj45 - 3.5 Mm - Sd - Micro Sd \/ Negro \/<\/title>\n<meta name=\"description\" content=\"Compra Ac-932950 Docking Station Hub Port X Dh690 \/ Usb C \/ 14 Puertos \/ 5x Usb A - 2x Usb C - Hdmi - Vga - Rj45 - 3.5 Mm - Sd - Micro Sd \/ Negro \/ + Env\u00edo a domicilio + Pago seguro + Garant\u00eda\" \/>\n<meta name=\"robots\" content=\"index, follow, max-snippet:-1, max-image-preview:large, max-video-preview:-1\" \/>\n<link rel=\"canonical\" href=\"https:\/\/compuviper.mx\/tienda\/producto\/acteck-ac-932950-docking-station-hub-port-x-dh690-usb-c-14-puertos-5x-usb-a-2x-usb-c-hdmi-vga-rj45-3-5-mm-sd-micro-sd-negro\/\" \/>\n<meta property=\"og:locale\" content=\"es_MX\" \/>\n<meta property=\"og:type\" content=\"article\" \/>\n<meta property=\"og:title\" content=\"[ Acteck ] &#129351; Ac-932950 Docking Station Hub Port X Dh690 \/ Usb C \/ 14 Puertos \/ 5x Usb A - 2x Usb C - Hdmi - Vga - Rj45 - 3.5 Mm - Sd - Micro Sd \/ Negro \/\" \/>\n<meta property=\"og:description\" content=\"Compra Ac-932950 Docking Station Hub Port X Dh690 \/ Usb C \/ 14 Puertos \/ 5x Usb A - 2x Usb C - Hdmi - Vga - Rj45 - 3.5 Mm - Sd - Micro Sd \/ Negro \/ + Env\u00edo a domicilio + Pago seguro + Garant\u00eda\" \/>\n<meta property=\"og:url\" content=\"https:\/\/compuviper.mx\/tienda\/producto\/acteck-ac-932950-docking-station-hub-port-x-dh690-usb-c-14-puertos-5x-usb-a-2x-usb-c-hdmi-vga-rj45-3-5-mm-sd-micro-sd-negro\/\" \/>\n<meta property=\"og:site_name\" content=\"Compuviper\" \/>\n<meta property=\"article:publisher\" content=\"https:\/\/www.facebook.com\/compuviper\" \/>\n<meta property=\"og:image\" content=\"https:\/\/compuviper.mx\/tienda\/wp-content\/uploads\/2023\/12\/Docking-station-hub-acteck-port-x-dh690-usb-c-14-puertos-5x-usb-a-2x-usb-c-hdmi-vga-rj45-3.5-mm-sd-micro-sd-negro-ac-932950.jpg\" \/>\n\t<meta property=\"og:image:width\" content=\"200\" \/>\n\t<meta property=\"og:image:height\" content=\"200\" \/>\n\t<meta property=\"og:image:type\" content=\"image\/jpeg\" \/>\n<meta name=\"twitter:card\" content=\"summary_large_image\" \/>\n<meta name=\"twitter:label1\" content=\"Precio\" \/>\n\t<meta name=\"twitter:data1\" content=\"&#36;1,633 con IVA\" \/>\n\t<meta name=\"twitter:label2\" content=\"Availability\" \/>\n\t<meta name=\"twitter:data2\" content=\"Out of stock\" \/>\n<script type=\"application\/ld+json\" class=\"yoast-schema-graph\">{\"@context\":\"https:\/\/schema.org\",\"@graph\":[{\"@type\":\"WebPage\",\"@id\":\"https:\/\/compuviper.mx\/tienda\/producto\/acteck-ac-932950-docking-station-hub-port-x-dh690-usb-c-14-puertos-5x-usb-a-2x-usb-c-hdmi-vga-rj45-3-5-mm-sd-micro-sd-negro\/\",\"url\":\"https:\/\/compuviper.mx\/tienda\/producto\/acteck-ac-932950-docking-station-hub-port-x-dh690-usb-c-14-puertos-5x-usb-a-2x-usb-c-hdmi-vga-rj45-3-5-mm-sd-micro-sd-negro\/\",\"name\":\"[ Acteck ] &#129351; Ac-932950 Docking Station Hub Port X Dh690 \/ Usb C \/ 14 Puertos \/ 5x Usb A - 2x Usb C - Hdmi - Vga - Rj45 - 3.5 Mm - Sd - Micro Sd \/ Negro \/\",\"isPartOf\":{\"@id\":\"https:\/\/compuviper.mx\/tienda\/#website\"},\"datePublished\":\"2026-04-07T05:35:17+00:00\",\"dateModified\":\"2026-04-07T05:35:17+00:00\",\"description\":\"Compra Ac-932950 Docking Station Hub Port X Dh690 \/ Usb C \/ 14 Puertos \/ 5x Usb A - 2x Usb C - Hdmi - Vga - Rj45 - 3.5 Mm - Sd - Micro Sd \/ Negro \/ + Env\u00edo a domicilio + Pago seguro + Garant\u00eda\",\"breadcrumb\":{\"@id\":\"https:\/\/compuviper.mx\/tienda\/producto\/acteck-ac-932950-docking-station-hub-port-x-dh690-usb-c-14-puertos-5x-usb-a-2x-usb-c-hdmi-vga-rj45-3-5-mm-sd-micro-sd-negro\/#breadcrumb\"},\"inLanguage\":\"es-MX\",\"potentialAction\":[{\"@type\":\"ReadAction\",\"target\":[\"https:\/\/compuviper.mx\/tienda\/producto\/acteck-ac-932950-docking-station-hub-port-x-dh690-usb-c-14-puertos-5x-usb-a-2x-usb-c-hdmi-vga-rj45-3-5-mm-sd-micro-sd-negro\/\"]}]},{\"@type\":\"BreadcrumbList\",\"@id\":\"https:\/\/compuviper.mx\/tienda\/producto\/acteck-ac-932950-docking-station-hub-port-x-dh690-usb-c-14-puertos-5x-usb-a-2x-usb-c-hdmi-vga-rj45-3-5-mm-sd-micro-sd-negro\/#breadcrumb\",\"itemListElement\":[{\"@type\":\"ListItem\",\"position\":1,\"name\":\"Inicio\",\"item\":\"https:\/\/compuviper.mx\/tienda\/\"},{\"@type\":\"ListItem\",\"position\":2,\"name\":\"Productos\",\"item\":\"https:\/\/compuviper.mx\/tienda\/productos\/\"},{\"@type\":\"ListItem\",\"position\":3,\"name\":\"Accesorios\",\"item\":\"https:\/\/compuviper.mx\/tienda\/categoria-producto\/accesorios\/\"},{\"@type\":\"ListItem\",\"position\":4,\"name\":\"Conectividad\",\"item\":\"https:\/\/compuviper.mx\/tienda\/categoria-producto\/accesorios\/conectividad\/\"},{\"@type\":\"ListItem\",\"position\":5,\"name\":\"Acteck Ac-932950 Docking Station Hub Port X Dh690 \/ Usb C \/ 14 Puertos \/ 5x Usb A &#8211; 2x Usb C &#8211; Hdmi &#8211; Vga &#8211; Rj45 &#8211; 3.5 Mm &#8211; Sd &#8211; Micro Sd \/ Negro \/\"}]},{\"@type\":\"WebSite\",\"@id\":\"https:\/\/compuviper.mx\/tienda\/#website\",\"url\":\"https:\/\/compuviper.mx\/tienda\/\",\"name\":\"Compuviper\",\"description\":\"Proveedor de Computadoras, Laptops, Servidores, Monitores, Puntos de Venta, Teclados,   Impresoras, T\u00f3ner, C\u00e1maras de Seguridad y m\u00e1s en tu tienda en l\u00ednea\",\"publisher\":{\"@id\":\"https:\/\/compuviper.mx\/tienda\/#organization\"},\"potentialAction\":[{\"@type\":\"SearchAction\",\"target\":{\"@type\":\"EntryPoint\",\"urlTemplate\":\"https:\/\/compuviper.mx\/tienda\/?s={search_term_string}\"},\"query-input\":\"required name=search_term_string\"}],\"inLanguage\":\"es-MX\"},{\"@type\":\"Organization\",\"@id\":\"https:\/\/compuviper.mx\/tienda\/#organization\",\"name\":\"Compuviper\",\"url\":\"https:\/\/compuviper.mx\/tienda\/\",\"logo\":{\"@type\":\"ImageObject\",\"inLanguage\":\"es-MX\",\"@id\":\"https:\/\/compuviper.mx\/tienda\/#\/schema\/logo\/image\/\",\"url\":\"https:\/\/compuviper.mx\/tienda\/wp-content\/uploads\/2021\/08\/Logo-Compuviper-10.png\",\"contentUrl\":\"https:\/\/compuviper.mx\/tienda\/wp-content\/uploads\/2021\/08\/Logo-Compuviper-10.png\",\"width\":1000,\"height\":500,\"caption\":\"Compuviper\"},\"image\":{\"@id\":\"https:\/\/compuviper.mx\/tienda\/#\/schema\/logo\/image\/\"},\"sameAs\":[\"https:\/\/www.facebook.com\/compuviper\",\"https:\/\/www.youtube.com\/channel\/UCf73dERp9Y3cfOq7q8BhLjA?view_as=subscriber\"]}]}<\/script>\n<meta property=\"product:brand\" content=\"ACTECK\" \/>\n<meta property=\"product:price:amount\" content=\"1633\" \/>\n<meta property=\"product:price:currency\" content=\"MXN\" \/>\n<meta property=\"og:availability\" content=\"out of stock\" \/>\n<meta property=\"product:availability\" content=\"out of stock\" \/>\n<meta property=\"product:retailer_item_id\" content=\"AC-932950\" \/>\n<meta property=\"product:condition\" content=\"new\" \/>\n<!-- \/ Yoast SEO plugin. -->","yoast_head_json":{"title":"[ Acteck ] &#129351; Ac-932950 Docking Station Hub Port X Dh690 \/ Usb C \/ 14 Puertos \/ 5x Usb A - 2x Usb C - Hdmi - Vga - Rj45 - 3.5 Mm - Sd - Micro Sd \/ Negro \/","description":"Compra Ac-932950 Docking Station Hub Port X Dh690 \/ Usb C \/ 14 Puertos \/ 5x Usb A - 2x Usb C - Hdmi - Vga - Rj45 - 3.5 Mm - Sd - Micro Sd \/ Negro \/ + Env\u00edo a domicilio + Pago seguro + Garant\u00eda","robots":{"index":"index","follow":"follow","max-snippet":"max-snippet:-1","max-image-preview":"max-image-preview:large","max-video-preview":"max-video-preview:-1"},"canonical":"https:\/\/compuviper.mx\/tienda\/producto\/acteck-ac-932950-docking-station-hub-port-x-dh690-usb-c-14-puertos-5x-usb-a-2x-usb-c-hdmi-vga-rj45-3-5-mm-sd-micro-sd-negro\/","og_locale":"es_MX","og_type":"article","og_title":"[ Acteck ] &#129351; Ac-932950 Docking Station Hub Port X Dh690 \/ Usb C \/ 14 Puertos \/ 5x Usb A - 2x Usb C - Hdmi - Vga - Rj45 - 3.5 Mm - Sd - Micro Sd \/ Negro \/","og_description":"Compra Ac-932950 Docking Station Hub Port X Dh690 \/ Usb C \/ 14 Puertos \/ 5x Usb A - 2x Usb C - Hdmi - Vga - Rj45 - 3.5 Mm - Sd - Micro Sd \/ Negro \/ + Env\u00edo a domicilio + Pago seguro + Garant\u00eda","og_url":"https:\/\/compuviper.mx\/tienda\/producto\/acteck-ac-932950-docking-station-hub-port-x-dh690-usb-c-14-puertos-5x-usb-a-2x-usb-c-hdmi-vga-rj45-3-5-mm-sd-micro-sd-negro\/","og_site_name":"Compuviper","article_publisher":"https:\/\/www.facebook.com\/compuviper","og_image":[{"width":200,"height":200,"url":"https:\/\/compuviper.mx\/tienda\/wp-content\/uploads\/2023\/12\/Docking-station-hub-acteck-port-x-dh690-usb-c-14-puertos-5x-usb-a-2x-usb-c-hdmi-vga-rj45-3.5-mm-sd-micro-sd-negro-ac-932950.jpg","type":"image\/jpeg"}],"twitter_card":"summary_large_image","twitter_misc":{"Precio":"&#36;1,633 con IVA","Availability":"Out of stock"},"schema":{"@context":"https:\/\/schema.org","@graph":[{"@type":"WebPage","@id":"https:\/\/compuviper.mx\/tienda\/producto\/acteck-ac-932950-docking-station-hub-port-x-dh690-usb-c-14-puertos-5x-usb-a-2x-usb-c-hdmi-vga-rj45-3-5-mm-sd-micro-sd-negro\/","url":"https:\/\/compuviper.mx\/tienda\/producto\/acteck-ac-932950-docking-station-hub-port-x-dh690-usb-c-14-puertos-5x-usb-a-2x-usb-c-hdmi-vga-rj45-3-5-mm-sd-micro-sd-negro\/","name":"[ Acteck ] &#129351; Ac-932950 Docking Station Hub Port X Dh690 \/ Usb C \/ 14 Puertos \/ 5x Usb A - 2x Usb C - Hdmi - Vga - Rj45 - 3.5 Mm - Sd - Micro Sd \/ Negro \/","isPartOf":{"@id":"https:\/\/compuviper.mx\/tienda\/#website"},"datePublished":"2026-04-07T05:35:17+00:00","dateModified":"2026-04-07T05:35:17+00:00","description":"Compra Ac-932950 Docking Station Hub Port X Dh690 \/ Usb C \/ 14 Puertos \/ 5x Usb A - 2x Usb C - Hdmi - Vga - Rj45 - 3.5 Mm - Sd - Micro Sd \/ Negro \/ + Env\u00edo a domicilio + Pago seguro + Garant\u00eda","breadcrumb":{"@id":"https:\/\/compuviper.mx\/tienda\/producto\/acteck-ac-932950-docking-station-hub-port-x-dh690-usb-c-14-puertos-5x-usb-a-2x-usb-c-hdmi-vga-rj45-3-5-mm-sd-micro-sd-negro\/#breadcrumb"},"inLanguage":"es-MX","potentialAction":[{"@type":"ReadAction","target":["https:\/\/compuviper.mx\/tienda\/producto\/acteck-ac-932950-docking-station-hub-port-x-dh690-usb-c-14-puertos-5x-usb-a-2x-usb-c-hdmi-vga-rj45-3-5-mm-sd-micro-sd-negro\/"]}]},{"@type":"BreadcrumbList","@id":"https:\/\/compuviper.mx\/tienda\/producto\/acteck-ac-932950-docking-station-hub-port-x-dh690-usb-c-14-puertos-5x-usb-a-2x-usb-c-hdmi-vga-rj45-3-5-mm-sd-micro-sd-negro\/#breadcrumb","itemListElement":[{"@type":"ListItem","position":1,"name":"Inicio","item":"https:\/\/compuviper.mx\/tienda\/"},{"@type":"ListItem","position":2,"name":"Productos","item":"https:\/\/compuviper.mx\/tienda\/productos\/"},{"@type":"ListItem","position":3,"name":"Accesorios","item":"https:\/\/compuviper.mx\/tienda\/categoria-producto\/accesorios\/"},{"@type":"ListItem","position":4,"name":"Conectividad","item":"https:\/\/compuviper.mx\/tienda\/categoria-producto\/accesorios\/conectividad\/"},{"@type":"ListItem","position":5,"name":"Acteck Ac-932950 Docking Station Hub Port X Dh690 \/ Usb C \/ 14 Puertos \/ 5x Usb A &#8211; 2x Usb C &#8211; Hdmi &#8211; Vga &#8211; Rj45 &#8211; 3.5 Mm &#8211; Sd &#8211; Micro Sd \/ Negro \/"}]},{"@type":"WebSite","@id":"https:\/\/compuviper.mx\/tienda\/#website","url":"https:\/\/compuviper.mx\/tienda\/","name":"Compuviper","description":"Proveedor de Computadoras, Laptops, Servidores, Monitores, Puntos de Venta, Teclados,   Impresoras, T\u00f3ner, C\u00e1maras de Seguridad y m\u00e1s en tu tienda en l\u00ednea","publisher":{"@id":"https:\/\/compuviper.mx\/tienda\/#organization"},"potentialAction":[{"@type":"SearchAction","target":{"@type":"EntryPoint","urlTemplate":"https:\/\/compuviper.mx\/tienda\/?s={search_term_string}"},"query-input":"required name=search_term_string"}],"inLanguage":"es-MX"},{"@type":"Organization","@id":"https:\/\/compuviper.mx\/tienda\/#organization","name":"Compuviper","url":"https:\/\/compuviper.mx\/tienda\/","logo":{"@type":"ImageObject","inLanguage":"es-MX","@id":"https:\/\/compuviper.mx\/tienda\/#\/schema\/logo\/image\/","url":"https:\/\/compuviper.mx\/tienda\/wp-content\/uploads\/2021\/08\/Logo-Compuviper-10.png","contentUrl":"https:\/\/compuviper.mx\/tienda\/wp-content\/uploads\/2021\/08\/Logo-Compuviper-10.png","width":1000,"height":500,"caption":"Compuviper"},"image":{"@id":"https:\/\/compuviper.mx\/tienda\/#\/schema\/logo\/image\/"},"sameAs":["https:\/\/www.facebook.com\/compuviper","https:\/\/www.youtube.com\/channel\/UCf73dERp9Y3cfOq7q8BhLjA?view_as=subscriber"]}]},"product_brand":"ACTECK","product_price_amount":"1633","product_price_currency":"MXN","og_availability":"out of stock","product_availability":"out of stock","product_retailer_item_id":"AC-932950","product_condition":"new"},"_links":{"self":[{"href":"https:\/\/compuviper.mx\/tienda\/wp-json\/wp\/v2\/product\/213001"}],"collection":[{"href":"https:\/\/compuviper.mx\/tienda\/wp-json\/wp\/v2\/product"}],"about":[{"href":"https:\/\/compuviper.mx\/tienda\/wp-json\/wp\/v2\/types\/product"}],"replies":[{"embeddable":true,"href":"https:\/\/compuviper.mx\/tienda\/wp-json\/wp\/v2\/comments?post=213001"}],"wp:featuredmedia":[{"embeddable":true,"href":"https:\/\/compuviper.mx\/tienda\/wp-json\/wp\/v2\/media\/213002"}],"wp:attachment":[{"href":"https:\/\/compuviper.mx\/tienda\/wp-json\/wp\/v2\/media?parent=213001"}],"wp:term":[{"taxonomy":"product_cat","embeddable":true,"href":"https:\/\/compuviper.mx\/tienda\/wp-json\/wp\/v2\/product_cat?post=213001"},{"taxonomy":"product_tag","embeddable":true,"href":"https:\/\/compuviper.mx\/tienda\/wp-json\/wp\/v2\/product_tag?post=213001"}],"curies":[{"name":"wp","href":"https:\/\/api.w.org\/{rel}","templated":true}]}}