{"id":212991,"date":"2026-04-10T23:33:46","date_gmt":"2026-04-11T05:33:46","guid":{"rendered":"https:\/\/compuviper.mx\/tienda\/producto\/dahua-dhi-kta02-kit-de-videoportero-analogico-monitor-de-7-pulgadas-camara-de-1-3-mp-frente-de-calle-ip66\/"},"modified":"2026-04-10T23:33:46","modified_gmt":"2026-04-11T05:33:46","slug":"dahua-dhi-kta02-6923172563217-kit-de-videoportero-analogico-monitor-de-7-pulgadas-camara-de-1-3-mp-frente-de-calle-ip66","status":"publish","type":"product","link":"https:\/\/compuviper.mx\/tienda\/producto\/dahua-dhi-kta02-6923172563217-kit-de-videoportero-analogico-monitor-de-7-pulgadas-camara-de-1-3-mp-frente-de-calle-ip66\/","title":{"rendered":"Dahua Dhi-kta02 ,6923172563217 Kit De Videoportero Analogico\/ Monitor De 7 Pulgadas\/ Camara De 1.3 Mp\/ Frente De Calle Ip66"},"content":{"rendered":"<table class=\"descripcion\">\n<tr>\n<td>Principales caracter\u00edsticas frente de calle<\/td>\n<\/tr>\n<tr>\n<td>C\u00e1mara de 2 megap\u00edxel.<\/td>\n<\/tr>\n<tr>\n<td>Angulo de vista h: 70\u00b0 v: 40\u00b0<\/td>\n<\/tr>\n<tr>\n<td>Indice de protecci\u00f3n (ip66)<\/td>\n<\/tr>\n<tr>\n<td>Visi\u00f3n nocturna ir.<\/td>\n<\/tr>\n<tr>\n<td>Tipo de boton mecanico.<\/td>\n<\/tr>\n<tr>\n<td>Consumo de energ\u00eda  and #8804;1w ( modo espera ) ;  and #8804;3w (modo operaci\u00f3n)<\/td>\n<\/tr>\n<tr>\n<td>Dimensiones 131.45 mm \u00d7 46.00 mm \u00d7 33.80 mm<\/td>\n<\/tr>\n<tr>\n<td>Peso neto 0.18 kg<\/td>\n<\/tr>\n<tr>\n<td>Principales caracter\u00edsticas monitor 7 pulgadas<\/td>\n<\/tr>\n<tr>\n<td>Pantalla: tft 7.<\/td>\n<\/tr>\n<tr>\n<td>Resoluci\u00f3n: 1204 \u00d7 600.<\/td>\n<\/tr>\n<tr>\n<td>Color: blanco.<\/td>\n<\/tr>\n<tr>\n<td>Tipo de boton: mecanico.<\/td>\n<\/tr>\n<tr>\n<td>Fuente de alimentaci\u00f3n: 12v dc 2a.<\/td>\n<\/tr>\n<tr>\n<td>Ambiente: -10\u00b0 c a 55\u00b0 c.<\/td>\n<\/tr>\n<tr>\n<td>Dimensiones: 133.90 mm \u00d7 182.70 mm \u00d7 17.70 mm<\/td>\n<\/tr>\n<tr>\n<td>Peso neto: 0.25 kg<\/td>\n<\/tr>\n<\/table>\n","protected":false},"excerpt":{"rendered":"<p>Dahua kta02 es un kit de videoportero anal\u00f3gico, esta compuesto por el frente de calle vto1000j y el monitor de 7 pulgadas vth1020j. El kit permite tener una perfecta visi\u00f3n ya que cuenta con una c\u00e1mara de 2 megap\u00edxeles, se puede instalar el frente de calle en el exterior ya que cuenta con \u00edndice de protecci\u00f3n a la intemperie ip66, ademas cuenta con la capacidad de poder realizar apertura de una contrachapa. Frente de calle. El vto1000j es un frente de calle an\u00e1logo para uso residencial u oficina el cual permite tener una perfecta visi\u00f3n ya que cuenta con una c\u00e1mara hd de 2 megap\u00edxeles, se puede instalar en el exterior, cuenta con \u00edndice de protecci\u00f3n a la intemperie ip66.Tiene la capacidad de poder realizar apertura de una contrachapa desde cualquier monitor interior, cuenta con dwdr lo cual permite tener una mejor visi\u00f3n de la persona que se comunica desde este dispositivo. Monitor de 7 pulgadas. El monitor anal\u00f3gico para interior vth1020j cuenta con una pantalla de 7 pulgadas, su dise\u00f1o y caracteristicas lo hacen perfecto para su uso residencial o de oficina, permite la funcion de apertura, ajueste de volumen y multiples tonos de llamada.<\/p>\n","protected":false},"featured_media":212992,"comment_status":"open","ping_status":"open","template":"","meta":[],"product_cat":[1540,1556],"product_tag":[1555],"acf":[],"yoast_head":"<!-- This site is optimized with the Yoast SEO plugin v21.7 - https:\/\/yoast.com\/wordpress\/plugins\/seo\/ -->\n<title>[ Dahua ] &#129351; Dhi-kta02 ,6923172563217 Kit De Videoportero Analogico\/ Monitor De 7 Pulgadas\/ Camara De 1.3 Mp\/ Frente De Calle Ip66<\/title>\n<meta name=\"description\" content=\"Compra Dhi-kta02 ,6923172563217 Kit De Videoportero Analogico\/ Monitor De 7 Pulgadas\/ Camara De 1.3 Mp\/ Frente De Calle Ip66 + Env\u00edo a domicilio + Pago seguro + Garant\u00eda\" \/>\n<meta name=\"robots\" content=\"index, follow, max-snippet:-1, max-image-preview:large, max-video-preview:-1\" \/>\n<link rel=\"canonical\" href=\"https:\/\/compuviper.mx\/tienda\/producto\/dahua-dhi-kta02-6923172563217-kit-de-videoportero-analogico-monitor-de-7-pulgadas-camara-de-1-3-mp-frente-de-calle-ip66\/\" \/>\n<meta property=\"og:locale\" content=\"es_MX\" \/>\n<meta property=\"og:type\" content=\"article\" \/>\n<meta property=\"og:title\" content=\"[ Dahua ] &#129351; Dhi-kta02 ,6923172563217 Kit De Videoportero Analogico\/ Monitor De 7 Pulgadas\/ Camara De 1.3 Mp\/ Frente De Calle Ip66\" \/>\n<meta property=\"og:description\" content=\"Compra Dhi-kta02 ,6923172563217 Kit De Videoportero Analogico\/ Monitor De 7 Pulgadas\/ Camara De 1.3 Mp\/ Frente De Calle Ip66 + Env\u00edo a domicilio + Pago seguro + Garant\u00eda\" \/>\n<meta property=\"og:url\" content=\"https:\/\/compuviper.mx\/tienda\/producto\/dahua-dhi-kta02-6923172563217-kit-de-videoportero-analogico-monitor-de-7-pulgadas-camara-de-1-3-mp-frente-de-calle-ip66\/\" \/>\n<meta property=\"og:site_name\" content=\"Compuviper\" \/>\n<meta property=\"article:publisher\" content=\"https:\/\/www.facebook.com\/compuviper\" \/>\n<meta property=\"og:image\" content=\"https:\/\/compuviper.mx\/tienda\/wp-content\/uploads\/2023\/12\/Kit-de-videoportero-analogico-monitor-de-7-pulgadas-camara-de-1.3-mp-frente-de-calle-ip66.jpg\" \/>\n\t<meta property=\"og:image:width\" content=\"200\" \/>\n\t<meta property=\"og:image:height\" content=\"200\" \/>\n\t<meta property=\"og:image:type\" content=\"image\/jpeg\" \/>\n<meta name=\"twitter:card\" content=\"summary_large_image\" \/>\n<meta name=\"twitter:label1\" content=\"Precio\" \/>\n\t<meta name=\"twitter:data1\" content=\"&#36;1,275 &#36;1,236 con IVA\" \/>\n\t<meta name=\"twitter:label2\" content=\"Availability\" \/>\n\t<meta name=\"twitter:data2\" content=\"In stock\" \/>\n<script type=\"application\/ld+json\" class=\"yoast-schema-graph\">{\"@context\":\"https:\/\/schema.org\",\"@graph\":[{\"@type\":\"WebPage\",\"@id\":\"https:\/\/compuviper.mx\/tienda\/producto\/dahua-dhi-kta02-6923172563217-kit-de-videoportero-analogico-monitor-de-7-pulgadas-camara-de-1-3-mp-frente-de-calle-ip66\/\",\"url\":\"https:\/\/compuviper.mx\/tienda\/producto\/dahua-dhi-kta02-6923172563217-kit-de-videoportero-analogico-monitor-de-7-pulgadas-camara-de-1-3-mp-frente-de-calle-ip66\/\",\"name\":\"[ Dahua ] &#129351; Dhi-kta02 ,6923172563217 Kit De Videoportero Analogico\/ Monitor De 7 Pulgadas\/ Camara De 1.3 Mp\/ Frente De Calle Ip66\",\"isPartOf\":{\"@id\":\"https:\/\/compuviper.mx\/tienda\/#website\"},\"datePublished\":\"2026-04-11T05:33:46+00:00\",\"dateModified\":\"2026-04-11T05:33:46+00:00\",\"description\":\"Compra Dhi-kta02 ,6923172563217 Kit De Videoportero Analogico\/ Monitor De 7 Pulgadas\/ Camara De 1.3 Mp\/ Frente De Calle Ip66 + Env\u00edo a domicilio + Pago seguro + Garant\u00eda\",\"breadcrumb\":{\"@id\":\"https:\/\/compuviper.mx\/tienda\/producto\/dahua-dhi-kta02-6923172563217-kit-de-videoportero-analogico-monitor-de-7-pulgadas-camara-de-1-3-mp-frente-de-calle-ip66\/#breadcrumb\"},\"inLanguage\":\"es-MX\",\"potentialAction\":[{\"@type\":\"ReadAction\",\"target\":[\"https:\/\/compuviper.mx\/tienda\/producto\/dahua-dhi-kta02-6923172563217-kit-de-videoportero-analogico-monitor-de-7-pulgadas-camara-de-1-3-mp-frente-de-calle-ip66\/\"]}]},{\"@type\":\"BreadcrumbList\",\"@id\":\"https:\/\/compuviper.mx\/tienda\/producto\/dahua-dhi-kta02-6923172563217-kit-de-videoportero-analogico-monitor-de-7-pulgadas-camara-de-1-3-mp-frente-de-calle-ip66\/#breadcrumb\",\"itemListElement\":[{\"@type\":\"ListItem\",\"position\":1,\"name\":\"Inicio\",\"item\":\"https:\/\/compuviper.mx\/tienda\/\"},{\"@type\":\"ListItem\",\"position\":2,\"name\":\"Productos\",\"item\":\"https:\/\/compuviper.mx\/tienda\/productos\/\"},{\"@type\":\"ListItem\",\"position\":3,\"name\":\"Control De Acceso Y Asistencia\",\"item\":\"https:\/\/compuviper.mx\/tienda\/categoria-producto\/control-de-acceso-y-asistencia\/\"},{\"@type\":\"ListItem\",\"position\":4,\"name\":\"Videoporteros\",\"item\":\"https:\/\/compuviper.mx\/tienda\/categoria-producto\/control-de-acceso-y-asistencia\/videoporteros\/\"},{\"@type\":\"ListItem\",\"position\":5,\"name\":\"Dahua Dhi-kta02 ,6923172563217 Kit De Videoportero Analogico\/ Monitor De 7 Pulgadas\/ Camara De 1.3 Mp\/ Frente De Calle Ip66\"}]},{\"@type\":\"WebSite\",\"@id\":\"https:\/\/compuviper.mx\/tienda\/#website\",\"url\":\"https:\/\/compuviper.mx\/tienda\/\",\"name\":\"Compuviper\",\"description\":\"Proveedor de Computadoras, Laptops, Servidores, Monitores, Puntos de Venta, Teclados,   Impresoras, T\u00f3ner, C\u00e1maras de Seguridad y m\u00e1s en tu tienda en l\u00ednea\",\"publisher\":{\"@id\":\"https:\/\/compuviper.mx\/tienda\/#organization\"},\"potentialAction\":[{\"@type\":\"SearchAction\",\"target\":{\"@type\":\"EntryPoint\",\"urlTemplate\":\"https:\/\/compuviper.mx\/tienda\/?s={search_term_string}\"},\"query-input\":\"required name=search_term_string\"}],\"inLanguage\":\"es-MX\"},{\"@type\":\"Organization\",\"@id\":\"https:\/\/compuviper.mx\/tienda\/#organization\",\"name\":\"Compuviper\",\"url\":\"https:\/\/compuviper.mx\/tienda\/\",\"logo\":{\"@type\":\"ImageObject\",\"inLanguage\":\"es-MX\",\"@id\":\"https:\/\/compuviper.mx\/tienda\/#\/schema\/logo\/image\/\",\"url\":\"https:\/\/compuviper.mx\/tienda\/wp-content\/uploads\/2021\/08\/Logo-Compuviper-10.png\",\"contentUrl\":\"https:\/\/compuviper.mx\/tienda\/wp-content\/uploads\/2021\/08\/Logo-Compuviper-10.png\",\"width\":1000,\"height\":500,\"caption\":\"Compuviper\"},\"image\":{\"@id\":\"https:\/\/compuviper.mx\/tienda\/#\/schema\/logo\/image\/\"},\"sameAs\":[\"https:\/\/www.facebook.com\/compuviper\",\"https:\/\/www.youtube.com\/channel\/UCf73dERp9Y3cfOq7q8BhLjA?view_as=subscriber\"]}]}<\/script>\n<meta property=\"product:brand\" content=\"DAHUA\" \/>\n<meta property=\"product:price:amount\" content=\"1236\" \/>\n<meta property=\"product:price:currency\" content=\"MXN\" \/>\n<meta property=\"og:availability\" content=\"instock\" \/>\n<meta property=\"product:availability\" content=\"instock\" \/>\n<meta property=\"product:retailer_item_id\" content=\"DHI-KTA02 ,6923172563217\" \/>\n<meta property=\"product:condition\" content=\"new\" \/>\n<!-- \/ Yoast SEO plugin. -->","yoast_head_json":{"title":"[ Dahua ] &#129351; Dhi-kta02 ,6923172563217 Kit De Videoportero Analogico\/ Monitor De 7 Pulgadas\/ Camara De 1.3 Mp\/ Frente De Calle Ip66","description":"Compra Dhi-kta02 ,6923172563217 Kit De Videoportero Analogico\/ Monitor De 7 Pulgadas\/ Camara De 1.3 Mp\/ Frente De Calle Ip66 + Env\u00edo a domicilio + Pago seguro + Garant\u00eda","robots":{"index":"index","follow":"follow","max-snippet":"max-snippet:-1","max-image-preview":"max-image-preview:large","max-video-preview":"max-video-preview:-1"},"canonical":"https:\/\/compuviper.mx\/tienda\/producto\/dahua-dhi-kta02-6923172563217-kit-de-videoportero-analogico-monitor-de-7-pulgadas-camara-de-1-3-mp-frente-de-calle-ip66\/","og_locale":"es_MX","og_type":"article","og_title":"[ Dahua ] &#129351; Dhi-kta02 ,6923172563217 Kit De Videoportero Analogico\/ Monitor De 7 Pulgadas\/ Camara De 1.3 Mp\/ Frente De Calle Ip66","og_description":"Compra Dhi-kta02 ,6923172563217 Kit De Videoportero Analogico\/ Monitor De 7 Pulgadas\/ Camara De 1.3 Mp\/ Frente De Calle Ip66 + Env\u00edo a domicilio + Pago seguro + Garant\u00eda","og_url":"https:\/\/compuviper.mx\/tienda\/producto\/dahua-dhi-kta02-6923172563217-kit-de-videoportero-analogico-monitor-de-7-pulgadas-camara-de-1-3-mp-frente-de-calle-ip66\/","og_site_name":"Compuviper","article_publisher":"https:\/\/www.facebook.com\/compuviper","og_image":[{"width":200,"height":200,"url":"https:\/\/compuviper.mx\/tienda\/wp-content\/uploads\/2023\/12\/Kit-de-videoportero-analogico-monitor-de-7-pulgadas-camara-de-1.3-mp-frente-de-calle-ip66.jpg","type":"image\/jpeg"}],"twitter_card":"summary_large_image","twitter_misc":{"Precio":"&#36;1,275 &#36;1,236 con IVA","Availability":"In stock"},"schema":{"@context":"https:\/\/schema.org","@graph":[{"@type":"WebPage","@id":"https:\/\/compuviper.mx\/tienda\/producto\/dahua-dhi-kta02-6923172563217-kit-de-videoportero-analogico-monitor-de-7-pulgadas-camara-de-1-3-mp-frente-de-calle-ip66\/","url":"https:\/\/compuviper.mx\/tienda\/producto\/dahua-dhi-kta02-6923172563217-kit-de-videoportero-analogico-monitor-de-7-pulgadas-camara-de-1-3-mp-frente-de-calle-ip66\/","name":"[ Dahua ] &#129351; Dhi-kta02 ,6923172563217 Kit De Videoportero Analogico\/ Monitor De 7 Pulgadas\/ Camara De 1.3 Mp\/ Frente De Calle Ip66","isPartOf":{"@id":"https:\/\/compuviper.mx\/tienda\/#website"},"datePublished":"2026-04-11T05:33:46+00:00","dateModified":"2026-04-11T05:33:46+00:00","description":"Compra Dhi-kta02 ,6923172563217 Kit De Videoportero Analogico\/ Monitor De 7 Pulgadas\/ Camara De 1.3 Mp\/ Frente De Calle Ip66 + Env\u00edo a domicilio + Pago seguro + Garant\u00eda","breadcrumb":{"@id":"https:\/\/compuviper.mx\/tienda\/producto\/dahua-dhi-kta02-6923172563217-kit-de-videoportero-analogico-monitor-de-7-pulgadas-camara-de-1-3-mp-frente-de-calle-ip66\/#breadcrumb"},"inLanguage":"es-MX","potentialAction":[{"@type":"ReadAction","target":["https:\/\/compuviper.mx\/tienda\/producto\/dahua-dhi-kta02-6923172563217-kit-de-videoportero-analogico-monitor-de-7-pulgadas-camara-de-1-3-mp-frente-de-calle-ip66\/"]}]},{"@type":"BreadcrumbList","@id":"https:\/\/compuviper.mx\/tienda\/producto\/dahua-dhi-kta02-6923172563217-kit-de-videoportero-analogico-monitor-de-7-pulgadas-camara-de-1-3-mp-frente-de-calle-ip66\/#breadcrumb","itemListElement":[{"@type":"ListItem","position":1,"name":"Inicio","item":"https:\/\/compuviper.mx\/tienda\/"},{"@type":"ListItem","position":2,"name":"Productos","item":"https:\/\/compuviper.mx\/tienda\/productos\/"},{"@type":"ListItem","position":3,"name":"Control De Acceso Y Asistencia","item":"https:\/\/compuviper.mx\/tienda\/categoria-producto\/control-de-acceso-y-asistencia\/"},{"@type":"ListItem","position":4,"name":"Videoporteros","item":"https:\/\/compuviper.mx\/tienda\/categoria-producto\/control-de-acceso-y-asistencia\/videoporteros\/"},{"@type":"ListItem","position":5,"name":"Dahua Dhi-kta02 ,6923172563217 Kit De Videoportero Analogico\/ Monitor De 7 Pulgadas\/ Camara De 1.3 Mp\/ Frente De Calle Ip66"}]},{"@type":"WebSite","@id":"https:\/\/compuviper.mx\/tienda\/#website","url":"https:\/\/compuviper.mx\/tienda\/","name":"Compuviper","description":"Proveedor de Computadoras, Laptops, Servidores, Monitores, Puntos de Venta, Teclados,   Impresoras, T\u00f3ner, C\u00e1maras de Seguridad y m\u00e1s en tu tienda en l\u00ednea","publisher":{"@id":"https:\/\/compuviper.mx\/tienda\/#organization"},"potentialAction":[{"@type":"SearchAction","target":{"@type":"EntryPoint","urlTemplate":"https:\/\/compuviper.mx\/tienda\/?s={search_term_string}"},"query-input":"required name=search_term_string"}],"inLanguage":"es-MX"},{"@type":"Organization","@id":"https:\/\/compuviper.mx\/tienda\/#organization","name":"Compuviper","url":"https:\/\/compuviper.mx\/tienda\/","logo":{"@type":"ImageObject","inLanguage":"es-MX","@id":"https:\/\/compuviper.mx\/tienda\/#\/schema\/logo\/image\/","url":"https:\/\/compuviper.mx\/tienda\/wp-content\/uploads\/2021\/08\/Logo-Compuviper-10.png","contentUrl":"https:\/\/compuviper.mx\/tienda\/wp-content\/uploads\/2021\/08\/Logo-Compuviper-10.png","width":1000,"height":500,"caption":"Compuviper"},"image":{"@id":"https:\/\/compuviper.mx\/tienda\/#\/schema\/logo\/image\/"},"sameAs":["https:\/\/www.facebook.com\/compuviper","https:\/\/www.youtube.com\/channel\/UCf73dERp9Y3cfOq7q8BhLjA?view_as=subscriber"]}]},"product_brand":"DAHUA","product_price_amount":"1236","product_price_currency":"MXN","og_availability":"instock","product_availability":"instock","product_retailer_item_id":"DHI-KTA02 ,6923172563217","product_condition":"new"},"_links":{"self":[{"href":"https:\/\/compuviper.mx\/tienda\/wp-json\/wp\/v2\/product\/212991"}],"collection":[{"href":"https:\/\/compuviper.mx\/tienda\/wp-json\/wp\/v2\/product"}],"about":[{"href":"https:\/\/compuviper.mx\/tienda\/wp-json\/wp\/v2\/types\/product"}],"replies":[{"embeddable":true,"href":"https:\/\/compuviper.mx\/tienda\/wp-json\/wp\/v2\/comments?post=212991"}],"wp:featuredmedia":[{"embeddable":true,"href":"https:\/\/compuviper.mx\/tienda\/wp-json\/wp\/v2\/media\/212992"}],"wp:attachment":[{"href":"https:\/\/compuviper.mx\/tienda\/wp-json\/wp\/v2\/media?parent=212991"}],"wp:term":[{"taxonomy":"product_cat","embeddable":true,"href":"https:\/\/compuviper.mx\/tienda\/wp-json\/wp\/v2\/product_cat?post=212991"},{"taxonomy":"product_tag","embeddable":true,"href":"https:\/\/compuviper.mx\/tienda\/wp-json\/wp\/v2\/product_tag?post=212991"}],"curies":[{"name":"wp","href":"https:\/\/api.w.org\/{rel}","templated":true}]}}