{"id":212983,"date":"2026-04-01T23:35:03","date_gmt":"2026-04-02T05:35:03","guid":{"rendered":"https:\/\/compuviper.mx\/tienda\/producto\/startech-com-icusbrollovr-adaptador-usb-de-1-8m-para-consola-cisco-460kbps-adaptador-usb-a-rj45-compatible-con-windows-mac-and-linux-m-m-mod\/"},"modified":"2026-04-01T23:35:04","modified_gmt":"2026-04-02T05:35:04","slug":"startech-com-icusbrollovr-adaptador-usb-de-1-8m-para-consola-cisco-460kbps-adaptador-usb-a-rj45-compatible-con-windows-mac-and-linux-m-m-mod","status":"publish","type":"product","link":"https:\/\/compuviper.mx\/tienda\/producto\/startech-com-icusbrollovr-adaptador-usb-de-1-8m-para-consola-cisco-460kbps-adaptador-usb-a-rj45-compatible-con-windows-mac-and-linux-m-m-mod\/","title":{"rendered":"Startech.com Icusbrollovr Adaptador Usb De 1.8m Para Consola Cisco &#8211; 460kbps &#8211; Adaptador Usb A Rj45 Compatible Con Windows, Mac And Linux &#8211; M\/m &#8211;  Mod."},"content":{"rendered":"<table class=\"descripcion\">\n<tr>\n<td>Hardware<\/td>\n<\/tr>\n<tr>\n<td>Cantidad de puertos: 1<\/td>\n<\/tr>\n<tr>\n<td>Est\u00e1ndares industriales: usb 1.1\/2.0, rs-232<\/td>\n<\/tr>\n<tr>\n<td>Estilo de puerto: adaptadores de cable<\/td>\n<\/tr>\n<tr>\n<td>Id del conjunto de chips: prolific pl2303hxd<\/td>\n<\/tr>\n<tr>\n<td>Tipo de bus: usb 2.0<\/td>\n<\/tr>\n<tr>\n<td>Cable tipo jacket: pvc &#8211; polyvinyl chloride<\/td>\n<\/tr>\n<tr>\n<td>Observaciones \/ requisitos<\/td>\n<\/tr>\n<tr>\n<td>Requerimientos del sistema y cables : un puerto usb 1.1 (o superior) disponible<\/td>\n<\/tr>\n<tr>\n<td>Rendimiento<\/td>\n<\/tr>\n<tr>\n<td>Bits de datos: 5, 6, 7, 8<\/td>\n<\/tr>\n<tr>\n<td>Bits de detenci\u00f3n: 1, 1.5, 2<\/td>\n<\/tr>\n<tr>\n<td>Fifo: 512 bytes<\/td>\n<\/tr>\n<tr>\n<td>Paridad: odd, even, mark, space, or none<\/td>\n<\/tr>\n<tr>\n<td>Protocolos admitidos: rs-232<\/td>\n<\/tr>\n<tr>\n<td>Tasa m\u00e1xima de baudios : 460,8 kbps<\/td>\n<\/tr>\n<tr>\n<td>Software<\/td>\n<\/tr>\n<tr>\n<td>Compatibilidad os: windows\u00ae 7, 8, 8.1, 10<\/td>\n<\/tr>\n<tr>\n<td> windows server\u00ae 2008 r2, 2012, 2012 r2, 2016<\/td>\n<\/tr>\n<tr>\n<td> macos 10.6 a 10.15, 11.0<\/td>\n<\/tr>\n<tr>\n<td> linux 2.4.31 a 4.11.x<\/td>\n<\/tr>\n<tr>\n<td>Solo versi\u00f3n lts<\/td>\n<\/tr>\n<tr>\n<td>Conector(es)<\/td>\n<\/tr>\n<tr>\n<td>Conector b: rj-45<\/td>\n<\/tr>\n<tr>\n<td>Conector a: usb type-a (4 pines) usb 2.0<\/td>\n<\/tr>\n<tr>\n<td>Caracter\u00edsticas f\u00edsicas<\/td>\n<\/tr>\n<tr>\n<td>Tipo de gabinete: pl\u00e1stico<\/td>\n<\/tr>\n<tr>\n<td>Peso del producto: 40 g<\/td>\n<\/tr>\n<tr>\n<td>Longitud del producto: 1.8 m<\/td>\n<\/tr>\n<tr>\n<td>Longitud del cable: 1.8 m<\/td>\n<\/tr>\n<tr>\n<td>Color: negro<\/td>\n<\/tr>\n<tr>\n<td>Calibre del conductor: 28 awg<\/td>\n<\/tr>\n<tr>\n<td>Ancho del producto: 23.4 mm<\/td>\n<\/tr>\n<tr>\n<td>Altura del producto: 1.1 cm<\/td>\n<\/tr>\n<\/table>\n","protected":false},"excerpt":{"rendered":"<p>Este cable usb para consola cisco ofrece conexiones fiables desde su laptop\u00a0o computadora\u00a0con equipos de red equipados con un puerto de consola. Cree una conexi\u00f3n directa desde el puerto usb 2.0 de su laptop o computadora\u00a0con el puerto rj45 de la consola de su enrutador, servidor, firewall o conmutador. El cable rollover cisco es compatible con la mayor\u00eda de los enrutadores, incluyendo cisco, juniper, ubiquiti o tp-link, lo cual permite una f\u00e1cil conexi\u00f3n para la programaci\u00f3n de su equipo de red desde su computadora\u00a0windows, mac o linux. Con un dise\u00f1o por expertos y fabricaci\u00f3n con materiales de la m\u00e1s alta calidad, este cable usb a ethernet ofrece la m\u00e1xima fiabilidad, adem\u00e1s de compatibilidad con tasas de transferencia de datos de hasta 460kbps. Tambi\u00e9n ofrece conexiones fiables y sencillas, ya que no se requieren adaptadores ni alimentaci\u00f3n externa adicionales.<\/p>\n","protected":false},"featured_media":212984,"comment_status":"open","ping_status":"open","template":"","meta":[],"product_cat":[1485,1492],"product_tag":[1590],"acf":[],"yoast_head":"<!-- This site is optimized with the Yoast SEO plugin v21.7 - https:\/\/yoast.com\/wordpress\/plugins\/seo\/ -->\n<title>[ Startech.com ] &#129351; Icusbrollovr Adaptador Usb De 1.8m Para Consola Cisco - 460kbps - Adaptador Usb A Rj45 Compatible Con Windows, Mac And Linux - M\/m - Mod.<\/title>\n<meta name=\"description\" content=\"Compra Icusbrollovr Adaptador Usb De 1.8m Para Consola Cisco - 460kbps - Adaptador Usb A Rj45 Compatible Con Windows, Mac And Linux - M\/m - Mod. + Env\u00edo a domicilio + Pago seguro + Garant\u00eda\" \/>\n<meta name=\"robots\" content=\"index, follow, max-snippet:-1, max-image-preview:large, max-video-preview:-1\" \/>\n<link rel=\"canonical\" href=\"https:\/\/compuviper.mx\/tienda\/producto\/startech-com-icusbrollovr-adaptador-usb-de-1-8m-para-consola-cisco-460kbps-adaptador-usb-a-rj45-compatible-con-windows-mac-and-linux-m-m-mod\/\" \/>\n<meta property=\"og:locale\" content=\"es_MX\" \/>\n<meta property=\"og:type\" content=\"article\" \/>\n<meta property=\"og:title\" content=\"[ Startech.com ] &#129351; Icusbrollovr Adaptador Usb De 1.8m Para Consola Cisco - 460kbps - Adaptador Usb A Rj45 Compatible Con Windows, Mac And Linux - M\/m - Mod.\" \/>\n<meta property=\"og:description\" content=\"Compra Icusbrollovr Adaptador Usb De 1.8m Para Consola Cisco - 460kbps - Adaptador Usb A Rj45 Compatible Con Windows, Mac And Linux - M\/m - Mod. + Env\u00edo a domicilio + Pago seguro + Garant\u00eda\" \/>\n<meta property=\"og:url\" content=\"https:\/\/compuviper.mx\/tienda\/producto\/startech-com-icusbrollovr-adaptador-usb-de-1-8m-para-consola-cisco-460kbps-adaptador-usb-a-rj45-compatible-con-windows-mac-and-linux-m-m-mod\/\" \/>\n<meta property=\"og:site_name\" content=\"Compuviper\" \/>\n<meta property=\"article:publisher\" content=\"https:\/\/www.facebook.com\/compuviper\" \/>\n<meta property=\"article:modified_time\" content=\"2026-04-02T05:35:04+00:00\" \/>\n<meta property=\"og:image\" content=\"https:\/\/compuviper.mx\/tienda\/wp-content\/uploads\/2023\/12\/Adaptador-usb-de-1.8m-para-consola-cisco-460kbps-adaptador-usb-a-rj45-compatible-con-windows\u00ae-mac-and-linux\u00ae-mm-startech.com-mod.-icusbrollovr.jpg\" \/>\n\t<meta property=\"og:image:width\" content=\"200\" \/>\n\t<meta property=\"og:image:height\" content=\"200\" \/>\n\t<meta property=\"og:image:type\" content=\"image\/jpeg\" \/>\n<meta name=\"twitter:card\" content=\"summary_large_image\" \/>\n<meta name=\"twitter:label1\" content=\"Precio\" \/>\n\t<meta name=\"twitter:data1\" content=\"&#36;519 con IVA\" \/>\n\t<meta name=\"twitter:label2\" content=\"Availability\" \/>\n\t<meta name=\"twitter:data2\" content=\"Out of stock\" \/>\n<script type=\"application\/ld+json\" class=\"yoast-schema-graph\">{\"@context\":\"https:\/\/schema.org\",\"@graph\":[{\"@type\":\"WebPage\",\"@id\":\"https:\/\/compuviper.mx\/tienda\/producto\/startech-com-icusbrollovr-adaptador-usb-de-1-8m-para-consola-cisco-460kbps-adaptador-usb-a-rj45-compatible-con-windows-mac-and-linux-m-m-mod\/\",\"url\":\"https:\/\/compuviper.mx\/tienda\/producto\/startech-com-icusbrollovr-adaptador-usb-de-1-8m-para-consola-cisco-460kbps-adaptador-usb-a-rj45-compatible-con-windows-mac-and-linux-m-m-mod\/\",\"name\":\"[ Startech.com ] &#129351; Icusbrollovr Adaptador Usb De 1.8m Para Consola Cisco - 460kbps - Adaptador Usb A Rj45 Compatible Con Windows, Mac And Linux - M\/m - Mod.\",\"isPartOf\":{\"@id\":\"https:\/\/compuviper.mx\/tienda\/#website\"},\"datePublished\":\"2026-04-02T05:35:03+00:00\",\"dateModified\":\"2026-04-02T05:35:04+00:00\",\"description\":\"Compra Icusbrollovr Adaptador Usb De 1.8m Para Consola Cisco - 460kbps - Adaptador Usb A Rj45 Compatible Con Windows, Mac And Linux - M\/m - Mod. + Env\u00edo a domicilio + Pago seguro + Garant\u00eda\",\"breadcrumb\":{\"@id\":\"https:\/\/compuviper.mx\/tienda\/producto\/startech-com-icusbrollovr-adaptador-usb-de-1-8m-para-consola-cisco-460kbps-adaptador-usb-a-rj45-compatible-con-windows-mac-and-linux-m-m-mod\/#breadcrumb\"},\"inLanguage\":\"es-MX\",\"potentialAction\":[{\"@type\":\"ReadAction\",\"target\":[\"https:\/\/compuviper.mx\/tienda\/producto\/startech-com-icusbrollovr-adaptador-usb-de-1-8m-para-consola-cisco-460kbps-adaptador-usb-a-rj45-compatible-con-windows-mac-and-linux-m-m-mod\/\"]}]},{\"@type\":\"BreadcrumbList\",\"@id\":\"https:\/\/compuviper.mx\/tienda\/producto\/startech-com-icusbrollovr-adaptador-usb-de-1-8m-para-consola-cisco-460kbps-adaptador-usb-a-rj45-compatible-con-windows-mac-and-linux-m-m-mod\/#breadcrumb\",\"itemListElement\":[{\"@type\":\"ListItem\",\"position\":1,\"name\":\"Inicio\",\"item\":\"https:\/\/compuviper.mx\/tienda\/\"},{\"@type\":\"ListItem\",\"position\":2,\"name\":\"Productos\",\"item\":\"https:\/\/compuviper.mx\/tienda\/productos\/\"},{\"@type\":\"ListItem\",\"position\":3,\"name\":\"Accesorios\",\"item\":\"https:\/\/compuviper.mx\/tienda\/categoria-producto\/accesorios\/\"},{\"@type\":\"ListItem\",\"position\":4,\"name\":\"Adaptadores\",\"item\":\"https:\/\/compuviper.mx\/tienda\/categoria-producto\/accesorios\/adaptadores\/\"},{\"@type\":\"ListItem\",\"position\":5,\"name\":\"Startech.com Icusbrollovr Adaptador Usb De 1.8m Para Consola Cisco &#8211; 460kbps &#8211; Adaptador Usb A Rj45 Compatible Con Windows, Mac And Linux &#8211; M\/m &#8211; Mod.\"}]},{\"@type\":\"WebSite\",\"@id\":\"https:\/\/compuviper.mx\/tienda\/#website\",\"url\":\"https:\/\/compuviper.mx\/tienda\/\",\"name\":\"Compuviper\",\"description\":\"Proveedor de Computadoras, Laptops, Servidores, Monitores, Puntos de Venta, Teclados,   Impresoras, T\u00f3ner, C\u00e1maras de Seguridad y m\u00e1s en tu tienda en l\u00ednea\",\"publisher\":{\"@id\":\"https:\/\/compuviper.mx\/tienda\/#organization\"},\"potentialAction\":[{\"@type\":\"SearchAction\",\"target\":{\"@type\":\"EntryPoint\",\"urlTemplate\":\"https:\/\/compuviper.mx\/tienda\/?s={search_term_string}\"},\"query-input\":\"required name=search_term_string\"}],\"inLanguage\":\"es-MX\"},{\"@type\":\"Organization\",\"@id\":\"https:\/\/compuviper.mx\/tienda\/#organization\",\"name\":\"Compuviper\",\"url\":\"https:\/\/compuviper.mx\/tienda\/\",\"logo\":{\"@type\":\"ImageObject\",\"inLanguage\":\"es-MX\",\"@id\":\"https:\/\/compuviper.mx\/tienda\/#\/schema\/logo\/image\/\",\"url\":\"https:\/\/compuviper.mx\/tienda\/wp-content\/uploads\/2021\/08\/Logo-Compuviper-10.png\",\"contentUrl\":\"https:\/\/compuviper.mx\/tienda\/wp-content\/uploads\/2021\/08\/Logo-Compuviper-10.png\",\"width\":1000,\"height\":500,\"caption\":\"Compuviper\"},\"image\":{\"@id\":\"https:\/\/compuviper.mx\/tienda\/#\/schema\/logo\/image\/\"},\"sameAs\":[\"https:\/\/www.facebook.com\/compuviper\",\"https:\/\/www.youtube.com\/channel\/UCf73dERp9Y3cfOq7q8BhLjA?view_as=subscriber\"]}]}<\/script>\n<meta property=\"product:brand\" content=\"STARTECH.COM\" \/>\n<meta property=\"product:price:amount\" content=\"519\" \/>\n<meta property=\"product:price:currency\" content=\"MXN\" \/>\n<meta property=\"og:availability\" content=\"out of stock\" \/>\n<meta property=\"product:availability\" content=\"out of stock\" \/>\n<meta property=\"product:retailer_item_id\" content=\"ICUSBROLLOVR\" \/>\n<meta property=\"product:condition\" content=\"new\" \/>\n<!-- \/ Yoast SEO plugin. -->","yoast_head_json":{"title":"[ Startech.com ] &#129351; Icusbrollovr Adaptador Usb De 1.8m Para Consola Cisco - 460kbps - Adaptador Usb A Rj45 Compatible Con Windows, Mac And Linux - M\/m - Mod.","description":"Compra Icusbrollovr Adaptador Usb De 1.8m Para Consola Cisco - 460kbps - Adaptador Usb A Rj45 Compatible Con Windows, Mac And Linux - M\/m - Mod. + Env\u00edo a domicilio + Pago seguro + Garant\u00eda","robots":{"index":"index","follow":"follow","max-snippet":"max-snippet:-1","max-image-preview":"max-image-preview:large","max-video-preview":"max-video-preview:-1"},"canonical":"https:\/\/compuviper.mx\/tienda\/producto\/startech-com-icusbrollovr-adaptador-usb-de-1-8m-para-consola-cisco-460kbps-adaptador-usb-a-rj45-compatible-con-windows-mac-and-linux-m-m-mod\/","og_locale":"es_MX","og_type":"article","og_title":"[ Startech.com ] &#129351; Icusbrollovr Adaptador Usb De 1.8m Para Consola Cisco - 460kbps - Adaptador Usb A Rj45 Compatible Con Windows, Mac And Linux - M\/m - Mod.","og_description":"Compra Icusbrollovr Adaptador Usb De 1.8m Para Consola Cisco - 460kbps - Adaptador Usb A Rj45 Compatible Con Windows, Mac And Linux - M\/m - Mod. + Env\u00edo a domicilio + Pago seguro + Garant\u00eda","og_url":"https:\/\/compuviper.mx\/tienda\/producto\/startech-com-icusbrollovr-adaptador-usb-de-1-8m-para-consola-cisco-460kbps-adaptador-usb-a-rj45-compatible-con-windows-mac-and-linux-m-m-mod\/","og_site_name":"Compuviper","article_publisher":"https:\/\/www.facebook.com\/compuviper","article_modified_time":"2026-04-02T05:35:04+00:00","og_image":[{"width":200,"height":200,"url":"https:\/\/compuviper.mx\/tienda\/wp-content\/uploads\/2023\/12\/Adaptador-usb-de-1.8m-para-consola-cisco-460kbps-adaptador-usb-a-rj45-compatible-con-windows\u00ae-mac-and-linux\u00ae-mm-startech.com-mod.-icusbrollovr.jpg","type":"image\/jpeg"}],"twitter_card":"summary_large_image","twitter_misc":{"Precio":"&#36;519 con IVA","Availability":"Out of stock"},"schema":{"@context":"https:\/\/schema.org","@graph":[{"@type":"WebPage","@id":"https:\/\/compuviper.mx\/tienda\/producto\/startech-com-icusbrollovr-adaptador-usb-de-1-8m-para-consola-cisco-460kbps-adaptador-usb-a-rj45-compatible-con-windows-mac-and-linux-m-m-mod\/","url":"https:\/\/compuviper.mx\/tienda\/producto\/startech-com-icusbrollovr-adaptador-usb-de-1-8m-para-consola-cisco-460kbps-adaptador-usb-a-rj45-compatible-con-windows-mac-and-linux-m-m-mod\/","name":"[ Startech.com ] &#129351; Icusbrollovr Adaptador Usb De 1.8m Para Consola Cisco - 460kbps - Adaptador Usb A Rj45 Compatible Con Windows, Mac And Linux - M\/m - Mod.","isPartOf":{"@id":"https:\/\/compuviper.mx\/tienda\/#website"},"datePublished":"2026-04-02T05:35:03+00:00","dateModified":"2026-04-02T05:35:04+00:00","description":"Compra Icusbrollovr Adaptador Usb De 1.8m Para Consola Cisco - 460kbps - Adaptador Usb A Rj45 Compatible Con Windows, Mac And Linux - M\/m - Mod. + Env\u00edo a domicilio + Pago seguro + Garant\u00eda","breadcrumb":{"@id":"https:\/\/compuviper.mx\/tienda\/producto\/startech-com-icusbrollovr-adaptador-usb-de-1-8m-para-consola-cisco-460kbps-adaptador-usb-a-rj45-compatible-con-windows-mac-and-linux-m-m-mod\/#breadcrumb"},"inLanguage":"es-MX","potentialAction":[{"@type":"ReadAction","target":["https:\/\/compuviper.mx\/tienda\/producto\/startech-com-icusbrollovr-adaptador-usb-de-1-8m-para-consola-cisco-460kbps-adaptador-usb-a-rj45-compatible-con-windows-mac-and-linux-m-m-mod\/"]}]},{"@type":"BreadcrumbList","@id":"https:\/\/compuviper.mx\/tienda\/producto\/startech-com-icusbrollovr-adaptador-usb-de-1-8m-para-consola-cisco-460kbps-adaptador-usb-a-rj45-compatible-con-windows-mac-and-linux-m-m-mod\/#breadcrumb","itemListElement":[{"@type":"ListItem","position":1,"name":"Inicio","item":"https:\/\/compuviper.mx\/tienda\/"},{"@type":"ListItem","position":2,"name":"Productos","item":"https:\/\/compuviper.mx\/tienda\/productos\/"},{"@type":"ListItem","position":3,"name":"Accesorios","item":"https:\/\/compuviper.mx\/tienda\/categoria-producto\/accesorios\/"},{"@type":"ListItem","position":4,"name":"Adaptadores","item":"https:\/\/compuviper.mx\/tienda\/categoria-producto\/accesorios\/adaptadores\/"},{"@type":"ListItem","position":5,"name":"Startech.com Icusbrollovr Adaptador Usb De 1.8m Para Consola Cisco &#8211; 460kbps &#8211; Adaptador Usb A Rj45 Compatible Con Windows, Mac And Linux &#8211; M\/m &#8211; Mod."}]},{"@type":"WebSite","@id":"https:\/\/compuviper.mx\/tienda\/#website","url":"https:\/\/compuviper.mx\/tienda\/","name":"Compuviper","description":"Proveedor de Computadoras, Laptops, Servidores, Monitores, Puntos de Venta, Teclados,   Impresoras, T\u00f3ner, C\u00e1maras de Seguridad y m\u00e1s en tu tienda en l\u00ednea","publisher":{"@id":"https:\/\/compuviper.mx\/tienda\/#organization"},"potentialAction":[{"@type":"SearchAction","target":{"@type":"EntryPoint","urlTemplate":"https:\/\/compuviper.mx\/tienda\/?s={search_term_string}"},"query-input":"required name=search_term_string"}],"inLanguage":"es-MX"},{"@type":"Organization","@id":"https:\/\/compuviper.mx\/tienda\/#organization","name":"Compuviper","url":"https:\/\/compuviper.mx\/tienda\/","logo":{"@type":"ImageObject","inLanguage":"es-MX","@id":"https:\/\/compuviper.mx\/tienda\/#\/schema\/logo\/image\/","url":"https:\/\/compuviper.mx\/tienda\/wp-content\/uploads\/2021\/08\/Logo-Compuviper-10.png","contentUrl":"https:\/\/compuviper.mx\/tienda\/wp-content\/uploads\/2021\/08\/Logo-Compuviper-10.png","width":1000,"height":500,"caption":"Compuviper"},"image":{"@id":"https:\/\/compuviper.mx\/tienda\/#\/schema\/logo\/image\/"},"sameAs":["https:\/\/www.facebook.com\/compuviper","https:\/\/www.youtube.com\/channel\/UCf73dERp9Y3cfOq7q8BhLjA?view_as=subscriber"]}]},"product_brand":"STARTECH.COM","product_price_amount":"519","product_price_currency":"MXN","og_availability":"out of stock","product_availability":"out of stock","product_retailer_item_id":"ICUSBROLLOVR","product_condition":"new"},"_links":{"self":[{"href":"https:\/\/compuviper.mx\/tienda\/wp-json\/wp\/v2\/product\/212983"}],"collection":[{"href":"https:\/\/compuviper.mx\/tienda\/wp-json\/wp\/v2\/product"}],"about":[{"href":"https:\/\/compuviper.mx\/tienda\/wp-json\/wp\/v2\/types\/product"}],"replies":[{"embeddable":true,"href":"https:\/\/compuviper.mx\/tienda\/wp-json\/wp\/v2\/comments?post=212983"}],"wp:featuredmedia":[{"embeddable":true,"href":"https:\/\/compuviper.mx\/tienda\/wp-json\/wp\/v2\/media\/212984"}],"wp:attachment":[{"href":"https:\/\/compuviper.mx\/tienda\/wp-json\/wp\/v2\/media?parent=212983"}],"wp:term":[{"taxonomy":"product_cat","embeddable":true,"href":"https:\/\/compuviper.mx\/tienda\/wp-json\/wp\/v2\/product_cat?post=212983"},{"taxonomy":"product_tag","embeddable":true,"href":"https:\/\/compuviper.mx\/tienda\/wp-json\/wp\/v2\/product_tag?post=212983"}],"curies":[{"name":"wp","href":"https:\/\/api.w.org\/{rel}","templated":true}]}}