{"id":212981,"date":"2026-04-01T23:35:02","date_gmt":"2026-04-02T05:35:02","guid":{"rendered":"https:\/\/compuviper.mx\/tienda\/producto\/startech-com-armstscp1-soporte-de-escritorio-de-pie-y-sentado-brazo-ajustable-de-montaje-en-escritorio-de-pie-o-sentado-para-un-monitor-vesa-de-hasta-34-conversor-ergonomico-articulado-mod\/"},"modified":"2026-04-01T23:35:03","modified_gmt":"2026-04-02T05:35:03","slug":"startech-com-armstscp1-soporte-de-escritorio-de-pie-y-sentado-brazo-ajustable-de-montaje-en-escritorio-de-pie-o-sentado-para-un-monitor-vesa-de-hasta-34-conversor-ergonomico-articulado-mod","status":"publish","type":"product","link":"https:\/\/compuviper.mx\/tienda\/producto\/startech-com-armstscp1-soporte-de-escritorio-de-pie-y-sentado-brazo-ajustable-de-montaje-en-escritorio-de-pie-o-sentado-para-un-monitor-vesa-de-hasta-34-conversor-ergonomico-articulado-mod\/","title":{"rendered":"Startech.com Armstscp1 Soporte De Escritorio De Pie Y Sentado &#8211; Brazo Ajustable De Montaje En Escritorio De Pie O Sentado Para Un Monitor Vesa De Hasta 34 &#8211; Conversor Ergonomico Articulado &#8211;  Mod."},"content":{"rendered":"<table class=\"descripcion\">\n<tr>\n<td>Hardware<\/td>\n<\/tr>\n<tr>\n<td>Gesti\u00f3n de cables : s\u00ed<\/td>\n<\/tr>\n<tr>\n<td>Grosor de la superficie de montaje: soporte de sujeci\u00f3n en escritorio: grosor de la mesa: 8mm a 50mm<\/td>\n<\/tr>\n<tr>\n<td> abrazadera para ojal: grosor de la mesa: 8mm a 50mm<\/td>\n<\/tr>\n<tr>\n<td> agujero en la mesa para ojal de instalaci\u00f3n: 8,5 a 65mm<\/td>\n<\/tr>\n<tr>\n<td>N\u00famero de pantallas admitidas: 1<\/td>\n<\/tr>\n<tr>\n<td>Opciones de montaje : pieza de sujeci\u00f3n para mesa y ojal<\/td>\n<\/tr>\n<tr>\n<td>Patr\u00f3n(es) vesa de agujeros de montaje: 100&#215;100 mm \/ 75&#215;75 mm<\/td>\n<\/tr>\n<tr>\n<td>Rendimiento<\/td>\n<\/tr>\n<tr>\n<td>Ajuste de la altura : s\u00ed<\/td>\n<\/tr>\n<tr>\n<td>Capacidad de peso del brazo para monitor: capacidad de peso del brazo para monitor: 8kg<\/td>\n<\/tr>\n<tr>\n<td> capacidad de peso de la bandeja del teclado en montaje mediante ojal: 2,5kg<\/td>\n<\/tr>\n<tr>\n<td> capacidad de peso de la bandeja del teclado en montaje mediante sujeci\u00f3n en escritorio: 1,5kg<\/td>\n<\/tr>\n<tr>\n<td>Giro \/ pivotaci\u00f3n : +90\u00b0 \/ -90\u00b0<\/td>\n<\/tr>\n<tr>\n<td>Inclinaci\u00f3n : +35\u00b0 \/ -5\u00b0<\/td>\n<\/tr>\n<tr>\n<td>Rotaci\u00f3n de la pantalla : 360\u00b0<\/td>\n<\/tr>\n<tr>\n<td>Tama\u00f1o m\u00e1ximo de la pantalla : 34<\/td>\n<\/tr>\n<tr>\n<td>Caracter\u00edsticas f\u00edsicas<\/td>\n<\/tr>\n<tr>\n<td>Tipo de gabinete: steel, aluminum and plastic<\/td>\n<\/tr>\n<tr>\n<td>Peso del producto: 11.4 kg<\/td>\n<\/tr>\n<tr>\n<td>Ancho: 1.1 m<\/td>\n<\/tr>\n<tr>\n<td>Altura: 1 m<\/td>\n<\/tr>\n<tr>\n<td>Longitud: 66.6 cm<\/td>\n<\/tr>\n<tr>\n<td>Color : negro<\/td>\n<\/tr>\n<\/table>\n","protected":false},"excerpt":{"rendered":"<p>Este brazo de monitor para plataforma de trabajo de pie o sentado transforma su escritorio o superficie de mesa en una estaci\u00f3n de trabajo ergon\u00f3mica. El brazo para monitor incluye una charola del teclado, adem\u00e1s de f\u00e1cil ajuste de la altura, para poder alternar f\u00e1cilmente entre el trabajo sentado y de pie, sin interrumpir su flujo de trabajo. Mueva su estaci\u00f3n de trabajo hacia arriba o hacia abajo, a la izquierda o a la derecha, como sea necesario.Ajuste su posici\u00f3n con un solo movimiento suave. Solo tiene que elevar la superficie de trabajo hasta 436 mm, para elevar tanto su monitor, como su teclado. Puede ajustar la tensi\u00f3n del muelle seg\u00fan lo prefiera. El brazo para monitor tiene una altura ajustable a 124mm a lo largo de la columnael brazo para monitor de pie o sentado soporta monitores de hasta 34 (hasta 8kg). Ajuste su monitor para una visualizaci\u00f3n ideal, gracias a un \u00e1ngulo de inclinaci\u00f3n entre -5\u00b0 a 35\u00b0. El soporte puede rotar hasta 360\u00ba, para posici\u00f3n vertical u horizontal<\/p>\n","protected":false},"featured_media":212982,"comment_status":"open","ping_status":"open","template":"","meta":[],"product_cat":[1485,1496],"product_tag":[1590],"acf":[],"yoast_head":"<!-- This site is optimized with the Yoast SEO plugin v21.7 - https:\/\/yoast.com\/wordpress\/plugins\/seo\/ -->\n<title>[ Startech.com ] &#129351; Armstscp1 Soporte De Escritorio De Pie Y Sentado - Brazo Ajustable De Montaje En Escritorio De Pie O Sentado Para Un Monitor Vesa De Hasta 34 - Conversor Ergonomico Articulado - Mod.<\/title>\n<meta name=\"description\" content=\"Compra Armstscp1 Soporte De Escritorio De Pie Y Sentado - Brazo Ajustable De Montaje En Escritorio De Pie O Sentado Para Un Monitor Vesa De Hasta 34 - Conversor Ergonomico Articulado - Mod. + Env\u00edo a domicilio + Pago seguro + Garant\u00eda\" \/>\n<meta name=\"robots\" content=\"index, follow, max-snippet:-1, max-image-preview:large, max-video-preview:-1\" \/>\n<link rel=\"canonical\" href=\"https:\/\/compuviper.mx\/tienda\/producto\/startech-com-armstscp1-soporte-de-escritorio-de-pie-y-sentado-brazo-ajustable-de-montaje-en-escritorio-de-pie-o-sentado-para-un-monitor-vesa-de-hasta-34-conversor-ergonomico-articulado-mod\/\" \/>\n<meta property=\"og:locale\" content=\"es_MX\" \/>\n<meta property=\"og:type\" content=\"article\" \/>\n<meta property=\"og:title\" content=\"[ Startech.com ] &#129351; Armstscp1 Soporte De Escritorio De Pie Y Sentado - Brazo Ajustable De Montaje En Escritorio De Pie O Sentado Para Un Monitor Vesa De Hasta 34 - Conversor Ergonomico Articulado - Mod.\" \/>\n<meta property=\"og:description\" content=\"Compra Armstscp1 Soporte De Escritorio De Pie Y Sentado - Brazo Ajustable De Montaje En Escritorio De Pie O Sentado Para Un Monitor Vesa De Hasta 34 - Conversor Ergonomico Articulado - Mod. + Env\u00edo a domicilio + Pago seguro + Garant\u00eda\" \/>\n<meta property=\"og:url\" content=\"https:\/\/compuviper.mx\/tienda\/producto\/startech-com-armstscp1-soporte-de-escritorio-de-pie-y-sentado-brazo-ajustable-de-montaje-en-escritorio-de-pie-o-sentado-para-un-monitor-vesa-de-hasta-34-conversor-ergonomico-articulado-mod\/\" \/>\n<meta property=\"og:site_name\" content=\"Compuviper\" \/>\n<meta property=\"article:publisher\" content=\"https:\/\/www.facebook.com\/compuviper\" \/>\n<meta property=\"article:modified_time\" content=\"2026-04-02T05:35:03+00:00\" \/>\n<meta property=\"og:image\" content=\"https:\/\/compuviper.mx\/tienda\/wp-content\/uploads\/2023\/12\/Soporte-de-escritorio-de-pie-y-sentado-brazo-ajustable-de-montaje-en-escritorio-de-pie-o-sentado-para-un-monitor-vesa-de-hasta-34-conversor-ergonomico-articulado-startech.com-mod.-armstscp1.jpg\" \/>\n\t<meta property=\"og:image:width\" content=\"200\" \/>\n\t<meta property=\"og:image:height\" content=\"200\" \/>\n\t<meta property=\"og:image:type\" content=\"image\/jpeg\" \/>\n<meta name=\"twitter:card\" content=\"summary_large_image\" \/>\n<meta name=\"twitter:label1\" content=\"Precio\" \/>\n\t<meta name=\"twitter:data1\" content=\"&#36;6,575 con IVA\" \/>\n\t<meta name=\"twitter:label2\" content=\"Availability\" \/>\n\t<meta name=\"twitter:data2\" content=\"Out of stock\" \/>\n<script type=\"application\/ld+json\" class=\"yoast-schema-graph\">{\"@context\":\"https:\/\/schema.org\",\"@graph\":[{\"@type\":\"WebPage\",\"@id\":\"https:\/\/compuviper.mx\/tienda\/producto\/startech-com-armstscp1-soporte-de-escritorio-de-pie-y-sentado-brazo-ajustable-de-montaje-en-escritorio-de-pie-o-sentado-para-un-monitor-vesa-de-hasta-34-conversor-ergonomico-articulado-mod\/\",\"url\":\"https:\/\/compuviper.mx\/tienda\/producto\/startech-com-armstscp1-soporte-de-escritorio-de-pie-y-sentado-brazo-ajustable-de-montaje-en-escritorio-de-pie-o-sentado-para-un-monitor-vesa-de-hasta-34-conversor-ergonomico-articulado-mod\/\",\"name\":\"[ Startech.com ] &#129351; Armstscp1 Soporte De Escritorio De Pie Y Sentado - Brazo Ajustable De Montaje En Escritorio De Pie O Sentado Para Un Monitor Vesa De Hasta 34 - Conversor Ergonomico Articulado - Mod.\",\"isPartOf\":{\"@id\":\"https:\/\/compuviper.mx\/tienda\/#website\"},\"datePublished\":\"2026-04-02T05:35:02+00:00\",\"dateModified\":\"2026-04-02T05:35:03+00:00\",\"description\":\"Compra Armstscp1 Soporte De Escritorio De Pie Y Sentado - Brazo Ajustable De Montaje En Escritorio De Pie O Sentado Para Un Monitor Vesa De Hasta 34 - Conversor Ergonomico Articulado - Mod. + Env\u00edo a domicilio + Pago seguro + Garant\u00eda\",\"breadcrumb\":{\"@id\":\"https:\/\/compuviper.mx\/tienda\/producto\/startech-com-armstscp1-soporte-de-escritorio-de-pie-y-sentado-brazo-ajustable-de-montaje-en-escritorio-de-pie-o-sentado-para-un-monitor-vesa-de-hasta-34-conversor-ergonomico-articulado-mod\/#breadcrumb\"},\"inLanguage\":\"es-MX\",\"potentialAction\":[{\"@type\":\"ReadAction\",\"target\":[\"https:\/\/compuviper.mx\/tienda\/producto\/startech-com-armstscp1-soporte-de-escritorio-de-pie-y-sentado-brazo-ajustable-de-montaje-en-escritorio-de-pie-o-sentado-para-un-monitor-vesa-de-hasta-34-conversor-ergonomico-articulado-mod\/\"]}]},{\"@type\":\"BreadcrumbList\",\"@id\":\"https:\/\/compuviper.mx\/tienda\/producto\/startech-com-armstscp1-soporte-de-escritorio-de-pie-y-sentado-brazo-ajustable-de-montaje-en-escritorio-de-pie-o-sentado-para-un-monitor-vesa-de-hasta-34-conversor-ergonomico-articulado-mod\/#breadcrumb\",\"itemListElement\":[{\"@type\":\"ListItem\",\"position\":1,\"name\":\"Inicio\",\"item\":\"https:\/\/compuviper.mx\/tienda\/\"},{\"@type\":\"ListItem\",\"position\":2,\"name\":\"Productos\",\"item\":\"https:\/\/compuviper.mx\/tienda\/productos\/\"},{\"@type\":\"ListItem\",\"position\":3,\"name\":\"Accesorios\",\"item\":\"https:\/\/compuviper.mx\/tienda\/categoria-producto\/accesorios\/\"},{\"@type\":\"ListItem\",\"position\":4,\"name\":\"Oficina\",\"item\":\"https:\/\/compuviper.mx\/tienda\/categoria-producto\/accesorios\/oficina\/\"},{\"@type\":\"ListItem\",\"position\":5,\"name\":\"Startech.com Armstscp1 Soporte De Escritorio De Pie Y Sentado &#8211; Brazo Ajustable De Montaje En Escritorio De Pie O Sentado Para Un Monitor Vesa De Hasta 34 &#8211; Conversor Ergonomico Articulado &#8211; Mod.\"}]},{\"@type\":\"WebSite\",\"@id\":\"https:\/\/compuviper.mx\/tienda\/#website\",\"url\":\"https:\/\/compuviper.mx\/tienda\/\",\"name\":\"Compuviper\",\"description\":\"Proveedor de Computadoras, Laptops, Servidores, Monitores, Puntos de Venta, Teclados,   Impresoras, T\u00f3ner, C\u00e1maras de Seguridad y m\u00e1s en tu tienda en l\u00ednea\",\"publisher\":{\"@id\":\"https:\/\/compuviper.mx\/tienda\/#organization\"},\"potentialAction\":[{\"@type\":\"SearchAction\",\"target\":{\"@type\":\"EntryPoint\",\"urlTemplate\":\"https:\/\/compuviper.mx\/tienda\/?s={search_term_string}\"},\"query-input\":\"required name=search_term_string\"}],\"inLanguage\":\"es-MX\"},{\"@type\":\"Organization\",\"@id\":\"https:\/\/compuviper.mx\/tienda\/#organization\",\"name\":\"Compuviper\",\"url\":\"https:\/\/compuviper.mx\/tienda\/\",\"logo\":{\"@type\":\"ImageObject\",\"inLanguage\":\"es-MX\",\"@id\":\"https:\/\/compuviper.mx\/tienda\/#\/schema\/logo\/image\/\",\"url\":\"https:\/\/compuviper.mx\/tienda\/wp-content\/uploads\/2021\/08\/Logo-Compuviper-10.png\",\"contentUrl\":\"https:\/\/compuviper.mx\/tienda\/wp-content\/uploads\/2021\/08\/Logo-Compuviper-10.png\",\"width\":1000,\"height\":500,\"caption\":\"Compuviper\"},\"image\":{\"@id\":\"https:\/\/compuviper.mx\/tienda\/#\/schema\/logo\/image\/\"},\"sameAs\":[\"https:\/\/www.facebook.com\/compuviper\",\"https:\/\/www.youtube.com\/channel\/UCf73dERp9Y3cfOq7q8BhLjA?view_as=subscriber\"]}]}<\/script>\n<meta property=\"product:brand\" content=\"STARTECH.COM\" \/>\n<meta property=\"product:price:amount\" content=\"6575\" \/>\n<meta property=\"product:price:currency\" content=\"MXN\" \/>\n<meta property=\"og:availability\" content=\"out of stock\" \/>\n<meta property=\"product:availability\" content=\"out of stock\" \/>\n<meta property=\"product:retailer_item_id\" content=\"ARMSTSCP1\" \/>\n<meta property=\"product:condition\" content=\"new\" \/>\n<!-- \/ Yoast SEO plugin. -->","yoast_head_json":{"title":"[ Startech.com ] &#129351; Armstscp1 Soporte De Escritorio De Pie Y Sentado - Brazo Ajustable De Montaje En Escritorio De Pie O Sentado Para Un Monitor Vesa De Hasta 34 - Conversor Ergonomico Articulado - Mod.","description":"Compra Armstscp1 Soporte De Escritorio De Pie Y Sentado - Brazo Ajustable De Montaje En Escritorio De Pie O Sentado Para Un Monitor Vesa De Hasta 34 - Conversor Ergonomico Articulado - Mod. + Env\u00edo a domicilio + Pago seguro + Garant\u00eda","robots":{"index":"index","follow":"follow","max-snippet":"max-snippet:-1","max-image-preview":"max-image-preview:large","max-video-preview":"max-video-preview:-1"},"canonical":"https:\/\/compuviper.mx\/tienda\/producto\/startech-com-armstscp1-soporte-de-escritorio-de-pie-y-sentado-brazo-ajustable-de-montaje-en-escritorio-de-pie-o-sentado-para-un-monitor-vesa-de-hasta-34-conversor-ergonomico-articulado-mod\/","og_locale":"es_MX","og_type":"article","og_title":"[ Startech.com ] &#129351; Armstscp1 Soporte De Escritorio De Pie Y Sentado - Brazo Ajustable De Montaje En Escritorio De Pie O Sentado Para Un Monitor Vesa De Hasta 34 - Conversor Ergonomico Articulado - Mod.","og_description":"Compra Armstscp1 Soporte De Escritorio De Pie Y Sentado - Brazo Ajustable De Montaje En Escritorio De Pie O Sentado Para Un Monitor Vesa De Hasta 34 - Conversor Ergonomico Articulado - Mod. + Env\u00edo a domicilio + Pago seguro + Garant\u00eda","og_url":"https:\/\/compuviper.mx\/tienda\/producto\/startech-com-armstscp1-soporte-de-escritorio-de-pie-y-sentado-brazo-ajustable-de-montaje-en-escritorio-de-pie-o-sentado-para-un-monitor-vesa-de-hasta-34-conversor-ergonomico-articulado-mod\/","og_site_name":"Compuviper","article_publisher":"https:\/\/www.facebook.com\/compuviper","article_modified_time":"2026-04-02T05:35:03+00:00","og_image":[{"width":200,"height":200,"url":"https:\/\/compuviper.mx\/tienda\/wp-content\/uploads\/2023\/12\/Soporte-de-escritorio-de-pie-y-sentado-brazo-ajustable-de-montaje-en-escritorio-de-pie-o-sentado-para-un-monitor-vesa-de-hasta-34-conversor-ergonomico-articulado-startech.com-mod.-armstscp1.jpg","type":"image\/jpeg"}],"twitter_card":"summary_large_image","twitter_misc":{"Precio":"&#36;6,575 con IVA","Availability":"Out of stock"},"schema":{"@context":"https:\/\/schema.org","@graph":[{"@type":"WebPage","@id":"https:\/\/compuviper.mx\/tienda\/producto\/startech-com-armstscp1-soporte-de-escritorio-de-pie-y-sentado-brazo-ajustable-de-montaje-en-escritorio-de-pie-o-sentado-para-un-monitor-vesa-de-hasta-34-conversor-ergonomico-articulado-mod\/","url":"https:\/\/compuviper.mx\/tienda\/producto\/startech-com-armstscp1-soporte-de-escritorio-de-pie-y-sentado-brazo-ajustable-de-montaje-en-escritorio-de-pie-o-sentado-para-un-monitor-vesa-de-hasta-34-conversor-ergonomico-articulado-mod\/","name":"[ Startech.com ] &#129351; Armstscp1 Soporte De Escritorio De Pie Y Sentado - Brazo Ajustable De Montaje En Escritorio De Pie O Sentado Para Un Monitor Vesa De Hasta 34 - Conversor Ergonomico Articulado - Mod.","isPartOf":{"@id":"https:\/\/compuviper.mx\/tienda\/#website"},"datePublished":"2026-04-02T05:35:02+00:00","dateModified":"2026-04-02T05:35:03+00:00","description":"Compra Armstscp1 Soporte De Escritorio De Pie Y Sentado - Brazo Ajustable De Montaje En Escritorio De Pie O Sentado Para Un Monitor Vesa De Hasta 34 - Conversor Ergonomico Articulado - Mod. + Env\u00edo a domicilio + Pago seguro + Garant\u00eda","breadcrumb":{"@id":"https:\/\/compuviper.mx\/tienda\/producto\/startech-com-armstscp1-soporte-de-escritorio-de-pie-y-sentado-brazo-ajustable-de-montaje-en-escritorio-de-pie-o-sentado-para-un-monitor-vesa-de-hasta-34-conversor-ergonomico-articulado-mod\/#breadcrumb"},"inLanguage":"es-MX","potentialAction":[{"@type":"ReadAction","target":["https:\/\/compuviper.mx\/tienda\/producto\/startech-com-armstscp1-soporte-de-escritorio-de-pie-y-sentado-brazo-ajustable-de-montaje-en-escritorio-de-pie-o-sentado-para-un-monitor-vesa-de-hasta-34-conversor-ergonomico-articulado-mod\/"]}]},{"@type":"BreadcrumbList","@id":"https:\/\/compuviper.mx\/tienda\/producto\/startech-com-armstscp1-soporte-de-escritorio-de-pie-y-sentado-brazo-ajustable-de-montaje-en-escritorio-de-pie-o-sentado-para-un-monitor-vesa-de-hasta-34-conversor-ergonomico-articulado-mod\/#breadcrumb","itemListElement":[{"@type":"ListItem","position":1,"name":"Inicio","item":"https:\/\/compuviper.mx\/tienda\/"},{"@type":"ListItem","position":2,"name":"Productos","item":"https:\/\/compuviper.mx\/tienda\/productos\/"},{"@type":"ListItem","position":3,"name":"Accesorios","item":"https:\/\/compuviper.mx\/tienda\/categoria-producto\/accesorios\/"},{"@type":"ListItem","position":4,"name":"Oficina","item":"https:\/\/compuviper.mx\/tienda\/categoria-producto\/accesorios\/oficina\/"},{"@type":"ListItem","position":5,"name":"Startech.com Armstscp1 Soporte De Escritorio De Pie Y Sentado &#8211; Brazo Ajustable De Montaje En Escritorio De Pie O Sentado Para Un Monitor Vesa De Hasta 34 &#8211; Conversor Ergonomico Articulado &#8211; Mod."}]},{"@type":"WebSite","@id":"https:\/\/compuviper.mx\/tienda\/#website","url":"https:\/\/compuviper.mx\/tienda\/","name":"Compuviper","description":"Proveedor de Computadoras, Laptops, Servidores, Monitores, Puntos de Venta, Teclados,   Impresoras, T\u00f3ner, C\u00e1maras de Seguridad y m\u00e1s en tu tienda en l\u00ednea","publisher":{"@id":"https:\/\/compuviper.mx\/tienda\/#organization"},"potentialAction":[{"@type":"SearchAction","target":{"@type":"EntryPoint","urlTemplate":"https:\/\/compuviper.mx\/tienda\/?s={search_term_string}"},"query-input":"required name=search_term_string"}],"inLanguage":"es-MX"},{"@type":"Organization","@id":"https:\/\/compuviper.mx\/tienda\/#organization","name":"Compuviper","url":"https:\/\/compuviper.mx\/tienda\/","logo":{"@type":"ImageObject","inLanguage":"es-MX","@id":"https:\/\/compuviper.mx\/tienda\/#\/schema\/logo\/image\/","url":"https:\/\/compuviper.mx\/tienda\/wp-content\/uploads\/2021\/08\/Logo-Compuviper-10.png","contentUrl":"https:\/\/compuviper.mx\/tienda\/wp-content\/uploads\/2021\/08\/Logo-Compuviper-10.png","width":1000,"height":500,"caption":"Compuviper"},"image":{"@id":"https:\/\/compuviper.mx\/tienda\/#\/schema\/logo\/image\/"},"sameAs":["https:\/\/www.facebook.com\/compuviper","https:\/\/www.youtube.com\/channel\/UCf73dERp9Y3cfOq7q8BhLjA?view_as=subscriber"]}]},"product_brand":"STARTECH.COM","product_price_amount":"6575","product_price_currency":"MXN","og_availability":"out of stock","product_availability":"out of stock","product_retailer_item_id":"ARMSTSCP1","product_condition":"new"},"_links":{"self":[{"href":"https:\/\/compuviper.mx\/tienda\/wp-json\/wp\/v2\/product\/212981"}],"collection":[{"href":"https:\/\/compuviper.mx\/tienda\/wp-json\/wp\/v2\/product"}],"about":[{"href":"https:\/\/compuviper.mx\/tienda\/wp-json\/wp\/v2\/types\/product"}],"replies":[{"embeddable":true,"href":"https:\/\/compuviper.mx\/tienda\/wp-json\/wp\/v2\/comments?post=212981"}],"wp:featuredmedia":[{"embeddable":true,"href":"https:\/\/compuviper.mx\/tienda\/wp-json\/wp\/v2\/media\/212982"}],"wp:attachment":[{"href":"https:\/\/compuviper.mx\/tienda\/wp-json\/wp\/v2\/media?parent=212981"}],"wp:term":[{"taxonomy":"product_cat","embeddable":true,"href":"https:\/\/compuviper.mx\/tienda\/wp-json\/wp\/v2\/product_cat?post=212981"},{"taxonomy":"product_tag","embeddable":true,"href":"https:\/\/compuviper.mx\/tienda\/wp-json\/wp\/v2\/product_tag?post=212981"}],"curies":[{"name":"wp","href":"https:\/\/api.w.org\/{rel}","templated":true}]}}