{"id":212977,"date":"2026-04-28T23:32:49","date_gmt":"2026-04-29T05:32:49","guid":{"rendered":"https:\/\/compuviper.mx\/tienda\/producto\/startech-com-ltstnd-base-ajustable-para-laptop-con-3-niveles-de-altura-en-acero-y-aluminio-para-servicio-pesado-soporte-con-inclinacion-mod\/"},"modified":"2026-04-28T23:32:49","modified_gmt":"2026-04-29T05:32:49","slug":"startech-com-ltstnd-base-ajustable-para-laptop-con-3-niveles-de-altura-en-acero-y-aluminio-para-servicio-pesado-soporte-con-inclinacion-mod","status":"publish","type":"product","link":"https:\/\/compuviper.mx\/tienda\/producto\/startech-com-ltstnd-base-ajustable-para-laptop-con-3-niveles-de-altura-en-acero-y-aluminio-para-servicio-pesado-soporte-con-inclinacion-mod\/","title":{"rendered":"Startech.com Ltstnd Base Ajustable Para Laptop Con 3 Niveles De Altura &#8211; En Acero Y Aluminio Para Servicio Pesado &#8211; Soporte Con Inclinacion &#8211;  Mod."},"content":{"rendered":"<table class=\"descripcion\">\n<tr>\n<td>Rendimiento<\/td>\n<\/tr>\n<tr>\n<td>Ajuste de la altura: s\u00ed<\/td>\n<\/tr>\n<tr>\n<td>Altura ajustable de las patas: altura ajustable de las patas: 18.5cm, 21cm, o 23.5cm<\/td>\n<\/tr>\n<tr>\n<td>Capacidad de peso de la superficie de trabajo: 20 kg<\/td>\n<\/tr>\n<tr>\n<td>Caracter\u00edsticas f\u00edsicas<\/td>\n<\/tr>\n<tr>\n<td>Tipo de gabinete: acero y aluminio<\/td>\n<\/tr>\n<tr>\n<td>Peso del producto: 3150 g<\/td>\n<\/tr>\n<tr>\n<td>Longitud del producto: 318 mm<\/td>\n<\/tr>\n<tr>\n<td>Color: negro y plata<\/td>\n<\/tr>\n<tr>\n<td>Ancho del producto: 357 mm<\/td>\n<\/tr>\n<tr>\n<td>Altura del producto: 185 mm<\/td>\n<\/tr>\n<\/table>\n","protected":false},"excerpt":{"rendered":"<p>Trabaje con mayor comodidad, gracias a este soporte de altura\u00a0ajustable para laptop. Esta base\u00a0eleva su laptop\u00a0por encima de la superficie de su escritorio o mesa, lo cual contribuye a una mejor postura y reduce los esfuerzos de cuello y vista.?. Este atractivo soporte elevador\u00a0de servicio pesado,\u00a0con plataforma de acero de grosor de 2.5mm y resistentes patas de aluminio, ofrece una superficie estable para su laptop. El tama\u00f1o grande de la plataforma (35.7cm x 25cm) es compatible con el tama\u00f1o de la mayor\u00eda de laptops, incluyendo las de 17, y con capacidad de peso de 10kg. Debajo del soporte hay amplio espacio para guardar art\u00edculos como su disco duro externo.?. Con tres opciones de altura ajustable, mediante la elevaci\u00f3n de la parte trasera de la plataforma por encima de la superficie de su escritorio: 18.5, 21 o 23.5 cent\u00edmetros.\u00a0?. El soporte\u00a0ergon\u00f3mico\u00a0para laptop\u00a0tiene una ligera inclinaci\u00f3n de 22 grados que permite una posici\u00f3n ideal para\u00a0escribir con el teclado.<\/p>\n","protected":false},"featured_media":212978,"comment_status":"open","ping_status":"open","template":"","meta":[],"product_cat":[1485,1496],"product_tag":[1590],"acf":[],"yoast_head":"<!-- This site is optimized with the Yoast SEO plugin v21.7 - https:\/\/yoast.com\/wordpress\/plugins\/seo\/ -->\n<title>[ Startech.com ] &#129351; Ltstnd Base Ajustable Para Laptop Con 3 Niveles De Altura - En Acero Y Aluminio Para Servicio Pesado - Soporte Con Inclinacion - Mod.<\/title>\n<meta name=\"description\" content=\"Compra Ltstnd Base Ajustable Para Laptop Con 3 Niveles De Altura - En Acero Y Aluminio Para Servicio Pesado - Soporte Con Inclinacion - Mod. + Env\u00edo a domicilio + Pago seguro + Garant\u00eda\" \/>\n<meta name=\"robots\" content=\"index, follow, max-snippet:-1, max-image-preview:large, max-video-preview:-1\" \/>\n<link rel=\"canonical\" href=\"https:\/\/compuviper.mx\/tienda\/producto\/startech-com-ltstnd-base-ajustable-para-laptop-con-3-niveles-de-altura-en-acero-y-aluminio-para-servicio-pesado-soporte-con-inclinacion-mod\/\" \/>\n<meta property=\"og:locale\" content=\"es_MX\" \/>\n<meta property=\"og:type\" content=\"article\" \/>\n<meta property=\"og:title\" content=\"[ Startech.com ] &#129351; Ltstnd Base Ajustable Para Laptop Con 3 Niveles De Altura - En Acero Y Aluminio Para Servicio Pesado - Soporte Con Inclinacion - Mod.\" \/>\n<meta property=\"og:description\" content=\"Compra Ltstnd Base Ajustable Para Laptop Con 3 Niveles De Altura - En Acero Y Aluminio Para Servicio Pesado - Soporte Con Inclinacion - Mod. + Env\u00edo a domicilio + Pago seguro + Garant\u00eda\" \/>\n<meta property=\"og:url\" content=\"https:\/\/compuviper.mx\/tienda\/producto\/startech-com-ltstnd-base-ajustable-para-laptop-con-3-niveles-de-altura-en-acero-y-aluminio-para-servicio-pesado-soporte-con-inclinacion-mod\/\" \/>\n<meta property=\"og:site_name\" content=\"Compuviper\" \/>\n<meta property=\"article:publisher\" content=\"https:\/\/www.facebook.com\/compuviper\" \/>\n<meta property=\"og:image\" content=\"https:\/\/compuviper.mx\/tienda\/wp-content\/uploads\/2023\/12\/Base-ajustable-para-laptop-con-3-niveles-de-altura-en-acero-y-aluminio-para-servicio-pesado-soporte-con-inclinacion-startech.com-mod.-ltstnd.jpg\" \/>\n\t<meta property=\"og:image:width\" content=\"200\" \/>\n\t<meta property=\"og:image:height\" content=\"200\" \/>\n\t<meta property=\"og:image:type\" content=\"image\/jpeg\" \/>\n<meta name=\"twitter:card\" content=\"summary_large_image\" \/>\n<meta name=\"twitter:label1\" content=\"Precio\" \/>\n\t<meta name=\"twitter:data1\" content=\"&#36;1,439 con IVA\" \/>\n\t<meta name=\"twitter:label2\" content=\"Availability\" \/>\n\t<meta name=\"twitter:data2\" content=\"Out of stock\" \/>\n<script type=\"application\/ld+json\" class=\"yoast-schema-graph\">{\"@context\":\"https:\/\/schema.org\",\"@graph\":[{\"@type\":\"WebPage\",\"@id\":\"https:\/\/compuviper.mx\/tienda\/producto\/startech-com-ltstnd-base-ajustable-para-laptop-con-3-niveles-de-altura-en-acero-y-aluminio-para-servicio-pesado-soporte-con-inclinacion-mod\/\",\"url\":\"https:\/\/compuviper.mx\/tienda\/producto\/startech-com-ltstnd-base-ajustable-para-laptop-con-3-niveles-de-altura-en-acero-y-aluminio-para-servicio-pesado-soporte-con-inclinacion-mod\/\",\"name\":\"[ Startech.com ] &#129351; Ltstnd Base Ajustable Para Laptop Con 3 Niveles De Altura - En Acero Y Aluminio Para Servicio Pesado - Soporte Con Inclinacion - Mod.\",\"isPartOf\":{\"@id\":\"https:\/\/compuviper.mx\/tienda\/#website\"},\"datePublished\":\"2026-04-29T05:32:49+00:00\",\"dateModified\":\"2026-04-29T05:32:49+00:00\",\"description\":\"Compra Ltstnd Base Ajustable Para Laptop Con 3 Niveles De Altura - En Acero Y Aluminio Para Servicio Pesado - Soporte Con Inclinacion - Mod. + Env\u00edo a domicilio + Pago seguro + Garant\u00eda\",\"breadcrumb\":{\"@id\":\"https:\/\/compuviper.mx\/tienda\/producto\/startech-com-ltstnd-base-ajustable-para-laptop-con-3-niveles-de-altura-en-acero-y-aluminio-para-servicio-pesado-soporte-con-inclinacion-mod\/#breadcrumb\"},\"inLanguage\":\"es-MX\",\"potentialAction\":[{\"@type\":\"ReadAction\",\"target\":[\"https:\/\/compuviper.mx\/tienda\/producto\/startech-com-ltstnd-base-ajustable-para-laptop-con-3-niveles-de-altura-en-acero-y-aluminio-para-servicio-pesado-soporte-con-inclinacion-mod\/\"]}]},{\"@type\":\"BreadcrumbList\",\"@id\":\"https:\/\/compuviper.mx\/tienda\/producto\/startech-com-ltstnd-base-ajustable-para-laptop-con-3-niveles-de-altura-en-acero-y-aluminio-para-servicio-pesado-soporte-con-inclinacion-mod\/#breadcrumb\",\"itemListElement\":[{\"@type\":\"ListItem\",\"position\":1,\"name\":\"Inicio\",\"item\":\"https:\/\/compuviper.mx\/tienda\/\"},{\"@type\":\"ListItem\",\"position\":2,\"name\":\"Productos\",\"item\":\"https:\/\/compuviper.mx\/tienda\/productos\/\"},{\"@type\":\"ListItem\",\"position\":3,\"name\":\"Accesorios\",\"item\":\"https:\/\/compuviper.mx\/tienda\/categoria-producto\/accesorios\/\"},{\"@type\":\"ListItem\",\"position\":4,\"name\":\"Oficina\",\"item\":\"https:\/\/compuviper.mx\/tienda\/categoria-producto\/accesorios\/oficina\/\"},{\"@type\":\"ListItem\",\"position\":5,\"name\":\"Startech.com Ltstnd Base Ajustable Para Laptop Con 3 Niveles De Altura &#8211; En Acero Y Aluminio Para Servicio Pesado &#8211; Soporte Con Inclinacion &#8211; Mod.\"}]},{\"@type\":\"WebSite\",\"@id\":\"https:\/\/compuviper.mx\/tienda\/#website\",\"url\":\"https:\/\/compuviper.mx\/tienda\/\",\"name\":\"Compuviper\",\"description\":\"Proveedor de Computadoras, Laptops, Servidores, Monitores, Puntos de Venta, Teclados,   Impresoras, T\u00f3ner, C\u00e1maras de Seguridad y m\u00e1s en tu tienda en l\u00ednea\",\"publisher\":{\"@id\":\"https:\/\/compuviper.mx\/tienda\/#organization\"},\"potentialAction\":[{\"@type\":\"SearchAction\",\"target\":{\"@type\":\"EntryPoint\",\"urlTemplate\":\"https:\/\/compuviper.mx\/tienda\/?s={search_term_string}\"},\"query-input\":\"required name=search_term_string\"}],\"inLanguage\":\"es-MX\"},{\"@type\":\"Organization\",\"@id\":\"https:\/\/compuviper.mx\/tienda\/#organization\",\"name\":\"Compuviper\",\"url\":\"https:\/\/compuviper.mx\/tienda\/\",\"logo\":{\"@type\":\"ImageObject\",\"inLanguage\":\"es-MX\",\"@id\":\"https:\/\/compuviper.mx\/tienda\/#\/schema\/logo\/image\/\",\"url\":\"https:\/\/compuviper.mx\/tienda\/wp-content\/uploads\/2021\/08\/Logo-Compuviper-10.png\",\"contentUrl\":\"https:\/\/compuviper.mx\/tienda\/wp-content\/uploads\/2021\/08\/Logo-Compuviper-10.png\",\"width\":1000,\"height\":500,\"caption\":\"Compuviper\"},\"image\":{\"@id\":\"https:\/\/compuviper.mx\/tienda\/#\/schema\/logo\/image\/\"},\"sameAs\":[\"https:\/\/www.facebook.com\/compuviper\",\"https:\/\/www.youtube.com\/channel\/UCf73dERp9Y3cfOq7q8BhLjA?view_as=subscriber\"]}]}<\/script>\n<meta property=\"product:brand\" content=\"STARTECH.COM\" \/>\n<meta property=\"product:price:amount\" content=\"1439\" \/>\n<meta property=\"product:price:currency\" content=\"MXN\" \/>\n<meta property=\"og:availability\" content=\"out of stock\" \/>\n<meta property=\"product:availability\" content=\"out of stock\" \/>\n<meta property=\"product:retailer_item_id\" content=\"LTSTND\" \/>\n<meta property=\"product:condition\" content=\"new\" \/>\n<!-- \/ Yoast SEO plugin. -->","yoast_head_json":{"title":"[ Startech.com ] &#129351; Ltstnd Base Ajustable Para Laptop Con 3 Niveles De Altura - En Acero Y Aluminio Para Servicio Pesado - Soporte Con Inclinacion - Mod.","description":"Compra Ltstnd Base Ajustable Para Laptop Con 3 Niveles De Altura - En Acero Y Aluminio Para Servicio Pesado - Soporte Con Inclinacion - Mod. + Env\u00edo a domicilio + Pago seguro + Garant\u00eda","robots":{"index":"index","follow":"follow","max-snippet":"max-snippet:-1","max-image-preview":"max-image-preview:large","max-video-preview":"max-video-preview:-1"},"canonical":"https:\/\/compuviper.mx\/tienda\/producto\/startech-com-ltstnd-base-ajustable-para-laptop-con-3-niveles-de-altura-en-acero-y-aluminio-para-servicio-pesado-soporte-con-inclinacion-mod\/","og_locale":"es_MX","og_type":"article","og_title":"[ Startech.com ] &#129351; Ltstnd Base Ajustable Para Laptop Con 3 Niveles De Altura - En Acero Y Aluminio Para Servicio Pesado - Soporte Con Inclinacion - Mod.","og_description":"Compra Ltstnd Base Ajustable Para Laptop Con 3 Niveles De Altura - En Acero Y Aluminio Para Servicio Pesado - Soporte Con Inclinacion - Mod. + Env\u00edo a domicilio + Pago seguro + Garant\u00eda","og_url":"https:\/\/compuviper.mx\/tienda\/producto\/startech-com-ltstnd-base-ajustable-para-laptop-con-3-niveles-de-altura-en-acero-y-aluminio-para-servicio-pesado-soporte-con-inclinacion-mod\/","og_site_name":"Compuviper","article_publisher":"https:\/\/www.facebook.com\/compuviper","og_image":[{"width":200,"height":200,"url":"https:\/\/compuviper.mx\/tienda\/wp-content\/uploads\/2023\/12\/Base-ajustable-para-laptop-con-3-niveles-de-altura-en-acero-y-aluminio-para-servicio-pesado-soporte-con-inclinacion-startech.com-mod.-ltstnd.jpg","type":"image\/jpeg"}],"twitter_card":"summary_large_image","twitter_misc":{"Precio":"&#36;1,439 con IVA","Availability":"Out of stock"},"schema":{"@context":"https:\/\/schema.org","@graph":[{"@type":"WebPage","@id":"https:\/\/compuviper.mx\/tienda\/producto\/startech-com-ltstnd-base-ajustable-para-laptop-con-3-niveles-de-altura-en-acero-y-aluminio-para-servicio-pesado-soporte-con-inclinacion-mod\/","url":"https:\/\/compuviper.mx\/tienda\/producto\/startech-com-ltstnd-base-ajustable-para-laptop-con-3-niveles-de-altura-en-acero-y-aluminio-para-servicio-pesado-soporte-con-inclinacion-mod\/","name":"[ Startech.com ] &#129351; Ltstnd Base Ajustable Para Laptop Con 3 Niveles De Altura - En Acero Y Aluminio Para Servicio Pesado - Soporte Con Inclinacion - Mod.","isPartOf":{"@id":"https:\/\/compuviper.mx\/tienda\/#website"},"datePublished":"2026-04-29T05:32:49+00:00","dateModified":"2026-04-29T05:32:49+00:00","description":"Compra Ltstnd Base Ajustable Para Laptop Con 3 Niveles De Altura - En Acero Y Aluminio Para Servicio Pesado - Soporte Con Inclinacion - Mod. + Env\u00edo a domicilio + Pago seguro + Garant\u00eda","breadcrumb":{"@id":"https:\/\/compuviper.mx\/tienda\/producto\/startech-com-ltstnd-base-ajustable-para-laptop-con-3-niveles-de-altura-en-acero-y-aluminio-para-servicio-pesado-soporte-con-inclinacion-mod\/#breadcrumb"},"inLanguage":"es-MX","potentialAction":[{"@type":"ReadAction","target":["https:\/\/compuviper.mx\/tienda\/producto\/startech-com-ltstnd-base-ajustable-para-laptop-con-3-niveles-de-altura-en-acero-y-aluminio-para-servicio-pesado-soporte-con-inclinacion-mod\/"]}]},{"@type":"BreadcrumbList","@id":"https:\/\/compuviper.mx\/tienda\/producto\/startech-com-ltstnd-base-ajustable-para-laptop-con-3-niveles-de-altura-en-acero-y-aluminio-para-servicio-pesado-soporte-con-inclinacion-mod\/#breadcrumb","itemListElement":[{"@type":"ListItem","position":1,"name":"Inicio","item":"https:\/\/compuviper.mx\/tienda\/"},{"@type":"ListItem","position":2,"name":"Productos","item":"https:\/\/compuviper.mx\/tienda\/productos\/"},{"@type":"ListItem","position":3,"name":"Accesorios","item":"https:\/\/compuviper.mx\/tienda\/categoria-producto\/accesorios\/"},{"@type":"ListItem","position":4,"name":"Oficina","item":"https:\/\/compuviper.mx\/tienda\/categoria-producto\/accesorios\/oficina\/"},{"@type":"ListItem","position":5,"name":"Startech.com Ltstnd Base Ajustable Para Laptop Con 3 Niveles De Altura &#8211; En Acero Y Aluminio Para Servicio Pesado &#8211; Soporte Con Inclinacion &#8211; Mod."}]},{"@type":"WebSite","@id":"https:\/\/compuviper.mx\/tienda\/#website","url":"https:\/\/compuviper.mx\/tienda\/","name":"Compuviper","description":"Proveedor de Computadoras, Laptops, Servidores, Monitores, Puntos de Venta, Teclados,   Impresoras, T\u00f3ner, C\u00e1maras de Seguridad y m\u00e1s en tu tienda en l\u00ednea","publisher":{"@id":"https:\/\/compuviper.mx\/tienda\/#organization"},"potentialAction":[{"@type":"SearchAction","target":{"@type":"EntryPoint","urlTemplate":"https:\/\/compuviper.mx\/tienda\/?s={search_term_string}"},"query-input":"required name=search_term_string"}],"inLanguage":"es-MX"},{"@type":"Organization","@id":"https:\/\/compuviper.mx\/tienda\/#organization","name":"Compuviper","url":"https:\/\/compuviper.mx\/tienda\/","logo":{"@type":"ImageObject","inLanguage":"es-MX","@id":"https:\/\/compuviper.mx\/tienda\/#\/schema\/logo\/image\/","url":"https:\/\/compuviper.mx\/tienda\/wp-content\/uploads\/2021\/08\/Logo-Compuviper-10.png","contentUrl":"https:\/\/compuviper.mx\/tienda\/wp-content\/uploads\/2021\/08\/Logo-Compuviper-10.png","width":1000,"height":500,"caption":"Compuviper"},"image":{"@id":"https:\/\/compuviper.mx\/tienda\/#\/schema\/logo\/image\/"},"sameAs":["https:\/\/www.facebook.com\/compuviper","https:\/\/www.youtube.com\/channel\/UCf73dERp9Y3cfOq7q8BhLjA?view_as=subscriber"]}]},"product_brand":"STARTECH.COM","product_price_amount":"1439","product_price_currency":"MXN","og_availability":"out of stock","product_availability":"out of stock","product_retailer_item_id":"LTSTND","product_condition":"new"},"_links":{"self":[{"href":"https:\/\/compuviper.mx\/tienda\/wp-json\/wp\/v2\/product\/212977"}],"collection":[{"href":"https:\/\/compuviper.mx\/tienda\/wp-json\/wp\/v2\/product"}],"about":[{"href":"https:\/\/compuviper.mx\/tienda\/wp-json\/wp\/v2\/types\/product"}],"replies":[{"embeddable":true,"href":"https:\/\/compuviper.mx\/tienda\/wp-json\/wp\/v2\/comments?post=212977"}],"wp:featuredmedia":[{"embeddable":true,"href":"https:\/\/compuviper.mx\/tienda\/wp-json\/wp\/v2\/media\/212978"}],"wp:attachment":[{"href":"https:\/\/compuviper.mx\/tienda\/wp-json\/wp\/v2\/media?parent=212977"}],"wp:term":[{"taxonomy":"product_cat","embeddable":true,"href":"https:\/\/compuviper.mx\/tienda\/wp-json\/wp\/v2\/product_cat?post=212977"},{"taxonomy":"product_tag","embeddable":true,"href":"https:\/\/compuviper.mx\/tienda\/wp-json\/wp\/v2\/product_tag?post=212977"}],"curies":[{"name":"wp","href":"https:\/\/api.w.org\/{rel}","templated":true}]}}