{"id":212973,"date":"2026-04-01T23:35:01","date_gmt":"2026-04-02T05:35:01","guid":{"rendered":"https:\/\/compuviper.mx\/tienda\/producto\/startech-com-privscnmon21-filtro-de-privacidad-para-laptop-de-21-opaco-o-con-brillo-reduccin-de-la-luz-azul-mica-de-privacidad-mod\/"},"modified":"2026-04-01T23:35:01","modified_gmt":"2026-04-02T05:35:01","slug":"startech-com-privscnmon21-filtro-de-privacidad-para-laptop-de-21-opaco-o-con-brillo-reduccin-de-la-luz-azul-mica-de-privacidad-mod","status":"publish","type":"product","link":"https:\/\/compuviper.mx\/tienda\/producto\/startech-com-privscnmon21-filtro-de-privacidad-para-laptop-de-21-opaco-o-con-brillo-reduccin-de-la-luz-azul-mica-de-privacidad-mod\/","title":{"rendered":"Startech.com Privscnmon21 Filtro De Privacidad Para Laptop De 21 &#8211; Opaco O Con Brillo &#8211; Reduccin De La Luz Azul &#8211; Mica De Privacidad &#8211;  Mod."},"content":{"rendered":"<table class=\"descripcion\">\n<tr>\n<td>Hardware<\/td>\n<\/tr>\n<tr>\n<td>Opciones de montaje: front of monitor<\/td>\n<\/tr>\n<tr>\n<td>Caracter\u00edsticas f\u00edsicas<\/td>\n<\/tr>\n<tr>\n<td>Tipo de gabinete: pl\u00e1stico<\/td>\n<\/tr>\n<tr>\n<td>Peso del producto: 80 g<\/td>\n<\/tr>\n<tr>\n<td>Longitud del producto: 47.6 cm<\/td>\n<\/tr>\n<tr>\n<td>Color: transparente<\/td>\n<\/tr>\n<tr>\n<td>Ancho del producto: 26.8 cm<\/td>\n<\/tr>\n<tr>\n<td>Altura del producto: 0.2 cm<\/td>\n<\/tr>\n<\/table>\n","protected":false},"excerpt":{"rendered":"<p>El\u00a0filtro de privacidad del monitor\u00a0se puede instalar y desinstalar f\u00e1cilmente. Solo tiene que instalar\u00a0el filtro de\u00a0privacidad de\u00a021.5\u00a0a su pantalla,\u00a0mediante\u00a0las barras de instalaci\u00f3n o l\u00e1minas de filtro deslizantes.\u00a0este filtro de privacidad para pantalla tambi\u00e9n es reversible. La cara mate elimina los reflejos y la cara brillante aumenta la claridad.\u00a0el filtro de privacidad del monitor se puede instalar y desinstalar f\u00e1cilmente. Solo tiene que instalar el filtro de privacidad de 21,5 a su pantalla con formato 16:9 de relaci\u00f3n de aspecto, mediante las barras de instalaci\u00f3n o l\u00e1minas de filtro deslizantes. Este filtro de privacidad para pantalla tambi\u00e9n es reversible. La cara mate elimina los reflejos y la cara brillante aumenta la claridad. El filtro de privacidad se puede limpiar f\u00e1cilmente al retirarlo de su pantalla.El\u00a0filtro protector para monitores de computadora es una\u00a0gran inversi\u00f3n a la hora de proteger su privacidad.<\/p>\n","protected":false},"featured_media":212974,"comment_status":"open","ping_status":"open","template":"","meta":[],"product_cat":[1485,2026],"product_tag":[1590],"acf":[],"yoast_head":"<!-- This site is optimized with the Yoast SEO plugin v21.7 - https:\/\/yoast.com\/wordpress\/plugins\/seo\/ -->\n<title>[ Startech.com ] &#129351; Privscnmon21 Filtro De Privacidad Para Laptop De 21 - Opaco O Con Brillo - Reduccin De La Luz Azul - Mica De Privacidad - Mod.<\/title>\n<meta name=\"description\" content=\"Compra Privscnmon21 Filtro De Privacidad Para Laptop De 21 - Opaco O Con Brillo - Reduccin De La Luz Azul - Mica De Privacidad - Mod. + Env\u00edo a domicilio + Pago seguro + Garant\u00eda\" \/>\n<meta name=\"robots\" content=\"index, follow, max-snippet:-1, max-image-preview:large, max-video-preview:-1\" \/>\n<link rel=\"canonical\" href=\"https:\/\/compuviper.mx\/tienda\/producto\/startech-com-privscnmon21-filtro-de-privacidad-para-laptop-de-21-opaco-o-con-brillo-reduccin-de-la-luz-azul-mica-de-privacidad-mod\/\" \/>\n<meta property=\"og:locale\" content=\"es_MX\" \/>\n<meta property=\"og:type\" content=\"article\" \/>\n<meta property=\"og:title\" content=\"[ Startech.com ] &#129351; Privscnmon21 Filtro De Privacidad Para Laptop De 21 - Opaco O Con Brillo - Reduccin De La Luz Azul - Mica De Privacidad - Mod.\" \/>\n<meta property=\"og:description\" content=\"Compra Privscnmon21 Filtro De Privacidad Para Laptop De 21 - Opaco O Con Brillo - Reduccin De La Luz Azul - Mica De Privacidad - Mod. + Env\u00edo a domicilio + Pago seguro + Garant\u00eda\" \/>\n<meta property=\"og:url\" content=\"https:\/\/compuviper.mx\/tienda\/producto\/startech-com-privscnmon21-filtro-de-privacidad-para-laptop-de-21-opaco-o-con-brillo-reduccin-de-la-luz-azul-mica-de-privacidad-mod\/\" \/>\n<meta property=\"og:site_name\" content=\"Compuviper\" \/>\n<meta property=\"article:publisher\" content=\"https:\/\/www.facebook.com\/compuviper\" \/>\n<meta property=\"og:image\" content=\"https:\/\/compuviper.mx\/tienda\/wp-content\/uploads\/2023\/12\/Filtro-de-privacidad-para-laptop-de-21-opaco-o-con-brillo-reduccion-de-la-luz-azul-mica-de-privacidad-startech.com-mod.-privscnmon21.jpg\" \/>\n\t<meta property=\"og:image:width\" content=\"200\" \/>\n\t<meta property=\"og:image:height\" content=\"200\" \/>\n\t<meta property=\"og:image:type\" content=\"image\/jpeg\" \/>\n<meta name=\"twitter:card\" content=\"summary_large_image\" \/>\n<meta name=\"twitter:label1\" content=\"Precio\" \/>\n\t<meta name=\"twitter:data1\" content=\"&#36;1,552 con IVA\" \/>\n\t<meta name=\"twitter:label2\" content=\"Availability\" \/>\n\t<meta name=\"twitter:data2\" content=\"Out of stock\" \/>\n<script type=\"application\/ld+json\" class=\"yoast-schema-graph\">{\"@context\":\"https:\/\/schema.org\",\"@graph\":[{\"@type\":\"WebPage\",\"@id\":\"https:\/\/compuviper.mx\/tienda\/producto\/startech-com-privscnmon21-filtro-de-privacidad-para-laptop-de-21-opaco-o-con-brillo-reduccin-de-la-luz-azul-mica-de-privacidad-mod\/\",\"url\":\"https:\/\/compuviper.mx\/tienda\/producto\/startech-com-privscnmon21-filtro-de-privacidad-para-laptop-de-21-opaco-o-con-brillo-reduccin-de-la-luz-azul-mica-de-privacidad-mod\/\",\"name\":\"[ Startech.com ] &#129351; Privscnmon21 Filtro De Privacidad Para Laptop De 21 - Opaco O Con Brillo - Reduccin De La Luz Azul - Mica De Privacidad - Mod.\",\"isPartOf\":{\"@id\":\"https:\/\/compuviper.mx\/tienda\/#website\"},\"datePublished\":\"2026-04-02T05:35:01+00:00\",\"dateModified\":\"2026-04-02T05:35:01+00:00\",\"description\":\"Compra Privscnmon21 Filtro De Privacidad Para Laptop De 21 - Opaco O Con Brillo - Reduccin De La Luz Azul - Mica De Privacidad - Mod. + Env\u00edo a domicilio + Pago seguro + Garant\u00eda\",\"breadcrumb\":{\"@id\":\"https:\/\/compuviper.mx\/tienda\/producto\/startech-com-privscnmon21-filtro-de-privacidad-para-laptop-de-21-opaco-o-con-brillo-reduccin-de-la-luz-azul-mica-de-privacidad-mod\/#breadcrumb\"},\"inLanguage\":\"es-MX\",\"potentialAction\":[{\"@type\":\"ReadAction\",\"target\":[\"https:\/\/compuviper.mx\/tienda\/producto\/startech-com-privscnmon21-filtro-de-privacidad-para-laptop-de-21-opaco-o-con-brillo-reduccin-de-la-luz-azul-mica-de-privacidad-mod\/\"]}]},{\"@type\":\"BreadcrumbList\",\"@id\":\"https:\/\/compuviper.mx\/tienda\/producto\/startech-com-privscnmon21-filtro-de-privacidad-para-laptop-de-21-opaco-o-con-brillo-reduccin-de-la-luz-azul-mica-de-privacidad-mod\/#breadcrumb\",\"itemListElement\":[{\"@type\":\"ListItem\",\"position\":1,\"name\":\"Inicio\",\"item\":\"https:\/\/compuviper.mx\/tienda\/\"},{\"@type\":\"ListItem\",\"position\":2,\"name\":\"Productos\",\"item\":\"https:\/\/compuviper.mx\/tienda\/productos\/\"},{\"@type\":\"ListItem\",\"position\":3,\"name\":\"Accesorios\",\"item\":\"https:\/\/compuviper.mx\/tienda\/categoria-producto\/accesorios\/\"},{\"@type\":\"ListItem\",\"position\":4,\"name\":\"Filtros\",\"item\":\"https:\/\/compuviper.mx\/tienda\/categoria-producto\/accesorios\/filtros\/\"},{\"@type\":\"ListItem\",\"position\":5,\"name\":\"Startech.com Privscnmon21 Filtro De Privacidad Para Laptop De 21 &#8211; Opaco O Con Brillo &#8211; Reduccin De La Luz Azul &#8211; Mica De Privacidad &#8211; Mod.\"}]},{\"@type\":\"WebSite\",\"@id\":\"https:\/\/compuviper.mx\/tienda\/#website\",\"url\":\"https:\/\/compuviper.mx\/tienda\/\",\"name\":\"Compuviper\",\"description\":\"Proveedor de Computadoras, Laptops, Servidores, Monitores, Puntos de Venta, Teclados,   Impresoras, T\u00f3ner, C\u00e1maras de Seguridad y m\u00e1s en tu tienda en l\u00ednea\",\"publisher\":{\"@id\":\"https:\/\/compuviper.mx\/tienda\/#organization\"},\"potentialAction\":[{\"@type\":\"SearchAction\",\"target\":{\"@type\":\"EntryPoint\",\"urlTemplate\":\"https:\/\/compuviper.mx\/tienda\/?s={search_term_string}\"},\"query-input\":\"required name=search_term_string\"}],\"inLanguage\":\"es-MX\"},{\"@type\":\"Organization\",\"@id\":\"https:\/\/compuviper.mx\/tienda\/#organization\",\"name\":\"Compuviper\",\"url\":\"https:\/\/compuviper.mx\/tienda\/\",\"logo\":{\"@type\":\"ImageObject\",\"inLanguage\":\"es-MX\",\"@id\":\"https:\/\/compuviper.mx\/tienda\/#\/schema\/logo\/image\/\",\"url\":\"https:\/\/compuviper.mx\/tienda\/wp-content\/uploads\/2021\/08\/Logo-Compuviper-10.png\",\"contentUrl\":\"https:\/\/compuviper.mx\/tienda\/wp-content\/uploads\/2021\/08\/Logo-Compuviper-10.png\",\"width\":1000,\"height\":500,\"caption\":\"Compuviper\"},\"image\":{\"@id\":\"https:\/\/compuviper.mx\/tienda\/#\/schema\/logo\/image\/\"},\"sameAs\":[\"https:\/\/www.facebook.com\/compuviper\",\"https:\/\/www.youtube.com\/channel\/UCf73dERp9Y3cfOq7q8BhLjA?view_as=subscriber\"]}]}<\/script>\n<meta property=\"product:brand\" content=\"STARTECH.COM\" \/>\n<meta property=\"product:price:amount\" content=\"1552\" \/>\n<meta property=\"product:price:currency\" content=\"MXN\" \/>\n<meta property=\"og:availability\" content=\"out of stock\" \/>\n<meta property=\"product:availability\" content=\"out of stock\" \/>\n<meta property=\"product:retailer_item_id\" content=\"PRIVSCNMON21\" \/>\n<meta property=\"product:condition\" content=\"new\" \/>\n<!-- \/ Yoast SEO plugin. -->","yoast_head_json":{"title":"[ Startech.com ] &#129351; Privscnmon21 Filtro De Privacidad Para Laptop De 21 - Opaco O Con Brillo - Reduccin De La Luz Azul - Mica De Privacidad - Mod.","description":"Compra Privscnmon21 Filtro De Privacidad Para Laptop De 21 - Opaco O Con Brillo - Reduccin De La Luz Azul - Mica De Privacidad - Mod. + Env\u00edo a domicilio + Pago seguro + Garant\u00eda","robots":{"index":"index","follow":"follow","max-snippet":"max-snippet:-1","max-image-preview":"max-image-preview:large","max-video-preview":"max-video-preview:-1"},"canonical":"https:\/\/compuviper.mx\/tienda\/producto\/startech-com-privscnmon21-filtro-de-privacidad-para-laptop-de-21-opaco-o-con-brillo-reduccin-de-la-luz-azul-mica-de-privacidad-mod\/","og_locale":"es_MX","og_type":"article","og_title":"[ Startech.com ] &#129351; Privscnmon21 Filtro De Privacidad Para Laptop De 21 - Opaco O Con Brillo - Reduccin De La Luz Azul - Mica De Privacidad - Mod.","og_description":"Compra Privscnmon21 Filtro De Privacidad Para Laptop De 21 - Opaco O Con Brillo - Reduccin De La Luz Azul - Mica De Privacidad - Mod. + Env\u00edo a domicilio + Pago seguro + Garant\u00eda","og_url":"https:\/\/compuviper.mx\/tienda\/producto\/startech-com-privscnmon21-filtro-de-privacidad-para-laptop-de-21-opaco-o-con-brillo-reduccin-de-la-luz-azul-mica-de-privacidad-mod\/","og_site_name":"Compuviper","article_publisher":"https:\/\/www.facebook.com\/compuviper","og_image":[{"width":200,"height":200,"url":"https:\/\/compuviper.mx\/tienda\/wp-content\/uploads\/2023\/12\/Filtro-de-privacidad-para-laptop-de-21-opaco-o-con-brillo-reduccion-de-la-luz-azul-mica-de-privacidad-startech.com-mod.-privscnmon21.jpg","type":"image\/jpeg"}],"twitter_card":"summary_large_image","twitter_misc":{"Precio":"&#36;1,552 con IVA","Availability":"Out of stock"},"schema":{"@context":"https:\/\/schema.org","@graph":[{"@type":"WebPage","@id":"https:\/\/compuviper.mx\/tienda\/producto\/startech-com-privscnmon21-filtro-de-privacidad-para-laptop-de-21-opaco-o-con-brillo-reduccin-de-la-luz-azul-mica-de-privacidad-mod\/","url":"https:\/\/compuviper.mx\/tienda\/producto\/startech-com-privscnmon21-filtro-de-privacidad-para-laptop-de-21-opaco-o-con-brillo-reduccin-de-la-luz-azul-mica-de-privacidad-mod\/","name":"[ Startech.com ] &#129351; Privscnmon21 Filtro De Privacidad Para Laptop De 21 - Opaco O Con Brillo - Reduccin De La Luz Azul - Mica De Privacidad - Mod.","isPartOf":{"@id":"https:\/\/compuviper.mx\/tienda\/#website"},"datePublished":"2026-04-02T05:35:01+00:00","dateModified":"2026-04-02T05:35:01+00:00","description":"Compra Privscnmon21 Filtro De Privacidad Para Laptop De 21 - Opaco O Con Brillo - Reduccin De La Luz Azul - Mica De Privacidad - Mod. + Env\u00edo a domicilio + Pago seguro + Garant\u00eda","breadcrumb":{"@id":"https:\/\/compuviper.mx\/tienda\/producto\/startech-com-privscnmon21-filtro-de-privacidad-para-laptop-de-21-opaco-o-con-brillo-reduccin-de-la-luz-azul-mica-de-privacidad-mod\/#breadcrumb"},"inLanguage":"es-MX","potentialAction":[{"@type":"ReadAction","target":["https:\/\/compuviper.mx\/tienda\/producto\/startech-com-privscnmon21-filtro-de-privacidad-para-laptop-de-21-opaco-o-con-brillo-reduccin-de-la-luz-azul-mica-de-privacidad-mod\/"]}]},{"@type":"BreadcrumbList","@id":"https:\/\/compuviper.mx\/tienda\/producto\/startech-com-privscnmon21-filtro-de-privacidad-para-laptop-de-21-opaco-o-con-brillo-reduccin-de-la-luz-azul-mica-de-privacidad-mod\/#breadcrumb","itemListElement":[{"@type":"ListItem","position":1,"name":"Inicio","item":"https:\/\/compuviper.mx\/tienda\/"},{"@type":"ListItem","position":2,"name":"Productos","item":"https:\/\/compuviper.mx\/tienda\/productos\/"},{"@type":"ListItem","position":3,"name":"Accesorios","item":"https:\/\/compuviper.mx\/tienda\/categoria-producto\/accesorios\/"},{"@type":"ListItem","position":4,"name":"Filtros","item":"https:\/\/compuviper.mx\/tienda\/categoria-producto\/accesorios\/filtros\/"},{"@type":"ListItem","position":5,"name":"Startech.com Privscnmon21 Filtro De Privacidad Para Laptop De 21 &#8211; Opaco O Con Brillo &#8211; Reduccin De La Luz Azul &#8211; Mica De Privacidad &#8211; Mod."}]},{"@type":"WebSite","@id":"https:\/\/compuviper.mx\/tienda\/#website","url":"https:\/\/compuviper.mx\/tienda\/","name":"Compuviper","description":"Proveedor de Computadoras, Laptops, Servidores, Monitores, Puntos de Venta, Teclados,   Impresoras, T\u00f3ner, C\u00e1maras de Seguridad y m\u00e1s en tu tienda en l\u00ednea","publisher":{"@id":"https:\/\/compuviper.mx\/tienda\/#organization"},"potentialAction":[{"@type":"SearchAction","target":{"@type":"EntryPoint","urlTemplate":"https:\/\/compuviper.mx\/tienda\/?s={search_term_string}"},"query-input":"required name=search_term_string"}],"inLanguage":"es-MX"},{"@type":"Organization","@id":"https:\/\/compuviper.mx\/tienda\/#organization","name":"Compuviper","url":"https:\/\/compuviper.mx\/tienda\/","logo":{"@type":"ImageObject","inLanguage":"es-MX","@id":"https:\/\/compuviper.mx\/tienda\/#\/schema\/logo\/image\/","url":"https:\/\/compuviper.mx\/tienda\/wp-content\/uploads\/2021\/08\/Logo-Compuviper-10.png","contentUrl":"https:\/\/compuviper.mx\/tienda\/wp-content\/uploads\/2021\/08\/Logo-Compuviper-10.png","width":1000,"height":500,"caption":"Compuviper"},"image":{"@id":"https:\/\/compuviper.mx\/tienda\/#\/schema\/logo\/image\/"},"sameAs":["https:\/\/www.facebook.com\/compuviper","https:\/\/www.youtube.com\/channel\/UCf73dERp9Y3cfOq7q8BhLjA?view_as=subscriber"]}]},"product_brand":"STARTECH.COM","product_price_amount":"1552","product_price_currency":"MXN","og_availability":"out of stock","product_availability":"out of stock","product_retailer_item_id":"PRIVSCNMON21","product_condition":"new"},"_links":{"self":[{"href":"https:\/\/compuviper.mx\/tienda\/wp-json\/wp\/v2\/product\/212973"}],"collection":[{"href":"https:\/\/compuviper.mx\/tienda\/wp-json\/wp\/v2\/product"}],"about":[{"href":"https:\/\/compuviper.mx\/tienda\/wp-json\/wp\/v2\/types\/product"}],"replies":[{"embeddable":true,"href":"https:\/\/compuviper.mx\/tienda\/wp-json\/wp\/v2\/comments?post=212973"}],"wp:featuredmedia":[{"embeddable":true,"href":"https:\/\/compuviper.mx\/tienda\/wp-json\/wp\/v2\/media\/212974"}],"wp:attachment":[{"href":"https:\/\/compuviper.mx\/tienda\/wp-json\/wp\/v2\/media?parent=212973"}],"wp:term":[{"taxonomy":"product_cat","embeddable":true,"href":"https:\/\/compuviper.mx\/tienda\/wp-json\/wp\/v2\/product_cat?post=212973"},{"taxonomy":"product_tag","embeddable":true,"href":"https:\/\/compuviper.mx\/tienda\/wp-json\/wp\/v2\/product_tag?post=212973"}],"curies":[{"name":"wp","href":"https:\/\/api.w.org\/{rel}","templated":true}]}}