{"id":212971,"date":"2026-04-06T23:35:10","date_gmt":"2026-04-07T05:35:10","guid":{"rendered":"https:\/\/compuviper.mx\/tienda\/producto\/startech-com-usb2001extv-extensor-de-usb-2-0-a-travs-de-cable-rj45-cat5e-cat6-hasta-50m-kit-adaptador-extensor-de-alta-velocidad-de-puerto-usb-alimentado-480mbps-en-metal-mod\/"},"modified":"2026-04-06T23:35:10","modified_gmt":"2026-04-07T05:35:10","slug":"startech-com-usb2001extv-extensor-de-usb-2-0-a-travs-de-cable-rj45-cat5e-cat6-hasta-50m-kit-adaptador-extensor-de-alta-velocidad-de-puerto-usb-alimentado-480mbps-en-metal-mod","status":"publish","type":"product","link":"https:\/\/compuviper.mx\/tienda\/producto\/startech-com-usb2001extv-extensor-de-usb-2-0-a-travs-de-cable-rj45-cat5e-cat6-hasta-50m-kit-adaptador-extensor-de-alta-velocidad-de-puerto-usb-alimentado-480mbps-en-metal-mod\/","title":{"rendered":"Startech.com Usb2001extv Extensor De Usb 2.0 A Travs De Cable Rj45 Cat5e\/cat6 &#8211; Hasta 50m &#8211; Kit Adaptador Extensor De Alta Velocidad De Puerto Usb &#8211; Alimentado &#8211; 480mbps &#8211; En Metal &#8211;  Mod."},"content":{"rendered":"<table class=\"descripcion\">\n<tr>\n<td>Hardware<\/td>\n<\/tr>\n<tr>\n<td>Cableado: utp cat 5 o superior<\/td>\n<\/tr>\n<tr>\n<td>Cantidad de puertos: 1<\/td>\n<\/tr>\n<tr>\n<td>Indicadores<\/td>\n<\/tr>\n<tr>\n<td>Indicadores led: alimentaci\u00f3n \/ enlace<\/td>\n<\/tr>\n<tr>\n<td>Observaciones \/ requisitos<\/td>\n<\/tr>\n<tr>\n<td>Requerimientos del sistema y cables : cable ethernet cat5e o superior con conector rj45<\/td>\n<\/tr>\n<tr>\n<td>Requerimientos del sistema y cables : ordenador anfitri\u00f3n con puerto usb-a disponible (usb type-a)<\/td>\n<\/tr>\n<tr>\n<td>Rendimiento<\/td>\n<\/tr>\n<tr>\n<td>Distancia m\u00e1xima: 50 m \/ 165 ft<\/td>\n<\/tr>\n<tr>\n<td>Mtbf: 72000 horas<\/td>\n<\/tr>\n<tr>\n<td>Tasa de transferencia de datos m\u00e1xima: 480mbps<\/td>\n<\/tr>\n<tr>\n<td>Conector(es)<\/td>\n<\/tr>\n<tr>\n<td>Conectores de unidad remota: usb type-a (4 pines) usb 2.0<\/td>\n<\/tr>\n<tr>\n<td>Conectores de unidad remota: rj-45<\/td>\n<\/tr>\n<tr>\n<td>Conectores de la unidad local: usb mini b (5 pines)<\/td>\n<\/tr>\n<tr>\n<td>Conectores de la unidad local: rj-45<\/td>\n<\/tr>\n<tr>\n<td>Caracter\u00edsticas f\u00edsicas<\/td>\n<\/tr>\n<tr>\n<td>Tipo de gabinete: acero<\/td>\n<\/tr>\n<tr>\n<td>Peso del producto: 304 g<\/td>\n<\/tr>\n<tr>\n<td>Longitud del producto: 80 mm<\/td>\n<\/tr>\n<tr>\n<td>Color: negro<\/td>\n<\/tr>\n<tr>\n<td>Ancho del producto: 52 mm<\/td>\n<\/tr>\n<tr>\n<td>Altura del producto: 2.2 cm<\/td>\n<\/tr>\n<\/table>\n","protected":false},"excerpt":{"rendered":"<p>He aqu\u00ed un extensor usb 2.0 vers\u00e1til, que resulta econ\u00f3mico. Facilita la posibilidad de colocar su dispositivo usb m\u00e1s alejado, lo cual resulta perfecto en el caso de entornos dom\u00e9sticos, de oficinas, de salones\u00a0de clase\u00a0y dem\u00e1s. Ahora puede acceder f\u00e1cilmente a su dispositivo usb 2.0 y utilizarlo en una ubicaci\u00f3n remota, a una distancia de hasta 50m, mediante un cable cat5 o cat6. Este extensor usb permite sobrepasar la limitaci\u00f3n de longitud (4.8m) tradicional de un cable usb 2.0, con el fin de crear un espacio de trabajo m\u00e1s eficiente y m\u00e1s flexible. Es una soluci\u00f3n usb a ethernet que resulta econ\u00f3mica e ideal para casi cualquier dispositivo usb 2.0. Puede conectar una c\u00e1mara web en la parte trasera de un aula de clases, o una impresora en otra habitaci\u00f3n de una oficina, todo a 50m de distancia de su pc anfitri\u00f3n. Adem\u00e1s, con un adaptador de alimentaci\u00f3n incluido para la unidad remota, es posible conectar dispositivos usb que requieren mucha alimentaci\u00f3n, como disco duro externo.<\/p>\n","protected":false},"featured_media":212972,"comment_status":"open","ping_status":"open","template":"","meta":[],"product_cat":[1485,1506],"product_tag":[1590],"acf":[],"yoast_head":"<!-- This site is optimized with the Yoast SEO plugin v21.7 - https:\/\/yoast.com\/wordpress\/plugins\/seo\/ -->\n<title>[ Startech.com ] &#129351; Usb2001extv Extensor De Usb 2.0 A Travs De Cable Rj45 Cat5e\/cat6 - Hasta 50m - Kit Adaptador Extensor De Alta Velocidad De Puerto Usb - Alimentado - 480mbps - En Metal - Mod.<\/title>\n<meta name=\"description\" content=\"Compra Usb2001extv Extensor De Usb 2.0 A Travs De Cable Rj45 Cat5e\/cat6 - Hasta 50m - Kit Adaptador Extensor De Alta Velocidad De Puerto Usb - Alimentado - 480mbps - En Metal - Mod. + Env\u00edo a domicilio + Pago seguro + Garant\u00eda\" \/>\n<meta name=\"robots\" content=\"index, follow, max-snippet:-1, max-image-preview:large, max-video-preview:-1\" \/>\n<link rel=\"canonical\" href=\"https:\/\/compuviper.mx\/tienda\/producto\/startech-com-usb2001extv-extensor-de-usb-2-0-a-travs-de-cable-rj45-cat5e-cat6-hasta-50m-kit-adaptador-extensor-de-alta-velocidad-de-puerto-usb-alimentado-480mbps-en-metal-mod\/\" \/>\n<meta property=\"og:locale\" content=\"es_MX\" \/>\n<meta property=\"og:type\" content=\"article\" \/>\n<meta property=\"og:title\" content=\"[ Startech.com ] &#129351; Usb2001extv Extensor De Usb 2.0 A Travs De Cable Rj45 Cat5e\/cat6 - Hasta 50m - Kit Adaptador Extensor De Alta Velocidad De Puerto Usb - Alimentado - 480mbps - En Metal - Mod.\" \/>\n<meta property=\"og:description\" content=\"Compra Usb2001extv Extensor De Usb 2.0 A Travs De Cable Rj45 Cat5e\/cat6 - Hasta 50m - Kit Adaptador Extensor De Alta Velocidad De Puerto Usb - Alimentado - 480mbps - En Metal - Mod. + Env\u00edo a domicilio + Pago seguro + Garant\u00eda\" \/>\n<meta property=\"og:url\" content=\"https:\/\/compuviper.mx\/tienda\/producto\/startech-com-usb2001extv-extensor-de-usb-2-0-a-travs-de-cable-rj45-cat5e-cat6-hasta-50m-kit-adaptador-extensor-de-alta-velocidad-de-puerto-usb-alimentado-480mbps-en-metal-mod\/\" \/>\n<meta property=\"og:site_name\" content=\"Compuviper\" \/>\n<meta property=\"article:publisher\" content=\"https:\/\/www.facebook.com\/compuviper\" \/>\n<meta property=\"og:image\" content=\"https:\/\/compuviper.mx\/tienda\/wp-content\/uploads\/2023\/12\/Extensor-de-usb-2.0-a-traves-de-cable-rj45-cat5ecat6-hasta-50m-kit-adaptador-extensor-de-alta-velocidad-de-puerto-usb-alimentado-480mbps-en-metal-startech.com-mod.-usb2001extv.jpg\" \/>\n\t<meta property=\"og:image:width\" content=\"200\" \/>\n\t<meta property=\"og:image:height\" content=\"200\" \/>\n\t<meta property=\"og:image:type\" content=\"image\/jpeg\" \/>\n<meta name=\"twitter:card\" content=\"summary_large_image\" \/>\n<meta name=\"twitter:label1\" content=\"Precio\" \/>\n\t<meta name=\"twitter:data1\" content=\"&#36;3,172 con IVA\" \/>\n\t<meta name=\"twitter:label2\" content=\"Availability\" \/>\n\t<meta name=\"twitter:data2\" content=\"In stock\" \/>\n<script type=\"application\/ld+json\" class=\"yoast-schema-graph\">{\"@context\":\"https:\/\/schema.org\",\"@graph\":[{\"@type\":\"WebPage\",\"@id\":\"https:\/\/compuviper.mx\/tienda\/producto\/startech-com-usb2001extv-extensor-de-usb-2-0-a-travs-de-cable-rj45-cat5e-cat6-hasta-50m-kit-adaptador-extensor-de-alta-velocidad-de-puerto-usb-alimentado-480mbps-en-metal-mod\/\",\"url\":\"https:\/\/compuviper.mx\/tienda\/producto\/startech-com-usb2001extv-extensor-de-usb-2-0-a-travs-de-cable-rj45-cat5e-cat6-hasta-50m-kit-adaptador-extensor-de-alta-velocidad-de-puerto-usb-alimentado-480mbps-en-metal-mod\/\",\"name\":\"[ Startech.com ] &#129351; Usb2001extv Extensor De Usb 2.0 A Travs De Cable Rj45 Cat5e\/cat6 - Hasta 50m - Kit Adaptador Extensor De Alta Velocidad De Puerto Usb - Alimentado - 480mbps - En Metal - Mod.\",\"isPartOf\":{\"@id\":\"https:\/\/compuviper.mx\/tienda\/#website\"},\"datePublished\":\"2026-04-07T05:35:10+00:00\",\"dateModified\":\"2026-04-07T05:35:10+00:00\",\"description\":\"Compra Usb2001extv Extensor De Usb 2.0 A Travs De Cable Rj45 Cat5e\/cat6 - Hasta 50m - Kit Adaptador Extensor De Alta Velocidad De Puerto Usb - Alimentado - 480mbps - En Metal - Mod. + Env\u00edo a domicilio + Pago seguro + Garant\u00eda\",\"breadcrumb\":{\"@id\":\"https:\/\/compuviper.mx\/tienda\/producto\/startech-com-usb2001extv-extensor-de-usb-2-0-a-travs-de-cable-rj45-cat5e-cat6-hasta-50m-kit-adaptador-extensor-de-alta-velocidad-de-puerto-usb-alimentado-480mbps-en-metal-mod\/#breadcrumb\"},\"inLanguage\":\"es-MX\",\"potentialAction\":[{\"@type\":\"ReadAction\",\"target\":[\"https:\/\/compuviper.mx\/tienda\/producto\/startech-com-usb2001extv-extensor-de-usb-2-0-a-travs-de-cable-rj45-cat5e-cat6-hasta-50m-kit-adaptador-extensor-de-alta-velocidad-de-puerto-usb-alimentado-480mbps-en-metal-mod\/\"]}]},{\"@type\":\"BreadcrumbList\",\"@id\":\"https:\/\/compuviper.mx\/tienda\/producto\/startech-com-usb2001extv-extensor-de-usb-2-0-a-travs-de-cable-rj45-cat5e-cat6-hasta-50m-kit-adaptador-extensor-de-alta-velocidad-de-puerto-usb-alimentado-480mbps-en-metal-mod\/#breadcrumb\",\"itemListElement\":[{\"@type\":\"ListItem\",\"position\":1,\"name\":\"Inicio\",\"item\":\"https:\/\/compuviper.mx\/tienda\/\"},{\"@type\":\"ListItem\",\"position\":2,\"name\":\"Productos\",\"item\":\"https:\/\/compuviper.mx\/tienda\/productos\/\"},{\"@type\":\"ListItem\",\"position\":3,\"name\":\"Accesorios\",\"item\":\"https:\/\/compuviper.mx\/tienda\/categoria-producto\/accesorios\/\"},{\"@type\":\"ListItem\",\"position\":4,\"name\":\"Conectividad\",\"item\":\"https:\/\/compuviper.mx\/tienda\/categoria-producto\/accesorios\/conectividad\/\"},{\"@type\":\"ListItem\",\"position\":5,\"name\":\"Startech.com Usb2001extv Extensor De Usb 2.0 A Travs De Cable Rj45 Cat5e\/cat6 &#8211; Hasta 50m &#8211; Kit Adaptador Extensor De Alta Velocidad De Puerto Usb &#8211; Alimentado &#8211; 480mbps &#8211; En Metal &#8211; Mod.\"}]},{\"@type\":\"WebSite\",\"@id\":\"https:\/\/compuviper.mx\/tienda\/#website\",\"url\":\"https:\/\/compuviper.mx\/tienda\/\",\"name\":\"Compuviper\",\"description\":\"Proveedor de Computadoras, Laptops, Servidores, Monitores, Puntos de Venta, Teclados,   Impresoras, T\u00f3ner, C\u00e1maras de Seguridad y m\u00e1s en tu tienda en l\u00ednea\",\"publisher\":{\"@id\":\"https:\/\/compuviper.mx\/tienda\/#organization\"},\"potentialAction\":[{\"@type\":\"SearchAction\",\"target\":{\"@type\":\"EntryPoint\",\"urlTemplate\":\"https:\/\/compuviper.mx\/tienda\/?s={search_term_string}\"},\"query-input\":\"required name=search_term_string\"}],\"inLanguage\":\"es-MX\"},{\"@type\":\"Organization\",\"@id\":\"https:\/\/compuviper.mx\/tienda\/#organization\",\"name\":\"Compuviper\",\"url\":\"https:\/\/compuviper.mx\/tienda\/\",\"logo\":{\"@type\":\"ImageObject\",\"inLanguage\":\"es-MX\",\"@id\":\"https:\/\/compuviper.mx\/tienda\/#\/schema\/logo\/image\/\",\"url\":\"https:\/\/compuviper.mx\/tienda\/wp-content\/uploads\/2021\/08\/Logo-Compuviper-10.png\",\"contentUrl\":\"https:\/\/compuviper.mx\/tienda\/wp-content\/uploads\/2021\/08\/Logo-Compuviper-10.png\",\"width\":1000,\"height\":500,\"caption\":\"Compuviper\"},\"image\":{\"@id\":\"https:\/\/compuviper.mx\/tienda\/#\/schema\/logo\/image\/\"},\"sameAs\":[\"https:\/\/www.facebook.com\/compuviper\",\"https:\/\/www.youtube.com\/channel\/UCf73dERp9Y3cfOq7q8BhLjA?view_as=subscriber\"]}]}<\/script>\n<meta property=\"product:brand\" content=\"STARTECH.COM\" \/>\n<meta property=\"product:price:amount\" content=\"3172\" \/>\n<meta property=\"product:price:currency\" content=\"MXN\" \/>\n<meta property=\"og:availability\" content=\"instock\" \/>\n<meta property=\"product:availability\" content=\"instock\" \/>\n<meta property=\"product:retailer_item_id\" content=\"USB2001EXTV\" \/>\n<meta property=\"product:condition\" content=\"new\" \/>\n<!-- \/ Yoast SEO plugin. -->","yoast_head_json":{"title":"[ Startech.com ] &#129351; Usb2001extv Extensor De Usb 2.0 A Travs De Cable Rj45 Cat5e\/cat6 - Hasta 50m - Kit Adaptador Extensor De Alta Velocidad De Puerto Usb - Alimentado - 480mbps - En Metal - Mod.","description":"Compra Usb2001extv Extensor De Usb 2.0 A Travs De Cable Rj45 Cat5e\/cat6 - Hasta 50m - Kit Adaptador Extensor De Alta Velocidad De Puerto Usb - Alimentado - 480mbps - En Metal - Mod. + Env\u00edo a domicilio + Pago seguro + Garant\u00eda","robots":{"index":"index","follow":"follow","max-snippet":"max-snippet:-1","max-image-preview":"max-image-preview:large","max-video-preview":"max-video-preview:-1"},"canonical":"https:\/\/compuviper.mx\/tienda\/producto\/startech-com-usb2001extv-extensor-de-usb-2-0-a-travs-de-cable-rj45-cat5e-cat6-hasta-50m-kit-adaptador-extensor-de-alta-velocidad-de-puerto-usb-alimentado-480mbps-en-metal-mod\/","og_locale":"es_MX","og_type":"article","og_title":"[ Startech.com ] &#129351; Usb2001extv Extensor De Usb 2.0 A Travs De Cable Rj45 Cat5e\/cat6 - Hasta 50m - Kit Adaptador Extensor De Alta Velocidad De Puerto Usb - Alimentado - 480mbps - En Metal - Mod.","og_description":"Compra Usb2001extv Extensor De Usb 2.0 A Travs De Cable Rj45 Cat5e\/cat6 - Hasta 50m - Kit Adaptador Extensor De Alta Velocidad De Puerto Usb - Alimentado - 480mbps - En Metal - Mod. + Env\u00edo a domicilio + Pago seguro + Garant\u00eda","og_url":"https:\/\/compuviper.mx\/tienda\/producto\/startech-com-usb2001extv-extensor-de-usb-2-0-a-travs-de-cable-rj45-cat5e-cat6-hasta-50m-kit-adaptador-extensor-de-alta-velocidad-de-puerto-usb-alimentado-480mbps-en-metal-mod\/","og_site_name":"Compuviper","article_publisher":"https:\/\/www.facebook.com\/compuviper","og_image":[{"width":200,"height":200,"url":"https:\/\/compuviper.mx\/tienda\/wp-content\/uploads\/2023\/12\/Extensor-de-usb-2.0-a-traves-de-cable-rj45-cat5ecat6-hasta-50m-kit-adaptador-extensor-de-alta-velocidad-de-puerto-usb-alimentado-480mbps-en-metal-startech.com-mod.-usb2001extv.jpg","type":"image\/jpeg"}],"twitter_card":"summary_large_image","twitter_misc":{"Precio":"&#36;3,172 con IVA","Availability":"In stock"},"schema":{"@context":"https:\/\/schema.org","@graph":[{"@type":"WebPage","@id":"https:\/\/compuviper.mx\/tienda\/producto\/startech-com-usb2001extv-extensor-de-usb-2-0-a-travs-de-cable-rj45-cat5e-cat6-hasta-50m-kit-adaptador-extensor-de-alta-velocidad-de-puerto-usb-alimentado-480mbps-en-metal-mod\/","url":"https:\/\/compuviper.mx\/tienda\/producto\/startech-com-usb2001extv-extensor-de-usb-2-0-a-travs-de-cable-rj45-cat5e-cat6-hasta-50m-kit-adaptador-extensor-de-alta-velocidad-de-puerto-usb-alimentado-480mbps-en-metal-mod\/","name":"[ Startech.com ] &#129351; Usb2001extv Extensor De Usb 2.0 A Travs De Cable Rj45 Cat5e\/cat6 - Hasta 50m - Kit Adaptador Extensor De Alta Velocidad De Puerto Usb - Alimentado - 480mbps - En Metal - Mod.","isPartOf":{"@id":"https:\/\/compuviper.mx\/tienda\/#website"},"datePublished":"2026-04-07T05:35:10+00:00","dateModified":"2026-04-07T05:35:10+00:00","description":"Compra Usb2001extv Extensor De Usb 2.0 A Travs De Cable Rj45 Cat5e\/cat6 - Hasta 50m - Kit Adaptador Extensor De Alta Velocidad De Puerto Usb - Alimentado - 480mbps - En Metal - Mod. + Env\u00edo a domicilio + Pago seguro + Garant\u00eda","breadcrumb":{"@id":"https:\/\/compuviper.mx\/tienda\/producto\/startech-com-usb2001extv-extensor-de-usb-2-0-a-travs-de-cable-rj45-cat5e-cat6-hasta-50m-kit-adaptador-extensor-de-alta-velocidad-de-puerto-usb-alimentado-480mbps-en-metal-mod\/#breadcrumb"},"inLanguage":"es-MX","potentialAction":[{"@type":"ReadAction","target":["https:\/\/compuviper.mx\/tienda\/producto\/startech-com-usb2001extv-extensor-de-usb-2-0-a-travs-de-cable-rj45-cat5e-cat6-hasta-50m-kit-adaptador-extensor-de-alta-velocidad-de-puerto-usb-alimentado-480mbps-en-metal-mod\/"]}]},{"@type":"BreadcrumbList","@id":"https:\/\/compuviper.mx\/tienda\/producto\/startech-com-usb2001extv-extensor-de-usb-2-0-a-travs-de-cable-rj45-cat5e-cat6-hasta-50m-kit-adaptador-extensor-de-alta-velocidad-de-puerto-usb-alimentado-480mbps-en-metal-mod\/#breadcrumb","itemListElement":[{"@type":"ListItem","position":1,"name":"Inicio","item":"https:\/\/compuviper.mx\/tienda\/"},{"@type":"ListItem","position":2,"name":"Productos","item":"https:\/\/compuviper.mx\/tienda\/productos\/"},{"@type":"ListItem","position":3,"name":"Accesorios","item":"https:\/\/compuviper.mx\/tienda\/categoria-producto\/accesorios\/"},{"@type":"ListItem","position":4,"name":"Conectividad","item":"https:\/\/compuviper.mx\/tienda\/categoria-producto\/accesorios\/conectividad\/"},{"@type":"ListItem","position":5,"name":"Startech.com Usb2001extv Extensor De Usb 2.0 A Travs De Cable Rj45 Cat5e\/cat6 &#8211; Hasta 50m &#8211; Kit Adaptador Extensor De Alta Velocidad De Puerto Usb &#8211; Alimentado &#8211; 480mbps &#8211; En Metal &#8211; Mod."}]},{"@type":"WebSite","@id":"https:\/\/compuviper.mx\/tienda\/#website","url":"https:\/\/compuviper.mx\/tienda\/","name":"Compuviper","description":"Proveedor de Computadoras, Laptops, Servidores, Monitores, Puntos de Venta, Teclados,   Impresoras, T\u00f3ner, C\u00e1maras de Seguridad y m\u00e1s en tu tienda en l\u00ednea","publisher":{"@id":"https:\/\/compuviper.mx\/tienda\/#organization"},"potentialAction":[{"@type":"SearchAction","target":{"@type":"EntryPoint","urlTemplate":"https:\/\/compuviper.mx\/tienda\/?s={search_term_string}"},"query-input":"required name=search_term_string"}],"inLanguage":"es-MX"},{"@type":"Organization","@id":"https:\/\/compuviper.mx\/tienda\/#organization","name":"Compuviper","url":"https:\/\/compuviper.mx\/tienda\/","logo":{"@type":"ImageObject","inLanguage":"es-MX","@id":"https:\/\/compuviper.mx\/tienda\/#\/schema\/logo\/image\/","url":"https:\/\/compuviper.mx\/tienda\/wp-content\/uploads\/2021\/08\/Logo-Compuviper-10.png","contentUrl":"https:\/\/compuviper.mx\/tienda\/wp-content\/uploads\/2021\/08\/Logo-Compuviper-10.png","width":1000,"height":500,"caption":"Compuviper"},"image":{"@id":"https:\/\/compuviper.mx\/tienda\/#\/schema\/logo\/image\/"},"sameAs":["https:\/\/www.facebook.com\/compuviper","https:\/\/www.youtube.com\/channel\/UCf73dERp9Y3cfOq7q8BhLjA?view_as=subscriber"]}]},"product_brand":"STARTECH.COM","product_price_amount":"3172","product_price_currency":"MXN","og_availability":"instock","product_availability":"instock","product_retailer_item_id":"USB2001EXTV","product_condition":"new"},"_links":{"self":[{"href":"https:\/\/compuviper.mx\/tienda\/wp-json\/wp\/v2\/product\/212971"}],"collection":[{"href":"https:\/\/compuviper.mx\/tienda\/wp-json\/wp\/v2\/product"}],"about":[{"href":"https:\/\/compuviper.mx\/tienda\/wp-json\/wp\/v2\/types\/product"}],"replies":[{"embeddable":true,"href":"https:\/\/compuviper.mx\/tienda\/wp-json\/wp\/v2\/comments?post=212971"}],"wp:featuredmedia":[{"embeddable":true,"href":"https:\/\/compuviper.mx\/tienda\/wp-json\/wp\/v2\/media\/212972"}],"wp:attachment":[{"href":"https:\/\/compuviper.mx\/tienda\/wp-json\/wp\/v2\/media?parent=212971"}],"wp:term":[{"taxonomy":"product_cat","embeddable":true,"href":"https:\/\/compuviper.mx\/tienda\/wp-json\/wp\/v2\/product_cat?post=212971"},{"taxonomy":"product_tag","embeddable":true,"href":"https:\/\/compuviper.mx\/tienda\/wp-json\/wp\/v2\/product_tag?post=212971"}],"curies":[{"name":"wp","href":"https:\/\/api.w.org\/{rel}","templated":true}]}}