{"id":212969,"date":"2026-04-06T23:35:09","date_gmt":"2026-04-07T05:35:09","guid":{"rendered":"https:\/\/compuviper.mx\/tienda\/producto\/startech-com-st103008u2c-hub-concentrador-usb-3-0-de-10-puertos-hub-con-puertos-de-carga-y-sincronizacin-2-puertos-de-1-5a-mod\/"},"modified":"2026-04-06T23:35:10","modified_gmt":"2026-04-07T05:35:10","slug":"startech-com-st103008u2c-hub-concentrador-usb-3-0-de-10-puertos-hub-con-puertos-de-carga-y-sincronizacin-2-puertos-de-1-5a-mod","status":"publish","type":"product","link":"https:\/\/compuviper.mx\/tienda\/producto\/startech-com-st103008u2c-hub-concentrador-usb-3-0-de-10-puertos-hub-con-puertos-de-carga-y-sincronizacin-2-puertos-de-1-5a-mod\/","title":{"rendered":"Startech.com St103008u2c Hub Concentrador Usb 3.0 De 10 Puertos &#8211; Hub Con Puertos De Carga Y Sincronizacin &#8211; 2 Puertos De 1.5a &#8211;  Mod."},"content":{"rendered":"<table class=\"descripcion\">\n<tr>\n<td>Hardware<\/td>\n<\/tr>\n<tr>\n<td>Conexi\u00f3n anfitri\u00f3n usb-c: no<\/td>\n<\/tr>\n<tr>\n<td>Est\u00e1ndares industriales: especificaci\u00f3n usb  para carga de bater\u00edas versi\u00f3n 1.2<\/td>\n<\/tr>\n<tr>\n<td>Est\u00e1ndares industriales: usb 3.0 &#8211; retrocompatible con usb 2.0\/1.1<\/td>\n<\/tr>\n<tr>\n<td>Id del conjunto de chips: via\/vli &#8211; vl812<\/td>\n<\/tr>\n<tr>\n<td>Interfaz: usb 3.0<\/td>\n<\/tr>\n<tr>\n<td>Puerto(s) de carga r\u00e1pida: s\u00ed<\/td>\n<\/tr>\n<tr>\n<td>Puerto(s) de dispositivos usb-c: no<\/td>\n<\/tr>\n<tr>\n<td>Tipo de bus: usb 3.0<\/td>\n<\/tr>\n<tr>\n<td>Cantidad de puertos: 10<\/td>\n<\/tr>\n<tr>\n<td>Indicadores<\/td>\n<\/tr>\n<tr>\n<td>Indicadores led: estado del puerto (azul)<\/td>\n<\/tr>\n<tr>\n<td>Rendimiento<\/td>\n<\/tr>\n<tr>\n<td>Tasa de transferencia de datos m\u00e1xima: 5 gbps<\/td>\n<\/tr>\n<tr>\n<td>Tipo y velocidad: usb 3.0 &#8211; 5 gbit\/s<\/td>\n<\/tr>\n<tr>\n<td>Conector(es)<\/td>\n<\/tr>\n<tr>\n<td>Tipo(s) de conector(es): usb type-a (9 pines) usb 3.0 (5 gbps)<\/td>\n<\/tr>\n<tr>\n<td>Tipo(s) de conector(es): usb 3.0 a (carga r\u00e1pida, 9 pines)<\/td>\n<\/tr>\n<tr>\n<td>Caracter\u00edsticas f\u00edsicas<\/td>\n<\/tr>\n<tr>\n<td>Tipo de gabinete: pl\u00e1stico<\/td>\n<\/tr>\n<tr>\n<td>Peso del producto: 144 g<\/td>\n<\/tr>\n<tr>\n<td>Longitud del producto: 20.1 cm<\/td>\n<\/tr>\n<tr>\n<td>Factor de forma: de escritorio<\/td>\n<\/tr>\n<tr>\n<td>Color: negro<\/td>\n<\/tr>\n<tr>\n<td>Ancho del producto: 60 mm<\/td>\n<\/tr>\n<tr>\n<td>Altura del producto: 2.4 cm<\/td>\n<\/tr>\n<\/table>\n","protected":false},"excerpt":{"rendered":"<p>Este concentrador con 10 puertos usb 3.0 aumenta la capacidad de su sistema, ya que permite la carga r\u00e1pida de dispositivos m\u00f3viles, as\u00ed como acceso m\u00e1s r\u00e1pido a dispositivos usb, lo cual lo convierte en la soluci\u00f3n perfecta para entornos empresariales o de oficina en casa. Como estaci\u00f3n de carga, el concentrador incluye dos puertos de carga y sincronizaci\u00f3n de 1.5 amperios, de f\u00e1cil acceso, a fin de que pueda cargar de forma r\u00e1pida sus smartphones, tablets y dem\u00e1s dispositivos m\u00f3viles. Adem\u00e1s, se pueden conectar todos sus perif\u00e9ricos esenciales a los puertos restantes. Dado que el concentrador es compatible con la especificaci\u00f3n usb para carga de bater\u00edas versi\u00f3n 1.2, es posible cargar la mayor\u00eda de los dispositivos m\u00f3viles, incluyendo dispositivos apple y android\u0099, como samsung galaxy\u0099. Dise\u00f1ado para permitir el m\u00e1ximo de escalabilidad, este concentrador de 10 puertos aumenta la productividad, ya que facilita el acceso a todos los dispositivos usb.<\/p>\n","protected":false},"featured_media":212970,"comment_status":"open","ping_status":"open","template":"","meta":[],"product_cat":[1485,1497],"product_tag":[1590],"acf":[],"yoast_head":"<!-- This site is optimized with the Yoast SEO plugin v21.7 - https:\/\/yoast.com\/wordpress\/plugins\/seo\/ -->\n<title>[ Startech.com ] &#129351; St103008u2c Hub Concentrador Usb 3.0 De 10 Puertos - Hub Con Puertos De Carga Y Sincronizacin - 2 Puertos De 1.5a - Mod.<\/title>\n<meta name=\"description\" content=\"Compra St103008u2c Hub Concentrador Usb 3.0 De 10 Puertos - Hub Con Puertos De Carga Y Sincronizacin - 2 Puertos De 1.5a - Mod. + Env\u00edo a domicilio + Pago seguro + Garant\u00eda\" \/>\n<meta name=\"robots\" content=\"index, follow, max-snippet:-1, max-image-preview:large, max-video-preview:-1\" \/>\n<link rel=\"canonical\" href=\"https:\/\/compuviper.mx\/tienda\/producto\/startech-com-st103008u2c-hub-concentrador-usb-3-0-de-10-puertos-hub-con-puertos-de-carga-y-sincronizacin-2-puertos-de-1-5a-mod\/\" \/>\n<meta property=\"og:locale\" content=\"es_MX\" \/>\n<meta property=\"og:type\" content=\"article\" \/>\n<meta property=\"og:title\" content=\"[ Startech.com ] &#129351; St103008u2c Hub Concentrador Usb 3.0 De 10 Puertos - Hub Con Puertos De Carga Y Sincronizacin - 2 Puertos De 1.5a - Mod.\" \/>\n<meta property=\"og:description\" content=\"Compra St103008u2c Hub Concentrador Usb 3.0 De 10 Puertos - Hub Con Puertos De Carga Y Sincronizacin - 2 Puertos De 1.5a - Mod. + Env\u00edo a domicilio + Pago seguro + Garant\u00eda\" \/>\n<meta property=\"og:url\" content=\"https:\/\/compuviper.mx\/tienda\/producto\/startech-com-st103008u2c-hub-concentrador-usb-3-0-de-10-puertos-hub-con-puertos-de-carga-y-sincronizacin-2-puertos-de-1-5a-mod\/\" \/>\n<meta property=\"og:site_name\" content=\"Compuviper\" \/>\n<meta property=\"article:publisher\" content=\"https:\/\/www.facebook.com\/compuviper\" \/>\n<meta property=\"article:modified_time\" content=\"2026-04-07T05:35:10+00:00\" \/>\n<meta property=\"og:image\" content=\"https:\/\/compuviper.mx\/tienda\/wp-content\/uploads\/2023\/12\/Hub-concentrador-usb-3.0-de-10-puertos-hub-con-puertos-de-carga-y-sincronizacion-2-puertos-de-1.5a-startech.com-mod.-st103008u2c.jpg\" \/>\n\t<meta property=\"og:image:width\" content=\"200\" \/>\n\t<meta property=\"og:image:height\" content=\"200\" \/>\n\t<meta property=\"og:image:type\" content=\"image\/jpeg\" \/>\n<meta name=\"twitter:card\" content=\"summary_large_image\" \/>\n<meta name=\"twitter:label1\" content=\"Precio\" \/>\n\t<meta name=\"twitter:data1\" content=\"&#36;1,627 con IVA\" \/>\n\t<meta name=\"twitter:label2\" content=\"Availability\" \/>\n\t<meta name=\"twitter:data2\" content=\"Out of stock\" \/>\n<script type=\"application\/ld+json\" class=\"yoast-schema-graph\">{\"@context\":\"https:\/\/schema.org\",\"@graph\":[{\"@type\":\"WebPage\",\"@id\":\"https:\/\/compuviper.mx\/tienda\/producto\/startech-com-st103008u2c-hub-concentrador-usb-3-0-de-10-puertos-hub-con-puertos-de-carga-y-sincronizacin-2-puertos-de-1-5a-mod\/\",\"url\":\"https:\/\/compuviper.mx\/tienda\/producto\/startech-com-st103008u2c-hub-concentrador-usb-3-0-de-10-puertos-hub-con-puertos-de-carga-y-sincronizacin-2-puertos-de-1-5a-mod\/\",\"name\":\"[ Startech.com ] &#129351; St103008u2c Hub Concentrador Usb 3.0 De 10 Puertos - Hub Con Puertos De Carga Y Sincronizacin - 2 Puertos De 1.5a - Mod.\",\"isPartOf\":{\"@id\":\"https:\/\/compuviper.mx\/tienda\/#website\"},\"datePublished\":\"2026-04-07T05:35:09+00:00\",\"dateModified\":\"2026-04-07T05:35:10+00:00\",\"description\":\"Compra St103008u2c Hub Concentrador Usb 3.0 De 10 Puertos - Hub Con Puertos De Carga Y Sincronizacin - 2 Puertos De 1.5a - Mod. + Env\u00edo a domicilio + Pago seguro + Garant\u00eda\",\"breadcrumb\":{\"@id\":\"https:\/\/compuviper.mx\/tienda\/producto\/startech-com-st103008u2c-hub-concentrador-usb-3-0-de-10-puertos-hub-con-puertos-de-carga-y-sincronizacin-2-puertos-de-1-5a-mod\/#breadcrumb\"},\"inLanguage\":\"es-MX\",\"potentialAction\":[{\"@type\":\"ReadAction\",\"target\":[\"https:\/\/compuviper.mx\/tienda\/producto\/startech-com-st103008u2c-hub-concentrador-usb-3-0-de-10-puertos-hub-con-puertos-de-carga-y-sincronizacin-2-puertos-de-1-5a-mod\/\"]}]},{\"@type\":\"BreadcrumbList\",\"@id\":\"https:\/\/compuviper.mx\/tienda\/producto\/startech-com-st103008u2c-hub-concentrador-usb-3-0-de-10-puertos-hub-con-puertos-de-carga-y-sincronizacin-2-puertos-de-1-5a-mod\/#breadcrumb\",\"itemListElement\":[{\"@type\":\"ListItem\",\"position\":1,\"name\":\"Inicio\",\"item\":\"https:\/\/compuviper.mx\/tienda\/\"},{\"@type\":\"ListItem\",\"position\":2,\"name\":\"Productos\",\"item\":\"https:\/\/compuviper.mx\/tienda\/productos\/\"},{\"@type\":\"ListItem\",\"position\":3,\"name\":\"Accesorios\",\"item\":\"https:\/\/compuviper.mx\/tienda\/categoria-producto\/accesorios\/\"},{\"@type\":\"ListItem\",\"position\":4,\"name\":\"Hub Usb\",\"item\":\"https:\/\/compuviper.mx\/tienda\/categoria-producto\/accesorios\/hub-usb\/\"},{\"@type\":\"ListItem\",\"position\":5,\"name\":\"Startech.com St103008u2c Hub Concentrador Usb 3.0 De 10 Puertos &#8211; Hub Con Puertos De Carga Y Sincronizacin &#8211; 2 Puertos De 1.5a &#8211; Mod.\"}]},{\"@type\":\"WebSite\",\"@id\":\"https:\/\/compuviper.mx\/tienda\/#website\",\"url\":\"https:\/\/compuviper.mx\/tienda\/\",\"name\":\"Compuviper\",\"description\":\"Proveedor de Computadoras, Laptops, Servidores, Monitores, Puntos de Venta, Teclados,   Impresoras, T\u00f3ner, C\u00e1maras de Seguridad y m\u00e1s en tu tienda en l\u00ednea\",\"publisher\":{\"@id\":\"https:\/\/compuviper.mx\/tienda\/#organization\"},\"potentialAction\":[{\"@type\":\"SearchAction\",\"target\":{\"@type\":\"EntryPoint\",\"urlTemplate\":\"https:\/\/compuviper.mx\/tienda\/?s={search_term_string}\"},\"query-input\":\"required name=search_term_string\"}],\"inLanguage\":\"es-MX\"},{\"@type\":\"Organization\",\"@id\":\"https:\/\/compuviper.mx\/tienda\/#organization\",\"name\":\"Compuviper\",\"url\":\"https:\/\/compuviper.mx\/tienda\/\",\"logo\":{\"@type\":\"ImageObject\",\"inLanguage\":\"es-MX\",\"@id\":\"https:\/\/compuviper.mx\/tienda\/#\/schema\/logo\/image\/\",\"url\":\"https:\/\/compuviper.mx\/tienda\/wp-content\/uploads\/2021\/08\/Logo-Compuviper-10.png\",\"contentUrl\":\"https:\/\/compuviper.mx\/tienda\/wp-content\/uploads\/2021\/08\/Logo-Compuviper-10.png\",\"width\":1000,\"height\":500,\"caption\":\"Compuviper\"},\"image\":{\"@id\":\"https:\/\/compuviper.mx\/tienda\/#\/schema\/logo\/image\/\"},\"sameAs\":[\"https:\/\/www.facebook.com\/compuviper\",\"https:\/\/www.youtube.com\/channel\/UCf73dERp9Y3cfOq7q8BhLjA?view_as=subscriber\"]}]}<\/script>\n<meta property=\"product:brand\" content=\"STARTECH.COM\" \/>\n<meta property=\"product:price:amount\" content=\"1627\" \/>\n<meta property=\"product:price:currency\" content=\"MXN\" \/>\n<meta property=\"og:availability\" content=\"out of stock\" \/>\n<meta property=\"product:availability\" content=\"out of stock\" \/>\n<meta property=\"product:retailer_item_id\" content=\"ST103008U2C\" \/>\n<meta property=\"product:condition\" content=\"new\" \/>\n<!-- \/ Yoast SEO plugin. -->","yoast_head_json":{"title":"[ Startech.com ] &#129351; St103008u2c Hub Concentrador Usb 3.0 De 10 Puertos - Hub Con Puertos De Carga Y Sincronizacin - 2 Puertos De 1.5a - Mod.","description":"Compra St103008u2c Hub Concentrador Usb 3.0 De 10 Puertos - Hub Con Puertos De Carga Y Sincronizacin - 2 Puertos De 1.5a - Mod. + Env\u00edo a domicilio + Pago seguro + Garant\u00eda","robots":{"index":"index","follow":"follow","max-snippet":"max-snippet:-1","max-image-preview":"max-image-preview:large","max-video-preview":"max-video-preview:-1"},"canonical":"https:\/\/compuviper.mx\/tienda\/producto\/startech-com-st103008u2c-hub-concentrador-usb-3-0-de-10-puertos-hub-con-puertos-de-carga-y-sincronizacin-2-puertos-de-1-5a-mod\/","og_locale":"es_MX","og_type":"article","og_title":"[ Startech.com ] &#129351; St103008u2c Hub Concentrador Usb 3.0 De 10 Puertos - Hub Con Puertos De Carga Y Sincronizacin - 2 Puertos De 1.5a - Mod.","og_description":"Compra St103008u2c Hub Concentrador Usb 3.0 De 10 Puertos - Hub Con Puertos De Carga Y Sincronizacin - 2 Puertos De 1.5a - Mod. + Env\u00edo a domicilio + Pago seguro + Garant\u00eda","og_url":"https:\/\/compuviper.mx\/tienda\/producto\/startech-com-st103008u2c-hub-concentrador-usb-3-0-de-10-puertos-hub-con-puertos-de-carga-y-sincronizacin-2-puertos-de-1-5a-mod\/","og_site_name":"Compuviper","article_publisher":"https:\/\/www.facebook.com\/compuviper","article_modified_time":"2026-04-07T05:35:10+00:00","og_image":[{"width":200,"height":200,"url":"https:\/\/compuviper.mx\/tienda\/wp-content\/uploads\/2023\/12\/Hub-concentrador-usb-3.0-de-10-puertos-hub-con-puertos-de-carga-y-sincronizacion-2-puertos-de-1.5a-startech.com-mod.-st103008u2c.jpg","type":"image\/jpeg"}],"twitter_card":"summary_large_image","twitter_misc":{"Precio":"&#36;1,627 con IVA","Availability":"Out of stock"},"schema":{"@context":"https:\/\/schema.org","@graph":[{"@type":"WebPage","@id":"https:\/\/compuviper.mx\/tienda\/producto\/startech-com-st103008u2c-hub-concentrador-usb-3-0-de-10-puertos-hub-con-puertos-de-carga-y-sincronizacin-2-puertos-de-1-5a-mod\/","url":"https:\/\/compuviper.mx\/tienda\/producto\/startech-com-st103008u2c-hub-concentrador-usb-3-0-de-10-puertos-hub-con-puertos-de-carga-y-sincronizacin-2-puertos-de-1-5a-mod\/","name":"[ Startech.com ] &#129351; St103008u2c Hub Concentrador Usb 3.0 De 10 Puertos - Hub Con Puertos De Carga Y Sincronizacin - 2 Puertos De 1.5a - Mod.","isPartOf":{"@id":"https:\/\/compuviper.mx\/tienda\/#website"},"datePublished":"2026-04-07T05:35:09+00:00","dateModified":"2026-04-07T05:35:10+00:00","description":"Compra St103008u2c Hub Concentrador Usb 3.0 De 10 Puertos - Hub Con Puertos De Carga Y Sincronizacin - 2 Puertos De 1.5a - Mod. + Env\u00edo a domicilio + Pago seguro + Garant\u00eda","breadcrumb":{"@id":"https:\/\/compuviper.mx\/tienda\/producto\/startech-com-st103008u2c-hub-concentrador-usb-3-0-de-10-puertos-hub-con-puertos-de-carga-y-sincronizacin-2-puertos-de-1-5a-mod\/#breadcrumb"},"inLanguage":"es-MX","potentialAction":[{"@type":"ReadAction","target":["https:\/\/compuviper.mx\/tienda\/producto\/startech-com-st103008u2c-hub-concentrador-usb-3-0-de-10-puertos-hub-con-puertos-de-carga-y-sincronizacin-2-puertos-de-1-5a-mod\/"]}]},{"@type":"BreadcrumbList","@id":"https:\/\/compuviper.mx\/tienda\/producto\/startech-com-st103008u2c-hub-concentrador-usb-3-0-de-10-puertos-hub-con-puertos-de-carga-y-sincronizacin-2-puertos-de-1-5a-mod\/#breadcrumb","itemListElement":[{"@type":"ListItem","position":1,"name":"Inicio","item":"https:\/\/compuviper.mx\/tienda\/"},{"@type":"ListItem","position":2,"name":"Productos","item":"https:\/\/compuviper.mx\/tienda\/productos\/"},{"@type":"ListItem","position":3,"name":"Accesorios","item":"https:\/\/compuviper.mx\/tienda\/categoria-producto\/accesorios\/"},{"@type":"ListItem","position":4,"name":"Hub Usb","item":"https:\/\/compuviper.mx\/tienda\/categoria-producto\/accesorios\/hub-usb\/"},{"@type":"ListItem","position":5,"name":"Startech.com St103008u2c Hub Concentrador Usb 3.0 De 10 Puertos &#8211; Hub Con Puertos De Carga Y Sincronizacin &#8211; 2 Puertos De 1.5a &#8211; Mod."}]},{"@type":"WebSite","@id":"https:\/\/compuviper.mx\/tienda\/#website","url":"https:\/\/compuviper.mx\/tienda\/","name":"Compuviper","description":"Proveedor de Computadoras, Laptops, Servidores, Monitores, Puntos de Venta, Teclados,   Impresoras, T\u00f3ner, C\u00e1maras de Seguridad y m\u00e1s en tu tienda en l\u00ednea","publisher":{"@id":"https:\/\/compuviper.mx\/tienda\/#organization"},"potentialAction":[{"@type":"SearchAction","target":{"@type":"EntryPoint","urlTemplate":"https:\/\/compuviper.mx\/tienda\/?s={search_term_string}"},"query-input":"required name=search_term_string"}],"inLanguage":"es-MX"},{"@type":"Organization","@id":"https:\/\/compuviper.mx\/tienda\/#organization","name":"Compuviper","url":"https:\/\/compuviper.mx\/tienda\/","logo":{"@type":"ImageObject","inLanguage":"es-MX","@id":"https:\/\/compuviper.mx\/tienda\/#\/schema\/logo\/image\/","url":"https:\/\/compuviper.mx\/tienda\/wp-content\/uploads\/2021\/08\/Logo-Compuviper-10.png","contentUrl":"https:\/\/compuviper.mx\/tienda\/wp-content\/uploads\/2021\/08\/Logo-Compuviper-10.png","width":1000,"height":500,"caption":"Compuviper"},"image":{"@id":"https:\/\/compuviper.mx\/tienda\/#\/schema\/logo\/image\/"},"sameAs":["https:\/\/www.facebook.com\/compuviper","https:\/\/www.youtube.com\/channel\/UCf73dERp9Y3cfOq7q8BhLjA?view_as=subscriber"]}]},"product_brand":"STARTECH.COM","product_price_amount":"1627","product_price_currency":"MXN","og_availability":"out of stock","product_availability":"out of stock","product_retailer_item_id":"ST103008U2C","product_condition":"new"},"_links":{"self":[{"href":"https:\/\/compuviper.mx\/tienda\/wp-json\/wp\/v2\/product\/212969"}],"collection":[{"href":"https:\/\/compuviper.mx\/tienda\/wp-json\/wp\/v2\/product"}],"about":[{"href":"https:\/\/compuviper.mx\/tienda\/wp-json\/wp\/v2\/types\/product"}],"replies":[{"embeddable":true,"href":"https:\/\/compuviper.mx\/tienda\/wp-json\/wp\/v2\/comments?post=212969"}],"wp:featuredmedia":[{"embeddable":true,"href":"https:\/\/compuviper.mx\/tienda\/wp-json\/wp\/v2\/media\/212970"}],"wp:attachment":[{"href":"https:\/\/compuviper.mx\/tienda\/wp-json\/wp\/v2\/media?parent=212969"}],"wp:term":[{"taxonomy":"product_cat","embeddable":true,"href":"https:\/\/compuviper.mx\/tienda\/wp-json\/wp\/v2\/product_cat?post=212969"},{"taxonomy":"product_tag","embeddable":true,"href":"https:\/\/compuviper.mx\/tienda\/wp-json\/wp\/v2\/product_tag?post=212969"}],"curies":[{"name":"wp","href":"https:\/\/api.w.org\/{rel}","templated":true}]}}