{"id":212967,"date":"2026-04-01T23:34:59","date_gmt":"2026-04-02T05:34:59","guid":{"rendered":"https:\/\/compuviper.mx\/tienda\/producto\/startech-com-st128hd20-splitter-hdmi-de-8-puertos-divisor-splitter-hdmi-de-8-puertos-4k-60hz-con-audio-7-1-mod\/"},"modified":"2026-04-01T23:34:59","modified_gmt":"2026-04-02T05:34:59","slug":"startech-com-st128hd20-splitter-hdmi-de-8-puertos-divisor-splitter-hdmi-de-8-puertos-4k-60hz-con-audio-7-1-mod","status":"publish","type":"product","link":"https:\/\/compuviper.mx\/tienda\/producto\/startech-com-st128hd20-splitter-hdmi-de-8-puertos-divisor-splitter-hdmi-de-8-puertos-4k-60hz-con-audio-7-1-mod\/","title":{"rendered":"Startech.com St128hd20 Splitter Hdmi De 8 Puertos &#8211; Divisor Splitter Hdmi De 8 Puertos &#8211; 4k 60hz Con Audio 7.1 &#8211;  Mod."},"content":{"rendered":"<table class=\"descripcion\">\n<tr>\n<td>Hardware<\/td>\n<\/tr>\n<tr>\n<td>Salida a\/v: hdmi<\/td>\n<\/tr>\n<tr>\n<td>Soporte de audio: s\u00ed<\/td>\n<\/tr>\n<tr>\n<td>Est\u00e1ndares industriales: hdmi 2.0<\/td>\n<\/tr>\n<tr>\n<td>Est\u00e1ndares industriales: hdcp 2.2<\/td>\n<\/tr>\n<tr>\n<td>Entrada a\/v: hdmi<\/td>\n<\/tr>\n<tr>\n<td>Cantidad de puertos: 9<\/td>\n<\/tr>\n<tr>\n<td>Cableado: hdmi<\/td>\n<\/tr>\n<tr>\n<td>Observaciones \/ requisitos<\/td>\n<\/tr>\n<tr>\n<td>Nota: conecte la pantalla hdmi con la resoluci\u00f3n m\u00e1s baja y actualice la frecuencia de barrido a la salida #1 si la pantalla hdcp 1.4 est\u00e1 conectada al puerto #1 todo el sistema cambiar\u00e1 predeterminadamente a hdcp 1.4.<\/td>\n<\/tr>\n<tr>\n<td>Nota: el multiplicador de v\u00eddeo no es compatible con la tarjeta gr\u00e1fica amd radeon rx460<\/td>\n<\/tr>\n<tr>\n<td>Rendimiento<\/td>\n<\/tr>\n<tr>\n<td>Especificaciones de audio: sonido envolvente 7.1<\/td>\n<\/tr>\n<tr>\n<td>Pantalla plana soportada: s\u00ed<\/td>\n<\/tr>\n<tr>\n<td>Resoluci\u00f3n digital m\u00e1xima: 3840&#215;2160 (4k) @ 60hz<\/td>\n<\/tr>\n<tr>\n<td>Resoluciones  admitidas: 2560&#215;1600 \/ 1920&#215;1200 \/ 1920&#215;1080 (1080p) \/ 1280&#215;720 (720p)<\/td>\n<\/tr>\n<tr>\n<td>Conector(es)<\/td>\n<\/tr>\n<tr>\n<td>Conector b: hdmi (19 pines)<\/td>\n<\/tr>\n<tr>\n<td>Conector a: hdmi (19 pines)<\/td>\n<\/tr>\n<tr>\n<td>Caracter\u00edsticas f\u00edsicas<\/td>\n<\/tr>\n<tr>\n<td>Tipo de gabinete: acero<\/td>\n<\/tr>\n<tr>\n<td>Peso del producto: 762 g<\/td>\n<\/tr>\n<tr>\n<td>Longitud del producto: 25.8 cm<\/td>\n<\/tr>\n<tr>\n<td>Ancho del producto: 11 cm<\/td>\n<\/tr>\n<tr>\n<td>Altura del producto: 2.6 cm<\/td>\n<\/tr>\n<\/table>\n","protected":false},"excerpt":{"rendered":"<p>Este multiplicador hdmi 4k le permite enviar la misma fuente de video hdmi a ocho pantallas hdmi, compatible con resoluciones ultra hd y hdr, as\u00ed como audio envolvente.Este multiplicador hdmi 4k 60hz de 8 puertos ofrece total compatibilidad con su equipo hdmi 2.0, incluyendo la resoluci\u00f3n 4k verdadera a 60hz. Para transiciones de color y video m\u00e1s fluidas, el multiplicador ofrece submuestreo de intensidad de color de 4:4:4, lo cual significa que cada p\u00edxel tiene su propio color \u00fanico. La compatibilidad con dispositivos hdmi 2.0 significa que este multiplicador puede transmitir a un ancho de banda de hasta 18gbps, lo cual lo convierte en la soluci\u00f3n ideal de video para tareas de alta resoluci\u00f3n que requieren la m\u00e1s alta calidad de detalles de color. El multiplicador hdcp 2.2 es compatible con pantallas 4k 30hz y 1080p que garantiza que funcionar\u00e1 con pantallas de menor resoluci\u00f3n, como proyectores o tvs de su entorno o en sus aplicaciones de se\u00f1alizaci\u00f3n digital.<\/p>\n","protected":false},"featured_media":212968,"comment_status":"open","ping_status":"open","template":"","meta":[],"product_cat":[1485,1856],"product_tag":[1590],"acf":[],"yoast_head":"<!-- This site is optimized with the Yoast SEO plugin v21.7 - https:\/\/yoast.com\/wordpress\/plugins\/seo\/ -->\n<title>[ Startech.com ] &#129351; St128hd20 Splitter Hdmi De 8 Puertos - Divisor Splitter Hdmi De 8 Puertos - 4k 60hz Con Audio 7.1 - Mod.<\/title>\n<meta name=\"description\" content=\"Compra St128hd20 Splitter Hdmi De 8 Puertos - Divisor Splitter Hdmi De 8 Puertos - 4k 60hz Con Audio 7.1 - Mod. + Env\u00edo a domicilio + Pago seguro + Garant\u00eda\" \/>\n<meta name=\"robots\" content=\"index, follow, max-snippet:-1, max-image-preview:large, max-video-preview:-1\" \/>\n<link rel=\"canonical\" href=\"https:\/\/compuviper.mx\/tienda\/producto\/startech-com-st128hd20-splitter-hdmi-de-8-puertos-divisor-splitter-hdmi-de-8-puertos-4k-60hz-con-audio-7-1-mod\/\" \/>\n<meta property=\"og:locale\" content=\"es_MX\" \/>\n<meta property=\"og:type\" content=\"article\" \/>\n<meta property=\"og:title\" content=\"[ Startech.com ] &#129351; St128hd20 Splitter Hdmi De 8 Puertos - Divisor Splitter Hdmi De 8 Puertos - 4k 60hz Con Audio 7.1 - Mod.\" \/>\n<meta property=\"og:description\" content=\"Compra St128hd20 Splitter Hdmi De 8 Puertos - Divisor Splitter Hdmi De 8 Puertos - 4k 60hz Con Audio 7.1 - Mod. + Env\u00edo a domicilio + Pago seguro + Garant\u00eda\" \/>\n<meta property=\"og:url\" content=\"https:\/\/compuviper.mx\/tienda\/producto\/startech-com-st128hd20-splitter-hdmi-de-8-puertos-divisor-splitter-hdmi-de-8-puertos-4k-60hz-con-audio-7-1-mod\/\" \/>\n<meta property=\"og:site_name\" content=\"Compuviper\" \/>\n<meta property=\"article:publisher\" content=\"https:\/\/www.facebook.com\/compuviper\" \/>\n<meta property=\"og:image\" content=\"https:\/\/compuviper.mx\/tienda\/wp-content\/uploads\/2023\/12\/Splitter-hdmi-de-8-puertos-divisor-splitter-hdmi-de-8-puertos-4k-60hz-con-audio-7.1-startech.com-mod.-st128hd20.jpg\" \/>\n\t<meta property=\"og:image:width\" content=\"200\" \/>\n\t<meta property=\"og:image:height\" content=\"200\" \/>\n\t<meta property=\"og:image:type\" content=\"image\/jpeg\" \/>\n<meta name=\"twitter:card\" content=\"summary_large_image\" \/>\n<meta name=\"twitter:label1\" content=\"Precio\" \/>\n\t<meta name=\"twitter:data1\" content=\"&#36;3,620 con IVA\" \/>\n\t<meta name=\"twitter:label2\" content=\"Availability\" \/>\n\t<meta name=\"twitter:data2\" content=\"In stock\" \/>\n<script type=\"application\/ld+json\" class=\"yoast-schema-graph\">{\"@context\":\"https:\/\/schema.org\",\"@graph\":[{\"@type\":\"WebPage\",\"@id\":\"https:\/\/compuviper.mx\/tienda\/producto\/startech-com-st128hd20-splitter-hdmi-de-8-puertos-divisor-splitter-hdmi-de-8-puertos-4k-60hz-con-audio-7-1-mod\/\",\"url\":\"https:\/\/compuviper.mx\/tienda\/producto\/startech-com-st128hd20-splitter-hdmi-de-8-puertos-divisor-splitter-hdmi-de-8-puertos-4k-60hz-con-audio-7-1-mod\/\",\"name\":\"[ Startech.com ] &#129351; St128hd20 Splitter Hdmi De 8 Puertos - Divisor Splitter Hdmi De 8 Puertos - 4k 60hz Con Audio 7.1 - Mod.\",\"isPartOf\":{\"@id\":\"https:\/\/compuviper.mx\/tienda\/#website\"},\"datePublished\":\"2026-04-02T05:34:59+00:00\",\"dateModified\":\"2026-04-02T05:34:59+00:00\",\"description\":\"Compra St128hd20 Splitter Hdmi De 8 Puertos - Divisor Splitter Hdmi De 8 Puertos - 4k 60hz Con Audio 7.1 - Mod. + Env\u00edo a domicilio + Pago seguro + Garant\u00eda\",\"breadcrumb\":{\"@id\":\"https:\/\/compuviper.mx\/tienda\/producto\/startech-com-st128hd20-splitter-hdmi-de-8-puertos-divisor-splitter-hdmi-de-8-puertos-4k-60hz-con-audio-7-1-mod\/#breadcrumb\"},\"inLanguage\":\"es-MX\",\"potentialAction\":[{\"@type\":\"ReadAction\",\"target\":[\"https:\/\/compuviper.mx\/tienda\/producto\/startech-com-st128hd20-splitter-hdmi-de-8-puertos-divisor-splitter-hdmi-de-8-puertos-4k-60hz-con-audio-7-1-mod\/\"]}]},{\"@type\":\"BreadcrumbList\",\"@id\":\"https:\/\/compuviper.mx\/tienda\/producto\/startech-com-st128hd20-splitter-hdmi-de-8-puertos-divisor-splitter-hdmi-de-8-puertos-4k-60hz-con-audio-7-1-mod\/#breadcrumb\",\"itemListElement\":[{\"@type\":\"ListItem\",\"position\":1,\"name\":\"Inicio\",\"item\":\"https:\/\/compuviper.mx\/tienda\/\"},{\"@type\":\"ListItem\",\"position\":2,\"name\":\"Productos\",\"item\":\"https:\/\/compuviper.mx\/tienda\/productos\/\"},{\"@type\":\"ListItem\",\"position\":3,\"name\":\"Accesorios\",\"item\":\"https:\/\/compuviper.mx\/tienda\/categoria-producto\/accesorios\/\"},{\"@type\":\"ListItem\",\"position\":4,\"name\":\"Video Splitter\",\"item\":\"https:\/\/compuviper.mx\/tienda\/categoria-producto\/accesorios\/video-splitter\/\"},{\"@type\":\"ListItem\",\"position\":5,\"name\":\"Startech.com St128hd20 Splitter Hdmi De 8 Puertos &#8211; Divisor Splitter Hdmi De 8 Puertos &#8211; 4k 60hz Con Audio 7.1 &#8211; Mod.\"}]},{\"@type\":\"WebSite\",\"@id\":\"https:\/\/compuviper.mx\/tienda\/#website\",\"url\":\"https:\/\/compuviper.mx\/tienda\/\",\"name\":\"Compuviper\",\"description\":\"Proveedor de Computadoras, Laptops, Servidores, Monitores, Puntos de Venta, Teclados,   Impresoras, T\u00f3ner, C\u00e1maras de Seguridad y m\u00e1s en tu tienda en l\u00ednea\",\"publisher\":{\"@id\":\"https:\/\/compuviper.mx\/tienda\/#organization\"},\"potentialAction\":[{\"@type\":\"SearchAction\",\"target\":{\"@type\":\"EntryPoint\",\"urlTemplate\":\"https:\/\/compuviper.mx\/tienda\/?s={search_term_string}\"},\"query-input\":\"required name=search_term_string\"}],\"inLanguage\":\"es-MX\"},{\"@type\":\"Organization\",\"@id\":\"https:\/\/compuviper.mx\/tienda\/#organization\",\"name\":\"Compuviper\",\"url\":\"https:\/\/compuviper.mx\/tienda\/\",\"logo\":{\"@type\":\"ImageObject\",\"inLanguage\":\"es-MX\",\"@id\":\"https:\/\/compuviper.mx\/tienda\/#\/schema\/logo\/image\/\",\"url\":\"https:\/\/compuviper.mx\/tienda\/wp-content\/uploads\/2021\/08\/Logo-Compuviper-10.png\",\"contentUrl\":\"https:\/\/compuviper.mx\/tienda\/wp-content\/uploads\/2021\/08\/Logo-Compuviper-10.png\",\"width\":1000,\"height\":500,\"caption\":\"Compuviper\"},\"image\":{\"@id\":\"https:\/\/compuviper.mx\/tienda\/#\/schema\/logo\/image\/\"},\"sameAs\":[\"https:\/\/www.facebook.com\/compuviper\",\"https:\/\/www.youtube.com\/channel\/UCf73dERp9Y3cfOq7q8BhLjA?view_as=subscriber\"]}]}<\/script>\n<meta property=\"product:brand\" content=\"STARTECH.COM\" \/>\n<meta property=\"product:price:amount\" content=\"3620\" \/>\n<meta property=\"product:price:currency\" content=\"MXN\" \/>\n<meta property=\"og:availability\" content=\"instock\" \/>\n<meta property=\"product:availability\" content=\"instock\" \/>\n<meta property=\"product:retailer_item_id\" content=\"ST128HD20\" \/>\n<meta property=\"product:condition\" content=\"new\" \/>\n<!-- \/ Yoast SEO plugin. -->","yoast_head_json":{"title":"[ Startech.com ] &#129351; St128hd20 Splitter Hdmi De 8 Puertos - Divisor Splitter Hdmi De 8 Puertos - 4k 60hz Con Audio 7.1 - Mod.","description":"Compra St128hd20 Splitter Hdmi De 8 Puertos - Divisor Splitter Hdmi De 8 Puertos - 4k 60hz Con Audio 7.1 - Mod. + Env\u00edo a domicilio + Pago seguro + Garant\u00eda","robots":{"index":"index","follow":"follow","max-snippet":"max-snippet:-1","max-image-preview":"max-image-preview:large","max-video-preview":"max-video-preview:-1"},"canonical":"https:\/\/compuviper.mx\/tienda\/producto\/startech-com-st128hd20-splitter-hdmi-de-8-puertos-divisor-splitter-hdmi-de-8-puertos-4k-60hz-con-audio-7-1-mod\/","og_locale":"es_MX","og_type":"article","og_title":"[ Startech.com ] &#129351; St128hd20 Splitter Hdmi De 8 Puertos - Divisor Splitter Hdmi De 8 Puertos - 4k 60hz Con Audio 7.1 - Mod.","og_description":"Compra St128hd20 Splitter Hdmi De 8 Puertos - Divisor Splitter Hdmi De 8 Puertos - 4k 60hz Con Audio 7.1 - Mod. + Env\u00edo a domicilio + Pago seguro + Garant\u00eda","og_url":"https:\/\/compuviper.mx\/tienda\/producto\/startech-com-st128hd20-splitter-hdmi-de-8-puertos-divisor-splitter-hdmi-de-8-puertos-4k-60hz-con-audio-7-1-mod\/","og_site_name":"Compuviper","article_publisher":"https:\/\/www.facebook.com\/compuviper","og_image":[{"width":200,"height":200,"url":"https:\/\/compuviper.mx\/tienda\/wp-content\/uploads\/2023\/12\/Splitter-hdmi-de-8-puertos-divisor-splitter-hdmi-de-8-puertos-4k-60hz-con-audio-7.1-startech.com-mod.-st128hd20.jpg","type":"image\/jpeg"}],"twitter_card":"summary_large_image","twitter_misc":{"Precio":"&#36;3,620 con IVA","Availability":"In stock"},"schema":{"@context":"https:\/\/schema.org","@graph":[{"@type":"WebPage","@id":"https:\/\/compuviper.mx\/tienda\/producto\/startech-com-st128hd20-splitter-hdmi-de-8-puertos-divisor-splitter-hdmi-de-8-puertos-4k-60hz-con-audio-7-1-mod\/","url":"https:\/\/compuviper.mx\/tienda\/producto\/startech-com-st128hd20-splitter-hdmi-de-8-puertos-divisor-splitter-hdmi-de-8-puertos-4k-60hz-con-audio-7-1-mod\/","name":"[ Startech.com ] &#129351; St128hd20 Splitter Hdmi De 8 Puertos - Divisor Splitter Hdmi De 8 Puertos - 4k 60hz Con Audio 7.1 - Mod.","isPartOf":{"@id":"https:\/\/compuviper.mx\/tienda\/#website"},"datePublished":"2026-04-02T05:34:59+00:00","dateModified":"2026-04-02T05:34:59+00:00","description":"Compra St128hd20 Splitter Hdmi De 8 Puertos - Divisor Splitter Hdmi De 8 Puertos - 4k 60hz Con Audio 7.1 - Mod. + Env\u00edo a domicilio + Pago seguro + Garant\u00eda","breadcrumb":{"@id":"https:\/\/compuviper.mx\/tienda\/producto\/startech-com-st128hd20-splitter-hdmi-de-8-puertos-divisor-splitter-hdmi-de-8-puertos-4k-60hz-con-audio-7-1-mod\/#breadcrumb"},"inLanguage":"es-MX","potentialAction":[{"@type":"ReadAction","target":["https:\/\/compuviper.mx\/tienda\/producto\/startech-com-st128hd20-splitter-hdmi-de-8-puertos-divisor-splitter-hdmi-de-8-puertos-4k-60hz-con-audio-7-1-mod\/"]}]},{"@type":"BreadcrumbList","@id":"https:\/\/compuviper.mx\/tienda\/producto\/startech-com-st128hd20-splitter-hdmi-de-8-puertos-divisor-splitter-hdmi-de-8-puertos-4k-60hz-con-audio-7-1-mod\/#breadcrumb","itemListElement":[{"@type":"ListItem","position":1,"name":"Inicio","item":"https:\/\/compuviper.mx\/tienda\/"},{"@type":"ListItem","position":2,"name":"Productos","item":"https:\/\/compuviper.mx\/tienda\/productos\/"},{"@type":"ListItem","position":3,"name":"Accesorios","item":"https:\/\/compuviper.mx\/tienda\/categoria-producto\/accesorios\/"},{"@type":"ListItem","position":4,"name":"Video Splitter","item":"https:\/\/compuviper.mx\/tienda\/categoria-producto\/accesorios\/video-splitter\/"},{"@type":"ListItem","position":5,"name":"Startech.com St128hd20 Splitter Hdmi De 8 Puertos &#8211; Divisor Splitter Hdmi De 8 Puertos &#8211; 4k 60hz Con Audio 7.1 &#8211; Mod."}]},{"@type":"WebSite","@id":"https:\/\/compuviper.mx\/tienda\/#website","url":"https:\/\/compuviper.mx\/tienda\/","name":"Compuviper","description":"Proveedor de Computadoras, Laptops, Servidores, Monitores, Puntos de Venta, Teclados,   Impresoras, T\u00f3ner, C\u00e1maras de Seguridad y m\u00e1s en tu tienda en l\u00ednea","publisher":{"@id":"https:\/\/compuviper.mx\/tienda\/#organization"},"potentialAction":[{"@type":"SearchAction","target":{"@type":"EntryPoint","urlTemplate":"https:\/\/compuviper.mx\/tienda\/?s={search_term_string}"},"query-input":"required name=search_term_string"}],"inLanguage":"es-MX"},{"@type":"Organization","@id":"https:\/\/compuviper.mx\/tienda\/#organization","name":"Compuviper","url":"https:\/\/compuviper.mx\/tienda\/","logo":{"@type":"ImageObject","inLanguage":"es-MX","@id":"https:\/\/compuviper.mx\/tienda\/#\/schema\/logo\/image\/","url":"https:\/\/compuviper.mx\/tienda\/wp-content\/uploads\/2021\/08\/Logo-Compuviper-10.png","contentUrl":"https:\/\/compuviper.mx\/tienda\/wp-content\/uploads\/2021\/08\/Logo-Compuviper-10.png","width":1000,"height":500,"caption":"Compuviper"},"image":{"@id":"https:\/\/compuviper.mx\/tienda\/#\/schema\/logo\/image\/"},"sameAs":["https:\/\/www.facebook.com\/compuviper","https:\/\/www.youtube.com\/channel\/UCf73dERp9Y3cfOq7q8BhLjA?view_as=subscriber"]}]},"product_brand":"STARTECH.COM","product_price_amount":"3620","product_price_currency":"MXN","og_availability":"instock","product_availability":"instock","product_retailer_item_id":"ST128HD20","product_condition":"new"},"_links":{"self":[{"href":"https:\/\/compuviper.mx\/tienda\/wp-json\/wp\/v2\/product\/212967"}],"collection":[{"href":"https:\/\/compuviper.mx\/tienda\/wp-json\/wp\/v2\/product"}],"about":[{"href":"https:\/\/compuviper.mx\/tienda\/wp-json\/wp\/v2\/types\/product"}],"replies":[{"embeddable":true,"href":"https:\/\/compuviper.mx\/tienda\/wp-json\/wp\/v2\/comments?post=212967"}],"wp:featuredmedia":[{"embeddable":true,"href":"https:\/\/compuviper.mx\/tienda\/wp-json\/wp\/v2\/media\/212968"}],"wp:attachment":[{"href":"https:\/\/compuviper.mx\/tienda\/wp-json\/wp\/v2\/media?parent=212967"}],"wp:term":[{"taxonomy":"product_cat","embeddable":true,"href":"https:\/\/compuviper.mx\/tienda\/wp-json\/wp\/v2\/product_cat?post=212967"},{"taxonomy":"product_tag","embeddable":true,"href":"https:\/\/compuviper.mx\/tienda\/wp-json\/wp\/v2\/product_tag?post=212967"}],"curies":[{"name":"wp","href":"https:\/\/api.w.org\/{rel}","templated":true}]}}