{"id":212963,"date":"2026-04-06T23:35:08","date_gmt":"2026-04-07T05:35:08","guid":{"rendered":"https:\/\/compuviper.mx\/tienda\/producto\/startech-com-vs421hd4ka-switch-conmutador-automtico-hdmi-de-4-puertos-seleccin-rpida-4k-con-deteccin-automtica-y-control-serial-mod\/"},"modified":"2026-04-06T23:35:09","modified_gmt":"2026-04-07T05:35:09","slug":"startech-com-vs421hd4ka-switch-conmutador-automtico-hdmi-de-4-puertos-seleccin-rpida-4k-con-deteccin-automtica-y-control-serial-mod","status":"publish","type":"product","link":"https:\/\/compuviper.mx\/tienda\/producto\/startech-com-vs421hd4ka-switch-conmutador-automtico-hdmi-de-4-puertos-seleccin-rpida-4k-con-deteccin-automtica-y-control-serial-mod\/","title":{"rendered":"Startech.com Vs421hd4ka Switch Conmutador Automtico Hdmi De 4 Puertos &#8211; Seleccin Rpida 4k Con Deteccin Automtica Y Control Serial &#8211;  Mod."},"content":{"rendered":"<table class=\"descripcion\">\n<tr>\n<td>Hardware<\/td>\n<\/tr>\n<tr>\n<td>Cantidad de puertos: 4<\/td>\n<\/tr>\n<tr>\n<td>Entrada a\/v: hdmi<\/td>\n<\/tr>\n<tr>\n<td>Est\u00e1ndares industriales: hdmi 1.4<\/td>\n<\/tr>\n<tr>\n<td>Salida a\/v: hdmi<\/td>\n<\/tr>\n<tr>\n<td>Soporte de audio: s\u00ed<\/td>\n<\/tr>\n<tr>\n<td>Indicadores<\/td>\n<\/tr>\n<tr>\n<td>Indicadores led: indicador led de puerto activo<\/td>\n<\/tr>\n<tr>\n<td>Indicadores led: led de alimentaci\u00f3n<\/td>\n<\/tr>\n<tr>\n<td>Rendimiento<\/td>\n<\/tr>\n<tr>\n<td>Especificaciones de audio: sonido envolvente 7.1<\/td>\n<\/tr>\n<tr>\n<td>Pantalla plana soportada: s\u00ed<\/td>\n<\/tr>\n<tr>\n<td>Resoluci\u00f3n digital m\u00e1xima: 4k @ 30 hz<\/td>\n<\/tr>\n<tr>\n<td>Resoluciones  admitidas: 3840&#215;2160 (4k)<\/td>\n<\/tr>\n<tr>\n<td>2560&#215;1600<\/td>\n<\/tr>\n<tr>\n<td>1920&#215;1200<\/td>\n<\/tr>\n<tr>\n<td>1920&#215;1080 (1080p)<\/td>\n<\/tr>\n<tr>\n<td>1280&#215;720 (720p)<\/td>\n<\/tr>\n<tr>\n<td>Requisitos de energ\u00eda<\/td>\n<\/tr>\n<tr>\n<td>Adaptador de corriente incluido: adaptador de alimentaci\u00f3n de ca incluido<\/td>\n<\/tr>\n<tr>\n<td>Alimentaci\u00f3n de salida: 1.5<\/td>\n<\/tr>\n<tr>\n<td>Consumo de energ\u00eda: 18<\/td>\n<\/tr>\n<tr>\n<td>Tensi\u00f3n de entrada: 100 &#8211; 240 ac<\/td>\n<\/tr>\n<tr>\n<td>Tensi\u00f3n de salida: 12v dc<\/td>\n<\/tr>\n<tr>\n<td>Conector(es)<\/td>\n<\/tr>\n<tr>\n<td>Conector b: rj-11<\/td>\n<\/tr>\n<tr>\n<td>Conector b: hdmi (19 pines)<\/td>\n<\/tr>\n<tr>\n<td>Conector a: hdmi (19 pines)<\/td>\n<\/tr>\n<tr>\n<td>Caracter\u00edsticas f\u00edsicas<\/td>\n<\/tr>\n<tr>\n<td>Tipo de gabinete: acero<\/td>\n<\/tr>\n<tr>\n<td>Peso del producto: 291 g<\/td>\n<\/tr>\n<tr>\n<td>Longitud del producto: 15.6 cm<\/td>\n<\/tr>\n<tr>\n<td>Ancho del producto: 65 mm<\/td>\n<\/tr>\n<tr>\n<td>Altura del producto: 2 cm<\/td>\n<\/tr>\n<\/table>\n","protected":false},"excerpt":{"rendered":"<p>Cree una poderosa experiencia visual, con la capacidad de conmutaci\u00f3n continua entre cuatro fuentes de video 4k. Este switch hdmi\u00ae de 4 puertos le permite compartir un monitor, proyector o tv con cuatro fuentes de video ultra hd, para cambiar entre ellas sin casi interrupci\u00f3n. Mantiene la calidad de imagen 4k ultra hd mientras se conmuta entre el contenido de los dispositivos hdmi de origen: incluidos reproductores blu-ray\u0099, reproductores de dvd, sistemas inform\u00e1ticos, consolas de videojuegos, decodificadores de canales digitales de pago o v\u00eda sat\u00e9lite, as\u00ed como receptores audiovisuales.\u00a0la compatibilidad con resoluci\u00f3n 4k garantiza un mayor nivel de visibilidad y claridad de im\u00e1genes, ya que se ofrece\u00a0cuatro veces la resoluci\u00f3n de 1080p: 8.29\u00a0millones de p\u00edxeles en comparaci\u00f3n con 2.07\u00a0millones de p\u00edxeles. Ofrece una experiencia visual m\u00e1s cautivadora para audiencias en un centro de conferencias o una sala de juntas, instalaciones educativas o un centro comercial.<\/p>\n","protected":false},"featured_media":212964,"comment_status":"open","ping_status":"open","template":"","meta":[],"product_cat":[1485,1506],"product_tag":[1590],"acf":[],"yoast_head":"<!-- This site is optimized with the Yoast SEO plugin v21.7 - https:\/\/yoast.com\/wordpress\/plugins\/seo\/ -->\n<title>[ Startech.com ] &#129351; Vs421hd4ka Switch Conmutador Automtico Hdmi De 4 Puertos - Seleccin Rpida 4k Con Deteccin Automtica Y Control Serial - Mod.<\/title>\n<meta name=\"description\" content=\"Compra Vs421hd4ka Switch Conmutador Automtico Hdmi De 4 Puertos - Seleccin Rpida 4k Con Deteccin Automtica Y Control Serial - Mod. + Env\u00edo a domicilio + Pago seguro + Garant\u00eda\" \/>\n<meta name=\"robots\" content=\"index, follow, max-snippet:-1, max-image-preview:large, max-video-preview:-1\" \/>\n<link rel=\"canonical\" href=\"https:\/\/compuviper.mx\/tienda\/producto\/startech-com-vs421hd4ka-switch-conmutador-automtico-hdmi-de-4-puertos-seleccin-rpida-4k-con-deteccin-automtica-y-control-serial-mod\/\" \/>\n<meta property=\"og:locale\" content=\"es_MX\" \/>\n<meta property=\"og:type\" content=\"article\" \/>\n<meta property=\"og:title\" content=\"[ Startech.com ] &#129351; Vs421hd4ka Switch Conmutador Automtico Hdmi De 4 Puertos - Seleccin Rpida 4k Con Deteccin Automtica Y Control Serial - Mod.\" \/>\n<meta property=\"og:description\" content=\"Compra Vs421hd4ka Switch Conmutador Automtico Hdmi De 4 Puertos - Seleccin Rpida 4k Con Deteccin Automtica Y Control Serial - Mod. + Env\u00edo a domicilio + Pago seguro + Garant\u00eda\" \/>\n<meta property=\"og:url\" content=\"https:\/\/compuviper.mx\/tienda\/producto\/startech-com-vs421hd4ka-switch-conmutador-automtico-hdmi-de-4-puertos-seleccin-rpida-4k-con-deteccin-automtica-y-control-serial-mod\/\" \/>\n<meta property=\"og:site_name\" content=\"Compuviper\" \/>\n<meta property=\"article:publisher\" content=\"https:\/\/www.facebook.com\/compuviper\" \/>\n<meta property=\"article:modified_time\" content=\"2026-04-07T05:35:09+00:00\" \/>\n<meta property=\"og:image\" content=\"https:\/\/compuviper.mx\/tienda\/wp-content\/uploads\/2023\/12\/Switch-conmutador-automatico-hdmi-de-4-puertos-seleccion-rapida-4k-con-deteccion-automatica-y-control-serial-startech.com-mod.-vs421hd4ka.jpg\" \/>\n\t<meta property=\"og:image:width\" content=\"200\" \/>\n\t<meta property=\"og:image:height\" content=\"200\" \/>\n\t<meta property=\"og:image:type\" content=\"image\/jpeg\" \/>\n<meta name=\"twitter:card\" content=\"summary_large_image\" \/>\n<meta name=\"twitter:label1\" content=\"Precio\" \/>\n\t<meta name=\"twitter:data1\" content=\"&#36;3,031 con IVA\" \/>\n\t<meta name=\"twitter:label2\" content=\"Availability\" \/>\n\t<meta name=\"twitter:data2\" content=\"Out of stock\" \/>\n<script type=\"application\/ld+json\" class=\"yoast-schema-graph\">{\"@context\":\"https:\/\/schema.org\",\"@graph\":[{\"@type\":\"WebPage\",\"@id\":\"https:\/\/compuviper.mx\/tienda\/producto\/startech-com-vs421hd4ka-switch-conmutador-automtico-hdmi-de-4-puertos-seleccin-rpida-4k-con-deteccin-automtica-y-control-serial-mod\/\",\"url\":\"https:\/\/compuviper.mx\/tienda\/producto\/startech-com-vs421hd4ka-switch-conmutador-automtico-hdmi-de-4-puertos-seleccin-rpida-4k-con-deteccin-automtica-y-control-serial-mod\/\",\"name\":\"[ Startech.com ] &#129351; Vs421hd4ka Switch Conmutador Automtico Hdmi De 4 Puertos - Seleccin Rpida 4k Con Deteccin Automtica Y Control Serial - Mod.\",\"isPartOf\":{\"@id\":\"https:\/\/compuviper.mx\/tienda\/#website\"},\"datePublished\":\"2026-04-07T05:35:08+00:00\",\"dateModified\":\"2026-04-07T05:35:09+00:00\",\"description\":\"Compra Vs421hd4ka Switch Conmutador Automtico Hdmi De 4 Puertos - Seleccin Rpida 4k Con Deteccin Automtica Y Control Serial - Mod. + Env\u00edo a domicilio + Pago seguro + Garant\u00eda\",\"breadcrumb\":{\"@id\":\"https:\/\/compuviper.mx\/tienda\/producto\/startech-com-vs421hd4ka-switch-conmutador-automtico-hdmi-de-4-puertos-seleccin-rpida-4k-con-deteccin-automtica-y-control-serial-mod\/#breadcrumb\"},\"inLanguage\":\"es-MX\",\"potentialAction\":[{\"@type\":\"ReadAction\",\"target\":[\"https:\/\/compuviper.mx\/tienda\/producto\/startech-com-vs421hd4ka-switch-conmutador-automtico-hdmi-de-4-puertos-seleccin-rpida-4k-con-deteccin-automtica-y-control-serial-mod\/\"]}]},{\"@type\":\"BreadcrumbList\",\"@id\":\"https:\/\/compuviper.mx\/tienda\/producto\/startech-com-vs421hd4ka-switch-conmutador-automtico-hdmi-de-4-puertos-seleccin-rpida-4k-con-deteccin-automtica-y-control-serial-mod\/#breadcrumb\",\"itemListElement\":[{\"@type\":\"ListItem\",\"position\":1,\"name\":\"Inicio\",\"item\":\"https:\/\/compuviper.mx\/tienda\/\"},{\"@type\":\"ListItem\",\"position\":2,\"name\":\"Productos\",\"item\":\"https:\/\/compuviper.mx\/tienda\/productos\/\"},{\"@type\":\"ListItem\",\"position\":3,\"name\":\"Accesorios\",\"item\":\"https:\/\/compuviper.mx\/tienda\/categoria-producto\/accesorios\/\"},{\"@type\":\"ListItem\",\"position\":4,\"name\":\"Conectividad\",\"item\":\"https:\/\/compuviper.mx\/tienda\/categoria-producto\/accesorios\/conectividad\/\"},{\"@type\":\"ListItem\",\"position\":5,\"name\":\"Startech.com Vs421hd4ka Switch Conmutador Automtico Hdmi De 4 Puertos &#8211; Seleccin Rpida 4k Con Deteccin Automtica Y Control Serial &#8211; Mod.\"}]},{\"@type\":\"WebSite\",\"@id\":\"https:\/\/compuviper.mx\/tienda\/#website\",\"url\":\"https:\/\/compuviper.mx\/tienda\/\",\"name\":\"Compuviper\",\"description\":\"Proveedor de Computadoras, Laptops, Servidores, Monitores, Puntos de Venta, Teclados,   Impresoras, T\u00f3ner, C\u00e1maras de Seguridad y m\u00e1s en tu tienda en l\u00ednea\",\"publisher\":{\"@id\":\"https:\/\/compuviper.mx\/tienda\/#organization\"},\"potentialAction\":[{\"@type\":\"SearchAction\",\"target\":{\"@type\":\"EntryPoint\",\"urlTemplate\":\"https:\/\/compuviper.mx\/tienda\/?s={search_term_string}\"},\"query-input\":\"required name=search_term_string\"}],\"inLanguage\":\"es-MX\"},{\"@type\":\"Organization\",\"@id\":\"https:\/\/compuviper.mx\/tienda\/#organization\",\"name\":\"Compuviper\",\"url\":\"https:\/\/compuviper.mx\/tienda\/\",\"logo\":{\"@type\":\"ImageObject\",\"inLanguage\":\"es-MX\",\"@id\":\"https:\/\/compuviper.mx\/tienda\/#\/schema\/logo\/image\/\",\"url\":\"https:\/\/compuviper.mx\/tienda\/wp-content\/uploads\/2021\/08\/Logo-Compuviper-10.png\",\"contentUrl\":\"https:\/\/compuviper.mx\/tienda\/wp-content\/uploads\/2021\/08\/Logo-Compuviper-10.png\",\"width\":1000,\"height\":500,\"caption\":\"Compuviper\"},\"image\":{\"@id\":\"https:\/\/compuviper.mx\/tienda\/#\/schema\/logo\/image\/\"},\"sameAs\":[\"https:\/\/www.facebook.com\/compuviper\",\"https:\/\/www.youtube.com\/channel\/UCf73dERp9Y3cfOq7q8BhLjA?view_as=subscriber\"]}]}<\/script>\n<meta property=\"product:brand\" content=\"STARTECH.COM\" \/>\n<meta property=\"product:price:amount\" content=\"3031\" \/>\n<meta property=\"product:price:currency\" content=\"MXN\" \/>\n<meta property=\"og:availability\" content=\"out of stock\" \/>\n<meta property=\"product:availability\" content=\"out of stock\" \/>\n<meta property=\"product:retailer_item_id\" content=\"VS421HD4KA\" \/>\n<meta property=\"product:condition\" content=\"new\" \/>\n<!-- \/ Yoast SEO plugin. -->","yoast_head_json":{"title":"[ Startech.com ] &#129351; Vs421hd4ka Switch Conmutador Automtico Hdmi De 4 Puertos - Seleccin Rpida 4k Con Deteccin Automtica Y Control Serial - Mod.","description":"Compra Vs421hd4ka Switch Conmutador Automtico Hdmi De 4 Puertos - Seleccin Rpida 4k Con Deteccin Automtica Y Control Serial - Mod. + Env\u00edo a domicilio + Pago seguro + Garant\u00eda","robots":{"index":"index","follow":"follow","max-snippet":"max-snippet:-1","max-image-preview":"max-image-preview:large","max-video-preview":"max-video-preview:-1"},"canonical":"https:\/\/compuviper.mx\/tienda\/producto\/startech-com-vs421hd4ka-switch-conmutador-automtico-hdmi-de-4-puertos-seleccin-rpida-4k-con-deteccin-automtica-y-control-serial-mod\/","og_locale":"es_MX","og_type":"article","og_title":"[ Startech.com ] &#129351; Vs421hd4ka Switch Conmutador Automtico Hdmi De 4 Puertos - Seleccin Rpida 4k Con Deteccin Automtica Y Control Serial - Mod.","og_description":"Compra Vs421hd4ka Switch Conmutador Automtico Hdmi De 4 Puertos - Seleccin Rpida 4k Con Deteccin Automtica Y Control Serial - Mod. + Env\u00edo a domicilio + Pago seguro + Garant\u00eda","og_url":"https:\/\/compuviper.mx\/tienda\/producto\/startech-com-vs421hd4ka-switch-conmutador-automtico-hdmi-de-4-puertos-seleccin-rpida-4k-con-deteccin-automtica-y-control-serial-mod\/","og_site_name":"Compuviper","article_publisher":"https:\/\/www.facebook.com\/compuviper","article_modified_time":"2026-04-07T05:35:09+00:00","og_image":[{"width":200,"height":200,"url":"https:\/\/compuviper.mx\/tienda\/wp-content\/uploads\/2023\/12\/Switch-conmutador-automatico-hdmi-de-4-puertos-seleccion-rapida-4k-con-deteccion-automatica-y-control-serial-startech.com-mod.-vs421hd4ka.jpg","type":"image\/jpeg"}],"twitter_card":"summary_large_image","twitter_misc":{"Precio":"&#36;3,031 con IVA","Availability":"Out of stock"},"schema":{"@context":"https:\/\/schema.org","@graph":[{"@type":"WebPage","@id":"https:\/\/compuviper.mx\/tienda\/producto\/startech-com-vs421hd4ka-switch-conmutador-automtico-hdmi-de-4-puertos-seleccin-rpida-4k-con-deteccin-automtica-y-control-serial-mod\/","url":"https:\/\/compuviper.mx\/tienda\/producto\/startech-com-vs421hd4ka-switch-conmutador-automtico-hdmi-de-4-puertos-seleccin-rpida-4k-con-deteccin-automtica-y-control-serial-mod\/","name":"[ Startech.com ] &#129351; Vs421hd4ka Switch Conmutador Automtico Hdmi De 4 Puertos - Seleccin Rpida 4k Con Deteccin Automtica Y Control Serial - Mod.","isPartOf":{"@id":"https:\/\/compuviper.mx\/tienda\/#website"},"datePublished":"2026-04-07T05:35:08+00:00","dateModified":"2026-04-07T05:35:09+00:00","description":"Compra Vs421hd4ka Switch Conmutador Automtico Hdmi De 4 Puertos - Seleccin Rpida 4k Con Deteccin Automtica Y Control Serial - Mod. + Env\u00edo a domicilio + Pago seguro + Garant\u00eda","breadcrumb":{"@id":"https:\/\/compuviper.mx\/tienda\/producto\/startech-com-vs421hd4ka-switch-conmutador-automtico-hdmi-de-4-puertos-seleccin-rpida-4k-con-deteccin-automtica-y-control-serial-mod\/#breadcrumb"},"inLanguage":"es-MX","potentialAction":[{"@type":"ReadAction","target":["https:\/\/compuviper.mx\/tienda\/producto\/startech-com-vs421hd4ka-switch-conmutador-automtico-hdmi-de-4-puertos-seleccin-rpida-4k-con-deteccin-automtica-y-control-serial-mod\/"]}]},{"@type":"BreadcrumbList","@id":"https:\/\/compuviper.mx\/tienda\/producto\/startech-com-vs421hd4ka-switch-conmutador-automtico-hdmi-de-4-puertos-seleccin-rpida-4k-con-deteccin-automtica-y-control-serial-mod\/#breadcrumb","itemListElement":[{"@type":"ListItem","position":1,"name":"Inicio","item":"https:\/\/compuviper.mx\/tienda\/"},{"@type":"ListItem","position":2,"name":"Productos","item":"https:\/\/compuviper.mx\/tienda\/productos\/"},{"@type":"ListItem","position":3,"name":"Accesorios","item":"https:\/\/compuviper.mx\/tienda\/categoria-producto\/accesorios\/"},{"@type":"ListItem","position":4,"name":"Conectividad","item":"https:\/\/compuviper.mx\/tienda\/categoria-producto\/accesorios\/conectividad\/"},{"@type":"ListItem","position":5,"name":"Startech.com Vs421hd4ka Switch Conmutador Automtico Hdmi De 4 Puertos &#8211; Seleccin Rpida 4k Con Deteccin Automtica Y Control Serial &#8211; Mod."}]},{"@type":"WebSite","@id":"https:\/\/compuviper.mx\/tienda\/#website","url":"https:\/\/compuviper.mx\/tienda\/","name":"Compuviper","description":"Proveedor de Computadoras, Laptops, Servidores, Monitores, Puntos de Venta, Teclados,   Impresoras, T\u00f3ner, C\u00e1maras de Seguridad y m\u00e1s en tu tienda en l\u00ednea","publisher":{"@id":"https:\/\/compuviper.mx\/tienda\/#organization"},"potentialAction":[{"@type":"SearchAction","target":{"@type":"EntryPoint","urlTemplate":"https:\/\/compuviper.mx\/tienda\/?s={search_term_string}"},"query-input":"required name=search_term_string"}],"inLanguage":"es-MX"},{"@type":"Organization","@id":"https:\/\/compuviper.mx\/tienda\/#organization","name":"Compuviper","url":"https:\/\/compuviper.mx\/tienda\/","logo":{"@type":"ImageObject","inLanguage":"es-MX","@id":"https:\/\/compuviper.mx\/tienda\/#\/schema\/logo\/image\/","url":"https:\/\/compuviper.mx\/tienda\/wp-content\/uploads\/2021\/08\/Logo-Compuviper-10.png","contentUrl":"https:\/\/compuviper.mx\/tienda\/wp-content\/uploads\/2021\/08\/Logo-Compuviper-10.png","width":1000,"height":500,"caption":"Compuviper"},"image":{"@id":"https:\/\/compuviper.mx\/tienda\/#\/schema\/logo\/image\/"},"sameAs":["https:\/\/www.facebook.com\/compuviper","https:\/\/www.youtube.com\/channel\/UCf73dERp9Y3cfOq7q8BhLjA?view_as=subscriber"]}]},"product_brand":"STARTECH.COM","product_price_amount":"3031","product_price_currency":"MXN","og_availability":"out of stock","product_availability":"out of stock","product_retailer_item_id":"VS421HD4KA","product_condition":"new"},"_links":{"self":[{"href":"https:\/\/compuviper.mx\/tienda\/wp-json\/wp\/v2\/product\/212963"}],"collection":[{"href":"https:\/\/compuviper.mx\/tienda\/wp-json\/wp\/v2\/product"}],"about":[{"href":"https:\/\/compuviper.mx\/tienda\/wp-json\/wp\/v2\/types\/product"}],"replies":[{"embeddable":true,"href":"https:\/\/compuviper.mx\/tienda\/wp-json\/wp\/v2\/comments?post=212963"}],"wp:featuredmedia":[{"embeddable":true,"href":"https:\/\/compuviper.mx\/tienda\/wp-json\/wp\/v2\/media\/212964"}],"wp:attachment":[{"href":"https:\/\/compuviper.mx\/tienda\/wp-json\/wp\/v2\/media?parent=212963"}],"wp:term":[{"taxonomy":"product_cat","embeddable":true,"href":"https:\/\/compuviper.mx\/tienda\/wp-json\/wp\/v2\/product_cat?post=212963"},{"taxonomy":"product_tag","embeddable":true,"href":"https:\/\/compuviper.mx\/tienda\/wp-json\/wp\/v2\/product_tag?post=212963"}],"curies":[{"name":"wp","href":"https:\/\/api.w.org\/{rel}","templated":true}]}}