{"id":212961,"date":"2026-04-06T23:35:08","date_gmt":"2026-04-07T05:35:08","guid":{"rendered":"https:\/\/compuviper.mx\/tienda\/producto\/startech-com-usb32hdvga-adaptador-de-video-externo-usb-3-0-a-hdmi-y-vga-4k-30hz-tarjeta-de-video-para-mac-y-windows-multipuertos-2en1-mod\/"},"modified":"2026-04-06T23:35:08","modified_gmt":"2026-04-07T05:35:08","slug":"startech-com-usb32hdvga-adaptador-de-video-externo-usb-3-0-a-hdmi-y-vga-4k-30hz-tarjeta-de-video-para-mac-y-windows-multipuertos-2en1-mod","status":"publish","type":"product","link":"https:\/\/compuviper.mx\/tienda\/producto\/startech-com-usb32hdvga-adaptador-de-video-externo-usb-3-0-a-hdmi-y-vga-4k-30hz-tarjeta-de-video-para-mac-y-windows-multipuertos-2en1-mod\/","title":{"rendered":"Startech.com Usb32hdvga Adaptador De Video Externo Usb 3.0 A Hdmi Y Vga &#8211; 4k 30hz &#8211; Tarjeta De Video Para Mac Y Windows &#8211; Multipuertos 2en1 &#8211;  Mod."},"content":{"rendered":"<table class=\"descripcion\">\n<tr>\n<td>Hardware<\/td>\n<\/tr>\n<tr>\n<td>Est\u00e1ndares industriales: compatible con usb 3.0<\/td>\n<\/tr>\n<tr>\n<td>Id del conjunto de chips: silicon motion &#8211; sm768<\/td>\n<\/tr>\n<tr>\n<td>Salida a\/v: hdmi \/ vga<\/td>\n<\/tr>\n<tr>\n<td>Soporte de audio: s\u00ed<\/td>\n<\/tr>\n<tr>\n<td>Entrada a\/v: usb 3.0<\/td>\n<\/tr>\n<tr>\n<td>Rendimiento<\/td>\n<\/tr>\n<tr>\n<td>Especificaciones de audio: hdmi &#8211; 7.1 channel audio \/ vga &#8211; no audio support<\/td>\n<\/tr>\n<tr>\n<td>Pantalla plana soportada: s\u00ed<\/td>\n<\/tr>\n<tr>\n<td>Resoluciones admitidas: hdmi: 3840&#215;2160 (4k) 30hz<\/td>\n<\/tr>\n<tr>\n<td>Vga: 1920&#215;1080 60hz<\/td>\n<\/tr>\n<tr>\n<td>Video revision: hdmi 1.4<\/td>\n<\/tr>\n<tr>\n<td>Software<\/td>\n<\/tr>\n<tr>\n<td>Compatibilidad os: windows 7, windows 8, windows 8.1, windows 10<\/td>\n<\/tr>\n<tr>\n<td>Macos x yosemite (10.10), macos x el capitan (10.11), macos sierra (10.12), macos high sierra (10.13), macos mojave (10.14), macos catalina (10.15), macos big sur (11.0)<\/td>\n<\/tr>\n<tr>\n<td>Conector(es)<\/td>\n<\/tr>\n<tr>\n<td>Conector b: vga (15 pines, d-sub de alta densidad)<\/td>\n<\/tr>\n<tr>\n<td>Conector b: hdmi (19 pines)<\/td>\n<\/tr>\n<tr>\n<td>Conector a: usb type-a usb 3.0 (5 gbps)<\/td>\n<\/tr>\n<tr>\n<td>Caracter\u00edsticas f\u00edsicas<\/td>\n<\/tr>\n<tr>\n<td>Tipo de gabinete: pl\u00e1stico<\/td>\n<\/tr>\n<tr>\n<td>Peso del producto: 54 g<\/td>\n<\/tr>\n<tr>\n<td>Longitud: 27 cm<\/td>\n<\/tr>\n<tr>\n<td>Ancho: 4.3 cm<\/td>\n<\/tr>\n<tr>\n<td>Altura: 1.4 cm<\/td>\n<\/tr>\n<tr>\n<td>Longitud del cable: 109.2 mm<\/td>\n<\/tr>\n<tr>\n<td>Color: negro y plata<\/td>\n<\/tr>\n<\/table>\n","protected":false},"excerpt":{"rendered":"<p>Este adaptador usb 3.0 a hdmi y vga constituye una soluci\u00f3n port\u00e1til para la conexi\u00f3n de una pantalla hdmi y vga\u00a0a su laptop o computadora equipada\u00a0con usb-a. El adaptador de video multipuerto le permite duplicar o extender el contenido en dos monitores adicionales\u00a0simult\u00e1neamente (1x hdmi y 1x vga), lo cual crea una estaci\u00f3n de trabajo de dos pantallas. Dado que funciona como una tarjeta gr\u00e1fica externa, este adaptador multipantalla ofrece una forma pr\u00e1ctica de agregar capacidad multimonitor a su laptop\u00a0o computadora equipada\u00a0con usb 3.0. Al aprovechar la interfaz de la tecnolog\u00eda usb 3.0, el adaptador transmite contenido de\u00a0alta definici\u00f3n a las pantallas hdmi y vga. Es posible utilizar el adaptador para duplicar el escritorio de la computadora, o para extender el escritorio, con el fin de doblar el espacio de trabajo y aumentar su productividad.Evite las molestias de tener que llevar diferentes adaptadores.<\/p>\n","protected":false},"featured_media":212962,"comment_status":"open","ping_status":"open","template":"","meta":[],"product_cat":[1485,1492],"product_tag":[1590],"acf":[],"yoast_head":"<!-- This site is optimized with the Yoast SEO plugin v21.7 - https:\/\/yoast.com\/wordpress\/plugins\/seo\/ -->\n<title>[ Startech.com ] &#129351; Usb32hdvga Adaptador De Video Externo Usb 3.0 A Hdmi Y Vga - 4k 30hz - Tarjeta De Video Para Mac Y Windows - Multipuertos 2en1 - Mod.<\/title>\n<meta name=\"description\" content=\"Compra Usb32hdvga Adaptador De Video Externo Usb 3.0 A Hdmi Y Vga - 4k 30hz - Tarjeta De Video Para Mac Y Windows - Multipuertos 2en1 - Mod. + Env\u00edo a domicilio + Pago seguro + Garant\u00eda\" \/>\n<meta name=\"robots\" content=\"index, follow, max-snippet:-1, max-image-preview:large, max-video-preview:-1\" \/>\n<link rel=\"canonical\" href=\"https:\/\/compuviper.mx\/tienda\/producto\/startech-com-usb32hdvga-adaptador-de-video-externo-usb-3-0-a-hdmi-y-vga-4k-30hz-tarjeta-de-video-para-mac-y-windows-multipuertos-2en1-mod\/\" \/>\n<meta property=\"og:locale\" content=\"es_MX\" \/>\n<meta property=\"og:type\" content=\"article\" \/>\n<meta property=\"og:title\" content=\"[ Startech.com ] &#129351; Usb32hdvga Adaptador De Video Externo Usb 3.0 A Hdmi Y Vga - 4k 30hz - Tarjeta De Video Para Mac Y Windows - Multipuertos 2en1 - Mod.\" \/>\n<meta property=\"og:description\" content=\"Compra Usb32hdvga Adaptador De Video Externo Usb 3.0 A Hdmi Y Vga - 4k 30hz - Tarjeta De Video Para Mac Y Windows - Multipuertos 2en1 - Mod. + Env\u00edo a domicilio + Pago seguro + Garant\u00eda\" \/>\n<meta property=\"og:url\" content=\"https:\/\/compuviper.mx\/tienda\/producto\/startech-com-usb32hdvga-adaptador-de-video-externo-usb-3-0-a-hdmi-y-vga-4k-30hz-tarjeta-de-video-para-mac-y-windows-multipuertos-2en1-mod\/\" \/>\n<meta property=\"og:site_name\" content=\"Compuviper\" \/>\n<meta property=\"article:publisher\" content=\"https:\/\/www.facebook.com\/compuviper\" \/>\n<meta property=\"og:image\" content=\"https:\/\/compuviper.mx\/tienda\/wp-content\/uploads\/2023\/12\/Adaptador-de-video-externo-usb-3.0-a-hdmi-y-vga-4k-30hz-tarjeta-de-video-para-mac-y-windows-multipuertos-2en1-startech.com-mod.-usb32hdvga.jpg\" \/>\n\t<meta property=\"og:image:width\" content=\"200\" \/>\n\t<meta property=\"og:image:height\" content=\"200\" \/>\n\t<meta property=\"og:image:type\" content=\"image\/jpeg\" \/>\n<meta name=\"twitter:card\" content=\"summary_large_image\" \/>\n<meta name=\"twitter:label1\" content=\"Precio\" \/>\n\t<meta name=\"twitter:data1\" content=\"&#36;1,439 con IVA\" \/>\n\t<meta name=\"twitter:label2\" content=\"Availability\" \/>\n\t<meta name=\"twitter:data2\" content=\"Out of stock\" \/>\n<script type=\"application\/ld+json\" class=\"yoast-schema-graph\">{\"@context\":\"https:\/\/schema.org\",\"@graph\":[{\"@type\":\"WebPage\",\"@id\":\"https:\/\/compuviper.mx\/tienda\/producto\/startech-com-usb32hdvga-adaptador-de-video-externo-usb-3-0-a-hdmi-y-vga-4k-30hz-tarjeta-de-video-para-mac-y-windows-multipuertos-2en1-mod\/\",\"url\":\"https:\/\/compuviper.mx\/tienda\/producto\/startech-com-usb32hdvga-adaptador-de-video-externo-usb-3-0-a-hdmi-y-vga-4k-30hz-tarjeta-de-video-para-mac-y-windows-multipuertos-2en1-mod\/\",\"name\":\"[ Startech.com ] &#129351; Usb32hdvga Adaptador De Video Externo Usb 3.0 A Hdmi Y Vga - 4k 30hz - Tarjeta De Video Para Mac Y Windows - Multipuertos 2en1 - Mod.\",\"isPartOf\":{\"@id\":\"https:\/\/compuviper.mx\/tienda\/#website\"},\"datePublished\":\"2026-04-07T05:35:08+00:00\",\"dateModified\":\"2026-04-07T05:35:08+00:00\",\"description\":\"Compra Usb32hdvga Adaptador De Video Externo Usb 3.0 A Hdmi Y Vga - 4k 30hz - Tarjeta De Video Para Mac Y Windows - Multipuertos 2en1 - Mod. + Env\u00edo a domicilio + Pago seguro + Garant\u00eda\",\"breadcrumb\":{\"@id\":\"https:\/\/compuviper.mx\/tienda\/producto\/startech-com-usb32hdvga-adaptador-de-video-externo-usb-3-0-a-hdmi-y-vga-4k-30hz-tarjeta-de-video-para-mac-y-windows-multipuertos-2en1-mod\/#breadcrumb\"},\"inLanguage\":\"es-MX\",\"potentialAction\":[{\"@type\":\"ReadAction\",\"target\":[\"https:\/\/compuviper.mx\/tienda\/producto\/startech-com-usb32hdvga-adaptador-de-video-externo-usb-3-0-a-hdmi-y-vga-4k-30hz-tarjeta-de-video-para-mac-y-windows-multipuertos-2en1-mod\/\"]}]},{\"@type\":\"BreadcrumbList\",\"@id\":\"https:\/\/compuviper.mx\/tienda\/producto\/startech-com-usb32hdvga-adaptador-de-video-externo-usb-3-0-a-hdmi-y-vga-4k-30hz-tarjeta-de-video-para-mac-y-windows-multipuertos-2en1-mod\/#breadcrumb\",\"itemListElement\":[{\"@type\":\"ListItem\",\"position\":1,\"name\":\"Inicio\",\"item\":\"https:\/\/compuviper.mx\/tienda\/\"},{\"@type\":\"ListItem\",\"position\":2,\"name\":\"Productos\",\"item\":\"https:\/\/compuviper.mx\/tienda\/productos\/\"},{\"@type\":\"ListItem\",\"position\":3,\"name\":\"Accesorios\",\"item\":\"https:\/\/compuviper.mx\/tienda\/categoria-producto\/accesorios\/\"},{\"@type\":\"ListItem\",\"position\":4,\"name\":\"Adaptadores\",\"item\":\"https:\/\/compuviper.mx\/tienda\/categoria-producto\/accesorios\/adaptadores\/\"},{\"@type\":\"ListItem\",\"position\":5,\"name\":\"Startech.com Usb32hdvga Adaptador De Video Externo Usb 3.0 A Hdmi Y Vga &#8211; 4k 30hz &#8211; Tarjeta De Video Para Mac Y Windows &#8211; Multipuertos 2en1 &#8211; Mod.\"}]},{\"@type\":\"WebSite\",\"@id\":\"https:\/\/compuviper.mx\/tienda\/#website\",\"url\":\"https:\/\/compuviper.mx\/tienda\/\",\"name\":\"Compuviper\",\"description\":\"Proveedor de Computadoras, Laptops, Servidores, Monitores, Puntos de Venta, Teclados,   Impresoras, T\u00f3ner, C\u00e1maras de Seguridad y m\u00e1s en tu tienda en l\u00ednea\",\"publisher\":{\"@id\":\"https:\/\/compuviper.mx\/tienda\/#organization\"},\"potentialAction\":[{\"@type\":\"SearchAction\",\"target\":{\"@type\":\"EntryPoint\",\"urlTemplate\":\"https:\/\/compuviper.mx\/tienda\/?s={search_term_string}\"},\"query-input\":\"required name=search_term_string\"}],\"inLanguage\":\"es-MX\"},{\"@type\":\"Organization\",\"@id\":\"https:\/\/compuviper.mx\/tienda\/#organization\",\"name\":\"Compuviper\",\"url\":\"https:\/\/compuviper.mx\/tienda\/\",\"logo\":{\"@type\":\"ImageObject\",\"inLanguage\":\"es-MX\",\"@id\":\"https:\/\/compuviper.mx\/tienda\/#\/schema\/logo\/image\/\",\"url\":\"https:\/\/compuviper.mx\/tienda\/wp-content\/uploads\/2021\/08\/Logo-Compuviper-10.png\",\"contentUrl\":\"https:\/\/compuviper.mx\/tienda\/wp-content\/uploads\/2021\/08\/Logo-Compuviper-10.png\",\"width\":1000,\"height\":500,\"caption\":\"Compuviper\"},\"image\":{\"@id\":\"https:\/\/compuviper.mx\/tienda\/#\/schema\/logo\/image\/\"},\"sameAs\":[\"https:\/\/www.facebook.com\/compuviper\",\"https:\/\/www.youtube.com\/channel\/UCf73dERp9Y3cfOq7q8BhLjA?view_as=subscriber\"]}]}<\/script>\n<meta property=\"product:brand\" content=\"STARTECH.COM\" \/>\n<meta property=\"product:price:amount\" content=\"1439\" \/>\n<meta property=\"product:price:currency\" content=\"MXN\" \/>\n<meta property=\"og:availability\" content=\"out of stock\" \/>\n<meta property=\"product:availability\" content=\"out of stock\" \/>\n<meta property=\"product:retailer_item_id\" content=\"USB32HDVGA\" \/>\n<meta property=\"product:condition\" content=\"new\" \/>\n<!-- \/ Yoast SEO plugin. -->","yoast_head_json":{"title":"[ Startech.com ] &#129351; Usb32hdvga Adaptador De Video Externo Usb 3.0 A Hdmi Y Vga - 4k 30hz - Tarjeta De Video Para Mac Y Windows - Multipuertos 2en1 - Mod.","description":"Compra Usb32hdvga Adaptador De Video Externo Usb 3.0 A Hdmi Y Vga - 4k 30hz - Tarjeta De Video Para Mac Y Windows - Multipuertos 2en1 - Mod. + Env\u00edo a domicilio + Pago seguro + Garant\u00eda","robots":{"index":"index","follow":"follow","max-snippet":"max-snippet:-1","max-image-preview":"max-image-preview:large","max-video-preview":"max-video-preview:-1"},"canonical":"https:\/\/compuviper.mx\/tienda\/producto\/startech-com-usb32hdvga-adaptador-de-video-externo-usb-3-0-a-hdmi-y-vga-4k-30hz-tarjeta-de-video-para-mac-y-windows-multipuertos-2en1-mod\/","og_locale":"es_MX","og_type":"article","og_title":"[ Startech.com ] &#129351; Usb32hdvga Adaptador De Video Externo Usb 3.0 A Hdmi Y Vga - 4k 30hz - Tarjeta De Video Para Mac Y Windows - Multipuertos 2en1 - Mod.","og_description":"Compra Usb32hdvga Adaptador De Video Externo Usb 3.0 A Hdmi Y Vga - 4k 30hz - Tarjeta De Video Para Mac Y Windows - Multipuertos 2en1 - Mod. + Env\u00edo a domicilio + Pago seguro + Garant\u00eda","og_url":"https:\/\/compuviper.mx\/tienda\/producto\/startech-com-usb32hdvga-adaptador-de-video-externo-usb-3-0-a-hdmi-y-vga-4k-30hz-tarjeta-de-video-para-mac-y-windows-multipuertos-2en1-mod\/","og_site_name":"Compuviper","article_publisher":"https:\/\/www.facebook.com\/compuviper","og_image":[{"width":200,"height":200,"url":"https:\/\/compuviper.mx\/tienda\/wp-content\/uploads\/2023\/12\/Adaptador-de-video-externo-usb-3.0-a-hdmi-y-vga-4k-30hz-tarjeta-de-video-para-mac-y-windows-multipuertos-2en1-startech.com-mod.-usb32hdvga.jpg","type":"image\/jpeg"}],"twitter_card":"summary_large_image","twitter_misc":{"Precio":"&#36;1,439 con IVA","Availability":"Out of stock"},"schema":{"@context":"https:\/\/schema.org","@graph":[{"@type":"WebPage","@id":"https:\/\/compuviper.mx\/tienda\/producto\/startech-com-usb32hdvga-adaptador-de-video-externo-usb-3-0-a-hdmi-y-vga-4k-30hz-tarjeta-de-video-para-mac-y-windows-multipuertos-2en1-mod\/","url":"https:\/\/compuviper.mx\/tienda\/producto\/startech-com-usb32hdvga-adaptador-de-video-externo-usb-3-0-a-hdmi-y-vga-4k-30hz-tarjeta-de-video-para-mac-y-windows-multipuertos-2en1-mod\/","name":"[ Startech.com ] &#129351; Usb32hdvga Adaptador De Video Externo Usb 3.0 A Hdmi Y Vga - 4k 30hz - Tarjeta De Video Para Mac Y Windows - Multipuertos 2en1 - Mod.","isPartOf":{"@id":"https:\/\/compuviper.mx\/tienda\/#website"},"datePublished":"2026-04-07T05:35:08+00:00","dateModified":"2026-04-07T05:35:08+00:00","description":"Compra Usb32hdvga Adaptador De Video Externo Usb 3.0 A Hdmi Y Vga - 4k 30hz - Tarjeta De Video Para Mac Y Windows - Multipuertos 2en1 - Mod. + Env\u00edo a domicilio + Pago seguro + Garant\u00eda","breadcrumb":{"@id":"https:\/\/compuviper.mx\/tienda\/producto\/startech-com-usb32hdvga-adaptador-de-video-externo-usb-3-0-a-hdmi-y-vga-4k-30hz-tarjeta-de-video-para-mac-y-windows-multipuertos-2en1-mod\/#breadcrumb"},"inLanguage":"es-MX","potentialAction":[{"@type":"ReadAction","target":["https:\/\/compuviper.mx\/tienda\/producto\/startech-com-usb32hdvga-adaptador-de-video-externo-usb-3-0-a-hdmi-y-vga-4k-30hz-tarjeta-de-video-para-mac-y-windows-multipuertos-2en1-mod\/"]}]},{"@type":"BreadcrumbList","@id":"https:\/\/compuviper.mx\/tienda\/producto\/startech-com-usb32hdvga-adaptador-de-video-externo-usb-3-0-a-hdmi-y-vga-4k-30hz-tarjeta-de-video-para-mac-y-windows-multipuertos-2en1-mod\/#breadcrumb","itemListElement":[{"@type":"ListItem","position":1,"name":"Inicio","item":"https:\/\/compuviper.mx\/tienda\/"},{"@type":"ListItem","position":2,"name":"Productos","item":"https:\/\/compuviper.mx\/tienda\/productos\/"},{"@type":"ListItem","position":3,"name":"Accesorios","item":"https:\/\/compuviper.mx\/tienda\/categoria-producto\/accesorios\/"},{"@type":"ListItem","position":4,"name":"Adaptadores","item":"https:\/\/compuviper.mx\/tienda\/categoria-producto\/accesorios\/adaptadores\/"},{"@type":"ListItem","position":5,"name":"Startech.com Usb32hdvga Adaptador De Video Externo Usb 3.0 A Hdmi Y Vga &#8211; 4k 30hz &#8211; Tarjeta De Video Para Mac Y Windows &#8211; Multipuertos 2en1 &#8211; Mod."}]},{"@type":"WebSite","@id":"https:\/\/compuviper.mx\/tienda\/#website","url":"https:\/\/compuviper.mx\/tienda\/","name":"Compuviper","description":"Proveedor de Computadoras, Laptops, Servidores, Monitores, Puntos de Venta, Teclados,   Impresoras, T\u00f3ner, C\u00e1maras de Seguridad y m\u00e1s en tu tienda en l\u00ednea","publisher":{"@id":"https:\/\/compuviper.mx\/tienda\/#organization"},"potentialAction":[{"@type":"SearchAction","target":{"@type":"EntryPoint","urlTemplate":"https:\/\/compuviper.mx\/tienda\/?s={search_term_string}"},"query-input":"required name=search_term_string"}],"inLanguage":"es-MX"},{"@type":"Organization","@id":"https:\/\/compuviper.mx\/tienda\/#organization","name":"Compuviper","url":"https:\/\/compuviper.mx\/tienda\/","logo":{"@type":"ImageObject","inLanguage":"es-MX","@id":"https:\/\/compuviper.mx\/tienda\/#\/schema\/logo\/image\/","url":"https:\/\/compuviper.mx\/tienda\/wp-content\/uploads\/2021\/08\/Logo-Compuviper-10.png","contentUrl":"https:\/\/compuviper.mx\/tienda\/wp-content\/uploads\/2021\/08\/Logo-Compuviper-10.png","width":1000,"height":500,"caption":"Compuviper"},"image":{"@id":"https:\/\/compuviper.mx\/tienda\/#\/schema\/logo\/image\/"},"sameAs":["https:\/\/www.facebook.com\/compuviper","https:\/\/www.youtube.com\/channel\/UCf73dERp9Y3cfOq7q8BhLjA?view_as=subscriber"]}]},"product_brand":"STARTECH.COM","product_price_amount":"1439","product_price_currency":"MXN","og_availability":"out of stock","product_availability":"out of stock","product_retailer_item_id":"USB32HDVGA","product_condition":"new"},"_links":{"self":[{"href":"https:\/\/compuviper.mx\/tienda\/wp-json\/wp\/v2\/product\/212961"}],"collection":[{"href":"https:\/\/compuviper.mx\/tienda\/wp-json\/wp\/v2\/product"}],"about":[{"href":"https:\/\/compuviper.mx\/tienda\/wp-json\/wp\/v2\/types\/product"}],"replies":[{"embeddable":true,"href":"https:\/\/compuviper.mx\/tienda\/wp-json\/wp\/v2\/comments?post=212961"}],"wp:featuredmedia":[{"embeddable":true,"href":"https:\/\/compuviper.mx\/tienda\/wp-json\/wp\/v2\/media\/212962"}],"wp:attachment":[{"href":"https:\/\/compuviper.mx\/tienda\/wp-json\/wp\/v2\/media?parent=212961"}],"wp:term":[{"taxonomy":"product_cat","embeddable":true,"href":"https:\/\/compuviper.mx\/tienda\/wp-json\/wp\/v2\/product_cat?post=212961"},{"taxonomy":"product_tag","embeddable":true,"href":"https:\/\/compuviper.mx\/tienda\/wp-json\/wp\/v2\/product_tag?post=212961"}],"curies":[{"name":"wp","href":"https:\/\/api.w.org\/{rel}","templated":true}]}}