{"id":212945,"date":"2026-04-07T23:38:08","date_gmt":"2026-04-08T05:38:08","guid":{"rendered":"https:\/\/compuviper.mx\/tienda\/producto\/startech-com-glclhsmdst-modulo-transceptor-sfp-compatible-cisco-glc-lh-smd-1000base-lx-lh-monomodo-1gbe-sfp-ethernet-gigabit-1gb-lc-10km-1310nm-cisco-firepower-asr920-ie2000-ddm-mod\/"},"modified":"2026-04-07T23:38:08","modified_gmt":"2026-04-08T05:38:08","slug":"startech-com-glclhsmdst-modulo-transceptor-sfp-compatible-cisco-glc-lh-smd-1000base-lx-lh-monomodo-1gbe-sfp-ethernet-gigabit-1gb-lc-10km-1310nm-cisco-firepower-asr920-ie2000-ddm-mod","status":"publish","type":"product","link":"https:\/\/compuviper.mx\/tienda\/producto\/startech-com-glclhsmdst-modulo-transceptor-sfp-compatible-cisco-glc-lh-smd-1000base-lx-lh-monomodo-1gbe-sfp-ethernet-gigabit-1gb-lc-10km-1310nm-cisco-firepower-asr920-ie2000-ddm-mod\/","title":{"rendered":"Startech.com Glclhsmdst Modulo Transceptor Sfp Compatible Cisco Glc-lh-smd &#8211; 1000base-lx\/lh &#8211; Monomodo 1gbe &#8211; Sfp Ethernet Gigabit 1gb &#8211; Lc &#8211; 10km &#8211; 1310nm &#8211; Cisco Firepower\/asr920\/ Ie2000 Ddm &#8211;  Mod."},"content":{"rendered":"<table class=\"descripcion\">\n<tr>\n<td>Observaciones \/ requisitos<\/td>\n<\/tr>\n<tr>\n<td>Nota:  para usar en equipos de red de fibra y conversores de medios gigabit<\/td>\n<\/tr>\n<tr>\n<td>Rendimiento<\/td>\n<\/tr>\n<tr>\n<td>Consumo de energia:<\/td>\n<\/tr>\n<tr>\n<td>Requisitos ambientales<\/td>\n<\/tr>\n<tr>\n<td>Humedad:  hr 5~95<\/td>\n<\/tr>\n<tr>\n<td>Temperatura de almacenamiento:  -40\u00b0c to 85\u00b0c -40\u00b0f to 185\u00b0f<\/td>\n<\/tr>\n<tr>\n<td>Temperatura operativa:  0\u00b0c to 70\u00b0c 32\u00b0f to 158\u00b0f<\/td>\n<\/tr>\n<tr>\n<td>Hardware<\/td>\n<\/tr>\n<tr>\n<td>Estandares industriales:  ieee 802.3z 1000base-lx\/lh<\/td>\n<\/tr>\n<tr>\n<td>Compatible brand:  cisco<\/td>\n<\/tr>\n<tr>\n<td>Conectores<\/td>\n<\/tr>\n<tr>\n<td>Conectores de la unidad local:  duplex de fibra optica lc<\/td>\n<\/tr>\n<tr>\n<td>Caracteristicas fisicas<\/td>\n<\/tr>\n<tr>\n<td>Peso del producto:  18 g<\/td>\n<\/tr>\n<tr>\n<td>Longitud del producto:  58 mm<\/td>\n<\/tr>\n<tr>\n<td>Ancho del producto:  12 mm<\/td>\n<\/tr>\n<tr>\n<td>Altura del producto:  0.8 cm<\/td>\n<\/tr>\n<tr>\n<td>Color:  plata<\/td>\n<\/tr>\n<tr>\n<td>Tipo de gabinete:  aluminio<\/td>\n<\/tr>\n<tr>\n<td>Requerimientos del sistema y cables:  puerto sfp compatible con msa o cisco<\/td>\n<\/tr>\n<tr>\n<td>Mdix automatico:  si<\/td>\n<\/tr>\n<tr>\n<td>Brand compatible sfp without trade mark:  cisco<\/td>\n<\/tr>\n<\/table>\n","protected":false},"excerpt":{"rendered":"<p>El modelo glclhsmdst es un modulo transceptor por fibra optica compatible con el modelo glc-lh-smd de cisco, disenado, programado y probado para su funcionamiento con routers y switches de la marca cisco\u00ae. Ofrece conectividad confiable a 1gbe a traves de cableado de fibra, para redes compatibles con 1000base-lx\/lh, a una distancia maxima de hasta 10km.?. Especificaciones tecnicas:?. Longitud de onda: 1310nm?. Maxima tasa de transferencia de datos: 1.25gbps?. Tipo: fibra optica monomodo \/ multimodo?. Tipo de conexion: conector lc?. Distancia maxima de transferencia: 10km\u00a0&#8211; sm \/ 1 km &#8211; mm. Mtbf: 200.000 horas?. Consumo energetico: menos de 1 vatio?. Ddm digital diagnostics monitoring, monitorizacion de diagnostico digital: si?. Este modulo sfp por fibra optica admite el intercambio en caliente, lo cual facilita las actualizaciones y reemplazos, ya que minimiza las interrupciones de conexion en red.<\/p>\n","protected":false},"featured_media":212946,"comment_status":"open","ping_status":"open","template":"","meta":[],"product_cat":[1485,1523],"product_tag":[1590],"acf":[],"yoast_head":"<!-- This site is optimized with the Yoast SEO plugin v21.7 - https:\/\/yoast.com\/wordpress\/plugins\/seo\/ -->\n<title>[ Startech.com ] &#129351; Glclhsmdst Modulo Transceptor Sfp Compatible Cisco Glc-lh-smd - 1000base-lx\/lh - Monomodo 1gbe - Sfp Ethernet Gigabit 1gb - Lc - 10km - 1310nm - Cisco Firepower\/asr920\/ Ie2000 Ddm - Mod.<\/title>\n<meta name=\"description\" content=\"Compra Glclhsmdst Modulo Transceptor Sfp Compatible Cisco Glc-lh-smd - 1000base-lx\/lh - Monomodo 1gbe - Sfp Ethernet Gigabit 1gb - Lc - 10km - 1310nm - Cisco Firepower\/asr920\/ Ie2000 Ddm - Mod. + Env\u00edo a domicilio + Pago seguro + Garant\u00eda\" \/>\n<meta name=\"robots\" content=\"index, follow, max-snippet:-1, max-image-preview:large, max-video-preview:-1\" \/>\n<link rel=\"canonical\" href=\"https:\/\/compuviper.mx\/tienda\/producto\/startech-com-glclhsmdst-modulo-transceptor-sfp-compatible-cisco-glc-lh-smd-1000base-lx-lh-monomodo-1gbe-sfp-ethernet-gigabit-1gb-lc-10km-1310nm-cisco-firepower-asr920-ie2000-ddm-mod\/\" \/>\n<meta property=\"og:locale\" content=\"es_MX\" \/>\n<meta property=\"og:type\" content=\"article\" \/>\n<meta property=\"og:title\" content=\"[ Startech.com ] &#129351; Glclhsmdst Modulo Transceptor Sfp Compatible Cisco Glc-lh-smd - 1000base-lx\/lh - Monomodo 1gbe - Sfp Ethernet Gigabit 1gb - Lc - 10km - 1310nm - Cisco Firepower\/asr920\/ Ie2000 Ddm - Mod.\" \/>\n<meta property=\"og:description\" content=\"Compra Glclhsmdst Modulo Transceptor Sfp Compatible Cisco Glc-lh-smd - 1000base-lx\/lh - Monomodo 1gbe - Sfp Ethernet Gigabit 1gb - Lc - 10km - 1310nm - Cisco Firepower\/asr920\/ Ie2000 Ddm - Mod. + Env\u00edo a domicilio + Pago seguro + Garant\u00eda\" \/>\n<meta property=\"og:url\" content=\"https:\/\/compuviper.mx\/tienda\/producto\/startech-com-glclhsmdst-modulo-transceptor-sfp-compatible-cisco-glc-lh-smd-1000base-lx-lh-monomodo-1gbe-sfp-ethernet-gigabit-1gb-lc-10km-1310nm-cisco-firepower-asr920-ie2000-ddm-mod\/\" \/>\n<meta property=\"og:site_name\" content=\"Compuviper\" \/>\n<meta property=\"article:publisher\" content=\"https:\/\/www.facebook.com\/compuviper\" \/>\n<meta property=\"og:image\" content=\"https:\/\/compuviper.mx\/tienda\/wp-content\/uploads\/2023\/12\/Modulo-transceptor-sfp-compatible-cisco-glc-lh-smd-1000base-lxlh-monomodo-1gbe-sfp-ethernet-gigabit-1gb-lc-10km-1310nm-cisco-firepowerasr920-ie2000-ddm-startech.com-mod.-glclhsmdst.jpg\" \/>\n\t<meta property=\"og:image:width\" content=\"200\" \/>\n\t<meta property=\"og:image:height\" content=\"200\" \/>\n\t<meta property=\"og:image:type\" content=\"image\/jpeg\" \/>\n<meta name=\"twitter:card\" content=\"summary_large_image\" \/>\n<meta name=\"twitter:label1\" content=\"Precio\" \/>\n\t<meta name=\"twitter:data1\" content=\"&#36;1,023 con IVA\" \/>\n\t<meta name=\"twitter:label2\" content=\"Availability\" \/>\n\t<meta name=\"twitter:data2\" content=\"In stock\" \/>\n<script type=\"application\/ld+json\" class=\"yoast-schema-graph\">{\"@context\":\"https:\/\/schema.org\",\"@graph\":[{\"@type\":\"WebPage\",\"@id\":\"https:\/\/compuviper.mx\/tienda\/producto\/startech-com-glclhsmdst-modulo-transceptor-sfp-compatible-cisco-glc-lh-smd-1000base-lx-lh-monomodo-1gbe-sfp-ethernet-gigabit-1gb-lc-10km-1310nm-cisco-firepower-asr920-ie2000-ddm-mod\/\",\"url\":\"https:\/\/compuviper.mx\/tienda\/producto\/startech-com-glclhsmdst-modulo-transceptor-sfp-compatible-cisco-glc-lh-smd-1000base-lx-lh-monomodo-1gbe-sfp-ethernet-gigabit-1gb-lc-10km-1310nm-cisco-firepower-asr920-ie2000-ddm-mod\/\",\"name\":\"[ Startech.com ] &#129351; Glclhsmdst Modulo Transceptor Sfp Compatible Cisco Glc-lh-smd - 1000base-lx\/lh - Monomodo 1gbe - Sfp Ethernet Gigabit 1gb - Lc - 10km - 1310nm - Cisco Firepower\/asr920\/ Ie2000 Ddm - Mod.\",\"isPartOf\":{\"@id\":\"https:\/\/compuviper.mx\/tienda\/#website\"},\"datePublished\":\"2026-04-08T05:38:08+00:00\",\"dateModified\":\"2026-04-08T05:38:08+00:00\",\"description\":\"Compra Glclhsmdst Modulo Transceptor Sfp Compatible Cisco Glc-lh-smd - 1000base-lx\/lh - Monomodo 1gbe - Sfp Ethernet Gigabit 1gb - Lc - 10km - 1310nm - Cisco Firepower\/asr920\/ Ie2000 Ddm - Mod. + Env\u00edo a domicilio + Pago seguro + Garant\u00eda\",\"breadcrumb\":{\"@id\":\"https:\/\/compuviper.mx\/tienda\/producto\/startech-com-glclhsmdst-modulo-transceptor-sfp-compatible-cisco-glc-lh-smd-1000base-lx-lh-monomodo-1gbe-sfp-ethernet-gigabit-1gb-lc-10km-1310nm-cisco-firepower-asr920-ie2000-ddm-mod\/#breadcrumb\"},\"inLanguage\":\"es-MX\",\"potentialAction\":[{\"@type\":\"ReadAction\",\"target\":[\"https:\/\/compuviper.mx\/tienda\/producto\/startech-com-glclhsmdst-modulo-transceptor-sfp-compatible-cisco-glc-lh-smd-1000base-lx-lh-monomodo-1gbe-sfp-ethernet-gigabit-1gb-lc-10km-1310nm-cisco-firepower-asr920-ie2000-ddm-mod\/\"]}]},{\"@type\":\"BreadcrumbList\",\"@id\":\"https:\/\/compuviper.mx\/tienda\/producto\/startech-com-glclhsmdst-modulo-transceptor-sfp-compatible-cisco-glc-lh-smd-1000base-lx-lh-monomodo-1gbe-sfp-ethernet-gigabit-1gb-lc-10km-1310nm-cisco-firepower-asr920-ie2000-ddm-mod\/#breadcrumb\",\"itemListElement\":[{\"@type\":\"ListItem\",\"position\":1,\"name\":\"Inicio\",\"item\":\"https:\/\/compuviper.mx\/tienda\/\"},{\"@type\":\"ListItem\",\"position\":2,\"name\":\"Productos\",\"item\":\"https:\/\/compuviper.mx\/tienda\/productos\/\"},{\"@type\":\"ListItem\",\"position\":3,\"name\":\"Accesorios\",\"item\":\"https:\/\/compuviper.mx\/tienda\/categoria-producto\/accesorios\/\"},{\"@type\":\"ListItem\",\"position\":4,\"name\":\"Transceiver\",\"item\":\"https:\/\/compuviper.mx\/tienda\/categoria-producto\/accesorios\/transceiver\/\"},{\"@type\":\"ListItem\",\"position\":5,\"name\":\"Startech.com Glclhsmdst Modulo Transceptor Sfp Compatible Cisco Glc-lh-smd &#8211; 1000base-lx\/lh &#8211; Monomodo 1gbe &#8211; Sfp Ethernet Gigabit 1gb &#8211; Lc &#8211; 10km &#8211; 1310nm &#8211; Cisco Firepower\/asr920\/ Ie2000 Ddm &#8211; Mod.\"}]},{\"@type\":\"WebSite\",\"@id\":\"https:\/\/compuviper.mx\/tienda\/#website\",\"url\":\"https:\/\/compuviper.mx\/tienda\/\",\"name\":\"Compuviper\",\"description\":\"Proveedor de Computadoras, Laptops, Servidores, Monitores, Puntos de Venta, Teclados,   Impresoras, T\u00f3ner, C\u00e1maras de Seguridad y m\u00e1s en tu tienda en l\u00ednea\",\"publisher\":{\"@id\":\"https:\/\/compuviper.mx\/tienda\/#organization\"},\"potentialAction\":[{\"@type\":\"SearchAction\",\"target\":{\"@type\":\"EntryPoint\",\"urlTemplate\":\"https:\/\/compuviper.mx\/tienda\/?s={search_term_string}\"},\"query-input\":\"required name=search_term_string\"}],\"inLanguage\":\"es-MX\"},{\"@type\":\"Organization\",\"@id\":\"https:\/\/compuviper.mx\/tienda\/#organization\",\"name\":\"Compuviper\",\"url\":\"https:\/\/compuviper.mx\/tienda\/\",\"logo\":{\"@type\":\"ImageObject\",\"inLanguage\":\"es-MX\",\"@id\":\"https:\/\/compuviper.mx\/tienda\/#\/schema\/logo\/image\/\",\"url\":\"https:\/\/compuviper.mx\/tienda\/wp-content\/uploads\/2021\/08\/Logo-Compuviper-10.png\",\"contentUrl\":\"https:\/\/compuviper.mx\/tienda\/wp-content\/uploads\/2021\/08\/Logo-Compuviper-10.png\",\"width\":1000,\"height\":500,\"caption\":\"Compuviper\"},\"image\":{\"@id\":\"https:\/\/compuviper.mx\/tienda\/#\/schema\/logo\/image\/\"},\"sameAs\":[\"https:\/\/www.facebook.com\/compuviper\",\"https:\/\/www.youtube.com\/channel\/UCf73dERp9Y3cfOq7q8BhLjA?view_as=subscriber\"]}]}<\/script>\n<meta property=\"product:brand\" content=\"STARTECH.COM\" \/>\n<meta property=\"product:price:amount\" content=\"1023\" \/>\n<meta property=\"product:price:currency\" content=\"MXN\" \/>\n<meta property=\"og:availability\" content=\"instock\" \/>\n<meta property=\"product:availability\" content=\"instock\" \/>\n<meta property=\"product:retailer_item_id\" content=\"GLCLHSMDST\" \/>\n<meta property=\"product:condition\" content=\"new\" \/>\n<!-- \/ Yoast SEO plugin. -->","yoast_head_json":{"title":"[ Startech.com ] &#129351; Glclhsmdst Modulo Transceptor Sfp Compatible Cisco Glc-lh-smd - 1000base-lx\/lh - Monomodo 1gbe - Sfp Ethernet Gigabit 1gb - Lc - 10km - 1310nm - Cisco Firepower\/asr920\/ Ie2000 Ddm - Mod.","description":"Compra Glclhsmdst Modulo Transceptor Sfp Compatible Cisco Glc-lh-smd - 1000base-lx\/lh - Monomodo 1gbe - Sfp Ethernet Gigabit 1gb - Lc - 10km - 1310nm - Cisco Firepower\/asr920\/ Ie2000 Ddm - Mod. + Env\u00edo a domicilio + Pago seguro + Garant\u00eda","robots":{"index":"index","follow":"follow","max-snippet":"max-snippet:-1","max-image-preview":"max-image-preview:large","max-video-preview":"max-video-preview:-1"},"canonical":"https:\/\/compuviper.mx\/tienda\/producto\/startech-com-glclhsmdst-modulo-transceptor-sfp-compatible-cisco-glc-lh-smd-1000base-lx-lh-monomodo-1gbe-sfp-ethernet-gigabit-1gb-lc-10km-1310nm-cisco-firepower-asr920-ie2000-ddm-mod\/","og_locale":"es_MX","og_type":"article","og_title":"[ Startech.com ] &#129351; Glclhsmdst Modulo Transceptor Sfp Compatible Cisco Glc-lh-smd - 1000base-lx\/lh - Monomodo 1gbe - Sfp Ethernet Gigabit 1gb - Lc - 10km - 1310nm - Cisco Firepower\/asr920\/ Ie2000 Ddm - Mod.","og_description":"Compra Glclhsmdst Modulo Transceptor Sfp Compatible Cisco Glc-lh-smd - 1000base-lx\/lh - Monomodo 1gbe - Sfp Ethernet Gigabit 1gb - Lc - 10km - 1310nm - Cisco Firepower\/asr920\/ Ie2000 Ddm - Mod. + Env\u00edo a domicilio + Pago seguro + Garant\u00eda","og_url":"https:\/\/compuviper.mx\/tienda\/producto\/startech-com-glclhsmdst-modulo-transceptor-sfp-compatible-cisco-glc-lh-smd-1000base-lx-lh-monomodo-1gbe-sfp-ethernet-gigabit-1gb-lc-10km-1310nm-cisco-firepower-asr920-ie2000-ddm-mod\/","og_site_name":"Compuviper","article_publisher":"https:\/\/www.facebook.com\/compuviper","og_image":[{"width":200,"height":200,"url":"https:\/\/compuviper.mx\/tienda\/wp-content\/uploads\/2023\/12\/Modulo-transceptor-sfp-compatible-cisco-glc-lh-smd-1000base-lxlh-monomodo-1gbe-sfp-ethernet-gigabit-1gb-lc-10km-1310nm-cisco-firepowerasr920-ie2000-ddm-startech.com-mod.-glclhsmdst.jpg","type":"image\/jpeg"}],"twitter_card":"summary_large_image","twitter_misc":{"Precio":"&#36;1,023 con IVA","Availability":"In stock"},"schema":{"@context":"https:\/\/schema.org","@graph":[{"@type":"WebPage","@id":"https:\/\/compuviper.mx\/tienda\/producto\/startech-com-glclhsmdst-modulo-transceptor-sfp-compatible-cisco-glc-lh-smd-1000base-lx-lh-monomodo-1gbe-sfp-ethernet-gigabit-1gb-lc-10km-1310nm-cisco-firepower-asr920-ie2000-ddm-mod\/","url":"https:\/\/compuviper.mx\/tienda\/producto\/startech-com-glclhsmdst-modulo-transceptor-sfp-compatible-cisco-glc-lh-smd-1000base-lx-lh-monomodo-1gbe-sfp-ethernet-gigabit-1gb-lc-10km-1310nm-cisco-firepower-asr920-ie2000-ddm-mod\/","name":"[ Startech.com ] &#129351; Glclhsmdst Modulo Transceptor Sfp Compatible Cisco Glc-lh-smd - 1000base-lx\/lh - Monomodo 1gbe - Sfp Ethernet Gigabit 1gb - Lc - 10km - 1310nm - Cisco Firepower\/asr920\/ Ie2000 Ddm - Mod.","isPartOf":{"@id":"https:\/\/compuviper.mx\/tienda\/#website"},"datePublished":"2026-04-08T05:38:08+00:00","dateModified":"2026-04-08T05:38:08+00:00","description":"Compra Glclhsmdst Modulo Transceptor Sfp Compatible Cisco Glc-lh-smd - 1000base-lx\/lh - Monomodo 1gbe - Sfp Ethernet Gigabit 1gb - Lc - 10km - 1310nm - Cisco Firepower\/asr920\/ Ie2000 Ddm - Mod. + Env\u00edo a domicilio + Pago seguro + Garant\u00eda","breadcrumb":{"@id":"https:\/\/compuviper.mx\/tienda\/producto\/startech-com-glclhsmdst-modulo-transceptor-sfp-compatible-cisco-glc-lh-smd-1000base-lx-lh-monomodo-1gbe-sfp-ethernet-gigabit-1gb-lc-10km-1310nm-cisco-firepower-asr920-ie2000-ddm-mod\/#breadcrumb"},"inLanguage":"es-MX","potentialAction":[{"@type":"ReadAction","target":["https:\/\/compuviper.mx\/tienda\/producto\/startech-com-glclhsmdst-modulo-transceptor-sfp-compatible-cisco-glc-lh-smd-1000base-lx-lh-monomodo-1gbe-sfp-ethernet-gigabit-1gb-lc-10km-1310nm-cisco-firepower-asr920-ie2000-ddm-mod\/"]}]},{"@type":"BreadcrumbList","@id":"https:\/\/compuviper.mx\/tienda\/producto\/startech-com-glclhsmdst-modulo-transceptor-sfp-compatible-cisco-glc-lh-smd-1000base-lx-lh-monomodo-1gbe-sfp-ethernet-gigabit-1gb-lc-10km-1310nm-cisco-firepower-asr920-ie2000-ddm-mod\/#breadcrumb","itemListElement":[{"@type":"ListItem","position":1,"name":"Inicio","item":"https:\/\/compuviper.mx\/tienda\/"},{"@type":"ListItem","position":2,"name":"Productos","item":"https:\/\/compuviper.mx\/tienda\/productos\/"},{"@type":"ListItem","position":3,"name":"Accesorios","item":"https:\/\/compuviper.mx\/tienda\/categoria-producto\/accesorios\/"},{"@type":"ListItem","position":4,"name":"Transceiver","item":"https:\/\/compuviper.mx\/tienda\/categoria-producto\/accesorios\/transceiver\/"},{"@type":"ListItem","position":5,"name":"Startech.com Glclhsmdst Modulo Transceptor Sfp Compatible Cisco Glc-lh-smd &#8211; 1000base-lx\/lh &#8211; Monomodo 1gbe &#8211; Sfp Ethernet Gigabit 1gb &#8211; Lc &#8211; 10km &#8211; 1310nm &#8211; Cisco Firepower\/asr920\/ Ie2000 Ddm &#8211; Mod."}]},{"@type":"WebSite","@id":"https:\/\/compuviper.mx\/tienda\/#website","url":"https:\/\/compuviper.mx\/tienda\/","name":"Compuviper","description":"Proveedor de Computadoras, Laptops, Servidores, Monitores, Puntos de Venta, Teclados,   Impresoras, T\u00f3ner, C\u00e1maras de Seguridad y m\u00e1s en tu tienda en l\u00ednea","publisher":{"@id":"https:\/\/compuviper.mx\/tienda\/#organization"},"potentialAction":[{"@type":"SearchAction","target":{"@type":"EntryPoint","urlTemplate":"https:\/\/compuviper.mx\/tienda\/?s={search_term_string}"},"query-input":"required name=search_term_string"}],"inLanguage":"es-MX"},{"@type":"Organization","@id":"https:\/\/compuviper.mx\/tienda\/#organization","name":"Compuviper","url":"https:\/\/compuviper.mx\/tienda\/","logo":{"@type":"ImageObject","inLanguage":"es-MX","@id":"https:\/\/compuviper.mx\/tienda\/#\/schema\/logo\/image\/","url":"https:\/\/compuviper.mx\/tienda\/wp-content\/uploads\/2021\/08\/Logo-Compuviper-10.png","contentUrl":"https:\/\/compuviper.mx\/tienda\/wp-content\/uploads\/2021\/08\/Logo-Compuviper-10.png","width":1000,"height":500,"caption":"Compuviper"},"image":{"@id":"https:\/\/compuviper.mx\/tienda\/#\/schema\/logo\/image\/"},"sameAs":["https:\/\/www.facebook.com\/compuviper","https:\/\/www.youtube.com\/channel\/UCf73dERp9Y3cfOq7q8BhLjA?view_as=subscriber"]}]},"product_brand":"STARTECH.COM","product_price_amount":"1023","product_price_currency":"MXN","og_availability":"instock","product_availability":"instock","product_retailer_item_id":"GLCLHSMDST","product_condition":"new"},"_links":{"self":[{"href":"https:\/\/compuviper.mx\/tienda\/wp-json\/wp\/v2\/product\/212945"}],"collection":[{"href":"https:\/\/compuviper.mx\/tienda\/wp-json\/wp\/v2\/product"}],"about":[{"href":"https:\/\/compuviper.mx\/tienda\/wp-json\/wp\/v2\/types\/product"}],"replies":[{"embeddable":true,"href":"https:\/\/compuviper.mx\/tienda\/wp-json\/wp\/v2\/comments?post=212945"}],"wp:featuredmedia":[{"embeddable":true,"href":"https:\/\/compuviper.mx\/tienda\/wp-json\/wp\/v2\/media\/212946"}],"wp:attachment":[{"href":"https:\/\/compuviper.mx\/tienda\/wp-json\/wp\/v2\/media?parent=212945"}],"wp:term":[{"taxonomy":"product_cat","embeddable":true,"href":"https:\/\/compuviper.mx\/tienda\/wp-json\/wp\/v2\/product_cat?post=212945"},{"taxonomy":"product_tag","embeddable":true,"href":"https:\/\/compuviper.mx\/tienda\/wp-json\/wp\/v2\/product_tag?post=212945"}],"curies":[{"name":"wp","href":"https:\/\/api.w.org\/{rel}","templated":true}]}}