{"id":212921,"date":"2026-04-10T23:33:29","date_gmt":"2026-04-11T05:33:29","guid":{"rendered":"https:\/\/compuviper.mx\/tienda\/producto\/manhattan-153584-tarjeta-pci-expressserial-4-puertos\/"},"modified":"2026-04-10T23:33:30","modified_gmt":"2026-04-11T05:33:30","slug":"manhattan-153584-tarjeta-pci-expressserial-4-puertos","status":"publish","type":"product","link":"https:\/\/compuviper.mx\/tienda\/producto\/manhattan-153584-tarjeta-pci-expressserial-4-puertos\/","title":{"rendered":"Manhattan 153584 Tarjeta Pci Express,,,serial 4 Puertos"},"content":{"rendered":"<table class=\"descripcion\">\n<tr>\n<td>Compatible con la mayor\u00eda de los perif\u00e9ricos rs232, la tarjeta serial pci<\/td>\n<\/tr>\n<tr>\n<td>Express de manhattan con salida de alimentaci\u00f3n de 5v incluye un adaptador<\/td>\n<\/tr>\n<tr>\n<td>Que te permite conectar hasta cuatro dispositivos seriales independientes &#8211;<\/td>\n<\/tr>\n<tr>\n<td>M\u00f3dems, lectores de c\u00f3digos de barras, impresoras y m\u00e1s &#8211; a trav\u00e9s de una<\/td>\n<\/tr>\n<tr>\n<td>Sola tarjeta pci. es ideal para aplicaciones de punto de venta ya que ayuda a<\/td>\n<\/tr>\n<tr>\n<td>Eliminar las fuentes de alimentaci\u00f3n de los otros perif\u00e9ricos conectados, a<\/td>\n<\/tr>\n<tr>\n<td>Reducir el desorden y mejorar la fiabilidad. sus puertos com 16c950 uart<\/td>\n<\/tr>\n<tr>\n<td>Serial db9 de alta velocidad son totalmente compatibles con el uso compartido<\/td>\n<\/tr>\n<tr>\n<td>De irq pci, incluso si se accede a ellos simult\u00e1neamente, para ayudar a ahorrar<\/td>\n<\/tr>\n<tr>\n<td>Recursos valiosos para otras tarjetas de expansi\u00f3n.<\/td>\n<\/tr>\n<\/table>\n","protected":false},"excerpt":{"rendered":"<p>La compatibilidad con windows xp\/vista\/7\/8.1\/10 y linux versi\u00f3n 2.6.31 o. Posterior, la conectividad plug-and-play y la selecci\u00f3n autom\u00e1tica de irq y. Direcciones io facilitan la instalaci\u00f3n y as\u00ed evitar conflictos de configuraci\u00f3n con. Otros dispositivos. Features.  Admite conector bus pci express x1, x2, x4, x8, x16. A\u00f1ade cuatro puertos com serial db9 16550 de alta velocidad a. Equipos de escritorio.  Cada puerto cuenta con un funcionamiento controlado de forma. Individual de 5 o 12 v dc.  Tasa de transferencia de hasta 230 kbps.  Opci\u00f3n de se\u00f1al rs-232 o salida de alimentaci\u00f3n al dispositivo serie.  El cable multipuertos reduce las p\u00e9rdidas, enredos y desorden.  Encaja en ranuras pci express de bajo perfil.  Tres a\u00f1os de garant\u00eda (consulte el tiempo de garant\u00eda en su pa\u00eds. Especificaciones. Est\u00e1ndares y certificaciones. \u0095 ce. \u0095 fcc. \u0095 rohs. \u0095 weee. \u0095 pcie 2.0 gen 1. General. \u0095 cuatro puertos db9 macho. \u0095 rendimiento de hasta 230 kbps. \u0095 chipset: exar xr17v354. \u0095 funcionamiento a 3.3 v. \u0095 transmisi\u00f3n\/ recepci\u00f3n fifo de 256 bytes. \u0095 complemento y compatibilidad con los modelos 16450 y 16550<\/p>\n","protected":false},"featured_media":212922,"comment_status":"open","ping_status":"open","template":"","meta":[],"product_cat":[1485,1501],"product_tag":[1487],"acf":[],"yoast_head":"<!-- This site is optimized with the Yoast SEO plugin v21.7 - https:\/\/yoast.com\/wordpress\/plugins\/seo\/ -->\n<title>[ Manhattan ] &#129351; 153584 Tarjeta Pci Express,,,serial 4 Puertos<\/title>\n<meta name=\"description\" content=\"Compra 153584 Tarjeta Pci Express,,,serial 4 Puertos + Env\u00edo a domicilio + Pago seguro + Garant\u00eda\" \/>\n<meta name=\"robots\" content=\"index, follow, max-snippet:-1, max-image-preview:large, max-video-preview:-1\" \/>\n<link rel=\"canonical\" href=\"https:\/\/compuviper.mx\/tienda\/producto\/manhattan-153584-tarjeta-pci-expressserial-4-puertos\/\" \/>\n<meta property=\"og:locale\" content=\"es_MX\" \/>\n<meta property=\"og:type\" content=\"article\" \/>\n<meta property=\"og:title\" content=\"[ Manhattan ] &#129351; 153584 Tarjeta Pci Express,,,serial 4 Puertos\" \/>\n<meta property=\"og:description\" content=\"Compra 153584 Tarjeta Pci Express,,,serial 4 Puertos + Env\u00edo a domicilio + Pago seguro + Garant\u00eda\" \/>\n<meta property=\"og:url\" content=\"https:\/\/compuviper.mx\/tienda\/producto\/manhattan-153584-tarjeta-pci-expressserial-4-puertos\/\" \/>\n<meta property=\"og:site_name\" content=\"Compuviper\" \/>\n<meta property=\"article:publisher\" content=\"https:\/\/www.facebook.com\/compuviper\" \/>\n<meta property=\"article:modified_time\" content=\"2026-04-11T05:33:30+00:00\" \/>\n<meta property=\"og:image\" content=\"https:\/\/compuviper.mx\/tienda\/wp-content\/uploads\/2023\/12\/Tarjeta-pci-expressmanhattan153584serial-4-puertos.jpg\" \/>\n\t<meta property=\"og:image:width\" content=\"200\" \/>\n\t<meta property=\"og:image:height\" content=\"200\" \/>\n\t<meta property=\"og:image:type\" content=\"image\/jpeg\" \/>\n<meta name=\"twitter:card\" content=\"summary_large_image\" \/>\n<meta name=\"twitter:label1\" content=\"Precio\" \/>\n\t<meta name=\"twitter:data1\" content=\"&#36;1,615 con IVA\" \/>\n\t<meta name=\"twitter:label2\" content=\"Availability\" \/>\n\t<meta name=\"twitter:data2\" content=\"In stock\" \/>\n<script type=\"application\/ld+json\" class=\"yoast-schema-graph\">{\"@context\":\"https:\/\/schema.org\",\"@graph\":[{\"@type\":\"WebPage\",\"@id\":\"https:\/\/compuviper.mx\/tienda\/producto\/manhattan-153584-tarjeta-pci-expressserial-4-puertos\/\",\"url\":\"https:\/\/compuviper.mx\/tienda\/producto\/manhattan-153584-tarjeta-pci-expressserial-4-puertos\/\",\"name\":\"[ Manhattan ] &#129351; 153584 Tarjeta Pci Express,,,serial 4 Puertos\",\"isPartOf\":{\"@id\":\"https:\/\/compuviper.mx\/tienda\/#website\"},\"datePublished\":\"2026-04-11T05:33:29+00:00\",\"dateModified\":\"2026-04-11T05:33:30+00:00\",\"description\":\"Compra 153584 Tarjeta Pci Express,,,serial 4 Puertos + Env\u00edo a domicilio + Pago seguro + Garant\u00eda\",\"breadcrumb\":{\"@id\":\"https:\/\/compuviper.mx\/tienda\/producto\/manhattan-153584-tarjeta-pci-expressserial-4-puertos\/#breadcrumb\"},\"inLanguage\":\"es-MX\",\"potentialAction\":[{\"@type\":\"ReadAction\",\"target\":[\"https:\/\/compuviper.mx\/tienda\/producto\/manhattan-153584-tarjeta-pci-expressserial-4-puertos\/\"]}]},{\"@type\":\"BreadcrumbList\",\"@id\":\"https:\/\/compuviper.mx\/tienda\/producto\/manhattan-153584-tarjeta-pci-expressserial-4-puertos\/#breadcrumb\",\"itemListElement\":[{\"@type\":\"ListItem\",\"position\":1,\"name\":\"Inicio\",\"item\":\"https:\/\/compuviper.mx\/tienda\/\"},{\"@type\":\"ListItem\",\"position\":2,\"name\":\"Productos\",\"item\":\"https:\/\/compuviper.mx\/tienda\/productos\/\"},{\"@type\":\"ListItem\",\"position\":3,\"name\":\"Accesorios\",\"item\":\"https:\/\/compuviper.mx\/tienda\/categoria-producto\/accesorios\/\"},{\"@type\":\"ListItem\",\"position\":4,\"name\":\"Tarjetas De Puertos\",\"item\":\"https:\/\/compuviper.mx\/tienda\/categoria-producto\/accesorios\/tarjetas-de-puertos\/\"},{\"@type\":\"ListItem\",\"position\":5,\"name\":\"Manhattan 153584 Tarjeta Pci Express,,,serial 4 Puertos\"}]},{\"@type\":\"WebSite\",\"@id\":\"https:\/\/compuviper.mx\/tienda\/#website\",\"url\":\"https:\/\/compuviper.mx\/tienda\/\",\"name\":\"Compuviper\",\"description\":\"Proveedor de Computadoras, Laptops, Servidores, Monitores, Puntos de Venta, Teclados,   Impresoras, T\u00f3ner, C\u00e1maras de Seguridad y m\u00e1s en tu tienda en l\u00ednea\",\"publisher\":{\"@id\":\"https:\/\/compuviper.mx\/tienda\/#organization\"},\"potentialAction\":[{\"@type\":\"SearchAction\",\"target\":{\"@type\":\"EntryPoint\",\"urlTemplate\":\"https:\/\/compuviper.mx\/tienda\/?s={search_term_string}\"},\"query-input\":\"required name=search_term_string\"}],\"inLanguage\":\"es-MX\"},{\"@type\":\"Organization\",\"@id\":\"https:\/\/compuviper.mx\/tienda\/#organization\",\"name\":\"Compuviper\",\"url\":\"https:\/\/compuviper.mx\/tienda\/\",\"logo\":{\"@type\":\"ImageObject\",\"inLanguage\":\"es-MX\",\"@id\":\"https:\/\/compuviper.mx\/tienda\/#\/schema\/logo\/image\/\",\"url\":\"https:\/\/compuviper.mx\/tienda\/wp-content\/uploads\/2021\/08\/Logo-Compuviper-10.png\",\"contentUrl\":\"https:\/\/compuviper.mx\/tienda\/wp-content\/uploads\/2021\/08\/Logo-Compuviper-10.png\",\"width\":1000,\"height\":500,\"caption\":\"Compuviper\"},\"image\":{\"@id\":\"https:\/\/compuviper.mx\/tienda\/#\/schema\/logo\/image\/\"},\"sameAs\":[\"https:\/\/www.facebook.com\/compuviper\",\"https:\/\/www.youtube.com\/channel\/UCf73dERp9Y3cfOq7q8BhLjA?view_as=subscriber\"]}]}<\/script>\n<meta property=\"product:brand\" content=\"MANHATTAN\" \/>\n<meta property=\"product:price:amount\" content=\"1615\" \/>\n<meta property=\"product:price:currency\" content=\"MXN\" \/>\n<meta property=\"og:availability\" content=\"instock\" \/>\n<meta property=\"product:availability\" content=\"instock\" \/>\n<meta property=\"product:retailer_item_id\" content=\"153584\" \/>\n<meta property=\"product:condition\" content=\"new\" \/>\n<!-- \/ Yoast SEO plugin. -->","yoast_head_json":{"title":"[ Manhattan ] &#129351; 153584 Tarjeta Pci Express,,,serial 4 Puertos","description":"Compra 153584 Tarjeta Pci Express,,,serial 4 Puertos + Env\u00edo a domicilio + Pago seguro + Garant\u00eda","robots":{"index":"index","follow":"follow","max-snippet":"max-snippet:-1","max-image-preview":"max-image-preview:large","max-video-preview":"max-video-preview:-1"},"canonical":"https:\/\/compuviper.mx\/tienda\/producto\/manhattan-153584-tarjeta-pci-expressserial-4-puertos\/","og_locale":"es_MX","og_type":"article","og_title":"[ Manhattan ] &#129351; 153584 Tarjeta Pci Express,,,serial 4 Puertos","og_description":"Compra 153584 Tarjeta Pci Express,,,serial 4 Puertos + Env\u00edo a domicilio + Pago seguro + Garant\u00eda","og_url":"https:\/\/compuviper.mx\/tienda\/producto\/manhattan-153584-tarjeta-pci-expressserial-4-puertos\/","og_site_name":"Compuviper","article_publisher":"https:\/\/www.facebook.com\/compuviper","article_modified_time":"2026-04-11T05:33:30+00:00","og_image":[{"width":200,"height":200,"url":"https:\/\/compuviper.mx\/tienda\/wp-content\/uploads\/2023\/12\/Tarjeta-pci-expressmanhattan153584serial-4-puertos.jpg","type":"image\/jpeg"}],"twitter_card":"summary_large_image","twitter_misc":{"Precio":"&#36;1,615 con IVA","Availability":"In stock"},"schema":{"@context":"https:\/\/schema.org","@graph":[{"@type":"WebPage","@id":"https:\/\/compuviper.mx\/tienda\/producto\/manhattan-153584-tarjeta-pci-expressserial-4-puertos\/","url":"https:\/\/compuviper.mx\/tienda\/producto\/manhattan-153584-tarjeta-pci-expressserial-4-puertos\/","name":"[ Manhattan ] &#129351; 153584 Tarjeta Pci Express,,,serial 4 Puertos","isPartOf":{"@id":"https:\/\/compuviper.mx\/tienda\/#website"},"datePublished":"2026-04-11T05:33:29+00:00","dateModified":"2026-04-11T05:33:30+00:00","description":"Compra 153584 Tarjeta Pci Express,,,serial 4 Puertos + Env\u00edo a domicilio + Pago seguro + Garant\u00eda","breadcrumb":{"@id":"https:\/\/compuviper.mx\/tienda\/producto\/manhattan-153584-tarjeta-pci-expressserial-4-puertos\/#breadcrumb"},"inLanguage":"es-MX","potentialAction":[{"@type":"ReadAction","target":["https:\/\/compuviper.mx\/tienda\/producto\/manhattan-153584-tarjeta-pci-expressserial-4-puertos\/"]}]},{"@type":"BreadcrumbList","@id":"https:\/\/compuviper.mx\/tienda\/producto\/manhattan-153584-tarjeta-pci-expressserial-4-puertos\/#breadcrumb","itemListElement":[{"@type":"ListItem","position":1,"name":"Inicio","item":"https:\/\/compuviper.mx\/tienda\/"},{"@type":"ListItem","position":2,"name":"Productos","item":"https:\/\/compuviper.mx\/tienda\/productos\/"},{"@type":"ListItem","position":3,"name":"Accesorios","item":"https:\/\/compuviper.mx\/tienda\/categoria-producto\/accesorios\/"},{"@type":"ListItem","position":4,"name":"Tarjetas De Puertos","item":"https:\/\/compuviper.mx\/tienda\/categoria-producto\/accesorios\/tarjetas-de-puertos\/"},{"@type":"ListItem","position":5,"name":"Manhattan 153584 Tarjeta Pci Express,,,serial 4 Puertos"}]},{"@type":"WebSite","@id":"https:\/\/compuviper.mx\/tienda\/#website","url":"https:\/\/compuviper.mx\/tienda\/","name":"Compuviper","description":"Proveedor de Computadoras, Laptops, Servidores, Monitores, Puntos de Venta, Teclados,   Impresoras, T\u00f3ner, C\u00e1maras de Seguridad y m\u00e1s en tu tienda en l\u00ednea","publisher":{"@id":"https:\/\/compuviper.mx\/tienda\/#organization"},"potentialAction":[{"@type":"SearchAction","target":{"@type":"EntryPoint","urlTemplate":"https:\/\/compuviper.mx\/tienda\/?s={search_term_string}"},"query-input":"required name=search_term_string"}],"inLanguage":"es-MX"},{"@type":"Organization","@id":"https:\/\/compuviper.mx\/tienda\/#organization","name":"Compuviper","url":"https:\/\/compuviper.mx\/tienda\/","logo":{"@type":"ImageObject","inLanguage":"es-MX","@id":"https:\/\/compuviper.mx\/tienda\/#\/schema\/logo\/image\/","url":"https:\/\/compuviper.mx\/tienda\/wp-content\/uploads\/2021\/08\/Logo-Compuviper-10.png","contentUrl":"https:\/\/compuviper.mx\/tienda\/wp-content\/uploads\/2021\/08\/Logo-Compuviper-10.png","width":1000,"height":500,"caption":"Compuviper"},"image":{"@id":"https:\/\/compuviper.mx\/tienda\/#\/schema\/logo\/image\/"},"sameAs":["https:\/\/www.facebook.com\/compuviper","https:\/\/www.youtube.com\/channel\/UCf73dERp9Y3cfOq7q8BhLjA?view_as=subscriber"]}]},"product_brand":"MANHATTAN","product_price_amount":"1615","product_price_currency":"MXN","og_availability":"instock","product_availability":"instock","product_retailer_item_id":"153584","product_condition":"new"},"_links":{"self":[{"href":"https:\/\/compuviper.mx\/tienda\/wp-json\/wp\/v2\/product\/212921"}],"collection":[{"href":"https:\/\/compuviper.mx\/tienda\/wp-json\/wp\/v2\/product"}],"about":[{"href":"https:\/\/compuviper.mx\/tienda\/wp-json\/wp\/v2\/types\/product"}],"replies":[{"embeddable":true,"href":"https:\/\/compuviper.mx\/tienda\/wp-json\/wp\/v2\/comments?post=212921"}],"wp:featuredmedia":[{"embeddable":true,"href":"https:\/\/compuviper.mx\/tienda\/wp-json\/wp\/v2\/media\/212922"}],"wp:attachment":[{"href":"https:\/\/compuviper.mx\/tienda\/wp-json\/wp\/v2\/media?parent=212921"}],"wp:term":[{"taxonomy":"product_cat","embeddable":true,"href":"https:\/\/compuviper.mx\/tienda\/wp-json\/wp\/v2\/product_cat?post=212921"},{"taxonomy":"product_tag","embeddable":true,"href":"https:\/\/compuviper.mx\/tienda\/wp-json\/wp\/v2\/product_tag?post=212921"}],"curies":[{"name":"wp","href":"https:\/\/api.w.org\/{rel}","templated":true}]}}