{"id":212909,"date":"2026-04-27T23:35:29","date_gmt":"2026-04-28T05:35:29","guid":{"rendered":"https:\/\/compuviper.mx\/tienda\/producto\/anviz-gc100-control-de-asistencia-an-huella-rfid-pin-wifi-lan-crosschex-estandar-1000-usuarios\/"},"modified":"2026-04-27T23:35:29","modified_gmt":"2026-04-28T05:35:29","slug":"anviz-gc100-control-de-asistencia-an-huella-rfid-pin-wifi-lan-crosschex-estandar-1000-usuarios","status":"publish","type":"product","link":"https:\/\/compuviper.mx\/tienda\/producto\/anviz-gc100-control-de-asistencia-an-huella-rfid-pin-wifi-lan-crosschex-estandar-1000-usuarios\/","title":{"rendered":"Anviz Gc100 Control De Asistencia \/  \/ An- \/ Huella \/ Rfid \/ Pin \/ Wifi \/ Lan \/ Crosschex Estandar \/ 1,000 Usuarios"},"content":{"rendered":"<table class=\"descripcion\">\n<tr>\n<td>Informacion comercial:<\/td>\n<\/tr>\n<tr>\n<td>Anviz gc100<\/td>\n<\/tr>\n<tr>\n<td>Cpu procesador de 32 bits<\/td>\n<\/tr>\n<tr>\n<td>Display: lcd de 2.8 color<\/td>\n<\/tr>\n<tr>\n<td>Lector de huellas: anviz bionano<\/td>\n<\/tr>\n<tr>\n<td>Usuarios 1000<\/td>\n<\/tr>\n<tr>\n<td>Tarjetas 1000<\/td>\n<\/tr>\n<tr>\n<td>Registros 100,000<\/td>\n<\/tr>\n<tr>\n<td>Comunicaci\u00f3n tcp\/ip, rs485, miniusb<\/td>\n<\/tr>\n<tr>\n<td>Distancia de lectura de tarjeta 1-5cm, em 125khz<\/td>\n<\/tr>\n<tr>\n<td>Modo de identificaci\u00f3n huella dactilar, contrase\u00f1a, tarjeta<\/td>\n<\/tr>\n<tr>\n<td>Tarjeta rfid em standard<\/td>\n<\/tr>\n<tr>\n<td>Software de gesti\u00f3n: crosschex lite, espa\u00f1ol, incluido<\/td>\n<\/tr>\n<\/table>\n","protected":false},"excerpt":{"rendered":"<p>Informacion comercial. Desde las soluciones y terminales de seguridad avanzada, hasta la plataforma en la nube total, estamos comprometidos con la atenci\u00f3n de las experiencias del usuario y nos esforzamos por crear productos y soluciones de la mejor calidad. Desarrollamos tecnolog\u00eda de punta y creamos una f\u00e1brica moderna con control de calidad de proceso completo. Tambi\u00e9n establecemos la red global de ventas y servicios, y brindamos servicios a clientes de todo el mundo.<\/p>\n","protected":false},"featured_media":212910,"comment_status":"open","ping_status":"open","template":"","meta":[],"product_cat":[1540,1541],"product_tag":[1542],"acf":[],"yoast_head":"<!-- This site is optimized with the Yoast SEO plugin v21.7 - https:\/\/yoast.com\/wordpress\/plugins\/seo\/ -->\n<title>[ Anviz ] &#129351; Gc100 Control De Asistencia \/ \/ An- \/ Huella \/ Rfid \/ Pin \/ Wifi \/ Lan \/ Crosschex Estandar \/ 1,000 Usuarios<\/title>\n<meta name=\"description\" content=\"Compra Gc100 Control De Asistencia \/ \/ An- \/ Huella \/ Rfid \/ Pin \/ Wifi \/ Lan \/ Crosschex Estandar \/ 1,000 Usuarios + Env\u00edo a domicilio + Pago seguro + Garant\u00eda\" \/>\n<meta name=\"robots\" content=\"index, follow, max-snippet:-1, max-image-preview:large, max-video-preview:-1\" \/>\n<link rel=\"canonical\" href=\"https:\/\/compuviper.mx\/tienda\/producto\/anviz-gc100-control-de-asistencia-an-huella-rfid-pin-wifi-lan-crosschex-estandar-1000-usuarios\/\" \/>\n<meta property=\"og:locale\" content=\"es_MX\" \/>\n<meta property=\"og:type\" content=\"article\" \/>\n<meta property=\"og:title\" content=\"[ Anviz ] &#129351; Gc100 Control De Asistencia \/ \/ An- \/ Huella \/ Rfid \/ Pin \/ Wifi \/ Lan \/ Crosschex Estandar \/ 1,000 Usuarios\" \/>\n<meta property=\"og:description\" content=\"Compra Gc100 Control De Asistencia \/ \/ An- \/ Huella \/ Rfid \/ Pin \/ Wifi \/ Lan \/ Crosschex Estandar \/ 1,000 Usuarios + Env\u00edo a domicilio + Pago seguro + Garant\u00eda\" \/>\n<meta property=\"og:url\" content=\"https:\/\/compuviper.mx\/tienda\/producto\/anviz-gc100-control-de-asistencia-an-huella-rfid-pin-wifi-lan-crosschex-estandar-1000-usuarios\/\" \/>\n<meta property=\"og:site_name\" content=\"Compuviper\" \/>\n<meta property=\"article:publisher\" content=\"https:\/\/www.facebook.com\/compuviper\" \/>\n<meta property=\"og:image\" content=\"https:\/\/compuviper.mx\/tienda\/wp-content\/uploads\/2023\/12\/Control-de-asistencia-anviz-an-gc100-huella-rfid-pin-wifi-lan-crosschex-estandar-1000-usuarios.jpg\" \/>\n\t<meta property=\"og:image:width\" content=\"200\" \/>\n\t<meta property=\"og:image:height\" content=\"200\" \/>\n\t<meta property=\"og:image:type\" content=\"image\/jpeg\" \/>\n<meta name=\"twitter:card\" content=\"summary_large_image\" \/>\n<meta name=\"twitter:label1\" content=\"Precio\" \/>\n\t<meta name=\"twitter:data1\" content=\"&#36;1,902 con IVA\" \/>\n\t<meta name=\"twitter:label2\" content=\"Availability\" \/>\n\t<meta name=\"twitter:data2\" content=\"In stock\" \/>\n<script type=\"application\/ld+json\" class=\"yoast-schema-graph\">{\"@context\":\"https:\/\/schema.org\",\"@graph\":[{\"@type\":\"WebPage\",\"@id\":\"https:\/\/compuviper.mx\/tienda\/producto\/anviz-gc100-control-de-asistencia-an-huella-rfid-pin-wifi-lan-crosschex-estandar-1000-usuarios\/\",\"url\":\"https:\/\/compuviper.mx\/tienda\/producto\/anviz-gc100-control-de-asistencia-an-huella-rfid-pin-wifi-lan-crosschex-estandar-1000-usuarios\/\",\"name\":\"[ Anviz ] &#129351; Gc100 Control De Asistencia \/ \/ An- \/ Huella \/ Rfid \/ Pin \/ Wifi \/ Lan \/ Crosschex Estandar \/ 1,000 Usuarios\",\"isPartOf\":{\"@id\":\"https:\/\/compuviper.mx\/tienda\/#website\"},\"datePublished\":\"2026-04-28T05:35:29+00:00\",\"dateModified\":\"2026-04-28T05:35:29+00:00\",\"description\":\"Compra Gc100 Control De Asistencia \/ \/ An- \/ Huella \/ Rfid \/ Pin \/ Wifi \/ Lan \/ Crosschex Estandar \/ 1,000 Usuarios + Env\u00edo a domicilio + Pago seguro + Garant\u00eda\",\"breadcrumb\":{\"@id\":\"https:\/\/compuviper.mx\/tienda\/producto\/anviz-gc100-control-de-asistencia-an-huella-rfid-pin-wifi-lan-crosschex-estandar-1000-usuarios\/#breadcrumb\"},\"inLanguage\":\"es-MX\",\"potentialAction\":[{\"@type\":\"ReadAction\",\"target\":[\"https:\/\/compuviper.mx\/tienda\/producto\/anviz-gc100-control-de-asistencia-an-huella-rfid-pin-wifi-lan-crosschex-estandar-1000-usuarios\/\"]}]},{\"@type\":\"BreadcrumbList\",\"@id\":\"https:\/\/compuviper.mx\/tienda\/producto\/anviz-gc100-control-de-asistencia-an-huella-rfid-pin-wifi-lan-crosschex-estandar-1000-usuarios\/#breadcrumb\",\"itemListElement\":[{\"@type\":\"ListItem\",\"position\":1,\"name\":\"Inicio\",\"item\":\"https:\/\/compuviper.mx\/tienda\/\"},{\"@type\":\"ListItem\",\"position\":2,\"name\":\"Productos\",\"item\":\"https:\/\/compuviper.mx\/tienda\/productos\/\"},{\"@type\":\"ListItem\",\"position\":3,\"name\":\"Control De Acceso Y Asistencia\",\"item\":\"https:\/\/compuviper.mx\/tienda\/categoria-producto\/control-de-acceso-y-asistencia\/\"},{\"@type\":\"ListItem\",\"position\":4,\"name\":\"Lectores De Control De Acceso Y Asistencia\",\"item\":\"https:\/\/compuviper.mx\/tienda\/categoria-producto\/control-de-acceso-y-asistencia\/lectores-de-control-de-acceso-y-asistencia\/\"},{\"@type\":\"ListItem\",\"position\":5,\"name\":\"Anviz Gc100 Control De Asistencia \/ \/ An- \/ Huella \/ Rfid \/ Pin \/ Wifi \/ Lan \/ Crosschex Estandar \/ 1,000 Usuarios\"}]},{\"@type\":\"WebSite\",\"@id\":\"https:\/\/compuviper.mx\/tienda\/#website\",\"url\":\"https:\/\/compuviper.mx\/tienda\/\",\"name\":\"Compuviper\",\"description\":\"Proveedor de Computadoras, Laptops, Servidores, Monitores, Puntos de Venta, Teclados,   Impresoras, T\u00f3ner, C\u00e1maras de Seguridad y m\u00e1s en tu tienda en l\u00ednea\",\"publisher\":{\"@id\":\"https:\/\/compuviper.mx\/tienda\/#organization\"},\"potentialAction\":[{\"@type\":\"SearchAction\",\"target\":{\"@type\":\"EntryPoint\",\"urlTemplate\":\"https:\/\/compuviper.mx\/tienda\/?s={search_term_string}\"},\"query-input\":\"required name=search_term_string\"}],\"inLanguage\":\"es-MX\"},{\"@type\":\"Organization\",\"@id\":\"https:\/\/compuviper.mx\/tienda\/#organization\",\"name\":\"Compuviper\",\"url\":\"https:\/\/compuviper.mx\/tienda\/\",\"logo\":{\"@type\":\"ImageObject\",\"inLanguage\":\"es-MX\",\"@id\":\"https:\/\/compuviper.mx\/tienda\/#\/schema\/logo\/image\/\",\"url\":\"https:\/\/compuviper.mx\/tienda\/wp-content\/uploads\/2021\/08\/Logo-Compuviper-10.png\",\"contentUrl\":\"https:\/\/compuviper.mx\/tienda\/wp-content\/uploads\/2021\/08\/Logo-Compuviper-10.png\",\"width\":1000,\"height\":500,\"caption\":\"Compuviper\"},\"image\":{\"@id\":\"https:\/\/compuviper.mx\/tienda\/#\/schema\/logo\/image\/\"},\"sameAs\":[\"https:\/\/www.facebook.com\/compuviper\",\"https:\/\/www.youtube.com\/channel\/UCf73dERp9Y3cfOq7q8BhLjA?view_as=subscriber\"]}]}<\/script>\n<meta property=\"product:brand\" content=\"ANVIZ\" \/>\n<meta property=\"product:price:amount\" content=\"1902\" \/>\n<meta property=\"product:price:currency\" content=\"MXN\" \/>\n<meta property=\"og:availability\" content=\"instock\" \/>\n<meta property=\"product:availability\" content=\"instock\" \/>\n<meta property=\"product:retailer_item_id\" content=\"GC100\" \/>\n<meta property=\"product:condition\" content=\"new\" \/>\n<!-- \/ Yoast SEO plugin. -->","yoast_head_json":{"title":"[ Anviz ] &#129351; Gc100 Control De Asistencia \/ \/ An- \/ Huella \/ Rfid \/ Pin \/ Wifi \/ Lan \/ Crosschex Estandar \/ 1,000 Usuarios","description":"Compra Gc100 Control De Asistencia \/ \/ An- \/ Huella \/ Rfid \/ Pin \/ Wifi \/ Lan \/ Crosschex Estandar \/ 1,000 Usuarios + Env\u00edo a domicilio + Pago seguro + Garant\u00eda","robots":{"index":"index","follow":"follow","max-snippet":"max-snippet:-1","max-image-preview":"max-image-preview:large","max-video-preview":"max-video-preview:-1"},"canonical":"https:\/\/compuviper.mx\/tienda\/producto\/anviz-gc100-control-de-asistencia-an-huella-rfid-pin-wifi-lan-crosschex-estandar-1000-usuarios\/","og_locale":"es_MX","og_type":"article","og_title":"[ Anviz ] &#129351; Gc100 Control De Asistencia \/ \/ An- \/ Huella \/ Rfid \/ Pin \/ Wifi \/ Lan \/ Crosschex Estandar \/ 1,000 Usuarios","og_description":"Compra Gc100 Control De Asistencia \/ \/ An- \/ Huella \/ Rfid \/ Pin \/ Wifi \/ Lan \/ Crosschex Estandar \/ 1,000 Usuarios + Env\u00edo a domicilio + Pago seguro + Garant\u00eda","og_url":"https:\/\/compuviper.mx\/tienda\/producto\/anviz-gc100-control-de-asistencia-an-huella-rfid-pin-wifi-lan-crosschex-estandar-1000-usuarios\/","og_site_name":"Compuviper","article_publisher":"https:\/\/www.facebook.com\/compuviper","og_image":[{"width":200,"height":200,"url":"https:\/\/compuviper.mx\/tienda\/wp-content\/uploads\/2023\/12\/Control-de-asistencia-anviz-an-gc100-huella-rfid-pin-wifi-lan-crosschex-estandar-1000-usuarios.jpg","type":"image\/jpeg"}],"twitter_card":"summary_large_image","twitter_misc":{"Precio":"&#36;1,902 con IVA","Availability":"In stock"},"schema":{"@context":"https:\/\/schema.org","@graph":[{"@type":"WebPage","@id":"https:\/\/compuviper.mx\/tienda\/producto\/anviz-gc100-control-de-asistencia-an-huella-rfid-pin-wifi-lan-crosschex-estandar-1000-usuarios\/","url":"https:\/\/compuviper.mx\/tienda\/producto\/anviz-gc100-control-de-asistencia-an-huella-rfid-pin-wifi-lan-crosschex-estandar-1000-usuarios\/","name":"[ Anviz ] &#129351; Gc100 Control De Asistencia \/ \/ An- \/ Huella \/ Rfid \/ Pin \/ Wifi \/ Lan \/ Crosschex Estandar \/ 1,000 Usuarios","isPartOf":{"@id":"https:\/\/compuviper.mx\/tienda\/#website"},"datePublished":"2026-04-28T05:35:29+00:00","dateModified":"2026-04-28T05:35:29+00:00","description":"Compra Gc100 Control De Asistencia \/ \/ An- \/ Huella \/ Rfid \/ Pin \/ Wifi \/ Lan \/ Crosschex Estandar \/ 1,000 Usuarios + Env\u00edo a domicilio + Pago seguro + Garant\u00eda","breadcrumb":{"@id":"https:\/\/compuviper.mx\/tienda\/producto\/anviz-gc100-control-de-asistencia-an-huella-rfid-pin-wifi-lan-crosschex-estandar-1000-usuarios\/#breadcrumb"},"inLanguage":"es-MX","potentialAction":[{"@type":"ReadAction","target":["https:\/\/compuviper.mx\/tienda\/producto\/anviz-gc100-control-de-asistencia-an-huella-rfid-pin-wifi-lan-crosschex-estandar-1000-usuarios\/"]}]},{"@type":"BreadcrumbList","@id":"https:\/\/compuviper.mx\/tienda\/producto\/anviz-gc100-control-de-asistencia-an-huella-rfid-pin-wifi-lan-crosschex-estandar-1000-usuarios\/#breadcrumb","itemListElement":[{"@type":"ListItem","position":1,"name":"Inicio","item":"https:\/\/compuviper.mx\/tienda\/"},{"@type":"ListItem","position":2,"name":"Productos","item":"https:\/\/compuviper.mx\/tienda\/productos\/"},{"@type":"ListItem","position":3,"name":"Control De Acceso Y Asistencia","item":"https:\/\/compuviper.mx\/tienda\/categoria-producto\/control-de-acceso-y-asistencia\/"},{"@type":"ListItem","position":4,"name":"Lectores De Control De Acceso Y Asistencia","item":"https:\/\/compuviper.mx\/tienda\/categoria-producto\/control-de-acceso-y-asistencia\/lectores-de-control-de-acceso-y-asistencia\/"},{"@type":"ListItem","position":5,"name":"Anviz Gc100 Control De Asistencia \/ \/ An- \/ Huella \/ Rfid \/ Pin \/ Wifi \/ Lan \/ Crosschex Estandar \/ 1,000 Usuarios"}]},{"@type":"WebSite","@id":"https:\/\/compuviper.mx\/tienda\/#website","url":"https:\/\/compuviper.mx\/tienda\/","name":"Compuviper","description":"Proveedor de Computadoras, Laptops, Servidores, Monitores, Puntos de Venta, Teclados,   Impresoras, T\u00f3ner, C\u00e1maras de Seguridad y m\u00e1s en tu tienda en l\u00ednea","publisher":{"@id":"https:\/\/compuviper.mx\/tienda\/#organization"},"potentialAction":[{"@type":"SearchAction","target":{"@type":"EntryPoint","urlTemplate":"https:\/\/compuviper.mx\/tienda\/?s={search_term_string}"},"query-input":"required name=search_term_string"}],"inLanguage":"es-MX"},{"@type":"Organization","@id":"https:\/\/compuviper.mx\/tienda\/#organization","name":"Compuviper","url":"https:\/\/compuviper.mx\/tienda\/","logo":{"@type":"ImageObject","inLanguage":"es-MX","@id":"https:\/\/compuviper.mx\/tienda\/#\/schema\/logo\/image\/","url":"https:\/\/compuviper.mx\/tienda\/wp-content\/uploads\/2021\/08\/Logo-Compuviper-10.png","contentUrl":"https:\/\/compuviper.mx\/tienda\/wp-content\/uploads\/2021\/08\/Logo-Compuviper-10.png","width":1000,"height":500,"caption":"Compuviper"},"image":{"@id":"https:\/\/compuviper.mx\/tienda\/#\/schema\/logo\/image\/"},"sameAs":["https:\/\/www.facebook.com\/compuviper","https:\/\/www.youtube.com\/channel\/UCf73dERp9Y3cfOq7q8BhLjA?view_as=subscriber"]}]},"product_brand":"ANVIZ","product_price_amount":"1902","product_price_currency":"MXN","og_availability":"instock","product_availability":"instock","product_retailer_item_id":"GC100","product_condition":"new"},"_links":{"self":[{"href":"https:\/\/compuviper.mx\/tienda\/wp-json\/wp\/v2\/product\/212909"}],"collection":[{"href":"https:\/\/compuviper.mx\/tienda\/wp-json\/wp\/v2\/product"}],"about":[{"href":"https:\/\/compuviper.mx\/tienda\/wp-json\/wp\/v2\/types\/product"}],"replies":[{"embeddable":true,"href":"https:\/\/compuviper.mx\/tienda\/wp-json\/wp\/v2\/comments?post=212909"}],"wp:featuredmedia":[{"embeddable":true,"href":"https:\/\/compuviper.mx\/tienda\/wp-json\/wp\/v2\/media\/212910"}],"wp:attachment":[{"href":"https:\/\/compuviper.mx\/tienda\/wp-json\/wp\/v2\/media?parent=212909"}],"wp:term":[{"taxonomy":"product_cat","embeddable":true,"href":"https:\/\/compuviper.mx\/tienda\/wp-json\/wp\/v2\/product_cat?post=212909"},{"taxonomy":"product_tag","embeddable":true,"href":"https:\/\/compuviper.mx\/tienda\/wp-json\/wp\/v2\/product_tag?post=212909"}],"curies":[{"name":"wp","href":"https:\/\/api.w.org\/{rel}","templated":true}]}}