{"id":212899,"date":"2026-04-01T23:34:43","date_gmt":"2026-04-02T05:34:43","guid":{"rendered":"https:\/\/compuviper.mx\/tienda\/producto\/hewlett-packard-enterprise-p08449-b21-adaptador-intel-i350-t4-1-gb-4-puertos-base-t-ocp3-para-hpe\/"},"modified":"2026-04-01T23:34:44","modified_gmt":"2026-04-02T05:34:44","slug":"hewlett-packard-enterprise-p08449-b21-adaptador-intel-i350-t4-1-gb-4-puertos-base-t-ocp3-para-hpe","status":"publish","type":"product","link":"https:\/\/compuviper.mx\/tienda\/producto\/hewlett-packard-enterprise-p08449-b21-adaptador-intel-i350-t4-1-gb-4-puertos-base-t-ocp3-para-hpe\/","title":{"rendered":"Hewlett Packard Enterprise P08449-b21 Adaptador Intel I350-t4 1 Gb 4 Puertos Base-t Ocp3 Para Hpe"},"content":{"rendered":"<table class=\"descripcion\">\n<tr>\n<td>Velocidad de datos 1 gb tipo de bus pcie gen2x4 factor de forma ocp3.0<\/td>\n<\/tr>\n<\/table>\n","protected":false},"excerpt":{"rendered":"<p>\u00bftu centro de datos se enfrenta constantemente al reto de proporcionar una mayor seguridad y fiabilidad en una solucin escalable y rentable para el ancho de banda de tu red? los adaptadores de ethernet hpe gen10 plus son soluciones ethernet de 1 gb, 10 gb, 10\/25 gb, 100 gb y 200 gb escalables y compatibles con los servidores hpe gen10 plus para servicios de nube hbrida, datos mviles y aplicaciones de streaming de vdeo. El servidor es la base de cualquier centro de datos, pero no funciona solo. Cuando un elemento de la cadena se ralentiza, tambin lo hace el resto. Mantn tu red y tus datos en un flujo constante mediante un ecosistema integrado de adaptadores de red, transceptores, cables, conmutadores y servidores hewlett packard enterprise.<\/p>\n","protected":false},"featured_media":212900,"comment_status":"open","ping_status":"open","template":"","meta":[],"product_cat":[1485,1492],"product_tag":[1568],"acf":[],"yoast_head":"<!-- This site is optimized with the Yoast SEO plugin v21.7 - https:\/\/yoast.com\/wordpress\/plugins\/seo\/ -->\n<title>[ Hewlett Packard Enterprise ] &#129351; P08449-b21 Adaptador Intel I350-t4 1 Gb 4 Puertos Base-t Ocp3 Para Hpe<\/title>\n<meta name=\"description\" content=\"Compra P08449-b21 Adaptador Intel I350-t4 1 Gb 4 Puertos Base-t Ocp3 Para Hpe + Env\u00edo a domicilio + Pago seguro + Garant\u00eda\" \/>\n<meta name=\"robots\" content=\"index, follow, max-snippet:-1, max-image-preview:large, max-video-preview:-1\" \/>\n<link rel=\"canonical\" href=\"https:\/\/compuviper.mx\/tienda\/producto\/hewlett-packard-enterprise-p08449-b21-adaptador-intel-i350-t4-1-gb-4-puertos-base-t-ocp3-para-hpe\/\" \/>\n<meta property=\"og:locale\" content=\"es_MX\" \/>\n<meta property=\"og:type\" content=\"article\" \/>\n<meta property=\"og:title\" content=\"[ Hewlett Packard Enterprise ] &#129351; P08449-b21 Adaptador Intel I350-t4 1 Gb 4 Puertos Base-t Ocp3 Para Hpe\" \/>\n<meta property=\"og:description\" content=\"Compra P08449-b21 Adaptador Intel I350-t4 1 Gb 4 Puertos Base-t Ocp3 Para Hpe + Env\u00edo a domicilio + Pago seguro + Garant\u00eda\" \/>\n<meta property=\"og:url\" content=\"https:\/\/compuviper.mx\/tienda\/producto\/hewlett-packard-enterprise-p08449-b21-adaptador-intel-i350-t4-1-gb-4-puertos-base-t-ocp3-para-hpe\/\" \/>\n<meta property=\"og:site_name\" content=\"Compuviper\" \/>\n<meta property=\"article:publisher\" content=\"https:\/\/www.facebook.com\/compuviper\" \/>\n<meta property=\"article:modified_time\" content=\"2026-04-02T05:34:44+00:00\" \/>\n<meta property=\"og:image\" content=\"https:\/\/compuviper.mx\/tienda\/wp-content\/uploads\/2023\/12\/Adaptador-intel-i350-t4-1-gb-4-puertos-base-t-ocp3-para-hpe.jpg\" \/>\n\t<meta property=\"og:image:width\" content=\"200\" \/>\n\t<meta property=\"og:image:height\" content=\"200\" \/>\n\t<meta property=\"og:image:type\" content=\"image\/jpeg\" \/>\n<meta name=\"twitter:card\" content=\"summary_large_image\" \/>\n<meta name=\"twitter:label1\" content=\"Precio\" \/>\n\t<meta name=\"twitter:data1\" content=\"&#36;6,374 con IVA\" \/>\n\t<meta name=\"twitter:label2\" content=\"Availability\" \/>\n\t<meta name=\"twitter:data2\" content=\"On backorder\" \/>\n<script type=\"application\/ld+json\" class=\"yoast-schema-graph\">{\"@context\":\"https:\/\/schema.org\",\"@graph\":[{\"@type\":\"WebPage\",\"@id\":\"https:\/\/compuviper.mx\/tienda\/producto\/hewlett-packard-enterprise-p08449-b21-adaptador-intel-i350-t4-1-gb-4-puertos-base-t-ocp3-para-hpe\/\",\"url\":\"https:\/\/compuviper.mx\/tienda\/producto\/hewlett-packard-enterprise-p08449-b21-adaptador-intel-i350-t4-1-gb-4-puertos-base-t-ocp3-para-hpe\/\",\"name\":\"[ Hewlett Packard Enterprise ] &#129351; P08449-b21 Adaptador Intel I350-t4 1 Gb 4 Puertos Base-t Ocp3 Para Hpe\",\"isPartOf\":{\"@id\":\"https:\/\/compuviper.mx\/tienda\/#website\"},\"datePublished\":\"2026-04-02T05:34:43+00:00\",\"dateModified\":\"2026-04-02T05:34:44+00:00\",\"description\":\"Compra P08449-b21 Adaptador Intel I350-t4 1 Gb 4 Puertos Base-t Ocp3 Para Hpe + Env\u00edo a domicilio + Pago seguro + Garant\u00eda\",\"breadcrumb\":{\"@id\":\"https:\/\/compuviper.mx\/tienda\/producto\/hewlett-packard-enterprise-p08449-b21-adaptador-intel-i350-t4-1-gb-4-puertos-base-t-ocp3-para-hpe\/#breadcrumb\"},\"inLanguage\":\"es-MX\",\"potentialAction\":[{\"@type\":\"ReadAction\",\"target\":[\"https:\/\/compuviper.mx\/tienda\/producto\/hewlett-packard-enterprise-p08449-b21-adaptador-intel-i350-t4-1-gb-4-puertos-base-t-ocp3-para-hpe\/\"]}]},{\"@type\":\"BreadcrumbList\",\"@id\":\"https:\/\/compuviper.mx\/tienda\/producto\/hewlett-packard-enterprise-p08449-b21-adaptador-intel-i350-t4-1-gb-4-puertos-base-t-ocp3-para-hpe\/#breadcrumb\",\"itemListElement\":[{\"@type\":\"ListItem\",\"position\":1,\"name\":\"Inicio\",\"item\":\"https:\/\/compuviper.mx\/tienda\/\"},{\"@type\":\"ListItem\",\"position\":2,\"name\":\"Productos\",\"item\":\"https:\/\/compuviper.mx\/tienda\/productos\/\"},{\"@type\":\"ListItem\",\"position\":3,\"name\":\"Accesorios\",\"item\":\"https:\/\/compuviper.mx\/tienda\/categoria-producto\/accesorios\/\"},{\"@type\":\"ListItem\",\"position\":4,\"name\":\"Adaptadores\",\"item\":\"https:\/\/compuviper.mx\/tienda\/categoria-producto\/accesorios\/adaptadores\/\"},{\"@type\":\"ListItem\",\"position\":5,\"name\":\"Hewlett Packard Enterprise P08449-b21 Adaptador Intel I350-t4 1 Gb 4 Puertos Base-t Ocp3 Para Hpe\"}]},{\"@type\":\"WebSite\",\"@id\":\"https:\/\/compuviper.mx\/tienda\/#website\",\"url\":\"https:\/\/compuviper.mx\/tienda\/\",\"name\":\"Compuviper\",\"description\":\"Proveedor de Computadoras, Laptops, Servidores, Monitores, Puntos de Venta, Teclados,   Impresoras, T\u00f3ner, C\u00e1maras de Seguridad y m\u00e1s en tu tienda en l\u00ednea\",\"publisher\":{\"@id\":\"https:\/\/compuviper.mx\/tienda\/#organization\"},\"potentialAction\":[{\"@type\":\"SearchAction\",\"target\":{\"@type\":\"EntryPoint\",\"urlTemplate\":\"https:\/\/compuviper.mx\/tienda\/?s={search_term_string}\"},\"query-input\":\"required name=search_term_string\"}],\"inLanguage\":\"es-MX\"},{\"@type\":\"Organization\",\"@id\":\"https:\/\/compuviper.mx\/tienda\/#organization\",\"name\":\"Compuviper\",\"url\":\"https:\/\/compuviper.mx\/tienda\/\",\"logo\":{\"@type\":\"ImageObject\",\"inLanguage\":\"es-MX\",\"@id\":\"https:\/\/compuviper.mx\/tienda\/#\/schema\/logo\/image\/\",\"url\":\"https:\/\/compuviper.mx\/tienda\/wp-content\/uploads\/2021\/08\/Logo-Compuviper-10.png\",\"contentUrl\":\"https:\/\/compuviper.mx\/tienda\/wp-content\/uploads\/2021\/08\/Logo-Compuviper-10.png\",\"width\":1000,\"height\":500,\"caption\":\"Compuviper\"},\"image\":{\"@id\":\"https:\/\/compuviper.mx\/tienda\/#\/schema\/logo\/image\/\"},\"sameAs\":[\"https:\/\/www.facebook.com\/compuviper\",\"https:\/\/www.youtube.com\/channel\/UCf73dERp9Y3cfOq7q8BhLjA?view_as=subscriber\"]}]}<\/script>\n<meta property=\"product:brand\" content=\"HEWLETT PACKARD ENTERPRISE\" \/>\n<meta property=\"product:price:amount\" content=\"6374\" \/>\n<meta property=\"product:price:currency\" content=\"MXN\" \/>\n<meta property=\"og:availability\" content=\"backorder\" \/>\n<meta property=\"product:availability\" content=\"available for order\" \/>\n<meta property=\"product:retailer_item_id\" content=\"P08449-B21\" \/>\n<meta property=\"product:condition\" content=\"new\" \/>\n<!-- \/ Yoast SEO plugin. -->","yoast_head_json":{"title":"[ Hewlett Packard Enterprise ] &#129351; P08449-b21 Adaptador Intel I350-t4 1 Gb 4 Puertos Base-t Ocp3 Para Hpe","description":"Compra P08449-b21 Adaptador Intel I350-t4 1 Gb 4 Puertos Base-t Ocp3 Para Hpe + Env\u00edo a domicilio + Pago seguro + Garant\u00eda","robots":{"index":"index","follow":"follow","max-snippet":"max-snippet:-1","max-image-preview":"max-image-preview:large","max-video-preview":"max-video-preview:-1"},"canonical":"https:\/\/compuviper.mx\/tienda\/producto\/hewlett-packard-enterprise-p08449-b21-adaptador-intel-i350-t4-1-gb-4-puertos-base-t-ocp3-para-hpe\/","og_locale":"es_MX","og_type":"article","og_title":"[ Hewlett Packard Enterprise ] &#129351; P08449-b21 Adaptador Intel I350-t4 1 Gb 4 Puertos Base-t Ocp3 Para Hpe","og_description":"Compra P08449-b21 Adaptador Intel I350-t4 1 Gb 4 Puertos Base-t Ocp3 Para Hpe + Env\u00edo a domicilio + Pago seguro + Garant\u00eda","og_url":"https:\/\/compuviper.mx\/tienda\/producto\/hewlett-packard-enterprise-p08449-b21-adaptador-intel-i350-t4-1-gb-4-puertos-base-t-ocp3-para-hpe\/","og_site_name":"Compuviper","article_publisher":"https:\/\/www.facebook.com\/compuviper","article_modified_time":"2026-04-02T05:34:44+00:00","og_image":[{"width":200,"height":200,"url":"https:\/\/compuviper.mx\/tienda\/wp-content\/uploads\/2023\/12\/Adaptador-intel-i350-t4-1-gb-4-puertos-base-t-ocp3-para-hpe.jpg","type":"image\/jpeg"}],"twitter_card":"summary_large_image","twitter_misc":{"Precio":"&#36;6,374 con IVA","Availability":"On backorder"},"schema":{"@context":"https:\/\/schema.org","@graph":[{"@type":"WebPage","@id":"https:\/\/compuviper.mx\/tienda\/producto\/hewlett-packard-enterprise-p08449-b21-adaptador-intel-i350-t4-1-gb-4-puertos-base-t-ocp3-para-hpe\/","url":"https:\/\/compuviper.mx\/tienda\/producto\/hewlett-packard-enterprise-p08449-b21-adaptador-intel-i350-t4-1-gb-4-puertos-base-t-ocp3-para-hpe\/","name":"[ Hewlett Packard Enterprise ] &#129351; P08449-b21 Adaptador Intel I350-t4 1 Gb 4 Puertos Base-t Ocp3 Para Hpe","isPartOf":{"@id":"https:\/\/compuviper.mx\/tienda\/#website"},"datePublished":"2026-04-02T05:34:43+00:00","dateModified":"2026-04-02T05:34:44+00:00","description":"Compra P08449-b21 Adaptador Intel I350-t4 1 Gb 4 Puertos Base-t Ocp3 Para Hpe + Env\u00edo a domicilio + Pago seguro + Garant\u00eda","breadcrumb":{"@id":"https:\/\/compuviper.mx\/tienda\/producto\/hewlett-packard-enterprise-p08449-b21-adaptador-intel-i350-t4-1-gb-4-puertos-base-t-ocp3-para-hpe\/#breadcrumb"},"inLanguage":"es-MX","potentialAction":[{"@type":"ReadAction","target":["https:\/\/compuviper.mx\/tienda\/producto\/hewlett-packard-enterprise-p08449-b21-adaptador-intel-i350-t4-1-gb-4-puertos-base-t-ocp3-para-hpe\/"]}]},{"@type":"BreadcrumbList","@id":"https:\/\/compuviper.mx\/tienda\/producto\/hewlett-packard-enterprise-p08449-b21-adaptador-intel-i350-t4-1-gb-4-puertos-base-t-ocp3-para-hpe\/#breadcrumb","itemListElement":[{"@type":"ListItem","position":1,"name":"Inicio","item":"https:\/\/compuviper.mx\/tienda\/"},{"@type":"ListItem","position":2,"name":"Productos","item":"https:\/\/compuviper.mx\/tienda\/productos\/"},{"@type":"ListItem","position":3,"name":"Accesorios","item":"https:\/\/compuviper.mx\/tienda\/categoria-producto\/accesorios\/"},{"@type":"ListItem","position":4,"name":"Adaptadores","item":"https:\/\/compuviper.mx\/tienda\/categoria-producto\/accesorios\/adaptadores\/"},{"@type":"ListItem","position":5,"name":"Hewlett Packard Enterprise P08449-b21 Adaptador Intel I350-t4 1 Gb 4 Puertos Base-t Ocp3 Para Hpe"}]},{"@type":"WebSite","@id":"https:\/\/compuviper.mx\/tienda\/#website","url":"https:\/\/compuviper.mx\/tienda\/","name":"Compuviper","description":"Proveedor de Computadoras, Laptops, Servidores, Monitores, Puntos de Venta, Teclados,   Impresoras, T\u00f3ner, C\u00e1maras de Seguridad y m\u00e1s en tu tienda en l\u00ednea","publisher":{"@id":"https:\/\/compuviper.mx\/tienda\/#organization"},"potentialAction":[{"@type":"SearchAction","target":{"@type":"EntryPoint","urlTemplate":"https:\/\/compuviper.mx\/tienda\/?s={search_term_string}"},"query-input":"required name=search_term_string"}],"inLanguage":"es-MX"},{"@type":"Organization","@id":"https:\/\/compuviper.mx\/tienda\/#organization","name":"Compuviper","url":"https:\/\/compuviper.mx\/tienda\/","logo":{"@type":"ImageObject","inLanguage":"es-MX","@id":"https:\/\/compuviper.mx\/tienda\/#\/schema\/logo\/image\/","url":"https:\/\/compuviper.mx\/tienda\/wp-content\/uploads\/2021\/08\/Logo-Compuviper-10.png","contentUrl":"https:\/\/compuviper.mx\/tienda\/wp-content\/uploads\/2021\/08\/Logo-Compuviper-10.png","width":1000,"height":500,"caption":"Compuviper"},"image":{"@id":"https:\/\/compuviper.mx\/tienda\/#\/schema\/logo\/image\/"},"sameAs":["https:\/\/www.facebook.com\/compuviper","https:\/\/www.youtube.com\/channel\/UCf73dERp9Y3cfOq7q8BhLjA?view_as=subscriber"]}]},"product_brand":"HEWLETT PACKARD ENTERPRISE","product_price_amount":"6374","product_price_currency":"MXN","og_availability":"backorder","product_availability":"available for order","product_retailer_item_id":"P08449-B21","product_condition":"new"},"_links":{"self":[{"href":"https:\/\/compuviper.mx\/tienda\/wp-json\/wp\/v2\/product\/212899"}],"collection":[{"href":"https:\/\/compuviper.mx\/tienda\/wp-json\/wp\/v2\/product"}],"about":[{"href":"https:\/\/compuviper.mx\/tienda\/wp-json\/wp\/v2\/types\/product"}],"replies":[{"embeddable":true,"href":"https:\/\/compuviper.mx\/tienda\/wp-json\/wp\/v2\/comments?post=212899"}],"wp:featuredmedia":[{"embeddable":true,"href":"https:\/\/compuviper.mx\/tienda\/wp-json\/wp\/v2\/media\/212900"}],"wp:attachment":[{"href":"https:\/\/compuviper.mx\/tienda\/wp-json\/wp\/v2\/media?parent=212899"}],"wp:term":[{"taxonomy":"product_cat","embeddable":true,"href":"https:\/\/compuviper.mx\/tienda\/wp-json\/wp\/v2\/product_cat?post=212899"},{"taxonomy":"product_tag","embeddable":true,"href":"https:\/\/compuviper.mx\/tienda\/wp-json\/wp\/v2\/product_tag?post=212899"}],"curies":[{"name":"wp","href":"https:\/\/api.w.org\/{rel}","templated":true}]}}