{"id":212881,"date":"2026-04-21T23:32:35","date_gmt":"2026-04-22T05:32:35","guid":{"rendered":"https:\/\/compuviper.mx\/tienda\/producto\/startech-com-dkt30chvausp-docking-station-usb-c-multipuertos-hdmi-o-vga-pd-de-100w-entrega-de-alimentacion-cable-de-30cm-lector-de-sd-mod\/"},"modified":"2026-04-21T23:32:36","modified_gmt":"2026-04-22T05:32:36","slug":"startech-com-dkt30chvausp-docking-station-usb-c-multipuertos-hdmi-o-vga-pd-de-100w-entrega-de-alimentacion-cable-de-30cm-lector-de-sd-mod","status":"publish","type":"product","link":"https:\/\/compuviper.mx\/tienda\/producto\/startech-com-dkt30chvausp-docking-station-usb-c-multipuertos-hdmi-o-vga-pd-de-100w-entrega-de-alimentacion-cable-de-30cm-lector-de-sd-mod\/","title":{"rendered":"Startech.com Dkt30chvausp Docking Station Usb-c Multipuertos &#8211; Hdmi O Vga &#8211; Pd De 100w Entrega De Alimentacion &#8211; Cable De 30cm &#8211; Lector De Sd () &#8211;  Mod."},"content":{"rendered":"<table class=\"descripcion\">\n<tr>\n<td>Caractersticas fsicas<\/td>\n<\/tr>\n<tr>\n<td>Altura: 1.5 cm<\/td>\n<\/tr>\n<tr>\n<td>Ancho: 6.1 cm<\/td>\n<\/tr>\n<tr>\n<td>Longitud: 46 cm<\/td>\n<\/tr>\n<tr>\n<td>Peso: 125 g<\/td>\n<\/tr>\n<tr>\n<td>Color: negro y gris espacial<\/td>\n<\/tr>\n<tr>\n<td>Longitud del cable: 30 cm<\/td>\n<\/tr>\n<tr>\n<td>Tipo de gabinete: aluminio y plastico<\/td>\n<\/tr>\n<tr>\n<td>Conectores<\/td>\n<\/tr>\n<tr>\n<td>Conectores del host: usb type-c usb 3.0 5gbps<\/td>\n<\/tr>\n<tr>\n<td>Puertos externos:  audio de 3.5mm \/ hdmi \/ rj-45 \/ sd slot \/ usb 3.1 usb type-a gen 1.5 gbps &#8211; usb type-c usb 3.0 5gbps -vga<\/td>\n<\/tr>\n<tr>\n<td>Hardware<\/td>\n<\/tr>\n<tr>\n<td>Puertos: 7<\/td>\n<\/tr>\n<tr>\n<td>Compatibilidad con 4k: s<\/td>\n<\/tr>\n<tr>\n<td>Id del conjunto de chips: cmedia &#8211; hs100-b \/ genesys logic &#8211; gl823k \/ ite tech &#8211; it6564 \/ realtek &#8211; rtl8153b \/ via labs &#8211; vl102 \/ via labs &#8211; vl161 \/ via labs &#8211; vl817<\/td>\n<\/tr>\n<tr>\n<td>Pantallas compatibles: 1<\/td>\n<\/tr>\n<tr>\n<td>Tipo de bus: usb 3.1 gen 1<\/td>\n<\/tr>\n<tr>\n<td>Rendimiento<\/td>\n<\/tr>\n<tr>\n<td>Especificaciones de audio: audio de 3.5mm<\/td>\n<\/tr>\n<tr>\n<td>Longitud mxima del cable: 30 cm<\/td>\n<\/tr>\n<tr>\n<td>Mtbf: 372.518 horas<\/td>\n<\/tr>\n<tr>\n<td>Redes compatibles: 10\/100\/1000 mbps<\/td>\n<\/tr>\n<tr>\n<td>Reserva energtica: 15w<\/td>\n<\/tr>\n<tr>\n<td>Resolucin analgica mx: 1920 x 1200 @ 60hz vga<\/td>\n<\/tr>\n<tr>\n<td>Resolucin digital mx: 3840 x 2160 a 30hz, 4096 x 2160 a 24hz, 3440 x 1440 a 60hz hdmi<\/td>\n<\/tr>\n<tr>\n<td>Tipo y velocidad: usb 3.1 gen 1 &#8211; 5 gbit\/s<\/td>\n<\/tr>\n<\/table>\n","protected":false},"excerpt":{"rendered":"<p>Este\u00a0adaptador multipuerto usb-c convierte su macbook pro, laptop con usb-c\u0099, chromebook o dispositivo android\u00a0samsung galaxy s8,\u00a0note\u00a09 y superior\u00a0en una estacion de trabajo, donde quiera que vaya. El adaptador usb type-c, ideal para viajes o desplazamientos, incluye todo, desde salidas esenciales de video hdmi o vga y puertos usb, hasta lector de tarjetas y entrega de alimentacion pd de 100w, incluyendo passthrough pd.\u00a0todo a traves de un solo cable thunderbolt 3 o usb-c\u00a0anfitrion de longitud extendida 30cm, que ofrece mas flexibilidad en el caso de conexiones de laptops y tablets de acceso mas dificil.\u00a0incluye un puerto hdmi y vga.\u00a0el\u00a0concentrador usb-c\u00a0incluye la funcion\u00a0passthrough pd, a fin de utilizar el\u00a0propio cargador de su laptop para la alimentacion del concentrador\u00a0requiere 15w\u00a0y\u00a0alimentacion o carga\u00a0de su computadora portatil, simultaneamente.<\/p>\n","protected":false},"featured_media":212882,"comment_status":"open","ping_status":"open","template":"","meta":[],"product_cat":[1485,1506],"product_tag":[1590],"acf":[],"yoast_head":"<!-- This site is optimized with the Yoast SEO plugin v21.7 - https:\/\/yoast.com\/wordpress\/plugins\/seo\/ -->\n<title>[ Startech.com ] &#129351; Dkt30chvausp Docking Station Usb-c Multipuertos - Hdmi O Vga - Pd De 100w Entrega De Alimentacion - Cable De 30cm - Lector De Sd () - Mod.<\/title>\n<meta name=\"description\" content=\"Compra Dkt30chvausp Docking Station Usb-c Multipuertos - Hdmi O Vga - Pd De 100w Entrega De Alimentacion - Cable De 30cm - Lector De Sd () - Mod. + Env\u00edo a domicilio + Pago seguro + Garant\u00eda\" \/>\n<meta name=\"robots\" content=\"index, follow, max-snippet:-1, max-image-preview:large, max-video-preview:-1\" \/>\n<link rel=\"canonical\" href=\"https:\/\/compuviper.mx\/tienda\/producto\/startech-com-dkt30chvausp-docking-station-usb-c-multipuertos-hdmi-o-vga-pd-de-100w-entrega-de-alimentacion-cable-de-30cm-lector-de-sd-mod\/\" \/>\n<meta property=\"og:locale\" content=\"es_MX\" \/>\n<meta property=\"og:type\" content=\"article\" \/>\n<meta property=\"og:title\" content=\"[ Startech.com ] &#129351; Dkt30chvausp Docking Station Usb-c Multipuertos - Hdmi O Vga - Pd De 100w Entrega De Alimentacion - Cable De 30cm - Lector De Sd () - Mod.\" \/>\n<meta property=\"og:description\" content=\"Compra Dkt30chvausp Docking Station Usb-c Multipuertos - Hdmi O Vga - Pd De 100w Entrega De Alimentacion - Cable De 30cm - Lector De Sd () - Mod. + Env\u00edo a domicilio + Pago seguro + Garant\u00eda\" \/>\n<meta property=\"og:url\" content=\"https:\/\/compuviper.mx\/tienda\/producto\/startech-com-dkt30chvausp-docking-station-usb-c-multipuertos-hdmi-o-vga-pd-de-100w-entrega-de-alimentacion-cable-de-30cm-lector-de-sd-mod\/\" \/>\n<meta property=\"og:site_name\" content=\"Compuviper\" \/>\n<meta property=\"article:publisher\" content=\"https:\/\/www.facebook.com\/compuviper\" \/>\n<meta property=\"article:modified_time\" content=\"2026-04-22T05:32:36+00:00\" \/>\n<meta property=\"og:image\" content=\"https:\/\/compuviper.mx\/tienda\/wp-content\/uploads\/2023\/12\/Docking-station-usb-c-multipuertos-hdmi-o-vga-pd-de-100w-entrega-de-alimentacion-cable-de-30cm-lector-de-sd-dkt30chvausp-startech.com-mod.-dkt30chvausp.jpg\" \/>\n\t<meta property=\"og:image:width\" content=\"200\" \/>\n\t<meta property=\"og:image:height\" content=\"200\" \/>\n\t<meta property=\"og:image:type\" content=\"image\/jpeg\" \/>\n<meta name=\"twitter:card\" content=\"summary_large_image\" \/>\n<meta name=\"twitter:label1\" content=\"Precio\" \/>\n\t<meta name=\"twitter:data1\" content=\"&#36;622 con IVA\" \/>\n\t<meta name=\"twitter:label2\" content=\"Availability\" \/>\n\t<meta name=\"twitter:data2\" content=\"Out of stock\" \/>\n<script type=\"application\/ld+json\" class=\"yoast-schema-graph\">{\"@context\":\"https:\/\/schema.org\",\"@graph\":[{\"@type\":\"WebPage\",\"@id\":\"https:\/\/compuviper.mx\/tienda\/producto\/startech-com-dkt30chvausp-docking-station-usb-c-multipuertos-hdmi-o-vga-pd-de-100w-entrega-de-alimentacion-cable-de-30cm-lector-de-sd-mod\/\",\"url\":\"https:\/\/compuviper.mx\/tienda\/producto\/startech-com-dkt30chvausp-docking-station-usb-c-multipuertos-hdmi-o-vga-pd-de-100w-entrega-de-alimentacion-cable-de-30cm-lector-de-sd-mod\/\",\"name\":\"[ Startech.com ] &#129351; Dkt30chvausp Docking Station Usb-c Multipuertos - Hdmi O Vga - Pd De 100w Entrega De Alimentacion - Cable De 30cm - Lector De Sd () - Mod.\",\"isPartOf\":{\"@id\":\"https:\/\/compuviper.mx\/tienda\/#website\"},\"datePublished\":\"2026-04-22T05:32:35+00:00\",\"dateModified\":\"2026-04-22T05:32:36+00:00\",\"description\":\"Compra Dkt30chvausp Docking Station Usb-c Multipuertos - Hdmi O Vga - Pd De 100w Entrega De Alimentacion - Cable De 30cm - Lector De Sd () - Mod. + Env\u00edo a domicilio + Pago seguro + Garant\u00eda\",\"breadcrumb\":{\"@id\":\"https:\/\/compuviper.mx\/tienda\/producto\/startech-com-dkt30chvausp-docking-station-usb-c-multipuertos-hdmi-o-vga-pd-de-100w-entrega-de-alimentacion-cable-de-30cm-lector-de-sd-mod\/#breadcrumb\"},\"inLanguage\":\"es-MX\",\"potentialAction\":[{\"@type\":\"ReadAction\",\"target\":[\"https:\/\/compuviper.mx\/tienda\/producto\/startech-com-dkt30chvausp-docking-station-usb-c-multipuertos-hdmi-o-vga-pd-de-100w-entrega-de-alimentacion-cable-de-30cm-lector-de-sd-mod\/\"]}]},{\"@type\":\"BreadcrumbList\",\"@id\":\"https:\/\/compuviper.mx\/tienda\/producto\/startech-com-dkt30chvausp-docking-station-usb-c-multipuertos-hdmi-o-vga-pd-de-100w-entrega-de-alimentacion-cable-de-30cm-lector-de-sd-mod\/#breadcrumb\",\"itemListElement\":[{\"@type\":\"ListItem\",\"position\":1,\"name\":\"Inicio\",\"item\":\"https:\/\/compuviper.mx\/tienda\/\"},{\"@type\":\"ListItem\",\"position\":2,\"name\":\"Productos\",\"item\":\"https:\/\/compuviper.mx\/tienda\/productos\/\"},{\"@type\":\"ListItem\",\"position\":3,\"name\":\"Accesorios\",\"item\":\"https:\/\/compuviper.mx\/tienda\/categoria-producto\/accesorios\/\"},{\"@type\":\"ListItem\",\"position\":4,\"name\":\"Conectividad\",\"item\":\"https:\/\/compuviper.mx\/tienda\/categoria-producto\/accesorios\/conectividad\/\"},{\"@type\":\"ListItem\",\"position\":5,\"name\":\"Startech.com Dkt30chvausp Docking Station Usb-c Multipuertos &#8211; Hdmi O Vga &#8211; Pd De 100w Entrega De Alimentacion &#8211; Cable De 30cm &#8211; Lector De Sd () &#8211; Mod.\"}]},{\"@type\":\"WebSite\",\"@id\":\"https:\/\/compuviper.mx\/tienda\/#website\",\"url\":\"https:\/\/compuviper.mx\/tienda\/\",\"name\":\"Compuviper\",\"description\":\"Proveedor de Computadoras, Laptops, Servidores, Monitores, Puntos de Venta, Teclados,   Impresoras, T\u00f3ner, C\u00e1maras de Seguridad y m\u00e1s en tu tienda en l\u00ednea\",\"publisher\":{\"@id\":\"https:\/\/compuviper.mx\/tienda\/#organization\"},\"potentialAction\":[{\"@type\":\"SearchAction\",\"target\":{\"@type\":\"EntryPoint\",\"urlTemplate\":\"https:\/\/compuviper.mx\/tienda\/?s={search_term_string}\"},\"query-input\":\"required name=search_term_string\"}],\"inLanguage\":\"es-MX\"},{\"@type\":\"Organization\",\"@id\":\"https:\/\/compuviper.mx\/tienda\/#organization\",\"name\":\"Compuviper\",\"url\":\"https:\/\/compuviper.mx\/tienda\/\",\"logo\":{\"@type\":\"ImageObject\",\"inLanguage\":\"es-MX\",\"@id\":\"https:\/\/compuviper.mx\/tienda\/#\/schema\/logo\/image\/\",\"url\":\"https:\/\/compuviper.mx\/tienda\/wp-content\/uploads\/2021\/08\/Logo-Compuviper-10.png\",\"contentUrl\":\"https:\/\/compuviper.mx\/tienda\/wp-content\/uploads\/2021\/08\/Logo-Compuviper-10.png\",\"width\":1000,\"height\":500,\"caption\":\"Compuviper\"},\"image\":{\"@id\":\"https:\/\/compuviper.mx\/tienda\/#\/schema\/logo\/image\/\"},\"sameAs\":[\"https:\/\/www.facebook.com\/compuviper\",\"https:\/\/www.youtube.com\/channel\/UCf73dERp9Y3cfOq7q8BhLjA?view_as=subscriber\"]}]}<\/script>\n<meta property=\"product:brand\" content=\"STARTECH.COM\" \/>\n<meta property=\"product:price:amount\" content=\"622\" \/>\n<meta property=\"product:price:currency\" content=\"MXN\" \/>\n<meta property=\"og:availability\" content=\"out of stock\" \/>\n<meta property=\"product:availability\" content=\"out of stock\" \/>\n<meta property=\"product:retailer_item_id\" content=\"DKT30CHVAUSP\" \/>\n<meta property=\"product:condition\" content=\"new\" \/>\n<!-- \/ Yoast SEO plugin. -->","yoast_head_json":{"title":"[ Startech.com ] &#129351; Dkt30chvausp Docking Station Usb-c Multipuertos - Hdmi O Vga - Pd De 100w Entrega De Alimentacion - Cable De 30cm - Lector De Sd () - Mod.","description":"Compra Dkt30chvausp Docking Station Usb-c Multipuertos - Hdmi O Vga - Pd De 100w Entrega De Alimentacion - Cable De 30cm - Lector De Sd () - Mod. + Env\u00edo a domicilio + Pago seguro + Garant\u00eda","robots":{"index":"index","follow":"follow","max-snippet":"max-snippet:-1","max-image-preview":"max-image-preview:large","max-video-preview":"max-video-preview:-1"},"canonical":"https:\/\/compuviper.mx\/tienda\/producto\/startech-com-dkt30chvausp-docking-station-usb-c-multipuertos-hdmi-o-vga-pd-de-100w-entrega-de-alimentacion-cable-de-30cm-lector-de-sd-mod\/","og_locale":"es_MX","og_type":"article","og_title":"[ Startech.com ] &#129351; Dkt30chvausp Docking Station Usb-c Multipuertos - Hdmi O Vga - Pd De 100w Entrega De Alimentacion - Cable De 30cm - Lector De Sd () - Mod.","og_description":"Compra Dkt30chvausp Docking Station Usb-c Multipuertos - Hdmi O Vga - Pd De 100w Entrega De Alimentacion - Cable De 30cm - Lector De Sd () - Mod. + Env\u00edo a domicilio + Pago seguro + Garant\u00eda","og_url":"https:\/\/compuviper.mx\/tienda\/producto\/startech-com-dkt30chvausp-docking-station-usb-c-multipuertos-hdmi-o-vga-pd-de-100w-entrega-de-alimentacion-cable-de-30cm-lector-de-sd-mod\/","og_site_name":"Compuviper","article_publisher":"https:\/\/www.facebook.com\/compuviper","article_modified_time":"2026-04-22T05:32:36+00:00","og_image":[{"width":200,"height":200,"url":"https:\/\/compuviper.mx\/tienda\/wp-content\/uploads\/2023\/12\/Docking-station-usb-c-multipuertos-hdmi-o-vga-pd-de-100w-entrega-de-alimentacion-cable-de-30cm-lector-de-sd-dkt30chvausp-startech.com-mod.-dkt30chvausp.jpg","type":"image\/jpeg"}],"twitter_card":"summary_large_image","twitter_misc":{"Precio":"&#36;622 con IVA","Availability":"Out of stock"},"schema":{"@context":"https:\/\/schema.org","@graph":[{"@type":"WebPage","@id":"https:\/\/compuviper.mx\/tienda\/producto\/startech-com-dkt30chvausp-docking-station-usb-c-multipuertos-hdmi-o-vga-pd-de-100w-entrega-de-alimentacion-cable-de-30cm-lector-de-sd-mod\/","url":"https:\/\/compuviper.mx\/tienda\/producto\/startech-com-dkt30chvausp-docking-station-usb-c-multipuertos-hdmi-o-vga-pd-de-100w-entrega-de-alimentacion-cable-de-30cm-lector-de-sd-mod\/","name":"[ Startech.com ] &#129351; Dkt30chvausp Docking Station Usb-c Multipuertos - Hdmi O Vga - Pd De 100w Entrega De Alimentacion - Cable De 30cm - Lector De Sd () - Mod.","isPartOf":{"@id":"https:\/\/compuviper.mx\/tienda\/#website"},"datePublished":"2026-04-22T05:32:35+00:00","dateModified":"2026-04-22T05:32:36+00:00","description":"Compra Dkt30chvausp Docking Station Usb-c Multipuertos - Hdmi O Vga - Pd De 100w Entrega De Alimentacion - Cable De 30cm - Lector De Sd () - Mod. + Env\u00edo a domicilio + Pago seguro + Garant\u00eda","breadcrumb":{"@id":"https:\/\/compuviper.mx\/tienda\/producto\/startech-com-dkt30chvausp-docking-station-usb-c-multipuertos-hdmi-o-vga-pd-de-100w-entrega-de-alimentacion-cable-de-30cm-lector-de-sd-mod\/#breadcrumb"},"inLanguage":"es-MX","potentialAction":[{"@type":"ReadAction","target":["https:\/\/compuviper.mx\/tienda\/producto\/startech-com-dkt30chvausp-docking-station-usb-c-multipuertos-hdmi-o-vga-pd-de-100w-entrega-de-alimentacion-cable-de-30cm-lector-de-sd-mod\/"]}]},{"@type":"BreadcrumbList","@id":"https:\/\/compuviper.mx\/tienda\/producto\/startech-com-dkt30chvausp-docking-station-usb-c-multipuertos-hdmi-o-vga-pd-de-100w-entrega-de-alimentacion-cable-de-30cm-lector-de-sd-mod\/#breadcrumb","itemListElement":[{"@type":"ListItem","position":1,"name":"Inicio","item":"https:\/\/compuviper.mx\/tienda\/"},{"@type":"ListItem","position":2,"name":"Productos","item":"https:\/\/compuviper.mx\/tienda\/productos\/"},{"@type":"ListItem","position":3,"name":"Accesorios","item":"https:\/\/compuviper.mx\/tienda\/categoria-producto\/accesorios\/"},{"@type":"ListItem","position":4,"name":"Conectividad","item":"https:\/\/compuviper.mx\/tienda\/categoria-producto\/accesorios\/conectividad\/"},{"@type":"ListItem","position":5,"name":"Startech.com Dkt30chvausp Docking Station Usb-c Multipuertos &#8211; Hdmi O Vga &#8211; Pd De 100w Entrega De Alimentacion &#8211; Cable De 30cm &#8211; Lector De Sd () &#8211; Mod."}]},{"@type":"WebSite","@id":"https:\/\/compuviper.mx\/tienda\/#website","url":"https:\/\/compuviper.mx\/tienda\/","name":"Compuviper","description":"Proveedor de Computadoras, Laptops, Servidores, Monitores, Puntos de Venta, Teclados,   Impresoras, T\u00f3ner, C\u00e1maras de Seguridad y m\u00e1s en tu tienda en l\u00ednea","publisher":{"@id":"https:\/\/compuviper.mx\/tienda\/#organization"},"potentialAction":[{"@type":"SearchAction","target":{"@type":"EntryPoint","urlTemplate":"https:\/\/compuviper.mx\/tienda\/?s={search_term_string}"},"query-input":"required name=search_term_string"}],"inLanguage":"es-MX"},{"@type":"Organization","@id":"https:\/\/compuviper.mx\/tienda\/#organization","name":"Compuviper","url":"https:\/\/compuviper.mx\/tienda\/","logo":{"@type":"ImageObject","inLanguage":"es-MX","@id":"https:\/\/compuviper.mx\/tienda\/#\/schema\/logo\/image\/","url":"https:\/\/compuviper.mx\/tienda\/wp-content\/uploads\/2021\/08\/Logo-Compuviper-10.png","contentUrl":"https:\/\/compuviper.mx\/tienda\/wp-content\/uploads\/2021\/08\/Logo-Compuviper-10.png","width":1000,"height":500,"caption":"Compuviper"},"image":{"@id":"https:\/\/compuviper.mx\/tienda\/#\/schema\/logo\/image\/"},"sameAs":["https:\/\/www.facebook.com\/compuviper","https:\/\/www.youtube.com\/channel\/UCf73dERp9Y3cfOq7q8BhLjA?view_as=subscriber"]}]},"product_brand":"STARTECH.COM","product_price_amount":"622","product_price_currency":"MXN","og_availability":"out of stock","product_availability":"out of stock","product_retailer_item_id":"DKT30CHVAUSP","product_condition":"new"},"_links":{"self":[{"href":"https:\/\/compuviper.mx\/tienda\/wp-json\/wp\/v2\/product\/212881"}],"collection":[{"href":"https:\/\/compuviper.mx\/tienda\/wp-json\/wp\/v2\/product"}],"about":[{"href":"https:\/\/compuviper.mx\/tienda\/wp-json\/wp\/v2\/types\/product"}],"replies":[{"embeddable":true,"href":"https:\/\/compuviper.mx\/tienda\/wp-json\/wp\/v2\/comments?post=212881"}],"wp:featuredmedia":[{"embeddable":true,"href":"https:\/\/compuviper.mx\/tienda\/wp-json\/wp\/v2\/media\/212882"}],"wp:attachment":[{"href":"https:\/\/compuviper.mx\/tienda\/wp-json\/wp\/v2\/media?parent=212881"}],"wp:term":[{"taxonomy":"product_cat","embeddable":true,"href":"https:\/\/compuviper.mx\/tienda\/wp-json\/wp\/v2\/product_cat?post=212881"},{"taxonomy":"product_tag","embeddable":true,"href":"https:\/\/compuviper.mx\/tienda\/wp-json\/wp\/v2\/product_tag?post=212881"}],"curies":[{"name":"wp","href":"https:\/\/api.w.org\/{rel}","templated":true}]}}