{"id":212873,"date":"2026-04-01T23:34:38","date_gmt":"2026-04-02T05:34:38","guid":{"rendered":"https:\/\/compuviper.mx\/tienda\/producto\/peerless-av-ds-mbz947l-2x1-soporte-de-cielorraso-para-men-digital-smartmount-con-ajuste-de-8-puntos-horizontal-configuracin-2-x-1-para-pantallas-de-46-a-48\/"},"modified":"2026-04-01T23:34:38","modified_gmt":"2026-04-02T05:34:38","slug":"peerless-av-ds-mbz947l-2x1-soporte-de-cielorraso-para-men-digital-smartmount-con-ajuste-de-8-puntos-horizontal-configuracin-2-x-1-para-pantallas-de-46-a-48","status":"publish","type":"product","link":"https:\/\/compuviper.mx\/tienda\/producto\/peerless-av-ds-mbz947l-2x1-soporte-de-cielorraso-para-men-digital-smartmount-con-ajuste-de-8-puntos-horizontal-configuracin-2-x-1-para-pantallas-de-46-a-48\/","title":{"rendered":"Peerless-av Ds-mbz947l-2&#215;1 Soporte De Cielorraso Para Men? Digital Smartmount Con Ajuste De 8 Puntos: Horizontal Configuraci?n 2 X 1 Para Pantallas De 46 A 48"},"content":{"rendered":"<table class=\"descripcion\">\n<tr>\n<td>Tama\u00f1o de pantalla m\u00ednimo a m\u00e1ximo 40 a 42 capacidad de peso 200 lb (90,9 kg) color negro acabado recubrimiento en polvo incrementos de bloqueo 0, +5, +10, + 15 patr\u00f3n de montaje 1960 x 400 mm (77,15 x 15,75 ) funciones de seguridad hardware de seguridad dimensiones del producto 77,5 x 19,49 x 7,47 (1968 x 495 x 190 mm)<\/td>\n<\/tr>\n<\/table>\n","protected":false},"excerpt":{"rendered":"<p>El soporte de cielorraso para men\u00fa de restaurantes de servicio r\u00e1pido de peerless-av fue concebido para crear una superficie de colocaci\u00f3n homog\u00e9nea mediante la interconexi\u00f3n de placas de pared. Las opciones de inclinaci\u00f3n fijas y continuas permiten que todas las pantallas se inclinen en el mismo \u00e1ngulo creando en una alineaci\u00f3n uniforme. El soporte para men\u00fa de restaurantes de servicio r\u00e1pido ofrece ajuste sin herramientas de 8 puntos para que todas las pantallas est\u00e9n ubicadas en el mismo plano. Los rieles adaptadores de conexi\u00f3n r\u00e1pida se fijan a la estructura del soporte con un pestillo autom\u00e1tico, facilitando el armado y haciendo del soporte para men\u00fa de restaurantes de servicio r\u00e1pido una soluci\u00f3n perfecta.<\/p>\n","protected":false},"featured_media":212874,"comment_status":"open","ping_status":"open","template":"","meta":[],"product_cat":[2321,2265],"product_tag":[1904],"acf":[],"yoast_head":"<!-- This site is optimized with the Yoast SEO plugin v21.7 - https:\/\/yoast.com\/wordpress\/plugins\/seo\/ -->\n<title>[ Peerless-av ] &#129351; Ds-mbz947l-2x1 Soporte De Cielorraso Para Men\u00fa Digital Smartmount Con Ajuste De 8 Puntos: Horizontal Configuraci\u00f3n 2 X 1 Para Pantallas De 46 A 48<\/title>\n<meta name=\"description\" content=\"Compra Ds-mbz947l-2x1 Soporte De Cielorraso Para Men\u00fa Digital Smartmount Con Ajuste De 8 Puntos: Horizontal Configuraci\u00f3n 2 X 1 Para Pantallas De 46 A 48 + Env\u00edo a domicilio + Pago seguro + Garant\u00eda\" \/>\n<meta name=\"robots\" content=\"index, follow, max-snippet:-1, max-image-preview:large, max-video-preview:-1\" \/>\n<link rel=\"canonical\" href=\"https:\/\/compuviper.mx\/tienda\/producto\/peerless-av-ds-mbz947l-2x1-soporte-de-cielorraso-para-men-digital-smartmount-con-ajuste-de-8-puntos-horizontal-configuracin-2-x-1-para-pantallas-de-46-a-48\/\" \/>\n<meta property=\"og:locale\" content=\"es_MX\" \/>\n<meta property=\"og:type\" content=\"article\" \/>\n<meta property=\"og:title\" content=\"[ Peerless-av ] &#129351; Ds-mbz947l-2x1 Soporte De Cielorraso Para Men\u00fa Digital Smartmount Con Ajuste De 8 Puntos: Horizontal Configuraci\u00f3n 2 X 1 Para Pantallas De 46 A 48\" \/>\n<meta property=\"og:description\" content=\"Compra Ds-mbz947l-2x1 Soporte De Cielorraso Para Men\u00fa Digital Smartmount Con Ajuste De 8 Puntos: Horizontal Configuraci\u00f3n 2 X 1 Para Pantallas De 46 A 48 + Env\u00edo a domicilio + Pago seguro + Garant\u00eda\" \/>\n<meta property=\"og:url\" content=\"https:\/\/compuviper.mx\/tienda\/producto\/peerless-av-ds-mbz947l-2x1-soporte-de-cielorraso-para-men-digital-smartmount-con-ajuste-de-8-puntos-horizontal-configuracin-2-x-1-para-pantallas-de-46-a-48\/\" \/>\n<meta property=\"og:site_name\" content=\"Compuviper\" \/>\n<meta property=\"article:publisher\" content=\"https:\/\/www.facebook.com\/compuviper\" \/>\n<meta property=\"og:image\" content=\"https:\/\/compuviper.mx\/tienda\/wp-content\/uploads\/2023\/12\/Soporte-de-cielorraso-para-menu-digital-smartmount-con-ajuste-de-8-puntos-horizontal-configuracion-2-x-1-para-pantallas-de-46-a-48.jpg\" \/>\n\t<meta property=\"og:image:width\" content=\"200\" \/>\n\t<meta property=\"og:image:height\" content=\"200\" \/>\n\t<meta property=\"og:image:type\" content=\"image\/jpeg\" \/>\n<meta name=\"twitter:card\" content=\"summary_large_image\" \/>\n<meta name=\"twitter:label1\" content=\"Precio\" \/>\n\t<meta name=\"twitter:data1\" content=\"&#36;15,399 con IVA\" \/>\n\t<meta name=\"twitter:label2\" content=\"Availability\" \/>\n\t<meta name=\"twitter:data2\" content=\"On backorder\" \/>\n<script type=\"application\/ld+json\" class=\"yoast-schema-graph\">{\"@context\":\"https:\/\/schema.org\",\"@graph\":[{\"@type\":\"WebPage\",\"@id\":\"https:\/\/compuviper.mx\/tienda\/producto\/peerless-av-ds-mbz947l-2x1-soporte-de-cielorraso-para-men-digital-smartmount-con-ajuste-de-8-puntos-horizontal-configuracin-2-x-1-para-pantallas-de-46-a-48\/\",\"url\":\"https:\/\/compuviper.mx\/tienda\/producto\/peerless-av-ds-mbz947l-2x1-soporte-de-cielorraso-para-men-digital-smartmount-con-ajuste-de-8-puntos-horizontal-configuracin-2-x-1-para-pantallas-de-46-a-48\/\",\"name\":\"[ Peerless-av ] &#129351; Ds-mbz947l-2x1 Soporte De Cielorraso Para Men\u00fa Digital Smartmount Con Ajuste De 8 Puntos: Horizontal Configuraci\u00f3n 2 X 1 Para Pantallas De 46 A 48\",\"isPartOf\":{\"@id\":\"https:\/\/compuviper.mx\/tienda\/#website\"},\"datePublished\":\"2026-04-02T05:34:38+00:00\",\"dateModified\":\"2026-04-02T05:34:38+00:00\",\"description\":\"Compra Ds-mbz947l-2x1 Soporte De Cielorraso Para Men\u00fa Digital Smartmount Con Ajuste De 8 Puntos: Horizontal Configuraci\u00f3n 2 X 1 Para Pantallas De 46 A 48 + Env\u00edo a domicilio + Pago seguro + Garant\u00eda\",\"breadcrumb\":{\"@id\":\"https:\/\/compuviper.mx\/tienda\/producto\/peerless-av-ds-mbz947l-2x1-soporte-de-cielorraso-para-men-digital-smartmount-con-ajuste-de-8-puntos-horizontal-configuracin-2-x-1-para-pantallas-de-46-a-48\/#breadcrumb\"},\"inLanguage\":\"es-MX\",\"potentialAction\":[{\"@type\":\"ReadAction\",\"target\":[\"https:\/\/compuviper.mx\/tienda\/producto\/peerless-av-ds-mbz947l-2x1-soporte-de-cielorraso-para-men-digital-smartmount-con-ajuste-de-8-puntos-horizontal-configuracin-2-x-1-para-pantallas-de-46-a-48\/\"]}]},{\"@type\":\"BreadcrumbList\",\"@id\":\"https:\/\/compuviper.mx\/tienda\/producto\/peerless-av-ds-mbz947l-2x1-soporte-de-cielorraso-para-men-digital-smartmount-con-ajuste-de-8-puntos-horizontal-configuracin-2-x-1-para-pantallas-de-46-a-48\/#breadcrumb\",\"itemListElement\":[{\"@type\":\"ListItem\",\"position\":1,\"name\":\"Inicio\",\"item\":\"https:\/\/compuviper.mx\/tienda\/\"},{\"@type\":\"ListItem\",\"position\":2,\"name\":\"Productos\",\"item\":\"https:\/\/compuviper.mx\/tienda\/productos\/\"},{\"@type\":\"ListItem\",\"position\":3,\"name\":\"Soportes Y Bases P\/tv\/ Proyectores\/dvd\/consolas\/bocinas\/pantallas\/monotores\",\"item\":\"https:\/\/compuviper.mx\/tienda\/categoria-producto\/soportes-y-bases-p-tv-proyectores-dvd-consolas-bocinas-pantallas-monotores\/\"},{\"@type\":\"ListItem\",\"position\":4,\"name\":\"Soporte Y Base Para Tv\/pantallas\/monitores\/kiosko\",\"item\":\"https:\/\/compuviper.mx\/tienda\/categoria-producto\/soportes-y-bases-p-tv-proyectores-dvd-consolas-bocinas-pantallas-monotores\/soporte-y-base-para-tv-pantallas-monitores-kiosko\/\"},{\"@type\":\"ListItem\",\"position\":5,\"name\":\"Peerless-av Ds-mbz947l-2&#215;1 Soporte De Cielorraso Para Men? Digital Smartmount Con Ajuste De 8 Puntos: Horizontal Configuraci?n 2 X 1 Para Pantallas De 46 A 48\"}]},{\"@type\":\"WebSite\",\"@id\":\"https:\/\/compuviper.mx\/tienda\/#website\",\"url\":\"https:\/\/compuviper.mx\/tienda\/\",\"name\":\"Compuviper\",\"description\":\"Proveedor de Computadoras, Laptops, Servidores, Monitores, Puntos de Venta, Teclados,   Impresoras, T\u00f3ner, C\u00e1maras de Seguridad y m\u00e1s en tu tienda en l\u00ednea\",\"publisher\":{\"@id\":\"https:\/\/compuviper.mx\/tienda\/#organization\"},\"potentialAction\":[{\"@type\":\"SearchAction\",\"target\":{\"@type\":\"EntryPoint\",\"urlTemplate\":\"https:\/\/compuviper.mx\/tienda\/?s={search_term_string}\"},\"query-input\":\"required name=search_term_string\"}],\"inLanguage\":\"es-MX\"},{\"@type\":\"Organization\",\"@id\":\"https:\/\/compuviper.mx\/tienda\/#organization\",\"name\":\"Compuviper\",\"url\":\"https:\/\/compuviper.mx\/tienda\/\",\"logo\":{\"@type\":\"ImageObject\",\"inLanguage\":\"es-MX\",\"@id\":\"https:\/\/compuviper.mx\/tienda\/#\/schema\/logo\/image\/\",\"url\":\"https:\/\/compuviper.mx\/tienda\/wp-content\/uploads\/2021\/08\/Logo-Compuviper-10.png\",\"contentUrl\":\"https:\/\/compuviper.mx\/tienda\/wp-content\/uploads\/2021\/08\/Logo-Compuviper-10.png\",\"width\":1000,\"height\":500,\"caption\":\"Compuviper\"},\"image\":{\"@id\":\"https:\/\/compuviper.mx\/tienda\/#\/schema\/logo\/image\/\"},\"sameAs\":[\"https:\/\/www.facebook.com\/compuviper\",\"https:\/\/www.youtube.com\/channel\/UCf73dERp9Y3cfOq7q8BhLjA?view_as=subscriber\"]}]}<\/script>\n<meta property=\"product:brand\" content=\"PEERLESS-AV\" \/>\n<meta property=\"product:price:amount\" content=\"15399\" \/>\n<meta property=\"product:price:currency\" content=\"MXN\" \/>\n<meta property=\"og:availability\" content=\"backorder\" \/>\n<meta property=\"product:availability\" content=\"available for order\" \/>\n<meta property=\"product:retailer_item_id\" content=\"DS-MBZ947L-2X1\" \/>\n<meta property=\"product:condition\" content=\"new\" \/>\n<!-- \/ Yoast SEO plugin. -->","yoast_head_json":{"title":"[ Peerless-av ] &#129351; Ds-mbz947l-2x1 Soporte De Cielorraso Para Men\u00fa Digital Smartmount Con Ajuste De 8 Puntos: Horizontal Configuraci\u00f3n 2 X 1 Para Pantallas De 46 A 48","description":"Compra Ds-mbz947l-2x1 Soporte De Cielorraso Para Men\u00fa Digital Smartmount Con Ajuste De 8 Puntos: Horizontal Configuraci\u00f3n 2 X 1 Para Pantallas De 46 A 48 + Env\u00edo a domicilio + Pago seguro + Garant\u00eda","robots":{"index":"index","follow":"follow","max-snippet":"max-snippet:-1","max-image-preview":"max-image-preview:large","max-video-preview":"max-video-preview:-1"},"canonical":"https:\/\/compuviper.mx\/tienda\/producto\/peerless-av-ds-mbz947l-2x1-soporte-de-cielorraso-para-men-digital-smartmount-con-ajuste-de-8-puntos-horizontal-configuracin-2-x-1-para-pantallas-de-46-a-48\/","og_locale":"es_MX","og_type":"article","og_title":"[ Peerless-av ] &#129351; Ds-mbz947l-2x1 Soporte De Cielorraso Para Men\u00fa Digital Smartmount Con Ajuste De 8 Puntos: Horizontal Configuraci\u00f3n 2 X 1 Para Pantallas De 46 A 48","og_description":"Compra Ds-mbz947l-2x1 Soporte De Cielorraso Para Men\u00fa Digital Smartmount Con Ajuste De 8 Puntos: Horizontal Configuraci\u00f3n 2 X 1 Para Pantallas De 46 A 48 + Env\u00edo a domicilio + Pago seguro + Garant\u00eda","og_url":"https:\/\/compuviper.mx\/tienda\/producto\/peerless-av-ds-mbz947l-2x1-soporte-de-cielorraso-para-men-digital-smartmount-con-ajuste-de-8-puntos-horizontal-configuracin-2-x-1-para-pantallas-de-46-a-48\/","og_site_name":"Compuviper","article_publisher":"https:\/\/www.facebook.com\/compuviper","og_image":[{"width":200,"height":200,"url":"https:\/\/compuviper.mx\/tienda\/wp-content\/uploads\/2023\/12\/Soporte-de-cielorraso-para-menu-digital-smartmount-con-ajuste-de-8-puntos-horizontal-configuracion-2-x-1-para-pantallas-de-46-a-48.jpg","type":"image\/jpeg"}],"twitter_card":"summary_large_image","twitter_misc":{"Precio":"&#36;15,399 con IVA","Availability":"On backorder"},"schema":{"@context":"https:\/\/schema.org","@graph":[{"@type":"WebPage","@id":"https:\/\/compuviper.mx\/tienda\/producto\/peerless-av-ds-mbz947l-2x1-soporte-de-cielorraso-para-men-digital-smartmount-con-ajuste-de-8-puntos-horizontal-configuracin-2-x-1-para-pantallas-de-46-a-48\/","url":"https:\/\/compuviper.mx\/tienda\/producto\/peerless-av-ds-mbz947l-2x1-soporte-de-cielorraso-para-men-digital-smartmount-con-ajuste-de-8-puntos-horizontal-configuracin-2-x-1-para-pantallas-de-46-a-48\/","name":"[ Peerless-av ] &#129351; Ds-mbz947l-2x1 Soporte De Cielorraso Para Men\u00fa Digital Smartmount Con Ajuste De 8 Puntos: Horizontal Configuraci\u00f3n 2 X 1 Para Pantallas De 46 A 48","isPartOf":{"@id":"https:\/\/compuviper.mx\/tienda\/#website"},"datePublished":"2026-04-02T05:34:38+00:00","dateModified":"2026-04-02T05:34:38+00:00","description":"Compra Ds-mbz947l-2x1 Soporte De Cielorraso Para Men\u00fa Digital Smartmount Con Ajuste De 8 Puntos: Horizontal Configuraci\u00f3n 2 X 1 Para Pantallas De 46 A 48 + Env\u00edo a domicilio + Pago seguro + Garant\u00eda","breadcrumb":{"@id":"https:\/\/compuviper.mx\/tienda\/producto\/peerless-av-ds-mbz947l-2x1-soporte-de-cielorraso-para-men-digital-smartmount-con-ajuste-de-8-puntos-horizontal-configuracin-2-x-1-para-pantallas-de-46-a-48\/#breadcrumb"},"inLanguage":"es-MX","potentialAction":[{"@type":"ReadAction","target":["https:\/\/compuviper.mx\/tienda\/producto\/peerless-av-ds-mbz947l-2x1-soporte-de-cielorraso-para-men-digital-smartmount-con-ajuste-de-8-puntos-horizontal-configuracin-2-x-1-para-pantallas-de-46-a-48\/"]}]},{"@type":"BreadcrumbList","@id":"https:\/\/compuviper.mx\/tienda\/producto\/peerless-av-ds-mbz947l-2x1-soporte-de-cielorraso-para-men-digital-smartmount-con-ajuste-de-8-puntos-horizontal-configuracin-2-x-1-para-pantallas-de-46-a-48\/#breadcrumb","itemListElement":[{"@type":"ListItem","position":1,"name":"Inicio","item":"https:\/\/compuviper.mx\/tienda\/"},{"@type":"ListItem","position":2,"name":"Productos","item":"https:\/\/compuviper.mx\/tienda\/productos\/"},{"@type":"ListItem","position":3,"name":"Soportes Y Bases P\/tv\/ Proyectores\/dvd\/consolas\/bocinas\/pantallas\/monotores","item":"https:\/\/compuviper.mx\/tienda\/categoria-producto\/soportes-y-bases-p-tv-proyectores-dvd-consolas-bocinas-pantallas-monotores\/"},{"@type":"ListItem","position":4,"name":"Soporte Y Base Para Tv\/pantallas\/monitores\/kiosko","item":"https:\/\/compuviper.mx\/tienda\/categoria-producto\/soportes-y-bases-p-tv-proyectores-dvd-consolas-bocinas-pantallas-monotores\/soporte-y-base-para-tv-pantallas-monitores-kiosko\/"},{"@type":"ListItem","position":5,"name":"Peerless-av Ds-mbz947l-2&#215;1 Soporte De Cielorraso Para Men? Digital Smartmount Con Ajuste De 8 Puntos: Horizontal Configuraci?n 2 X 1 Para Pantallas De 46 A 48"}]},{"@type":"WebSite","@id":"https:\/\/compuviper.mx\/tienda\/#website","url":"https:\/\/compuviper.mx\/tienda\/","name":"Compuviper","description":"Proveedor de Computadoras, Laptops, Servidores, Monitores, Puntos de Venta, Teclados,   Impresoras, T\u00f3ner, C\u00e1maras de Seguridad y m\u00e1s en tu tienda en l\u00ednea","publisher":{"@id":"https:\/\/compuviper.mx\/tienda\/#organization"},"potentialAction":[{"@type":"SearchAction","target":{"@type":"EntryPoint","urlTemplate":"https:\/\/compuviper.mx\/tienda\/?s={search_term_string}"},"query-input":"required name=search_term_string"}],"inLanguage":"es-MX"},{"@type":"Organization","@id":"https:\/\/compuviper.mx\/tienda\/#organization","name":"Compuviper","url":"https:\/\/compuviper.mx\/tienda\/","logo":{"@type":"ImageObject","inLanguage":"es-MX","@id":"https:\/\/compuviper.mx\/tienda\/#\/schema\/logo\/image\/","url":"https:\/\/compuviper.mx\/tienda\/wp-content\/uploads\/2021\/08\/Logo-Compuviper-10.png","contentUrl":"https:\/\/compuviper.mx\/tienda\/wp-content\/uploads\/2021\/08\/Logo-Compuviper-10.png","width":1000,"height":500,"caption":"Compuviper"},"image":{"@id":"https:\/\/compuviper.mx\/tienda\/#\/schema\/logo\/image\/"},"sameAs":["https:\/\/www.facebook.com\/compuviper","https:\/\/www.youtube.com\/channel\/UCf73dERp9Y3cfOq7q8BhLjA?view_as=subscriber"]}]},"product_brand":"PEERLESS-AV","product_price_amount":"15399","product_price_currency":"MXN","og_availability":"backorder","product_availability":"available for order","product_retailer_item_id":"DS-MBZ947L-2X1","product_condition":"new"},"_links":{"self":[{"href":"https:\/\/compuviper.mx\/tienda\/wp-json\/wp\/v2\/product\/212873"}],"collection":[{"href":"https:\/\/compuviper.mx\/tienda\/wp-json\/wp\/v2\/product"}],"about":[{"href":"https:\/\/compuviper.mx\/tienda\/wp-json\/wp\/v2\/types\/product"}],"replies":[{"embeddable":true,"href":"https:\/\/compuviper.mx\/tienda\/wp-json\/wp\/v2\/comments?post=212873"}],"wp:featuredmedia":[{"embeddable":true,"href":"https:\/\/compuviper.mx\/tienda\/wp-json\/wp\/v2\/media\/212874"}],"wp:attachment":[{"href":"https:\/\/compuviper.mx\/tienda\/wp-json\/wp\/v2\/media?parent=212873"}],"wp:term":[{"taxonomy":"product_cat","embeddable":true,"href":"https:\/\/compuviper.mx\/tienda\/wp-json\/wp\/v2\/product_cat?post=212873"},{"taxonomy":"product_tag","embeddable":true,"href":"https:\/\/compuviper.mx\/tienda\/wp-json\/wp\/v2\/product_tag?post=212873"}],"curies":[{"name":"wp","href":"https:\/\/api.w.org\/{rel}","templated":true}]}}