{"id":212863,"date":"2026-04-13T23:34:33","date_gmt":"2026-04-14T05:34:33","guid":{"rendered":"https:\/\/compuviper.mx\/tienda\/producto\/synology-e10m20-t1-tarjeta-pcie-3-0-x8-1-puerto-de-10g-base-t-y-2-ranuras-ssd-nvme-m-2-2280-22110-todo-en-uno-para-acelerar-el-rendimiento\/"},"modified":"2026-04-13T23:34:34","modified_gmt":"2026-04-14T05:34:34","slug":"synology-e10m20-t1-tarjeta-pcie-3-0-x8-1-puerto-de-10g-base-t-y-2-ranuras-ssd-nvme-m-2-2280-22110-todo-en-uno-para-acelerar-el-rendimiento","status":"publish","type":"product","link":"https:\/\/compuviper.mx\/tienda\/producto\/synology-e10m20-t1-tarjeta-pcie-3-0-x8-1-puerto-de-10g-base-t-y-2-ranuras-ssd-nvme-m-2-2280-22110-todo-en-uno-para-acelerar-el-rendimiento\/","title":{"rendered":"Synology E10m20-t1 Tarjeta  Pcie 3.0 X8 1 Puerto De 10g Base-t Y 2 Ranuras Ssd Nvme M.2 2280\/22110, Todo En Uno Para Acelerar El Rendimiento"},"content":{"rendered":"<table class=\"descripcion\">\n<tr>\n<td>Descripcion tecnica<\/td>\n<\/tr>\n<tr>\n<td>Especificaciones de hardware<\/td>\n<\/tr>\n<tr>\n<td>General<\/td>\n<\/tr>\n<tr>\n<td>Interfaz de bus del host pcie 3.0 x8<\/td>\n<\/tr>\n<tr>\n<td>Altura del soporte perfil bajo y altura completa<\/td>\n<\/tr>\n<tr>\n<td>Tama\u00f1o (altura x anchura x profundidad) 71.75 mm x 200.05 mm x 17.70 mm<\/td>\n<\/tr>\n<tr>\n<td>Temperatura operativa 0\u00b0c a 40\u00b0c (32\u00b0f a 104\u00b0f)<\/td>\n<\/tr>\n<tr>\n<td>Temperatura de almacenamiento -20\u00b0c a 60\u00b0c (-5\u00b0f a 140\u00b0f)<\/td>\n<\/tr>\n<tr>\n<td>Humedad relativa 5% a 95% rh<\/td>\n<\/tr>\n<tr>\n<td>Garant\u00eda 5 a\u00f1os<\/td>\n<\/tr>\n<tr>\n<td>Almacenamiento<\/td>\n<\/tr>\n<tr>\n<td>Interfaz de almacenamiento pcie nvme<\/td>\n<\/tr>\n<tr>\n<td>Factor de forma compatible 22110 \/ 2280<\/td>\n<\/tr>\n<tr>\n<td>Cantidad y tipo de conector clave m<\/td>\n<\/tr>\n<tr>\n<td>Red<\/td>\n<\/tr>\n<tr>\n<td>Cumplimiento de las especificaciones ieee<\/td>\n<\/tr>\n<tr>\n<td>Control de flujo ieee 802.3x<\/td>\n<\/tr>\n<tr>\n<td>Ethernet de alta velocidad ieee 802.3u<\/td>\n<\/tr>\n<tr>\n<td>Gigabit ethernet ieee 802.3ab<\/td>\n<\/tr>\n<tr>\n<td>Ethernet ieee 802.3bz 2.5 gbps\/5 gbps<\/td>\n<\/tr>\n<tr>\n<td>Ethernet ieee 802.3an 10 gbps<\/td>\n<\/tr>\n<tr>\n<td>Velocidades de transferencia de datos 10 gbps<\/td>\n<\/tr>\n<tr>\n<td>Modo de funcionamiento de red d\u00faplex completo<\/td>\n<\/tr>\n<tr>\n<td>Caracter\u00edsticas compatibles<\/td>\n<\/tr>\n<tr>\n<td>Jumbo frame de 9 kb<\/td>\n<\/tr>\n<tr>\n<td>Descarga de suma de comprobaci\u00f3n tcp\/udp\/ip<\/td>\n<\/tr>\n<tr>\n<td>Negociaci\u00f3n autom\u00e1tica entre 100 mb\/s, 1 gb\/s, 2.5 gb\/s, 5 gb\/s y 10 gb\/s<\/td>\n<\/tr>\n<tr>\n<td>Descarga de segmentaci\u00f3n tcp (tso)<\/td>\n<\/tr>\n<tr>\n<td>Descarga de env\u00edo grande (lso)<\/td>\n<\/tr>\n<tr>\n<td>Escala lateral de recepci\u00f3n (rss)<\/td>\n<\/tr>\n<tr>\n<td>Descarga de recepci\u00f3n gen\u00e9rica (gro)<\/td>\n<\/tr>\n<tr>\n<td>Descarga de segmentaci\u00f3n gen\u00e9rica (gso)<\/td>\n<\/tr>\n<tr>\n<td>Compatibilidad<\/td>\n<\/tr>\n<tr>\n<td>Modelos compatibles<\/td>\n<\/tr>\n<tr>\n<td>Nvme ssd<\/td>\n<\/tr>\n<tr>\n<td>Sa series:sa3600, sa3400<\/td>\n<\/tr>\n<tr>\n<td>21 series:rs4021xs+, rs3621xs+, rs3621rpxs, rs2821rp+, rs2421rp+, rs2421+, rs1221rp+, rs1221+<\/td>\n<\/tr>\n<tr>\n<td>20 series:rs820rp+, rs820+<\/td>\n<\/tr>\n<tr>\n<td>19 series:ds2419+, ds1819+<\/td>\n<\/tr>\n<tr>\n<td>18 series:rs2818rp+, ds3018xs, ds1618+<\/td>\n<\/tr>\n<\/table>\n","protected":false},"excerpt":{"rendered":"<p>Descripcion comercial. Ancho de banda de 10 gbe y cach\u00e9 de ssd m.2, todo en uno. Synology e10m20-t1 le ayuda a mejorar el rendimiento de e\/s y el ancho de banda de red simult\u00e1neamente con una sola ranura de expansi\u00f3n pcie en su synology nas.<\/p>\n","protected":false},"featured_media":212864,"comment_status":"open","ping_status":"open","template":"","meta":[],"product_cat":[1485,1580],"product_tag":[1561],"acf":[],"yoast_head":"<!-- This site is optimized with the Yoast SEO plugin v21.7 - https:\/\/yoast.com\/wordpress\/plugins\/seo\/ -->\n<title>[ Synology ] &#129351; E10m20-t1 Tarjeta Pcie 3.0 X8 1 Puerto De 10g Base-t Y 2 Ranuras Ssd Nvme M.2 2280\/22110, Todo En Uno Para Acelerar El Rendimiento<\/title>\n<meta name=\"description\" content=\"Compra E10m20-t1 Tarjeta Pcie 3.0 X8 1 Puerto De 10g Base-t Y 2 Ranuras Ssd Nvme M.2 2280\/22110, Todo En Uno Para Acelerar El Rendimiento + Env\u00edo a domicilio + Pago seguro + Garant\u00eda\" \/>\n<meta name=\"robots\" content=\"index, follow, max-snippet:-1, max-image-preview:large, max-video-preview:-1\" \/>\n<link rel=\"canonical\" href=\"https:\/\/compuviper.mx\/tienda\/producto\/synology-e10m20-t1-tarjeta-pcie-3-0-x8-1-puerto-de-10g-base-t-y-2-ranuras-ssd-nvme-m-2-2280-22110-todo-en-uno-para-acelerar-el-rendimiento\/\" \/>\n<meta property=\"og:locale\" content=\"es_MX\" \/>\n<meta property=\"og:type\" content=\"article\" \/>\n<meta property=\"og:title\" content=\"[ Synology ] &#129351; E10m20-t1 Tarjeta Pcie 3.0 X8 1 Puerto De 10g Base-t Y 2 Ranuras Ssd Nvme M.2 2280\/22110, Todo En Uno Para Acelerar El Rendimiento\" \/>\n<meta property=\"og:description\" content=\"Compra E10m20-t1 Tarjeta Pcie 3.0 X8 1 Puerto De 10g Base-t Y 2 Ranuras Ssd Nvme M.2 2280\/22110, Todo En Uno Para Acelerar El Rendimiento + Env\u00edo a domicilio + Pago seguro + Garant\u00eda\" \/>\n<meta property=\"og:url\" content=\"https:\/\/compuviper.mx\/tienda\/producto\/synology-e10m20-t1-tarjeta-pcie-3-0-x8-1-puerto-de-10g-base-t-y-2-ranuras-ssd-nvme-m-2-2280-22110-todo-en-uno-para-acelerar-el-rendimiento\/\" \/>\n<meta property=\"og:site_name\" content=\"Compuviper\" \/>\n<meta property=\"article:publisher\" content=\"https:\/\/www.facebook.com\/compuviper\" \/>\n<meta property=\"article:modified_time\" content=\"2026-04-14T05:34:34+00:00\" \/>\n<meta property=\"og:image\" content=\"https:\/\/compuviper.mx\/tienda\/wp-content\/uploads\/2023\/12\/Tarjeta-synology-pcie-3.0-x8-1-puerto-de-10g-base-t-y-2-ranuras-ssd-nvme-m.2-228022110-todo-en-uno-para-acelerar-el-rendimiento.jpg\" \/>\n\t<meta property=\"og:image:width\" content=\"200\" \/>\n\t<meta property=\"og:image:height\" content=\"200\" \/>\n\t<meta property=\"og:image:type\" content=\"image\/jpeg\" \/>\n<meta name=\"twitter:card\" content=\"summary_large_image\" \/>\n<meta name=\"twitter:label1\" content=\"Precio\" \/>\n\t<meta name=\"twitter:data1\" content=\"&#36;4,839 con IVA\" \/>\n\t<meta name=\"twitter:label2\" content=\"Availability\" \/>\n\t<meta name=\"twitter:data2\" content=\"In stock\" \/>\n<script type=\"application\/ld+json\" class=\"yoast-schema-graph\">{\"@context\":\"https:\/\/schema.org\",\"@graph\":[{\"@type\":\"WebPage\",\"@id\":\"https:\/\/compuviper.mx\/tienda\/producto\/synology-e10m20-t1-tarjeta-pcie-3-0-x8-1-puerto-de-10g-base-t-y-2-ranuras-ssd-nvme-m-2-2280-22110-todo-en-uno-para-acelerar-el-rendimiento\/\",\"url\":\"https:\/\/compuviper.mx\/tienda\/producto\/synology-e10m20-t1-tarjeta-pcie-3-0-x8-1-puerto-de-10g-base-t-y-2-ranuras-ssd-nvme-m-2-2280-22110-todo-en-uno-para-acelerar-el-rendimiento\/\",\"name\":\"[ Synology ] &#129351; E10m20-t1 Tarjeta Pcie 3.0 X8 1 Puerto De 10g Base-t Y 2 Ranuras Ssd Nvme M.2 2280\/22110, Todo En Uno Para Acelerar El Rendimiento\",\"isPartOf\":{\"@id\":\"https:\/\/compuviper.mx\/tienda\/#website\"},\"datePublished\":\"2026-04-14T05:34:33+00:00\",\"dateModified\":\"2026-04-14T05:34:34+00:00\",\"description\":\"Compra E10m20-t1 Tarjeta Pcie 3.0 X8 1 Puerto De 10g Base-t Y 2 Ranuras Ssd Nvme M.2 2280\/22110, Todo En Uno Para Acelerar El Rendimiento + Env\u00edo a domicilio + Pago seguro + Garant\u00eda\",\"breadcrumb\":{\"@id\":\"https:\/\/compuviper.mx\/tienda\/producto\/synology-e10m20-t1-tarjeta-pcie-3-0-x8-1-puerto-de-10g-base-t-y-2-ranuras-ssd-nvme-m-2-2280-22110-todo-en-uno-para-acelerar-el-rendimiento\/#breadcrumb\"},\"inLanguage\":\"es-MX\",\"potentialAction\":[{\"@type\":\"ReadAction\",\"target\":[\"https:\/\/compuviper.mx\/tienda\/producto\/synology-e10m20-t1-tarjeta-pcie-3-0-x8-1-puerto-de-10g-base-t-y-2-ranuras-ssd-nvme-m-2-2280-22110-todo-en-uno-para-acelerar-el-rendimiento\/\"]}]},{\"@type\":\"BreadcrumbList\",\"@id\":\"https:\/\/compuviper.mx\/tienda\/producto\/synology-e10m20-t1-tarjeta-pcie-3-0-x8-1-puerto-de-10g-base-t-y-2-ranuras-ssd-nvme-m-2-2280-22110-todo-en-uno-para-acelerar-el-rendimiento\/#breadcrumb\",\"itemListElement\":[{\"@type\":\"ListItem\",\"position\":1,\"name\":\"Inicio\",\"item\":\"https:\/\/compuviper.mx\/tienda\/\"},{\"@type\":\"ListItem\",\"position\":2,\"name\":\"Productos\",\"item\":\"https:\/\/compuviper.mx\/tienda\/productos\/\"},{\"@type\":\"ListItem\",\"position\":3,\"name\":\"Accesorios\",\"item\":\"https:\/\/compuviper.mx\/tienda\/categoria-producto\/accesorios\/\"},{\"@type\":\"ListItem\",\"position\":4,\"name\":\"Servidores\",\"item\":\"https:\/\/compuviper.mx\/tienda\/categoria-producto\/accesorios\/servidores\/\"},{\"@type\":\"ListItem\",\"position\":5,\"name\":\"Synology E10m20-t1 Tarjeta Pcie 3.0 X8 1 Puerto De 10g Base-t Y 2 Ranuras Ssd Nvme M.2 2280\/22110, Todo En Uno Para Acelerar El Rendimiento\"}]},{\"@type\":\"WebSite\",\"@id\":\"https:\/\/compuviper.mx\/tienda\/#website\",\"url\":\"https:\/\/compuviper.mx\/tienda\/\",\"name\":\"Compuviper\",\"description\":\"Proveedor de Computadoras, Laptops, Servidores, Monitores, Puntos de Venta, Teclados,   Impresoras, T\u00f3ner, C\u00e1maras de Seguridad y m\u00e1s en tu tienda en l\u00ednea\",\"publisher\":{\"@id\":\"https:\/\/compuviper.mx\/tienda\/#organization\"},\"potentialAction\":[{\"@type\":\"SearchAction\",\"target\":{\"@type\":\"EntryPoint\",\"urlTemplate\":\"https:\/\/compuviper.mx\/tienda\/?s={search_term_string}\"},\"query-input\":\"required name=search_term_string\"}],\"inLanguage\":\"es-MX\"},{\"@type\":\"Organization\",\"@id\":\"https:\/\/compuviper.mx\/tienda\/#organization\",\"name\":\"Compuviper\",\"url\":\"https:\/\/compuviper.mx\/tienda\/\",\"logo\":{\"@type\":\"ImageObject\",\"inLanguage\":\"es-MX\",\"@id\":\"https:\/\/compuviper.mx\/tienda\/#\/schema\/logo\/image\/\",\"url\":\"https:\/\/compuviper.mx\/tienda\/wp-content\/uploads\/2021\/08\/Logo-Compuviper-10.png\",\"contentUrl\":\"https:\/\/compuviper.mx\/tienda\/wp-content\/uploads\/2021\/08\/Logo-Compuviper-10.png\",\"width\":1000,\"height\":500,\"caption\":\"Compuviper\"},\"image\":{\"@id\":\"https:\/\/compuviper.mx\/tienda\/#\/schema\/logo\/image\/\"},\"sameAs\":[\"https:\/\/www.facebook.com\/compuviper\",\"https:\/\/www.youtube.com\/channel\/UCf73dERp9Y3cfOq7q8BhLjA?view_as=subscriber\"]}]}<\/script>\n<meta property=\"product:brand\" content=\"SYNOLOGY\" \/>\n<meta property=\"product:price:amount\" content=\"4839\" \/>\n<meta property=\"product:price:currency\" content=\"MXN\" \/>\n<meta property=\"og:availability\" content=\"instock\" \/>\n<meta property=\"product:availability\" content=\"instock\" \/>\n<meta property=\"product:retailer_item_id\" content=\"E10M20-T1\" \/>\n<meta property=\"product:condition\" content=\"new\" \/>\n<!-- \/ Yoast SEO plugin. -->","yoast_head_json":{"title":"[ Synology ] &#129351; E10m20-t1 Tarjeta Pcie 3.0 X8 1 Puerto De 10g Base-t Y 2 Ranuras Ssd Nvme M.2 2280\/22110, Todo En Uno Para Acelerar El Rendimiento","description":"Compra E10m20-t1 Tarjeta Pcie 3.0 X8 1 Puerto De 10g Base-t Y 2 Ranuras Ssd Nvme M.2 2280\/22110, Todo En Uno Para Acelerar El Rendimiento + Env\u00edo a domicilio + Pago seguro + Garant\u00eda","robots":{"index":"index","follow":"follow","max-snippet":"max-snippet:-1","max-image-preview":"max-image-preview:large","max-video-preview":"max-video-preview:-1"},"canonical":"https:\/\/compuviper.mx\/tienda\/producto\/synology-e10m20-t1-tarjeta-pcie-3-0-x8-1-puerto-de-10g-base-t-y-2-ranuras-ssd-nvme-m-2-2280-22110-todo-en-uno-para-acelerar-el-rendimiento\/","og_locale":"es_MX","og_type":"article","og_title":"[ Synology ] &#129351; E10m20-t1 Tarjeta Pcie 3.0 X8 1 Puerto De 10g Base-t Y 2 Ranuras Ssd Nvme M.2 2280\/22110, Todo En Uno Para Acelerar El Rendimiento","og_description":"Compra E10m20-t1 Tarjeta Pcie 3.0 X8 1 Puerto De 10g Base-t Y 2 Ranuras Ssd Nvme M.2 2280\/22110, Todo En Uno Para Acelerar El Rendimiento + Env\u00edo a domicilio + Pago seguro + Garant\u00eda","og_url":"https:\/\/compuviper.mx\/tienda\/producto\/synology-e10m20-t1-tarjeta-pcie-3-0-x8-1-puerto-de-10g-base-t-y-2-ranuras-ssd-nvme-m-2-2280-22110-todo-en-uno-para-acelerar-el-rendimiento\/","og_site_name":"Compuviper","article_publisher":"https:\/\/www.facebook.com\/compuviper","article_modified_time":"2026-04-14T05:34:34+00:00","og_image":[{"width":200,"height":200,"url":"https:\/\/compuviper.mx\/tienda\/wp-content\/uploads\/2023\/12\/Tarjeta-synology-pcie-3.0-x8-1-puerto-de-10g-base-t-y-2-ranuras-ssd-nvme-m.2-228022110-todo-en-uno-para-acelerar-el-rendimiento.jpg","type":"image\/jpeg"}],"twitter_card":"summary_large_image","twitter_misc":{"Precio":"&#36;4,839 con IVA","Availability":"In stock"},"schema":{"@context":"https:\/\/schema.org","@graph":[{"@type":"WebPage","@id":"https:\/\/compuviper.mx\/tienda\/producto\/synology-e10m20-t1-tarjeta-pcie-3-0-x8-1-puerto-de-10g-base-t-y-2-ranuras-ssd-nvme-m-2-2280-22110-todo-en-uno-para-acelerar-el-rendimiento\/","url":"https:\/\/compuviper.mx\/tienda\/producto\/synology-e10m20-t1-tarjeta-pcie-3-0-x8-1-puerto-de-10g-base-t-y-2-ranuras-ssd-nvme-m-2-2280-22110-todo-en-uno-para-acelerar-el-rendimiento\/","name":"[ Synology ] &#129351; E10m20-t1 Tarjeta Pcie 3.0 X8 1 Puerto De 10g Base-t Y 2 Ranuras Ssd Nvme M.2 2280\/22110, Todo En Uno Para Acelerar El Rendimiento","isPartOf":{"@id":"https:\/\/compuviper.mx\/tienda\/#website"},"datePublished":"2026-04-14T05:34:33+00:00","dateModified":"2026-04-14T05:34:34+00:00","description":"Compra E10m20-t1 Tarjeta Pcie 3.0 X8 1 Puerto De 10g Base-t Y 2 Ranuras Ssd Nvme M.2 2280\/22110, Todo En Uno Para Acelerar El Rendimiento + Env\u00edo a domicilio + Pago seguro + Garant\u00eda","breadcrumb":{"@id":"https:\/\/compuviper.mx\/tienda\/producto\/synology-e10m20-t1-tarjeta-pcie-3-0-x8-1-puerto-de-10g-base-t-y-2-ranuras-ssd-nvme-m-2-2280-22110-todo-en-uno-para-acelerar-el-rendimiento\/#breadcrumb"},"inLanguage":"es-MX","potentialAction":[{"@type":"ReadAction","target":["https:\/\/compuviper.mx\/tienda\/producto\/synology-e10m20-t1-tarjeta-pcie-3-0-x8-1-puerto-de-10g-base-t-y-2-ranuras-ssd-nvme-m-2-2280-22110-todo-en-uno-para-acelerar-el-rendimiento\/"]}]},{"@type":"BreadcrumbList","@id":"https:\/\/compuviper.mx\/tienda\/producto\/synology-e10m20-t1-tarjeta-pcie-3-0-x8-1-puerto-de-10g-base-t-y-2-ranuras-ssd-nvme-m-2-2280-22110-todo-en-uno-para-acelerar-el-rendimiento\/#breadcrumb","itemListElement":[{"@type":"ListItem","position":1,"name":"Inicio","item":"https:\/\/compuviper.mx\/tienda\/"},{"@type":"ListItem","position":2,"name":"Productos","item":"https:\/\/compuviper.mx\/tienda\/productos\/"},{"@type":"ListItem","position":3,"name":"Accesorios","item":"https:\/\/compuviper.mx\/tienda\/categoria-producto\/accesorios\/"},{"@type":"ListItem","position":4,"name":"Servidores","item":"https:\/\/compuviper.mx\/tienda\/categoria-producto\/accesorios\/servidores\/"},{"@type":"ListItem","position":5,"name":"Synology E10m20-t1 Tarjeta Pcie 3.0 X8 1 Puerto De 10g Base-t Y 2 Ranuras Ssd Nvme M.2 2280\/22110, Todo En Uno Para Acelerar El Rendimiento"}]},{"@type":"WebSite","@id":"https:\/\/compuviper.mx\/tienda\/#website","url":"https:\/\/compuviper.mx\/tienda\/","name":"Compuviper","description":"Proveedor de Computadoras, Laptops, Servidores, Monitores, Puntos de Venta, Teclados,   Impresoras, T\u00f3ner, C\u00e1maras de Seguridad y m\u00e1s en tu tienda en l\u00ednea","publisher":{"@id":"https:\/\/compuviper.mx\/tienda\/#organization"},"potentialAction":[{"@type":"SearchAction","target":{"@type":"EntryPoint","urlTemplate":"https:\/\/compuviper.mx\/tienda\/?s={search_term_string}"},"query-input":"required name=search_term_string"}],"inLanguage":"es-MX"},{"@type":"Organization","@id":"https:\/\/compuviper.mx\/tienda\/#organization","name":"Compuviper","url":"https:\/\/compuviper.mx\/tienda\/","logo":{"@type":"ImageObject","inLanguage":"es-MX","@id":"https:\/\/compuviper.mx\/tienda\/#\/schema\/logo\/image\/","url":"https:\/\/compuviper.mx\/tienda\/wp-content\/uploads\/2021\/08\/Logo-Compuviper-10.png","contentUrl":"https:\/\/compuviper.mx\/tienda\/wp-content\/uploads\/2021\/08\/Logo-Compuviper-10.png","width":1000,"height":500,"caption":"Compuviper"},"image":{"@id":"https:\/\/compuviper.mx\/tienda\/#\/schema\/logo\/image\/"},"sameAs":["https:\/\/www.facebook.com\/compuviper","https:\/\/www.youtube.com\/channel\/UCf73dERp9Y3cfOq7q8BhLjA?view_as=subscriber"]}]},"product_brand":"SYNOLOGY","product_price_amount":"4839","product_price_currency":"MXN","og_availability":"instock","product_availability":"instock","product_retailer_item_id":"E10M20-T1","product_condition":"new"},"_links":{"self":[{"href":"https:\/\/compuviper.mx\/tienda\/wp-json\/wp\/v2\/product\/212863"}],"collection":[{"href":"https:\/\/compuviper.mx\/tienda\/wp-json\/wp\/v2\/product"}],"about":[{"href":"https:\/\/compuviper.mx\/tienda\/wp-json\/wp\/v2\/types\/product"}],"replies":[{"embeddable":true,"href":"https:\/\/compuviper.mx\/tienda\/wp-json\/wp\/v2\/comments?post=212863"}],"wp:featuredmedia":[{"embeddable":true,"href":"https:\/\/compuviper.mx\/tienda\/wp-json\/wp\/v2\/media\/212864"}],"wp:attachment":[{"href":"https:\/\/compuviper.mx\/tienda\/wp-json\/wp\/v2\/media?parent=212863"}],"wp:term":[{"taxonomy":"product_cat","embeddable":true,"href":"https:\/\/compuviper.mx\/tienda\/wp-json\/wp\/v2\/product_cat?post=212863"},{"taxonomy":"product_tag","embeddable":true,"href":"https:\/\/compuviper.mx\/tienda\/wp-json\/wp\/v2\/product_tag?post=212863"}],"curies":[{"name":"wp","href":"https:\/\/api.w.org\/{rel}","templated":true}]}}