{"id":212849,"date":"2026-04-01T23:34:35","date_gmt":"2026-04-02T05:34:35","guid":{"rendered":"https:\/\/compuviper.mx\/tienda\/producto\/manhattan-461986-soporte-tv-p-pared-50kg-37-a-70-fijo\/"},"modified":"2026-04-01T23:34:36","modified_gmt":"2026-04-02T05:34:36","slug":"manhattan-461986-soporte-tv-p-pared-50kg-37-a-70-fijo","status":"publish","type":"product","link":"https:\/\/compuviper.mx\/tienda\/producto\/manhattan-461986-soporte-tv-p-pared-50kg-37-a-70-fijo\/","title":{"rendered":"Manhattan 461986 Soporte Tv,,, P\/pared 50kg, 37 A 70 Fijo"},"content":{"rendered":"<table class=\"descripcion\">\n<tr>\n<td>Features:<\/td>\n<\/tr>\n<tr>\n<td>Soporta un televisor de 37 a 70 de hasta 50 kg.<\/td>\n<\/tr>\n<tr>\n<td>Construcci\u00f3n de acero resistente con recubrimiento de polvo<\/td>\n<\/tr>\n<tr>\n<td>De bajo perfil, instalaci\u00f3n fija, ideal para el hogar, la oficina y las aplicaciones<\/td>\n<\/tr>\n<tr>\n<td>Comerciales<\/td>\n<\/tr>\n<tr>\n<td>Extiende la tv a 25 mm (0.98 pulg.) de la pared<\/td>\n<\/tr>\n<tr>\n<td>Cerraduras de resorte a presi\u00f3n con cuerdas de liberaci\u00f3n para una f\u00e1cil<\/td>\n<\/tr>\n<tr>\n<td>Instalaci\u00f3n y seguridad adicional<\/td>\n<\/tr>\n<tr>\n<td>Incluye un nivel de burbuja acoplable<\/td>\n<\/tr>\n<tr>\n<td>Cumple est\u00e1ndares vesa: 200&#215;200, 300&#215;300, 400&#215;200, 400&#215;400, 600&#215;400<\/td>\n<\/tr>\n<tr>\n<td>Garant\u00eda de por vida. consulte el tiempo de garant\u00eda en su pa\u00eds.<\/td>\n<\/tr>\n<tr>\n<td>Especificaciones:<\/td>\n<\/tr>\n<tr>\n<td>General<\/td>\n<\/tr>\n<tr>\n<td>\u0095 certificaciones: rohs<\/td>\n<\/tr>\n<tr>\n<td>\u0095 dise\u00f1ado para la mayor\u00eda de las pantallas planas y curvas de 37 &#8211; 70.<\/td>\n<\/tr>\n<tr>\n<td>\u0095 capacidad de peso: 50 kg (110 lbs.)<\/td>\n<\/tr>\n<tr>\n<td>\u0095 dimensiones: 425 x 653 x 25 mm (16,73 x 25,7 x 0,98 pulg.)<\/td>\n<\/tr>\n<tr>\n<td>\u0095 peso: 1,98 kg (4,37 lbs.)<\/td>\n<\/tr>\n<tr>\n<td>\u0095 est\u00e1ndares vesa: 200&#215;200, 300&#215;300, 400&#215;200, 400&#215;400, 600&#215;400<\/td>\n<\/tr>\n<tr>\n<td>Contenido del paquete<\/td>\n<\/tr>\n<tr>\n<td>\u0095 soporte para tv con montaje en pared<\/td>\n<\/tr>\n<tr>\n<td>\u0095 nivel de burbuja acoplable<\/td>\n<\/tr>\n<tr>\n<td>\u0095 piezas para montaje e instrucciones<\/td>\n<\/tr>\n<\/table>\n","protected":false},"excerpt":{"rendered":"<p>Cuando los lugares de visualizaci\u00f3n y las alturas de los televisores se fijan en posiciones. \u00f3ptimas, el soporte de pared parapantallas, crea instalaciones casi a ras de la pared que. Realzan las siluetas delgadas y modernas de los televisores. Este soporte se extiende a. S\u00f3lo 25 mm (0,98 pulg.) de la pared. Construido en acero de alta calidad con recubrimiento. De polvo, este soporte ultradelgado para televisor se adapta a los televisores planos y. Curvados lcd, led o de plasma de hasta 70 y con un peso de hasta 50 kg (110 lbs.). Ofrece conformidad con vesa hasta 600&#215;400. Los cierres de resorte a presi\u00f3n intuitivos. Con cables de liberaci\u00f3n le permiten colocar f\u00e1cilmente el televisor en su lugar para una. Instalaci\u00f3n segura sobre el piso. Es ideal para residencias, oficinas, hoteles, aulas, salas. De conferencias, se\u00f1alizaci\u00f3n digital y otras aplicaciones comerciales.<\/p>\n","protected":false},"featured_media":212850,"comment_status":"open","ping_status":"open","template":"","meta":[],"product_cat":[2321,2265],"product_tag":[1487],"acf":[],"yoast_head":"<!-- This site is optimized with the Yoast SEO plugin v21.7 - https:\/\/yoast.com\/wordpress\/plugins\/seo\/ -->\n<title>[ Manhattan ] &#129351; 461986 Soporte Tv,,, P\/pared 50kg, 37 A 70 Fijo<\/title>\n<meta name=\"description\" content=\"Compra 461986 Soporte Tv,,, P\/pared 50kg, 37 A 70 Fijo + Env\u00edo a domicilio + Pago seguro + Garant\u00eda\" \/>\n<meta name=\"robots\" content=\"index, follow, max-snippet:-1, max-image-preview:large, max-video-preview:-1\" \/>\n<link rel=\"canonical\" href=\"https:\/\/compuviper.mx\/tienda\/producto\/manhattan-461986-soporte-tv-p-pared-50kg-37-a-70-fijo\/\" \/>\n<meta property=\"og:locale\" content=\"es_MX\" \/>\n<meta property=\"og:type\" content=\"article\" \/>\n<meta property=\"og:title\" content=\"[ Manhattan ] &#129351; 461986 Soporte Tv,,, P\/pared 50kg, 37 A 70 Fijo\" \/>\n<meta property=\"og:description\" content=\"Compra 461986 Soporte Tv,,, P\/pared 50kg, 37 A 70 Fijo + Env\u00edo a domicilio + Pago seguro + Garant\u00eda\" \/>\n<meta property=\"og:url\" content=\"https:\/\/compuviper.mx\/tienda\/producto\/manhattan-461986-soporte-tv-p-pared-50kg-37-a-70-fijo\/\" \/>\n<meta property=\"og:site_name\" content=\"Compuviper\" \/>\n<meta property=\"article:publisher\" content=\"https:\/\/www.facebook.com\/compuviper\" \/>\n<meta property=\"article:modified_time\" content=\"2026-04-02T05:34:36+00:00\" \/>\n<meta property=\"og:image\" content=\"https:\/\/compuviper.mx\/tienda\/wp-content\/uploads\/2023\/12\/Soporte-tvmanhattan461986-ppared-50kg-37-a-70-fijo.jpg\" \/>\n\t<meta property=\"og:image:width\" content=\"200\" \/>\n\t<meta property=\"og:image:height\" content=\"200\" \/>\n\t<meta property=\"og:image:type\" content=\"image\/jpeg\" \/>\n<meta name=\"twitter:card\" content=\"summary_large_image\" \/>\n<meta name=\"twitter:label1\" content=\"Precio\" \/>\n\t<meta name=\"twitter:data1\" content=\"&#36;418 con IVA\" \/>\n\t<meta name=\"twitter:label2\" content=\"Availability\" \/>\n\t<meta name=\"twitter:data2\" content=\"In stock\" \/>\n<script type=\"application\/ld+json\" class=\"yoast-schema-graph\">{\"@context\":\"https:\/\/schema.org\",\"@graph\":[{\"@type\":\"WebPage\",\"@id\":\"https:\/\/compuviper.mx\/tienda\/producto\/manhattan-461986-soporte-tv-p-pared-50kg-37-a-70-fijo\/\",\"url\":\"https:\/\/compuviper.mx\/tienda\/producto\/manhattan-461986-soporte-tv-p-pared-50kg-37-a-70-fijo\/\",\"name\":\"[ Manhattan ] &#129351; 461986 Soporte Tv,,, P\/pared 50kg, 37 A 70 Fijo\",\"isPartOf\":{\"@id\":\"https:\/\/compuviper.mx\/tienda\/#website\"},\"datePublished\":\"2026-04-02T05:34:35+00:00\",\"dateModified\":\"2026-04-02T05:34:36+00:00\",\"description\":\"Compra 461986 Soporte Tv,,, P\/pared 50kg, 37 A 70 Fijo + Env\u00edo a domicilio + Pago seguro + Garant\u00eda\",\"breadcrumb\":{\"@id\":\"https:\/\/compuviper.mx\/tienda\/producto\/manhattan-461986-soporte-tv-p-pared-50kg-37-a-70-fijo\/#breadcrumb\"},\"inLanguage\":\"es-MX\",\"potentialAction\":[{\"@type\":\"ReadAction\",\"target\":[\"https:\/\/compuviper.mx\/tienda\/producto\/manhattan-461986-soporte-tv-p-pared-50kg-37-a-70-fijo\/\"]}]},{\"@type\":\"BreadcrumbList\",\"@id\":\"https:\/\/compuviper.mx\/tienda\/producto\/manhattan-461986-soporte-tv-p-pared-50kg-37-a-70-fijo\/#breadcrumb\",\"itemListElement\":[{\"@type\":\"ListItem\",\"position\":1,\"name\":\"Inicio\",\"item\":\"https:\/\/compuviper.mx\/tienda\/\"},{\"@type\":\"ListItem\",\"position\":2,\"name\":\"Productos\",\"item\":\"https:\/\/compuviper.mx\/tienda\/productos\/\"},{\"@type\":\"ListItem\",\"position\":3,\"name\":\"Soportes Y Bases P\/tv\/ Proyectores\/dvd\/consolas\/bocinas\/pantallas\/monotores\",\"item\":\"https:\/\/compuviper.mx\/tienda\/categoria-producto\/soportes-y-bases-p-tv-proyectores-dvd-consolas-bocinas-pantallas-monotores\/\"},{\"@type\":\"ListItem\",\"position\":4,\"name\":\"Soporte Y Base Para Tv\/pantallas\/monitores\/kiosko\",\"item\":\"https:\/\/compuviper.mx\/tienda\/categoria-producto\/soportes-y-bases-p-tv-proyectores-dvd-consolas-bocinas-pantallas-monotores\/soporte-y-base-para-tv-pantallas-monitores-kiosko\/\"},{\"@type\":\"ListItem\",\"position\":5,\"name\":\"Manhattan 461986 Soporte Tv,,, P\/pared 50kg, 37 A 70 Fijo\"}]},{\"@type\":\"WebSite\",\"@id\":\"https:\/\/compuviper.mx\/tienda\/#website\",\"url\":\"https:\/\/compuviper.mx\/tienda\/\",\"name\":\"Compuviper\",\"description\":\"Proveedor de Computadoras, Laptops, Servidores, Monitores, Puntos de Venta, Teclados,   Impresoras, T\u00f3ner, C\u00e1maras de Seguridad y m\u00e1s en tu tienda en l\u00ednea\",\"publisher\":{\"@id\":\"https:\/\/compuviper.mx\/tienda\/#organization\"},\"potentialAction\":[{\"@type\":\"SearchAction\",\"target\":{\"@type\":\"EntryPoint\",\"urlTemplate\":\"https:\/\/compuviper.mx\/tienda\/?s={search_term_string}\"},\"query-input\":\"required name=search_term_string\"}],\"inLanguage\":\"es-MX\"},{\"@type\":\"Organization\",\"@id\":\"https:\/\/compuviper.mx\/tienda\/#organization\",\"name\":\"Compuviper\",\"url\":\"https:\/\/compuviper.mx\/tienda\/\",\"logo\":{\"@type\":\"ImageObject\",\"inLanguage\":\"es-MX\",\"@id\":\"https:\/\/compuviper.mx\/tienda\/#\/schema\/logo\/image\/\",\"url\":\"https:\/\/compuviper.mx\/tienda\/wp-content\/uploads\/2021\/08\/Logo-Compuviper-10.png\",\"contentUrl\":\"https:\/\/compuviper.mx\/tienda\/wp-content\/uploads\/2021\/08\/Logo-Compuviper-10.png\",\"width\":1000,\"height\":500,\"caption\":\"Compuviper\"},\"image\":{\"@id\":\"https:\/\/compuviper.mx\/tienda\/#\/schema\/logo\/image\/\"},\"sameAs\":[\"https:\/\/www.facebook.com\/compuviper\",\"https:\/\/www.youtube.com\/channel\/UCf73dERp9Y3cfOq7q8BhLjA?view_as=subscriber\"]}]}<\/script>\n<meta property=\"product:brand\" content=\"MANHATTAN\" \/>\n<meta property=\"product:price:amount\" content=\"418\" \/>\n<meta property=\"product:price:currency\" content=\"MXN\" \/>\n<meta property=\"og:availability\" content=\"instock\" \/>\n<meta property=\"product:availability\" content=\"instock\" \/>\n<meta property=\"product:retailer_item_id\" content=\"461986\" \/>\n<meta property=\"product:condition\" content=\"new\" \/>\n<!-- \/ Yoast SEO plugin. -->","yoast_head_json":{"title":"[ Manhattan ] &#129351; 461986 Soporte Tv,,, P\/pared 50kg, 37 A 70 Fijo","description":"Compra 461986 Soporte Tv,,, P\/pared 50kg, 37 A 70 Fijo + Env\u00edo a domicilio + Pago seguro + Garant\u00eda","robots":{"index":"index","follow":"follow","max-snippet":"max-snippet:-1","max-image-preview":"max-image-preview:large","max-video-preview":"max-video-preview:-1"},"canonical":"https:\/\/compuviper.mx\/tienda\/producto\/manhattan-461986-soporte-tv-p-pared-50kg-37-a-70-fijo\/","og_locale":"es_MX","og_type":"article","og_title":"[ Manhattan ] &#129351; 461986 Soporte Tv,,, P\/pared 50kg, 37 A 70 Fijo","og_description":"Compra 461986 Soporte Tv,,, P\/pared 50kg, 37 A 70 Fijo + Env\u00edo a domicilio + Pago seguro + Garant\u00eda","og_url":"https:\/\/compuviper.mx\/tienda\/producto\/manhattan-461986-soporte-tv-p-pared-50kg-37-a-70-fijo\/","og_site_name":"Compuviper","article_publisher":"https:\/\/www.facebook.com\/compuviper","article_modified_time":"2026-04-02T05:34:36+00:00","og_image":[{"width":200,"height":200,"url":"https:\/\/compuviper.mx\/tienda\/wp-content\/uploads\/2023\/12\/Soporte-tvmanhattan461986-ppared-50kg-37-a-70-fijo.jpg","type":"image\/jpeg"}],"twitter_card":"summary_large_image","twitter_misc":{"Precio":"&#36;418 con IVA","Availability":"In stock"},"schema":{"@context":"https:\/\/schema.org","@graph":[{"@type":"WebPage","@id":"https:\/\/compuviper.mx\/tienda\/producto\/manhattan-461986-soporte-tv-p-pared-50kg-37-a-70-fijo\/","url":"https:\/\/compuviper.mx\/tienda\/producto\/manhattan-461986-soporte-tv-p-pared-50kg-37-a-70-fijo\/","name":"[ Manhattan ] &#129351; 461986 Soporte Tv,,, P\/pared 50kg, 37 A 70 Fijo","isPartOf":{"@id":"https:\/\/compuviper.mx\/tienda\/#website"},"datePublished":"2026-04-02T05:34:35+00:00","dateModified":"2026-04-02T05:34:36+00:00","description":"Compra 461986 Soporte Tv,,, P\/pared 50kg, 37 A 70 Fijo + Env\u00edo a domicilio + Pago seguro + Garant\u00eda","breadcrumb":{"@id":"https:\/\/compuviper.mx\/tienda\/producto\/manhattan-461986-soporte-tv-p-pared-50kg-37-a-70-fijo\/#breadcrumb"},"inLanguage":"es-MX","potentialAction":[{"@type":"ReadAction","target":["https:\/\/compuviper.mx\/tienda\/producto\/manhattan-461986-soporte-tv-p-pared-50kg-37-a-70-fijo\/"]}]},{"@type":"BreadcrumbList","@id":"https:\/\/compuviper.mx\/tienda\/producto\/manhattan-461986-soporte-tv-p-pared-50kg-37-a-70-fijo\/#breadcrumb","itemListElement":[{"@type":"ListItem","position":1,"name":"Inicio","item":"https:\/\/compuviper.mx\/tienda\/"},{"@type":"ListItem","position":2,"name":"Productos","item":"https:\/\/compuviper.mx\/tienda\/productos\/"},{"@type":"ListItem","position":3,"name":"Soportes Y Bases P\/tv\/ Proyectores\/dvd\/consolas\/bocinas\/pantallas\/monotores","item":"https:\/\/compuviper.mx\/tienda\/categoria-producto\/soportes-y-bases-p-tv-proyectores-dvd-consolas-bocinas-pantallas-monotores\/"},{"@type":"ListItem","position":4,"name":"Soporte Y Base Para Tv\/pantallas\/monitores\/kiosko","item":"https:\/\/compuviper.mx\/tienda\/categoria-producto\/soportes-y-bases-p-tv-proyectores-dvd-consolas-bocinas-pantallas-monotores\/soporte-y-base-para-tv-pantallas-monitores-kiosko\/"},{"@type":"ListItem","position":5,"name":"Manhattan 461986 Soporte Tv,,, P\/pared 50kg, 37 A 70 Fijo"}]},{"@type":"WebSite","@id":"https:\/\/compuviper.mx\/tienda\/#website","url":"https:\/\/compuviper.mx\/tienda\/","name":"Compuviper","description":"Proveedor de Computadoras, Laptops, Servidores, Monitores, Puntos de Venta, Teclados,   Impresoras, T\u00f3ner, C\u00e1maras de Seguridad y m\u00e1s en tu tienda en l\u00ednea","publisher":{"@id":"https:\/\/compuviper.mx\/tienda\/#organization"},"potentialAction":[{"@type":"SearchAction","target":{"@type":"EntryPoint","urlTemplate":"https:\/\/compuviper.mx\/tienda\/?s={search_term_string}"},"query-input":"required name=search_term_string"}],"inLanguage":"es-MX"},{"@type":"Organization","@id":"https:\/\/compuviper.mx\/tienda\/#organization","name":"Compuviper","url":"https:\/\/compuviper.mx\/tienda\/","logo":{"@type":"ImageObject","inLanguage":"es-MX","@id":"https:\/\/compuviper.mx\/tienda\/#\/schema\/logo\/image\/","url":"https:\/\/compuviper.mx\/tienda\/wp-content\/uploads\/2021\/08\/Logo-Compuviper-10.png","contentUrl":"https:\/\/compuviper.mx\/tienda\/wp-content\/uploads\/2021\/08\/Logo-Compuviper-10.png","width":1000,"height":500,"caption":"Compuviper"},"image":{"@id":"https:\/\/compuviper.mx\/tienda\/#\/schema\/logo\/image\/"},"sameAs":["https:\/\/www.facebook.com\/compuviper","https:\/\/www.youtube.com\/channel\/UCf73dERp9Y3cfOq7q8BhLjA?view_as=subscriber"]}]},"product_brand":"MANHATTAN","product_price_amount":"418","product_price_currency":"MXN","og_availability":"instock","product_availability":"instock","product_retailer_item_id":"461986","product_condition":"new"},"_links":{"self":[{"href":"https:\/\/compuviper.mx\/tienda\/wp-json\/wp\/v2\/product\/212849"}],"collection":[{"href":"https:\/\/compuviper.mx\/tienda\/wp-json\/wp\/v2\/product"}],"about":[{"href":"https:\/\/compuviper.mx\/tienda\/wp-json\/wp\/v2\/types\/product"}],"replies":[{"embeddable":true,"href":"https:\/\/compuviper.mx\/tienda\/wp-json\/wp\/v2\/comments?post=212849"}],"wp:featuredmedia":[{"embeddable":true,"href":"https:\/\/compuviper.mx\/tienda\/wp-json\/wp\/v2\/media\/212850"}],"wp:attachment":[{"href":"https:\/\/compuviper.mx\/tienda\/wp-json\/wp\/v2\/media?parent=212849"}],"wp:term":[{"taxonomy":"product_cat","embeddable":true,"href":"https:\/\/compuviper.mx\/tienda\/wp-json\/wp\/v2\/product_cat?post=212849"},{"taxonomy":"product_tag","embeddable":true,"href":"https:\/\/compuviper.mx\/tienda\/wp-json\/wp\/v2\/product_tag?post=212849"}],"curies":[{"name":"wp","href":"https:\/\/api.w.org\/{rel}","templated":true}]}}