{"id":212845,"date":"2026-04-01T23:34:35","date_gmt":"2026-04-02T05:34:35","guid":{"rendered":"https:\/\/compuviper.mx\/tienda\/producto\/tripp-lite-pdu1215-pdu-basico-monofasico-de-1-8-kw-120v-13-contactos-nema-5-15-r-entrada-clavija-nema-5-15-p-cable-4-57m-15-pies-1u-de-rack\/"},"modified":"2026-04-01T23:34:35","modified_gmt":"2026-04-02T05:34:35","slug":"tripp-lite-pdu1215-pdu-basico-monofasico-de-1-8-kw-120v-13-contactos-nema-5-15-r-entrada-clavija-nema-5-15-p-cable-4-57m-15-pies-1u-de-rack","status":"publish","type":"product","link":"https:\/\/compuviper.mx\/tienda\/producto\/tripp-lite-pdu1215-pdu-basico-monofasico-de-1-8-kw-120v-13-contactos-nema-5-15-r-entrada-clavija-nema-5-15-p-cable-4-57m-15-pies-1u-de-rack\/","title":{"rendered":"Tripp-lite Pdu1215 Pdu  Basico Monofasico De 1.8 Kw, 120v, 13 Contactos Nema 5-15-r, Entrada Clavija Nema 5-15-p, Cable 4.57m 15 Pies, 1u De Rack."},"content":{"rendered":"<table class=\"descripcion\">\n<tr>\n<td>Pdu tripp-lite basico monofasico de 1.8 kw, 120v, 13 contactos nema 5-15-r, entrada clavija nema 5-15-p, cable 4.57m (15 pies), 1u de rack.<\/td>\n<\/tr>\n<tr>\n<td>Distribuci\u00f3n confiable de energ\u00eda monof\u00e1sica<\/td>\n<\/tr>\n<tr>\n<td>Pdu de bajo costo ideal para aplicaciones de refuerzo de redes, telecomunicaciones, seguridad, audio\/video y sonido<\/td>\n<\/tr>\n<tr>\n<td>13 tomacorrientes nema 5-15r en un banco de carga con breaker<\/td>\n<\/tr>\n<tr>\n<td>El breaker de 15a protege los tomacorrientes contra sobrecargas<\/td>\n<\/tr>\n<tr>\n<td>Clavija de entrada nema 5-15p con cable de 4.57 m [15 pies]<\/td>\n<\/tr>\n<tr>\n<td>Poste de tierra del panel posterior<\/td>\n<\/tr>\n<tr>\n<td>Dise\u00f1o sin switch<\/td>\n<\/tr>\n<tr>\n<td>Evita apagados accidentales y costoso tiempo muerto<\/td>\n<\/tr>\n<tr>\n<td>Vers\u00e1tiles opciones de instalaci\u00f3n<\/td>\n<\/tr>\n<tr>\n<td>Se instala horizontalmente en 1u de racks de 2 y 4 postes de 19&#8243; compatible con la norma eia<\/td>\n<\/tr>\n<tr>\n<td>El gabinete reversible completamente met\u00e1lico ve hacia el frente o hacia atr\u00e1s en el rack<\/td>\n<\/tr>\n<tr>\n<td>Listo para instalaci\u00f3n vertical en 0u sin herramientas con el pdusidebrkt opcional (vendido por separado)<\/td>\n<\/tr>\n<tr>\n<td>Adem\u00e1s se instala en pared, banco de trabajo o bajo un mostrador<\/td>\n<\/tr>\n<tr>\n<td>El paquete incluye<\/td>\n<\/tr>\n<tr>\n<td>Pdu1215; pdu b\u00e1sico monof\u00e1sico de 1.8kw 120v<\/td>\n<\/tr>\n<tr>\n<td>Accesorios de instalaci\u00f3n<\/td>\n<\/tr>\n<tr>\n<td>Manual del propietario<\/td>\n<\/tr>\n<tr>\n<td>Rohs compliant<\/td>\n<\/tr>\n<tr>\n<td>Cabling business magazine&#8217;s award of excellence<\/td>\n<\/tr>\n<tr>\n<td>Especificaciones<\/td>\n<\/tr>\n<tr>\n<td>Generalidades<\/td>\n<\/tr>\n<tr>\n<td>C\u00f3digo upc 037332116727<\/td>\n<\/tr>\n<tr>\n<td>Tipo de pdu b\u00e1sico<\/td>\n<\/tr>\n<tr>\n<td>Salida<\/td>\n<\/tr>\n<tr>\n<td>Detalles de capacidad de salida capacidad total de 1.9 kw (127v), 1.8 kw (120v), 1.5 kw (100v) \/ 15a; 12a m\u00e1ximo por tomacorrientes 5-15r<\/td>\n<\/tr>\n<tr>\n<td>Compatibilidad de frecuencia 50 \/ 60 hz<\/td>\n<\/tr>\n<tr>\n<td>Tomacorrientes (13) 5-15r<\/td>\n<\/tr>\n<tr>\n<td>Voltaje nominal de salida 100; 120; 127<\/td>\n<\/tr>\n<tr>\n<td>Protecci\u00f3n contra sobrecargas breaker de 15a<\/td>\n<\/tr>\n<tr>\n<td>Entrada<\/td>\n<\/tr>\n<tr>\n<td>Voltaje de entrada del pdu 100; 120; 127<\/td>\n<\/tr>\n<tr>\n<td>Servicio el\u00e9ctrico recomendado 15a 120v<\/td>\n<\/tr>\n<tr>\n<td>Entrada m\u00e1xima en amperes 15<\/td>\n<\/tr>\n<tr>\n<td>Tipo de clavija del pdu nema 5-15p<\/td>\n<\/tr>\n<tr>\n<td>Longitud del cable de alimentaci\u00f3n (m) 4.57<\/td>\n<\/tr>\n<tr>\n<td>Fase de entrada monof\u00e1sico<\/td>\n<\/tr>\n<tr>\n<td>Interfaz de usuario, alertas y controles<\/td>\n<\/tr>\n<tr>\n<td>Interruptores sin interruptor de encendido\/apagado.<\/td>\n<\/tr>\n<tr>\n<td>F\u00edsicas<\/td>\n<\/tr>\n<tr>\n<td>Profundidad m\u00ednima de rack requerida (cm) 19.05<\/td>\n<\/tr>\n<tr>\n<td>Dimensiones de envi\u00f3 (al x an x pr \/ cm) 5.59 x 51.82 x 23.62<\/td>\n<\/tr>\n<tr>\n<td>Peso de env\u00edo (kg) 2.22<\/td>\n<\/tr>\n<tr>\n<td>Dimensiones de la unidad (al x an x pr \/ cm) 4.44 x 44.5 x 11.4<\/td>\n<\/tr>\n<tr>\n<td>Peso de la unidad (kg) 2.22<\/td>\n<\/tr>\n<tr>\n<td>Material de construcci\u00f3n metal<\/td>\n<\/tr>\n<tr>\n<td>Factores de forma soportados soporta instalaci\u00f3n montada en rack 1u, en rack vertical 0u, en la pared y debajo del mostrador.<\/td>\n<\/tr>\n<tr>\n<td>Factor de forma del pdu horizontal (1u)<\/td>\n<\/tr>\n<tr>\n<td>Medida del tomacorrientes (centro a centro) 30.2mm<\/td>\n<\/tr>\n<tr>\n<td>Ambientales<\/td>\n<\/tr>\n<tr>\n<td>Rango de temperatura de almacenamiento -15\u00ba c a 50\u00ba c [5\u00ba f a 122\u00ba f]<\/td>\n<\/tr>\n<tr>\n<td>Humedad relativa 5 a 95%, sin condensaci\u00f3n<\/td>\n<\/tr>\n<tr>\n<td>Altitud de operaci\u00f3n (pies) 0-10,000<\/td>\n<\/tr>\n<tr>\n<td>Elevaci\u00f3n en operaci\u00f3n (m) 0-3,000<\/td>\n<\/tr>\n<tr>\n<td>Funciones especiales<\/td>\n<\/tr>\n<tr>\n<td>Aterrizado de tvss anillo b\u00e1sico de conexi\u00f3n a tierra en el panel trasero.<\/td>\n<\/tr>\n<tr>\n<td>Certificaciones<\/td>\n<\/tr>\n<tr>\n<td>Certificaciones probado para ul60950-1 (ee. uu.), csa-c22.2 (canad\u00e1).<\/td>\n<\/tr>\n<tr>\n<td>Garantia<\/td>\n<\/tr>\n<tr>\n<td>Periodo de garant\u00eda del producto (a nivel mundial) garant\u00eda limitada de 5 a\u00f1os<\/td>\n<\/tr>\n<\/table>\n","protected":false},"excerpt":{"rendered":"<p>El pdu b\u00e1sico monof\u00e1sico de 1.8kw 120v pdu1215 1.8kw es la unidad de bajo costo perfecta para redes, telecomunicaciones, aplicaciones de refuerzo de sonido, audio\/video y seguridad. Adaptado perfectamente para ambientes de ti de alta densidad, el pdu1215 cuenta con un solo banco de caga con breaker con 13 tomacorrientes nema 5-15r\u00bf12 en la parte posterior y uno en el frente. La clavija de entrada nema 5-15p con cable de 4.57 m [15 pies] de longitud se conecta a la fuente de alimentaci\u00f3n de ca de su instalaci\u00f3n, generador o ups protegido para distribuir energ\u00eda al equipo conectado. El dise\u00f1o sin switch evita un apagado accidental, que podr\u00eda originar un tiempo muerto costoso. Un breaker de 15a protege al equipo conectado contra sobrecargas peligrosas. El gabinete completamente met\u00e1lico se instala en 1u de espacio en racks de 19&#8243; de est\u00e1ndar eia, as\u00ed como en una pared, o banco de trabajo o debajo de un mostrador. Con un rack compatible y un accesorio pdusidebrkt de tripp lite (vendido por separado), puede adaptar el pdu1215 para instalaci\u00f3n vertical en 0u de rack. Entrega energ\u00eda monof\u00e1sica de 120v ca a m\u00faltiples cargas desde un tomacorriente de la instalaci\u00f3n, generador o sistema ups en un ambiente de ti de alta densidad. Ideal para aplicaciones de refuerzo de redes, telecomunicaciones, seguridad, audio\/video y sonido. Entrada nema 5-15p con cable de 4.57 m [15 pies. 13 tomacorrientes nema 5-15r\u00bf12 en la parte trasera y 1 en el frente. El dise\u00f1o sin switch evita el apagado accidental. Gabinete reversible totalmente met\u00e1lico. Se instala en un rack o pared o bajo un mostrador. Garant\u00eda limitada de 5 a\u00f1os<\/p>\n","protected":false},"featured_media":212846,"comment_status":"open","ping_status":"open","template":"","meta":[],"product_cat":[1508,1895],"product_tag":[1510],"acf":[],"yoast_head":"<!-- This site is optimized with the Yoast SEO plugin v21.7 - https:\/\/yoast.com\/wordpress\/plugins\/seo\/ -->\n<title>[ Tripp-lite ] &#129351; Pdu1215 Pdu Basico Monofasico De 1.8 Kw, 120v, 13 Contactos Nema 5-15-r, Entrada Clavija Nema 5-15-p, Cable 4.57m 15 Pies, 1u De Rack.<\/title>\n<meta name=\"description\" content=\"Compra Pdu1215 Pdu Basico Monofasico De 1.8 Kw, 120v, 13 Contactos Nema 5-15-r, Entrada Clavija Nema 5-15-p, Cable 4.57m 15 Pies, 1u De Rack. + Env\u00edo a domicilio + Pago seguro + Garant\u00eda\" \/>\n<meta name=\"robots\" content=\"index, follow, max-snippet:-1, max-image-preview:large, max-video-preview:-1\" \/>\n<link rel=\"canonical\" href=\"https:\/\/compuviper.mx\/tienda\/producto\/tripp-lite-pdu1215-pdu-basico-monofasico-de-1-8-kw-120v-13-contactos-nema-5-15-r-entrada-clavija-nema-5-15-p-cable-4-57m-15-pies-1u-de-rack\/\" \/>\n<meta property=\"og:locale\" content=\"es_MX\" \/>\n<meta property=\"og:type\" content=\"article\" \/>\n<meta property=\"og:title\" content=\"[ Tripp-lite ] &#129351; Pdu1215 Pdu Basico Monofasico De 1.8 Kw, 120v, 13 Contactos Nema 5-15-r, Entrada Clavija Nema 5-15-p, Cable 4.57m 15 Pies, 1u De Rack.\" \/>\n<meta property=\"og:description\" content=\"Compra Pdu1215 Pdu Basico Monofasico De 1.8 Kw, 120v, 13 Contactos Nema 5-15-r, Entrada Clavija Nema 5-15-p, Cable 4.57m 15 Pies, 1u De Rack. + Env\u00edo a domicilio + Pago seguro + Garant\u00eda\" \/>\n<meta property=\"og:url\" content=\"https:\/\/compuviper.mx\/tienda\/producto\/tripp-lite-pdu1215-pdu-basico-monofasico-de-1-8-kw-120v-13-contactos-nema-5-15-r-entrada-clavija-nema-5-15-p-cable-4-57m-15-pies-1u-de-rack\/\" \/>\n<meta property=\"og:site_name\" content=\"Compuviper\" \/>\n<meta property=\"article:publisher\" content=\"https:\/\/www.facebook.com\/compuviper\" \/>\n<meta property=\"og:image\" content=\"https:\/\/compuviper.mx\/tienda\/wp-content\/uploads\/2023\/12\/Pdu-tripp-lite-basico-monofasico-de-1.8-kw-120v-13-contactos-nema-5-15-r-entrada-clavija-nema-5-15-p-cable-4.57m-15-pies-1u-de-rack.jpg\" \/>\n\t<meta property=\"og:image:width\" content=\"200\" \/>\n\t<meta property=\"og:image:height\" content=\"200\" \/>\n\t<meta property=\"og:image:type\" content=\"image\/jpeg\" \/>\n<meta name=\"twitter:card\" content=\"summary_large_image\" \/>\n<meta name=\"twitter:label1\" content=\"Precio\" \/>\n\t<meta name=\"twitter:data1\" content=\"&#36;1,403 con IVA\" \/>\n\t<meta name=\"twitter:label2\" content=\"Availability\" \/>\n\t<meta name=\"twitter:data2\" content=\"In stock\" \/>\n<script type=\"application\/ld+json\" class=\"yoast-schema-graph\">{\"@context\":\"https:\/\/schema.org\",\"@graph\":[{\"@type\":\"WebPage\",\"@id\":\"https:\/\/compuviper.mx\/tienda\/producto\/tripp-lite-pdu1215-pdu-basico-monofasico-de-1-8-kw-120v-13-contactos-nema-5-15-r-entrada-clavija-nema-5-15-p-cable-4-57m-15-pies-1u-de-rack\/\",\"url\":\"https:\/\/compuviper.mx\/tienda\/producto\/tripp-lite-pdu1215-pdu-basico-monofasico-de-1-8-kw-120v-13-contactos-nema-5-15-r-entrada-clavija-nema-5-15-p-cable-4-57m-15-pies-1u-de-rack\/\",\"name\":\"[ Tripp-lite ] &#129351; Pdu1215 Pdu Basico Monofasico De 1.8 Kw, 120v, 13 Contactos Nema 5-15-r, Entrada Clavija Nema 5-15-p, Cable 4.57m 15 Pies, 1u De Rack.\",\"isPartOf\":{\"@id\":\"https:\/\/compuviper.mx\/tienda\/#website\"},\"datePublished\":\"2026-04-02T05:34:35+00:00\",\"dateModified\":\"2026-04-02T05:34:35+00:00\",\"description\":\"Compra Pdu1215 Pdu Basico Monofasico De 1.8 Kw, 120v, 13 Contactos Nema 5-15-r, Entrada Clavija Nema 5-15-p, Cable 4.57m 15 Pies, 1u De Rack. + Env\u00edo a domicilio + Pago seguro + Garant\u00eda\",\"breadcrumb\":{\"@id\":\"https:\/\/compuviper.mx\/tienda\/producto\/tripp-lite-pdu1215-pdu-basico-monofasico-de-1-8-kw-120v-13-contactos-nema-5-15-r-entrada-clavija-nema-5-15-p-cable-4-57m-15-pies-1u-de-rack\/#breadcrumb\"},\"inLanguage\":\"es-MX\",\"potentialAction\":[{\"@type\":\"ReadAction\",\"target\":[\"https:\/\/compuviper.mx\/tienda\/producto\/tripp-lite-pdu1215-pdu-basico-monofasico-de-1-8-kw-120v-13-contactos-nema-5-15-r-entrada-clavija-nema-5-15-p-cable-4-57m-15-pies-1u-de-rack\/\"]}]},{\"@type\":\"BreadcrumbList\",\"@id\":\"https:\/\/compuviper.mx\/tienda\/producto\/tripp-lite-pdu1215-pdu-basico-monofasico-de-1-8-kw-120v-13-contactos-nema-5-15-r-entrada-clavija-nema-5-15-p-cable-4-57m-15-pies-1u-de-rack\/#breadcrumb\",\"itemListElement\":[{\"@type\":\"ListItem\",\"position\":1,\"name\":\"Inicio\",\"item\":\"https:\/\/compuviper.mx\/tienda\/\"},{\"@type\":\"ListItem\",\"position\":2,\"name\":\"Productos\",\"item\":\"https:\/\/compuviper.mx\/tienda\/productos\/\"},{\"@type\":\"ListItem\",\"position\":3,\"name\":\"Energia\",\"item\":\"https:\/\/compuviper.mx\/tienda\/categoria-producto\/energia\/\"},{\"@type\":\"ListItem\",\"position\":4,\"name\":\"Pdu\",\"item\":\"https:\/\/compuviper.mx\/tienda\/categoria-producto\/energia\/pdu\/\"},{\"@type\":\"ListItem\",\"position\":5,\"name\":\"Tripp-lite Pdu1215 Pdu Basico Monofasico De 1.8 Kw, 120v, 13 Contactos Nema 5-15-r, Entrada Clavija Nema 5-15-p, Cable 4.57m 15 Pies, 1u De Rack.\"}]},{\"@type\":\"WebSite\",\"@id\":\"https:\/\/compuviper.mx\/tienda\/#website\",\"url\":\"https:\/\/compuviper.mx\/tienda\/\",\"name\":\"Compuviper\",\"description\":\"Proveedor de Computadoras, Laptops, Servidores, Monitores, Puntos de Venta, Teclados,   Impresoras, T\u00f3ner, C\u00e1maras de Seguridad y m\u00e1s en tu tienda en l\u00ednea\",\"publisher\":{\"@id\":\"https:\/\/compuviper.mx\/tienda\/#organization\"},\"potentialAction\":[{\"@type\":\"SearchAction\",\"target\":{\"@type\":\"EntryPoint\",\"urlTemplate\":\"https:\/\/compuviper.mx\/tienda\/?s={search_term_string}\"},\"query-input\":\"required name=search_term_string\"}],\"inLanguage\":\"es-MX\"},{\"@type\":\"Organization\",\"@id\":\"https:\/\/compuviper.mx\/tienda\/#organization\",\"name\":\"Compuviper\",\"url\":\"https:\/\/compuviper.mx\/tienda\/\",\"logo\":{\"@type\":\"ImageObject\",\"inLanguage\":\"es-MX\",\"@id\":\"https:\/\/compuviper.mx\/tienda\/#\/schema\/logo\/image\/\",\"url\":\"https:\/\/compuviper.mx\/tienda\/wp-content\/uploads\/2021\/08\/Logo-Compuviper-10.png\",\"contentUrl\":\"https:\/\/compuviper.mx\/tienda\/wp-content\/uploads\/2021\/08\/Logo-Compuviper-10.png\",\"width\":1000,\"height\":500,\"caption\":\"Compuviper\"},\"image\":{\"@id\":\"https:\/\/compuviper.mx\/tienda\/#\/schema\/logo\/image\/\"},\"sameAs\":[\"https:\/\/www.facebook.com\/compuviper\",\"https:\/\/www.youtube.com\/channel\/UCf73dERp9Y3cfOq7q8BhLjA?view_as=subscriber\"]}]}<\/script>\n<meta property=\"product:brand\" content=\"TRIPP-LITE\" \/>\n<meta property=\"product:price:amount\" content=\"1403\" \/>\n<meta property=\"product:price:currency\" content=\"MXN\" \/>\n<meta property=\"og:availability\" content=\"instock\" \/>\n<meta property=\"product:availability\" content=\"instock\" \/>\n<meta property=\"product:retailer_item_id\" content=\"PDU1215\" \/>\n<meta property=\"product:condition\" content=\"new\" \/>\n<!-- \/ Yoast SEO plugin. -->","yoast_head_json":{"title":"[ Tripp-lite ] &#129351; Pdu1215 Pdu Basico Monofasico De 1.8 Kw, 120v, 13 Contactos Nema 5-15-r, Entrada Clavija Nema 5-15-p, Cable 4.57m 15 Pies, 1u De Rack.","description":"Compra Pdu1215 Pdu Basico Monofasico De 1.8 Kw, 120v, 13 Contactos Nema 5-15-r, Entrada Clavija Nema 5-15-p, Cable 4.57m 15 Pies, 1u De Rack. + Env\u00edo a domicilio + Pago seguro + Garant\u00eda","robots":{"index":"index","follow":"follow","max-snippet":"max-snippet:-1","max-image-preview":"max-image-preview:large","max-video-preview":"max-video-preview:-1"},"canonical":"https:\/\/compuviper.mx\/tienda\/producto\/tripp-lite-pdu1215-pdu-basico-monofasico-de-1-8-kw-120v-13-contactos-nema-5-15-r-entrada-clavija-nema-5-15-p-cable-4-57m-15-pies-1u-de-rack\/","og_locale":"es_MX","og_type":"article","og_title":"[ Tripp-lite ] &#129351; Pdu1215 Pdu Basico Monofasico De 1.8 Kw, 120v, 13 Contactos Nema 5-15-r, Entrada Clavija Nema 5-15-p, Cable 4.57m 15 Pies, 1u De Rack.","og_description":"Compra Pdu1215 Pdu Basico Monofasico De 1.8 Kw, 120v, 13 Contactos Nema 5-15-r, Entrada Clavija Nema 5-15-p, Cable 4.57m 15 Pies, 1u De Rack. + Env\u00edo a domicilio + Pago seguro + Garant\u00eda","og_url":"https:\/\/compuviper.mx\/tienda\/producto\/tripp-lite-pdu1215-pdu-basico-monofasico-de-1-8-kw-120v-13-contactos-nema-5-15-r-entrada-clavija-nema-5-15-p-cable-4-57m-15-pies-1u-de-rack\/","og_site_name":"Compuviper","article_publisher":"https:\/\/www.facebook.com\/compuviper","og_image":[{"width":200,"height":200,"url":"https:\/\/compuviper.mx\/tienda\/wp-content\/uploads\/2023\/12\/Pdu-tripp-lite-basico-monofasico-de-1.8-kw-120v-13-contactos-nema-5-15-r-entrada-clavija-nema-5-15-p-cable-4.57m-15-pies-1u-de-rack.jpg","type":"image\/jpeg"}],"twitter_card":"summary_large_image","twitter_misc":{"Precio":"&#36;1,403 con IVA","Availability":"In stock"},"schema":{"@context":"https:\/\/schema.org","@graph":[{"@type":"WebPage","@id":"https:\/\/compuviper.mx\/tienda\/producto\/tripp-lite-pdu1215-pdu-basico-monofasico-de-1-8-kw-120v-13-contactos-nema-5-15-r-entrada-clavija-nema-5-15-p-cable-4-57m-15-pies-1u-de-rack\/","url":"https:\/\/compuviper.mx\/tienda\/producto\/tripp-lite-pdu1215-pdu-basico-monofasico-de-1-8-kw-120v-13-contactos-nema-5-15-r-entrada-clavija-nema-5-15-p-cable-4-57m-15-pies-1u-de-rack\/","name":"[ Tripp-lite ] &#129351; Pdu1215 Pdu Basico Monofasico De 1.8 Kw, 120v, 13 Contactos Nema 5-15-r, Entrada Clavija Nema 5-15-p, Cable 4.57m 15 Pies, 1u De Rack.","isPartOf":{"@id":"https:\/\/compuviper.mx\/tienda\/#website"},"datePublished":"2026-04-02T05:34:35+00:00","dateModified":"2026-04-02T05:34:35+00:00","description":"Compra Pdu1215 Pdu Basico Monofasico De 1.8 Kw, 120v, 13 Contactos Nema 5-15-r, Entrada Clavija Nema 5-15-p, Cable 4.57m 15 Pies, 1u De Rack. + Env\u00edo a domicilio + Pago seguro + Garant\u00eda","breadcrumb":{"@id":"https:\/\/compuviper.mx\/tienda\/producto\/tripp-lite-pdu1215-pdu-basico-monofasico-de-1-8-kw-120v-13-contactos-nema-5-15-r-entrada-clavija-nema-5-15-p-cable-4-57m-15-pies-1u-de-rack\/#breadcrumb"},"inLanguage":"es-MX","potentialAction":[{"@type":"ReadAction","target":["https:\/\/compuviper.mx\/tienda\/producto\/tripp-lite-pdu1215-pdu-basico-monofasico-de-1-8-kw-120v-13-contactos-nema-5-15-r-entrada-clavija-nema-5-15-p-cable-4-57m-15-pies-1u-de-rack\/"]}]},{"@type":"BreadcrumbList","@id":"https:\/\/compuviper.mx\/tienda\/producto\/tripp-lite-pdu1215-pdu-basico-monofasico-de-1-8-kw-120v-13-contactos-nema-5-15-r-entrada-clavija-nema-5-15-p-cable-4-57m-15-pies-1u-de-rack\/#breadcrumb","itemListElement":[{"@type":"ListItem","position":1,"name":"Inicio","item":"https:\/\/compuviper.mx\/tienda\/"},{"@type":"ListItem","position":2,"name":"Productos","item":"https:\/\/compuviper.mx\/tienda\/productos\/"},{"@type":"ListItem","position":3,"name":"Energia","item":"https:\/\/compuviper.mx\/tienda\/categoria-producto\/energia\/"},{"@type":"ListItem","position":4,"name":"Pdu","item":"https:\/\/compuviper.mx\/tienda\/categoria-producto\/energia\/pdu\/"},{"@type":"ListItem","position":5,"name":"Tripp-lite Pdu1215 Pdu Basico Monofasico De 1.8 Kw, 120v, 13 Contactos Nema 5-15-r, Entrada Clavija Nema 5-15-p, Cable 4.57m 15 Pies, 1u De Rack."}]},{"@type":"WebSite","@id":"https:\/\/compuviper.mx\/tienda\/#website","url":"https:\/\/compuviper.mx\/tienda\/","name":"Compuviper","description":"Proveedor de Computadoras, Laptops, Servidores, Monitores, Puntos de Venta, Teclados,   Impresoras, T\u00f3ner, C\u00e1maras de Seguridad y m\u00e1s en tu tienda en l\u00ednea","publisher":{"@id":"https:\/\/compuviper.mx\/tienda\/#organization"},"potentialAction":[{"@type":"SearchAction","target":{"@type":"EntryPoint","urlTemplate":"https:\/\/compuviper.mx\/tienda\/?s={search_term_string}"},"query-input":"required name=search_term_string"}],"inLanguage":"es-MX"},{"@type":"Organization","@id":"https:\/\/compuviper.mx\/tienda\/#organization","name":"Compuviper","url":"https:\/\/compuviper.mx\/tienda\/","logo":{"@type":"ImageObject","inLanguage":"es-MX","@id":"https:\/\/compuviper.mx\/tienda\/#\/schema\/logo\/image\/","url":"https:\/\/compuviper.mx\/tienda\/wp-content\/uploads\/2021\/08\/Logo-Compuviper-10.png","contentUrl":"https:\/\/compuviper.mx\/tienda\/wp-content\/uploads\/2021\/08\/Logo-Compuviper-10.png","width":1000,"height":500,"caption":"Compuviper"},"image":{"@id":"https:\/\/compuviper.mx\/tienda\/#\/schema\/logo\/image\/"},"sameAs":["https:\/\/www.facebook.com\/compuviper","https:\/\/www.youtube.com\/channel\/UCf73dERp9Y3cfOq7q8BhLjA?view_as=subscriber"]}]},"product_brand":"TRIPP-LITE","product_price_amount":"1403","product_price_currency":"MXN","og_availability":"instock","product_availability":"instock","product_retailer_item_id":"PDU1215","product_condition":"new"},"_links":{"self":[{"href":"https:\/\/compuviper.mx\/tienda\/wp-json\/wp\/v2\/product\/212845"}],"collection":[{"href":"https:\/\/compuviper.mx\/tienda\/wp-json\/wp\/v2\/product"}],"about":[{"href":"https:\/\/compuviper.mx\/tienda\/wp-json\/wp\/v2\/types\/product"}],"replies":[{"embeddable":true,"href":"https:\/\/compuviper.mx\/tienda\/wp-json\/wp\/v2\/comments?post=212845"}],"wp:featuredmedia":[{"embeddable":true,"href":"https:\/\/compuviper.mx\/tienda\/wp-json\/wp\/v2\/media\/212846"}],"wp:attachment":[{"href":"https:\/\/compuviper.mx\/tienda\/wp-json\/wp\/v2\/media?parent=212845"}],"wp:term":[{"taxonomy":"product_cat","embeddable":true,"href":"https:\/\/compuviper.mx\/tienda\/wp-json\/wp\/v2\/product_cat?post=212845"},{"taxonomy":"product_tag","embeddable":true,"href":"https:\/\/compuviper.mx\/tienda\/wp-json\/wp\/v2\/product_tag?post=212845"}],"curies":[{"name":"wp","href":"https:\/\/api.w.org\/{rel}","templated":true}]}}