{"id":212825,"date":"2026-04-22T23:34:29","date_gmt":"2026-04-23T05:34:29","guid":{"rendered":"https:\/\/compuviper.mx\/tienda\/producto\/tp-link-tl-pa7017-kit-adaptador-powerline-tp-link-tl-pa7017-kit-2-pzas-alambrico-a-1000mbps-con-1-rj45-10-100-1000-soporta-hasta-300m-de-cable-sustituye-a-tl-pa4010-kit\/"},"modified":"2026-04-22T23:34:29","modified_gmt":"2026-04-23T05:34:29","slug":"tp-link-tl-pa7017-kit-adaptador-powerline-tp-link-tl-pa7017-kit-2-pzas-alambrico-a-1000mbps-con-1-rj45-10-100-1000-soporta-hasta-300m-de-cable-sustituye-a-tl-pa4010-kit","status":"publish","type":"product","link":"https:\/\/compuviper.mx\/tienda\/producto\/tp-link-tl-pa7017-kit-adaptador-powerline-tp-link-tl-pa7017-kit-2-pzas-alambrico-a-1000mbps-con-1-rj45-10-100-1000-soporta-hasta-300m-de-cable-sustituye-a-tl-pa4010-kit\/","title":{"rendered":"Tp Link Tl-pa7017 Kit Adaptador Powerline | Tp-link | Tl-pa7017|  Kit 2 Pzas Alambrico A 1000mbps Con 1 Rj45 10\/100\/1000 Soporta Hasta 300m De Cable | Sustituye A Tl-pa4010 Kit"},"content":{"rendered":"<table class=\"descripcion\">\n<tr>\n<td>Caractersticas de hardware<\/td>\n<\/tr>\n<tr>\n<td>Tipo de enchufeeu, uk, us<\/td>\n<\/tr>\n<tr>\n<td>Estndares y protocoloshomeplug av2, homeplug av, ieee 1901,<\/td>\n<\/tr>\n<tr>\n<td>Ieee 802.3, ieee 802.3u, ieee 802.3ab<\/td>\n<\/tr>\n<tr>\n<td>Interfazpuerto gigabit ethernet<\/td>\n<\/tr>\n<tr>\n<td>Botonesbotn pair\/reset<\/td>\n<\/tr>\n<tr>\n<td>Consumo de potenciamximo: 2.7w 220v\/50hz<\/td>\n<\/tr>\n<tr>\n<td>Tpico: 2.3w 220v\/50hz<\/td>\n<\/tr>\n<tr>\n<td>Standby: 0.5w 220v\/50hz<\/td>\n<\/tr>\n<tr>\n<td>Indicador de ledpwr, plc, eth<\/td>\n<\/tr>\n<tr>\n<td>Dimensiones2.62.01.1 in 655228.5mm<\/td>\n<\/tr>\n<tr>\n<td>Alcance300 metros sobre circuito elctrico<\/td>\n<\/tr>\n<tr>\n<td>Caractersticas de software<\/td>\n<\/tr>\n<tr>\n<td>Tecnologa de modulacinofdm plc<\/td>\n<\/tr>\n<tr>\n<td>Encriptacinseguridad del powerline: aes de 128 bits<\/td>\n<\/tr>\n<tr>\n<td>Otros<\/td>\n<\/tr>\n<tr>\n<td>Certificacionesce, rohs<\/td>\n<\/tr>\n<tr>\n<td>Contenido del paqueteadaptador ethernet powerline<\/td>\n<\/tr>\n<tr>\n<td>Cable ethernet de 2 m rj45<\/td>\n<\/tr>\n<tr>\n<td>Gua de instalacin rpida<\/td>\n<\/tr>\n<tr>\n<td>Requisitos del sistemawindows 2000\/xp\/2003\/vista, windows 7\/8\/8.1, mac, linux<\/td>\n<\/tr>\n<tr>\n<td>Factores ambientalestemperatura de funcionamiento: 0\u00b0c~ 40\u00b0c 32\u00b0f~104\u00b0f<\/td>\n<\/tr>\n<tr>\n<td>Temperatura de almacenamiento: -40\u00b0c~70\u00b0c-40\u00b0f~158\u00b0f<\/td>\n<\/tr>\n<tr>\n<td>Humedad de funcionamiento: 10~90 sin condensacin<\/td>\n<\/tr>\n<tr>\n<td>Humedad de almacenamiento: 5~90 sin condensacin<\/td>\n<\/tr>\n<\/table>\n","protected":false},"excerpt":{"rendered":"<p>Tl-pa7017 kit nuevo. Av1000 gigabit powerline kit de inicio.  Homeplug av2 standard: velocidades de transferencia de datos de alta velocidad de hasta 1000 mbps, para todas tus necesidades en lnea.  Puerto gigabit: proporciona redes cableadas seguras para ordenadores de escritorio, televisores inteligentes o consolas de juegos.  Plug and play &#8211; permite la configuracin de tu powerline en minutos, para que puedas disfrutar de conexiones rpidas, sin cables e inalmbricas al instante.  Energa patentada &#8211; modo de ahorro &#8211; reduce automticamente el consumo de energa hasta un 85. Velocidades av1000 y rango de 300 metros. Usando la avanzada tecnologa homeplug av2, el kit tl-pa7017 garantiza una conexin por cable estable y de alta velocidad, proporcionando transmisiones de datos de hasta 1000 mbps  a travs del cableado elctrico para rangos de hasta 300 metros. Transmite en hd, juega en lnea y descarga archivos grandes sin interrupcin gracias a los enlaces fluidos de lnea elctrica. Puerto gigabit para mxima conectividad. Con un puerto gigabit ethernet, el kit tl-pa7017 permite a los usuarios conectar un dispositivo de ancho de banda intensivo a internet a altas velocidades y garantiza la transmisin fluida de video ultra hd. Esto hace que el tl-pa7017 kit sea el compaero perfecto para el entretenimiento en el hogar. Plug and play. No requiere configuracin.  Conecta un adaptador powerline elctrica al router, conecta otro adaptador de lnea elctrica a un enchufe de pared en otra habitacin, \u00a1y listo.  Empareje para ms seguridad.  Presione el botn emparejar en cada adaptador para crear una red ms segura. Reduce el consumo de energa hasta en un 85. Tl-pa7017 kit, un adaptador powerline de nueva generacin, con su diseo prctico y su sofisticado modo de ahorro de energa, cambiar automticamente de tu modo normal de trabajo al modo ahorro de energa, reduciendo tu consumo de energa hasta en un 85.  Los datos reales variarn en diferentes condiciones y entornos de red.<\/p>\n","protected":false},"featured_media":212826,"comment_status":"open","ping_status":"open","template":"","meta":[],"product_cat":[1485,1492],"product_tag":[1562],"acf":[],"yoast_head":"<!-- This site is optimized with the Yoast SEO plugin v21.7 - https:\/\/yoast.com\/wordpress\/plugins\/seo\/ -->\n<title>[ Tp Link ] &#129351; Tl-pa7017 Kit Adaptador Powerline | Tp-link | Tl-pa7017| Kit 2 Pzas Alambrico A 1000mbps Con 1 Rj45 10\/100\/1000 Soporta Hasta 300m De Cable | Sustituye A Tl-pa4010 Kit<\/title>\n<meta name=\"description\" content=\"Compra Tl-pa7017 Kit Adaptador Powerline | Tp-link | Tl-pa7017| Kit 2 Pzas Alambrico A 1000mbps Con 1 Rj45 10\/100\/1000 Soporta Hasta 300m De Cable | Sustituye A Tl-pa4010 Kit + Env\u00edo a domicilio + Pago seguro + Garant\u00eda\" \/>\n<meta name=\"robots\" content=\"index, follow, max-snippet:-1, max-image-preview:large, max-video-preview:-1\" \/>\n<link rel=\"canonical\" href=\"https:\/\/compuviper.mx\/tienda\/producto\/tp-link-tl-pa7017-kit-adaptador-powerline-tp-link-tl-pa7017-kit-2-pzas-alambrico-a-1000mbps-con-1-rj45-10-100-1000-soporta-hasta-300m-de-cable-sustituye-a-tl-pa4010-kit\/\" \/>\n<meta property=\"og:locale\" content=\"es_MX\" \/>\n<meta property=\"og:type\" content=\"article\" \/>\n<meta property=\"og:title\" content=\"[ Tp Link ] &#129351; Tl-pa7017 Kit Adaptador Powerline | Tp-link | Tl-pa7017| Kit 2 Pzas Alambrico A 1000mbps Con 1 Rj45 10\/100\/1000 Soporta Hasta 300m De Cable | Sustituye A Tl-pa4010 Kit\" \/>\n<meta property=\"og:description\" content=\"Compra Tl-pa7017 Kit Adaptador Powerline | Tp-link | Tl-pa7017| Kit 2 Pzas Alambrico A 1000mbps Con 1 Rj45 10\/100\/1000 Soporta Hasta 300m De Cable | Sustituye A Tl-pa4010 Kit + Env\u00edo a domicilio + Pago seguro + Garant\u00eda\" \/>\n<meta property=\"og:url\" content=\"https:\/\/compuviper.mx\/tienda\/producto\/tp-link-tl-pa7017-kit-adaptador-powerline-tp-link-tl-pa7017-kit-2-pzas-alambrico-a-1000mbps-con-1-rj45-10-100-1000-soporta-hasta-300m-de-cable-sustituye-a-tl-pa4010-kit\/\" \/>\n<meta property=\"og:site_name\" content=\"Compuviper\" \/>\n<meta property=\"article:publisher\" content=\"https:\/\/www.facebook.com\/compuviper\" \/>\n<meta property=\"og:image\" content=\"https:\/\/compuviper.mx\/tienda\/wp-content\/uploads\/2023\/12\/Adaptador-powerline-tp-link-tl-pa7017-kit-2-pzas-alambrico-a-1000mbps-con-1-rj45-101001000-soporta-hasta-300m-de-cable-sustituye-a-tl-pa4010-kit.jpg\" \/>\n\t<meta property=\"og:image:width\" content=\"200\" \/>\n\t<meta property=\"og:image:height\" content=\"200\" \/>\n\t<meta property=\"og:image:type\" content=\"image\/jpeg\" \/>\n<meta name=\"twitter:card\" content=\"summary_large_image\" \/>\n<meta name=\"twitter:label1\" content=\"Precio\" \/>\n\t<meta name=\"twitter:data1\" content=\"&#36;680 con IVA\" \/>\n\t<meta name=\"twitter:label2\" content=\"Availability\" \/>\n\t<meta name=\"twitter:data2\" content=\"In stock\" \/>\n<script type=\"application\/ld+json\" class=\"yoast-schema-graph\">{\"@context\":\"https:\/\/schema.org\",\"@graph\":[{\"@type\":\"WebPage\",\"@id\":\"https:\/\/compuviper.mx\/tienda\/producto\/tp-link-tl-pa7017-kit-adaptador-powerline-tp-link-tl-pa7017-kit-2-pzas-alambrico-a-1000mbps-con-1-rj45-10-100-1000-soporta-hasta-300m-de-cable-sustituye-a-tl-pa4010-kit\/\",\"url\":\"https:\/\/compuviper.mx\/tienda\/producto\/tp-link-tl-pa7017-kit-adaptador-powerline-tp-link-tl-pa7017-kit-2-pzas-alambrico-a-1000mbps-con-1-rj45-10-100-1000-soporta-hasta-300m-de-cable-sustituye-a-tl-pa4010-kit\/\",\"name\":\"[ Tp Link ] &#129351; Tl-pa7017 Kit Adaptador Powerline | Tp-link | Tl-pa7017| Kit 2 Pzas Alambrico A 1000mbps Con 1 Rj45 10\/100\/1000 Soporta Hasta 300m De Cable | Sustituye A Tl-pa4010 Kit\",\"isPartOf\":{\"@id\":\"https:\/\/compuviper.mx\/tienda\/#website\"},\"datePublished\":\"2026-04-23T05:34:29+00:00\",\"dateModified\":\"2026-04-23T05:34:29+00:00\",\"description\":\"Compra Tl-pa7017 Kit Adaptador Powerline | Tp-link | Tl-pa7017| Kit 2 Pzas Alambrico A 1000mbps Con 1 Rj45 10\/100\/1000 Soporta Hasta 300m De Cable | Sustituye A Tl-pa4010 Kit + Env\u00edo a domicilio + Pago seguro + Garant\u00eda\",\"breadcrumb\":{\"@id\":\"https:\/\/compuviper.mx\/tienda\/producto\/tp-link-tl-pa7017-kit-adaptador-powerline-tp-link-tl-pa7017-kit-2-pzas-alambrico-a-1000mbps-con-1-rj45-10-100-1000-soporta-hasta-300m-de-cable-sustituye-a-tl-pa4010-kit\/#breadcrumb\"},\"inLanguage\":\"es-MX\",\"potentialAction\":[{\"@type\":\"ReadAction\",\"target\":[\"https:\/\/compuviper.mx\/tienda\/producto\/tp-link-tl-pa7017-kit-adaptador-powerline-tp-link-tl-pa7017-kit-2-pzas-alambrico-a-1000mbps-con-1-rj45-10-100-1000-soporta-hasta-300m-de-cable-sustituye-a-tl-pa4010-kit\/\"]}]},{\"@type\":\"BreadcrumbList\",\"@id\":\"https:\/\/compuviper.mx\/tienda\/producto\/tp-link-tl-pa7017-kit-adaptador-powerline-tp-link-tl-pa7017-kit-2-pzas-alambrico-a-1000mbps-con-1-rj45-10-100-1000-soporta-hasta-300m-de-cable-sustituye-a-tl-pa4010-kit\/#breadcrumb\",\"itemListElement\":[{\"@type\":\"ListItem\",\"position\":1,\"name\":\"Inicio\",\"item\":\"https:\/\/compuviper.mx\/tienda\/\"},{\"@type\":\"ListItem\",\"position\":2,\"name\":\"Productos\",\"item\":\"https:\/\/compuviper.mx\/tienda\/productos\/\"},{\"@type\":\"ListItem\",\"position\":3,\"name\":\"Accesorios\",\"item\":\"https:\/\/compuviper.mx\/tienda\/categoria-producto\/accesorios\/\"},{\"@type\":\"ListItem\",\"position\":4,\"name\":\"Adaptadores\",\"item\":\"https:\/\/compuviper.mx\/tienda\/categoria-producto\/accesorios\/adaptadores\/\"},{\"@type\":\"ListItem\",\"position\":5,\"name\":\"Tp Link Tl-pa7017 Kit Adaptador Powerline | Tp-link | Tl-pa7017| Kit 2 Pzas Alambrico A 1000mbps Con 1 Rj45 10\/100\/1000 Soporta Hasta 300m De Cable | Sustituye A Tl-pa4010 Kit\"}]},{\"@type\":\"WebSite\",\"@id\":\"https:\/\/compuviper.mx\/tienda\/#website\",\"url\":\"https:\/\/compuviper.mx\/tienda\/\",\"name\":\"Compuviper\",\"description\":\"Proveedor de Computadoras, Laptops, Servidores, Monitores, Puntos de Venta, Teclados,   Impresoras, T\u00f3ner, C\u00e1maras de Seguridad y m\u00e1s en tu tienda en l\u00ednea\",\"publisher\":{\"@id\":\"https:\/\/compuviper.mx\/tienda\/#organization\"},\"potentialAction\":[{\"@type\":\"SearchAction\",\"target\":{\"@type\":\"EntryPoint\",\"urlTemplate\":\"https:\/\/compuviper.mx\/tienda\/?s={search_term_string}\"},\"query-input\":\"required name=search_term_string\"}],\"inLanguage\":\"es-MX\"},{\"@type\":\"Organization\",\"@id\":\"https:\/\/compuviper.mx\/tienda\/#organization\",\"name\":\"Compuviper\",\"url\":\"https:\/\/compuviper.mx\/tienda\/\",\"logo\":{\"@type\":\"ImageObject\",\"inLanguage\":\"es-MX\",\"@id\":\"https:\/\/compuviper.mx\/tienda\/#\/schema\/logo\/image\/\",\"url\":\"https:\/\/compuviper.mx\/tienda\/wp-content\/uploads\/2021\/08\/Logo-Compuviper-10.png\",\"contentUrl\":\"https:\/\/compuviper.mx\/tienda\/wp-content\/uploads\/2021\/08\/Logo-Compuviper-10.png\",\"width\":1000,\"height\":500,\"caption\":\"Compuviper\"},\"image\":{\"@id\":\"https:\/\/compuviper.mx\/tienda\/#\/schema\/logo\/image\/\"},\"sameAs\":[\"https:\/\/www.facebook.com\/compuviper\",\"https:\/\/www.youtube.com\/channel\/UCf73dERp9Y3cfOq7q8BhLjA?view_as=subscriber\"]}]}<\/script>\n<meta property=\"product:brand\" content=\"TP LINK\" \/>\n<meta property=\"product:price:amount\" content=\"680\" \/>\n<meta property=\"product:price:currency\" content=\"MXN\" \/>\n<meta property=\"og:availability\" content=\"instock\" \/>\n<meta property=\"product:availability\" content=\"instock\" \/>\n<meta property=\"product:retailer_item_id\" content=\"TL-PA7017 KIT\" \/>\n<meta property=\"product:condition\" content=\"new\" \/>\n<!-- \/ Yoast SEO plugin. -->","yoast_head_json":{"title":"[ Tp Link ] &#129351; Tl-pa7017 Kit Adaptador Powerline | Tp-link | Tl-pa7017| Kit 2 Pzas Alambrico A 1000mbps Con 1 Rj45 10\/100\/1000 Soporta Hasta 300m De Cable | Sustituye A Tl-pa4010 Kit","description":"Compra Tl-pa7017 Kit Adaptador Powerline | Tp-link | Tl-pa7017| Kit 2 Pzas Alambrico A 1000mbps Con 1 Rj45 10\/100\/1000 Soporta Hasta 300m De Cable | Sustituye A Tl-pa4010 Kit + Env\u00edo a domicilio + Pago seguro + Garant\u00eda","robots":{"index":"index","follow":"follow","max-snippet":"max-snippet:-1","max-image-preview":"max-image-preview:large","max-video-preview":"max-video-preview:-1"},"canonical":"https:\/\/compuviper.mx\/tienda\/producto\/tp-link-tl-pa7017-kit-adaptador-powerline-tp-link-tl-pa7017-kit-2-pzas-alambrico-a-1000mbps-con-1-rj45-10-100-1000-soporta-hasta-300m-de-cable-sustituye-a-tl-pa4010-kit\/","og_locale":"es_MX","og_type":"article","og_title":"[ Tp Link ] &#129351; Tl-pa7017 Kit Adaptador Powerline | Tp-link | Tl-pa7017| Kit 2 Pzas Alambrico A 1000mbps Con 1 Rj45 10\/100\/1000 Soporta Hasta 300m De Cable | Sustituye A Tl-pa4010 Kit","og_description":"Compra Tl-pa7017 Kit Adaptador Powerline | Tp-link | Tl-pa7017| Kit 2 Pzas Alambrico A 1000mbps Con 1 Rj45 10\/100\/1000 Soporta Hasta 300m De Cable | Sustituye A Tl-pa4010 Kit + Env\u00edo a domicilio + Pago seguro + Garant\u00eda","og_url":"https:\/\/compuviper.mx\/tienda\/producto\/tp-link-tl-pa7017-kit-adaptador-powerline-tp-link-tl-pa7017-kit-2-pzas-alambrico-a-1000mbps-con-1-rj45-10-100-1000-soporta-hasta-300m-de-cable-sustituye-a-tl-pa4010-kit\/","og_site_name":"Compuviper","article_publisher":"https:\/\/www.facebook.com\/compuviper","og_image":[{"width":200,"height":200,"url":"https:\/\/compuviper.mx\/tienda\/wp-content\/uploads\/2023\/12\/Adaptador-powerline-tp-link-tl-pa7017-kit-2-pzas-alambrico-a-1000mbps-con-1-rj45-101001000-soporta-hasta-300m-de-cable-sustituye-a-tl-pa4010-kit.jpg","type":"image\/jpeg"}],"twitter_card":"summary_large_image","twitter_misc":{"Precio":"&#36;680 con IVA","Availability":"In stock"},"schema":{"@context":"https:\/\/schema.org","@graph":[{"@type":"WebPage","@id":"https:\/\/compuviper.mx\/tienda\/producto\/tp-link-tl-pa7017-kit-adaptador-powerline-tp-link-tl-pa7017-kit-2-pzas-alambrico-a-1000mbps-con-1-rj45-10-100-1000-soporta-hasta-300m-de-cable-sustituye-a-tl-pa4010-kit\/","url":"https:\/\/compuviper.mx\/tienda\/producto\/tp-link-tl-pa7017-kit-adaptador-powerline-tp-link-tl-pa7017-kit-2-pzas-alambrico-a-1000mbps-con-1-rj45-10-100-1000-soporta-hasta-300m-de-cable-sustituye-a-tl-pa4010-kit\/","name":"[ Tp Link ] &#129351; Tl-pa7017 Kit Adaptador Powerline | Tp-link | Tl-pa7017| Kit 2 Pzas Alambrico A 1000mbps Con 1 Rj45 10\/100\/1000 Soporta Hasta 300m De Cable | Sustituye A Tl-pa4010 Kit","isPartOf":{"@id":"https:\/\/compuviper.mx\/tienda\/#website"},"datePublished":"2026-04-23T05:34:29+00:00","dateModified":"2026-04-23T05:34:29+00:00","description":"Compra Tl-pa7017 Kit Adaptador Powerline | Tp-link | Tl-pa7017| Kit 2 Pzas Alambrico A 1000mbps Con 1 Rj45 10\/100\/1000 Soporta Hasta 300m De Cable | Sustituye A Tl-pa4010 Kit + Env\u00edo a domicilio + Pago seguro + Garant\u00eda","breadcrumb":{"@id":"https:\/\/compuviper.mx\/tienda\/producto\/tp-link-tl-pa7017-kit-adaptador-powerline-tp-link-tl-pa7017-kit-2-pzas-alambrico-a-1000mbps-con-1-rj45-10-100-1000-soporta-hasta-300m-de-cable-sustituye-a-tl-pa4010-kit\/#breadcrumb"},"inLanguage":"es-MX","potentialAction":[{"@type":"ReadAction","target":["https:\/\/compuviper.mx\/tienda\/producto\/tp-link-tl-pa7017-kit-adaptador-powerline-tp-link-tl-pa7017-kit-2-pzas-alambrico-a-1000mbps-con-1-rj45-10-100-1000-soporta-hasta-300m-de-cable-sustituye-a-tl-pa4010-kit\/"]}]},{"@type":"BreadcrumbList","@id":"https:\/\/compuviper.mx\/tienda\/producto\/tp-link-tl-pa7017-kit-adaptador-powerline-tp-link-tl-pa7017-kit-2-pzas-alambrico-a-1000mbps-con-1-rj45-10-100-1000-soporta-hasta-300m-de-cable-sustituye-a-tl-pa4010-kit\/#breadcrumb","itemListElement":[{"@type":"ListItem","position":1,"name":"Inicio","item":"https:\/\/compuviper.mx\/tienda\/"},{"@type":"ListItem","position":2,"name":"Productos","item":"https:\/\/compuviper.mx\/tienda\/productos\/"},{"@type":"ListItem","position":3,"name":"Accesorios","item":"https:\/\/compuviper.mx\/tienda\/categoria-producto\/accesorios\/"},{"@type":"ListItem","position":4,"name":"Adaptadores","item":"https:\/\/compuviper.mx\/tienda\/categoria-producto\/accesorios\/adaptadores\/"},{"@type":"ListItem","position":5,"name":"Tp Link Tl-pa7017 Kit Adaptador Powerline | Tp-link | Tl-pa7017| Kit 2 Pzas Alambrico A 1000mbps Con 1 Rj45 10\/100\/1000 Soporta Hasta 300m De Cable | Sustituye A Tl-pa4010 Kit"}]},{"@type":"WebSite","@id":"https:\/\/compuviper.mx\/tienda\/#website","url":"https:\/\/compuviper.mx\/tienda\/","name":"Compuviper","description":"Proveedor de Computadoras, Laptops, Servidores, Monitores, Puntos de Venta, Teclados,   Impresoras, T\u00f3ner, C\u00e1maras de Seguridad y m\u00e1s en tu tienda en l\u00ednea","publisher":{"@id":"https:\/\/compuviper.mx\/tienda\/#organization"},"potentialAction":[{"@type":"SearchAction","target":{"@type":"EntryPoint","urlTemplate":"https:\/\/compuviper.mx\/tienda\/?s={search_term_string}"},"query-input":"required name=search_term_string"}],"inLanguage":"es-MX"},{"@type":"Organization","@id":"https:\/\/compuviper.mx\/tienda\/#organization","name":"Compuviper","url":"https:\/\/compuviper.mx\/tienda\/","logo":{"@type":"ImageObject","inLanguage":"es-MX","@id":"https:\/\/compuviper.mx\/tienda\/#\/schema\/logo\/image\/","url":"https:\/\/compuviper.mx\/tienda\/wp-content\/uploads\/2021\/08\/Logo-Compuviper-10.png","contentUrl":"https:\/\/compuviper.mx\/tienda\/wp-content\/uploads\/2021\/08\/Logo-Compuviper-10.png","width":1000,"height":500,"caption":"Compuviper"},"image":{"@id":"https:\/\/compuviper.mx\/tienda\/#\/schema\/logo\/image\/"},"sameAs":["https:\/\/www.facebook.com\/compuviper","https:\/\/www.youtube.com\/channel\/UCf73dERp9Y3cfOq7q8BhLjA?view_as=subscriber"]}]},"product_brand":"TP LINK","product_price_amount":"680","product_price_currency":"MXN","og_availability":"instock","product_availability":"instock","product_retailer_item_id":"TL-PA7017 KIT","product_condition":"new"},"_links":{"self":[{"href":"https:\/\/compuviper.mx\/tienda\/wp-json\/wp\/v2\/product\/212825"}],"collection":[{"href":"https:\/\/compuviper.mx\/tienda\/wp-json\/wp\/v2\/product"}],"about":[{"href":"https:\/\/compuviper.mx\/tienda\/wp-json\/wp\/v2\/types\/product"}],"replies":[{"embeddable":true,"href":"https:\/\/compuviper.mx\/tienda\/wp-json\/wp\/v2\/comments?post=212825"}],"wp:featuredmedia":[{"embeddable":true,"href":"https:\/\/compuviper.mx\/tienda\/wp-json\/wp\/v2\/media\/212826"}],"wp:attachment":[{"href":"https:\/\/compuviper.mx\/tienda\/wp-json\/wp\/v2\/media?parent=212825"}],"wp:term":[{"taxonomy":"product_cat","embeddable":true,"href":"https:\/\/compuviper.mx\/tienda\/wp-json\/wp\/v2\/product_cat?post=212825"},{"taxonomy":"product_tag","embeddable":true,"href":"https:\/\/compuviper.mx\/tienda\/wp-json\/wp\/v2\/product_tag?post=212825"}],"curies":[{"name":"wp","href":"https:\/\/api.w.org\/{rel}","templated":true}]}}