{"id":212823,"date":"2026-04-22T23:34:28","date_gmt":"2026-04-23T05:34:28","guid":{"rendered":"https:\/\/compuviper.mx\/tienda\/producto\/poly-2200-69631-001875m8aa-microfono-de-expansion-2200-69631-001-con-3-microfonos-audio-hd-cobertura-360-logintud-de-clable-de-7-6-mts-solo-para-modelo-studio-usb-x30-x50-x70\/"},"modified":"2026-04-22T23:34:29","modified_gmt":"2026-04-23T05:34:29","slug":"poly-875m6aa-microfono-de-expansion-hp-para-modelo-studio-usb-x50x52x70-y-x72-cuenta-con-3-microfonos-con-una-cobertura-de-hasta-3-metros-logintud-de-clable-de-7-6-mts-rj11","status":"publish","type":"product","link":"https:\/\/compuviper.mx\/tienda\/producto\/poly-875m6aa-microfono-de-expansion-hp-para-modelo-studio-usb-x50x52x70-y-x72-cuenta-con-3-microfonos-con-una-cobertura-de-hasta-3-metros-logintud-de-clable-de-7-6-mts-rj11\/","title":{"rendered":"Poly 875m6aa Microfono De Expansion Hp   \/ Para Modelo Studio Usb, X50,x52,x70 Y X72, Cuenta Con 3 Microfonos Con Una Cobertura De Hasta 3 Metros, Logintud De Clable De 7.6 Mts Rj11"},"content":{"rendered":"<table class=\"descripcion\">\n<tr>\n<td>Micr\u00f3fono de expansi\u00f3n polycom: contiene una matriz de micr\u00f3fono anal\u00f3gico y un cable de tipo de conexi\u00f3n rj11 de 7,6 m \/ 25 . compatible con poly studio x50 (sin trio \/ c60), poly studio usb y rp debut.<\/td>\n<\/tr>\n<\/table>\n","protected":false},"excerpt":{"rendered":"<p>Aumenta la cobertura de audio de la sala de conferencias mediante el emparejamiento del micr\u00f3fono de expansi\u00f3n.<\/p>\n","protected":false},"featured_media":212824,"comment_status":"open","ping_status":"open","template":"","meta":[],"product_cat":[1485,1530],"product_tag":[2035],"acf":[],"yoast_head":"<!-- This site is optimized with the Yoast SEO plugin v21.7 - https:\/\/yoast.com\/wordpress\/plugins\/seo\/ -->\n<title>[ Poly ] &#129351; 875m6aa Microfono De Expansion Hp \/ Para Modelo Studio Usb, X50,x52,x70 Y X72, Cuenta Con 3 Microfonos Con Una Cobertura De Hasta 3 Metros, Logintud De Clable De 7.6 Mts Rj11<\/title>\n<meta name=\"description\" content=\"Compra 875m6aa Microfono De Expansion Hp \/ Para Modelo Studio Usb, X50,x52,x70 Y X72, Cuenta Con 3 Microfonos Con Una Cobertura De Hasta 3 Metros, Logintud De Clable De 7.6 Mts Rj11 + Env\u00edo a domicilio + Pago seguro + Garant\u00eda\" \/>\n<meta name=\"robots\" content=\"index, follow, max-snippet:-1, max-image-preview:large, max-video-preview:-1\" \/>\n<link rel=\"canonical\" href=\"https:\/\/compuviper.mx\/tienda\/producto\/poly-875m6aa-microfono-de-expansion-hp-para-modelo-studio-usb-x50x52x70-y-x72-cuenta-con-3-microfonos-con-una-cobertura-de-hasta-3-metros-logintud-de-clable-de-7-6-mts-rj11\/\" \/>\n<meta property=\"og:locale\" content=\"es_MX\" \/>\n<meta property=\"og:type\" content=\"article\" \/>\n<meta property=\"og:title\" content=\"[ Poly ] &#129351; 875m6aa Microfono De Expansion Hp \/ Para Modelo Studio Usb, X50,x52,x70 Y X72, Cuenta Con 3 Microfonos Con Una Cobertura De Hasta 3 Metros, Logintud De Clable De 7.6 Mts Rj11\" \/>\n<meta property=\"og:description\" content=\"Compra 875m6aa Microfono De Expansion Hp \/ Para Modelo Studio Usb, X50,x52,x70 Y X72, Cuenta Con 3 Microfonos Con Una Cobertura De Hasta 3 Metros, Logintud De Clable De 7.6 Mts Rj11 + Env\u00edo a domicilio + Pago seguro + Garant\u00eda\" \/>\n<meta property=\"og:url\" content=\"https:\/\/compuviper.mx\/tienda\/producto\/poly-875m6aa-microfono-de-expansion-hp-para-modelo-studio-usb-x50x52x70-y-x72-cuenta-con-3-microfonos-con-una-cobertura-de-hasta-3-metros-logintud-de-clable-de-7-6-mts-rj11\/\" \/>\n<meta property=\"og:site_name\" content=\"Compuviper\" \/>\n<meta property=\"article:publisher\" content=\"https:\/\/www.facebook.com\/compuviper\" \/>\n<meta property=\"article:modified_time\" content=\"2026-04-23T05:34:29+00:00\" \/>\n<meta property=\"og:image\" content=\"https:\/\/compuviper.mx\/tienda\/wp-content\/uploads\/2023\/12\/Microfono-de-expansion-poly-2200-69631-001-con-3-microfonos-audio-hd-cobertura-360-logintud-de-clable-de-7.6-mts-solo-para-modelo-polystudio-usb-x30-x50-x70.jpg\" \/>\n\t<meta property=\"og:image:width\" content=\"200\" \/>\n\t<meta property=\"og:image:height\" content=\"200\" \/>\n\t<meta property=\"og:image:type\" content=\"image\/jpeg\" \/>\n<meta name=\"twitter:card\" content=\"summary_large_image\" \/>\n<meta name=\"twitter:label1\" content=\"Precio\" \/>\n\t<meta name=\"twitter:data1\" content=\"&#36;4,101 &#36;3,899 con IVA\" \/>\n\t<meta name=\"twitter:label2\" content=\"Availability\" \/>\n\t<meta name=\"twitter:data2\" content=\"In stock\" \/>\n<script type=\"application\/ld+json\" class=\"yoast-schema-graph\">{\"@context\":\"https:\/\/schema.org\",\"@graph\":[{\"@type\":\"WebPage\",\"@id\":\"https:\/\/compuviper.mx\/tienda\/producto\/poly-875m6aa-microfono-de-expansion-hp-para-modelo-studio-usb-x50x52x70-y-x72-cuenta-con-3-microfonos-con-una-cobertura-de-hasta-3-metros-logintud-de-clable-de-7-6-mts-rj11\/\",\"url\":\"https:\/\/compuviper.mx\/tienda\/producto\/poly-875m6aa-microfono-de-expansion-hp-para-modelo-studio-usb-x50x52x70-y-x72-cuenta-con-3-microfonos-con-una-cobertura-de-hasta-3-metros-logintud-de-clable-de-7-6-mts-rj11\/\",\"name\":\"[ Poly ] &#129351; 875m6aa Microfono De Expansion Hp \/ Para Modelo Studio Usb, X50,x52,x70 Y X72, Cuenta Con 3 Microfonos Con Una Cobertura De Hasta 3 Metros, Logintud De Clable De 7.6 Mts Rj11\",\"isPartOf\":{\"@id\":\"https:\/\/compuviper.mx\/tienda\/#website\"},\"datePublished\":\"2026-04-23T05:34:28+00:00\",\"dateModified\":\"2026-04-23T05:34:29+00:00\",\"description\":\"Compra 875m6aa Microfono De Expansion Hp \/ Para Modelo Studio Usb, X50,x52,x70 Y X72, Cuenta Con 3 Microfonos Con Una Cobertura De Hasta 3 Metros, Logintud De Clable De 7.6 Mts Rj11 + Env\u00edo a domicilio + Pago seguro + Garant\u00eda\",\"breadcrumb\":{\"@id\":\"https:\/\/compuviper.mx\/tienda\/producto\/poly-875m6aa-microfono-de-expansion-hp-para-modelo-studio-usb-x50x52x70-y-x72-cuenta-con-3-microfonos-con-una-cobertura-de-hasta-3-metros-logintud-de-clable-de-7-6-mts-rj11\/#breadcrumb\"},\"inLanguage\":\"es-MX\",\"potentialAction\":[{\"@type\":\"ReadAction\",\"target\":[\"https:\/\/compuviper.mx\/tienda\/producto\/poly-875m6aa-microfono-de-expansion-hp-para-modelo-studio-usb-x50x52x70-y-x72-cuenta-con-3-microfonos-con-una-cobertura-de-hasta-3-metros-logintud-de-clable-de-7-6-mts-rj11\/\"]}]},{\"@type\":\"BreadcrumbList\",\"@id\":\"https:\/\/compuviper.mx\/tienda\/producto\/poly-875m6aa-microfono-de-expansion-hp-para-modelo-studio-usb-x50x52x70-y-x72-cuenta-con-3-microfonos-con-una-cobertura-de-hasta-3-metros-logintud-de-clable-de-7-6-mts-rj11\/#breadcrumb\",\"itemListElement\":[{\"@type\":\"ListItem\",\"position\":1,\"name\":\"Inicio\",\"item\":\"https:\/\/compuviper.mx\/tienda\/\"},{\"@type\":\"ListItem\",\"position\":2,\"name\":\"Productos\",\"item\":\"https:\/\/compuviper.mx\/tienda\/productos\/\"},{\"@type\":\"ListItem\",\"position\":3,\"name\":\"Accesorios\",\"item\":\"https:\/\/compuviper.mx\/tienda\/categoria-producto\/accesorios\/\"},{\"@type\":\"ListItem\",\"position\":4,\"name\":\"Telefonia\",\"item\":\"https:\/\/compuviper.mx\/tienda\/categoria-producto\/accesorios\/telefonia\/\"},{\"@type\":\"ListItem\",\"position\":5,\"name\":\"Poly 875m6aa Microfono De Expansion Hp \/ Para Modelo Studio Usb, X50,x52,x70 Y X72, Cuenta Con 3 Microfonos Con Una Cobertura De Hasta 3 Metros, Logintud De Clable De 7.6 Mts Rj11\"}]},{\"@type\":\"WebSite\",\"@id\":\"https:\/\/compuviper.mx\/tienda\/#website\",\"url\":\"https:\/\/compuviper.mx\/tienda\/\",\"name\":\"Compuviper\",\"description\":\"Proveedor de Computadoras, Laptops, Servidores, Monitores, Puntos de Venta, Teclados,   Impresoras, T\u00f3ner, C\u00e1maras de Seguridad y m\u00e1s en tu tienda en l\u00ednea\",\"publisher\":{\"@id\":\"https:\/\/compuviper.mx\/tienda\/#organization\"},\"potentialAction\":[{\"@type\":\"SearchAction\",\"target\":{\"@type\":\"EntryPoint\",\"urlTemplate\":\"https:\/\/compuviper.mx\/tienda\/?s={search_term_string}\"},\"query-input\":\"required name=search_term_string\"}],\"inLanguage\":\"es-MX\"},{\"@type\":\"Organization\",\"@id\":\"https:\/\/compuviper.mx\/tienda\/#organization\",\"name\":\"Compuviper\",\"url\":\"https:\/\/compuviper.mx\/tienda\/\",\"logo\":{\"@type\":\"ImageObject\",\"inLanguage\":\"es-MX\",\"@id\":\"https:\/\/compuviper.mx\/tienda\/#\/schema\/logo\/image\/\",\"url\":\"https:\/\/compuviper.mx\/tienda\/wp-content\/uploads\/2021\/08\/Logo-Compuviper-10.png\",\"contentUrl\":\"https:\/\/compuviper.mx\/tienda\/wp-content\/uploads\/2021\/08\/Logo-Compuviper-10.png\",\"width\":1000,\"height\":500,\"caption\":\"Compuviper\"},\"image\":{\"@id\":\"https:\/\/compuviper.mx\/tienda\/#\/schema\/logo\/image\/\"},\"sameAs\":[\"https:\/\/www.facebook.com\/compuviper\",\"https:\/\/www.youtube.com\/channel\/UCf73dERp9Y3cfOq7q8BhLjA?view_as=subscriber\"]}]}<\/script>\n<meta property=\"product:brand\" content=\"POLY\" \/>\n<meta property=\"product:price:amount\" content=\"3899\" \/>\n<meta property=\"product:price:currency\" content=\"MXN\" \/>\n<meta property=\"og:availability\" content=\"instock\" \/>\n<meta property=\"product:availability\" content=\"instock\" \/>\n<meta property=\"product:retailer_item_id\" content=\"875M6AA\" \/>\n<meta property=\"product:condition\" content=\"new\" \/>\n<!-- \/ Yoast SEO plugin. -->","yoast_head_json":{"title":"[ Poly ] &#129351; 875m6aa Microfono De Expansion Hp \/ Para Modelo Studio Usb, X50,x52,x70 Y X72, Cuenta Con 3 Microfonos Con Una Cobertura De Hasta 3 Metros, Logintud De Clable De 7.6 Mts Rj11","description":"Compra 875m6aa Microfono De Expansion Hp \/ Para Modelo Studio Usb, X50,x52,x70 Y X72, Cuenta Con 3 Microfonos Con Una Cobertura De Hasta 3 Metros, Logintud De Clable De 7.6 Mts Rj11 + Env\u00edo a domicilio + Pago seguro + Garant\u00eda","robots":{"index":"index","follow":"follow","max-snippet":"max-snippet:-1","max-image-preview":"max-image-preview:large","max-video-preview":"max-video-preview:-1"},"canonical":"https:\/\/compuviper.mx\/tienda\/producto\/poly-875m6aa-microfono-de-expansion-hp-para-modelo-studio-usb-x50x52x70-y-x72-cuenta-con-3-microfonos-con-una-cobertura-de-hasta-3-metros-logintud-de-clable-de-7-6-mts-rj11\/","og_locale":"es_MX","og_type":"article","og_title":"[ Poly ] &#129351; 875m6aa Microfono De Expansion Hp \/ Para Modelo Studio Usb, X50,x52,x70 Y X72, Cuenta Con 3 Microfonos Con Una Cobertura De Hasta 3 Metros, Logintud De Clable De 7.6 Mts Rj11","og_description":"Compra 875m6aa Microfono De Expansion Hp \/ Para Modelo Studio Usb, X50,x52,x70 Y X72, Cuenta Con 3 Microfonos Con Una Cobertura De Hasta 3 Metros, Logintud De Clable De 7.6 Mts Rj11 + Env\u00edo a domicilio + Pago seguro + Garant\u00eda","og_url":"https:\/\/compuviper.mx\/tienda\/producto\/poly-875m6aa-microfono-de-expansion-hp-para-modelo-studio-usb-x50x52x70-y-x72-cuenta-con-3-microfonos-con-una-cobertura-de-hasta-3-metros-logintud-de-clable-de-7-6-mts-rj11\/","og_site_name":"Compuviper","article_publisher":"https:\/\/www.facebook.com\/compuviper","article_modified_time":"2026-04-23T05:34:29+00:00","og_image":[{"width":200,"height":200,"url":"https:\/\/compuviper.mx\/tienda\/wp-content\/uploads\/2023\/12\/Microfono-de-expansion-poly-2200-69631-001-con-3-microfonos-audio-hd-cobertura-360-logintud-de-clable-de-7.6-mts-solo-para-modelo-polystudio-usb-x30-x50-x70.jpg","type":"image\/jpeg"}],"twitter_card":"summary_large_image","twitter_misc":{"Precio":"&#36;4,101 &#36;3,899 con IVA","Availability":"In stock"},"schema":{"@context":"https:\/\/schema.org","@graph":[{"@type":"WebPage","@id":"https:\/\/compuviper.mx\/tienda\/producto\/poly-875m6aa-microfono-de-expansion-hp-para-modelo-studio-usb-x50x52x70-y-x72-cuenta-con-3-microfonos-con-una-cobertura-de-hasta-3-metros-logintud-de-clable-de-7-6-mts-rj11\/","url":"https:\/\/compuviper.mx\/tienda\/producto\/poly-875m6aa-microfono-de-expansion-hp-para-modelo-studio-usb-x50x52x70-y-x72-cuenta-con-3-microfonos-con-una-cobertura-de-hasta-3-metros-logintud-de-clable-de-7-6-mts-rj11\/","name":"[ Poly ] &#129351; 875m6aa Microfono De Expansion Hp \/ Para Modelo Studio Usb, X50,x52,x70 Y X72, Cuenta Con 3 Microfonos Con Una Cobertura De Hasta 3 Metros, Logintud De Clable De 7.6 Mts Rj11","isPartOf":{"@id":"https:\/\/compuviper.mx\/tienda\/#website"},"datePublished":"2026-04-23T05:34:28+00:00","dateModified":"2026-04-23T05:34:29+00:00","description":"Compra 875m6aa Microfono De Expansion Hp \/ Para Modelo Studio Usb, X50,x52,x70 Y X72, Cuenta Con 3 Microfonos Con Una Cobertura De Hasta 3 Metros, Logintud De Clable De 7.6 Mts Rj11 + Env\u00edo a domicilio + Pago seguro + Garant\u00eda","breadcrumb":{"@id":"https:\/\/compuviper.mx\/tienda\/producto\/poly-875m6aa-microfono-de-expansion-hp-para-modelo-studio-usb-x50x52x70-y-x72-cuenta-con-3-microfonos-con-una-cobertura-de-hasta-3-metros-logintud-de-clable-de-7-6-mts-rj11\/#breadcrumb"},"inLanguage":"es-MX","potentialAction":[{"@type":"ReadAction","target":["https:\/\/compuviper.mx\/tienda\/producto\/poly-875m6aa-microfono-de-expansion-hp-para-modelo-studio-usb-x50x52x70-y-x72-cuenta-con-3-microfonos-con-una-cobertura-de-hasta-3-metros-logintud-de-clable-de-7-6-mts-rj11\/"]}]},{"@type":"BreadcrumbList","@id":"https:\/\/compuviper.mx\/tienda\/producto\/poly-875m6aa-microfono-de-expansion-hp-para-modelo-studio-usb-x50x52x70-y-x72-cuenta-con-3-microfonos-con-una-cobertura-de-hasta-3-metros-logintud-de-clable-de-7-6-mts-rj11\/#breadcrumb","itemListElement":[{"@type":"ListItem","position":1,"name":"Inicio","item":"https:\/\/compuviper.mx\/tienda\/"},{"@type":"ListItem","position":2,"name":"Productos","item":"https:\/\/compuviper.mx\/tienda\/productos\/"},{"@type":"ListItem","position":3,"name":"Accesorios","item":"https:\/\/compuviper.mx\/tienda\/categoria-producto\/accesorios\/"},{"@type":"ListItem","position":4,"name":"Telefonia","item":"https:\/\/compuviper.mx\/tienda\/categoria-producto\/accesorios\/telefonia\/"},{"@type":"ListItem","position":5,"name":"Poly 875m6aa Microfono De Expansion Hp \/ Para Modelo Studio Usb, X50,x52,x70 Y X72, Cuenta Con 3 Microfonos Con Una Cobertura De Hasta 3 Metros, Logintud De Clable De 7.6 Mts Rj11"}]},{"@type":"WebSite","@id":"https:\/\/compuviper.mx\/tienda\/#website","url":"https:\/\/compuviper.mx\/tienda\/","name":"Compuviper","description":"Proveedor de Computadoras, Laptops, Servidores, Monitores, Puntos de Venta, Teclados,   Impresoras, T\u00f3ner, C\u00e1maras de Seguridad y m\u00e1s en tu tienda en l\u00ednea","publisher":{"@id":"https:\/\/compuviper.mx\/tienda\/#organization"},"potentialAction":[{"@type":"SearchAction","target":{"@type":"EntryPoint","urlTemplate":"https:\/\/compuviper.mx\/tienda\/?s={search_term_string}"},"query-input":"required name=search_term_string"}],"inLanguage":"es-MX"},{"@type":"Organization","@id":"https:\/\/compuviper.mx\/tienda\/#organization","name":"Compuviper","url":"https:\/\/compuviper.mx\/tienda\/","logo":{"@type":"ImageObject","inLanguage":"es-MX","@id":"https:\/\/compuviper.mx\/tienda\/#\/schema\/logo\/image\/","url":"https:\/\/compuviper.mx\/tienda\/wp-content\/uploads\/2021\/08\/Logo-Compuviper-10.png","contentUrl":"https:\/\/compuviper.mx\/tienda\/wp-content\/uploads\/2021\/08\/Logo-Compuviper-10.png","width":1000,"height":500,"caption":"Compuviper"},"image":{"@id":"https:\/\/compuviper.mx\/tienda\/#\/schema\/logo\/image\/"},"sameAs":["https:\/\/www.facebook.com\/compuviper","https:\/\/www.youtube.com\/channel\/UCf73dERp9Y3cfOq7q8BhLjA?view_as=subscriber"]}]},"product_brand":"POLY","product_price_amount":"3899","product_price_currency":"MXN","og_availability":"instock","product_availability":"instock","product_retailer_item_id":"875M6AA","product_condition":"new"},"_links":{"self":[{"href":"https:\/\/compuviper.mx\/tienda\/wp-json\/wp\/v2\/product\/212823"}],"collection":[{"href":"https:\/\/compuviper.mx\/tienda\/wp-json\/wp\/v2\/product"}],"about":[{"href":"https:\/\/compuviper.mx\/tienda\/wp-json\/wp\/v2\/types\/product"}],"replies":[{"embeddable":true,"href":"https:\/\/compuviper.mx\/tienda\/wp-json\/wp\/v2\/comments?post=212823"}],"wp:featuredmedia":[{"embeddable":true,"href":"https:\/\/compuviper.mx\/tienda\/wp-json\/wp\/v2\/media\/212824"}],"wp:attachment":[{"href":"https:\/\/compuviper.mx\/tienda\/wp-json\/wp\/v2\/media?parent=212823"}],"wp:term":[{"taxonomy":"product_cat","embeddable":true,"href":"https:\/\/compuviper.mx\/tienda\/wp-json\/wp\/v2\/product_cat?post=212823"},{"taxonomy":"product_tag","embeddable":true,"href":"https:\/\/compuviper.mx\/tienda\/wp-json\/wp\/v2\/product_tag?post=212823"}],"curies":[{"name":"wp","href":"https:\/\/api.w.org\/{rel}","templated":true}]}}