{"id":212773,"date":"2026-04-06T23:34:32","date_gmt":"2026-04-07T05:34:32","guid":{"rendered":"https:\/\/compuviper.mx\/tienda\/producto\/startech-com-projceilmnt2-soporte-universal-de-techo-para-proyector-extensin-hasta-577-7mm-capacidad-15kg-patrn-montaje-de-325mm-mod\/"},"modified":"2026-04-06T23:34:33","modified_gmt":"2026-04-07T05:34:33","slug":"startech-com-projceilmnt2-soporte-universal-de-techo-para-proyector-extensin-hasta-577-7mm-capacidad-15kg-patrn-montaje-de-325mm-mod","status":"publish","type":"product","link":"https:\/\/compuviper.mx\/tienda\/producto\/startech-com-projceilmnt2-soporte-universal-de-techo-para-proyector-extensin-hasta-577-7mm-capacidad-15kg-patrn-montaje-de-325mm-mod\/","title":{"rendered":"Startech.com Projceilmnt2 Soporte Universal De Techo Para Proyector &#8211; Extensin Hasta 577.7mm &#8211; Capacidad 15kg &#8211; Patrn Montaje De 325mm &#8211;  Mod."},"content":{"rendered":"<table class=\"descripcion\">\n<tr>\n<td>Caractersticas fsicas<\/td>\n<\/tr>\n<tr>\n<td>Altura del producto: 35.3 cm<\/td>\n<\/tr>\n<tr>\n<td>Ancho del producto: 57.8 cm<\/td>\n<\/tr>\n<tr>\n<td>Longitud del producto: 35.2 cm<\/td>\n<\/tr>\n<tr>\n<td>Peso del producto: 2.2 kg<\/td>\n<\/tr>\n<tr>\n<td>Tipo de gabinete: acero<\/td>\n<\/tr>\n<tr>\n<td>Rendimiento<\/td>\n<\/tr>\n<tr>\n<td>Articulacin por bola con seguro: articulacin por bola con seguro: giro a 360\u00b0, inclinacin horizontal y vertical de \/- 25\u00b0<\/td>\n<\/tr>\n<tr>\n<td>Extensin mxima del brazo: 705 mm<\/td>\n<\/tr>\n<tr>\n<td>Inclinacin de brazo de montaje para pared: inclinacin de brazo de montaje para pared: \/- 5\u00b0<\/td>\n<\/tr>\n<tr>\n<td>Minimum arm extension: 127.7 mm<\/td>\n<\/tr>\n<tr>\n<td>Patrn universal de montaje: patrn universal de montaje: dimetro de 325mm<\/td>\n<\/tr>\n<tr>\n<td>Peso mximo : peso mximo: 15kg<\/td>\n<\/tr>\n<\/table>\n","protected":false},"excerpt":{"rendered":"<p>Este\u00a0kit de soporte para techo de proyector\u00a0le permite instalar fcilmente un proyector situado entre\u00a0127.7mm a 577.7mm\u00a0del techo. Ideal para salones\u00a0de clase, salas de juntas, espacios de hostelera y otros entornos de afluencia de personas.?. Compatible con una amplia gama de marcas de proyector, el soporte de techo para proyector incluye un patrn universal de montaje de\u00a0325mm\u00a0de dimetro.\u00a0?. Una vez instalado el\u00a0soporte de techo para\u00a0proyector, es posible ajustar a medida\u00a0el ngulo de colocacin, para ptima visualizacin.\u00a0la articulacin por bola con seguro del\u00a0soporte para proyector permite giros a\u00a0360 grados,\u00a0as como inclinacin horizontal o vertical entre\u00a025 o -25 grados.?. Gracias a la fabricacin en acero y aluminio de la placa, el\u00a0soporte para techo tiene\u00a0capacidad de peso de 15kg. Incluye todo el hardware\u00a0requerido\u00a0para la instalacin.<\/p>\n","protected":false},"featured_media":212774,"comment_status":"open","ping_status":"open","template":"","meta":[],"product_cat":[2267,2265],"product_tag":[1590],"acf":[],"yoast_head":"<!-- This site is optimized with the Yoast SEO plugin v21.7 - https:\/\/yoast.com\/wordpress\/plugins\/seo\/ -->\n<title>[ Startech.com ] &#129351; Projceilmnt2 Soporte Universal De Techo Para Proyector - Extensin Hasta 577.7mm - Capacidad 15kg - Patrn Montaje De 325mm - Mod.<\/title>\n<meta name=\"description\" content=\"Compra Projceilmnt2 Soporte Universal De Techo Para Proyector - Extensin Hasta 577.7mm - Capacidad 15kg - Patrn Montaje De 325mm - Mod. + Env\u00edo a domicilio + Pago seguro + Garant\u00eda\" \/>\n<meta name=\"robots\" content=\"index, follow, max-snippet:-1, max-image-preview:large, max-video-preview:-1\" \/>\n<link rel=\"canonical\" href=\"https:\/\/compuviper.mx\/tienda\/producto\/startech-com-projceilmnt2-soporte-universal-de-techo-para-proyector-extensin-hasta-577-7mm-capacidad-15kg-patrn-montaje-de-325mm-mod\/\" \/>\n<meta property=\"og:locale\" content=\"es_MX\" \/>\n<meta property=\"og:type\" content=\"article\" \/>\n<meta property=\"og:title\" content=\"[ Startech.com ] &#129351; Projceilmnt2 Soporte Universal De Techo Para Proyector - Extensin Hasta 577.7mm - Capacidad 15kg - Patrn Montaje De 325mm - Mod.\" \/>\n<meta property=\"og:description\" content=\"Compra Projceilmnt2 Soporte Universal De Techo Para Proyector - Extensin Hasta 577.7mm - Capacidad 15kg - Patrn Montaje De 325mm - Mod. + Env\u00edo a domicilio + Pago seguro + Garant\u00eda\" \/>\n<meta property=\"og:url\" content=\"https:\/\/compuviper.mx\/tienda\/producto\/startech-com-projceilmnt2-soporte-universal-de-techo-para-proyector-extensin-hasta-577-7mm-capacidad-15kg-patrn-montaje-de-325mm-mod\/\" \/>\n<meta property=\"og:site_name\" content=\"Compuviper\" \/>\n<meta property=\"article:publisher\" content=\"https:\/\/www.facebook.com\/compuviper\" \/>\n<meta property=\"article:modified_time\" content=\"2026-04-07T05:34:33+00:00\" \/>\n<meta property=\"og:image\" content=\"https:\/\/compuviper.mx\/tienda\/wp-content\/uploads\/2023\/12\/Soporte-universal-de-techo-para-proyector-extension-hasta-577.7mm-capacidad-15kg-patron-montaje-de-325mm-startech.com-mod.-projceilmnt2.jpg\" \/>\n\t<meta property=\"og:image:width\" content=\"200\" \/>\n\t<meta property=\"og:image:height\" content=\"200\" \/>\n\t<meta property=\"og:image:type\" content=\"image\/jpeg\" \/>\n<meta name=\"twitter:card\" content=\"summary_large_image\" \/>\n<meta name=\"twitter:label1\" content=\"Precio\" \/>\n\t<meta name=\"twitter:data1\" content=\"&#36;2,445 con IVA\" \/>\n\t<meta name=\"twitter:label2\" content=\"Availability\" \/>\n\t<meta name=\"twitter:data2\" content=\"In stock\" \/>\n<script type=\"application\/ld+json\" class=\"yoast-schema-graph\">{\"@context\":\"https:\/\/schema.org\",\"@graph\":[{\"@type\":\"WebPage\",\"@id\":\"https:\/\/compuviper.mx\/tienda\/producto\/startech-com-projceilmnt2-soporte-universal-de-techo-para-proyector-extensin-hasta-577-7mm-capacidad-15kg-patrn-montaje-de-325mm-mod\/\",\"url\":\"https:\/\/compuviper.mx\/tienda\/producto\/startech-com-projceilmnt2-soporte-universal-de-techo-para-proyector-extensin-hasta-577-7mm-capacidad-15kg-patrn-montaje-de-325mm-mod\/\",\"name\":\"[ Startech.com ] &#129351; Projceilmnt2 Soporte Universal De Techo Para Proyector - Extensin Hasta 577.7mm - Capacidad 15kg - Patrn Montaje De 325mm - Mod.\",\"isPartOf\":{\"@id\":\"https:\/\/compuviper.mx\/tienda\/#website\"},\"datePublished\":\"2026-04-07T05:34:32+00:00\",\"dateModified\":\"2026-04-07T05:34:33+00:00\",\"description\":\"Compra Projceilmnt2 Soporte Universal De Techo Para Proyector - Extensin Hasta 577.7mm - Capacidad 15kg - Patrn Montaje De 325mm - Mod. + Env\u00edo a domicilio + Pago seguro + Garant\u00eda\",\"breadcrumb\":{\"@id\":\"https:\/\/compuviper.mx\/tienda\/producto\/startech-com-projceilmnt2-soporte-universal-de-techo-para-proyector-extensin-hasta-577-7mm-capacidad-15kg-patrn-montaje-de-325mm-mod\/#breadcrumb\"},\"inLanguage\":\"es-MX\",\"potentialAction\":[{\"@type\":\"ReadAction\",\"target\":[\"https:\/\/compuviper.mx\/tienda\/producto\/startech-com-projceilmnt2-soporte-universal-de-techo-para-proyector-extensin-hasta-577-7mm-capacidad-15kg-patrn-montaje-de-325mm-mod\/\"]}]},{\"@type\":\"BreadcrumbList\",\"@id\":\"https:\/\/compuviper.mx\/tienda\/producto\/startech-com-projceilmnt2-soporte-universal-de-techo-para-proyector-extensin-hasta-577-7mm-capacidad-15kg-patrn-montaje-de-325mm-mod\/#breadcrumb\",\"itemListElement\":[{\"@type\":\"ListItem\",\"position\":1,\"name\":\"Inicio\",\"item\":\"https:\/\/compuviper.mx\/tienda\/\"},{\"@type\":\"ListItem\",\"position\":2,\"name\":\"Productos\",\"item\":\"https:\/\/compuviper.mx\/tienda\/productos\/\"},{\"@type\":\"ListItem\",\"position\":3,\"name\":\"Soportes Y Bases P\/tv\/ Proyectores\/dvd\/consolas\/bocinas\/pantallas\/monotores\",\"item\":\"https:\/\/compuviper.mx\/tienda\/categoria-producto\/soportes-y-bases-p-tv-proyectores-dvd-consolas-bocinas-pantallas-monotores\/\"},{\"@type\":\"ListItem\",\"position\":4,\"name\":\"Soporte Y Base Para Proyector\",\"item\":\"https:\/\/compuviper.mx\/tienda\/categoria-producto\/soportes-y-bases-p-tv-proyectores-dvd-consolas-bocinas-pantallas-monotores\/soporte-y-base-para-proyector-soportes-y-bases-p-tv-proyectores-dvd-consolas-bocinas-pantallas-monotores\/\"},{\"@type\":\"ListItem\",\"position\":5,\"name\":\"Startech.com Projceilmnt2 Soporte Universal De Techo Para Proyector &#8211; Extensin Hasta 577.7mm &#8211; Capacidad 15kg &#8211; Patrn Montaje De 325mm &#8211; Mod.\"}]},{\"@type\":\"WebSite\",\"@id\":\"https:\/\/compuviper.mx\/tienda\/#website\",\"url\":\"https:\/\/compuviper.mx\/tienda\/\",\"name\":\"Compuviper\",\"description\":\"Proveedor de Computadoras, Laptops, Servidores, Monitores, Puntos de Venta, Teclados,   Impresoras, T\u00f3ner, C\u00e1maras de Seguridad y m\u00e1s en tu tienda en l\u00ednea\",\"publisher\":{\"@id\":\"https:\/\/compuviper.mx\/tienda\/#organization\"},\"potentialAction\":[{\"@type\":\"SearchAction\",\"target\":{\"@type\":\"EntryPoint\",\"urlTemplate\":\"https:\/\/compuviper.mx\/tienda\/?s={search_term_string}\"},\"query-input\":\"required name=search_term_string\"}],\"inLanguage\":\"es-MX\"},{\"@type\":\"Organization\",\"@id\":\"https:\/\/compuviper.mx\/tienda\/#organization\",\"name\":\"Compuviper\",\"url\":\"https:\/\/compuviper.mx\/tienda\/\",\"logo\":{\"@type\":\"ImageObject\",\"inLanguage\":\"es-MX\",\"@id\":\"https:\/\/compuviper.mx\/tienda\/#\/schema\/logo\/image\/\",\"url\":\"https:\/\/compuviper.mx\/tienda\/wp-content\/uploads\/2021\/08\/Logo-Compuviper-10.png\",\"contentUrl\":\"https:\/\/compuviper.mx\/tienda\/wp-content\/uploads\/2021\/08\/Logo-Compuviper-10.png\",\"width\":1000,\"height\":500,\"caption\":\"Compuviper\"},\"image\":{\"@id\":\"https:\/\/compuviper.mx\/tienda\/#\/schema\/logo\/image\/\"},\"sameAs\":[\"https:\/\/www.facebook.com\/compuviper\",\"https:\/\/www.youtube.com\/channel\/UCf73dERp9Y3cfOq7q8BhLjA?view_as=subscriber\"]}]}<\/script>\n<meta property=\"product:brand\" content=\"STARTECH.COM\" \/>\n<meta property=\"product:price:amount\" content=\"2445\" \/>\n<meta property=\"product:price:currency\" content=\"MXN\" \/>\n<meta property=\"og:availability\" content=\"instock\" \/>\n<meta property=\"product:availability\" content=\"instock\" \/>\n<meta property=\"product:retailer_item_id\" content=\"PROJCEILMNT2\" \/>\n<meta property=\"product:condition\" content=\"new\" \/>\n<!-- \/ Yoast SEO plugin. -->","yoast_head_json":{"title":"[ Startech.com ] &#129351; Projceilmnt2 Soporte Universal De Techo Para Proyector - Extensin Hasta 577.7mm - Capacidad 15kg - Patrn Montaje De 325mm - Mod.","description":"Compra Projceilmnt2 Soporte Universal De Techo Para Proyector - Extensin Hasta 577.7mm - Capacidad 15kg - Patrn Montaje De 325mm - Mod. + Env\u00edo a domicilio + Pago seguro + Garant\u00eda","robots":{"index":"index","follow":"follow","max-snippet":"max-snippet:-1","max-image-preview":"max-image-preview:large","max-video-preview":"max-video-preview:-1"},"canonical":"https:\/\/compuviper.mx\/tienda\/producto\/startech-com-projceilmnt2-soporte-universal-de-techo-para-proyector-extensin-hasta-577-7mm-capacidad-15kg-patrn-montaje-de-325mm-mod\/","og_locale":"es_MX","og_type":"article","og_title":"[ Startech.com ] &#129351; Projceilmnt2 Soporte Universal De Techo Para Proyector - Extensin Hasta 577.7mm - Capacidad 15kg - Patrn Montaje De 325mm - Mod.","og_description":"Compra Projceilmnt2 Soporte Universal De Techo Para Proyector - Extensin Hasta 577.7mm - Capacidad 15kg - Patrn Montaje De 325mm - Mod. + Env\u00edo a domicilio + Pago seguro + Garant\u00eda","og_url":"https:\/\/compuviper.mx\/tienda\/producto\/startech-com-projceilmnt2-soporte-universal-de-techo-para-proyector-extensin-hasta-577-7mm-capacidad-15kg-patrn-montaje-de-325mm-mod\/","og_site_name":"Compuviper","article_publisher":"https:\/\/www.facebook.com\/compuviper","article_modified_time":"2026-04-07T05:34:33+00:00","og_image":[{"width":200,"height":200,"url":"https:\/\/compuviper.mx\/tienda\/wp-content\/uploads\/2023\/12\/Soporte-universal-de-techo-para-proyector-extension-hasta-577.7mm-capacidad-15kg-patron-montaje-de-325mm-startech.com-mod.-projceilmnt2.jpg","type":"image\/jpeg"}],"twitter_card":"summary_large_image","twitter_misc":{"Precio":"&#36;2,445 con IVA","Availability":"In stock"},"schema":{"@context":"https:\/\/schema.org","@graph":[{"@type":"WebPage","@id":"https:\/\/compuviper.mx\/tienda\/producto\/startech-com-projceilmnt2-soporte-universal-de-techo-para-proyector-extensin-hasta-577-7mm-capacidad-15kg-patrn-montaje-de-325mm-mod\/","url":"https:\/\/compuviper.mx\/tienda\/producto\/startech-com-projceilmnt2-soporte-universal-de-techo-para-proyector-extensin-hasta-577-7mm-capacidad-15kg-patrn-montaje-de-325mm-mod\/","name":"[ Startech.com ] &#129351; Projceilmnt2 Soporte Universal De Techo Para Proyector - Extensin Hasta 577.7mm - Capacidad 15kg - Patrn Montaje De 325mm - Mod.","isPartOf":{"@id":"https:\/\/compuviper.mx\/tienda\/#website"},"datePublished":"2026-04-07T05:34:32+00:00","dateModified":"2026-04-07T05:34:33+00:00","description":"Compra Projceilmnt2 Soporte Universal De Techo Para Proyector - Extensin Hasta 577.7mm - Capacidad 15kg - Patrn Montaje De 325mm - Mod. + Env\u00edo a domicilio + Pago seguro + Garant\u00eda","breadcrumb":{"@id":"https:\/\/compuviper.mx\/tienda\/producto\/startech-com-projceilmnt2-soporte-universal-de-techo-para-proyector-extensin-hasta-577-7mm-capacidad-15kg-patrn-montaje-de-325mm-mod\/#breadcrumb"},"inLanguage":"es-MX","potentialAction":[{"@type":"ReadAction","target":["https:\/\/compuviper.mx\/tienda\/producto\/startech-com-projceilmnt2-soporte-universal-de-techo-para-proyector-extensin-hasta-577-7mm-capacidad-15kg-patrn-montaje-de-325mm-mod\/"]}]},{"@type":"BreadcrumbList","@id":"https:\/\/compuviper.mx\/tienda\/producto\/startech-com-projceilmnt2-soporte-universal-de-techo-para-proyector-extensin-hasta-577-7mm-capacidad-15kg-patrn-montaje-de-325mm-mod\/#breadcrumb","itemListElement":[{"@type":"ListItem","position":1,"name":"Inicio","item":"https:\/\/compuviper.mx\/tienda\/"},{"@type":"ListItem","position":2,"name":"Productos","item":"https:\/\/compuviper.mx\/tienda\/productos\/"},{"@type":"ListItem","position":3,"name":"Soportes Y Bases P\/tv\/ Proyectores\/dvd\/consolas\/bocinas\/pantallas\/monotores","item":"https:\/\/compuviper.mx\/tienda\/categoria-producto\/soportes-y-bases-p-tv-proyectores-dvd-consolas-bocinas-pantallas-monotores\/"},{"@type":"ListItem","position":4,"name":"Soporte Y Base Para Proyector","item":"https:\/\/compuviper.mx\/tienda\/categoria-producto\/soportes-y-bases-p-tv-proyectores-dvd-consolas-bocinas-pantallas-monotores\/soporte-y-base-para-proyector-soportes-y-bases-p-tv-proyectores-dvd-consolas-bocinas-pantallas-monotores\/"},{"@type":"ListItem","position":5,"name":"Startech.com Projceilmnt2 Soporte Universal De Techo Para Proyector &#8211; Extensin Hasta 577.7mm &#8211; Capacidad 15kg &#8211; Patrn Montaje De 325mm &#8211; Mod."}]},{"@type":"WebSite","@id":"https:\/\/compuviper.mx\/tienda\/#website","url":"https:\/\/compuviper.mx\/tienda\/","name":"Compuviper","description":"Proveedor de Computadoras, Laptops, Servidores, Monitores, Puntos de Venta, Teclados,   Impresoras, T\u00f3ner, C\u00e1maras de Seguridad y m\u00e1s en tu tienda en l\u00ednea","publisher":{"@id":"https:\/\/compuviper.mx\/tienda\/#organization"},"potentialAction":[{"@type":"SearchAction","target":{"@type":"EntryPoint","urlTemplate":"https:\/\/compuviper.mx\/tienda\/?s={search_term_string}"},"query-input":"required name=search_term_string"}],"inLanguage":"es-MX"},{"@type":"Organization","@id":"https:\/\/compuviper.mx\/tienda\/#organization","name":"Compuviper","url":"https:\/\/compuviper.mx\/tienda\/","logo":{"@type":"ImageObject","inLanguage":"es-MX","@id":"https:\/\/compuviper.mx\/tienda\/#\/schema\/logo\/image\/","url":"https:\/\/compuviper.mx\/tienda\/wp-content\/uploads\/2021\/08\/Logo-Compuviper-10.png","contentUrl":"https:\/\/compuviper.mx\/tienda\/wp-content\/uploads\/2021\/08\/Logo-Compuviper-10.png","width":1000,"height":500,"caption":"Compuviper"},"image":{"@id":"https:\/\/compuviper.mx\/tienda\/#\/schema\/logo\/image\/"},"sameAs":["https:\/\/www.facebook.com\/compuviper","https:\/\/www.youtube.com\/channel\/UCf73dERp9Y3cfOq7q8BhLjA?view_as=subscriber"]}]},"product_brand":"STARTECH.COM","product_price_amount":"2445","product_price_currency":"MXN","og_availability":"instock","product_availability":"instock","product_retailer_item_id":"PROJCEILMNT2","product_condition":"new"},"_links":{"self":[{"href":"https:\/\/compuviper.mx\/tienda\/wp-json\/wp\/v2\/product\/212773"}],"collection":[{"href":"https:\/\/compuviper.mx\/tienda\/wp-json\/wp\/v2\/product"}],"about":[{"href":"https:\/\/compuviper.mx\/tienda\/wp-json\/wp\/v2\/types\/product"}],"replies":[{"embeddable":true,"href":"https:\/\/compuviper.mx\/tienda\/wp-json\/wp\/v2\/comments?post=212773"}],"wp:featuredmedia":[{"embeddable":true,"href":"https:\/\/compuviper.mx\/tienda\/wp-json\/wp\/v2\/media\/212774"}],"wp:attachment":[{"href":"https:\/\/compuviper.mx\/tienda\/wp-json\/wp\/v2\/media?parent=212773"}],"wp:term":[{"taxonomy":"product_cat","embeddable":true,"href":"https:\/\/compuviper.mx\/tienda\/wp-json\/wp\/v2\/product_cat?post=212773"},{"taxonomy":"product_tag","embeddable":true,"href":"https:\/\/compuviper.mx\/tienda\/wp-json\/wp\/v2\/product_tag?post=212773"}],"curies":[{"name":"wp","href":"https:\/\/api.w.org\/{rel}","templated":true}]}}