{"id":212765,"date":"2026-04-01T23:34:21","date_gmt":"2026-04-02T05:34:21","guid":{"rendered":"https:\/\/compuviper.mx\/tienda\/producto\/ghia-stv-26-soporte-con-tripode-para-pantalla-de-32-a-70-hasta-35kg-altura-ajustable-giro-180\/"},"modified":"2026-04-01T23:34:22","modified_gmt":"2026-04-02T05:34:22","slug":"ghia-stv-26-soporte-con-tripode-para-pantalla-de-32-a-70-hasta-35kg-altura-ajustable-giro-180","status":"publish","type":"product","link":"https:\/\/compuviper.mx\/tienda\/producto\/ghia-stv-26-soporte-con-tripode-para-pantalla-de-32-a-70-hasta-35kg-altura-ajustable-giro-180\/","title":{"rendered":"Ghia Stv-26 Soporte  Con Tripode Para Pantalla De 32 A 70 \/ Hasta 35kg \/ Altura Ajustable, Giro 180"},"content":{"rendered":"<table class=\"descripcion\">\n<tr>\n<td>Soporte portatil universal con tripie para montaje de pantallas.<\/td>\n<\/tr>\n<tr>\n<td>Compatible con la mayoria de pantallas de 32 hasta 70 pulgadas<\/td>\n<\/tr>\n<tr>\n<td>Fabricado en acero de alta calidad<\/td>\n<\/tr>\n<tr>\n<td>Soporta pantallas planas de hasta 35kg<\/td>\n<\/tr>\n<tr>\n<td>Ajuste de pantalla de 180\u00b0 hacia la derecha o izquierda<\/td>\n<\/tr>\n<tr>\n<td>Altura ajustable<\/td>\n<\/tr>\n<tr>\n<td>Compatibilidad vesa 200&#215;200. 400&#215;200. 300&#215;300. 400&#215;400. 600&#215;400<\/td>\n<\/tr>\n<\/table>\n","protected":false},"excerpt":{"rendered":"<p>Conoce el nuevo soporte ghia con tripie, el cual proporciona una gran estabilidad para el montaje de tu televisi\u00f3n. Facil de transportar. Ideal para auditorios, eventos, salas de juntas, aulas escolares.<\/p>\n","protected":false},"featured_media":212766,"comment_status":"open","ping_status":"open","template":"","meta":[],"product_cat":[2321,2265],"product_tag":[1548],"acf":[],"yoast_head":"<!-- This site is optimized with the Yoast SEO plugin v21.7 - https:\/\/yoast.com\/wordpress\/plugins\/seo\/ -->\n<title>[ Ghia ] &#129351; Stv-26 Soporte Con Tripode Para Pantalla De 32 A 70 \/ Hasta 35kg \/ Altura Ajustable, Giro 180<\/title>\n<meta name=\"description\" content=\"Compra Stv-26 Soporte Con Tripode Para Pantalla De 32 A 70 \/ Hasta 35kg \/ Altura Ajustable, Giro 180 + Env\u00edo a domicilio + Pago seguro + Garant\u00eda\" \/>\n<meta name=\"robots\" content=\"index, follow, max-snippet:-1, max-image-preview:large, max-video-preview:-1\" \/>\n<link rel=\"canonical\" href=\"https:\/\/compuviper.mx\/tienda\/producto\/ghia-stv-26-soporte-con-tripode-para-pantalla-de-32-a-70-hasta-35kg-altura-ajustable-giro-180\/\" \/>\n<meta property=\"og:locale\" content=\"es_MX\" \/>\n<meta property=\"og:type\" content=\"article\" \/>\n<meta property=\"og:title\" content=\"[ Ghia ] &#129351; Stv-26 Soporte Con Tripode Para Pantalla De 32 A 70 \/ Hasta 35kg \/ Altura Ajustable, Giro 180\" \/>\n<meta property=\"og:description\" content=\"Compra Stv-26 Soporte Con Tripode Para Pantalla De 32 A 70 \/ Hasta 35kg \/ Altura Ajustable, Giro 180 + Env\u00edo a domicilio + Pago seguro + Garant\u00eda\" \/>\n<meta property=\"og:url\" content=\"https:\/\/compuviper.mx\/tienda\/producto\/ghia-stv-26-soporte-con-tripode-para-pantalla-de-32-a-70-hasta-35kg-altura-ajustable-giro-180\/\" \/>\n<meta property=\"og:site_name\" content=\"Compuviper\" \/>\n<meta property=\"article:publisher\" content=\"https:\/\/www.facebook.com\/compuviper\" \/>\n<meta property=\"article:modified_time\" content=\"2026-04-02T05:34:22+00:00\" \/>\n<meta property=\"og:image\" content=\"https:\/\/compuviper.mx\/tienda\/wp-content\/uploads\/2023\/12\/Soporte-ghia-con-tripode-para-pantalla-de-32-a-70-hasta-35kg-altura-ajustable-giro-180.jpg\" \/>\n\t<meta property=\"og:image:width\" content=\"200\" \/>\n\t<meta property=\"og:image:height\" content=\"200\" \/>\n\t<meta property=\"og:image:type\" content=\"image\/jpeg\" \/>\n<meta name=\"twitter:card\" content=\"summary_large_image\" \/>\n<meta name=\"twitter:label1\" content=\"Precio\" \/>\n\t<meta name=\"twitter:data1\" content=\"&#36;850 con IVA\" \/>\n\t<meta name=\"twitter:label2\" content=\"Availability\" \/>\n\t<meta name=\"twitter:data2\" content=\"Out of stock\" \/>\n<script type=\"application\/ld+json\" class=\"yoast-schema-graph\">{\"@context\":\"https:\/\/schema.org\",\"@graph\":[{\"@type\":\"WebPage\",\"@id\":\"https:\/\/compuviper.mx\/tienda\/producto\/ghia-stv-26-soporte-con-tripode-para-pantalla-de-32-a-70-hasta-35kg-altura-ajustable-giro-180\/\",\"url\":\"https:\/\/compuviper.mx\/tienda\/producto\/ghia-stv-26-soporte-con-tripode-para-pantalla-de-32-a-70-hasta-35kg-altura-ajustable-giro-180\/\",\"name\":\"[ Ghia ] &#129351; Stv-26 Soporte Con Tripode Para Pantalla De 32 A 70 \/ Hasta 35kg \/ Altura Ajustable, Giro 180\",\"isPartOf\":{\"@id\":\"https:\/\/compuviper.mx\/tienda\/#website\"},\"datePublished\":\"2026-04-02T05:34:21+00:00\",\"dateModified\":\"2026-04-02T05:34:22+00:00\",\"description\":\"Compra Stv-26 Soporte Con Tripode Para Pantalla De 32 A 70 \/ Hasta 35kg \/ Altura Ajustable, Giro 180 + Env\u00edo a domicilio + Pago seguro + Garant\u00eda\",\"breadcrumb\":{\"@id\":\"https:\/\/compuviper.mx\/tienda\/producto\/ghia-stv-26-soporte-con-tripode-para-pantalla-de-32-a-70-hasta-35kg-altura-ajustable-giro-180\/#breadcrumb\"},\"inLanguage\":\"es-MX\",\"potentialAction\":[{\"@type\":\"ReadAction\",\"target\":[\"https:\/\/compuviper.mx\/tienda\/producto\/ghia-stv-26-soporte-con-tripode-para-pantalla-de-32-a-70-hasta-35kg-altura-ajustable-giro-180\/\"]}]},{\"@type\":\"BreadcrumbList\",\"@id\":\"https:\/\/compuviper.mx\/tienda\/producto\/ghia-stv-26-soporte-con-tripode-para-pantalla-de-32-a-70-hasta-35kg-altura-ajustable-giro-180\/#breadcrumb\",\"itemListElement\":[{\"@type\":\"ListItem\",\"position\":1,\"name\":\"Inicio\",\"item\":\"https:\/\/compuviper.mx\/tienda\/\"},{\"@type\":\"ListItem\",\"position\":2,\"name\":\"Productos\",\"item\":\"https:\/\/compuviper.mx\/tienda\/productos\/\"},{\"@type\":\"ListItem\",\"position\":3,\"name\":\"Soportes Y Bases P\/tv\/ Proyectores\/dvd\/consolas\/bocinas\/pantallas\/monotores\",\"item\":\"https:\/\/compuviper.mx\/tienda\/categoria-producto\/soportes-y-bases-p-tv-proyectores-dvd-consolas-bocinas-pantallas-monotores\/\"},{\"@type\":\"ListItem\",\"position\":4,\"name\":\"Soporte Y Base Para Tv\/pantallas\/monitores\/kiosko\",\"item\":\"https:\/\/compuviper.mx\/tienda\/categoria-producto\/soportes-y-bases-p-tv-proyectores-dvd-consolas-bocinas-pantallas-monotores\/soporte-y-base-para-tv-pantallas-monitores-kiosko\/\"},{\"@type\":\"ListItem\",\"position\":5,\"name\":\"Ghia Stv-26 Soporte Con Tripode Para Pantalla De 32 A 70 \/ Hasta 35kg \/ Altura Ajustable, Giro 180\"}]},{\"@type\":\"WebSite\",\"@id\":\"https:\/\/compuviper.mx\/tienda\/#website\",\"url\":\"https:\/\/compuviper.mx\/tienda\/\",\"name\":\"Compuviper\",\"description\":\"Proveedor de Computadoras, Laptops, Servidores, Monitores, Puntos de Venta, Teclados,   Impresoras, T\u00f3ner, C\u00e1maras de Seguridad y m\u00e1s en tu tienda en l\u00ednea\",\"publisher\":{\"@id\":\"https:\/\/compuviper.mx\/tienda\/#organization\"},\"potentialAction\":[{\"@type\":\"SearchAction\",\"target\":{\"@type\":\"EntryPoint\",\"urlTemplate\":\"https:\/\/compuviper.mx\/tienda\/?s={search_term_string}\"},\"query-input\":\"required name=search_term_string\"}],\"inLanguage\":\"es-MX\"},{\"@type\":\"Organization\",\"@id\":\"https:\/\/compuviper.mx\/tienda\/#organization\",\"name\":\"Compuviper\",\"url\":\"https:\/\/compuviper.mx\/tienda\/\",\"logo\":{\"@type\":\"ImageObject\",\"inLanguage\":\"es-MX\",\"@id\":\"https:\/\/compuviper.mx\/tienda\/#\/schema\/logo\/image\/\",\"url\":\"https:\/\/compuviper.mx\/tienda\/wp-content\/uploads\/2021\/08\/Logo-Compuviper-10.png\",\"contentUrl\":\"https:\/\/compuviper.mx\/tienda\/wp-content\/uploads\/2021\/08\/Logo-Compuviper-10.png\",\"width\":1000,\"height\":500,\"caption\":\"Compuviper\"},\"image\":{\"@id\":\"https:\/\/compuviper.mx\/tienda\/#\/schema\/logo\/image\/\"},\"sameAs\":[\"https:\/\/www.facebook.com\/compuviper\",\"https:\/\/www.youtube.com\/channel\/UCf73dERp9Y3cfOq7q8BhLjA?view_as=subscriber\"]}]}<\/script>\n<meta property=\"product:brand\" content=\"GHIA\" \/>\n<meta property=\"product:price:amount\" content=\"850\" \/>\n<meta property=\"product:price:currency\" content=\"MXN\" \/>\n<meta property=\"og:availability\" content=\"out of stock\" \/>\n<meta property=\"product:availability\" content=\"out of stock\" \/>\n<meta property=\"product:retailer_item_id\" content=\"STV-26\" \/>\n<meta property=\"product:condition\" content=\"new\" \/>\n<!-- \/ Yoast SEO plugin. -->","yoast_head_json":{"title":"[ Ghia ] &#129351; Stv-26 Soporte Con Tripode Para Pantalla De 32 A 70 \/ Hasta 35kg \/ Altura Ajustable, Giro 180","description":"Compra Stv-26 Soporte Con Tripode Para Pantalla De 32 A 70 \/ Hasta 35kg \/ Altura Ajustable, Giro 180 + Env\u00edo a domicilio + Pago seguro + Garant\u00eda","robots":{"index":"index","follow":"follow","max-snippet":"max-snippet:-1","max-image-preview":"max-image-preview:large","max-video-preview":"max-video-preview:-1"},"canonical":"https:\/\/compuviper.mx\/tienda\/producto\/ghia-stv-26-soporte-con-tripode-para-pantalla-de-32-a-70-hasta-35kg-altura-ajustable-giro-180\/","og_locale":"es_MX","og_type":"article","og_title":"[ Ghia ] &#129351; Stv-26 Soporte Con Tripode Para Pantalla De 32 A 70 \/ Hasta 35kg \/ Altura Ajustable, Giro 180","og_description":"Compra Stv-26 Soporte Con Tripode Para Pantalla De 32 A 70 \/ Hasta 35kg \/ Altura Ajustable, Giro 180 + Env\u00edo a domicilio + Pago seguro + Garant\u00eda","og_url":"https:\/\/compuviper.mx\/tienda\/producto\/ghia-stv-26-soporte-con-tripode-para-pantalla-de-32-a-70-hasta-35kg-altura-ajustable-giro-180\/","og_site_name":"Compuviper","article_publisher":"https:\/\/www.facebook.com\/compuviper","article_modified_time":"2026-04-02T05:34:22+00:00","og_image":[{"width":200,"height":200,"url":"https:\/\/compuviper.mx\/tienda\/wp-content\/uploads\/2023\/12\/Soporte-ghia-con-tripode-para-pantalla-de-32-a-70-hasta-35kg-altura-ajustable-giro-180.jpg","type":"image\/jpeg"}],"twitter_card":"summary_large_image","twitter_misc":{"Precio":"&#36;850 con IVA","Availability":"Out of stock"},"schema":{"@context":"https:\/\/schema.org","@graph":[{"@type":"WebPage","@id":"https:\/\/compuviper.mx\/tienda\/producto\/ghia-stv-26-soporte-con-tripode-para-pantalla-de-32-a-70-hasta-35kg-altura-ajustable-giro-180\/","url":"https:\/\/compuviper.mx\/tienda\/producto\/ghia-stv-26-soporte-con-tripode-para-pantalla-de-32-a-70-hasta-35kg-altura-ajustable-giro-180\/","name":"[ Ghia ] &#129351; Stv-26 Soporte Con Tripode Para Pantalla De 32 A 70 \/ Hasta 35kg \/ Altura Ajustable, Giro 180","isPartOf":{"@id":"https:\/\/compuviper.mx\/tienda\/#website"},"datePublished":"2026-04-02T05:34:21+00:00","dateModified":"2026-04-02T05:34:22+00:00","description":"Compra Stv-26 Soporte Con Tripode Para Pantalla De 32 A 70 \/ Hasta 35kg \/ Altura Ajustable, Giro 180 + Env\u00edo a domicilio + Pago seguro + Garant\u00eda","breadcrumb":{"@id":"https:\/\/compuviper.mx\/tienda\/producto\/ghia-stv-26-soporte-con-tripode-para-pantalla-de-32-a-70-hasta-35kg-altura-ajustable-giro-180\/#breadcrumb"},"inLanguage":"es-MX","potentialAction":[{"@type":"ReadAction","target":["https:\/\/compuviper.mx\/tienda\/producto\/ghia-stv-26-soporte-con-tripode-para-pantalla-de-32-a-70-hasta-35kg-altura-ajustable-giro-180\/"]}]},{"@type":"BreadcrumbList","@id":"https:\/\/compuviper.mx\/tienda\/producto\/ghia-stv-26-soporte-con-tripode-para-pantalla-de-32-a-70-hasta-35kg-altura-ajustable-giro-180\/#breadcrumb","itemListElement":[{"@type":"ListItem","position":1,"name":"Inicio","item":"https:\/\/compuviper.mx\/tienda\/"},{"@type":"ListItem","position":2,"name":"Productos","item":"https:\/\/compuviper.mx\/tienda\/productos\/"},{"@type":"ListItem","position":3,"name":"Soportes Y Bases P\/tv\/ Proyectores\/dvd\/consolas\/bocinas\/pantallas\/monotores","item":"https:\/\/compuviper.mx\/tienda\/categoria-producto\/soportes-y-bases-p-tv-proyectores-dvd-consolas-bocinas-pantallas-monotores\/"},{"@type":"ListItem","position":4,"name":"Soporte Y Base Para Tv\/pantallas\/monitores\/kiosko","item":"https:\/\/compuviper.mx\/tienda\/categoria-producto\/soportes-y-bases-p-tv-proyectores-dvd-consolas-bocinas-pantallas-monotores\/soporte-y-base-para-tv-pantallas-monitores-kiosko\/"},{"@type":"ListItem","position":5,"name":"Ghia Stv-26 Soporte Con Tripode Para Pantalla De 32 A 70 \/ Hasta 35kg \/ Altura Ajustable, Giro 180"}]},{"@type":"WebSite","@id":"https:\/\/compuviper.mx\/tienda\/#website","url":"https:\/\/compuviper.mx\/tienda\/","name":"Compuviper","description":"Proveedor de Computadoras, Laptops, Servidores, Monitores, Puntos de Venta, Teclados,   Impresoras, T\u00f3ner, C\u00e1maras de Seguridad y m\u00e1s en tu tienda en l\u00ednea","publisher":{"@id":"https:\/\/compuviper.mx\/tienda\/#organization"},"potentialAction":[{"@type":"SearchAction","target":{"@type":"EntryPoint","urlTemplate":"https:\/\/compuviper.mx\/tienda\/?s={search_term_string}"},"query-input":"required name=search_term_string"}],"inLanguage":"es-MX"},{"@type":"Organization","@id":"https:\/\/compuviper.mx\/tienda\/#organization","name":"Compuviper","url":"https:\/\/compuviper.mx\/tienda\/","logo":{"@type":"ImageObject","inLanguage":"es-MX","@id":"https:\/\/compuviper.mx\/tienda\/#\/schema\/logo\/image\/","url":"https:\/\/compuviper.mx\/tienda\/wp-content\/uploads\/2021\/08\/Logo-Compuviper-10.png","contentUrl":"https:\/\/compuviper.mx\/tienda\/wp-content\/uploads\/2021\/08\/Logo-Compuviper-10.png","width":1000,"height":500,"caption":"Compuviper"},"image":{"@id":"https:\/\/compuviper.mx\/tienda\/#\/schema\/logo\/image\/"},"sameAs":["https:\/\/www.facebook.com\/compuviper","https:\/\/www.youtube.com\/channel\/UCf73dERp9Y3cfOq7q8BhLjA?view_as=subscriber"]}]},"product_brand":"GHIA","product_price_amount":"850","product_price_currency":"MXN","og_availability":"out of stock","product_availability":"out of stock","product_retailer_item_id":"STV-26","product_condition":"new"},"_links":{"self":[{"href":"https:\/\/compuviper.mx\/tienda\/wp-json\/wp\/v2\/product\/212765"}],"collection":[{"href":"https:\/\/compuviper.mx\/tienda\/wp-json\/wp\/v2\/product"}],"about":[{"href":"https:\/\/compuviper.mx\/tienda\/wp-json\/wp\/v2\/types\/product"}],"replies":[{"embeddable":true,"href":"https:\/\/compuviper.mx\/tienda\/wp-json\/wp\/v2\/comments?post=212765"}],"wp:featuredmedia":[{"embeddable":true,"href":"https:\/\/compuviper.mx\/tienda\/wp-json\/wp\/v2\/media\/212766"}],"wp:attachment":[{"href":"https:\/\/compuviper.mx\/tienda\/wp-json\/wp\/v2\/media?parent=212765"}],"wp:term":[{"taxonomy":"product_cat","embeddable":true,"href":"https:\/\/compuviper.mx\/tienda\/wp-json\/wp\/v2\/product_cat?post=212765"},{"taxonomy":"product_tag","embeddable":true,"href":"https:\/\/compuviper.mx\/tienda\/wp-json\/wp\/v2\/product_tag?post=212765"}],"curies":[{"name":"wp","href":"https:\/\/api.w.org\/{rel}","templated":true}]}}