{"id":212705,"date":"2026-04-01T23:34:16","date_gmt":"2026-04-02T05:34:16","guid":{"rendered":"https:\/\/compuviper.mx\/tienda\/producto\/manhattan-439862-maletin-portafolio-12-5-londonnegro\/"},"modified":"2026-04-01T23:34:16","modified_gmt":"2026-04-02T05:34:16","slug":"manhattan-439862-maletin-portafolio-12-5-londonnegro","status":"publish","type":"product","link":"https:\/\/compuviper.mx\/tienda\/producto\/manhattan-439862-maletin-portafolio-12-5-londonnegro\/","title":{"rendered":"Manhattan 439862 Maletin Portafolio,,, 12.5 London,negro"},"content":{"rendered":"<table class=\"descripcion\">\n<tr>\n<td>El malet\u00edn london para computadora port\u00e1til de manhattan es una soluci\u00f3n pr\u00e1ctica con<\/td>\n<\/tr>\n<tr>\n<td>Un estilo aerodin\u00e1mico y tradicional que se desplaza f\u00e1cilmente y se adapta a casi<\/td>\n<\/tr>\n<tr>\n<td>Cualquier lugar, debajo de los asientos de las aerol\u00edneas, en los compartimientos<\/td>\n<\/tr>\n<tr>\n<td>Superiores y en las piezas de equipaje m\u00e1s grandes. un solo bolsillo frontal ancho y<\/td>\n<\/tr>\n<tr>\n<td>Profundo mantiene tus art\u00edculos vitales, papeles y accesorios seguros pero al alcance de la<\/td>\n<\/tr>\n<tr>\n<td>Mano. su solapa asegurada con cierre protege los contenidos almacenados. las asas de<\/td>\n<\/tr>\n<tr>\n<td>Doble correa con costuras reforzadas y una correa de hombro ajustable y extra\u00edble brindan<\/td>\n<\/tr>\n<tr>\n<td>A los profesionales m\u00faltiples opciones de transporte.<\/td>\n<\/tr>\n<\/table>\n","protected":false},"excerpt":{"rendered":"<p>Su interior con compartimento acolchado para computadora se adapta a la mayor\u00eda de las. Computadoras port\u00e1tiles con pantallas de hasta 12.5. El dise\u00f1o de acceso por la parte. Superior permite guardar m\u00e1s r\u00e1pido y que las inspecciones en el aeropuerto sean m\u00e1s. Sencillas. Hay espacio suficiente en el interior para guardar archivos, papeles y revistas. Dimensiones. \u0095 exterior: 33 x 27 x 5.8 cm. \u0095 interior: 32 x 26 x 4.8 cm. \u0095 bolsillo frontal: exterior, 26.2 x 19.6 x 2 cm; interior, 26.2 x 19.6 x 2 cm. \u0095 0.33 kg<\/p>\n","protected":false},"featured_media":212706,"comment_status":"open","ping_status":"open","template":"","meta":[],"product_cat":[1482,1483],"product_tag":[1487],"acf":[],"yoast_head":"<!-- This site is optimized with the Yoast SEO plugin v21.7 - https:\/\/yoast.com\/wordpress\/plugins\/seo\/ -->\n<title>[ Manhattan ] &#129351; 439862 Maletin Portafolio,,, 12.5 London,negro<\/title>\n<meta name=\"description\" content=\"Compra 439862 Maletin Portafolio,,, 12.5 London,negro + Env\u00edo a domicilio + Pago seguro + Garant\u00eda\" \/>\n<meta name=\"robots\" content=\"index, follow, max-snippet:-1, max-image-preview:large, max-video-preview:-1\" \/>\n<link rel=\"canonical\" href=\"https:\/\/compuviper.mx\/tienda\/producto\/manhattan-439862-maletin-portafolio-12-5-londonnegro\/\" \/>\n<meta property=\"og:locale\" content=\"es_MX\" \/>\n<meta property=\"og:type\" content=\"article\" \/>\n<meta property=\"og:title\" content=\"[ Manhattan ] &#129351; 439862 Maletin Portafolio,,, 12.5 London,negro\" \/>\n<meta property=\"og:description\" content=\"Compra 439862 Maletin Portafolio,,, 12.5 London,negro + Env\u00edo a domicilio + Pago seguro + Garant\u00eda\" \/>\n<meta property=\"og:url\" content=\"https:\/\/compuviper.mx\/tienda\/producto\/manhattan-439862-maletin-portafolio-12-5-londonnegro\/\" \/>\n<meta property=\"og:site_name\" content=\"Compuviper\" \/>\n<meta property=\"article:publisher\" content=\"https:\/\/www.facebook.com\/compuviper\" \/>\n<meta property=\"og:image\" content=\"https:\/\/compuviper.mx\/tienda\/wp-content\/uploads\/2023\/12\/Maletin-portafoliomanhattan439862-12.5-londonnegro.jpg\" \/>\n\t<meta property=\"og:image:width\" content=\"200\" \/>\n\t<meta property=\"og:image:height\" content=\"200\" \/>\n\t<meta property=\"og:image:type\" content=\"image\/jpeg\" \/>\n<meta name=\"twitter:card\" content=\"summary_large_image\" \/>\n<meta name=\"twitter:label1\" content=\"Precio\" \/>\n\t<meta name=\"twitter:data1\" content=\"&#36;199 con IVA\" \/>\n\t<meta name=\"twitter:label2\" content=\"Availability\" \/>\n\t<meta name=\"twitter:data2\" content=\"Out of stock\" \/>\n<script type=\"application\/ld+json\" class=\"yoast-schema-graph\">{\"@context\":\"https:\/\/schema.org\",\"@graph\":[{\"@type\":\"WebPage\",\"@id\":\"https:\/\/compuviper.mx\/tienda\/producto\/manhattan-439862-maletin-portafolio-12-5-londonnegro\/\",\"url\":\"https:\/\/compuviper.mx\/tienda\/producto\/manhattan-439862-maletin-portafolio-12-5-londonnegro\/\",\"name\":\"[ Manhattan ] &#129351; 439862 Maletin Portafolio,,, 12.5 London,negro\",\"isPartOf\":{\"@id\":\"https:\/\/compuviper.mx\/tienda\/#website\"},\"datePublished\":\"2026-04-02T05:34:16+00:00\",\"dateModified\":\"2026-04-02T05:34:16+00:00\",\"description\":\"Compra 439862 Maletin Portafolio,,, 12.5 London,negro + Env\u00edo a domicilio + Pago seguro + Garant\u00eda\",\"breadcrumb\":{\"@id\":\"https:\/\/compuviper.mx\/tienda\/producto\/manhattan-439862-maletin-portafolio-12-5-londonnegro\/#breadcrumb\"},\"inLanguage\":\"es-MX\",\"potentialAction\":[{\"@type\":\"ReadAction\",\"target\":[\"https:\/\/compuviper.mx\/tienda\/producto\/manhattan-439862-maletin-portafolio-12-5-londonnegro\/\"]}]},{\"@type\":\"BreadcrumbList\",\"@id\":\"https:\/\/compuviper.mx\/tienda\/producto\/manhattan-439862-maletin-portafolio-12-5-londonnegro\/#breadcrumb\",\"itemListElement\":[{\"@type\":\"ListItem\",\"position\":1,\"name\":\"Inicio\",\"item\":\"https:\/\/compuviper.mx\/tienda\/\"},{\"@type\":\"ListItem\",\"position\":2,\"name\":\"Productos\",\"item\":\"https:\/\/compuviper.mx\/tienda\/productos\/\"},{\"@type\":\"ListItem\",\"position\":3,\"name\":\"Maletines\",\"item\":\"https:\/\/compuviper.mx\/tienda\/categoria-producto\/maletines\/\"},{\"@type\":\"ListItem\",\"position\":4,\"name\":\"Maletin Clasico\",\"item\":\"https:\/\/compuviper.mx\/tienda\/categoria-producto\/maletines\/maletin-clasico\/\"},{\"@type\":\"ListItem\",\"position\":5,\"name\":\"Manhattan 439862 Maletin Portafolio,,, 12.5 London,negro\"}]},{\"@type\":\"WebSite\",\"@id\":\"https:\/\/compuviper.mx\/tienda\/#website\",\"url\":\"https:\/\/compuviper.mx\/tienda\/\",\"name\":\"Compuviper\",\"description\":\"Proveedor de Computadoras, Laptops, Servidores, Monitores, Puntos de Venta, Teclados,   Impresoras, T\u00f3ner, C\u00e1maras de Seguridad y m\u00e1s en tu tienda en l\u00ednea\",\"publisher\":{\"@id\":\"https:\/\/compuviper.mx\/tienda\/#organization\"},\"potentialAction\":[{\"@type\":\"SearchAction\",\"target\":{\"@type\":\"EntryPoint\",\"urlTemplate\":\"https:\/\/compuviper.mx\/tienda\/?s={search_term_string}\"},\"query-input\":\"required name=search_term_string\"}],\"inLanguage\":\"es-MX\"},{\"@type\":\"Organization\",\"@id\":\"https:\/\/compuviper.mx\/tienda\/#organization\",\"name\":\"Compuviper\",\"url\":\"https:\/\/compuviper.mx\/tienda\/\",\"logo\":{\"@type\":\"ImageObject\",\"inLanguage\":\"es-MX\",\"@id\":\"https:\/\/compuviper.mx\/tienda\/#\/schema\/logo\/image\/\",\"url\":\"https:\/\/compuviper.mx\/tienda\/wp-content\/uploads\/2021\/08\/Logo-Compuviper-10.png\",\"contentUrl\":\"https:\/\/compuviper.mx\/tienda\/wp-content\/uploads\/2021\/08\/Logo-Compuviper-10.png\",\"width\":1000,\"height\":500,\"caption\":\"Compuviper\"},\"image\":{\"@id\":\"https:\/\/compuviper.mx\/tienda\/#\/schema\/logo\/image\/\"},\"sameAs\":[\"https:\/\/www.facebook.com\/compuviper\",\"https:\/\/www.youtube.com\/channel\/UCf73dERp9Y3cfOq7q8BhLjA?view_as=subscriber\"]}]}<\/script>\n<meta property=\"product:brand\" content=\"MANHATTAN\" \/>\n<meta property=\"product:price:amount\" content=\"199\" \/>\n<meta property=\"product:price:currency\" content=\"MXN\" \/>\n<meta property=\"og:availability\" content=\"out of stock\" \/>\n<meta property=\"product:availability\" content=\"out of stock\" \/>\n<meta property=\"product:retailer_item_id\" content=\"439862\" \/>\n<meta property=\"product:condition\" content=\"new\" \/>\n<!-- \/ Yoast SEO plugin. -->","yoast_head_json":{"title":"[ Manhattan ] &#129351; 439862 Maletin Portafolio,,, 12.5 London,negro","description":"Compra 439862 Maletin Portafolio,,, 12.5 London,negro + Env\u00edo a domicilio + Pago seguro + Garant\u00eda","robots":{"index":"index","follow":"follow","max-snippet":"max-snippet:-1","max-image-preview":"max-image-preview:large","max-video-preview":"max-video-preview:-1"},"canonical":"https:\/\/compuviper.mx\/tienda\/producto\/manhattan-439862-maletin-portafolio-12-5-londonnegro\/","og_locale":"es_MX","og_type":"article","og_title":"[ Manhattan ] &#129351; 439862 Maletin Portafolio,,, 12.5 London,negro","og_description":"Compra 439862 Maletin Portafolio,,, 12.5 London,negro + Env\u00edo a domicilio + Pago seguro + Garant\u00eda","og_url":"https:\/\/compuviper.mx\/tienda\/producto\/manhattan-439862-maletin-portafolio-12-5-londonnegro\/","og_site_name":"Compuviper","article_publisher":"https:\/\/www.facebook.com\/compuviper","og_image":[{"width":200,"height":200,"url":"https:\/\/compuviper.mx\/tienda\/wp-content\/uploads\/2023\/12\/Maletin-portafoliomanhattan439862-12.5-londonnegro.jpg","type":"image\/jpeg"}],"twitter_card":"summary_large_image","twitter_misc":{"Precio":"&#36;199 con IVA","Availability":"Out of stock"},"schema":{"@context":"https:\/\/schema.org","@graph":[{"@type":"WebPage","@id":"https:\/\/compuviper.mx\/tienda\/producto\/manhattan-439862-maletin-portafolio-12-5-londonnegro\/","url":"https:\/\/compuviper.mx\/tienda\/producto\/manhattan-439862-maletin-portafolio-12-5-londonnegro\/","name":"[ Manhattan ] &#129351; 439862 Maletin Portafolio,,, 12.5 London,negro","isPartOf":{"@id":"https:\/\/compuviper.mx\/tienda\/#website"},"datePublished":"2026-04-02T05:34:16+00:00","dateModified":"2026-04-02T05:34:16+00:00","description":"Compra 439862 Maletin Portafolio,,, 12.5 London,negro + Env\u00edo a domicilio + Pago seguro + Garant\u00eda","breadcrumb":{"@id":"https:\/\/compuviper.mx\/tienda\/producto\/manhattan-439862-maletin-portafolio-12-5-londonnegro\/#breadcrumb"},"inLanguage":"es-MX","potentialAction":[{"@type":"ReadAction","target":["https:\/\/compuviper.mx\/tienda\/producto\/manhattan-439862-maletin-portafolio-12-5-londonnegro\/"]}]},{"@type":"BreadcrumbList","@id":"https:\/\/compuviper.mx\/tienda\/producto\/manhattan-439862-maletin-portafolio-12-5-londonnegro\/#breadcrumb","itemListElement":[{"@type":"ListItem","position":1,"name":"Inicio","item":"https:\/\/compuviper.mx\/tienda\/"},{"@type":"ListItem","position":2,"name":"Productos","item":"https:\/\/compuviper.mx\/tienda\/productos\/"},{"@type":"ListItem","position":3,"name":"Maletines","item":"https:\/\/compuviper.mx\/tienda\/categoria-producto\/maletines\/"},{"@type":"ListItem","position":4,"name":"Maletin Clasico","item":"https:\/\/compuviper.mx\/tienda\/categoria-producto\/maletines\/maletin-clasico\/"},{"@type":"ListItem","position":5,"name":"Manhattan 439862 Maletin Portafolio,,, 12.5 London,negro"}]},{"@type":"WebSite","@id":"https:\/\/compuviper.mx\/tienda\/#website","url":"https:\/\/compuviper.mx\/tienda\/","name":"Compuviper","description":"Proveedor de Computadoras, Laptops, Servidores, Monitores, Puntos de Venta, Teclados,   Impresoras, T\u00f3ner, C\u00e1maras de Seguridad y m\u00e1s en tu tienda en l\u00ednea","publisher":{"@id":"https:\/\/compuviper.mx\/tienda\/#organization"},"potentialAction":[{"@type":"SearchAction","target":{"@type":"EntryPoint","urlTemplate":"https:\/\/compuviper.mx\/tienda\/?s={search_term_string}"},"query-input":"required name=search_term_string"}],"inLanguage":"es-MX"},{"@type":"Organization","@id":"https:\/\/compuviper.mx\/tienda\/#organization","name":"Compuviper","url":"https:\/\/compuviper.mx\/tienda\/","logo":{"@type":"ImageObject","inLanguage":"es-MX","@id":"https:\/\/compuviper.mx\/tienda\/#\/schema\/logo\/image\/","url":"https:\/\/compuviper.mx\/tienda\/wp-content\/uploads\/2021\/08\/Logo-Compuviper-10.png","contentUrl":"https:\/\/compuviper.mx\/tienda\/wp-content\/uploads\/2021\/08\/Logo-Compuviper-10.png","width":1000,"height":500,"caption":"Compuviper"},"image":{"@id":"https:\/\/compuviper.mx\/tienda\/#\/schema\/logo\/image\/"},"sameAs":["https:\/\/www.facebook.com\/compuviper","https:\/\/www.youtube.com\/channel\/UCf73dERp9Y3cfOq7q8BhLjA?view_as=subscriber"]}]},"product_brand":"MANHATTAN","product_price_amount":"199","product_price_currency":"MXN","og_availability":"out of stock","product_availability":"out of stock","product_retailer_item_id":"439862","product_condition":"new"},"_links":{"self":[{"href":"https:\/\/compuviper.mx\/tienda\/wp-json\/wp\/v2\/product\/212705"}],"collection":[{"href":"https:\/\/compuviper.mx\/tienda\/wp-json\/wp\/v2\/product"}],"about":[{"href":"https:\/\/compuviper.mx\/tienda\/wp-json\/wp\/v2\/types\/product"}],"replies":[{"embeddable":true,"href":"https:\/\/compuviper.mx\/tienda\/wp-json\/wp\/v2\/comments?post=212705"}],"wp:featuredmedia":[{"embeddable":true,"href":"https:\/\/compuviper.mx\/tienda\/wp-json\/wp\/v2\/media\/212706"}],"wp:attachment":[{"href":"https:\/\/compuviper.mx\/tienda\/wp-json\/wp\/v2\/media?parent=212705"}],"wp:term":[{"taxonomy":"product_cat","embeddable":true,"href":"https:\/\/compuviper.mx\/tienda\/wp-json\/wp\/v2\/product_cat?post=212705"},{"taxonomy":"product_tag","embeddable":true,"href":"https:\/\/compuviper.mx\/tienda\/wp-json\/wp\/v2\/product_tag?post=212705"}],"curies":[{"name":"wp","href":"https:\/\/api.w.org\/{rel}","templated":true}]}}