{"id":212699,"date":"2026-04-06T23:34:26","date_gmt":"2026-04-07T05:34:26","guid":{"rendered":"https:\/\/compuviper.mx\/tienda\/producto\/manhattan-164832-caja-conexin-enchufe-usb-hdmi-vga-para-mesa\/"},"modified":"2026-04-06T23:34:27","modified_gmt":"2026-04-07T05:34:27","slug":"manhattan-164832-caja-conexin-enchufe-usb-hdmi-vga-para-mesa","status":"publish","type":"product","link":"https:\/\/compuviper.mx\/tienda\/producto\/manhattan-164832-caja-conexin-enchufe-usb-hdmi-vga-para-mesa\/","title":{"rendered":"Manhattan 164832 Caja Conexi?n,,, Enchufe\/usb\/hdmi\/vga, Para Mesa"},"content":{"rendered":"<table class=\"descripcion\">\n<tr>\n<td>La caja de conexiones de manhattan es una soluci\u00f3n de conectividad que puede instalarse<\/td>\n<\/tr>\n<tr>\n<td>F\u00e1cilmente en el recorte del recept\u00e1culo de un escritorio de oficina, una mesa de sala de<\/td>\n<\/tr>\n<tr>\n<td>Conferencias, un banco de trabajo u otra superficie. su p\u00e1nel giratorio le permite cargar<\/td>\n<\/tr>\n<tr>\n<td>Dispositivos y conectar pantallas cuando sea necesario, adem\u00e1s de mantener el<\/td>\n<\/tr>\n<tr>\n<td>Tomacorriente cerrado para obtener un aspecto limpio y discreto. cuando est\u00e1 abierto,<\/td>\n<\/tr>\n<tr>\n<td>Ofrece dos tomas de corriente alterna para conectar computadoras port\u00e1tiles, impresoras,<\/td>\n<\/tr>\n<tr>\n<td>Monitores, proyectores y m\u00e1s, dos puertos usb-a para cargar dispositivos m\u00f3viles como<\/td>\n<\/tr>\n<tr>\n<td>Tel\u00e9fonos o tabletas. las opciones hdmi y vga ofrecen una conexi\u00f3n de pantalla mucho<\/td>\n<\/tr>\n<tr>\n<td>M\u00e1s c\u00f3moda y extendida para los usuarios que se encuentren en el escritorio y deseen<\/td>\n<\/tr>\n<tr>\n<td>Conectar su equipo a una pantalla o proyector. la salida de energ\u00eda ya instalada, evita que<\/td>\n<\/tr>\n<tr>\n<td>Tengas que agacharte debajo del escritorio para encontrar una barra de corriente.<\/td>\n<\/tr>\n<\/table>\n","protected":false},"excerpt":{"rendered":"<p>Features. Estaci\u00f3n de carga empotrable con dos tomas de corriente y dos puertos de carga. Usb-a. Dos puertos de carga usb-a con led y una salida de hasta 2.1 a \/ 5 v dc (m\u00e1x.. Conexi\u00f3n de paso hdmi con puerto hdmi y cable hdmi de 1.5 m &#8211; soporta. Resoluciones de hasta 1080p@60hz. Conexi\u00f3n de paso vga con puerto vga y cable vga de 1.5 m &#8211; soporta. Resoluciones de hasta 1080p@60hz. P\u00e1nel de carga\/conectividad de apertura giratoria que se puede ocultar cuando no. Est\u00e1 en uso. Ideal para insertar en un escritorio de oficina, mesa de sala de conferencias. Banco de trabajo u otra superficie. Protecci\u00f3n contra sobrecarga, sobrecorriente y sobrecalentamiento. Administraci\u00f3n de cables incorporada para una apariencia sin desorden. Material de aleaci\u00f3n de aluminio durable y de alta calidad. Tres a\u00f1os de garant\u00eda. Especificaciones. Est\u00e1ndares y certificaciones. \u0095 fcc (comisi\u00f3n federal de comunicaciones. Conexiones. \u0095 dos tomas de corriente alterna (nema 5-5. \u0095 dos puertos de carga usb-a (2.1 a \/ 5 v dc m\u00e1x.. \u0095 un puerto hdmi (resoluciones hasta 1080p@60hz. \u0095 un puerto vga (resoluciones hasta 1080p@60hz)<\/p>\n","protected":false},"featured_media":212700,"comment_status":"open","ping_status":"open","template":"","meta":[],"product_cat":[1485,1506],"product_tag":[1487],"acf":[],"yoast_head":"<!-- This site is optimized with the Yoast SEO plugin v21.7 - https:\/\/yoast.com\/wordpress\/plugins\/seo\/ -->\n<title>[ Manhattan ] &#129351; 164832 Caja Conexi\u00f3n,,, Enchufe\/usb\/hdmi\/vga, Para Mesa<\/title>\n<meta name=\"description\" content=\"Compra 164832 Caja Conexi\u00f3n,,, Enchufe\/usb\/hdmi\/vga, Para Mesa + Env\u00edo a domicilio + Pago seguro + Garant\u00eda\" \/>\n<meta name=\"robots\" content=\"index, follow, max-snippet:-1, max-image-preview:large, max-video-preview:-1\" \/>\n<link rel=\"canonical\" href=\"https:\/\/compuviper.mx\/tienda\/producto\/manhattan-164832-caja-conexin-enchufe-usb-hdmi-vga-para-mesa\/\" \/>\n<meta property=\"og:locale\" content=\"es_MX\" \/>\n<meta property=\"og:type\" content=\"article\" \/>\n<meta property=\"og:title\" content=\"[ Manhattan ] &#129351; 164832 Caja Conexi\u00f3n,,, Enchufe\/usb\/hdmi\/vga, Para Mesa\" \/>\n<meta property=\"og:description\" content=\"Compra 164832 Caja Conexi\u00f3n,,, Enchufe\/usb\/hdmi\/vga, Para Mesa + Env\u00edo a domicilio + Pago seguro + Garant\u00eda\" \/>\n<meta property=\"og:url\" content=\"https:\/\/compuviper.mx\/tienda\/producto\/manhattan-164832-caja-conexin-enchufe-usb-hdmi-vga-para-mesa\/\" \/>\n<meta property=\"og:site_name\" content=\"Compuviper\" \/>\n<meta property=\"article:publisher\" content=\"https:\/\/www.facebook.com\/compuviper\" \/>\n<meta property=\"article:modified_time\" content=\"2026-04-07T05:34:27+00:00\" \/>\n<meta property=\"og:image\" content=\"https:\/\/compuviper.mx\/tienda\/wp-content\/uploads\/2023\/12\/Caja-conexionmanhattan164832-enchufeusbhdmivga-para-mesa.jpg\" \/>\n\t<meta property=\"og:image:width\" content=\"200\" \/>\n\t<meta property=\"og:image:height\" content=\"200\" \/>\n\t<meta property=\"og:image:type\" content=\"image\/jpeg\" \/>\n<meta name=\"twitter:card\" content=\"summary_large_image\" \/>\n<meta name=\"twitter:label1\" content=\"Precio\" \/>\n\t<meta name=\"twitter:data1\" content=\"&#36;1,165 con IVA\" \/>\n\t<meta name=\"twitter:label2\" content=\"Availability\" \/>\n\t<meta name=\"twitter:data2\" content=\"In stock\" \/>\n<script type=\"application\/ld+json\" class=\"yoast-schema-graph\">{\"@context\":\"https:\/\/schema.org\",\"@graph\":[{\"@type\":\"WebPage\",\"@id\":\"https:\/\/compuviper.mx\/tienda\/producto\/manhattan-164832-caja-conexin-enchufe-usb-hdmi-vga-para-mesa\/\",\"url\":\"https:\/\/compuviper.mx\/tienda\/producto\/manhattan-164832-caja-conexin-enchufe-usb-hdmi-vga-para-mesa\/\",\"name\":\"[ Manhattan ] &#129351; 164832 Caja Conexi\u00f3n,,, Enchufe\/usb\/hdmi\/vga, Para Mesa\",\"isPartOf\":{\"@id\":\"https:\/\/compuviper.mx\/tienda\/#website\"},\"datePublished\":\"2026-04-07T05:34:26+00:00\",\"dateModified\":\"2026-04-07T05:34:27+00:00\",\"description\":\"Compra 164832 Caja Conexi\u00f3n,,, Enchufe\/usb\/hdmi\/vga, Para Mesa + Env\u00edo a domicilio + Pago seguro + Garant\u00eda\",\"breadcrumb\":{\"@id\":\"https:\/\/compuviper.mx\/tienda\/producto\/manhattan-164832-caja-conexin-enchufe-usb-hdmi-vga-para-mesa\/#breadcrumb\"},\"inLanguage\":\"es-MX\",\"potentialAction\":[{\"@type\":\"ReadAction\",\"target\":[\"https:\/\/compuviper.mx\/tienda\/producto\/manhattan-164832-caja-conexin-enchufe-usb-hdmi-vga-para-mesa\/\"]}]},{\"@type\":\"BreadcrumbList\",\"@id\":\"https:\/\/compuviper.mx\/tienda\/producto\/manhattan-164832-caja-conexin-enchufe-usb-hdmi-vga-para-mesa\/#breadcrumb\",\"itemListElement\":[{\"@type\":\"ListItem\",\"position\":1,\"name\":\"Inicio\",\"item\":\"https:\/\/compuviper.mx\/tienda\/\"},{\"@type\":\"ListItem\",\"position\":2,\"name\":\"Productos\",\"item\":\"https:\/\/compuviper.mx\/tienda\/productos\/\"},{\"@type\":\"ListItem\",\"position\":3,\"name\":\"Accesorios\",\"item\":\"https:\/\/compuviper.mx\/tienda\/categoria-producto\/accesorios\/\"},{\"@type\":\"ListItem\",\"position\":4,\"name\":\"Conectividad\",\"item\":\"https:\/\/compuviper.mx\/tienda\/categoria-producto\/accesorios\/conectividad\/\"},{\"@type\":\"ListItem\",\"position\":5,\"name\":\"Manhattan 164832 Caja Conexi?n,,, Enchufe\/usb\/hdmi\/vga, Para Mesa\"}]},{\"@type\":\"WebSite\",\"@id\":\"https:\/\/compuviper.mx\/tienda\/#website\",\"url\":\"https:\/\/compuviper.mx\/tienda\/\",\"name\":\"Compuviper\",\"description\":\"Proveedor de Computadoras, Laptops, Servidores, Monitores, Puntos de Venta, Teclados,   Impresoras, T\u00f3ner, C\u00e1maras de Seguridad y m\u00e1s en tu tienda en l\u00ednea\",\"publisher\":{\"@id\":\"https:\/\/compuviper.mx\/tienda\/#organization\"},\"potentialAction\":[{\"@type\":\"SearchAction\",\"target\":{\"@type\":\"EntryPoint\",\"urlTemplate\":\"https:\/\/compuviper.mx\/tienda\/?s={search_term_string}\"},\"query-input\":\"required name=search_term_string\"}],\"inLanguage\":\"es-MX\"},{\"@type\":\"Organization\",\"@id\":\"https:\/\/compuviper.mx\/tienda\/#organization\",\"name\":\"Compuviper\",\"url\":\"https:\/\/compuviper.mx\/tienda\/\",\"logo\":{\"@type\":\"ImageObject\",\"inLanguage\":\"es-MX\",\"@id\":\"https:\/\/compuviper.mx\/tienda\/#\/schema\/logo\/image\/\",\"url\":\"https:\/\/compuviper.mx\/tienda\/wp-content\/uploads\/2021\/08\/Logo-Compuviper-10.png\",\"contentUrl\":\"https:\/\/compuviper.mx\/tienda\/wp-content\/uploads\/2021\/08\/Logo-Compuviper-10.png\",\"width\":1000,\"height\":500,\"caption\":\"Compuviper\"},\"image\":{\"@id\":\"https:\/\/compuviper.mx\/tienda\/#\/schema\/logo\/image\/\"},\"sameAs\":[\"https:\/\/www.facebook.com\/compuviper\",\"https:\/\/www.youtube.com\/channel\/UCf73dERp9Y3cfOq7q8BhLjA?view_as=subscriber\"]}]}<\/script>\n<meta property=\"product:brand\" content=\"MANHATTAN\" \/>\n<meta property=\"product:price:amount\" content=\"1165\" \/>\n<meta property=\"product:price:currency\" content=\"MXN\" \/>\n<meta property=\"og:availability\" content=\"instock\" \/>\n<meta property=\"product:availability\" content=\"instock\" \/>\n<meta property=\"product:retailer_item_id\" content=\"164832\" \/>\n<meta property=\"product:condition\" content=\"new\" \/>\n<!-- \/ Yoast SEO plugin. -->","yoast_head_json":{"title":"[ Manhattan ] &#129351; 164832 Caja Conexi\u00f3n,,, Enchufe\/usb\/hdmi\/vga, Para Mesa","description":"Compra 164832 Caja Conexi\u00f3n,,, Enchufe\/usb\/hdmi\/vga, Para Mesa + Env\u00edo a domicilio + Pago seguro + Garant\u00eda","robots":{"index":"index","follow":"follow","max-snippet":"max-snippet:-1","max-image-preview":"max-image-preview:large","max-video-preview":"max-video-preview:-1"},"canonical":"https:\/\/compuviper.mx\/tienda\/producto\/manhattan-164832-caja-conexin-enchufe-usb-hdmi-vga-para-mesa\/","og_locale":"es_MX","og_type":"article","og_title":"[ Manhattan ] &#129351; 164832 Caja Conexi\u00f3n,,, Enchufe\/usb\/hdmi\/vga, Para Mesa","og_description":"Compra 164832 Caja Conexi\u00f3n,,, Enchufe\/usb\/hdmi\/vga, Para Mesa + Env\u00edo a domicilio + Pago seguro + Garant\u00eda","og_url":"https:\/\/compuviper.mx\/tienda\/producto\/manhattan-164832-caja-conexin-enchufe-usb-hdmi-vga-para-mesa\/","og_site_name":"Compuviper","article_publisher":"https:\/\/www.facebook.com\/compuviper","article_modified_time":"2026-04-07T05:34:27+00:00","og_image":[{"width":200,"height":200,"url":"https:\/\/compuviper.mx\/tienda\/wp-content\/uploads\/2023\/12\/Caja-conexionmanhattan164832-enchufeusbhdmivga-para-mesa.jpg","type":"image\/jpeg"}],"twitter_card":"summary_large_image","twitter_misc":{"Precio":"&#36;1,165 con IVA","Availability":"In stock"},"schema":{"@context":"https:\/\/schema.org","@graph":[{"@type":"WebPage","@id":"https:\/\/compuviper.mx\/tienda\/producto\/manhattan-164832-caja-conexin-enchufe-usb-hdmi-vga-para-mesa\/","url":"https:\/\/compuviper.mx\/tienda\/producto\/manhattan-164832-caja-conexin-enchufe-usb-hdmi-vga-para-mesa\/","name":"[ Manhattan ] &#129351; 164832 Caja Conexi\u00f3n,,, Enchufe\/usb\/hdmi\/vga, Para Mesa","isPartOf":{"@id":"https:\/\/compuviper.mx\/tienda\/#website"},"datePublished":"2026-04-07T05:34:26+00:00","dateModified":"2026-04-07T05:34:27+00:00","description":"Compra 164832 Caja Conexi\u00f3n,,, Enchufe\/usb\/hdmi\/vga, Para Mesa + Env\u00edo a domicilio + Pago seguro + Garant\u00eda","breadcrumb":{"@id":"https:\/\/compuviper.mx\/tienda\/producto\/manhattan-164832-caja-conexin-enchufe-usb-hdmi-vga-para-mesa\/#breadcrumb"},"inLanguage":"es-MX","potentialAction":[{"@type":"ReadAction","target":["https:\/\/compuviper.mx\/tienda\/producto\/manhattan-164832-caja-conexin-enchufe-usb-hdmi-vga-para-mesa\/"]}]},{"@type":"BreadcrumbList","@id":"https:\/\/compuviper.mx\/tienda\/producto\/manhattan-164832-caja-conexin-enchufe-usb-hdmi-vga-para-mesa\/#breadcrumb","itemListElement":[{"@type":"ListItem","position":1,"name":"Inicio","item":"https:\/\/compuviper.mx\/tienda\/"},{"@type":"ListItem","position":2,"name":"Productos","item":"https:\/\/compuviper.mx\/tienda\/productos\/"},{"@type":"ListItem","position":3,"name":"Accesorios","item":"https:\/\/compuviper.mx\/tienda\/categoria-producto\/accesorios\/"},{"@type":"ListItem","position":4,"name":"Conectividad","item":"https:\/\/compuviper.mx\/tienda\/categoria-producto\/accesorios\/conectividad\/"},{"@type":"ListItem","position":5,"name":"Manhattan 164832 Caja Conexi?n,,, Enchufe\/usb\/hdmi\/vga, Para Mesa"}]},{"@type":"WebSite","@id":"https:\/\/compuviper.mx\/tienda\/#website","url":"https:\/\/compuviper.mx\/tienda\/","name":"Compuviper","description":"Proveedor de Computadoras, Laptops, Servidores, Monitores, Puntos de Venta, Teclados,   Impresoras, T\u00f3ner, C\u00e1maras de Seguridad y m\u00e1s en tu tienda en l\u00ednea","publisher":{"@id":"https:\/\/compuviper.mx\/tienda\/#organization"},"potentialAction":[{"@type":"SearchAction","target":{"@type":"EntryPoint","urlTemplate":"https:\/\/compuviper.mx\/tienda\/?s={search_term_string}"},"query-input":"required name=search_term_string"}],"inLanguage":"es-MX"},{"@type":"Organization","@id":"https:\/\/compuviper.mx\/tienda\/#organization","name":"Compuviper","url":"https:\/\/compuviper.mx\/tienda\/","logo":{"@type":"ImageObject","inLanguage":"es-MX","@id":"https:\/\/compuviper.mx\/tienda\/#\/schema\/logo\/image\/","url":"https:\/\/compuviper.mx\/tienda\/wp-content\/uploads\/2021\/08\/Logo-Compuviper-10.png","contentUrl":"https:\/\/compuviper.mx\/tienda\/wp-content\/uploads\/2021\/08\/Logo-Compuviper-10.png","width":1000,"height":500,"caption":"Compuviper"},"image":{"@id":"https:\/\/compuviper.mx\/tienda\/#\/schema\/logo\/image\/"},"sameAs":["https:\/\/www.facebook.com\/compuviper","https:\/\/www.youtube.com\/channel\/UCf73dERp9Y3cfOq7q8BhLjA?view_as=subscriber"]}]},"product_brand":"MANHATTAN","product_price_amount":"1165","product_price_currency":"MXN","og_availability":"instock","product_availability":"instock","product_retailer_item_id":"164832","product_condition":"new"},"_links":{"self":[{"href":"https:\/\/compuviper.mx\/tienda\/wp-json\/wp\/v2\/product\/212699"}],"collection":[{"href":"https:\/\/compuviper.mx\/tienda\/wp-json\/wp\/v2\/product"}],"about":[{"href":"https:\/\/compuviper.mx\/tienda\/wp-json\/wp\/v2\/types\/product"}],"replies":[{"embeddable":true,"href":"https:\/\/compuviper.mx\/tienda\/wp-json\/wp\/v2\/comments?post=212699"}],"wp:featuredmedia":[{"embeddable":true,"href":"https:\/\/compuviper.mx\/tienda\/wp-json\/wp\/v2\/media\/212700"}],"wp:attachment":[{"href":"https:\/\/compuviper.mx\/tienda\/wp-json\/wp\/v2\/media?parent=212699"}],"wp:term":[{"taxonomy":"product_cat","embeddable":true,"href":"https:\/\/compuviper.mx\/tienda\/wp-json\/wp\/v2\/product_cat?post=212699"},{"taxonomy":"product_tag","embeddable":true,"href":"https:\/\/compuviper.mx\/tienda\/wp-json\/wp\/v2\/product_tag?post=212699"}],"curies":[{"name":"wp","href":"https:\/\/api.w.org\/{rel}","templated":true}]}}