{"id":212621,"date":"2026-04-06T23:34:25","date_gmt":"2026-04-07T05:34:25","guid":{"rendered":"https:\/\/compuviper.mx\/tienda\/producto\/manhattan-461702-soporte-tv-p-videowall-70kg-45-a-70-econmico\/"},"modified":"2026-04-06T23:34:25","modified_gmt":"2026-04-07T05:34:25","slug":"manhattan-461702-soporte-tv-p-videowall-70kg-45-a-70-econmico","status":"publish","type":"product","link":"https:\/\/compuviper.mx\/tienda\/producto\/manhattan-461702-soporte-tv-p-videowall-70kg-45-a-70-econmico\/","title":{"rendered":"Manhattan 461702 Soporte Tv,,, P\/videowall 70kg, 45 A 70 Econmico"},"content":{"rendered":"<table class=\"descripcion\">\n<tr>\n<td>Soporte de tv para video wall<\/td>\n<\/tr>\n<tr>\n<td>Cumple con est\u00e1ndares vesa: 200&#215;200, 300&#215;300, 400&#215;200, 400&#215;400, 600&#215;400<\/td>\n<\/tr>\n<tr>\n<td>Capacidad de carga: hasta 70 kg<\/td>\n<\/tr>\n<tr>\n<td>Opciones de ajuste<\/td>\n<\/tr>\n<tr>\n<td>Inclinaci\u00f3n: -5\u00b0 a +3\u00b0<\/td>\n<\/tr>\n<tr>\n<td>Extensi\u00f3n: 76 mm<\/td>\n<\/tr>\n<tr>\n<td>Tama\u00f1o del producto<\/td>\n<\/tr>\n<tr>\n<td>934 x 76 x 483 mm (36.77 x 2.99 x 19.02 pulgadas)<\/td>\n<\/tr>\n<tr>\n<td>Contenido del paquete<\/td>\n<\/tr>\n<tr>\n<td>Soporte para tv para video wall<\/td>\n<\/tr>\n<tr>\n<td>Piezas para montaje<\/td>\n<\/tr>\n<tr>\n<td>Gu\u00eda para instalaci\u00f3n r\u00e1pida<\/td>\n<\/tr>\n<\/table>\n","protected":false},"excerpt":{"rendered":"<p>Una pantalla formada por varias televisiones. El soporte para tv para video wall de manhattan es perfecto para instalar y colocar televisores de panel plano uno al lado del otro para hacer una pantalla grande (un soporte por pantalla; adicional equipo, como la matriz para video wall de manhattan es requerido). Cuando se instalan juntos, los montajes le permiten organizar y ajustar f\u00e1cilmente sus pantallas para crear una forma muy ampliada de disfrutar de pel\u00edculas, juegos, contenido web y otras conexiones de medios que tenga en casa. Instalaci\u00f3n simplificada. El soporte para tv para video wall de manhattan se puede usar para admitir solo un televisor, o puede agregar cualquier cantidad de montajes para instalar tantos televisores como desee . Si conoce las dimensiones de sus televisores y puede hacer algunos c\u00e1lculos matem\u00e1ticos muy simples, es f\u00e1cil colocar sus pantallas en la pared como desee. Una vez que se montan las pantallas, los soportes de la montura ofrecen ajustes finos para que pueda inclinar y girar sus pantallas a la vista exacta que desea. Cada soporte ofrece patas de apoyo que le permiten administrar y acceder f\u00e1cilmente a los cables o realizar el mantenimiento. Y cada uno incluye un lugar para colocar mini candados para evitar que la pantalla sea robada. Alta visibilidad donde la necesite. Este soporte, o un conjunto de ellos, es el complemento perfecto para disfrutar de audio y video de alta calidad en su hogar. Pero instalar cuatro o m\u00e1s pantallas para que funcionen como una sola es una de las mejores maneras de mostrar im\u00e1genes y mensajes grandes y audaces donde lo necesite, tambi\u00e9n. Un conjunto de cuatro pantallas de 70 &#8220;instaladas juntas seguramente atraer\u00e1 la atenci\u00f3n de la mayor\u00eda de la gente en una feria comercial, su negocio, una sala de conferencias, salas de clase y otros lugares. Hay muchas voces que compiten entre s\u00ed. El soporte para tv para video wall de manhattan le brinda la ventaja que necesita para llegar a su audiencia de manera m\u00e1s r\u00e1pida y efectiva. Sujeta de manera segura una televisi\u00f3n de pantalla plana para una instalaci\u00f3n de video wall. Cumple con est\u00e1ndares vesa &#8211; soporta televisiones de 45&#8243; a 70&#8221; con un peso de hasta 70 kg (154 lbs.. Ajustes de inclinaci\u00f3n de -5\u00b0 a 3\u00b0 para optimizar la vista. Opci\u00f3n de microajustes (hacia arriba o abajo, inclinaci\u00f3n hacia arriba o abajo, giro hacia la derecha o la izquierda) para una alineaci\u00f3n perfecta de la pantalla. Sistema de bloqueo antirrobo (candado no incluido. Sistema de perillas para enganchar o desenganchar libremente el televisor de la placa de pared. Espacio designado para la gesti\u00f3n y mantenimiento de cables. Fabricado en acero<\/p>\n","protected":false},"featured_media":212622,"comment_status":"open","ping_status":"open","template":"","meta":[],"product_cat":[2321,2265],"product_tag":[1487],"acf":[],"yoast_head":"<!-- This site is optimized with the Yoast SEO plugin v21.7 - https:\/\/yoast.com\/wordpress\/plugins\/seo\/ -->\n<title>[ Manhattan ] &#129351; 461702 Soporte Tv,,, P\/videowall 70kg, 45 A 70 Econmico<\/title>\n<meta name=\"description\" content=\"Compra 461702 Soporte Tv,,, P\/videowall 70kg, 45 A 70 Econmico + Env\u00edo a domicilio + Pago seguro + Garant\u00eda\" \/>\n<meta name=\"robots\" content=\"index, follow, max-snippet:-1, max-image-preview:large, max-video-preview:-1\" \/>\n<link rel=\"canonical\" href=\"https:\/\/compuviper.mx\/tienda\/producto\/manhattan-461702-soporte-tv-p-videowall-70kg-45-a-70-econmico\/\" \/>\n<meta property=\"og:locale\" content=\"es_MX\" \/>\n<meta property=\"og:type\" content=\"article\" \/>\n<meta property=\"og:title\" content=\"[ Manhattan ] &#129351; 461702 Soporte Tv,,, P\/videowall 70kg, 45 A 70 Econmico\" \/>\n<meta property=\"og:description\" content=\"Compra 461702 Soporte Tv,,, P\/videowall 70kg, 45 A 70 Econmico + Env\u00edo a domicilio + Pago seguro + Garant\u00eda\" \/>\n<meta property=\"og:url\" content=\"https:\/\/compuviper.mx\/tienda\/producto\/manhattan-461702-soporte-tv-p-videowall-70kg-45-a-70-econmico\/\" \/>\n<meta property=\"og:site_name\" content=\"Compuviper\" \/>\n<meta property=\"article:publisher\" content=\"https:\/\/www.facebook.com\/compuviper\" \/>\n<meta property=\"og:image\" content=\"https:\/\/compuviper.mx\/tienda\/wp-content\/uploads\/2023\/12\/Soporte-tvmanhattan461702-pvideowall-70kg-45-a-70-econmico.jpg\" \/>\n\t<meta property=\"og:image:width\" content=\"200\" \/>\n\t<meta property=\"og:image:height\" content=\"200\" \/>\n\t<meta property=\"og:image:type\" content=\"image\/jpeg\" \/>\n<meta name=\"twitter:card\" content=\"summary_large_image\" \/>\n<meta name=\"twitter:label1\" content=\"Precio\" \/>\n\t<meta name=\"twitter:data1\" content=\"&#36;1,702 con IVA\" \/>\n\t<meta name=\"twitter:label2\" content=\"Availability\" \/>\n\t<meta name=\"twitter:data2\" content=\"In stock\" \/>\n<script type=\"application\/ld+json\" class=\"yoast-schema-graph\">{\"@context\":\"https:\/\/schema.org\",\"@graph\":[{\"@type\":\"WebPage\",\"@id\":\"https:\/\/compuviper.mx\/tienda\/producto\/manhattan-461702-soporte-tv-p-videowall-70kg-45-a-70-econmico\/\",\"url\":\"https:\/\/compuviper.mx\/tienda\/producto\/manhattan-461702-soporte-tv-p-videowall-70kg-45-a-70-econmico\/\",\"name\":\"[ Manhattan ] &#129351; 461702 Soporte Tv,,, P\/videowall 70kg, 45 A 70 Econmico\",\"isPartOf\":{\"@id\":\"https:\/\/compuviper.mx\/tienda\/#website\"},\"datePublished\":\"2026-04-07T05:34:25+00:00\",\"dateModified\":\"2026-04-07T05:34:25+00:00\",\"description\":\"Compra 461702 Soporte Tv,,, P\/videowall 70kg, 45 A 70 Econmico + Env\u00edo a domicilio + Pago seguro + Garant\u00eda\",\"breadcrumb\":{\"@id\":\"https:\/\/compuviper.mx\/tienda\/producto\/manhattan-461702-soporte-tv-p-videowall-70kg-45-a-70-econmico\/#breadcrumb\"},\"inLanguage\":\"es-MX\",\"potentialAction\":[{\"@type\":\"ReadAction\",\"target\":[\"https:\/\/compuviper.mx\/tienda\/producto\/manhattan-461702-soporte-tv-p-videowall-70kg-45-a-70-econmico\/\"]}]},{\"@type\":\"BreadcrumbList\",\"@id\":\"https:\/\/compuviper.mx\/tienda\/producto\/manhattan-461702-soporte-tv-p-videowall-70kg-45-a-70-econmico\/#breadcrumb\",\"itemListElement\":[{\"@type\":\"ListItem\",\"position\":1,\"name\":\"Inicio\",\"item\":\"https:\/\/compuviper.mx\/tienda\/\"},{\"@type\":\"ListItem\",\"position\":2,\"name\":\"Productos\",\"item\":\"https:\/\/compuviper.mx\/tienda\/productos\/\"},{\"@type\":\"ListItem\",\"position\":3,\"name\":\"Soportes Y Bases P\/tv\/ Proyectores\/dvd\/consolas\/bocinas\/pantallas\/monotores\",\"item\":\"https:\/\/compuviper.mx\/tienda\/categoria-producto\/soportes-y-bases-p-tv-proyectores-dvd-consolas-bocinas-pantallas-monotores\/\"},{\"@type\":\"ListItem\",\"position\":4,\"name\":\"Soporte Y Base Para Tv\/pantallas\/monitores\/kiosko\",\"item\":\"https:\/\/compuviper.mx\/tienda\/categoria-producto\/soportes-y-bases-p-tv-proyectores-dvd-consolas-bocinas-pantallas-monotores\/soporte-y-base-para-tv-pantallas-monitores-kiosko\/\"},{\"@type\":\"ListItem\",\"position\":5,\"name\":\"Manhattan 461702 Soporte Tv,,, P\/videowall 70kg, 45 A 70 Econmico\"}]},{\"@type\":\"WebSite\",\"@id\":\"https:\/\/compuviper.mx\/tienda\/#website\",\"url\":\"https:\/\/compuviper.mx\/tienda\/\",\"name\":\"Compuviper\",\"description\":\"Proveedor de Computadoras, Laptops, Servidores, Monitores, Puntos de Venta, Teclados,   Impresoras, T\u00f3ner, C\u00e1maras de Seguridad y m\u00e1s en tu tienda en l\u00ednea\",\"publisher\":{\"@id\":\"https:\/\/compuviper.mx\/tienda\/#organization\"},\"potentialAction\":[{\"@type\":\"SearchAction\",\"target\":{\"@type\":\"EntryPoint\",\"urlTemplate\":\"https:\/\/compuviper.mx\/tienda\/?s={search_term_string}\"},\"query-input\":\"required name=search_term_string\"}],\"inLanguage\":\"es-MX\"},{\"@type\":\"Organization\",\"@id\":\"https:\/\/compuviper.mx\/tienda\/#organization\",\"name\":\"Compuviper\",\"url\":\"https:\/\/compuviper.mx\/tienda\/\",\"logo\":{\"@type\":\"ImageObject\",\"inLanguage\":\"es-MX\",\"@id\":\"https:\/\/compuviper.mx\/tienda\/#\/schema\/logo\/image\/\",\"url\":\"https:\/\/compuviper.mx\/tienda\/wp-content\/uploads\/2021\/08\/Logo-Compuviper-10.png\",\"contentUrl\":\"https:\/\/compuviper.mx\/tienda\/wp-content\/uploads\/2021\/08\/Logo-Compuviper-10.png\",\"width\":1000,\"height\":500,\"caption\":\"Compuviper\"},\"image\":{\"@id\":\"https:\/\/compuviper.mx\/tienda\/#\/schema\/logo\/image\/\"},\"sameAs\":[\"https:\/\/www.facebook.com\/compuviper\",\"https:\/\/www.youtube.com\/channel\/UCf73dERp9Y3cfOq7q8BhLjA?view_as=subscriber\"]}]}<\/script>\n<meta property=\"product:brand\" content=\"MANHATTAN\" \/>\n<meta property=\"product:price:amount\" content=\"1702\" \/>\n<meta property=\"product:price:currency\" content=\"MXN\" \/>\n<meta property=\"og:availability\" content=\"instock\" \/>\n<meta property=\"product:availability\" content=\"instock\" \/>\n<meta property=\"product:retailer_item_id\" content=\"461702\" \/>\n<meta property=\"product:condition\" content=\"new\" \/>\n<!-- \/ Yoast SEO plugin. -->","yoast_head_json":{"title":"[ Manhattan ] &#129351; 461702 Soporte Tv,,, P\/videowall 70kg, 45 A 70 Econmico","description":"Compra 461702 Soporte Tv,,, P\/videowall 70kg, 45 A 70 Econmico + Env\u00edo a domicilio + Pago seguro + Garant\u00eda","robots":{"index":"index","follow":"follow","max-snippet":"max-snippet:-1","max-image-preview":"max-image-preview:large","max-video-preview":"max-video-preview:-1"},"canonical":"https:\/\/compuviper.mx\/tienda\/producto\/manhattan-461702-soporte-tv-p-videowall-70kg-45-a-70-econmico\/","og_locale":"es_MX","og_type":"article","og_title":"[ Manhattan ] &#129351; 461702 Soporte Tv,,, P\/videowall 70kg, 45 A 70 Econmico","og_description":"Compra 461702 Soporte Tv,,, P\/videowall 70kg, 45 A 70 Econmico + Env\u00edo a domicilio + Pago seguro + Garant\u00eda","og_url":"https:\/\/compuviper.mx\/tienda\/producto\/manhattan-461702-soporte-tv-p-videowall-70kg-45-a-70-econmico\/","og_site_name":"Compuviper","article_publisher":"https:\/\/www.facebook.com\/compuviper","og_image":[{"width":200,"height":200,"url":"https:\/\/compuviper.mx\/tienda\/wp-content\/uploads\/2023\/12\/Soporte-tvmanhattan461702-pvideowall-70kg-45-a-70-econmico.jpg","type":"image\/jpeg"}],"twitter_card":"summary_large_image","twitter_misc":{"Precio":"&#36;1,702 con IVA","Availability":"In stock"},"schema":{"@context":"https:\/\/schema.org","@graph":[{"@type":"WebPage","@id":"https:\/\/compuviper.mx\/tienda\/producto\/manhattan-461702-soporte-tv-p-videowall-70kg-45-a-70-econmico\/","url":"https:\/\/compuviper.mx\/tienda\/producto\/manhattan-461702-soporte-tv-p-videowall-70kg-45-a-70-econmico\/","name":"[ Manhattan ] &#129351; 461702 Soporte Tv,,, P\/videowall 70kg, 45 A 70 Econmico","isPartOf":{"@id":"https:\/\/compuviper.mx\/tienda\/#website"},"datePublished":"2026-04-07T05:34:25+00:00","dateModified":"2026-04-07T05:34:25+00:00","description":"Compra 461702 Soporte Tv,,, P\/videowall 70kg, 45 A 70 Econmico + Env\u00edo a domicilio + Pago seguro + Garant\u00eda","breadcrumb":{"@id":"https:\/\/compuviper.mx\/tienda\/producto\/manhattan-461702-soporte-tv-p-videowall-70kg-45-a-70-econmico\/#breadcrumb"},"inLanguage":"es-MX","potentialAction":[{"@type":"ReadAction","target":["https:\/\/compuviper.mx\/tienda\/producto\/manhattan-461702-soporte-tv-p-videowall-70kg-45-a-70-econmico\/"]}]},{"@type":"BreadcrumbList","@id":"https:\/\/compuviper.mx\/tienda\/producto\/manhattan-461702-soporte-tv-p-videowall-70kg-45-a-70-econmico\/#breadcrumb","itemListElement":[{"@type":"ListItem","position":1,"name":"Inicio","item":"https:\/\/compuviper.mx\/tienda\/"},{"@type":"ListItem","position":2,"name":"Productos","item":"https:\/\/compuviper.mx\/tienda\/productos\/"},{"@type":"ListItem","position":3,"name":"Soportes Y Bases P\/tv\/ Proyectores\/dvd\/consolas\/bocinas\/pantallas\/monotores","item":"https:\/\/compuviper.mx\/tienda\/categoria-producto\/soportes-y-bases-p-tv-proyectores-dvd-consolas-bocinas-pantallas-monotores\/"},{"@type":"ListItem","position":4,"name":"Soporte Y Base Para Tv\/pantallas\/monitores\/kiosko","item":"https:\/\/compuviper.mx\/tienda\/categoria-producto\/soportes-y-bases-p-tv-proyectores-dvd-consolas-bocinas-pantallas-monotores\/soporte-y-base-para-tv-pantallas-monitores-kiosko\/"},{"@type":"ListItem","position":5,"name":"Manhattan 461702 Soporte Tv,,, P\/videowall 70kg, 45 A 70 Econmico"}]},{"@type":"WebSite","@id":"https:\/\/compuviper.mx\/tienda\/#website","url":"https:\/\/compuviper.mx\/tienda\/","name":"Compuviper","description":"Proveedor de Computadoras, Laptops, Servidores, Monitores, Puntos de Venta, Teclados,   Impresoras, T\u00f3ner, C\u00e1maras de Seguridad y m\u00e1s en tu tienda en l\u00ednea","publisher":{"@id":"https:\/\/compuviper.mx\/tienda\/#organization"},"potentialAction":[{"@type":"SearchAction","target":{"@type":"EntryPoint","urlTemplate":"https:\/\/compuviper.mx\/tienda\/?s={search_term_string}"},"query-input":"required name=search_term_string"}],"inLanguage":"es-MX"},{"@type":"Organization","@id":"https:\/\/compuviper.mx\/tienda\/#organization","name":"Compuviper","url":"https:\/\/compuviper.mx\/tienda\/","logo":{"@type":"ImageObject","inLanguage":"es-MX","@id":"https:\/\/compuviper.mx\/tienda\/#\/schema\/logo\/image\/","url":"https:\/\/compuviper.mx\/tienda\/wp-content\/uploads\/2021\/08\/Logo-Compuviper-10.png","contentUrl":"https:\/\/compuviper.mx\/tienda\/wp-content\/uploads\/2021\/08\/Logo-Compuviper-10.png","width":1000,"height":500,"caption":"Compuviper"},"image":{"@id":"https:\/\/compuviper.mx\/tienda\/#\/schema\/logo\/image\/"},"sameAs":["https:\/\/www.facebook.com\/compuviper","https:\/\/www.youtube.com\/channel\/UCf73dERp9Y3cfOq7q8BhLjA?view_as=subscriber"]}]},"product_brand":"MANHATTAN","product_price_amount":"1702","product_price_currency":"MXN","og_availability":"instock","product_availability":"instock","product_retailer_item_id":"461702","product_condition":"new"},"_links":{"self":[{"href":"https:\/\/compuviper.mx\/tienda\/wp-json\/wp\/v2\/product\/212621"}],"collection":[{"href":"https:\/\/compuviper.mx\/tienda\/wp-json\/wp\/v2\/product"}],"about":[{"href":"https:\/\/compuviper.mx\/tienda\/wp-json\/wp\/v2\/types\/product"}],"replies":[{"embeddable":true,"href":"https:\/\/compuviper.mx\/tienda\/wp-json\/wp\/v2\/comments?post=212621"}],"wp:featuredmedia":[{"embeddable":true,"href":"https:\/\/compuviper.mx\/tienda\/wp-json\/wp\/v2\/media\/212622"}],"wp:attachment":[{"href":"https:\/\/compuviper.mx\/tienda\/wp-json\/wp\/v2\/media?parent=212621"}],"wp:term":[{"taxonomy":"product_cat","embeddable":true,"href":"https:\/\/compuviper.mx\/tienda\/wp-json\/wp\/v2\/product_cat?post=212621"},{"taxonomy":"product_tag","embeddable":true,"href":"https:\/\/compuviper.mx\/tienda\/wp-json\/wp\/v2\/product_tag?post=212621"}],"curies":[{"name":"wp","href":"https:\/\/api.w.org\/{rel}","templated":true}]}}