{"id":212595,"date":"2026-04-01T23:34:08","date_gmt":"2026-04-02T05:34:08","guid":{"rendered":"https:\/\/compuviper.mx\/tienda\/producto\/startech-com-hbs304a24a-switch-conmutador-usb-3-0-4x4-para-compartir-dispositivos-perifricos-mod\/"},"modified":"2026-04-01T23:34:08","modified_gmt":"2026-04-02T05:34:08","slug":"startech-com-hbs304a24a-switch-conmutador-usb-3-0-4x4-para-compartir-dispositivos-perifricos-mod","status":"publish","type":"product","link":"https:\/\/compuviper.mx\/tienda\/producto\/startech-com-hbs304a24a-switch-conmutador-usb-3-0-4x4-para-compartir-dispositivos-perifricos-mod\/","title":{"rendered":"Startech.com Hbs304a24a Switch Conmutador Usb 3.0 4&#215;4 Para Compartir Dispositivos Perif?ricos &#8211;  Mod."},"content":{"rendered":"<table class=\"descripcion\">\n<tr>\n<td>Caracteristicas fisicas<\/td>\n<\/tr>\n<tr>\n<td>Altura: 2.6 cm<\/td>\n<\/tr>\n<tr>\n<td>Ancho: 94 mm<\/td>\n<\/tr>\n<tr>\n<td>Color: negro<\/td>\n<\/tr>\n<tr>\n<td>Factor de forma : compacto<\/td>\n<\/tr>\n<tr>\n<td>Longitud: 94 mm<\/td>\n<\/tr>\n<tr>\n<td>Peso: 124 g<\/td>\n<\/tr>\n<tr>\n<td>Tipo de gabinete: plastico<\/td>\n<\/tr>\n<tr>\n<td>Conectores<\/td>\n<\/tr>\n<tr>\n<td>Puertos externos : usb micro-b 5 pin power<\/td>\n<\/tr>\n<tr>\n<td>Puertos externos : usb type-a 9 pines usb 3.0<\/td>\n<\/tr>\n<tr>\n<td>Puertos externos : usb type-b 9 pines usb 3.0<\/td>\n<\/tr>\n<tr>\n<td>Hardware<\/td>\n<\/tr>\n<tr>\n<td>Cantidad de puertos : 4<\/td>\n<\/tr>\n<tr>\n<td>Conexion anfitrion usb-c: no<\/td>\n<\/tr>\n<tr>\n<td>Interfa : usb 3.1 gen 1<\/td>\n<\/tr>\n<tr>\n<td>Puertos de carga rapida: no<\/td>\n<\/tr>\n<tr>\n<td>Puertos de dispositivos usb-c: no<\/td>\n<\/tr>\n<tr>\n<td>Tipo de bus: usb 3.0<\/td>\n<\/tr>\n<tr>\n<td>Indicadores<\/td>\n<\/tr>\n<tr>\n<td>Indicadores led: indicadores de seleccion del ordenador<\/td>\n<\/tr>\n<tr>\n<td>Observaciones \/ requisitos<\/td>\n<\/tr>\n<tr>\n<td>Nota : el switch no requiere una fuente externa de alimentacion, ya que la obtiene de las computadoras a las que se conecta.<\/td>\n<\/tr>\n<tr>\n<td>Rendimiento<\/td>\n<\/tr>\n<tr>\n<td>Requisitos de alimentacion opcional: requisitos de alimentacion opcional: 5v 2a<\/td>\n<\/tr>\n<tr>\n<td>Tasa de transferencia de datos maxima: 5 gbps<\/td>\n<\/tr>\n<tr>\n<td>Tipo y velocidad : usb 3.0 &#8211; 5 gbit\/s<\/td>\n<\/tr>\n<\/table>\n","protected":false},"excerpt":{"rendered":"<p>Caracteristicas fisicas. Altura: 2.6 cm. Ancho: 94 mm. Color: negro. Factor de forma : compacto. Longitud: 94 mm. Peso: 124 g. Tipo de gabinete: plastico. Conectores. Puertos externos : usb micro-b 5 pin power. Puertos externos : usb type-a 9 pines usb 3.0. Puertos externos : usb type-b 9 pines usb 3.0. Hardware. Cantidad de puertos : 4. Conexion anfitrion usb-c: no. Interfa : usb 3.1 gen 1. Puertos de carga rapida: no. Puertos de dispositivos usb-c: no. Tipo de bus: usb 3.0. Indicadores. Indicadores led: indicadores de seleccion del ordenador. Observaciones \/ requisitos. Nota : el switch no requiere una fuente externa de alimentacion, ya que la obtiene de las computadoras a las que se conecta. Rendimiento. Requisitos de alimentacion opcional: requisitos de alimentacion opcional: 5v 2a. Tasa de transferencia de datos maxima: 5 gbps. Tipo y velocidad : usb 3.0 &#8211; 5 gbit\/s. Este conmutador 4&#215;4 para uso compartido de perifericos usb 3.0 le permite compartir hasta cuatro dispositivos perifericos usb 3.0 entre cuatro computadoras, lo cual constituye una solucion economica para crear un area de trabajo productiva y con mejor aprovechamiento del espacio. Disfrute de rapidas transferencias hacia y desde sus dispositivos perifericos compartidos. El conmutador usb es compatible con usb 3.0 hasta 5gbps, lo cual significa compatibilidad con alto ancho de banda para dispositivos como discos duros externos y camaras web. El conmutador usb 3.0 tambien es retrocompatible con usb 2.0\/1.1 y funciona con dispositivos de generacion anterior. El conmutador usb\u00a0plug-and-play es de facil uso, no requiere controladores ni software. Incluye un selector de puerto remoto que le permite cambiar entre dispositivos perifericos desde una computadora a otra, con tan solo pulsar un boton. El indicador led muestra la computadora activa.<\/p>\n","protected":false},"featured_media":212596,"comment_status":"open","ping_status":"open","template":"","meta":[],"product_cat":[1485,1506],"product_tag":[1590],"acf":[],"yoast_head":"<!-- This site is optimized with the Yoast SEO plugin v21.7 - https:\/\/yoast.com\/wordpress\/plugins\/seo\/ -->\n<title>[ Startech.com ] &#129351; Hbs304a24a Switch Conmutador Usb 3.0 4x4 Para Compartir Dispositivos Perif\u00e9ricos - Mod.<\/title>\n<meta name=\"description\" content=\"Compra Hbs304a24a Switch Conmutador Usb 3.0 4x4 Para Compartir Dispositivos Perif\u00e9ricos - Mod. + Env\u00edo a domicilio + Pago seguro + Garant\u00eda\" \/>\n<meta name=\"robots\" content=\"index, follow, max-snippet:-1, max-image-preview:large, max-video-preview:-1\" \/>\n<link rel=\"canonical\" href=\"https:\/\/compuviper.mx\/tienda\/producto\/startech-com-hbs304a24a-switch-conmutador-usb-3-0-4x4-para-compartir-dispositivos-perifricos-mod\/\" \/>\n<meta property=\"og:locale\" content=\"es_MX\" \/>\n<meta property=\"og:type\" content=\"article\" \/>\n<meta property=\"og:title\" content=\"[ Startech.com ] &#129351; Hbs304a24a Switch Conmutador Usb 3.0 4x4 Para Compartir Dispositivos Perif\u00e9ricos - Mod.\" \/>\n<meta property=\"og:description\" content=\"Compra Hbs304a24a Switch Conmutador Usb 3.0 4x4 Para Compartir Dispositivos Perif\u00e9ricos - Mod. + Env\u00edo a domicilio + Pago seguro + Garant\u00eda\" \/>\n<meta property=\"og:url\" content=\"https:\/\/compuviper.mx\/tienda\/producto\/startech-com-hbs304a24a-switch-conmutador-usb-3-0-4x4-para-compartir-dispositivos-perifricos-mod\/\" \/>\n<meta property=\"og:site_name\" content=\"Compuviper\" \/>\n<meta property=\"article:publisher\" content=\"https:\/\/www.facebook.com\/compuviper\" \/>\n<meta property=\"og:image\" content=\"https:\/\/compuviper.mx\/tienda\/wp-content\/uploads\/2023\/12\/Switch-conmutador-usb-3.0-4x4-para-compartir-dispositivos-perifericos-startech.com-mod.-hbs304a24a.jpg\" \/>\n\t<meta property=\"og:image:width\" content=\"200\" \/>\n\t<meta property=\"og:image:height\" content=\"200\" \/>\n\t<meta property=\"og:image:type\" content=\"image\/jpeg\" \/>\n<meta name=\"twitter:card\" content=\"summary_large_image\" \/>\n<meta name=\"twitter:label1\" content=\"Precio\" \/>\n\t<meta name=\"twitter:data1\" content=\"&#36;2,118 con IVA\" \/>\n\t<meta name=\"twitter:label2\" content=\"Availability\" \/>\n\t<meta name=\"twitter:data2\" content=\"In stock\" \/>\n<script type=\"application\/ld+json\" class=\"yoast-schema-graph\">{\"@context\":\"https:\/\/schema.org\",\"@graph\":[{\"@type\":\"WebPage\",\"@id\":\"https:\/\/compuviper.mx\/tienda\/producto\/startech-com-hbs304a24a-switch-conmutador-usb-3-0-4x4-para-compartir-dispositivos-perifricos-mod\/\",\"url\":\"https:\/\/compuviper.mx\/tienda\/producto\/startech-com-hbs304a24a-switch-conmutador-usb-3-0-4x4-para-compartir-dispositivos-perifricos-mod\/\",\"name\":\"[ Startech.com ] &#129351; Hbs304a24a Switch Conmutador Usb 3.0 4x4 Para Compartir Dispositivos Perif\u00e9ricos - Mod.\",\"isPartOf\":{\"@id\":\"https:\/\/compuviper.mx\/tienda\/#website\"},\"datePublished\":\"2026-04-02T05:34:08+00:00\",\"dateModified\":\"2026-04-02T05:34:08+00:00\",\"description\":\"Compra Hbs304a24a Switch Conmutador Usb 3.0 4x4 Para Compartir Dispositivos Perif\u00e9ricos - Mod. + Env\u00edo a domicilio + Pago seguro + Garant\u00eda\",\"breadcrumb\":{\"@id\":\"https:\/\/compuviper.mx\/tienda\/producto\/startech-com-hbs304a24a-switch-conmutador-usb-3-0-4x4-para-compartir-dispositivos-perifricos-mod\/#breadcrumb\"},\"inLanguage\":\"es-MX\",\"potentialAction\":[{\"@type\":\"ReadAction\",\"target\":[\"https:\/\/compuviper.mx\/tienda\/producto\/startech-com-hbs304a24a-switch-conmutador-usb-3-0-4x4-para-compartir-dispositivos-perifricos-mod\/\"]}]},{\"@type\":\"BreadcrumbList\",\"@id\":\"https:\/\/compuviper.mx\/tienda\/producto\/startech-com-hbs304a24a-switch-conmutador-usb-3-0-4x4-para-compartir-dispositivos-perifricos-mod\/#breadcrumb\",\"itemListElement\":[{\"@type\":\"ListItem\",\"position\":1,\"name\":\"Inicio\",\"item\":\"https:\/\/compuviper.mx\/tienda\/\"},{\"@type\":\"ListItem\",\"position\":2,\"name\":\"Productos\",\"item\":\"https:\/\/compuviper.mx\/tienda\/productos\/\"},{\"@type\":\"ListItem\",\"position\":3,\"name\":\"Accesorios\",\"item\":\"https:\/\/compuviper.mx\/tienda\/categoria-producto\/accesorios\/\"},{\"@type\":\"ListItem\",\"position\":4,\"name\":\"Conectividad\",\"item\":\"https:\/\/compuviper.mx\/tienda\/categoria-producto\/accesorios\/conectividad\/\"},{\"@type\":\"ListItem\",\"position\":5,\"name\":\"Startech.com Hbs304a24a Switch Conmutador Usb 3.0 4&#215;4 Para Compartir Dispositivos Perif?ricos &#8211; Mod.\"}]},{\"@type\":\"WebSite\",\"@id\":\"https:\/\/compuviper.mx\/tienda\/#website\",\"url\":\"https:\/\/compuviper.mx\/tienda\/\",\"name\":\"Compuviper\",\"description\":\"Proveedor de Computadoras, Laptops, Servidores, Monitores, Puntos de Venta, Teclados,   Impresoras, T\u00f3ner, C\u00e1maras de Seguridad y m\u00e1s en tu tienda en l\u00ednea\",\"publisher\":{\"@id\":\"https:\/\/compuviper.mx\/tienda\/#organization\"},\"potentialAction\":[{\"@type\":\"SearchAction\",\"target\":{\"@type\":\"EntryPoint\",\"urlTemplate\":\"https:\/\/compuviper.mx\/tienda\/?s={search_term_string}\"},\"query-input\":\"required name=search_term_string\"}],\"inLanguage\":\"es-MX\"},{\"@type\":\"Organization\",\"@id\":\"https:\/\/compuviper.mx\/tienda\/#organization\",\"name\":\"Compuviper\",\"url\":\"https:\/\/compuviper.mx\/tienda\/\",\"logo\":{\"@type\":\"ImageObject\",\"inLanguage\":\"es-MX\",\"@id\":\"https:\/\/compuviper.mx\/tienda\/#\/schema\/logo\/image\/\",\"url\":\"https:\/\/compuviper.mx\/tienda\/wp-content\/uploads\/2021\/08\/Logo-Compuviper-10.png\",\"contentUrl\":\"https:\/\/compuviper.mx\/tienda\/wp-content\/uploads\/2021\/08\/Logo-Compuviper-10.png\",\"width\":1000,\"height\":500,\"caption\":\"Compuviper\"},\"image\":{\"@id\":\"https:\/\/compuviper.mx\/tienda\/#\/schema\/logo\/image\/\"},\"sameAs\":[\"https:\/\/www.facebook.com\/compuviper\",\"https:\/\/www.youtube.com\/channel\/UCf73dERp9Y3cfOq7q8BhLjA?view_as=subscriber\"]}]}<\/script>\n<meta property=\"product:brand\" content=\"STARTECH.COM\" \/>\n<meta property=\"product:price:amount\" content=\"2118\" \/>\n<meta property=\"product:price:currency\" content=\"MXN\" \/>\n<meta property=\"og:availability\" content=\"instock\" \/>\n<meta property=\"product:availability\" content=\"instock\" \/>\n<meta property=\"product:retailer_item_id\" content=\"HBS304A24A\" \/>\n<meta property=\"product:condition\" content=\"new\" \/>\n<!-- \/ Yoast SEO plugin. -->","yoast_head_json":{"title":"[ Startech.com ] &#129351; Hbs304a24a Switch Conmutador Usb 3.0 4x4 Para Compartir Dispositivos Perif\u00e9ricos - Mod.","description":"Compra Hbs304a24a Switch Conmutador Usb 3.0 4x4 Para Compartir Dispositivos Perif\u00e9ricos - Mod. + Env\u00edo a domicilio + Pago seguro + Garant\u00eda","robots":{"index":"index","follow":"follow","max-snippet":"max-snippet:-1","max-image-preview":"max-image-preview:large","max-video-preview":"max-video-preview:-1"},"canonical":"https:\/\/compuviper.mx\/tienda\/producto\/startech-com-hbs304a24a-switch-conmutador-usb-3-0-4x4-para-compartir-dispositivos-perifricos-mod\/","og_locale":"es_MX","og_type":"article","og_title":"[ Startech.com ] &#129351; Hbs304a24a Switch Conmutador Usb 3.0 4x4 Para Compartir Dispositivos Perif\u00e9ricos - Mod.","og_description":"Compra Hbs304a24a Switch Conmutador Usb 3.0 4x4 Para Compartir Dispositivos Perif\u00e9ricos - Mod. + Env\u00edo a domicilio + Pago seguro + Garant\u00eda","og_url":"https:\/\/compuviper.mx\/tienda\/producto\/startech-com-hbs304a24a-switch-conmutador-usb-3-0-4x4-para-compartir-dispositivos-perifricos-mod\/","og_site_name":"Compuviper","article_publisher":"https:\/\/www.facebook.com\/compuviper","og_image":[{"width":200,"height":200,"url":"https:\/\/compuviper.mx\/tienda\/wp-content\/uploads\/2023\/12\/Switch-conmutador-usb-3.0-4x4-para-compartir-dispositivos-perifericos-startech.com-mod.-hbs304a24a.jpg","type":"image\/jpeg"}],"twitter_card":"summary_large_image","twitter_misc":{"Precio":"&#36;2,118 con IVA","Availability":"In stock"},"schema":{"@context":"https:\/\/schema.org","@graph":[{"@type":"WebPage","@id":"https:\/\/compuviper.mx\/tienda\/producto\/startech-com-hbs304a24a-switch-conmutador-usb-3-0-4x4-para-compartir-dispositivos-perifricos-mod\/","url":"https:\/\/compuviper.mx\/tienda\/producto\/startech-com-hbs304a24a-switch-conmutador-usb-3-0-4x4-para-compartir-dispositivos-perifricos-mod\/","name":"[ Startech.com ] &#129351; Hbs304a24a Switch Conmutador Usb 3.0 4x4 Para Compartir Dispositivos Perif\u00e9ricos - Mod.","isPartOf":{"@id":"https:\/\/compuviper.mx\/tienda\/#website"},"datePublished":"2026-04-02T05:34:08+00:00","dateModified":"2026-04-02T05:34:08+00:00","description":"Compra Hbs304a24a Switch Conmutador Usb 3.0 4x4 Para Compartir Dispositivos Perif\u00e9ricos - Mod. + Env\u00edo a domicilio + Pago seguro + Garant\u00eda","breadcrumb":{"@id":"https:\/\/compuviper.mx\/tienda\/producto\/startech-com-hbs304a24a-switch-conmutador-usb-3-0-4x4-para-compartir-dispositivos-perifricos-mod\/#breadcrumb"},"inLanguage":"es-MX","potentialAction":[{"@type":"ReadAction","target":["https:\/\/compuviper.mx\/tienda\/producto\/startech-com-hbs304a24a-switch-conmutador-usb-3-0-4x4-para-compartir-dispositivos-perifricos-mod\/"]}]},{"@type":"BreadcrumbList","@id":"https:\/\/compuviper.mx\/tienda\/producto\/startech-com-hbs304a24a-switch-conmutador-usb-3-0-4x4-para-compartir-dispositivos-perifricos-mod\/#breadcrumb","itemListElement":[{"@type":"ListItem","position":1,"name":"Inicio","item":"https:\/\/compuviper.mx\/tienda\/"},{"@type":"ListItem","position":2,"name":"Productos","item":"https:\/\/compuviper.mx\/tienda\/productos\/"},{"@type":"ListItem","position":3,"name":"Accesorios","item":"https:\/\/compuviper.mx\/tienda\/categoria-producto\/accesorios\/"},{"@type":"ListItem","position":4,"name":"Conectividad","item":"https:\/\/compuviper.mx\/tienda\/categoria-producto\/accesorios\/conectividad\/"},{"@type":"ListItem","position":5,"name":"Startech.com Hbs304a24a Switch Conmutador Usb 3.0 4&#215;4 Para Compartir Dispositivos Perif?ricos &#8211; Mod."}]},{"@type":"WebSite","@id":"https:\/\/compuviper.mx\/tienda\/#website","url":"https:\/\/compuviper.mx\/tienda\/","name":"Compuviper","description":"Proveedor de Computadoras, Laptops, Servidores, Monitores, Puntos de Venta, Teclados,   Impresoras, T\u00f3ner, C\u00e1maras de Seguridad y m\u00e1s en tu tienda en l\u00ednea","publisher":{"@id":"https:\/\/compuviper.mx\/tienda\/#organization"},"potentialAction":[{"@type":"SearchAction","target":{"@type":"EntryPoint","urlTemplate":"https:\/\/compuviper.mx\/tienda\/?s={search_term_string}"},"query-input":"required name=search_term_string"}],"inLanguage":"es-MX"},{"@type":"Organization","@id":"https:\/\/compuviper.mx\/tienda\/#organization","name":"Compuviper","url":"https:\/\/compuviper.mx\/tienda\/","logo":{"@type":"ImageObject","inLanguage":"es-MX","@id":"https:\/\/compuviper.mx\/tienda\/#\/schema\/logo\/image\/","url":"https:\/\/compuviper.mx\/tienda\/wp-content\/uploads\/2021\/08\/Logo-Compuviper-10.png","contentUrl":"https:\/\/compuviper.mx\/tienda\/wp-content\/uploads\/2021\/08\/Logo-Compuviper-10.png","width":1000,"height":500,"caption":"Compuviper"},"image":{"@id":"https:\/\/compuviper.mx\/tienda\/#\/schema\/logo\/image\/"},"sameAs":["https:\/\/www.facebook.com\/compuviper","https:\/\/www.youtube.com\/channel\/UCf73dERp9Y3cfOq7q8BhLjA?view_as=subscriber"]}]},"product_brand":"STARTECH.COM","product_price_amount":"2118","product_price_currency":"MXN","og_availability":"instock","product_availability":"instock","product_retailer_item_id":"HBS304A24A","product_condition":"new"},"_links":{"self":[{"href":"https:\/\/compuviper.mx\/tienda\/wp-json\/wp\/v2\/product\/212595"}],"collection":[{"href":"https:\/\/compuviper.mx\/tienda\/wp-json\/wp\/v2\/product"}],"about":[{"href":"https:\/\/compuviper.mx\/tienda\/wp-json\/wp\/v2\/types\/product"}],"replies":[{"embeddable":true,"href":"https:\/\/compuviper.mx\/tienda\/wp-json\/wp\/v2\/comments?post=212595"}],"wp:featuredmedia":[{"embeddable":true,"href":"https:\/\/compuviper.mx\/tienda\/wp-json\/wp\/v2\/media\/212596"}],"wp:attachment":[{"href":"https:\/\/compuviper.mx\/tienda\/wp-json\/wp\/v2\/media?parent=212595"}],"wp:term":[{"taxonomy":"product_cat","embeddable":true,"href":"https:\/\/compuviper.mx\/tienda\/wp-json\/wp\/v2\/product_cat?post=212595"},{"taxonomy":"product_tag","embeddable":true,"href":"https:\/\/compuviper.mx\/tienda\/wp-json\/wp\/v2\/product_tag?post=212595"}],"curies":[{"name":"wp","href":"https:\/\/api.w.org\/{rel}","templated":true}]}}